{"id":5747,"date":"2015-06-01T22:15:49","date_gmt":"2015-06-02T03:15:49","guid":{"rendered":"https:\/\/learnspanishinperu.net\/spaans-online\/"},"modified":"2025-07-31T19:37:15","modified_gmt":"2025-08-01T00:37:15","slug":"spanish-online","status":"publish","type":"page","link":"https:\/\/learnspanishinperu.net\/nl\/spanish-online\/","title":{"rendered":"Online Spaans"},"content":{"rendered":"\n<div class=\"wp-block-group\"><div class=\"wp-block-group__inner-container is-layout-flow wp-block-group-is-layout-flow\">\n<div class=\"wp-block-cover alignfull is-light has-parallax\" style=\"min-height:460px;aspect-ratio:unset;\"><div class=\"wp-block-cover__image-background wp-image-16007 has-parallax lazyload\" style=\"background-position:50% 50%;background-image:inherit\" data-bg-image=\"url(https:\/\/learnspanishinperu.net\/wp-content\/uploads\/2020\/07\/DSC03425-scaled.jpg)\"><\/div><span aria-hidden=\"true\" class=\"wp-block-cover__background has-background-dim-10 has-background-dim\"><\/span><div class=\"wp-block-cover__inner-container is-layout-flow wp-block-cover-is-layout-flow\">\n<h1 class=\"wp-block-heading has-text-align-center has-white-color has-text-color\" id=\"online-spaans-programmas\" style=\"font-size:60px\">Online Spaans programmas<\/h1>\n\n\n\n<p class=\"has-text-align-center has-white-color has-text-color has-5-xl-font-size\"><em>Leer Spaans vanuit huis!<\/em><\/p>\n<\/div><\/div>\n\n\n\n<div style=\"height:10px\" aria-hidden=\"true\" class=\"wp-block-spacer\"><\/div>\n\n\n\n<blockquote class=\"wp-block-quote has-text-align-center is-style-large is-style-plain has-2-xl-font-size is-layout-flow wp-block-quote-is-layout-flow\">\n<p>Online Spaans cursus met priv\u00e9-leraar<\/p>\n<cite><strong>Spaans online!<\/strong> Gemakkelijk, persoonlijke service en beter en goedkoper zelfs dan groepslessen in je eigen land! <br \/><strong>Spaans online!<\/strong> Spaans leren wanneer je maar wilt, met de intensiteit die je zelf wilt en vanuit je eigen huis.<\/cite><\/blockquote>\n\n\n\n<div style=\"height:20px\" aria-hidden=\"true\" class=\"wp-block-spacer\"><\/div>\n\n\n\n<div class=\"wp-block-group has-background\" style=\"background-color:#e7e7e7\"><div class=\"wp-block-group__inner-container is-layout-flow wp-block-group-is-layout-flow\">\n<h2 class=\"wp-block-heading has-text-align-center\" id=\"online-spaans-cursus\">Online Spaans cursus<\/h2>\n\n\n\n<p>Wij zijn ervan overtuigd dat iedereen die graag een taal snel en effectief wilt leren, het volgende nodig heeft:<\/p>\n\n\n<div class=\"wp-block-image is-style-bottom-wave\">\n<figure class=\"alignright size-medium\"><img decoding=\"async\" width=\"300\" height=\"200\" data-src=\"https:\/\/learnspanishinperu.net\/wp-content\/uploads\/2020\/07\/qtq80-pChJIr-300x200.jpeg\" alt=\"\" class=\"wp-image-15998 lazyload\" data-srcset=\"https:\/\/learnspanishinperu.net\/wp-content\/uploads\/2020\/07\/qtq80-pChJIr-300x200.jpeg 300w, https:\/\/learnspanishinperu.net\/wp-content\/uploads\/2020\/07\/qtq80-pChJIr-1024x683.jpeg 1024w, https:\/\/learnspanishinperu.net\/wp-content\/uploads\/2020\/07\/qtq80-pChJIr-768x512.jpeg 768w, https:\/\/learnspanishinperu.net\/wp-content\/uploads\/2020\/07\/qtq80-pChJIr.jpeg 1254w\" data-sizes=\"(max-width: 300px) 100vw, 300px\" src=\"data:image\/svg+xml;base64,PHN2ZyB3aWR0aD0iMSIgaGVpZ2h0PSIxIiB4bWxucz0iaHR0cDovL3d3dy53My5vcmcvMjAwMC9zdmciPjwvc3ZnPg==\" style=\"--smush-placeholder-width: 300px; --smush-placeholder-aspect-ratio: 300\/200;\" \/><\/figure>\n<\/div>\n\n\n<ul class=\"wp-block-list\">\n<li>Een&nbsp;<strong>individuele aanpak<\/strong>: lessen op maat gemaakt naar jouw capaciteiten, behoeften en wensen<\/li>\n\n\n\n<li>Priv\u00e9 lessen, je eigen&nbsp;<strong>priv\u00e9-leraar<\/strong><\/li>\n\n\n\n<li>Direct in&nbsp;<strong>gesprek<\/strong>&nbsp;met native Spaans leraren, om je luister- en spreekvaardigheid te oefenen. Hoe meer gesprekken je voert, des te sneller spreek je Spaans<\/li>\n\n\n\n<li>Een grondige kennis van&nbsp;<strong>grammatica<\/strong>&nbsp;en een grote&nbsp;<strong>woordenschat<\/strong><\/li>\n\n\n\n<li>leren door te doen en er&nbsp;<strong>plezier<\/strong>&nbsp;in hebben!<\/li>\n<\/ul>\n\n\n\n<p>In dit digitale tijdperk kunnen wij uitstekende online lessen verzorgen, ongeacht de afstand. En wij kunnen deze online lessen voor een prijs aanbieden die je niet in jouw eigen land zult vinden!<\/p>\n\n\n\n<p>De online lessen doe je samen met een van onze ervaren, native docenten. Onze&nbsp;<a href=\"https:\/\/learnspanishinperu.net\/nl\/spaans-leren\/methodologie\/\">methodologie<\/a>&nbsp;en materiaal hebben zich reeds bewezen. Volg je online cursus Spaans met&nbsp;<a href=\"https:\/\/learnspanishinperu.net\/nl\/spaanse-school\/mundo-antiguo\/\">Mundo Antiguo<\/a>&nbsp;en kies ervoor om het Spaans snel en effectief te leren.<\/p>\n\n\n\n<div style=\"height:10px\" aria-hidden=\"true\" class=\"wp-block-spacer\"><\/div>\n\n\n\n<h2 class=\"wp-block-heading has-text-align-center\" id=\"online-spaanse-prive-les\">Online Spaanse priv\u00e9-les<\/h2>\n\n\n<div class=\"wp-block-image is-style-bottom-wave\">\n<figure class=\"alignright size-medium\"><img decoding=\"async\" width=\"300\" height=\"200\" data-src=\"https:\/\/learnspanishinperu.net\/wp-content\/uploads\/2020\/04\/qtq80-py7xBl-300x200.jpeg\" alt=\"online spanish programs\" class=\"wp-image-13653 lazyload\" src=\"data:image\/svg+xml;base64,PHN2ZyB3aWR0aD0iMSIgaGVpZ2h0PSIxIiB4bWxucz0iaHR0cDovL3d3dy53My5vcmcvMjAwMC9zdmciPjwvc3ZnPg==\" style=\"--smush-placeholder-width: 300px; --smush-placeholder-aspect-ratio: 300\/200;\" \/><\/figure>\n<\/div>\n\n\n<p>Onze online lessen zijn voor iedereen die Spaans wilt leren, ongeacht je leeftijd, moedertaal en begin niveau. Je hoeft alleen maar een computer en internet te hebben en je kunt beginnen aan je online cursus met ons. Wij zullen je voorzien van een eenvoudige introductie. je hoeft zeker geen computer expert te zijn. Het is zeer eenvoudig, dat garanderen wij je!<\/p>\n\n\n\n<p>De Spaanse lessen zijn met je&nbsp;<strong>priv\u00e9 leraar<\/strong>. En natuurlijk zijn ook al onze online Spaanse leraren&nbsp;<strong>native leerkrachten<\/strong>.<\/p>\n\n\n\n<p>De prijs van onze online Spaanse lessen is NU slechts&nbsp;<strong>$9,50 USD per uur!<\/strong><\/p>\n<\/div><\/div>\n\n\n\n<div style=\"height:60px\" aria-hidden=\"true\" class=\"wp-block-spacer\"><\/div>\n\n\n\n<h2 class=\"wp-block-heading has-text-align-center has-text-color\" style=\"color:#008000\">Schrijf je nu in voor ons online programma!<\/h2>\n\n\n\n<iframe data-src=\"https:\/\/docs.google.com\/forms\/d\/e\/1FAIpQLSfciQvGkpTK0dcbe6hVsGCXrRhW7e9qkUfBW5WBS2x-9WVqDQ\/viewform?embedded=true\" width=\"1240\" height=\"2520\" frameborder=\"0\" marginheight=\"0\" onload=\"window.parent.scrollTo(0,0)\" src=\"data:image\/svg+xml;base64,PHN2ZyB3aWR0aD0iMSIgaGVpZ2h0PSIxIiB4bWxucz0iaHR0cDovL3d3dy53My5vcmcvMjAwMC9zdmciPjwvc3ZnPg==\" class=\"lazyload\" data-load-mode=\"1\">Loading\u2026<\/iframe>\n\n\n\n<div style=\"height:60px\" aria-hidden=\"true\" class=\"wp-block-spacer\"><\/div>\n\n\n\n<div class=\"wp-block-group has-background\" style=\"background-color:#e7e7e7\"><div class=\"wp-block-group__inner-container is-layout-flow wp-block-group-is-layout-flow\">\n<p class=\"has-text-align-center\"><strong>Mundo Antiguo Online Classes is een aparte juridische entiteit van Mundo Antiguo, met een eigen team van medewerkers, betaalmethoden en meer!<\/strong><\/p>\n\n\n\n<p class=\"has-text-align-center\"><em>Mundo Antiguo Online classes <br \/>Urbanizaci\u00f3n Los Angeles B-5<br \/>Contact gegevens:\u00a0\u202a+51\u00a0946683111<\/em><\/p>\n<\/div><\/div>\n\n\n\n<div style=\"height:50px\" aria-hidden=\"true\" class=\"wp-block-spacer\"><\/div>\n<\/div><\/div>\n\n\n\n<div class=\"wp-block-group has-background\" style=\"background-color:#e7e7e7\"><div class=\"wp-block-group__inner-container is-layout-flow wp-block-group-is-layout-flow\">\n<h2 class=\"wp-block-heading has-text-align-center\" id=\"meer-informatie-over-onze-spaans-programma\">Meer informatie over onze Spaans programma?<\/h2>\n\n\n\n<div class=\"wp-block-group\"><div class=\"wp-block-group__inner-container is-layout-flow wp-block-group-is-layout-flow\">\n<div class=\"wp-block-buttons is-horizontal is-content-justification-center is-layout-flex wp-container-core-buttons-is-layout-499968f5 wp-block-buttons-is-layout-flex\">\n<div class=\"wp-block-button\"><a class=\"wp-block-button__link has-background wp-element-button\" href=\"https:\/\/learnspanishinperu.net\/nl\/programmas\/\" style=\"background-color:#008000\">Spaans programmas in Cusco<\/a><\/div>\n\n\n\n<div class=\"wp-block-button\"><a class=\"wp-block-button__link has-background wp-element-button\" href=\"https:\/\/learnspanishinperu.net\/spanish-school\/\" style=\"background-color:#800080\">Mundo Antiguo<\/a><\/div>\n\n\n\n<div class=\"wp-block-button\"><a class=\"wp-block-button__link has-background wp-element-button\" href=\"https:\/\/learnspanishinperu.net\/nl\/prijzen\/\" style=\"background-color:#0000ff\">Prijzen<\/a><\/div>\n\n\n\n<div class=\"wp-block-button\"><a class=\"wp-block-button__link has-background wp-element-button\" href=\"https:\/\/learnspanishinperu.net\/nl\/contact\/\" style=\"background-color:#a52a2a\">Contactinformatie<\/a><\/div>\n<\/div>\n<\/div><\/div>\n<\/div><\/div>\n\n\n\n<div style=\"height:50px\" aria-hidden=\"true\" class=\"wp-block-spacer\"><\/div>\n","protected":false},"excerpt":{"rendered":"<p>Online Spaans cursus met priv\u00e9-leraar Online Spaans cursus Wij zijn ervan overtuigd dat iedereen die graag een taal snel en effectief wilt leren, het volgende nodig heeft: In dit digitale tijdperk kunnen wij uitstekende online lessen verzorgen, ongeacht de afstand. En wij kunnen deze online lessen voor een prijs aanbieden die je niet in jouw&hellip;<\/p>\n<p class=\"more\"><a class=\"more-link\" href=\"https:\/\/learnspanishinperu.net\/nl\/spanish-online\/\">Continue reading <span class=\"screen-reader-text\">Online Spaans<\/span><\/a><\/p>\n","protected":false},"author":1,"featured_media":0,"parent":0,"menu_order":0,"comment_status":"closed","ping_status":"closed","template":"page-templates\/wide.php","meta":{"_coblocks_attr":"","_coblocks_dimensions":"","_coblocks_responsive_height":"","_coblocks_accordion_ie_support":"","footnotes":""},"class_list":["post-5747","page","type-page","status-publish","hentry","entry"],"yoast_head":"<!-- This site is optimized with the Yoast SEO plugin v27.4 - https:\/\/yoast.com\/product\/yoast-seo-wordpress\/ -->\n<title>Online Spaans cursus, priv\u00e9lessen met persoonlijke aanpak<\/title>\n<meta name=\"description\" content=\"Online Spaans lessen met priv\u00e9 leraar. Individuele aanpak, priv\u00e9les met native Spaans leraar. NU slechts $9.50 USD per uur!\" \/>\n<meta name=\"robots\" content=\"index, follow, max-snippet:-1, max-image-preview:large, max-video-preview:-1\" \/>\n<link rel=\"canonical\" href=\"https:\/\/learnspanishinperu.net\/nl\/spanish-online\/\" \/>\n<meta property=\"og:locale\" content=\"nl_NL\" \/>\n<meta property=\"og:type\" content=\"article\" \/>\n<meta property=\"og:title\" content=\"Online Spaans cursus, priv\u00e9lessen met persoonlijke aanpak\" \/>\n<meta property=\"og:description\" content=\"Online Spaans lessen met priv\u00e9 leraar. Individuele aanpak, priv\u00e9les met native Spaans leraar. NU slechts $9.50 USD per uur!\" \/>\n<meta property=\"og:url\" content=\"https:\/\/learnspanishinperu.net\/nl\/spanish-online\/\" \/>\n<meta property=\"og:site_name\" content=\"Mundo Antiguo\" \/>\n<meta property=\"article:publisher\" content=\"http:\/\/www.facebook.com\/MundoAntiguoSpanishSchool\" \/>\n<meta property=\"article:modified_time\" content=\"2025-08-01T00:37:15+00:00\" \/>\n<meta property=\"og:image\" content=\"https:\/\/learnspanishinperu.net\/wp-content\/uploads\/2020\/07\/qtq80-pChJIr-300x200.jpeg\" \/>\n<meta name=\"twitter:card\" content=\"summary_large_image\" \/>\n<meta name=\"twitter:site\" content=\"@MASpanishschool\" \/>\n<meta name=\"twitter:label1\" content=\"Geschatte leestijd\" \/>\n\t<meta name=\"twitter:data1\" content=\"2 minuten\" \/>\n<!-- \/ Yoast SEO plugin. -->","yoast_head_json":{"title":"Online Spaans cursus, priv\u00e9lessen met persoonlijke aanpak","description":"Online Spaans lessen met priv\u00e9 leraar. Individuele aanpak, priv\u00e9les met native Spaans leraar. NU slechts $9.50 USD per uur!","robots":{"index":"index","follow":"follow","max-snippet":"max-snippet:-1","max-image-preview":"max-image-preview:large","max-video-preview":"max-video-preview:-1"},"canonical":"https:\/\/learnspanishinperu.net\/nl\/spanish-online\/","og_locale":"nl_NL","og_type":"article","og_title":"Online Spaans cursus, priv\u00e9lessen met persoonlijke aanpak","og_description":"Online Spaans lessen met priv\u00e9 leraar. Individuele aanpak, priv\u00e9les met native Spaans leraar. NU slechts $9.50 USD per uur!","og_url":"https:\/\/learnspanishinperu.net\/nl\/spanish-online\/","og_site_name":"Mundo Antiguo","article_publisher":"http:\/\/www.facebook.com\/MundoAntiguoSpanishSchool","article_modified_time":"2025-08-01T00:37:15+00:00","og_image":[{"url":"https:\/\/learnspanishinperu.net\/wp-content\/uploads\/2020\/07\/qtq80-pChJIr-300x200.jpeg","type":"","width":"","height":""}],"twitter_card":"summary_large_image","twitter_site":"@MASpanishschool","twitter_misc":{"Geschatte leestijd":"2 minuten"},"schema":{"@context":"https:\/\/schema.org","@graph":[{"@type":"WebPage","@id":"https:\/\/learnspanishinperu.net\/nl\/spanish-online\/","url":"https:\/\/learnspanishinperu.net\/nl\/spanish-online\/","name":"Online Spaans cursus, priv\u00e9lessen met persoonlijke aanpak","isPartOf":{"@id":"https:\/\/learnspanishinperu.net\/#website"},"primaryImageOfPage":{"@id":"https:\/\/learnspanishinperu.net\/nl\/spanish-online\/#primaryimage"},"image":{"@id":"https:\/\/learnspanishinperu.net\/nl\/spanish-online\/#primaryimage"},"thumbnailUrl":"https:\/\/learnspanishinperu.net\/wp-content\/uploads\/2020\/07\/qtq80-pChJIr-300x200.jpeg","datePublished":"2015-06-02T03:15:49+00:00","dateModified":"2025-08-01T00:37:15+00:00","description":"Online Spaans lessen met priv\u00e9 leraar. Individuele aanpak, priv\u00e9les met native Spaans leraar. NU slechts $9.50 USD per uur!","breadcrumb":{"@id":"https:\/\/learnspanishinperu.net\/nl\/spanish-online\/#breadcrumb"},"inLanguage":"nl","potentialAction":[{"@type":"ReadAction","target":["https:\/\/learnspanishinperu.net\/nl\/spanish-online\/"]}]},{"@type":"ImageObject","inLanguage":"nl","@id":"https:\/\/learnspanishinperu.net\/nl\/spanish-online\/#primaryimage","url":"https:\/\/learnspanishinperu.net\/wp-content\/uploads\/2020\/07\/qtq80-pChJIr-300x200.jpeg","contentUrl":"https:\/\/learnspanishinperu.net\/wp-content\/uploads\/2020\/07\/qtq80-pChJIr-300x200.jpeg"},{"@type":"BreadcrumbList","@id":"https:\/\/learnspanishinperu.net\/nl\/spanish-online\/#breadcrumb","itemListElement":[{"@type":"ListItem","position":1,"name":"Home","item":"https:\/\/learnspanishinperu.net\/nl\/"},{"@type":"ListItem","position":2,"name":"Online Spaans"}]},{"@type":"WebSite","@id":"https:\/\/learnspanishinperu.net\/#website","url":"https:\/\/learnspanishinperu.net\/","name":"Mundo Antiguo","description":"Spanish school Cusco","publisher":{"@id":"https:\/\/learnspanishinperu.net\/#organization"},"potentialAction":[{"@type":"SearchAction","target":{"@type":"EntryPoint","urlTemplate":"https:\/\/learnspanishinperu.net\/?s={search_term_string}"},"query-input":{"@type":"PropertyValueSpecification","valueRequired":true,"valueName":"search_term_string"}}],"inLanguage":"nl"},{"@type":"Organization","@id":"https:\/\/learnspanishinperu.net\/#organization","name":"Mundo Antiguo","url":"https:\/\/learnspanishinperu.net\/","logo":{"@type":"ImageObject","inLanguage":"nl","@id":"https:\/\/learnspanishinperu.net\/#\/schema\/logo\/image\/","url":"https:\/\/learnspanishinperu.net\/wp-content\/uploads\/2016\/04\/logo-Spanish-school-Cusco-Peru-e1547820355169.jpg","contentUrl":"https:\/\/learnspanishinperu.net\/wp-content\/uploads\/2016\/04\/logo-Spanish-school-Cusco-Peru-e1547820355169.jpg","width":100,"height":83,"caption":"Mundo Antiguo"},"image":{"@id":"https:\/\/learnspanishinperu.net\/#\/schema\/logo\/image\/"},"sameAs":["http:\/\/www.facebook.com\/MundoAntiguoSpanishSchool","https:\/\/x.com\/MASpanishschool","https:\/\/www.instagram.com\/mundoantiguo_spanishschool\/","https:\/\/www.linkedin.com\/company\/mundo-antiguo-spanish-school","http:\/\/www.pinterest.com\/mundoantiguo\/"]}]}},"_links":{"self":[{"href":"https:\/\/learnspanishinperu.net\/nl\/wp-json\/wp\/v2\/pages\/5747","targetHints":{"allow":["GET"]}}],"collection":[{"href":"https:\/\/learnspanishinperu.net\/nl\/wp-json\/wp\/v2\/pages"}],"about":[{"href":"https:\/\/learnspanishinperu.net\/nl\/wp-json\/wp\/v2\/types\/page"}],"author":[{"embeddable":true,"href":"https:\/\/learnspanishinperu.net\/nl\/wp-json\/wp\/v2\/users\/1"}],"replies":[{"embeddable":true,"href":"https:\/\/learnspanishinperu.net\/nl\/wp-json\/wp\/v2\/comments?post=5747"}],"version-history":[{"count":42,"href":"https:\/\/learnspanishinperu.net\/nl\/wp-json\/wp\/v2\/pages\/5747\/revisions"}],"predecessor-version":[{"id":49189,"href":"https:\/\/learnspanishinperu.net\/nl\/wp-json\/wp\/v2\/pages\/5747\/revisions\/49189"}],"wp:attachment":[{"href":"https:\/\/learnspanishinperu.net\/nl\/wp-json\/wp\/v2\/media?parent=5747"}],"curies":[{"name":"wp","href":"https:\/\/api.w.org\/{rel}","templated":true}]}}