{"id":5661,"date":"2017-09-26T09:58:01","date_gmt":"2017-09-26T14:58:01","guid":{"rendered":"https:\/\/learnspanishinperu.net\/spaans-leren\/spoedcursus-survival-spanish\/"},"modified":"2025-01-28T09:11:59","modified_gmt":"2025-01-28T14:11:59","slug":"spoedcursus-spaans","status":"publish","type":"page","link":"https:\/\/learnspanishinperu.net\/nl\/spaans-leren\/spoedcursus-spaans\/","title":{"rendered":"Spoedcursus Spaans"},"content":{"rendered":"\n<div class=\"wp-block-cover alignfull is-light has-parallax mt-0\" style=\"min-height:460px;aspect-ratio:unset;\"><span aria-hidden=\"true\" class=\"wp-block-cover__background has-background-dim-30 has-background-dim\"><\/span><div class=\"wp-block-cover__image-background wp-image-14104 has-parallax lazyload\" style=\"background-position:50% 50%;background-image:inherit\" data-bg-image=\"url(https:\/\/learnspanishinperu.net\/wp-content\/uploads\/2020\/05\/Classes_practicas-2.jpg)\"><\/div><div class=\"wp-block-cover__inner-container is-layout-flow wp-block-cover-is-layout-flow\">\n<h1 class=\"wp-block-heading has-text-align-center\" id=\"spoedcursus-spaans\" style=\"font-size:60px\"><mark style=\"background-color:rgba(0, 0, 0, 0)\" class=\"has-inline-color has-white-color\">Spoedcursus Spaans<\/mark><\/h1>\n\n\n\n<p class=\"has-text-align-center has-white-color has-text-color has-5-xl-font-size\"><em>Korte cursus voor reizigers<\/em><\/p>\n<\/div><\/div>\n\n\n\n<div style=\"height:10px\" aria-hidden=\"true\" class=\"wp-block-spacer\"><\/div>\n\n\n\n<blockquote class=\"wp-block-quote is-style-large is-style-plain has-2-xl-font-size is-layout-flow wp-block-quote-is-layout-flow\" style=\"font-style:normal;font-weight:400\">\n<p>Niet veel tijd om te studeren?<\/p>\n<cite>Geen tijd om in Cusco te verblijven voor een uitgebreide cursus Spaans? Je bent niet de enige. Daarom ontwikkelden we een spoedcursus Survival Spaans. Het is de perfecte Spaanse survival cursus voor reizigers die niet veel tijd in Cusco hebben. In slechts \u00e9\u00e9n dag krijg je zes uur priv\u00e9les. Wij geven je de basis taal-tools die je nodig hebt voor jouw reis door Zuid-Amerika.<br \/><br \/>Net als onze reguliere cursussen is onze spoedcursus Spaans gebaseerd op communicatie. We leren je enkele grammaticale basisstructuren, maar we proberen om dit te minimaliseren. Want voor een reiziger is het belangrijker om te weten hoe zich uit te drukken en vragen te stellen. Met de uitleg van een gespecialiseerde docent leer je wat van de basis van de Spaanse taal. En je zal ons bijzonder relevante cursusboekje gebruiken, dat handig is om mee te nemen op reis.<\/cite><\/blockquote>\n\n\n\n<div style=\"height:20px\" aria-hidden=\"true\" class=\"wp-block-spacer\"><\/div>\n\n\n\n<div class=\"wp-block-group has-background mb-0\" style=\"background-color:#e7e7e7\"><div class=\"wp-block-group__inner-container is-layout-flow wp-block-group-is-layout-flow\">\n<h2 class=\"wp-block-heading has-text-align-center\">Spoedcursus Spaans<\/h2>\n\n\n\n<div class=\"wp-block-columns is-layout-flex wp-container-core-columns-is-layout-9d6595d7 wp-block-columns-is-layout-flex\">\n<div class=\"wp-block-column is-layout-flow wp-block-column-is-layout-flow\" style=\"flex-basis:55%\">\n<div class=\"wp-block-group\"><div class=\"wp-block-group__inner-container is-layout-flow wp-block-group-is-layout-flow\">\n<ul class=\"wp-block-list is-style-checkbox\">\n<li>Speciaal ontworpen&nbsp;cursus<\/li>\n\n\n\n<li>Basic&nbsp;taalhulpmiddelen&nbsp;voor reizigers<\/li>\n\n\n\n<li>Klein&nbsp;cursusboek&nbsp;inbegrepen<\/li>\n\n\n\n<li>Leer handige uitdrukkingen voor op reis in slechts 1 dag<\/li>\n\n\n\n<li>6 uur priv\u00e9les: 3 uur in de ochtend, 3 uur in de middag<\/li>\n\n\n\n<li>Mogelijk op&nbsp;elke dag van de week<\/li>\n\n\n\n<li>Slechts\u00a0<strong>$ 72 USD<\/strong>\u00a0voor de spoedcursus<\/li>\n\n\n\n<li>We kunnen deze spoedcursus ook in groepsvorm aanbieden.<\/li>\n<\/ul>\n<\/div><\/div>\n\n\n\n<p><\/p>\n<\/div>\n\n\n\n<div class=\"wp-block-column is-vertically-aligned-bottom is-layout-flow wp-block-column-is-layout-flow\">\n<div class=\"wp-block-group\"><div class=\"wp-block-group__inner-container is-layout-flow wp-block-group-is-layout-flow\">\n<div class=\"wp-block-buttons is-horizontal is-content-justification-center is-layout-flex wp-container-core-buttons-is-layout-499968f5 wp-block-buttons-is-layout-flex\">\n<div class=\"wp-block-button w-100\"><a class=\"wp-block-button__link has-background wp-element-button\" href=\"\/?page_id=13321\" style=\"background-color:#008000\">Onze programmas<\/a><\/div>\n\n\n\n<div class=\"wp-block-button w-100\"><a class=\"wp-block-button__link has-background wp-element-button\" href=\"\/?page_id=13303\" style=\"background-color:#ffa500\">Onze diensten<\/a><\/div>\n\n\n\n<div class=\"wp-block-button w-100\"><a class=\"wp-block-button__link has-background wp-element-button\" href=\"\/?page_id=2212\" style=\"background-color:#0000ff\">Prijzen<\/a><\/div>\n\n\n\n<div class=\"wp-block-button w-100\"><a class=\"wp-block-button__link has-background wp-element-button\" href=\"\/?page_id=2420\" style=\"background-color:#a52a2a\">Contactgegevens<\/a><\/div>\n<\/div>\n<\/div><\/div>\n<\/div>\n<\/div>\n<\/div><\/div>\n\n\n\n<div style=\"height:70px\" aria-hidden=\"true\" class=\"wp-block-spacer\"><\/div>\n\n\n\n<div class=\"wp-block-group has-background\" style=\"background-color:#e7e7e7\"><div class=\"wp-block-group__inner-container is-layout-flow wp-block-group-is-layout-flow\">\n<h2 class=\"wp-block-heading has-text-align-center\" id=\"wat-leer-je-op-deze-snelcursus-spaans\">Wat leer je op deze snelcursus Spaans?<\/h2>\n\n\n<div class=\"wp-block-image is-style-bottom-wave\">\n<figure class=\"alignright size-medium\"><img decoding=\"async\" width=\"300\" height=\"212\" data-src=\"https:\/\/learnspanishinperu.net\/wp-content\/uploads\/2015\/10\/Survival-Spanish_026-425x300-300x212.jpg\" alt=\"snelcursus Survival Spaans\" class=\"wp-image-3278 lazyload\" title=\"snelcursus Survival Spaans\" data-srcset=\"https:\/\/learnspanishinperu.net\/wp-content\/uploads\/2015\/10\/Survival-Spanish_026-425x300-300x212.jpg 300w, https:\/\/learnspanishinperu.net\/wp-content\/uploads\/2015\/10\/Survival-Spanish_026-425x300-420x296.jpg 420w, https:\/\/learnspanishinperu.net\/wp-content\/uploads\/2015\/10\/Survival-Spanish_026-425x300.jpg 425w\" data-sizes=\"(max-width: 300px) 100vw, 300px\" src=\"data:image\/svg+xml;base64,PHN2ZyB3aWR0aD0iMSIgaGVpZ2h0PSIxIiB4bWxucz0iaHR0cDovL3d3dy53My5vcmcvMjAwMC9zdmciPjwvc3ZnPg==\" style=\"--smush-placeholder-width: 300px; --smush-placeholder-aspect-ratio: 300\/212;\" \/><\/figure>\n<\/div>\n\n\n<ul class=\"wp-block-list\">\n<li>hoe stel je jezelf voor;<\/li>\n\n\n\n<li>de twee verschillende werkwoorden voor <i>zijn<\/i> en hoe ze correct te gebruiken;<\/li>\n\n\n\n<li>vervoeging van regelmatige werkwoorden in de tegenwoordige tijd;<\/li>\n\n\n\n<li>enkele zeer belangrijke onregelmatige werkwoorden;<\/li>\n\n\n\n<li>hoe te uiten wat je leuk vindt en wat niet;<\/li>\n\n\n\n<li>een eenvoudige manier om te spreken in de toekomstige en verleden tijd;<\/li>\n\n\n\n<li>hoe het juiste geslacht en aantal te gebruiken voor bijvoeglijke naamwoorden;<\/li>\n\n\n\n<li>hoe specifieke reis-gerelateerde vragen te stellen: &#8220;hoe laat is het&#8221;, &#8220;waar is&#8221;, &#8220;wat kost dit&#8221;, &#8220;kan ik een korting krijgen&#8221;, &#8220;is ontbijt inbegrepen&#8221;, &#8220;Ik wil graag &#8230;.. bestellen&#8221;, &#8220;ik heb een dokter nodig&#8221;, enz.<\/li>\n<\/ul>\n<\/div><\/div>\n\n\n\n<div style=\"height:20px\" aria-hidden=\"true\" class=\"wp-block-spacer\"><\/div>\n\n\n\n<blockquote class=\"wp-block-quote is-style-large is-style-plain has-2-xl-font-size is-layout-flow wp-block-quote-is-layout-flow\" style=\"font-style:normal;font-weight:400\">\n<p>Mundo Antiguo Cusco<\/p>\n<cite>Neem contact met ons op voor meer details: <a href=\"mailto:info@learnspanishinperu.net\">info@learnspanishinperu.net<\/a> of stuur een WhatsApp-bericht of bel ons op: +51 933066788. Ben je al in Cusco, dan kun je langskomen bij onze Spaanse taalschool: Cuesta San Blas 561. Gelegen in het hart van het historische centrum. Je kunt ons bezoeken van maandag tot vrijdag tussen 9.00 en 18.00.<br \/>Start jouw reis in Peru met de <strong>Mundo Antiguo spoedcursus Spaans<\/strong>!<\/cite><\/blockquote>\n\n\n\n<div style=\"height:10px\" aria-hidden=\"true\" class=\"wp-block-spacer\"><\/div>\n\n\n<div\n\t\tclass=\"free align wp-block-btn-button\"\tid='btnButton-1'\n\tdata-nonce='&quot;e392b6540b&quot;'\n\tdata-attributes='{&quot;cId&quot;:&quot;e07a9aa3-4&quot;,&quot;cPostId&quot;:5818,&quot;text&quot;:&quot;Schrijf je nu in!&quot;,&quot;allUserRole&quot;:[{&quot;label&quot;:&quot;Select a role&quot;,&quot;value&quot;:&quot;default&quot;},{&quot;label&quot;:&quot;Administrator&quot;,&quot;value&quot;:&quot;administrator&quot;},{&quot;label&quot;:&quot;Editor&quot;,&quot;value&quot;:&quot;editor&quot;},{&quot;label&quot;:&quot;Author&quot;,&quot;value&quot;:&quot;author&quot;},{&quot;label&quot;:&quot;Contributor&quot;,&quot;value&quot;:&quot;contributor&quot;},{&quot;label&quot;:&quot;Subscriber&quot;,&quot;value&quot;:&quot;subscriber&quot;},{&quot;label&quot;:&quot;Inactive&quot;,&quot;value&quot;:&quot;inactive&quot;},{&quot;label&quot;:&quot;SEO Manager&quot;,&quot;value&quot;:&quot;wpseo_manager&quot;},{&quot;label&quot;:&quot;SEO Editor&quot;,&quot;value&quot;:&quot;wpseo_editor&quot;}],&quot;url&quot;:&quot;https:\\\/\\\/learnspanishinperu.net\\\/nl\\\/inschrijven\\\/&quot;,&quot;icon&quot;:{&quot;class&quot;:&quot;far fa-thumbs-up&quot;,&quot;name&quot;:&quot;thumbs-up&quot;},&quot;size&quot;:&quot;x-large&quot;,&quot;typography&quot;:{&quot;fontSize&quot;:22,&quot;fontWeight&quot;:600,&quot;textDecoration&quot;:&quot;none&quot;},&quot;colors&quot;:{&quot;color&quot;:&quot;#fff&quot;,&quot;bg&quot;:&quot;rgba(255, 165, 0, 1)&quot;},&quot;padding&quot;:{&quot;vertical&quot;:&quot;16px&quot;,&quot;horizontal&quot;:&quot;46px&quot;},&quot;border&quot;:{&quot;radius&quot;:&quot;5px&quot;,&quot;width&quot;:&quot;2px&quot;,&quot;color&quot;:&quot;#0a0002&quot;},&quot;align&quot;:&quot;&quot;,&quot;actionType&quot;:&quot;link&quot;,&quot;security&quot;:&quot;none&quot;,&quot;securityPassword&quot;:&quot;&quot;,&quot;tooltip&quot;:&quot;&quot;,&quot;tooltipPos&quot;:&quot;top&quot;,&quot;target&quot;:&quot;_self&quot;,&quot;attrs&quot;:{&quot;rel&quot;:&quot;noreferrer&quot;,&quot;referrerpolicy&quot;:&quot;no-referrer&quot;},&quot;hideOn&quot;:{&quot;desktop&quot;:false,&quot;tablet&quot;:false,&quot;mobile&quot;:false},&quot;isDownload&quot;:false,&quot;downloadFileName&quot;:&quot;&quot;,&quot;isUpIcon&quot;:false,&quot;upIcon&quot;:{&quot;id&quot;:null,&quot;url&quot;:&quot;&quot;,&quot;alt&quot;:&quot;&quot;,&quot;title&quot;:&quot;&quot;},&quot;iconPos&quot;:&quot;left&quot;,&quot;type&quot;:&quot;flat&quot;,&quot;isFullWidth&quot;:false,&quot;popup&quot;:{&quot;type&quot;:&quot;image&quot;,&quot;content&quot;:&quot;&quot;,&quot;caption&quot;:&quot;&quot;,&quot;width&quot;:&quot;&quot;},&quot;animationType&quot;:&quot;&quot;,&quot;animationDuration&quot;:0.4,&quot;addID&quot;:&quot;&quot;,&quot;addCSS&quot;:&quot;&quot;,&quot;alignment&quot;:&quot;center&quot;,&quot;hovColors&quot;:{&quot;color&quot;:&quot;#fff&quot;,&quot;bg&quot;:&quot;#FF7A00&quot;},&quot;shadow&quot;:[]}'\n\tdata-info='{&quot;userRoles&quot;:[],&quot;loginURL&quot;:&quot;https:\\\/\\\/learnspanishinperu.net\\\/wp-login.php&quot;}'\n\tdata-pipecheck=''\n><\/div>\n\n\n<div style=\"height:50px\" aria-hidden=\"true\" class=\"wp-block-spacer\"><\/div>\n\n\n\n<div class=\"wp-block-buttons is-horizontal is-content-justification-center is-layout-flex wp-container-core-buttons-is-layout-499968f5 wp-block-buttons-is-layout-flex\">\n<div class=\"wp-block-button\"><a class=\"wp-block-button__link has-background wp-element-button\" href=\"https:\/\/learnspanishinperu.net\/nl\/spaans-leren\/groepsles\/\" style=\"background-color:#008000\">Groepscursus<\/a><\/div>\n\n\n\n<div class=\"wp-block-button\"><a class=\"wp-block-button__link has-background wp-element-button\" href=\"https:\/\/learnspanishinperu.net\/nl\/spaans-leren\/prive-cursus-spaans\/\" style=\"background-color:#800080\">Priv\u00e9les<\/a><\/div>\n\n\n\n<div class=\"wp-block-button\"><a class=\"wp-block-button__link has-background wp-element-button\" href=\"https:\/\/learnspanishinperu.net\/nl\/programmas\/spaans-en-accommodatie\/\" style=\"background-color:#0000ff\">Spaans met accommodatie<\/a><\/div>\n\n\n\n<div class=\"wp-block-button\"><a class=\"wp-block-button__link has-background wp-element-button\" href=\"https:\/\/learnspanishinperu.net\/nl\/programmas\/spaans-met-workshops\/\" style=\"background-color:#a52a2a\">Spaans met workshops<\/a><\/div>\n<\/div>\n\n\n\n<div style=\"height:30px\" aria-hidden=\"true\" class=\"wp-block-spacer\"><\/div>\n","protected":false},"excerpt":{"rendered":"<p>Niet veel tijd om te studeren? Geen tijd om in Cusco te verblijven voor een uitgebreide cursus Spaans? Je bent niet de enige. Daarom ontwikkelden we een spoedcursus Survival Spaans. Het is de perfecte Spaanse survival cursus voor reizigers die niet veel tijd in Cusco hebben. In slechts \u00e9\u00e9n dag krijg je zes uur priv\u00e9les.&hellip;<\/p>\n<p class=\"more\"><a class=\"more-link\" href=\"https:\/\/learnspanishinperu.net\/nl\/spaans-leren\/spoedcursus-spaans\/\">Continue reading <span class=\"screen-reader-text\">Spoedcursus Spaans<\/span><\/a><\/p>\n","protected":false},"author":1,"featured_media":0,"parent":5657,"menu_order":0,"comment_status":"closed","ping_status":"closed","template":"page-templates\/wide.php","meta":{"_coblocks_attr":"","_coblocks_dimensions":"","_coblocks_responsive_height":"","_coblocks_accordion_ie_support":"","footnotes":""},"class_list":["post-5661","page","type-page","status-publish","hentry","entry"],"yoast_head":"<!-- This site is optimized with the Yoast SEO plugin v27.4 - https:\/\/yoast.com\/product\/yoast-seo-wordpress\/ -->\n<title>Spoedcursus Spaans - Mundo Antiguo Spaanse school Peru<\/title>\n<meta name=\"description\" content=\"Begin jouw reis in Peru met Mundo Antiguo\u00b4s spoedcursus Spaans. Wij geven je een snelcursus survival Spaans met de beste leraren van Cusco!\" \/>\n<meta name=\"robots\" content=\"index, follow, max-snippet:-1, max-image-preview:large, max-video-preview:-1\" \/>\n<link rel=\"canonical\" href=\"https:\/\/learnspanishinperu.net\/nl\/spaans-leren\/spoedcursus-spaans\/\" \/>\n<meta property=\"og:locale\" content=\"nl_NL\" \/>\n<meta property=\"og:type\" content=\"article\" \/>\n<meta property=\"og:title\" content=\"Spoedcursus Spaans - Mundo Antiguo Spaanse school Peru\" \/>\n<meta property=\"og:description\" content=\"Begin jouw reis in Peru met Mundo Antiguo\u00b4s spoedcursus Spaans. Wij geven je een snelcursus survival Spaans met de beste leraren van Cusco!\" \/>\n<meta property=\"og:url\" content=\"https:\/\/learnspanishinperu.net\/nl\/spaans-leren\/spoedcursus-spaans\/\" \/>\n<meta property=\"og:site_name\" content=\"Mundo Antiguo\" \/>\n<meta property=\"article:publisher\" content=\"http:\/\/www.facebook.com\/MundoAntiguoSpanishSchool\" \/>\n<meta property=\"article:modified_time\" content=\"2025-01-28T14:11:59+00:00\" \/>\n<meta property=\"og:image\" content=\"https:\/\/learnspanishinperu.net\/wp-content\/uploads\/2015\/10\/Survival-Spanish_026-425x300-300x212.jpg\" \/>\n<meta name=\"twitter:card\" content=\"summary_large_image\" \/>\n<meta name=\"twitter:site\" content=\"@MASpanishschool\" \/>\n<meta name=\"twitter:label1\" content=\"Geschatte leestijd\" \/>\n\t<meta name=\"twitter:data1\" content=\"3 minuten\" \/>\n<!-- \/ Yoast SEO plugin. -->","yoast_head_json":{"title":"Spoedcursus Spaans - Mundo Antiguo Spaanse school Peru","description":"Begin jouw reis in Peru met Mundo Antiguo\u00b4s spoedcursus Spaans. Wij geven je een snelcursus survival Spaans met de beste leraren van Cusco!","robots":{"index":"index","follow":"follow","max-snippet":"max-snippet:-1","max-image-preview":"max-image-preview:large","max-video-preview":"max-video-preview:-1"},"canonical":"https:\/\/learnspanishinperu.net\/nl\/spaans-leren\/spoedcursus-spaans\/","og_locale":"nl_NL","og_type":"article","og_title":"Spoedcursus Spaans - Mundo Antiguo Spaanse school Peru","og_description":"Begin jouw reis in Peru met Mundo Antiguo\u00b4s spoedcursus Spaans. Wij geven je een snelcursus survival Spaans met de beste leraren van Cusco!","og_url":"https:\/\/learnspanishinperu.net\/nl\/spaans-leren\/spoedcursus-spaans\/","og_site_name":"Mundo Antiguo","article_publisher":"http:\/\/www.facebook.com\/MundoAntiguoSpanishSchool","article_modified_time":"2025-01-28T14:11:59+00:00","og_image":[{"url":"https:\/\/learnspanishinperu.net\/wp-content\/uploads\/2015\/10\/Survival-Spanish_026-425x300-300x212.jpg","type":"","width":"","height":""}],"twitter_card":"summary_large_image","twitter_site":"@MASpanishschool","twitter_misc":{"Geschatte leestijd":"3 minuten"},"schema":{"@context":"https:\/\/schema.org","@graph":[{"@type":"WebPage","@id":"https:\/\/learnspanishinperu.net\/nl\/spaans-leren\/spoedcursus-spaans\/","url":"https:\/\/learnspanishinperu.net\/nl\/spaans-leren\/spoedcursus-spaans\/","name":"Spoedcursus Spaans - Mundo Antiguo Spaanse school Peru","isPartOf":{"@id":"https:\/\/learnspanishinperu.net\/#website"},"primaryImageOfPage":{"@id":"https:\/\/learnspanishinperu.net\/nl\/spaans-leren\/spoedcursus-spaans\/#primaryimage"},"image":{"@id":"https:\/\/learnspanishinperu.net\/nl\/spaans-leren\/spoedcursus-spaans\/#primaryimage"},"thumbnailUrl":"https:\/\/learnspanishinperu.net\/wp-content\/uploads\/2015\/10\/Survival-Spanish_026-425x300-300x212.jpg","datePublished":"2017-09-26T14:58:01+00:00","dateModified":"2025-01-28T14:11:59+00:00","description":"Begin jouw reis in Peru met Mundo Antiguo\u00b4s spoedcursus Spaans. Wij geven je een snelcursus survival Spaans met de beste leraren van Cusco!","breadcrumb":{"@id":"https:\/\/learnspanishinperu.net\/nl\/spaans-leren\/spoedcursus-spaans\/#breadcrumb"},"inLanguage":"nl","potentialAction":[{"@type":"ReadAction","target":["https:\/\/learnspanishinperu.net\/nl\/spaans-leren\/spoedcursus-spaans\/"]}]},{"@type":"ImageObject","inLanguage":"nl","@id":"https:\/\/learnspanishinperu.net\/nl\/spaans-leren\/spoedcursus-spaans\/#primaryimage","url":"https:\/\/learnspanishinperu.net\/wp-content\/uploads\/2015\/10\/Survival-Spanish_026-425x300-300x212.jpg","contentUrl":"https:\/\/learnspanishinperu.net\/wp-content\/uploads\/2015\/10\/Survival-Spanish_026-425x300-300x212.jpg"},{"@type":"BreadcrumbList","@id":"https:\/\/learnspanishinperu.net\/nl\/spaans-leren\/spoedcursus-spaans\/#breadcrumb","itemListElement":[{"@type":"ListItem","position":1,"name":"Home","item":"https:\/\/learnspanishinperu.net\/nl\/"},{"@type":"ListItem","position":2,"name":"Spaans leren","item":"https:\/\/learnspanishinperu.net\/nl\/spaans-leren\/"},{"@type":"ListItem","position":3,"name":"Spoedcursus Spaans"}]},{"@type":"WebSite","@id":"https:\/\/learnspanishinperu.net\/#website","url":"https:\/\/learnspanishinperu.net\/","name":"Mundo Antiguo","description":"Spanish school Cusco","publisher":{"@id":"https:\/\/learnspanishinperu.net\/#organization"},"potentialAction":[{"@type":"SearchAction","target":{"@type":"EntryPoint","urlTemplate":"https:\/\/learnspanishinperu.net\/?s={search_term_string}"},"query-input":{"@type":"PropertyValueSpecification","valueRequired":true,"valueName":"search_term_string"}}],"inLanguage":"nl"},{"@type":"Organization","@id":"https:\/\/learnspanishinperu.net\/#organization","name":"Mundo Antiguo","url":"https:\/\/learnspanishinperu.net\/","logo":{"@type":"ImageObject","inLanguage":"nl","@id":"https:\/\/learnspanishinperu.net\/#\/schema\/logo\/image\/","url":"https:\/\/learnspanishinperu.net\/wp-content\/uploads\/2016\/04\/logo-Spanish-school-Cusco-Peru-e1547820355169.jpg","contentUrl":"https:\/\/learnspanishinperu.net\/wp-content\/uploads\/2016\/04\/logo-Spanish-school-Cusco-Peru-e1547820355169.jpg","width":100,"height":83,"caption":"Mundo Antiguo"},"image":{"@id":"https:\/\/learnspanishinperu.net\/#\/schema\/logo\/image\/"},"sameAs":["http:\/\/www.facebook.com\/MundoAntiguoSpanishSchool","https:\/\/x.com\/MASpanishschool","https:\/\/www.instagram.com\/mundoantiguo_spanishschool\/","https:\/\/www.linkedin.com\/company\/mundo-antiguo-spanish-school","http:\/\/www.pinterest.com\/mundoantiguo\/"]}]}},"_links":{"self":[{"href":"https:\/\/learnspanishinperu.net\/nl\/wp-json\/wp\/v2\/pages\/5661","targetHints":{"allow":["GET"]}}],"collection":[{"href":"https:\/\/learnspanishinperu.net\/nl\/wp-json\/wp\/v2\/pages"}],"about":[{"href":"https:\/\/learnspanishinperu.net\/nl\/wp-json\/wp\/v2\/types\/page"}],"author":[{"embeddable":true,"href":"https:\/\/learnspanishinperu.net\/nl\/wp-json\/wp\/v2\/users\/1"}],"replies":[{"embeddable":true,"href":"https:\/\/learnspanishinperu.net\/nl\/wp-json\/wp\/v2\/comments?post=5661"}],"version-history":[{"count":33,"href":"https:\/\/learnspanishinperu.net\/nl\/wp-json\/wp\/v2\/pages\/5661\/revisions"}],"predecessor-version":[{"id":46350,"href":"https:\/\/learnspanishinperu.net\/nl\/wp-json\/wp\/v2\/pages\/5661\/revisions\/46350"}],"up":[{"embeddable":true,"href":"https:\/\/learnspanishinperu.net\/nl\/wp-json\/wp\/v2\/pages\/5657"}],"wp:attachment":[{"href":"https:\/\/learnspanishinperu.net\/nl\/wp-json\/wp\/v2\/media?parent=5661"}],"curies":[{"name":"wp","href":"https:\/\/api.w.org\/{rel}","templated":true}]}}