{"id":44826,"date":"2023-10-04T10:48:14","date_gmt":"2023-10-04T15:48:14","guid":{"rendered":"https:\/\/learnspanishinperu.net\/?page_id=44826"},"modified":"2023-10-04T10:48:17","modified_gmt":"2023-10-04T15:48:17","slug":"spaans","status":"publish","type":"page","link":"https:\/\/learnspanishinperu.net\/nl\/faq\/spaans\/","title":{"rendered":"FAQ Spaans"},"content":{"rendered":"\n<div class=\"wp-block-cover alignfull has-parallax\" style=\"min-height:460px;aspect-ratio:unset;\"><span aria-hidden=\"true\" class=\"wp-block-cover__background has-background-dim-10 has-background-dim\"><\/span><div role=\"img\" class=\"wp-block-cover__image-background wp-image-19648 has-parallax lazyload\" style=\"background-position:50% 50%;background-image:inherit\" data-bg-image=\"url(https:\/\/learnspanishinperu.net\/wp-content\/uploads\/2021\/05\/qtq80-35t3EN.jpeg)\"><\/div><div class=\"wp-block-cover__inner-container is-layout-flow wp-block-cover-is-layout-flow\">\n<h1 class=\"wp-block-heading has-text-align-center has-white-color has-text-color\" style=\"font-size:60px\">Mundo Antiguo Spaanse school Cusco<\/h1>\n\n\n\n<p class=\"has-text-align-center has-white-color has-text-color has-5-xl-font-size\"><em>Kom naar Cusco voor een unieke ervaring!<\/em><\/p>\n<\/div><\/div>\n\n\n\n<div style=\"height:50px\" aria-hidden=\"true\" class=\"wp-block-spacer\"><\/div>\n\n\n\n<blockquote class=\"wp-block-quote has-text-align-center is-style-plain has-2-xl-font-size is-layout-flow wp-block-quote-is-layout-flow\" style=\"font-style:normal;font-weight:400\">\n<p>Onze antwoorden op enkele van de meest gestelde vragen over Spaans in Peru<\/p>\n<cite><em><a href=\"#peruvian-spanish\">Is Peruaans Spaans eenvoudig te begrijpen?\u00a0<\/a><br \/><a href=\"#spanish-important\">Waarom is Spaans zo belangrijk?<\/a>\u00a0<br \/><a href=\"#benefits-spanish\">Wat zijn 5 voordelen van het leren van de Spaanse taal?<\/a>\u00a0<br \/><a href=\"#peru-perfect\">Waarom is Peru de perfecte plek om Spaans te leren?<\/a>\u00a0<br \/><a href=\"http:\/\/cusco-spanish\">Is Cusco een goede plaats om Spaans te leren?<\/a>\u00a0<br \/><a href=\"#fluent-spanish\">Hoe snel kun je vloeiend Spaans spreken?<\/a><br \/><a href=\"#spanish-by-myself\">Hoe kan ik zelf Spaans leren?<\/a><\/em><\/cite><\/blockquote>\n\n\n\n<div style=\"height:40px\" aria-hidden=\"true\" class=\"wp-block-spacer\"><\/div>\n\n\n\n<div class=\"wp-block-group has-background\" style=\"background-color:#e7e7e7\"><div class=\"wp-block-group__inner-container is-layout-flow wp-block-group-is-layout-flow\">\n<p id=\"peruvian-spanish\"><strong>Is Peruaans Spaans eenvoudig te begrijpen?<\/strong>\u00a0<\/p>\n\n\n\n<p>Het korte antwoord is: ja! Het Peruaanse accent is heel duidelijk en gemakkelijk te begrijpen. Peruanen praten niet snel en spreken het dialect dat in het grootste deel van Latijns-Amerika gesproken wordt. Omdat het een duidelijk dialect is en in het grootste deel van Latijns-Amerika wordt gesproken, is Peru het perfecte land om Spaans te leren.\u00a0<\/p>\n\n\n\n<p id=\"spanish-important\"><strong>Waarom is Spaans zo belangrijk?\u00a0<\/strong>\u00a0<\/p>\n\n\n\n<p>Spaans is de offici\u00eble taal van 21 landen, voornamelijk gelegen in Amerika. Met ongeveer 500 miljoen moedertaalsprekers is Spaans de tweede meest gesproken moedertaal ter wereld, na het Mandarijn Chinees, en de vierde meest gesproken taal ter wereld. Het is een van de meest onderwezen vreemde talen ter wereld en Spaans is ook de derde meest gebruikte taal op internetwebsites.<\/p>\n\n\n\n<p>Spaans is een van de zes offici\u00eble talen van de Verenigde Naties en wordt door de Europese Unie en vele andere internationale organisaties als offici\u00eble taal gebruikt.<\/p>\n\n\n\n<p id=\"benefits-spanish\"><strong>Wat zijn 5 voordelen van het leren van de Spaanse taal?<\/strong>\u00a0<\/p>\n\n\n\n<ol class=\"is-style-default wp-block-list\">\n<li>Je kunt jezelf onderdompelen in een nieuwe cultuur. Latijns-Amerika heeft een zeer rijke cultuur, beroemd om zijn muziek, literatuur, dans, eten en films.<\/li>\n\n\n\n<li>Spaans spreken maakt reizen gemakkelijk en een meer vervullende ervaring, doordat je contact kunt maken met de mensen, zodat je het reizen tot een culturele ervaring kunt maken.<\/li>\n\n\n\n<li>Spaans spreken opent de arbeidsmarkt voor je in 21 landen. En Spaans kan je meer kansen op een baan bieden en je kunt je ook onderscheiden van andere sollicitanten in andere landen. Vooral in de VS vind je zeker Spaanstalige klanten en collega&#8217;s.<\/li>\n\n\n\n<li>Als een van de meest gesproken talen ter wereld wordt Spaans in veel belangrijke internationale organisaties gebruikt. Dus als je een internationale carri\u00e8re nastreeft, is Spaans een zeer belangrijke taal.<\/li>\n\n\n\n<li>Spaans is een van de Latijnse of Romaanse talen. Dit geldt ook voor het Portugees, Frans en Italiaans. Omdat deze talen als familie zijn, zal het spreken van Spaans het heel gemakkelijk maken om ook Frans, Italiaans of Portugees te leren.<\/li>\n<\/ol>\n<\/div><\/div>\n\n\n\n<div style=\"height:70px\" aria-hidden=\"true\" class=\"wp-block-spacer\"><\/div>\n\n\n\n<figure class=\"wp-block-gallery has-nested-images columns-4 is-cropped wp-block-gallery-1 is-layout-flex wp-block-gallery-is-layout-flex\">\n<figure class=\"wp-block-image size-large\"><a href=\"https:\/\/learnspanishinperu.net\/wp-content\/uploads\/2021\/05\/qtq80-aEhHUJ.jpeg\"><img decoding=\"async\" width=\"2160\" height=\"1440\" data-id=\"20279\" data-src=\"https:\/\/learnspanishinperu.net\/wp-content\/uploads\/2021\/05\/qtq80-aEhHUJ.jpeg\" alt=\"\" class=\"wp-image-20279 lazyload\" data-srcset=\"https:\/\/learnspanishinperu.net\/wp-content\/uploads\/2021\/05\/qtq80-aEhHUJ.jpeg 2160w, https:\/\/learnspanishinperu.net\/wp-content\/uploads\/2021\/05\/qtq80-aEhHUJ-300x200.jpeg 300w, https:\/\/learnspanishinperu.net\/wp-content\/uploads\/2021\/05\/qtq80-aEhHUJ-1024x683.jpeg 1024w, https:\/\/learnspanishinperu.net\/wp-content\/uploads\/2021\/05\/qtq80-aEhHUJ-768x512.jpeg 768w, https:\/\/learnspanishinperu.net\/wp-content\/uploads\/2021\/05\/qtq80-aEhHUJ-1536x1024.jpeg 1536w, https:\/\/learnspanishinperu.net\/wp-content\/uploads\/2021\/05\/qtq80-aEhHUJ-2048x1365.jpeg 2048w\" data-sizes=\"(max-width: 2160px) 100vw, 2160px\" src=\"data:image\/svg+xml;base64,PHN2ZyB3aWR0aD0iMSIgaGVpZ2h0PSIxIiB4bWxucz0iaHR0cDovL3d3dy53My5vcmcvMjAwMC9zdmciPjwvc3ZnPg==\" style=\"--smush-placeholder-width: 2160px; --smush-placeholder-aspect-ratio: 2160\/1440;\" \/><\/a><\/figure>\n\n\n\n<figure class=\"wp-block-image size-large\"><a href=\"https:\/\/learnspanishinperu.net\/wp-content\/uploads\/2020\/07\/DSC03425-scaled.jpg\"><img decoding=\"async\" width=\"2560\" height=\"1439\" data-id=\"16007\" data-src=\"https:\/\/learnspanishinperu.net\/wp-content\/uploads\/2020\/07\/DSC03425-scaled.jpg\" alt=\"\" class=\"wp-image-16007 lazyload\" data-srcset=\"https:\/\/learnspanishinperu.net\/wp-content\/uploads\/2020\/07\/DSC03425-scaled.jpg 2560w, https:\/\/learnspanishinperu.net\/wp-content\/uploads\/2020\/07\/DSC03425-300x169.jpg 300w, https:\/\/learnspanishinperu.net\/wp-content\/uploads\/2020\/07\/DSC03425-1024x576.jpg 1024w, https:\/\/learnspanishinperu.net\/wp-content\/uploads\/2020\/07\/DSC03425-768x432.jpg 768w, https:\/\/learnspanishinperu.net\/wp-content\/uploads\/2020\/07\/DSC03425-1536x863.jpg 1536w, https:\/\/learnspanishinperu.net\/wp-content\/uploads\/2020\/07\/DSC03425-2048x1151.jpg 2048w, https:\/\/learnspanishinperu.net\/wp-content\/uploads\/2020\/07\/DSC03425-373x210.jpg 373w\" data-sizes=\"(max-width: 2560px) 100vw, 2560px\" src=\"data:image\/svg+xml;base64,PHN2ZyB3aWR0aD0iMSIgaGVpZ2h0PSIxIiB4bWxucz0iaHR0cDovL3d3dy53My5vcmcvMjAwMC9zdmciPjwvc3ZnPg==\" style=\"--smush-placeholder-width: 2560px; --smush-placeholder-aspect-ratio: 2560\/1439;\" \/><\/a><\/figure>\n\n\n\n<figure class=\"wp-block-image size-large\"><a href=\"https:\/\/learnspanishinperu.net\/wp-content\/uploads\/2021\/05\/qtq80-qGGYQF.jpeg\"><img decoding=\"async\" width=\"2160\" height=\"1440\" data-id=\"20262\" data-src=\"https:\/\/learnspanishinperu.net\/wp-content\/uploads\/2021\/05\/qtq80-qGGYQF.jpeg\" alt=\"\" class=\"wp-image-20262 lazyload\" data-srcset=\"https:\/\/learnspanishinperu.net\/wp-content\/uploads\/2021\/05\/qtq80-qGGYQF.jpeg 2160w, https:\/\/learnspanishinperu.net\/wp-content\/uploads\/2021\/05\/qtq80-qGGYQF-300x200.jpeg 300w, https:\/\/learnspanishinperu.net\/wp-content\/uploads\/2021\/05\/qtq80-qGGYQF-1024x683.jpeg 1024w, https:\/\/learnspanishinperu.net\/wp-content\/uploads\/2021\/05\/qtq80-qGGYQF-768x512.jpeg 768w, https:\/\/learnspanishinperu.net\/wp-content\/uploads\/2021\/05\/qtq80-qGGYQF-1536x1024.jpeg 1536w, https:\/\/learnspanishinperu.net\/wp-content\/uploads\/2021\/05\/qtq80-qGGYQF-2048x1365.jpeg 2048w\" data-sizes=\"(max-width: 2160px) 100vw, 2160px\" src=\"data:image\/svg+xml;base64,PHN2ZyB3aWR0aD0iMSIgaGVpZ2h0PSIxIiB4bWxucz0iaHR0cDovL3d3dy53My5vcmcvMjAwMC9zdmciPjwvc3ZnPg==\" style=\"--smush-placeholder-width: 2160px; --smush-placeholder-aspect-ratio: 2160\/1440;\" \/><\/a><\/figure>\n\n\n\n<figure class=\"wp-block-image size-large\"><a href=\"https:\/\/learnspanishinperu.net\/wp-content\/uploads\/2020\/08\/Private-classes-Spanish-e1624310832377.jpg\"><img decoding=\"async\" width=\"300\" height=\"225\" data-id=\"17010\" data-src=\"https:\/\/learnspanishinperu.net\/wp-content\/uploads\/2020\/08\/Private-classes-Spanish-e1624310832377.jpg\" alt=\"\" class=\"wp-image-17010 lazyload\" src=\"data:image\/svg+xml;base64,PHN2ZyB3aWR0aD0iMSIgaGVpZ2h0PSIxIiB4bWxucz0iaHR0cDovL3d3dy53My5vcmcvMjAwMC9zdmciPjwvc3ZnPg==\" style=\"--smush-placeholder-width: 300px; --smush-placeholder-aspect-ratio: 300\/225;\" \/><\/a><\/figure>\n<\/figure>\n\n\n\n<div style=\"height:40px\" aria-hidden=\"true\" class=\"wp-block-spacer\"><\/div>\n\n\n\n<div class=\"wp-block-group has-background\" style=\"background-color:#e7e7e7\"><div class=\"wp-block-group__inner-container is-layout-flow wp-block-group-is-layout-flow\">\n<p id=\"peru-perfect\"><strong>Waarom is Peru de perfecte plaats om Spaans te leren?<\/strong>\u00a0<\/p>\n\n\n\n<p>Als je van plan bent een cursus Spaans te volgen in een Spaanssprekend land, moet je zeker Peru als bestemming overwegen. Het land is erg interessant om rond te reizen. De moderne Latijns-Amerikaanse cultuur en de oude Inca-cultuur maken dit tot \u00e9\u00e9n van de culturele topbestemmingen met een bezoek aan Machu Picchu als \u00e9\u00e9n van de hoogtepunten. <\/p>\n\n\n\n<p id=\"cusco-spanish\"><strong>Is Cusco een goede plaats om Spaans te leren? <\/strong>\u00a0<\/p>\n\n\n\n<p>Cusco (of Cuzco) ligt in de Peruaanse Andes. Cusco was de hoofdstad van het voormalige Incarijk. Cusco, de historische hoofdstad van Peru, is de belangrijkste toeristische bestemming in Peru. Cusco heeft dus alle faciliteiten en infrastructuur die toeristen nodig hebben, maar het heeft zijn wortels en cultureel erfgoed behouden. Dit maakt Cusco een populaire bestemming voor reizigers die wat tijd op dezelfde plek willen doorbrengen. En taalstudenten zijn daarop zeker geen uitzondering! In Cusco is het heel gemakkelijk om nieuwe mensen te ontmoeten, vrienden te maken, samen uit te gaan, samen te studeren en te genieten van de geweldige natuur, het eten, het nachtleven en alles wat te maken heeft met de Inca-cultuur en de moderne Latijns-Amerikaanse manier van leven.<\/p>\n\n\n\n<p id=\"fluent-spanish\"><strong>Hoe snel kan je vloeiend Spaans spreken?<\/strong>\u00a0<\/p>\n\n\n\n<p>Van nul tot vloeiend\u2026 realistisch gezien ongeveer 1200 uur studeren om vloeiend te worden. Dit kan worden verdeeld over 600 lesuren gecombineerd met 600 uur zelfstudie die kan worden gedaan door buiten het klaslokaal te oefenen, door huiswerk te maken, gesprekken te voeren enz. Hier krijg je een enorm voordeel als je in het buitenland studeert in een Spaanssprekend land, omdat je zo automatisch je Spaans oefent buiten het klaslokaal op straat, in een winkel of restaurant, naar muziek luistert, met mensen praat, in een gastgezin woont etc.<\/p>\n\n\n\n<p>Maar wat is vloeiend? Vloeiend is minimaal C1-niveau. Met een C1-niveau kun je je goed uitdrukken en mensen begrijpen, gesprekken voeren over verschillende onderwerpen en heb je zelfvertrouwen in de taal. Het betekent niet dat je Spaans perfect is. Vloeiend betekent dat je jezelf heel goed kunt redden in verschillende soorten situaties.<\/p>\n\n\n\n<p id=\"spanish-by-myself\"><strong>Hoe kan ik zelf Spaans leren?<\/strong>\u00a0<\/p>\n\n\n\n<p>Naast het volgen van een taalcursus Spaans, kun je ook zelf je Spaanse niveau verbeteren. Ons beste advies is om zoveel mogelijk contact met de Spaanse taal te leggen, dus om jouw contacttijd met de taal te vergroten. Je hoeft niet altijd actief te studeren, je kunt ook passief vooruitgang boeken. Hier zijn enkele voorbeelden van hoe je dat kunt doen:<\/p>\n\n\n\n<ol class=\"wp-block-list\">\n<li>Leer woordenschat uit boeken, films en televisie<\/li>\n\n\n\n<li>Luister naar Spaanse muziek<\/li>\n\n\n\n<li>Leer grammatica met schoolboeken<\/li>\n\n\n\n<li>Luister naar podcasts of audioboeken in het Spaans<\/li>\n\n\n\n<li>Reizen naar Spaanstalige landen<\/li>\n\n\n\n<li>Download Spaanstalige apps<\/li>\n\n\n\n<li>Lees het nieuws in het Spaans<\/li>\n\n\n\n<li>Zoek iemand bij je in de buurt die Spaans spreekt en oefen met die persoon.<\/li>\n\n\n\n<li>Probeer elke dag over 1 onderwerp in het Spaans na te denken.<\/li>\n\n\n\n<li>De laatste is de belangrijkste: praten! Probeer waar mogelijk Spaans te spreken. Wees niet bang om fouten te maken. Wees je ervan bewust dat juist het maken van fouten heel leerzaam is.\u00a0<\/li>\n<\/ol>\n<\/div><\/div>\n\n\n\n<div style=\"height:40px\" aria-hidden=\"true\" class=\"wp-block-spacer\"><\/div>\n\n\n\n<div class=\"wp-block-buttons is-content-justification-center is-layout-flex wp-container-core-buttons-is-layout-16018d1d wp-block-buttons-is-layout-flex\">\n<div class=\"wp-block-button\"><a class=\"wp-block-button__link has-background wp-element-button\" href=\"https:\/\/learnspanishinperu.net\/nl\/faq\/faq-plan-je-reis\/\" style=\"background-color:#008000\">Plan je reis naar Peru<\/a><\/div>\n\n\n\n<div class=\"wp-block-button\"><a class=\"wp-block-button__link has-background wp-element-button\" href=\"https:\/\/learnspanishinperu.net\/nl\/faq\/visum-en-paspoort-informatie\/\" style=\"background-color:#ffa500\">Visum &amp; paspoort informatie<\/a><\/div>\n\n\n\n<div class=\"wp-block-button\"><a class=\"wp-block-button__link has-background wp-element-button\" href=\"https:\/\/learnspanishinperu.net\/nl\/faq\/faq-veiligheid-in-peru\/\" style=\"background-color:#0000ff\">Veiligheid en gezondheid<\/a><\/div>\n\n\n\n<div class=\"wp-block-button\"><a class=\"wp-block-button__link has-background wp-element-button\" href=\"https:\/\/learnspanishinperu.net\/nl\/faq\/faq-praktische-informatie-peru\/\" style=\"background-color:#a52a2a\">Praktische informatie over Peru<\/a><\/div>\n\n\n\n<div class=\"wp-block-button\"><a class=\"wp-block-button__link has-background wp-element-button\" href=\"https:\/\/learnspanishinperu.net\/nl\/faq\/machu-picchu\/\" style=\"background-color:#800080\">Machu Picchu<\/a><\/div>\n<\/div>\n\n\n\n<div style=\"height:30px\" aria-hidden=\"true\" class=\"wp-block-spacer\"><\/div>\n","protected":false},"excerpt":{"rendered":"<p>Onze antwoorden op enkele van de meest gestelde vragen over Spaans in Peru Is Peruaans Spaans eenvoudig te begrijpen?\u00a0Waarom is Spaans zo belangrijk?\u00a0Wat zijn 5 voordelen van het leren van de Spaanse taal?\u00a0Waarom is Peru de perfecte plek om Spaans te leren?\u00a0Is Cusco een goede plaats om Spaans te leren?\u00a0Hoe snel kun je vloeiend Spaans&hellip;<\/p>\n<p class=\"more\"><a class=\"more-link\" href=\"https:\/\/learnspanishinperu.net\/nl\/faq\/spaans\/\">Continue reading <span class=\"screen-reader-text\">FAQ Spaans<\/span><\/a><\/p>\n","protected":false},"author":1,"featured_media":0,"parent":5624,"menu_order":0,"comment_status":"closed","ping_status":"closed","template":"page-templates\/wide.php","meta":{"_coblocks_attr":"","_coblocks_dimensions":"","_coblocks_responsive_height":"","_coblocks_accordion_ie_support":"","footnotes":""},"class_list":["post-44826","page","type-page","status-publish","hentry","entry"],"yoast_head":"<!-- This site is optimized with the Yoast SEO plugin v27.4 - https:\/\/yoast.com\/product\/yoast-seo-wordpress\/ -->\n<title>FAQ Spaans in Peru - Mundo Antiguo Spaanse school in Cusco<\/title>\n<meta name=\"description\" content=\"Wij beantwoorden enkele van de meest gestelde vragen over de Spaanse taal in Peru: door Mundo Antiguo Spaanse taalschool Cusco.\" \/>\n<meta name=\"robots\" content=\"index, follow, max-snippet:-1, max-image-preview:large, max-video-preview:-1\" \/>\n<link rel=\"canonical\" href=\"https:\/\/learnspanishinperu.net\/nl\/faq\/spaans\/\" \/>\n<meta property=\"og:locale\" content=\"nl_NL\" \/>\n<meta property=\"og:type\" content=\"article\" \/>\n<meta property=\"og:title\" content=\"FAQ Spaans in Peru - Mundo Antiguo Spaanse school in Cusco\" \/>\n<meta property=\"og:description\" content=\"Wij beantwoorden enkele van de meest gestelde vragen over de Spaanse taal in Peru: door Mundo Antiguo Spaanse taalschool Cusco.\" \/>\n<meta property=\"og:url\" content=\"https:\/\/learnspanishinperu.net\/nl\/faq\/spaans\/\" \/>\n<meta property=\"og:site_name\" content=\"Mundo Antiguo\" \/>\n<meta property=\"article:publisher\" content=\"http:\/\/www.facebook.com\/MundoAntiguoSpanishSchool\" \/>\n<meta property=\"article:modified_time\" content=\"2023-10-04T15:48:17+00:00\" \/>\n<meta property=\"og:image\" content=\"https:\/\/learnspanishinperu.net\/wp-content\/uploads\/2021\/05\/qtq80-aEhHUJ.jpeg\" \/>\n<meta name=\"twitter:card\" content=\"summary_large_image\" \/>\n<meta name=\"twitter:site\" content=\"@MASpanishschool\" \/>\n<meta name=\"twitter:label1\" content=\"Geschatte leestijd\" \/>\n\t<meta name=\"twitter:data1\" content=\"5 minuten\" \/>\n<!-- \/ Yoast SEO plugin. -->","yoast_head_json":{"title":"FAQ Spaans in Peru - Mundo Antiguo Spaanse school in Cusco","description":"Wij beantwoorden enkele van de meest gestelde vragen over de Spaanse taal in Peru: door Mundo Antiguo Spaanse taalschool Cusco.","robots":{"index":"index","follow":"follow","max-snippet":"max-snippet:-1","max-image-preview":"max-image-preview:large","max-video-preview":"max-video-preview:-1"},"canonical":"https:\/\/learnspanishinperu.net\/nl\/faq\/spaans\/","og_locale":"nl_NL","og_type":"article","og_title":"FAQ Spaans in Peru - Mundo Antiguo Spaanse school in Cusco","og_description":"Wij beantwoorden enkele van de meest gestelde vragen over de Spaanse taal in Peru: door Mundo Antiguo Spaanse taalschool Cusco.","og_url":"https:\/\/learnspanishinperu.net\/nl\/faq\/spaans\/","og_site_name":"Mundo Antiguo","article_publisher":"http:\/\/www.facebook.com\/MundoAntiguoSpanishSchool","article_modified_time":"2023-10-04T15:48:17+00:00","og_image":[{"url":"https:\/\/learnspanishinperu.net\/wp-content\/uploads\/2021\/05\/qtq80-aEhHUJ.jpeg","type":"","width":"","height":""}],"twitter_card":"summary_large_image","twitter_site":"@MASpanishschool","twitter_misc":{"Geschatte leestijd":"5 minuten"},"schema":{"@context":"https:\/\/schema.org","@graph":[{"@type":"WebPage","@id":"https:\/\/learnspanishinperu.net\/nl\/faq\/spaans\/","url":"https:\/\/learnspanishinperu.net\/nl\/faq\/spaans\/","name":"FAQ Spaans in Peru - Mundo Antiguo Spaanse school in Cusco","isPartOf":{"@id":"https:\/\/learnspanishinperu.net\/#website"},"primaryImageOfPage":{"@id":"https:\/\/learnspanishinperu.net\/nl\/faq\/spaans\/#primaryimage"},"image":{"@id":"https:\/\/learnspanishinperu.net\/nl\/faq\/spaans\/#primaryimage"},"thumbnailUrl":"https:\/\/learnspanishinperu.net\/wp-content\/uploads\/2021\/05\/qtq80-aEhHUJ.jpeg","datePublished":"2023-10-04T15:48:14+00:00","dateModified":"2023-10-04T15:48:17+00:00","description":"Wij beantwoorden enkele van de meest gestelde vragen over de Spaanse taal in Peru: door Mundo Antiguo Spaanse taalschool Cusco.","breadcrumb":{"@id":"https:\/\/learnspanishinperu.net\/nl\/faq\/spaans\/#breadcrumb"},"inLanguage":"nl","potentialAction":[{"@type":"ReadAction","target":["https:\/\/learnspanishinperu.net\/nl\/faq\/spaans\/"]}]},{"@type":"ImageObject","inLanguage":"nl","@id":"https:\/\/learnspanishinperu.net\/nl\/faq\/spaans\/#primaryimage","url":"https:\/\/learnspanishinperu.net\/wp-content\/uploads\/2021\/05\/qtq80-aEhHUJ.jpeg","contentUrl":"https:\/\/learnspanishinperu.net\/wp-content\/uploads\/2021\/05\/qtq80-aEhHUJ.jpeg"},{"@type":"BreadcrumbList","@id":"https:\/\/learnspanishinperu.net\/nl\/faq\/spaans\/#breadcrumb","itemListElement":[{"@type":"ListItem","position":1,"name":"Home","item":"https:\/\/learnspanishinperu.net\/nl\/"},{"@type":"ListItem","position":2,"name":"FAQ\u00b4s","item":"https:\/\/learnspanishinperu.net\/nl\/faq\/"},{"@type":"ListItem","position":3,"name":"FAQ Spaans"}]},{"@type":"WebSite","@id":"https:\/\/learnspanishinperu.net\/#website","url":"https:\/\/learnspanishinperu.net\/","name":"Mundo Antiguo","description":"Spanish school Cusco","publisher":{"@id":"https:\/\/learnspanishinperu.net\/#organization"},"potentialAction":[{"@type":"SearchAction","target":{"@type":"EntryPoint","urlTemplate":"https:\/\/learnspanishinperu.net\/?s={search_term_string}"},"query-input":{"@type":"PropertyValueSpecification","valueRequired":true,"valueName":"search_term_string"}}],"inLanguage":"nl"},{"@type":"Organization","@id":"https:\/\/learnspanishinperu.net\/#organization","name":"Mundo Antiguo","url":"https:\/\/learnspanishinperu.net\/","logo":{"@type":"ImageObject","inLanguage":"nl","@id":"https:\/\/learnspanishinperu.net\/#\/schema\/logo\/image\/","url":"https:\/\/learnspanishinperu.net\/wp-content\/uploads\/2016\/04\/logo-Spanish-school-Cusco-Peru-e1547820355169.jpg","contentUrl":"https:\/\/learnspanishinperu.net\/wp-content\/uploads\/2016\/04\/logo-Spanish-school-Cusco-Peru-e1547820355169.jpg","width":100,"height":83,"caption":"Mundo Antiguo"},"image":{"@id":"https:\/\/learnspanishinperu.net\/#\/schema\/logo\/image\/"},"sameAs":["http:\/\/www.facebook.com\/MundoAntiguoSpanishSchool","https:\/\/x.com\/MASpanishschool","https:\/\/www.instagram.com\/mundoantiguo_spanishschool\/","https:\/\/www.linkedin.com\/company\/mundo-antiguo-spanish-school","http:\/\/www.pinterest.com\/mundoantiguo\/"]}]}},"_links":{"self":[{"href":"https:\/\/learnspanishinperu.net\/nl\/wp-json\/wp\/v2\/pages\/44826","targetHints":{"allow":["GET"]}}],"collection":[{"href":"https:\/\/learnspanishinperu.net\/nl\/wp-json\/wp\/v2\/pages"}],"about":[{"href":"https:\/\/learnspanishinperu.net\/nl\/wp-json\/wp\/v2\/types\/page"}],"author":[{"embeddable":true,"href":"https:\/\/learnspanishinperu.net\/nl\/wp-json\/wp\/v2\/users\/1"}],"replies":[{"embeddable":true,"href":"https:\/\/learnspanishinperu.net\/nl\/wp-json\/wp\/v2\/comments?post=44826"}],"version-history":[{"count":2,"href":"https:\/\/learnspanishinperu.net\/nl\/wp-json\/wp\/v2\/pages\/44826\/revisions"}],"predecessor-version":[{"id":44828,"href":"https:\/\/learnspanishinperu.net\/nl\/wp-json\/wp\/v2\/pages\/44826\/revisions\/44828"}],"up":[{"embeddable":true,"href":"https:\/\/learnspanishinperu.net\/nl\/wp-json\/wp\/v2\/pages\/5624"}],"wp:attachment":[{"href":"https:\/\/learnspanishinperu.net\/nl\/wp-json\/wp\/v2\/media?parent=44826"}],"curies":[{"name":"wp","href":"https:\/\/api.w.org\/{rel}","templated":true}]}}