{"id":42106,"date":"2023-02-14T09:49:15","date_gmt":"2023-02-14T14:49:15","guid":{"rendered":"https:\/\/learnspanishinperu.net\/diensten\/quechua\/"},"modified":"2023-02-14T11:00:03","modified_gmt":"2023-02-14T16:00:03","slug":"quechua","status":"publish","type":"page","link":"https:\/\/learnspanishinperu.net\/nl\/diensten\/quechua\/","title":{"rendered":"Quechua online"},"content":{"rendered":"\n<div class=\"wp-block-group\"><div class=\"wp-block-group__inner-container is-layout-flow wp-block-group-is-layout-flow\">\n<div class=\"wp-block-cover alignfull is-light has-parallax\" style=\"min-height:460px;aspect-ratio:unset;\"><span aria-hidden=\"true\" class=\"wp-block-cover__background has-background-dim-10 has-background-dim\"><\/span><div role=\"img\" class=\"wp-block-cover__image-background wp-image-16007 has-parallax lazyload\" style=\"background-position:50% 50%;background-image:inherit\" data-bg-image=\"url(https:\/\/learnspanishinperu.net\/wp-content\/uploads\/2020\/07\/DSC03425-scaled.jpg)\"><\/div><div class=\"wp-block-cover__inner-container is-layout-flow wp-block-cover-is-layout-flow\">\n<h1 class=\"has-text-align-center has-white-color has-text-color wp-block-heading\" id=\"online-spanish-programs\" style=\"font-size:60px\">Online Quechua programma<\/h1>\n\n\n\n<p class=\"has-text-align-center has-white-color has-text-color has-5-xl-font-size\"><em>Leer Quechua vanuit huis<\/em><\/p>\n<\/div><\/div>\n\n\n\n<div style=\"height:40px\" aria-hidden=\"true\" class=\"wp-block-spacer\"><\/div>\n\n\n\n<blockquote class=\"wp-block-quote has-text-align-left is-style-large is-style-plain is-layout-flow wp-block-quote-is-layout-flow\">\n<h2 class=\"wp-block-heading\">Quechua online lessen, priv\u00e9-leraar<\/h2>\n<cite><strong>Quechua online!<\/strong> Snelle, persoonlijke service. Volg de lessen met de intensiteit die jij wilt!<br \/><strong>Quechua online!<\/strong> Leer Quechua wanneer je maar wilt en met het comfort van je eigen plek.<\/cite><\/blockquote>\n\n\n\n<div style=\"height:30px\" aria-hidden=\"true\" class=\"wp-block-spacer\"><\/div>\n\n\n\n<div class=\"wp-block-group has-background coblocks-animate\" style=\"background-color:#e7e7e7\" data-coblocks-animation=\"slideInLeft\"><div class=\"wp-block-group__inner-container is-layout-flow wp-block-group-is-layout-flow\">\n<h2 class=\"has-text-align-center wp-block-heading\" id=\"online-spanish-course\">Online Quechua cursus<\/h2>\n\n\n\n<p>We zijn ervan overtuigd dat iedereen die snel en effectief een taal wil leren, het volgende nodig heeft:<\/p>\n\n\n<div class=\"wp-block-image is-style-bottom-wave\">\n<figure class=\"alignright size-medium\"><img decoding=\"async\" width=\"300\" height=\"200\" data-src=\"https:\/\/learnspanishinperu.net\/wp-content\/uploads\/2020\/07\/qtq80-pChJIr-300x200.jpeg\" alt=\"\" class=\"wp-image-15998 lazyload\" data-srcset=\"https:\/\/learnspanishinperu.net\/wp-content\/uploads\/2020\/07\/qtq80-pChJIr-300x200.jpeg 300w, https:\/\/learnspanishinperu.net\/wp-content\/uploads\/2020\/07\/qtq80-pChJIr-1024x683.jpeg 1024w, https:\/\/learnspanishinperu.net\/wp-content\/uploads\/2020\/07\/qtq80-pChJIr-768x512.jpeg 768w, https:\/\/learnspanishinperu.net\/wp-content\/uploads\/2020\/07\/qtq80-pChJIr.jpeg 1254w\" data-sizes=\"(max-width: 300px) 100vw, 300px\" src=\"data:image\/svg+xml;base64,PHN2ZyB3aWR0aD0iMSIgaGVpZ2h0PSIxIiB4bWxucz0iaHR0cDovL3d3dy53My5vcmcvMjAwMC9zdmciPjwvc3ZnPg==\" style=\"--smush-placeholder-width: 300px; --smush-placeholder-aspect-ratio: 300\/200;\" \/><\/figure>\n<\/div>\n\n\n<ul class=\"wp-block-list\">\n<li>Een <strong>individuele aanpak<\/strong>: lessen afgestemd op de capaciteiten, behoeften en wensen van de student<\/li>\n\n\n\n<li>Een-op-een lessen, je <strong>priv\u00e9leraar<\/strong><\/li>\n\n\n\n<li>Directe <strong>conversatie<\/strong> om je luister- en spreekvaardigheid te oefenen. Hoe meer conversatie je hebt, hoe sneller je Quechua spreekt<\/li>\n\n\n\n<li><strong>Grammatica<\/strong>, <strong>woordenschat<\/strong>, <strong>schrijven<\/strong> en <strong>uitspraak<\/strong>. <\/li>\n\n\n\n<li>Leer door te doen en met veel <strong>plezier<\/strong>!<\/li>\n<\/ul>\n\n\n\n<p>We kunnen lessen aanbieden op <strong>beginners<\/strong>-, <strong>gemiddeld<\/strong> en <strong>gevorderd<\/strong> niveau.<\/p>\n\n\n\n<p>Je krijgt online les bij een van onze ervaren native docenten. Onze methodologie en cursusmateriaal hebben zich bewezen. Volg je online Quechua cursus bij Mundo Antiguo en kies ervoor om Quechua snel en effectief te leren.<\/p>\n<\/div><\/div>\n\n\n\n<div style=\"height:70px\" aria-hidden=\"true\" class=\"wp-block-spacer\"><\/div>\n\n\n\n<div class=\"wp-block-group has-background coblocks-animate\" style=\"background-color:#e7e7e7\" data-coblocks-animation=\"slideInRight\"><div class=\"wp-block-group__inner-container is-layout-flow wp-block-group-is-layout-flow\">\n<h2 class=\"has-text-align-center wp-block-heading\" id=\"online-spanish-lessons-one-to-one\">Online Quechua lessen \u00e9\u00e9n-op-\u00e9\u00e9n<\/h2>\n\n\n<div class=\"wp-block-image is-style-bottom-wave\">\n<figure class=\"alignright size-medium coblocks-animate\" data-coblocks-animation=\"fadeIn\"><a href=\"https:\/\/learnspanishinperu.net\/wp-content\/uploads\/2020\/07\/cusco-fiesta-inti-raymi.jpg\"><img decoding=\"async\" width=\"300\" height=\"200\" data-src=\"https:\/\/learnspanishinperu.net\/wp-content\/uploads\/2020\/07\/cusco-fiesta-inti-raymi-300x200.jpg\" alt=\"\" class=\"wp-image-15755 lazyload\" data-srcset=\"https:\/\/learnspanishinperu.net\/wp-content\/uploads\/2020\/07\/cusco-fiesta-inti-raymi-300x200.jpg 300w, https:\/\/learnspanishinperu.net\/wp-content\/uploads\/2020\/07\/cusco-fiesta-inti-raymi-768x512.jpg 768w, https:\/\/learnspanishinperu.net\/wp-content\/uploads\/2020\/07\/cusco-fiesta-inti-raymi.jpg 960w\" data-sizes=\"(max-width: 300px) 100vw, 300px\" src=\"data:image\/svg+xml;base64,PHN2ZyB3aWR0aD0iMSIgaGVpZ2h0PSIxIiB4bWxucz0iaHR0cDovL3d3dy53My5vcmcvMjAwMC9zdmciPjwvc3ZnPg==\" style=\"--smush-placeholder-width: 300px; --smush-placeholder-aspect-ratio: 300\/200;\" \/><\/a><\/figure>\n<\/div>\n\n\n<p>Onze online lessen zijn voor iedereen die Quechua wil leren, ongeacht je leeftijd of je startniveau.<\/p>\n\n\n\n<p>Je kunt een pakket van 10 of 20 lessen van 1 vol uur nemen. De prijs van onze online Quechua programma&#8217;s:<\/p>\n\n\n\n<ul class=\"is-style-checkbox wp-block-list\">\n<li>Prijs per 10 uur: $ 145 USD<\/li>\n\n\n\n<li>Prijs per 20 uur: $ 280 USD<\/li>\n<\/ul>\n\n\n\n<div class=\"wp-block-buttons is-layout-flex wp-block-buttons-is-layout-flex\">\n<div class=\"wp-block-button\"><a class=\"wp-block-button__link has-background wp-element-button\" href=\"https:\/\/learnspanishinperu.net\/nl\/contact\/\" style=\"background-color:#008000\">Ik wil Quechua leren!<\/a><\/div>\n<\/div>\n<\/div><\/div>\n\n\n\n<div style=\"height:70px\" aria-hidden=\"true\" class=\"wp-block-spacer\"><\/div>\n<\/div><\/div>\n\n\n\n<div class=\"wp-block-group has-background\" style=\"background-color:#e7e7e7\"><div class=\"wp-block-group__inner-container is-layout-flow wp-block-group-is-layout-flow\">\n<h3 class=\"has-text-align-center wp-block-heading\" id=\"more-information-about-our-spanish-programs\">Meer informatie over onze programma&#8217;s?<\/h3>\n\n\n\n<div class=\"wp-block-buttons is-horizontal is-content-justification-center is-layout-flex wp-container-core-buttons-is-layout-499968f5 wp-block-buttons-is-layout-flex\">\n<div class=\"wp-block-button\"><a class=\"wp-block-button__link has-background wp-element-button\" href=\"https:\/\/learnspanishinperu.net\/nl\/spanish-online\/\" style=\"background-color:#0000ff\">Online Spaans programma<\/a><\/div>\n\n\n\n<div class=\"wp-block-button\"><a class=\"wp-block-button__link has-background wp-element-button\" href=\"https:\/\/learnspanishinperu.net\/nl\/spaans-school\/mundo-antiguo\/\" style=\"background-color:#a52a2a\">Mundo Antiguo<\/a><\/div>\n\n\n\n<div class=\"wp-block-button\"><a class=\"wp-block-button__link has-background wp-element-button\" href=\"https:\/\/learnspanishinperu.net\/nl\/vrijwilligerswerk\/\" style=\"background-color:#008000\">Vrijwilliger in Cusco<\/a><\/div>\n\n\n\n<div class=\"wp-block-button\"><a class=\"wp-block-button__link has-background wp-element-button\" href=\"https:\/\/learnspanishinperu.net\/nl\/prijzen\/\" style=\"background-color:#ffa500\">Prijzen<\/a><\/div>\n<\/div>\n<\/div><\/div>\n\n\n\n<div style=\"height:30px\" aria-hidden=\"true\" class=\"wp-block-spacer\"><\/div>\n","protected":false},"excerpt":{"rendered":"<p>Quechua online lessen, priv\u00e9-leraar Online Quechua cursus We zijn ervan overtuigd dat iedereen die snel en effectief een taal wil leren, het volgende nodig heeft: We kunnen lessen aanbieden op beginners-, gemiddeld en gevorderd niveau. Je krijgt online les bij een van onze ervaren native docenten. Onze methodologie en cursusmateriaal hebben zich bewezen. Volg je&hellip;<\/p>\n<p class=\"more\"><a class=\"more-link\" href=\"https:\/\/learnspanishinperu.net\/nl\/diensten\/quechua\/\">Continue reading <span class=\"screen-reader-text\">Quechua online<\/span><\/a><\/p>\n","protected":false},"author":1,"featured_media":0,"parent":16461,"menu_order":0,"comment_status":"closed","ping_status":"closed","template":"page-templates\/wide.php","meta":{"_coblocks_attr":"","_coblocks_dimensions":"","_coblocks_responsive_height":"","_coblocks_accordion_ie_support":"","footnotes":""},"class_list":["post-42106","page","type-page","status-publish","hentry","entry"],"yoast_head":"<!-- This site is optimized with the Yoast SEO plugin v27.4 - https:\/\/yoast.com\/product\/yoast-seo-wordpress\/ -->\n<title>Quechua online - Mundo Antiguo - Priv\u00e9 Quechua lessen online!<\/title>\n<meta name=\"description\" content=\"Quechua lessen online met een priv\u00e9-leraar, leer Quechua online met \u00e9\u00e9n-op-\u00e9\u00e9n lessen. Flexible programma&#039;s op alle niveaus!\" \/>\n<meta name=\"robots\" content=\"index, follow, max-snippet:-1, max-image-preview:large, max-video-preview:-1\" \/>\n<link rel=\"canonical\" href=\"https:\/\/learnspanishinperu.net\/nl\/diensten\/quechua\/\" \/>\n<meta property=\"og:locale\" content=\"nl_NL\" \/>\n<meta property=\"og:type\" content=\"article\" \/>\n<meta property=\"og:title\" content=\"Quechua online - Mundo Antiguo - Priv\u00e9 Quechua lessen online!\" \/>\n<meta property=\"og:description\" content=\"Quechua lessen online met een priv\u00e9-leraar, leer Quechua online met \u00e9\u00e9n-op-\u00e9\u00e9n lessen. Flexible programma&#039;s op alle niveaus!\" \/>\n<meta property=\"og:url\" content=\"https:\/\/learnspanishinperu.net\/nl\/diensten\/quechua\/\" \/>\n<meta property=\"og:site_name\" content=\"Mundo Antiguo\" \/>\n<meta property=\"article:publisher\" content=\"http:\/\/www.facebook.com\/MundoAntiguoSpanishSchool\" \/>\n<meta property=\"article:modified_time\" content=\"2023-02-14T16:00:03+00:00\" \/>\n<meta property=\"og:image\" content=\"https:\/\/learnspanishinperu.net\/wp-content\/uploads\/2020\/07\/qtq80-pChJIr-300x200.jpeg\" \/>\n<meta name=\"twitter:card\" content=\"summary_large_image\" \/>\n<meta name=\"twitter:site\" content=\"@MASpanishschool\" \/>\n<meta name=\"twitter:label1\" content=\"Geschatte leestijd\" \/>\n\t<meta name=\"twitter:data1\" content=\"2 minuten\" \/>\n<!-- \/ Yoast SEO plugin. -->","yoast_head_json":{"title":"Quechua online - Mundo Antiguo - Priv\u00e9 Quechua lessen online!","description":"Quechua lessen online met een priv\u00e9-leraar, leer Quechua online met \u00e9\u00e9n-op-\u00e9\u00e9n lessen. Flexible programma's op alle niveaus!","robots":{"index":"index","follow":"follow","max-snippet":"max-snippet:-1","max-image-preview":"max-image-preview:large","max-video-preview":"max-video-preview:-1"},"canonical":"https:\/\/learnspanishinperu.net\/nl\/diensten\/quechua\/","og_locale":"nl_NL","og_type":"article","og_title":"Quechua online - Mundo Antiguo - Priv\u00e9 Quechua lessen online!","og_description":"Quechua lessen online met een priv\u00e9-leraar, leer Quechua online met \u00e9\u00e9n-op-\u00e9\u00e9n lessen. Flexible programma's op alle niveaus!","og_url":"https:\/\/learnspanishinperu.net\/nl\/diensten\/quechua\/","og_site_name":"Mundo Antiguo","article_publisher":"http:\/\/www.facebook.com\/MundoAntiguoSpanishSchool","article_modified_time":"2023-02-14T16:00:03+00:00","og_image":[{"url":"https:\/\/learnspanishinperu.net\/wp-content\/uploads\/2020\/07\/qtq80-pChJIr-300x200.jpeg","type":"","width":"","height":""}],"twitter_card":"summary_large_image","twitter_site":"@MASpanishschool","twitter_misc":{"Geschatte leestijd":"2 minuten"},"schema":{"@context":"https:\/\/schema.org","@graph":[{"@type":"WebPage","@id":"https:\/\/learnspanishinperu.net\/nl\/diensten\/quechua\/","url":"https:\/\/learnspanishinperu.net\/nl\/diensten\/quechua\/","name":"Quechua online - Mundo Antiguo - Priv\u00e9 Quechua lessen online!","isPartOf":{"@id":"https:\/\/learnspanishinperu.net\/#website"},"primaryImageOfPage":{"@id":"https:\/\/learnspanishinperu.net\/nl\/diensten\/quechua\/#primaryimage"},"image":{"@id":"https:\/\/learnspanishinperu.net\/nl\/diensten\/quechua\/#primaryimage"},"thumbnailUrl":"https:\/\/learnspanishinperu.net\/wp-content\/uploads\/2020\/07\/qtq80-pChJIr-300x200.jpeg","datePublished":"2023-02-14T14:49:15+00:00","dateModified":"2023-02-14T16:00:03+00:00","description":"Quechua lessen online met een priv\u00e9-leraar, leer Quechua online met \u00e9\u00e9n-op-\u00e9\u00e9n lessen. Flexible programma's op alle niveaus!","breadcrumb":{"@id":"https:\/\/learnspanishinperu.net\/nl\/diensten\/quechua\/#breadcrumb"},"inLanguage":"nl","potentialAction":[{"@type":"ReadAction","target":["https:\/\/learnspanishinperu.net\/nl\/diensten\/quechua\/"]}]},{"@type":"ImageObject","inLanguage":"nl","@id":"https:\/\/learnspanishinperu.net\/nl\/diensten\/quechua\/#primaryimage","url":"https:\/\/learnspanishinperu.net\/wp-content\/uploads\/2020\/07\/qtq80-pChJIr-300x200.jpeg","contentUrl":"https:\/\/learnspanishinperu.net\/wp-content\/uploads\/2020\/07\/qtq80-pChJIr-300x200.jpeg"},{"@type":"BreadcrumbList","@id":"https:\/\/learnspanishinperu.net\/nl\/diensten\/quechua\/#breadcrumb","itemListElement":[{"@type":"ListItem","position":1,"name":"Home","item":"https:\/\/learnspanishinperu.net\/nl\/"},{"@type":"ListItem","position":2,"name":"Diensten","item":"https:\/\/learnspanishinperu.net\/nl\/diensten\/"},{"@type":"ListItem","position":3,"name":"Quechua online"}]},{"@type":"WebSite","@id":"https:\/\/learnspanishinperu.net\/#website","url":"https:\/\/learnspanishinperu.net\/","name":"Mundo Antiguo","description":"Spanish school Cusco","publisher":{"@id":"https:\/\/learnspanishinperu.net\/#organization"},"potentialAction":[{"@type":"SearchAction","target":{"@type":"EntryPoint","urlTemplate":"https:\/\/learnspanishinperu.net\/?s={search_term_string}"},"query-input":{"@type":"PropertyValueSpecification","valueRequired":true,"valueName":"search_term_string"}}],"inLanguage":"nl"},{"@type":"Organization","@id":"https:\/\/learnspanishinperu.net\/#organization","name":"Mundo Antiguo","url":"https:\/\/learnspanishinperu.net\/","logo":{"@type":"ImageObject","inLanguage":"nl","@id":"https:\/\/learnspanishinperu.net\/#\/schema\/logo\/image\/","url":"https:\/\/learnspanishinperu.net\/wp-content\/uploads\/2016\/04\/logo-Spanish-school-Cusco-Peru-e1547820355169.jpg","contentUrl":"https:\/\/learnspanishinperu.net\/wp-content\/uploads\/2016\/04\/logo-Spanish-school-Cusco-Peru-e1547820355169.jpg","width":100,"height":83,"caption":"Mundo Antiguo"},"image":{"@id":"https:\/\/learnspanishinperu.net\/#\/schema\/logo\/image\/"},"sameAs":["http:\/\/www.facebook.com\/MundoAntiguoSpanishSchool","https:\/\/x.com\/MASpanishschool","https:\/\/www.instagram.com\/mundoantiguo_spanishschool\/","https:\/\/www.linkedin.com\/company\/mundo-antiguo-spanish-school","http:\/\/www.pinterest.com\/mundoantiguo\/"]}]}},"_links":{"self":[{"href":"https:\/\/learnspanishinperu.net\/nl\/wp-json\/wp\/v2\/pages\/42106","targetHints":{"allow":["GET"]}}],"collection":[{"href":"https:\/\/learnspanishinperu.net\/nl\/wp-json\/wp\/v2\/pages"}],"about":[{"href":"https:\/\/learnspanishinperu.net\/nl\/wp-json\/wp\/v2\/types\/page"}],"author":[{"embeddable":true,"href":"https:\/\/learnspanishinperu.net\/nl\/wp-json\/wp\/v2\/users\/1"}],"replies":[{"embeddable":true,"href":"https:\/\/learnspanishinperu.net\/nl\/wp-json\/wp\/v2\/comments?post=42106"}],"version-history":[{"count":4,"href":"https:\/\/learnspanishinperu.net\/nl\/wp-json\/wp\/v2\/pages\/42106\/revisions"}],"predecessor-version":[{"id":42116,"href":"https:\/\/learnspanishinperu.net\/nl\/wp-json\/wp\/v2\/pages\/42106\/revisions\/42116"}],"up":[{"embeddable":true,"href":"https:\/\/learnspanishinperu.net\/nl\/wp-json\/wp\/v2\/pages\/16461"}],"wp:attachment":[{"href":"https:\/\/learnspanishinperu.net\/nl\/wp-json\/wp\/v2\/media?parent=42106"}],"curies":[{"name":"wp","href":"https:\/\/api.w.org\/{rel}","templated":true}]}}