{"id":16405,"date":"2020-03-24T22:04:58","date_gmt":"2020-03-25T03:04:58","guid":{"rendered":"https:\/\/learnspanishinperu.net\/spaans-leren\/private-spanish-courses\/"},"modified":"2024-11-04T17:10:32","modified_gmt":"2024-11-04T22:10:32","slug":"prive-cursus-spaans","status":"publish","type":"page","link":"https:\/\/learnspanishinperu.net\/nl\/spaans-leren\/prive-cursus-spaans\/","title":{"rendered":"Priv\u00e9cursus Spaans"},"content":{"rendered":"\n<div class=\"wp-block-cover alignfull is-light has-parallax mt-0\" style=\"min-height:460px;aspect-ratio:unset;\"><span aria-hidden=\"true\" class=\"wp-block-cover__background has-background-dim-10 has-background-dim\"><\/span><div class=\"wp-block-cover__image-background wp-image-15944 has-parallax lazyload\" style=\"background-position:50% 50%;background-image:inherit\" data-bg-image=\"url(https:\/\/learnspanishinperu.net\/wp-content\/uploads\/2020\/07\/Individual-Spanish-lessons-scaled.jpg)\"><\/div><div class=\"wp-block-cover__inner-container is-layout-flow wp-block-cover-is-layout-flow\">\n<h1 class=\"wp-block-heading has-text-align-center has-white-color has-text-color\" id=\"privecursus-spaans\" style=\"font-size:60px\"><mark style=\"background-color:rgba(0, 0, 0, 0)\" class=\"has-inline-color has-white-color\">Priv\u00e9cursus Spaans<\/mark><\/h1>\n\n\n\n<p class=\"has-text-align-center has-white-color has-text-color has-5-xl-font-size\"><em>Flexibele programmas met een-op-een lessen<\/em><\/p>\n<\/div><\/div>\n\n\n\n<div style=\"height:10px\" aria-hidden=\"true\" class=\"wp-block-spacer\"><\/div>\n\n\n\n<blockquote class=\"wp-block-quote is-style-large is-style-plain has-2-xl-font-size is-layout-flow wp-block-quote-is-layout-flow\" style=\"font-style:normal;font-weight:400\">\n<p>Priv\u00e9cursus Spaans<\/p>\n<cite>Als je het meeste uit je tijd in Cusco wilt halen, zijn priv\u00e9lessen de beste keuze! Je krijgt volledig op maat gemaakte lessen, volgens jouw wensen, tempo en schema.<br \/><br \/>Nadat je onze plaatsingstest hebt voltooid en je leerdoelen hebt gedeeld, zullen we het beste programma voor je ontwerpen. Onze lessen richten zich op een meer praktische benadering, je leert hoe je daadwerkelijk Spaans spreekt. Daarom bevatten de lessen zowel grammatica als conversatieoefeningen. <br \/><br \/>Als je 4 uur per dag studeert, heb je baat bij 2 verschillende docenten. Je kunt zien dat de verandering in lesstijlen je vooruitgang en betrokkenheid tijdens de lessen ten goede zal komen. En het helpt je om je luistervaardigheid te oefenen door verschillende stemmen te horen. Een keer per week kun je je Spaans oefenen in dagelijkse situaties, terwijl je naar de markt, musea en meer gaat. Voor, na en tijdens de pauze van je lessen kun je jezelf trakteren op een kopje koffie of thee en de andere studenten leren kennen. Je kunt ook gratis deelnemen aan onze wekelijkse culturele activiteiten.<\/cite><\/blockquote>\n\n\n\n<div style=\"height:20px\" aria-hidden=\"true\" class=\"wp-block-spacer\"><\/div>\n\n\n\n<figure class=\"wp-block-gallery has-nested-images columns-4 is-cropped wp-block-gallery-1 is-layout-flex wp-block-gallery-is-layout-flex\">\n<figure class=\"wp-block-image size-large\"><img decoding=\"async\" width=\"640\" height=\"480\" data-id=\"16184\" data-src=\"https:\/\/learnspanishinperu.net\/wp-content\/uploads\/2020\/07\/individual-lessons-Spanish-Cusco.jpg\" alt=\"\" class=\"wp-image-16184 lazyload\" data-srcset=\"https:\/\/learnspanishinperu.net\/wp-content\/uploads\/2020\/07\/individual-lessons-Spanish-Cusco.jpg 640w, https:\/\/learnspanishinperu.net\/wp-content\/uploads\/2020\/07\/individual-lessons-Spanish-Cusco-300x225.jpg 300w, https:\/\/learnspanishinperu.net\/wp-content\/uploads\/2020\/07\/individual-lessons-Spanish-Cusco-373x280.jpg 373w\" data-sizes=\"(max-width: 640px) 100vw, 640px\" src=\"data:image\/svg+xml;base64,PHN2ZyB3aWR0aD0iMSIgaGVpZ2h0PSIxIiB4bWxucz0iaHR0cDovL3d3dy53My5vcmcvMjAwMC9zdmciPjwvc3ZnPg==\" style=\"--smush-placeholder-width: 640px; --smush-placeholder-aspect-ratio: 640\/480;\" \/><\/figure>\n\n\n\n<figure class=\"wp-block-image size-large\"><img decoding=\"async\" width=\"1024\" height=\"683\" data-id=\"15951\" data-src=\"https:\/\/learnspanishinperu.net\/wp-content\/uploads\/2020\/07\/Spanish-private-teacher-1024x683.jpg\" alt=\"\" class=\"wp-image-15951 lazyload\" data-srcset=\"https:\/\/learnspanishinperu.net\/wp-content\/uploads\/2020\/07\/Spanish-private-teacher-1024x683.jpg 1024w, https:\/\/learnspanishinperu.net\/wp-content\/uploads\/2020\/07\/Spanish-private-teacher-300x200.jpg 300w, https:\/\/learnspanishinperu.net\/wp-content\/uploads\/2020\/07\/Spanish-private-teacher-768x512.jpg 768w, https:\/\/learnspanishinperu.net\/wp-content\/uploads\/2020\/07\/Spanish-private-teacher-1536x1024.jpg 1536w, https:\/\/learnspanishinperu.net\/wp-content\/uploads\/2020\/07\/Spanish-private-teacher-2048x1365.jpg 2048w\" data-sizes=\"(max-width: 1024px) 100vw, 1024px\" src=\"data:image\/svg+xml;base64,PHN2ZyB3aWR0aD0iMSIgaGVpZ2h0PSIxIiB4bWxucz0iaHR0cDovL3d3dy53My5vcmcvMjAwMC9zdmciPjwvc3ZnPg==\" style=\"--smush-placeholder-width: 1024px; --smush-placeholder-aspect-ratio: 1024\/683;\" \/><\/figure>\n\n\n\n<figure class=\"wp-block-image size-large\"><img decoding=\"async\" width=\"1024\" height=\"768\" data-id=\"4043\" data-src=\"https:\/\/learnspanishinperu.net\/wp-content\/uploads\/2013\/02\/SAM_0093-edited-1024x768.jpg\" alt=\"Spanish individual course\" class=\"wp-image-4043 lazyload\" src=\"data:image\/svg+xml;base64,PHN2ZyB3aWR0aD0iMSIgaGVpZ2h0PSIxIiB4bWxucz0iaHR0cDovL3d3dy53My5vcmcvMjAwMC9zdmciPjwvc3ZnPg==\" style=\"--smush-placeholder-width: 1024px; --smush-placeholder-aspect-ratio: 1024\/768;\" \/><\/figure>\n\n\n\n<figure class=\"wp-block-image size-large\"><img decoding=\"async\" width=\"1024\" height=\"768\" data-id=\"2783\" data-src=\"https:\/\/learnspanishinperu.net\/wp-content\/uploads\/2013\/02\/spanish-course-4-1024x768.jpg\" alt=\"individual spanish course\" class=\"wp-image-2783 lazyload\" src=\"data:image\/svg+xml;base64,PHN2ZyB3aWR0aD0iMSIgaGVpZ2h0PSIxIiB4bWxucz0iaHR0cDovL3d3dy53My5vcmcvMjAwMC9zdmciPjwvc3ZnPg==\" style=\"--smush-placeholder-width: 1024px; --smush-placeholder-aspect-ratio: 1024\/768;\" \/><\/figure>\n<\/figure>\n\n\n\n<div style=\"height:50px\" aria-hidden=\"true\" class=\"wp-block-spacer\"><\/div>\n\n\n\n<div class=\"wp-block-columns alignwide is-layout-flex wp-container-core-columns-is-layout-9d6595d7 wp-block-columns-is-layout-flex\">\n<div class=\"wp-block-column has-text-color has-background has-link-color wp-elements-092e996bba10a2e5b6b7481033f3a7c4 is-layout-flow wp-block-column-is-layout-flow\" style=\"color:#000000;background-color:#ffe97d;padding-top:2em;padding-right:2em;padding-bottom:2em;padding-left:2em\">\n<div class=\"wp-block-group is-vertical is-layout-flex wp-container-core-group-is-layout-8cf370e7 wp-block-group-is-layout-flex\">\n<p><strong>Wanneer kan ik beginnen?<\/strong><\/p>\n\n\n\n<ul class=\"wp-block-list is-style-default\">\n<li><em>De lessen starten normaal gesproken op maandag, maar vraag ons naar de beschikbaarheid als je op een andere dag wilt beginnen.<\/em><\/li>\n<\/ul>\n<\/div>\n\n\n\n<div style=\"height:20px\" aria-hidden=\"true\" class=\"wp-block-spacer\"><\/div>\n\n\n\n<div class=\"wp-block-group is-vertical is-layout-flex wp-container-core-group-is-layout-8cf370e7 wp-block-group-is-layout-flex\">\n<p><strong>Wat zijn de lestijden?<\/strong><\/p>\n\n\n\n<ul class=\"wp-block-list is-style-default\">\n<li><em>Onze lessen zijn tussen 09:00-13:00 en 14.00-18.00 van maandag tot en met vrijdag (in het weekend op aanvraag). Je kunt zelf kiezen hoeveel uur je per dag\/week les wilt nemen. Het meest gebruikelijk is een programma van 10 of 20 uur per week. <\/em><\/li>\n<\/ul>\n<\/div>\n\n\n\n<div style=\"height:20px\" aria-hidden=\"true\" class=\"wp-block-spacer\"><\/div>\n\n\n\n<div class=\"wp-block-group is-vertical is-layout-flex wp-container-core-group-is-layout-8cf370e7 wp-block-group-is-layout-flex\">\n<p><strong>Welke niveaus bieden jullie aan?<\/strong><\/p>\n\n\n\n<ul class=\"wp-block-list is-style-default\">\n<li><em>Wij bieden cursussen aan van een compleet beginners niveau tot C2. We bieden ook gespecialiseerde cursussen aan. <\/em><\/li>\n<\/ul>\n<\/div>\n\n\n\n<div style=\"height:20px\" aria-hidden=\"true\" class=\"wp-block-spacer\"><\/div>\n\n\n\n<div class=\"wp-block-group is-vertical is-layout-flex wp-container-core-group-is-layout-8cf370e7 wp-block-group-is-layout-flex\">\n<p><strong>Hoe weet ik welk niveau ik heb?<\/strong><\/p>\n\n\n\n<ul class=\"wp-block-list is-style-default\">\n<li><em>Je kunt onze gratis <a href=\"https:\/\/learnspanishinperu.net\/nl\/spaans-leren\/niveau-test-spaans\/\">niveautest<\/a> doen! Dit helpt ons om jouw lessen voor te bereiden en op jouw niveau af te stemmen. <\/em><\/li>\n<\/ul>\n<\/div>\n<\/div>\n\n\n\n<div class=\"wp-block-column has-text-color has-background has-link-color wp-elements-5c948510da7862b00255869af3c050db is-layout-flow wp-block-column-is-layout-flow\" style=\"color:#000000;background-color:#d1d1e1;padding-top:2em;padding-right:2em;padding-bottom:2em;padding-left:2em\">\n<h2 class=\"wp-block-heading\" id=\"family\" style=\"font-size:40px\">Inclusief<\/h2>\n\n\n\n<hr class=\"wp-block-separator has-css-opacity is-style-wide\"\/>\n\n\n\n<ul class=\"wp-block-list is-style-checkbox\">\n<li>Niveautest<\/li>\n\n\n\n<li>Ons werkbook, een schrift en een pen<\/li>\n\n\n\n<li>Certificaat<\/li>\n\n\n\n<li>Gratis wekelijkse activiteiten <\/li>\n\n\n\n<li>Gratis koffie en thee<\/li>\n\n\n\n<li>Gratis Wi-Fi<\/li>\n\n\n\n<li>Inschrijfkosten inbegrepen<\/li>\n<\/ul>\n\n\n\n<div class=\"wp-block-buttons alignfull is-horizontal is-content-justification-center is-layout-flex wp-container-core-buttons-is-layout-499968f5 wp-block-buttons-is-layout-flex\">\n<div class=\"wp-block-button has-custom-width wp-block-button__width-100 is-style-fill\"><a class=\"wp-block-button__link has-white-color has-text-color has-background no-border-radius wp-element-button\" href=\"https:\/\/learnspanishinperu.net\/nl\/spaans-school\/gratis-activiteiten-en-diensten\/\" style=\"background-color:#000000\">Inclusief in al onze programma&#8217;s!<\/a><\/div>\n<\/div>\n<\/div>\n<\/div>\n\n\n\n<div style=\"height:60px\" aria-hidden=\"true\" class=\"wp-block-spacer\"><\/div>\n\n\n\n<div class=\"wp-block-cover aligncenter wp-duotone-rgb4247103-rgb21419442-3\" style=\"margin-top:0;padding-top:48px;padding-right:48px;padding-bottom:48px;padding-left:48px;min-height:180px;aspect-ratio:unset;\"><span aria-hidden=\"true\" class=\"wp-block-cover__background has-background-dim-30 has-background-dim\" style=\"background-color:#615657\"><\/span><img decoding=\"async\" class=\"wp-block-cover__image-background wp-image-47266 lazyload\" alt=\"\" data-src=\"https:\/\/learnspanishinperu.net\/wp-content\/uploads\/2021\/04\/crop-0-0-5472-3648-0-salsa-dancing-free-activities.jpg\" style=\"--smush-placeholder-width: 5472px; --smush-placeholder-aspect-ratio: 5472\/3648;object-position:50% 30%\" data-object-fit=\"cover\" data-object-position=\"50% 30%\" src=\"data:image\/svg+xml;base64,PHN2ZyB3aWR0aD0iMSIgaGVpZ2h0PSIxIiB4bWxucz0iaHR0cDovL3d3dy53My5vcmcvMjAwMC9zdmciPjwvc3ZnPg==\" \/><div class=\"wp-block-cover__inner-container is-layout-flow wp-block-cover-is-layout-flow\">\n<div class=\"wp-block-group\"><div class=\"wp-block-group__inner-container is-layout-constrained wp-container-core-group-is-layout-481a76f5 wp-block-group-is-layout-constrained\">\n<h2 class=\"wp-block-heading has-text-align-center has-white-color has-text-color\" style=\"font-size:40px;font-style:normal;font-weight:700;letter-spacing:0px;line-height:1;text-transform:uppercase\">WEKELIJKSE SALSALES + CULTURELE ACTIVITEIT + MEER!<\/h2>\n<\/div><\/div>\n\n\n\n<div class=\"wp-block-buttons is-content-justification-center is-nowrap is-layout-flex wp-container-core-buttons-is-layout-1fb9aab6 wp-block-buttons-is-layout-flex\">\n<div class=\"wp-block-button has-custom-font-size is-style-outline has-lg-font-size is-style-outline--2\" style=\"font-style:normal;font-weight:600;letter-spacing:0px;text-transform:uppercase\"><a class=\"wp-block-button__link has-white-color has-text-color wp-element-button\" style=\"border-radius:10px;padding-top:24px;padding-right:48px;padding-bottom:24px;padding-left:48px\">INBEGREPEN IN AL ONZE SPAANS PROGRAMMAS!<\/a><\/div>\n<\/div>\n<\/div><\/div>\n\n\n\n<div style=\"height:60px\" aria-hidden=\"true\" class=\"wp-block-spacer\"><\/div>\n\n\n<div\n\t\tclass=\"free align wp-block-btn-button\"\tid='btnButton-4'\n\tdata-nonce='&quot;e392b6540b&quot;'\n\tdata-attributes='{&quot;cId&quot;:&quot;e07a9aa3-4&quot;,&quot;cPostId&quot;:5818,&quot;text&quot;:&quot;Schrijf je nu in!&quot;,&quot;allUserRole&quot;:[{&quot;label&quot;:&quot;Select a role&quot;,&quot;value&quot;:&quot;default&quot;},{&quot;label&quot;:&quot;Administrator&quot;,&quot;value&quot;:&quot;administrator&quot;},{&quot;label&quot;:&quot;Editor&quot;,&quot;value&quot;:&quot;editor&quot;},{&quot;label&quot;:&quot;Author&quot;,&quot;value&quot;:&quot;author&quot;},{&quot;label&quot;:&quot;Contributor&quot;,&quot;value&quot;:&quot;contributor&quot;},{&quot;label&quot;:&quot;Subscriber&quot;,&quot;value&quot;:&quot;subscriber&quot;},{&quot;label&quot;:&quot;Inactive&quot;,&quot;value&quot;:&quot;inactive&quot;},{&quot;label&quot;:&quot;SEO Manager&quot;,&quot;value&quot;:&quot;wpseo_manager&quot;},{&quot;label&quot;:&quot;SEO Editor&quot;,&quot;value&quot;:&quot;wpseo_editor&quot;}],&quot;url&quot;:&quot;https:\\\/\\\/learnspanishinperu.net\\\/nl\\\/inschrijven\\\/&quot;,&quot;icon&quot;:{&quot;class&quot;:&quot;far fa-thumbs-up&quot;,&quot;name&quot;:&quot;thumbs-up&quot;},&quot;size&quot;:&quot;x-large&quot;,&quot;typography&quot;:{&quot;fontSize&quot;:22,&quot;fontWeight&quot;:600,&quot;textDecoration&quot;:&quot;none&quot;},&quot;colors&quot;:{&quot;color&quot;:&quot;#fff&quot;,&quot;bg&quot;:&quot;rgba(255, 165, 0, 1)&quot;},&quot;padding&quot;:{&quot;vertical&quot;:&quot;16px&quot;,&quot;horizontal&quot;:&quot;46px&quot;},&quot;border&quot;:{&quot;radius&quot;:&quot;5px&quot;,&quot;width&quot;:&quot;2px&quot;,&quot;color&quot;:&quot;#0a0002&quot;},&quot;align&quot;:&quot;&quot;,&quot;actionType&quot;:&quot;link&quot;,&quot;security&quot;:&quot;none&quot;,&quot;securityPassword&quot;:&quot;&quot;,&quot;tooltip&quot;:&quot;&quot;,&quot;tooltipPos&quot;:&quot;top&quot;,&quot;target&quot;:&quot;_self&quot;,&quot;attrs&quot;:{&quot;rel&quot;:&quot;noreferrer&quot;,&quot;referrerpolicy&quot;:&quot;no-referrer&quot;},&quot;hideOn&quot;:{&quot;desktop&quot;:false,&quot;tablet&quot;:false,&quot;mobile&quot;:false},&quot;isDownload&quot;:false,&quot;downloadFileName&quot;:&quot;&quot;,&quot;isUpIcon&quot;:false,&quot;upIcon&quot;:{&quot;id&quot;:null,&quot;url&quot;:&quot;&quot;,&quot;alt&quot;:&quot;&quot;,&quot;title&quot;:&quot;&quot;},&quot;iconPos&quot;:&quot;left&quot;,&quot;type&quot;:&quot;flat&quot;,&quot;isFullWidth&quot;:false,&quot;popup&quot;:{&quot;type&quot;:&quot;image&quot;,&quot;content&quot;:&quot;&quot;,&quot;caption&quot;:&quot;&quot;,&quot;width&quot;:&quot;&quot;},&quot;animationType&quot;:&quot;&quot;,&quot;animationDuration&quot;:0.4,&quot;addID&quot;:&quot;&quot;,&quot;addCSS&quot;:&quot;&quot;,&quot;alignment&quot;:&quot;center&quot;,&quot;hovColors&quot;:{&quot;color&quot;:&quot;#fff&quot;,&quot;bg&quot;:&quot;#FF7A00&quot;},&quot;shadow&quot;:[]}'\n\tdata-info='{&quot;userRoles&quot;:[],&quot;loginURL&quot;:&quot;https:\\\/\\\/learnspanishinperu.net\\\/wp-login.php&quot;}'\n\tdata-pipecheck=''\n><\/div>\n\n\n<div style=\"height:50px\" aria-hidden=\"true\" class=\"wp-block-spacer\"><\/div>\n\n\n\n<div class=\"wp-block-buttons is-horizontal is-content-justification-center is-layout-flex wp-container-core-buttons-is-layout-499968f5 wp-block-buttons-is-layout-flex\">\n<div class=\"wp-block-button\"><a class=\"wp-block-button__link has-background wp-element-button\" href=\"https:\/\/learnspanishinperu.net\/nl\/programmas\/spaans-en-accommodatie\/\" style=\"background-color:#008000\">Spaans &amp; Accommodatie<\/a><\/div>\n\n\n\n<div class=\"wp-block-button\"><a class=\"wp-block-button__link has-background wp-element-button\" href=\"https:\/\/learnspanishinperu.net\/nl\/spaans-leren\/groepsles\/\" style=\"background-color:#ffa500\">Groepslessen<\/a><\/div>\n\n\n\n<div class=\"wp-block-button\"><a class=\"wp-block-button__link has-background wp-element-button\" href=\"https:\/\/learnspanishinperu.net\/nl\/spaans-leren\/prive-cursus-spaans\/\" style=\"background-color:#0000ff\">Priv\u00e9lessen &amp; homestay<\/a><\/div>\n\n\n\n<div class=\"wp-block-button\"><a class=\"wp-block-button__link has-background wp-element-button\" href=\"https:\/\/learnspanishinperu.net\/nl\/prijzen\/\" style=\"background-color:#a52a2a\">Prijzen<\/a><\/div>\n\n\n\n<div class=\"wp-block-button\"><a class=\"wp-block-button__link has-background wp-element-button\" href=\"https:\/\/learnspanishinperu.net\/nl\/contact\/\" style=\"background-color:#800080\">Neem contact met ons op!<\/a><\/div>\n<\/div>\n\n\n\n<div style=\"height:40px\" aria-hidden=\"true\" class=\"wp-block-spacer\"><\/div>\n","protected":false},"excerpt":{"rendered":"<p>Priv\u00e9cursus Spaans Als je het meeste uit je tijd in Cusco wilt halen, zijn priv\u00e9lessen de beste keuze! Je krijgt volledig op maat gemaakte lessen, volgens jouw wensen, tempo en schema. Nadat je onze plaatsingstest hebt voltooid en je leerdoelen hebt gedeeld, zullen we het beste programma voor je ontwerpen. Onze lessen richten zich op&hellip;<\/p>\n<p class=\"more\"><a class=\"more-link\" href=\"https:\/\/learnspanishinperu.net\/nl\/spaans-leren\/prive-cursus-spaans\/\">Continue reading <span class=\"screen-reader-text\">Priv\u00e9cursus Spaans<\/span><\/a><\/p>\n","protected":false},"author":1,"featured_media":0,"parent":5657,"menu_order":0,"comment_status":"closed","ping_status":"closed","template":"page-templates\/wide.php","meta":{"_coblocks_attr":"","_coblocks_dimensions":"","_coblocks_responsive_height":"","_coblocks_accordion_ie_support":"","footnotes":""},"class_list":["post-16405","page","type-page","status-publish","hentry","entry"],"yoast_head":"<!-- This site is optimized with the Yoast SEO plugin v27.4 - https:\/\/yoast.com\/product\/yoast-seo-wordpress\/ -->\n<title>Priv\u00e9cursus Spaans - Mundo Antiguo Priv\u00e9-lessen in Cusco Peru<\/title>\n<meta name=\"description\" content=\"Met een priv\u00e9cursus kan je leraar de lessen volledig afstemmen op jouw wensen, behoeftes en snelheid. Priv\u00e9lessen met native leraar!\" \/>\n<meta name=\"robots\" content=\"index, follow, max-snippet:-1, max-image-preview:large, max-video-preview:-1\" \/>\n<link rel=\"canonical\" href=\"https:\/\/learnspanishinperu.net\/nl\/spaans-leren\/prive-cursus-spaans\/\" \/>\n<meta property=\"og:locale\" content=\"nl_NL\" \/>\n<meta property=\"og:type\" content=\"article\" \/>\n<meta property=\"og:title\" content=\"Priv\u00e9cursus Spaans - Mundo Antiguo Priv\u00e9-lessen in Cusco Peru\" \/>\n<meta property=\"og:description\" content=\"Met een priv\u00e9cursus kan je leraar de lessen volledig afstemmen op jouw wensen, behoeftes en snelheid. Priv\u00e9lessen met native leraar!\" \/>\n<meta property=\"og:url\" content=\"https:\/\/learnspanishinperu.net\/nl\/spaans-leren\/prive-cursus-spaans\/\" \/>\n<meta property=\"og:site_name\" content=\"Mundo Antiguo\" \/>\n<meta property=\"article:publisher\" content=\"http:\/\/www.facebook.com\/MundoAntiguoSpanishSchool\" \/>\n<meta property=\"article:modified_time\" content=\"2024-11-04T22:10:32+00:00\" \/>\n<meta property=\"og:image\" content=\"https:\/\/learnspanishinperu.net\/wp-content\/uploads\/2020\/07\/individual-lessons-Spanish-Cusco.jpg\" \/>\n<meta name=\"twitter:card\" content=\"summary_large_image\" \/>\n<meta name=\"twitter:site\" content=\"@MASpanishschool\" \/>\n<meta name=\"twitter:label1\" content=\"Geschatte leestijd\" \/>\n\t<meta name=\"twitter:data1\" content=\"2 minuten\" \/>\n<!-- \/ Yoast SEO plugin. -->","yoast_head_json":{"title":"Priv\u00e9cursus Spaans - Mundo Antiguo Priv\u00e9-lessen in Cusco Peru","description":"Met een priv\u00e9cursus kan je leraar de lessen volledig afstemmen op jouw wensen, behoeftes en snelheid. Priv\u00e9lessen met native leraar!","robots":{"index":"index","follow":"follow","max-snippet":"max-snippet:-1","max-image-preview":"max-image-preview:large","max-video-preview":"max-video-preview:-1"},"canonical":"https:\/\/learnspanishinperu.net\/nl\/spaans-leren\/prive-cursus-spaans\/","og_locale":"nl_NL","og_type":"article","og_title":"Priv\u00e9cursus Spaans - Mundo Antiguo Priv\u00e9-lessen in Cusco Peru","og_description":"Met een priv\u00e9cursus kan je leraar de lessen volledig afstemmen op jouw wensen, behoeftes en snelheid. Priv\u00e9lessen met native leraar!","og_url":"https:\/\/learnspanishinperu.net\/nl\/spaans-leren\/prive-cursus-spaans\/","og_site_name":"Mundo Antiguo","article_publisher":"http:\/\/www.facebook.com\/MundoAntiguoSpanishSchool","article_modified_time":"2024-11-04T22:10:32+00:00","og_image":[{"url":"https:\/\/learnspanishinperu.net\/wp-content\/uploads\/2020\/07\/individual-lessons-Spanish-Cusco.jpg","type":"","width":"","height":""}],"twitter_card":"summary_large_image","twitter_site":"@MASpanishschool","twitter_misc":{"Geschatte leestijd":"2 minuten"},"schema":{"@context":"https:\/\/schema.org","@graph":[{"@type":"WebPage","@id":"https:\/\/learnspanishinperu.net\/nl\/spaans-leren\/prive-cursus-spaans\/","url":"https:\/\/learnspanishinperu.net\/nl\/spaans-leren\/prive-cursus-spaans\/","name":"Priv\u00e9cursus Spaans - Mundo Antiguo Priv\u00e9-lessen in Cusco Peru","isPartOf":{"@id":"https:\/\/learnspanishinperu.net\/#website"},"primaryImageOfPage":{"@id":"https:\/\/learnspanishinperu.net\/nl\/spaans-leren\/prive-cursus-spaans\/#primaryimage"},"image":{"@id":"https:\/\/learnspanishinperu.net\/nl\/spaans-leren\/prive-cursus-spaans\/#primaryimage"},"thumbnailUrl":"https:\/\/learnspanishinperu.net\/wp-content\/uploads\/2020\/07\/individual-lessons-Spanish-Cusco.jpg","datePublished":"2020-03-25T03:04:58+00:00","dateModified":"2024-11-04T22:10:32+00:00","description":"Met een priv\u00e9cursus kan je leraar de lessen volledig afstemmen op jouw wensen, behoeftes en snelheid. Priv\u00e9lessen met native leraar!","breadcrumb":{"@id":"https:\/\/learnspanishinperu.net\/nl\/spaans-leren\/prive-cursus-spaans\/#breadcrumb"},"inLanguage":"nl","potentialAction":[{"@type":"ReadAction","target":["https:\/\/learnspanishinperu.net\/nl\/spaans-leren\/prive-cursus-spaans\/"]}]},{"@type":"ImageObject","inLanguage":"nl","@id":"https:\/\/learnspanishinperu.net\/nl\/spaans-leren\/prive-cursus-spaans\/#primaryimage","url":"https:\/\/learnspanishinperu.net\/wp-content\/uploads\/2020\/07\/individual-lessons-Spanish-Cusco.jpg","contentUrl":"https:\/\/learnspanishinperu.net\/wp-content\/uploads\/2020\/07\/individual-lessons-Spanish-Cusco.jpg"},{"@type":"BreadcrumbList","@id":"https:\/\/learnspanishinperu.net\/nl\/spaans-leren\/prive-cursus-spaans\/#breadcrumb","itemListElement":[{"@type":"ListItem","position":1,"name":"Home","item":"https:\/\/learnspanishinperu.net\/nl\/"},{"@type":"ListItem","position":2,"name":"Spaans leren","item":"https:\/\/learnspanishinperu.net\/nl\/spaans-leren\/"},{"@type":"ListItem","position":3,"name":"Priv\u00e9cursus Spaans"}]},{"@type":"WebSite","@id":"https:\/\/learnspanishinperu.net\/#website","url":"https:\/\/learnspanishinperu.net\/","name":"Mundo Antiguo","description":"Spanish school Cusco","publisher":{"@id":"https:\/\/learnspanishinperu.net\/#organization"},"potentialAction":[{"@type":"SearchAction","target":{"@type":"EntryPoint","urlTemplate":"https:\/\/learnspanishinperu.net\/?s={search_term_string}"},"query-input":{"@type":"PropertyValueSpecification","valueRequired":true,"valueName":"search_term_string"}}],"inLanguage":"nl"},{"@type":"Organization","@id":"https:\/\/learnspanishinperu.net\/#organization","name":"Mundo Antiguo","url":"https:\/\/learnspanishinperu.net\/","logo":{"@type":"ImageObject","inLanguage":"nl","@id":"https:\/\/learnspanishinperu.net\/#\/schema\/logo\/image\/","url":"https:\/\/learnspanishinperu.net\/wp-content\/uploads\/2016\/04\/logo-Spanish-school-Cusco-Peru-e1547820355169.jpg","contentUrl":"https:\/\/learnspanishinperu.net\/wp-content\/uploads\/2016\/04\/logo-Spanish-school-Cusco-Peru-e1547820355169.jpg","width":100,"height":83,"caption":"Mundo Antiguo"},"image":{"@id":"https:\/\/learnspanishinperu.net\/#\/schema\/logo\/image\/"},"sameAs":["http:\/\/www.facebook.com\/MundoAntiguoSpanishSchool","https:\/\/x.com\/MASpanishschool","https:\/\/www.instagram.com\/mundoantiguo_spanishschool\/","https:\/\/www.linkedin.com\/company\/mundo-antiguo-spanish-school","http:\/\/www.pinterest.com\/mundoantiguo\/"]}]}},"_links":{"self":[{"href":"https:\/\/learnspanishinperu.net\/nl\/wp-json\/wp\/v2\/pages\/16405","targetHints":{"allow":["GET"]}}],"collection":[{"href":"https:\/\/learnspanishinperu.net\/nl\/wp-json\/wp\/v2\/pages"}],"about":[{"href":"https:\/\/learnspanishinperu.net\/nl\/wp-json\/wp\/v2\/types\/page"}],"author":[{"embeddable":true,"href":"https:\/\/learnspanishinperu.net\/nl\/wp-json\/wp\/v2\/users\/1"}],"replies":[{"embeddable":true,"href":"https:\/\/learnspanishinperu.net\/nl\/wp-json\/wp\/v2\/comments?post=16405"}],"version-history":[{"count":25,"href":"https:\/\/learnspanishinperu.net\/nl\/wp-json\/wp\/v2\/pages\/16405\/revisions"}],"predecessor-version":[{"id":47461,"href":"https:\/\/learnspanishinperu.net\/nl\/wp-json\/wp\/v2\/pages\/16405\/revisions\/47461"}],"up":[{"embeddable":true,"href":"https:\/\/learnspanishinperu.net\/nl\/wp-json\/wp\/v2\/pages\/5657"}],"wp:attachment":[{"href":"https:\/\/learnspanishinperu.net\/nl\/wp-json\/wp\/v2\/media?parent=16405"}],"curies":[{"name":"wp","href":"https:\/\/api.w.org\/{rel}","templated":true}]}}