{"id":6572,"date":"2015-11-04T21:37:25","date_gmt":"2015-11-05T02:37:25","guid":{"rendered":"https:\/\/learnspanishinperu.net\/freiwilligenarbeit\/medizinische-freiwilligenarbeit-cusco\/"},"modified":"2025-04-24T10:21:45","modified_gmt":"2025-04-24T15:21:45","slug":"medizinische-freiwilligenarbeit","status":"publish","type":"page","link":"https:\/\/learnspanishinperu.net\/de\/freiwilligenarbeit\/medizinische-freiwilligenarbeit\/","title":{"rendered":"Medizinisches Freiwilligenarbeit in Cusco"},"content":{"rendered":"\n<div class=\"wp-block-group\"><div class=\"wp-block-group__inner-container is-layout-flow wp-block-group-is-layout-flow\">\n<div class=\"wp-block-cover alignfull is-light has-parallax mt-0\" style=\"min-height:460px;aspect-ratio:unset;\"><span aria-hidden=\"true\" class=\"wp-block-cover__background has-background-dim-10 has-background-dim\" style=\"background-color:#938e8e\"><\/span><div class=\"wp-block-cover__image-background wp-image-48767 has-parallax lazyload\" style=\"background-position:50% 50%;background-image:inherit\" data-bg-image=\"url(https:\/\/learnspanishinperu.net\/wp-content\/uploads\/2025\/04\/crop-295-0-2265-1699-0-IMG_1643-scaled.jpg)\"><\/div><div class=\"wp-block-cover__inner-container is-layout-flow wp-block-cover-is-layout-flow\">\n<h1 class=\"wp-block-heading has-text-align-center has-white-color has-text-color\" style=\"font-size:60px\">Medizinisches Freiwilligenarbeit<\/h1>\n\n\n\n<p class=\"has-text-align-center has-white-color has-text-color has-5-xl-font-size\"><em>Medizinische Freiwilligenarbeit in Cusco<\/em><\/p>\n<\/div><\/div>\n\n\n\n<div style=\"height:60px\" aria-hidden=\"true\" class=\"wp-block-spacer\"><\/div>\n\n\n\n<div class=\"wp-block-group has-background\" style=\"background-color:#e7e7e7\"><div class=\"wp-block-group__inner-container is-layout-flow wp-block-group-is-layout-flow\">\n<h2 class=\"wp-block-heading has-text-align-left\" id=\"medizinisches-freiwilligenarbeit-in-cusco\">Medizinisches Freiwilligenarbeit in Cusco<\/h2>\n\n\n<div class=\"wp-block-image is-style-bottom-wave\">\n<figure class=\"alignright size-medium\"><a href=\"https:\/\/learnspanishinperu.net\/wp-content\/uploads\/2025\/04\/IMG_9442.jpg\"><img decoding=\"async\" width=\"300\" height=\"225\" data-src=\"https:\/\/learnspanishinperu.net\/wp-content\/uploads\/2025\/04\/IMG_9442-300x225.jpg\" alt=\"\" class=\"wp-image-48645 lazyload\" data-srcset=\"https:\/\/learnspanishinperu.net\/wp-content\/uploads\/2025\/04\/IMG_9442-300x225.jpg 300w, https:\/\/learnspanishinperu.net\/wp-content\/uploads\/2025\/04\/IMG_9442-1024x768.jpg 1024w, https:\/\/learnspanishinperu.net\/wp-content\/uploads\/2025\/04\/IMG_9442-768x576.jpg 768w, https:\/\/learnspanishinperu.net\/wp-content\/uploads\/2025\/04\/IMG_9442-1536x1152.jpg 1536w, https:\/\/learnspanishinperu.net\/wp-content\/uploads\/2025\/04\/IMG_9442-2048x1536.jpg 2048w, https:\/\/learnspanishinperu.net\/wp-content\/uploads\/2025\/04\/IMG_9442-373x280.jpg 373w, https:\/\/learnspanishinperu.net\/wp-content\/uploads\/2025\/04\/IMG_9442-24x18.jpg 24w, https:\/\/learnspanishinperu.net\/wp-content\/uploads\/2025\/04\/IMG_9442-36x27.jpg 36w, https:\/\/learnspanishinperu.net\/wp-content\/uploads\/2025\/04\/IMG_9442-48x36.jpg 48w\" data-sizes=\"(max-width: 300px) 100vw, 300px\" src=\"data:image\/svg+xml;base64,PHN2ZyB3aWR0aD0iMSIgaGVpZ2h0PSIxIiB4bWxucz0iaHR0cDovL3d3dy53My5vcmcvMjAwMC9zdmciPjwvc3ZnPg==\" style=\"--smush-placeholder-width: 300px; --smush-placeholder-aspect-ratio: 300\/225;\" \/><\/a><\/figure>\n<\/div>\n\n\n<p>M\u00f6chten Sie praktische Erfahrungen im medizinischen Bereich sammeln und gleichzeitig die peruanische Kultur kennenlernen? Unser medizinisches Freiwilligenprogramm erm\u00f6glicht es Ihnen, in lokalen Gesundheitszentren in Cusco mitzuhelfen und \u00c4rzte, Pflegekr\u00e4fte und medizinisches Fachpersonal bei ihrer t\u00e4glichen Arbeit zu unterst\u00fctzen.<\/p>\n\n\n\n<p>Zu Ihren Aufgaben als Freiwilliger geh\u00f6ren unter anderem die Unterst\u00fctzung bei der Patientenversorgung, die Organisation von medizinischem Material, die Beobachtung von Eingriffen und die Vermittlung grundlegender Gesundheitsinformationen. Dies ist eine gro\u00dfartige Gelegenheit f\u00fcr Medizinstudenten und alle anderen im medizinischen Bereich T\u00e4tigen, das peruanische Gesundheitssystem kennenzulernen und gleichzeitig einen sinnvollen Beitrag zu leisten.<\/p>\n\n\n\n<p>Dieses Programm ist ideal f\u00fcr alle, die Spanisch in einem professionellen Umfeld \u00fcben, neue F\u00e4higkeiten erwerben und dazu beitragen m\u00f6chten, den Zugang zur Gesundheitsversorgung in der lokalen Bev\u00f6lkerung zu verbessern. Medizinische Vorerfahrung ist hilfreich, aber Lernbereitschaft und ein empathisches Verhalten sind die wichtigsten Eigenschaften.<\/p>\n\n\n\n<p>M\u00f6chten Sie Teil dieser wirkungsvollen Erfahrung sein? Melden Sie sich bei uns \u2013 wir beraten Sie gerne!<\/p>\n\n\n\n<div class=\"wp-block-buttons is-layout-flex wp-block-buttons-is-layout-flex\">\n<div class=\"wp-block-button\"><a class=\"wp-block-button__link has-background wp-element-button\" href=\"https:\/\/learnspanishinperu.net\/de\/kontakt\/\" style=\"background-color:#800080\">Kontakt Mundo Antiguo<\/a><\/div>\n<\/div>\n<\/div><\/div>\n\n\n\n<div style=\"height:70px\" aria-hidden=\"true\" class=\"wp-block-spacer\"><\/div>\n\n\n\n<figure class=\"wp-block-gallery has-nested-images columns-4 is-cropped wp-block-gallery-1 is-layout-flex wp-block-gallery-is-layout-flex\">\n<figure class=\"wp-block-image size-large\"><img decoding=\"async\" width=\"1024\" height=\"683\" data-id=\"3952\" data-src=\"https:\/\/learnspanishinperu.net\/wp-content\/uploads\/2016\/11\/qtq80-BCDBp0-1024x683.jpeg\" alt=\"visa passport Peru\" class=\"wp-image-3952 lazyload\" src=\"data:image\/svg+xml;base64,PHN2ZyB3aWR0aD0iMSIgaGVpZ2h0PSIxIiB4bWxucz0iaHR0cDovL3d3dy53My5vcmcvMjAwMC9zdmciPjwvc3ZnPg==\" style=\"--smush-placeholder-width: 1024px; --smush-placeholder-aspect-ratio: 1024\/683;\" \/><\/figure>\n\n\n\n<figure class=\"wp-block-image size-large\"><img decoding=\"async\" width=\"1024\" height=\"683\" data-id=\"3637\" data-src=\"https:\/\/learnspanishinperu.net\/wp-content\/uploads\/2015\/10\/160629-Cusco-Fiesta-8861-1024x683.jpg\" alt=\"Spanish and Volunteering in Cusco, Peru\" class=\"wp-image-3637 lazyload\" src=\"data:image\/svg+xml;base64,PHN2ZyB3aWR0aD0iMSIgaGVpZ2h0PSIxIiB4bWxucz0iaHR0cDovL3d3dy53My5vcmcvMjAwMC9zdmciPjwvc3ZnPg==\" style=\"--smush-placeholder-width: 1024px; --smush-placeholder-aspect-ratio: 1024\/683;\" \/><\/figure>\n\n\n\n<figure class=\"wp-block-image size-large\"><img decoding=\"async\" width=\"1024\" height=\"576\" data-id=\"4186\" data-src=\"https:\/\/learnspanishinperu.net\/wp-content\/uploads\/2017\/01\/IMG-20160808-WA0044-1024x576.jpg\" alt=\"Spanish programs\" class=\"wp-image-4186 lazyload\" src=\"data:image\/svg+xml;base64,PHN2ZyB3aWR0aD0iMSIgaGVpZ2h0PSIxIiB4bWxucz0iaHR0cDovL3d3dy53My5vcmcvMjAwMC9zdmciPjwvc3ZnPg==\" style=\"--smush-placeholder-width: 1024px; --smush-placeholder-aspect-ratio: 1024\/576;\" \/><\/figure>\n\n\n\n<figure class=\"wp-block-image size-large\"><img decoding=\"async\" width=\"1024\" height=\"768\" data-id=\"3881\" data-src=\"https:\/\/learnspanishinperu.net\/wp-content\/uploads\/2016\/10\/IMG_20160422_112558-1024x768.jpg\" alt=\"stage in Peru\" class=\"wp-image-3881 lazyload\" src=\"data:image\/svg+xml;base64,PHN2ZyB3aWR0aD0iMSIgaGVpZ2h0PSIxIiB4bWxucz0iaHR0cDovL3d3dy53My5vcmcvMjAwMC9zdmciPjwvc3ZnPg==\" style=\"--smush-placeholder-width: 1024px; --smush-placeholder-aspect-ratio: 1024\/768;\" \/><\/figure>\n<\/figure>\n<\/div><\/div>\n\n\n\n<div style=\"height:30px\" aria-hidden=\"true\" class=\"wp-block-spacer\"><\/div>\n\n\n<div\n\t\tclass=\"free align wp-block-btn-button\"\tid='btnButton-2'\n\tdata-nonce='&quot;0c77f052ed&quot;'\n\tdata-attributes='{&quot;cId&quot;:&quot;2be4b8d3-3&quot;,&quot;cPostId&quot;:45197,&quot;text&quot;:&quot;Melden Sie sich jetzt an!&quot;,&quot;allUserRole&quot;:[{&quot;label&quot;:&quot;Select a role&quot;,&quot;value&quot;:&quot;default&quot;},{&quot;label&quot;:&quot;Administrator&quot;,&quot;value&quot;:&quot;administrator&quot;},{&quot;label&quot;:&quot;Editor&quot;,&quot;value&quot;:&quot;editor&quot;},{&quot;label&quot;:&quot;Author&quot;,&quot;value&quot;:&quot;author&quot;},{&quot;label&quot;:&quot;Contributor&quot;,&quot;value&quot;:&quot;contributor&quot;},{&quot;label&quot;:&quot;Subscriber&quot;,&quot;value&quot;:&quot;subscriber&quot;},{&quot;label&quot;:&quot;Inactive&quot;,&quot;value&quot;:&quot;inactive&quot;},{&quot;label&quot;:&quot;SEO Manager&quot;,&quot;value&quot;:&quot;wpseo_manager&quot;},{&quot;label&quot;:&quot;SEO Editor&quot;,&quot;value&quot;:&quot;wpseo_editor&quot;}],&quot;url&quot;:&quot;https:\\\/\\\/learnspanishinperu.net\\\/de\\\/anmeldeformular\\\/&quot;,&quot;icon&quot;:{&quot;class&quot;:&quot;far fa-thumbs-up&quot;,&quot;name&quot;:&quot;thumbs-up&quot;},&quot;size&quot;:&quot;x-large&quot;,&quot;typography&quot;:{&quot;fontSize&quot;:22,&quot;fontWeight&quot;:600,&quot;textDecoration&quot;:&quot;none&quot;},&quot;colors&quot;:{&quot;color&quot;:&quot;#fff&quot;,&quot;bg&quot;:&quot;rgba(255, 165, 0, 1)&quot;},&quot;padding&quot;:{&quot;vertical&quot;:&quot;16px&quot;,&quot;horizontal&quot;:&quot;46px&quot;},&quot;border&quot;:{&quot;radius&quot;:&quot;5px&quot;,&quot;width&quot;:&quot;2px&quot;,&quot;color&quot;:&quot;#0a0002&quot;},&quot;align&quot;:&quot;&quot;,&quot;actionType&quot;:&quot;link&quot;,&quot;security&quot;:&quot;none&quot;,&quot;securityPassword&quot;:&quot;&quot;,&quot;tooltip&quot;:&quot;&quot;,&quot;tooltipPos&quot;:&quot;top&quot;,&quot;target&quot;:&quot;_self&quot;,&quot;attrs&quot;:{&quot;rel&quot;:&quot;noreferrer&quot;,&quot;referrerpolicy&quot;:&quot;no-referrer&quot;},&quot;hideOn&quot;:{&quot;desktop&quot;:false,&quot;tablet&quot;:false,&quot;mobile&quot;:false},&quot;isDownload&quot;:false,&quot;downloadFileName&quot;:&quot;&quot;,&quot;isUpIcon&quot;:false,&quot;upIcon&quot;:{&quot;id&quot;:null,&quot;url&quot;:&quot;&quot;,&quot;alt&quot;:&quot;&quot;,&quot;title&quot;:&quot;&quot;},&quot;iconPos&quot;:&quot;left&quot;,&quot;type&quot;:&quot;flat&quot;,&quot;isFullWidth&quot;:false,&quot;popup&quot;:{&quot;type&quot;:&quot;image&quot;,&quot;content&quot;:&quot;&quot;,&quot;caption&quot;:&quot;&quot;,&quot;width&quot;:&quot;&quot;},&quot;animationType&quot;:&quot;&quot;,&quot;animationDuration&quot;:0.4,&quot;addID&quot;:&quot;&quot;,&quot;addCSS&quot;:&quot;&quot;,&quot;alignment&quot;:&quot;center&quot;,&quot;hovColors&quot;:{&quot;color&quot;:&quot;#fff&quot;,&quot;bg&quot;:&quot;#FF7A00&quot;},&quot;shadow&quot;:[]}'\n\tdata-info='{&quot;userRoles&quot;:[],&quot;loginURL&quot;:&quot;https:\\\/\\\/learnspanishinperu.net\\\/wp-login.php&quot;}'\n\tdata-pipecheck=''\n><\/div>\n\n\n<div style=\"height:50px\" aria-hidden=\"true\" class=\"wp-block-spacer\"><\/div>\n\n\n\n<div class=\"wp-block-buttons is-horizontal is-content-justification-center is-layout-flex wp-container-core-buttons-is-layout-499968f5 wp-block-buttons-is-layout-flex\">\n<div class=\"wp-block-button\"><a class=\"wp-block-button__link has-light-green-cyan-to-vivid-green-cyan-gradient-background has-background wp-element-button\" href=\"https:\/\/learnspanishinperu.net\/de\/freiwilligenarbeit\/kindergarten\/\">Freiwilligenarbeit mit Kindern<\/a><\/div>\n\n\n\n<div class=\"wp-block-button\"><a class=\"wp-block-button__link has-background wp-element-button\" href=\"https:\/\/learnspanishinperu.net\/de\/freiwilligenarbeit\/tierpflege\/\" style=\"background-color:#008000\">Tierpflege in Cusco<\/a><\/div>\n\n\n\n<div class=\"wp-block-button\"><a class=\"wp-block-button__link has-background wp-element-button\" href=\"https:\/\/learnspanishinperu.net\/de\/freiwilligenarbeit\/freiwilligenarbeit-im-umweltbereich\/\" style=\"background-color:#ffa500\">Umweltbereich<\/a><\/div>\n\n\n\n<div class=\"wp-block-button\"><a class=\"wp-block-button__link has-background wp-element-button\" href=\"https:\/\/learnspanishinperu.net\/de\/freiwilligenarbeit\/medizinische-freiwilligenarbeit\/\" style=\"background-color:#0000ff\">Medizinische Freiwilligenarbeit<\/a><\/div>\n\n\n\n<div class=\"wp-block-button\"><a class=\"wp-block-button__link has-background wp-element-button\" href=\"https:\/\/learnspanishinperu.net\/de\/freiwilligenarbeit\/rehabilitation\/\" style=\"background-color:#a52a2a\">Rehabilitation &amp; Psychologie<\/a><\/div>\n\n\n\n<div class=\"wp-block-button\"><a class=\"wp-block-button__link has-accent-background-color has-background wp-element-button\" href=\"https:\/\/learnspanishinperu.net\/de\/freiwilligenarbeit\/soziale-hilfe\/\">Soziale Hilfe<\/a><\/div>\n\n\n\n<div class=\"wp-block-button\"><a class=\"wp-block-button__link has-background wp-element-button\" href=\"https:\/\/learnspanishinperu.net\/de\/freiwilligenarbeit\/bedurfnissen\/\" style=\"background-color:#800080\">Menschen mit besonderen Bed\u00fcrfnissen<\/a><\/div>\n<\/div>\n\n\n\n<div style=\"height:50px\" aria-hidden=\"true\" class=\"wp-block-spacer\"><\/div>\n","protected":false},"excerpt":{"rendered":"<p>Medizinisches Freiwilligenarbeit in Cusco M\u00f6chten Sie praktische Erfahrungen im medizinischen Bereich sammeln und gleichzeitig die peruanische Kultur kennenlernen? Unser medizinisches Freiwilligenprogramm erm\u00f6glicht es Ihnen, in lokalen Gesundheitszentren in Cusco mitzuhelfen und \u00c4rzte, Pflegekr\u00e4fte und medizinisches Fachpersonal bei ihrer t\u00e4glichen Arbeit zu unterst\u00fctzen. Zu Ihren Aufgaben als Freiwilliger geh\u00f6ren unter anderem die Unterst\u00fctzung bei der Patientenversorgung,&hellip;<\/p>\n<p class=\"more\"><a class=\"more-link\" href=\"https:\/\/learnspanishinperu.net\/de\/freiwilligenarbeit\/medizinische-freiwilligenarbeit\/\">Continue reading <span class=\"screen-reader-text\">Medizinisches Freiwilligenarbeit in Cusco<\/span><\/a><\/p>\n","protected":false},"author":1,"featured_media":0,"parent":5779,"menu_order":0,"comment_status":"closed","ping_status":"closed","template":"page-templates\/wide.php","meta":{"_coblocks_attr":"","_coblocks_dimensions":"","_coblocks_responsive_height":"","_coblocks_accordion_ie_support":"","footnotes":""},"class_list":["post-6572","page","type-page","status-publish","hentry","entry"],"yoast_head":"<!-- This site is optimized with the Yoast SEO plugin v27.5 - https:\/\/yoast.com\/product\/yoast-seo-wordpress\/ -->\n<title>Medizinische Freiwilligenarbeit Cusco Peru - Mundo antiguo<\/title>\n<meta name=\"description\" content=\"Medizinische Freiwilligenarbeit in Cusco, Projektpraktika. Freiwilligenprogramm im \u00f6rtlichen Krankenhaus in Cusco Peru.\" \/>\n<meta name=\"robots\" content=\"index, follow, max-snippet:-1, max-image-preview:large, max-video-preview:-1\" \/>\n<link rel=\"canonical\" href=\"https:\/\/learnspanishinperu.net\/de\/freiwilligenarbeit\/medizinische-freiwilligenarbeit\/\" \/>\n<meta property=\"og:locale\" content=\"de_DE\" \/>\n<meta property=\"og:type\" content=\"article\" \/>\n<meta property=\"og:title\" content=\"Medizinische Freiwilligenarbeit Cusco Peru - Mundo antiguo\" \/>\n<meta property=\"og:description\" content=\"Medizinische Freiwilligenarbeit in Cusco, Projektpraktika. Freiwilligenprogramm im \u00f6rtlichen Krankenhaus in Cusco Peru.\" \/>\n<meta property=\"og:url\" content=\"https:\/\/learnspanishinperu.net\/de\/freiwilligenarbeit\/medizinische-freiwilligenarbeit\/\" \/>\n<meta property=\"og:site_name\" content=\"Mundo Antiguo\" \/>\n<meta property=\"article:publisher\" content=\"http:\/\/www.facebook.com\/MundoAntiguoSpanishSchool\" \/>\n<meta property=\"article:modified_time\" content=\"2025-04-24T15:21:45+00:00\" \/>\n<meta property=\"og:image\" content=\"https:\/\/learnspanishinperu.net\/wp-content\/uploads\/2025\/04\/IMG_9442-300x225.jpg\" \/>\n<meta name=\"twitter:card\" content=\"summary_large_image\" \/>\n<meta name=\"twitter:site\" content=\"@MASpanishschool\" \/>\n<meta name=\"twitter:label1\" content=\"Gesch\u00e4tzte Lesezeit\" \/>\n\t<meta name=\"twitter:data1\" content=\"2 Minuten\" \/>\n<!-- \/ Yoast SEO plugin. -->","yoast_head_json":{"title":"Medizinische Freiwilligenarbeit Cusco Peru - Mundo antiguo","description":"Medizinische Freiwilligenarbeit in Cusco, Projektpraktika. Freiwilligenprogramm im \u00f6rtlichen Krankenhaus in Cusco Peru.","robots":{"index":"index","follow":"follow","max-snippet":"max-snippet:-1","max-image-preview":"max-image-preview:large","max-video-preview":"max-video-preview:-1"},"canonical":"https:\/\/learnspanishinperu.net\/de\/freiwilligenarbeit\/medizinische-freiwilligenarbeit\/","og_locale":"de_DE","og_type":"article","og_title":"Medizinische Freiwilligenarbeit Cusco Peru - Mundo antiguo","og_description":"Medizinische Freiwilligenarbeit in Cusco, Projektpraktika. Freiwilligenprogramm im \u00f6rtlichen Krankenhaus in Cusco Peru.","og_url":"https:\/\/learnspanishinperu.net\/de\/freiwilligenarbeit\/medizinische-freiwilligenarbeit\/","og_site_name":"Mundo Antiguo","article_publisher":"http:\/\/www.facebook.com\/MundoAntiguoSpanishSchool","article_modified_time":"2025-04-24T15:21:45+00:00","og_image":[{"url":"https:\/\/learnspanishinperu.net\/wp-content\/uploads\/2025\/04\/IMG_9442-300x225.jpg","type":"","width":"","height":""}],"twitter_card":"summary_large_image","twitter_site":"@MASpanishschool","twitter_misc":{"Gesch\u00e4tzte Lesezeit":"2 Minuten"},"schema":{"@context":"https:\/\/schema.org","@graph":[{"@type":"WebPage","@id":"https:\/\/learnspanishinperu.net\/de\/freiwilligenarbeit\/medizinische-freiwilligenarbeit\/","url":"https:\/\/learnspanishinperu.net\/de\/freiwilligenarbeit\/medizinische-freiwilligenarbeit\/","name":"Medizinische Freiwilligenarbeit Cusco Peru - Mundo antiguo","isPartOf":{"@id":"https:\/\/learnspanishinperu.net\/#website"},"primaryImageOfPage":{"@id":"https:\/\/learnspanishinperu.net\/de\/freiwilligenarbeit\/medizinische-freiwilligenarbeit\/#primaryimage"},"image":{"@id":"https:\/\/learnspanishinperu.net\/de\/freiwilligenarbeit\/medizinische-freiwilligenarbeit\/#primaryimage"},"thumbnailUrl":"https:\/\/learnspanishinperu.net\/wp-content\/uploads\/2025\/04\/IMG_9442-300x225.jpg","datePublished":"2015-11-05T02:37:25+00:00","dateModified":"2025-04-24T15:21:45+00:00","description":"Medizinische Freiwilligenarbeit in Cusco, Projektpraktika. Freiwilligenprogramm im \u00f6rtlichen Krankenhaus in Cusco Peru.","breadcrumb":{"@id":"https:\/\/learnspanishinperu.net\/de\/freiwilligenarbeit\/medizinische-freiwilligenarbeit\/#breadcrumb"},"inLanguage":"de-DE","potentialAction":[{"@type":"ReadAction","target":["https:\/\/learnspanishinperu.net\/de\/freiwilligenarbeit\/medizinische-freiwilligenarbeit\/"]}]},{"@type":"ImageObject","inLanguage":"de-DE","@id":"https:\/\/learnspanishinperu.net\/de\/freiwilligenarbeit\/medizinische-freiwilligenarbeit\/#primaryimage","url":"https:\/\/learnspanishinperu.net\/wp-content\/uploads\/2025\/04\/IMG_9442-300x225.jpg","contentUrl":"https:\/\/learnspanishinperu.net\/wp-content\/uploads\/2025\/04\/IMG_9442-300x225.jpg"},{"@type":"BreadcrumbList","@id":"https:\/\/learnspanishinperu.net\/de\/freiwilligenarbeit\/medizinische-freiwilligenarbeit\/#breadcrumb","itemListElement":[{"@type":"ListItem","position":1,"name":"Home","item":"https:\/\/learnspanishinperu.net\/de\/"},{"@type":"ListItem","position":2,"name":"Freiwilligenarbeit","item":"https:\/\/learnspanishinperu.net\/de\/freiwilligenarbeit\/"},{"@type":"ListItem","position":3,"name":"Medizinisches Freiwilligenarbeit in Cusco"}]},{"@type":"WebSite","@id":"https:\/\/learnspanishinperu.net\/#website","url":"https:\/\/learnspanishinperu.net\/","name":"Mundo Antiguo","description":"Spanish school Cusco","publisher":{"@id":"https:\/\/learnspanishinperu.net\/#organization"},"potentialAction":[{"@type":"SearchAction","target":{"@type":"EntryPoint","urlTemplate":"https:\/\/learnspanishinperu.net\/?s={search_term_string}"},"query-input":{"@type":"PropertyValueSpecification","valueRequired":true,"valueName":"search_term_string"}}],"inLanguage":"de-DE"},{"@type":"Organization","@id":"https:\/\/learnspanishinperu.net\/#organization","name":"Mundo Antiguo","url":"https:\/\/learnspanishinperu.net\/","logo":{"@type":"ImageObject","inLanguage":"de-DE","@id":"https:\/\/learnspanishinperu.net\/#\/schema\/logo\/image\/","url":"https:\/\/learnspanishinperu.net\/wp-content\/uploads\/2016\/04\/logo-Spanish-school-Cusco-Peru-e1547820355169.jpg","contentUrl":"https:\/\/learnspanishinperu.net\/wp-content\/uploads\/2016\/04\/logo-Spanish-school-Cusco-Peru-e1547820355169.jpg","width":100,"height":83,"caption":"Mundo Antiguo"},"image":{"@id":"https:\/\/learnspanishinperu.net\/#\/schema\/logo\/image\/"},"sameAs":["http:\/\/www.facebook.com\/MundoAntiguoSpanishSchool","https:\/\/x.com\/MASpanishschool","https:\/\/www.instagram.com\/mundoantiguo_spanishschool\/","https:\/\/www.linkedin.com\/company\/mundo-antiguo-spanish-school","http:\/\/www.pinterest.com\/mundoantiguo\/"]}]}},"_links":{"self":[{"href":"https:\/\/learnspanishinperu.net\/de\/wp-json\/wp\/v2\/pages\/6572","targetHints":{"allow":["GET"]}}],"collection":[{"href":"https:\/\/learnspanishinperu.net\/de\/wp-json\/wp\/v2\/pages"}],"about":[{"href":"https:\/\/learnspanishinperu.net\/de\/wp-json\/wp\/v2\/types\/page"}],"author":[{"embeddable":true,"href":"https:\/\/learnspanishinperu.net\/de\/wp-json\/wp\/v2\/users\/1"}],"replies":[{"embeddable":true,"href":"https:\/\/learnspanishinperu.net\/de\/wp-json\/wp\/v2\/comments?post=6572"}],"version-history":[{"count":25,"href":"https:\/\/learnspanishinperu.net\/de\/wp-json\/wp\/v2\/pages\/6572\/revisions"}],"predecessor-version":[{"id":49119,"href":"https:\/\/learnspanishinperu.net\/de\/wp-json\/wp\/v2\/pages\/6572\/revisions\/49119"}],"up":[{"embeddable":true,"href":"https:\/\/learnspanishinperu.net\/de\/wp-json\/wp\/v2\/pages\/5779"}],"wp:attachment":[{"href":"https:\/\/learnspanishinperu.net\/de\/wp-json\/wp\/v2\/media?parent=6572"}],"curies":[{"name":"wp","href":"https:\/\/api.w.org\/{rel}","templated":true}]}}