{"id":6571,"date":"2015-11-04T21:30:04","date_gmt":"2015-11-05T02:30:04","guid":{"rendered":"https:\/\/learnspanishinperu.net\/freiwilligenarbeit\/freiwilligenarbeit-im-kindergarten\/"},"modified":"2025-04-24T10:20:49","modified_gmt":"2025-04-24T15:20:49","slug":"kindergarten","status":"publish","type":"page","link":"https:\/\/learnspanishinperu.net\/de\/freiwilligenarbeit\/kindergarten\/","title":{"rendered":"Freiwilligenarbeit mit Kindern in Cusco"},"content":{"rendered":"\n<div class=\"wp-block-group\"><div class=\"wp-block-group__inner-container is-layout-flow wp-block-group-is-layout-flow\">\n<div class=\"wp-block-cover alignfull is-light has-parallax mt-0\" style=\"min-height:460px;aspect-ratio:unset;\"><span aria-hidden=\"true\" class=\"wp-block-cover__background has-background-dim-10 has-background-dim\" style=\"background-color:#a49298\"><\/span><div class=\"wp-block-cover__image-background wp-image-48784 has-parallax lazyload\" style=\"background-position:50% 50%;background-image:inherit\" data-bg-image=\"url(https:\/\/learnspanishinperu.net\/wp-content\/uploads\/2025\/04\/educational-program-kids6.jpg)\"><\/div><div class=\"wp-block-cover__inner-container is-layout-flow wp-block-cover-is-layout-flow\">\n<h1 class=\"wp-block-heading has-text-align-center has-white-color has-text-color\" style=\"font-size:60px\">Freiwilligenarbeit mit Kindern<\/h1>\n\n\n\n<p class=\"has-text-align-center has-white-color has-text-color has-5-xl-font-size\"><em>Arbeite mit Kindern in Cusco<\/em><\/p>\n<\/div><\/div>\n\n\n\n<div style=\"height:40px\" aria-hidden=\"true\" class=\"wp-block-spacer\"><\/div>\n\n\n\n<blockquote class=\"wp-block-quote is-style-large is-style-plain has-2-xl-font-size is-layout-flow wp-block-quote-is-layout-flow\" style=\"font-style:normal;font-weight:400\">\n<p>Freiwilligenarbeit mit Kindern in Cusco<\/p>\n<cite>Freiwilligenarbeit in einer Schule, einem Gemeindezentrum oder einem au\u00dferschulischen Projekt.<\/cite><\/blockquote>\n\n\n\n<div style=\"height:30px\" aria-hidden=\"true\" class=\"wp-block-spacer\"><\/div>\n\n\n\n<div class=\"wp-block-group has-background\" style=\"background-color:#e7e7e7\"><div class=\"wp-block-group__inner-container is-layout-flow wp-block-group-is-layout-flow\">\n<h3 class=\"wp-block-heading has-text-align-left\" id=\"kindergarten-in-cusco\">Bildungsprogramm mit Kindern<\/h3>\n\n\n<div class=\"wp-block-image is-style-bottom-wave\">\n<figure class=\"alignright size-medium\"><a href=\"https:\/\/learnspanishinperu.net\/wp-content\/uploads\/2025\/04\/educational-program-kids.jpg\"><img decoding=\"async\" width=\"300\" height=\"225\" data-src=\"https:\/\/learnspanishinperu.net\/wp-content\/uploads\/2025\/04\/educational-program-kids-300x225.jpg\" alt=\"\" class=\"wp-image-48781 lazyload\" data-srcset=\"https:\/\/learnspanishinperu.net\/wp-content\/uploads\/2025\/04\/educational-program-kids-300x225.jpg 300w, https:\/\/learnspanishinperu.net\/wp-content\/uploads\/2025\/04\/educational-program-kids-1024x768.jpg 1024w, https:\/\/learnspanishinperu.net\/wp-content\/uploads\/2025\/04\/educational-program-kids-768x576.jpg 768w, https:\/\/learnspanishinperu.net\/wp-content\/uploads\/2025\/04\/educational-program-kids-1536x1152.jpg 1536w, https:\/\/learnspanishinperu.net\/wp-content\/uploads\/2025\/04\/educational-program-kids-373x280.jpg 373w, https:\/\/learnspanishinperu.net\/wp-content\/uploads\/2025\/04\/educational-program-kids-24x18.jpg 24w, https:\/\/learnspanishinperu.net\/wp-content\/uploads\/2025\/04\/educational-program-kids-36x27.jpg 36w, https:\/\/learnspanishinperu.net\/wp-content\/uploads\/2025\/04\/educational-program-kids-48x36.jpg 48w, https:\/\/learnspanishinperu.net\/wp-content\/uploads\/2025\/04\/educational-program-kids.jpg 1600w\" data-sizes=\"(max-width: 300px) 100vw, 300px\" src=\"data:image\/svg+xml;base64,PHN2ZyB3aWR0aD0iMSIgaGVpZ2h0PSIxIiB4bWxucz0iaHR0cDovL3d3dy53My5vcmcvMjAwMC9zdmciPjwvc3ZnPg==\" style=\"--smush-placeholder-width: 300px; --smush-placeholder-aspect-ratio: 300\/225;\" \/><\/a><\/figure>\n<\/div>\n\n\n<p>Du liebst die Arbeit mit Kindern und m\u00f6chtest beim Spanischlernen in Cusco etwas bewegen? Unser Freiwilligenprogramm im Bildungsbereich bietet dir die M\u00f6glichkeit, Kinder vor Ort zu unterst\u00fctzen, indem du in Schulen, Gemeindezentren oder au\u00dferschulischen Programmen mithilfst.<\/p>\n\n\n\n<p>Als Freiwillige\/r kannst du bei Hausaufgaben, Sprachunterricht, kreativen Aktivit\u00e4ten, Sport und Spielen helfen, die das Lernen auf spielerische und spannende Weise f\u00f6rdern. Deine Unterst\u00fctzung schenkt den Kindern zus\u00e4tzliche Aufmerksamkeit, Motivation und F\u00fcrsorge und hilft ihnen, neue F\u00e4higkeiten und Selbstvertrauen zu entwickeln.<\/p>\n\n\n\n<p>Dies ist die perfekte Gelegenheit, in die peruanische Kultur einzutauchen, dein Spanisch in einem dynamischen Umfeld zu \u00fcben und dich f\u00fcr eine sinnvolle Sache einzusetzen. Keine Lehrerfahrung erforderlich \u2013 nur Begeisterung, Geduld und ein L\u00e4cheln!<\/p>\n\n\n\n<p>M\u00f6chtest du diese lohnende Erfahrung mitmachen? Melde dich bei uns, wir beraten dich gerne!<\/p>\n\n\n\n<div class=\"wp-block-buttons is-layout-flex wp-block-buttons-is-layout-flex\">\n<div class=\"wp-block-button\"><a class=\"wp-block-button__link has-background wp-element-button\" href=\"https:\/\/learnspanishinperu.net\/de\/kontakt\/\" style=\"background-color:#800080\">Kontaktiere uns!<\/a><\/div>\n<\/div>\n<\/div><\/div>\n\n\n\n<div style=\"height:60px\" aria-hidden=\"true\" class=\"wp-block-spacer\"><\/div>\n\n\n\n<figure class=\"wp-block-gallery has-nested-images columns-4 is-cropped coblocks-animate wp-block-gallery-1 is-layout-flex wp-block-gallery-is-layout-flex\" data-coblocks-animation=\"clipVertical\">\n<figure class=\"wp-block-image size-large\"><img decoding=\"async\" width=\"768\" height=\"1024\" data-id=\"48812\" data-src=\"https:\/\/learnspanishinperu.net\/wp-content\/uploads\/2025\/04\/educational-program-kids5-768x1024.jpg\" alt=\"\" class=\"wp-image-48812 lazyload\" data-srcset=\"https:\/\/learnspanishinperu.net\/wp-content\/uploads\/2025\/04\/educational-program-kids5-768x1024.jpg 768w, https:\/\/learnspanishinperu.net\/wp-content\/uploads\/2025\/04\/educational-program-kids5-225x300.jpg 225w, https:\/\/learnspanishinperu.net\/wp-content\/uploads\/2025\/04\/educational-program-kids5-1152x1536.jpg 1152w, https:\/\/learnspanishinperu.net\/wp-content\/uploads\/2025\/04\/educational-program-kids5-18x24.jpg 18w, https:\/\/learnspanishinperu.net\/wp-content\/uploads\/2025\/04\/educational-program-kids5-27x36.jpg 27w, https:\/\/learnspanishinperu.net\/wp-content\/uploads\/2025\/04\/educational-program-kids5-36x48.jpg 36w, https:\/\/learnspanishinperu.net\/wp-content\/uploads\/2025\/04\/educational-program-kids5.jpg 1200w\" data-sizes=\"(max-width: 768px) 100vw, 768px\" src=\"data:image\/svg+xml;base64,PHN2ZyB3aWR0aD0iMSIgaGVpZ2h0PSIxIiB4bWxucz0iaHR0cDovL3d3dy53My5vcmcvMjAwMC9zdmciPjwvc3ZnPg==\" style=\"--smush-placeholder-width: 768px; --smush-placeholder-aspect-ratio: 768\/1024;\" \/><\/figure>\n\n\n\n<figure class=\"wp-block-image size-large\"><img decoding=\"async\" width=\"1024\" height=\"768\" data-id=\"48791\" data-src=\"https:\/\/learnspanishinperu.net\/wp-content\/uploads\/2025\/04\/educational-program-kids4-1024x768.jpg\" alt=\"\" class=\"wp-image-48791 lazyload\" data-srcset=\"https:\/\/learnspanishinperu.net\/wp-content\/uploads\/2025\/04\/educational-program-kids4-1024x768.jpg 1024w, https:\/\/learnspanishinperu.net\/wp-content\/uploads\/2025\/04\/educational-program-kids4-300x225.jpg 300w, https:\/\/learnspanishinperu.net\/wp-content\/uploads\/2025\/04\/educational-program-kids4-768x576.jpg 768w, https:\/\/learnspanishinperu.net\/wp-content\/uploads\/2025\/04\/educational-program-kids4-1536x1152.jpg 1536w, https:\/\/learnspanishinperu.net\/wp-content\/uploads\/2025\/04\/educational-program-kids4-373x280.jpg 373w, https:\/\/learnspanishinperu.net\/wp-content\/uploads\/2025\/04\/educational-program-kids4-24x18.jpg 24w, https:\/\/learnspanishinperu.net\/wp-content\/uploads\/2025\/04\/educational-program-kids4-36x27.jpg 36w, https:\/\/learnspanishinperu.net\/wp-content\/uploads\/2025\/04\/educational-program-kids4-48x36.jpg 48w, https:\/\/learnspanishinperu.net\/wp-content\/uploads\/2025\/04\/educational-program-kids4.jpg 1600w\" data-sizes=\"(max-width: 1024px) 100vw, 1024px\" src=\"data:image\/svg+xml;base64,PHN2ZyB3aWR0aD0iMSIgaGVpZ2h0PSIxIiB4bWxucz0iaHR0cDovL3d3dy53My5vcmcvMjAwMC9zdmciPjwvc3ZnPg==\" style=\"--smush-placeholder-width: 1024px; --smush-placeholder-aspect-ratio: 1024\/768;\" \/><\/figure>\n\n\n\n<figure class=\"wp-block-image size-large\"><img decoding=\"async\" width=\"1024\" height=\"768\" data-id=\"48798\" data-src=\"https:\/\/learnspanishinperu.net\/wp-content\/uploads\/2025\/04\/educational-program-kids7-1024x768.jpg\" alt=\"\" class=\"wp-image-48798 lazyload\" data-srcset=\"https:\/\/learnspanishinperu.net\/wp-content\/uploads\/2025\/04\/educational-program-kids7-1024x768.jpg 1024w, https:\/\/learnspanishinperu.net\/wp-content\/uploads\/2025\/04\/educational-program-kids7-300x225.jpg 300w, https:\/\/learnspanishinperu.net\/wp-content\/uploads\/2025\/04\/educational-program-kids7-768x576.jpg 768w, https:\/\/learnspanishinperu.net\/wp-content\/uploads\/2025\/04\/educational-program-kids7-1536x1152.jpg 1536w, https:\/\/learnspanishinperu.net\/wp-content\/uploads\/2025\/04\/educational-program-kids7-373x280.jpg 373w, https:\/\/learnspanishinperu.net\/wp-content\/uploads\/2025\/04\/educational-program-kids7-24x18.jpg 24w, https:\/\/learnspanishinperu.net\/wp-content\/uploads\/2025\/04\/educational-program-kids7-36x27.jpg 36w, https:\/\/learnspanishinperu.net\/wp-content\/uploads\/2025\/04\/educational-program-kids7-48x36.jpg 48w, https:\/\/learnspanishinperu.net\/wp-content\/uploads\/2025\/04\/educational-program-kids7.jpg 1600w\" data-sizes=\"(max-width: 1024px) 100vw, 1024px\" src=\"data:image\/svg+xml;base64,PHN2ZyB3aWR0aD0iMSIgaGVpZ2h0PSIxIiB4bWxucz0iaHR0cDovL3d3dy53My5vcmcvMjAwMC9zdmciPjwvc3ZnPg==\" style=\"--smush-placeholder-width: 1024px; --smush-placeholder-aspect-ratio: 1024\/768;\" \/><\/figure>\n\n\n\n<figure class=\"wp-block-image size-large\"><img decoding=\"async\" width=\"768\" height=\"1024\" data-id=\"48819\" data-src=\"https:\/\/learnspanishinperu.net\/wp-content\/uploads\/2025\/04\/educational-program-kids3-768x1024.jpg\" alt=\"\" class=\"wp-image-48819 lazyload\" data-srcset=\"https:\/\/learnspanishinperu.net\/wp-content\/uploads\/2025\/04\/educational-program-kids3-768x1024.jpg 768w, https:\/\/learnspanishinperu.net\/wp-content\/uploads\/2025\/04\/educational-program-kids3-225x300.jpg 225w, https:\/\/learnspanishinperu.net\/wp-content\/uploads\/2025\/04\/educational-program-kids3-18x24.jpg 18w, https:\/\/learnspanishinperu.net\/wp-content\/uploads\/2025\/04\/educational-program-kids3-27x36.jpg 27w, https:\/\/learnspanishinperu.net\/wp-content\/uploads\/2025\/04\/educational-program-kids3-36x48.jpg 36w, https:\/\/learnspanishinperu.net\/wp-content\/uploads\/2025\/04\/educational-program-kids3.jpg 960w\" data-sizes=\"(max-width: 768px) 100vw, 768px\" src=\"data:image\/svg+xml;base64,PHN2ZyB3aWR0aD0iMSIgaGVpZ2h0PSIxIiB4bWxucz0iaHR0cDovL3d3dy53My5vcmcvMjAwMC9zdmciPjwvc3ZnPg==\" style=\"--smush-placeholder-width: 768px; --smush-placeholder-aspect-ratio: 768\/1024;\" \/><\/figure>\n<\/figure>\n<\/div><\/div>\n\n\n\n<div style=\"height:50px\" aria-hidden=\"true\" class=\"wp-block-spacer\"><\/div>\n\n\n<div\n\t\tclass=\"free align wp-block-btn-button\"\tid='btnButton-2'\n\tdata-nonce='&quot;0c77f052ed&quot;'\n\tdata-attributes='{&quot;cId&quot;:&quot;2be4b8d3-3&quot;,&quot;cPostId&quot;:45197,&quot;text&quot;:&quot;Melden Sie sich jetzt an!&quot;,&quot;allUserRole&quot;:[{&quot;label&quot;:&quot;Select a role&quot;,&quot;value&quot;:&quot;default&quot;},{&quot;label&quot;:&quot;Administrator&quot;,&quot;value&quot;:&quot;administrator&quot;},{&quot;label&quot;:&quot;Editor&quot;,&quot;value&quot;:&quot;editor&quot;},{&quot;label&quot;:&quot;Author&quot;,&quot;value&quot;:&quot;author&quot;},{&quot;label&quot;:&quot;Contributor&quot;,&quot;value&quot;:&quot;contributor&quot;},{&quot;label&quot;:&quot;Subscriber&quot;,&quot;value&quot;:&quot;subscriber&quot;},{&quot;label&quot;:&quot;Inactive&quot;,&quot;value&quot;:&quot;inactive&quot;},{&quot;label&quot;:&quot;SEO Manager&quot;,&quot;value&quot;:&quot;wpseo_manager&quot;},{&quot;label&quot;:&quot;SEO Editor&quot;,&quot;value&quot;:&quot;wpseo_editor&quot;}],&quot;url&quot;:&quot;https:\\\/\\\/learnspanishinperu.net\\\/de\\\/anmeldeformular\\\/&quot;,&quot;icon&quot;:{&quot;class&quot;:&quot;far fa-thumbs-up&quot;,&quot;name&quot;:&quot;thumbs-up&quot;},&quot;size&quot;:&quot;x-large&quot;,&quot;typography&quot;:{&quot;fontSize&quot;:22,&quot;fontWeight&quot;:600,&quot;textDecoration&quot;:&quot;none&quot;},&quot;colors&quot;:{&quot;color&quot;:&quot;#fff&quot;,&quot;bg&quot;:&quot;rgba(255, 165, 0, 1)&quot;},&quot;padding&quot;:{&quot;vertical&quot;:&quot;16px&quot;,&quot;horizontal&quot;:&quot;46px&quot;},&quot;border&quot;:{&quot;radius&quot;:&quot;5px&quot;,&quot;width&quot;:&quot;2px&quot;,&quot;color&quot;:&quot;#0a0002&quot;},&quot;align&quot;:&quot;&quot;,&quot;actionType&quot;:&quot;link&quot;,&quot;security&quot;:&quot;none&quot;,&quot;securityPassword&quot;:&quot;&quot;,&quot;tooltip&quot;:&quot;&quot;,&quot;tooltipPos&quot;:&quot;top&quot;,&quot;target&quot;:&quot;_self&quot;,&quot;attrs&quot;:{&quot;rel&quot;:&quot;noreferrer&quot;,&quot;referrerpolicy&quot;:&quot;no-referrer&quot;},&quot;hideOn&quot;:{&quot;desktop&quot;:false,&quot;tablet&quot;:false,&quot;mobile&quot;:false},&quot;isDownload&quot;:false,&quot;downloadFileName&quot;:&quot;&quot;,&quot;isUpIcon&quot;:false,&quot;upIcon&quot;:{&quot;id&quot;:null,&quot;url&quot;:&quot;&quot;,&quot;alt&quot;:&quot;&quot;,&quot;title&quot;:&quot;&quot;},&quot;iconPos&quot;:&quot;left&quot;,&quot;type&quot;:&quot;flat&quot;,&quot;isFullWidth&quot;:false,&quot;popup&quot;:{&quot;type&quot;:&quot;image&quot;,&quot;content&quot;:&quot;&quot;,&quot;caption&quot;:&quot;&quot;,&quot;width&quot;:&quot;&quot;},&quot;animationType&quot;:&quot;&quot;,&quot;animationDuration&quot;:0.4,&quot;addID&quot;:&quot;&quot;,&quot;addCSS&quot;:&quot;&quot;,&quot;alignment&quot;:&quot;center&quot;,&quot;hovColors&quot;:{&quot;color&quot;:&quot;#fff&quot;,&quot;bg&quot;:&quot;#FF7A00&quot;},&quot;shadow&quot;:[]}'\n\tdata-info='{&quot;userRoles&quot;:[],&quot;loginURL&quot;:&quot;https:\\\/\\\/learnspanishinperu.net\\\/wp-login.php&quot;}'\n\tdata-pipecheck=''\n><\/div>\n\n\n<div style=\"height:50px\" aria-hidden=\"true\" class=\"wp-block-spacer\"><\/div>\n\n\n\n<div class=\"wp-block-buttons is-horizontal is-content-justification-center is-layout-flex wp-container-core-buttons-is-layout-499968f5 wp-block-buttons-is-layout-flex\">\n<div class=\"wp-block-button\"><a class=\"wp-block-button__link has-light-green-cyan-to-vivid-green-cyan-gradient-background has-background wp-element-button\" href=\"https:\/\/learnspanishinperu.net\/de\/freiwilligenarbeit\/kindergarten\/\">Freiwilligenarbeit mit Kindern<\/a><\/div>\n\n\n\n<div class=\"wp-block-button\"><a class=\"wp-block-button__link has-background wp-element-button\" href=\"https:\/\/learnspanishinperu.net\/de\/freiwilligenarbeit\/tierpflege\/\" style=\"background-color:#008000\">Tierpflege in Cusco<\/a><\/div>\n\n\n\n<div class=\"wp-block-button\"><a class=\"wp-block-button__link has-background wp-element-button\" href=\"https:\/\/learnspanishinperu.net\/de\/freiwilligenarbeit\/freiwilligenarbeit-im-umweltbereich\/\" style=\"background-color:#ffa500\">Umweltbereich<\/a><\/div>\n\n\n\n<div class=\"wp-block-button\"><a class=\"wp-block-button__link has-background wp-element-button\" href=\"https:\/\/learnspanishinperu.net\/de\/freiwilligenarbeit\/medizinische-freiwilligenarbeit\/\" style=\"background-color:#0000ff\">Medizinische Freiwilligenarbeit<\/a><\/div>\n\n\n\n<div class=\"wp-block-button\"><a class=\"wp-block-button__link has-background wp-element-button\" href=\"https:\/\/learnspanishinperu.net\/de\/freiwilligenarbeit\/rehabilitation\/\" style=\"background-color:#a52a2a\">Rehabilitation &amp; Psychologie<\/a><\/div>\n\n\n\n<div class=\"wp-block-button\"><a class=\"wp-block-button__link has-accent-background-color has-background wp-element-button\" href=\"https:\/\/learnspanishinperu.net\/de\/freiwilligenarbeit\/soziale-hilfe\/\">Soziale Hilfe<\/a><\/div>\n\n\n\n<div class=\"wp-block-button\"><a class=\"wp-block-button__link has-background wp-element-button\" href=\"https:\/\/learnspanishinperu.net\/de\/freiwilligenarbeit\/bedurfnissen\/\" style=\"background-color:#800080\">Menschen mit besonderen Bed\u00fcrfnissen<\/a><\/div>\n<\/div>\n\n\n\n<div style=\"height:50px\" aria-hidden=\"true\" class=\"wp-block-spacer\"><\/div>\n\n\n\n<p><\/p>\n","protected":false},"excerpt":{"rendered":"<p>Freiwilligenarbeit mit Kindern in Cusco Bildungsprogramm mit Kindern Du liebst die Arbeit mit Kindern und m\u00f6chtest beim Spanischlernen in Cusco etwas bewegen? Unser Freiwilligenprogramm im Bildungsbereich bietet dir die M\u00f6glichkeit, Kinder vor Ort zu unterst\u00fctzen, indem du in Schulen, Gemeindezentren oder au\u00dferschulischen Programmen mithilfst. Als Freiwillige\/r kannst du bei Hausaufgaben, Sprachunterricht, kreativen Aktivit\u00e4ten, Sport und&hellip;<\/p>\n<p class=\"more\"><a class=\"more-link\" href=\"https:\/\/learnspanishinperu.net\/de\/freiwilligenarbeit\/kindergarten\/\">Continue reading <span class=\"screen-reader-text\">Freiwilligenarbeit mit Kindern in Cusco<\/span><\/a><\/p>\n","protected":false},"author":1,"featured_media":0,"parent":5779,"menu_order":0,"comment_status":"closed","ping_status":"closed","template":"page-templates\/wide.php","meta":{"_coblocks_attr":"","_coblocks_dimensions":"","_coblocks_responsive_height":"","_coblocks_accordion_ie_support":"","footnotes":""},"class_list":["post-6571","page","type-page","status-publish","hentry","entry"],"yoast_head":"<!-- This site is optimized with the Yoast SEO plugin v27.5 - https:\/\/yoast.com\/product\/yoast-seo-wordpress\/ -->\n<title>Freiwilligenarbeit Cusco - Mundo Antiguo - Arbeite mit Kindern<\/title>\n<meta name=\"description\" content=\"Als Freiwilliger in einem peruanischen Kindergarten arbeiten? Komm nach Cusco und arbeite als Freiwilliger in einem kleinen Kindergarten.\" \/>\n<meta name=\"robots\" content=\"index, follow, max-snippet:-1, max-image-preview:large, max-video-preview:-1\" \/>\n<link rel=\"canonical\" href=\"https:\/\/learnspanishinperu.net\/de\/freiwilligenarbeit\/kindergarten\/\" \/>\n<meta property=\"og:locale\" content=\"de_DE\" \/>\n<meta property=\"og:type\" content=\"article\" \/>\n<meta property=\"og:title\" content=\"Freiwilligenarbeit Cusco - Mundo Antiguo - Arbeite mit Kindern\" \/>\n<meta property=\"og:description\" content=\"Als Freiwilliger in einem peruanischen Kindergarten arbeiten? Komm nach Cusco und arbeite als Freiwilliger in einem kleinen Kindergarten.\" \/>\n<meta property=\"og:url\" content=\"https:\/\/learnspanishinperu.net\/de\/freiwilligenarbeit\/kindergarten\/\" \/>\n<meta property=\"og:site_name\" content=\"Mundo Antiguo\" \/>\n<meta property=\"article:publisher\" content=\"http:\/\/www.facebook.com\/MundoAntiguoSpanishSchool\" \/>\n<meta property=\"article:modified_time\" content=\"2025-04-24T15:20:49+00:00\" \/>\n<meta property=\"og:image\" content=\"https:\/\/learnspanishinperu.net\/wp-content\/uploads\/2025\/04\/educational-program-kids-300x225.jpg\" \/>\n<meta name=\"twitter:card\" content=\"summary_large_image\" \/>\n<meta name=\"twitter:site\" content=\"@MASpanishschool\" \/>\n<meta name=\"twitter:label1\" content=\"Gesch\u00e4tzte Lesezeit\" \/>\n\t<meta name=\"twitter:data1\" content=\"2 Minuten\" \/>\n<!-- \/ Yoast SEO plugin. -->","yoast_head_json":{"title":"Freiwilligenarbeit Cusco - Mundo Antiguo - Arbeite mit Kindern","description":"Als Freiwilliger in einem peruanischen Kindergarten arbeiten? Komm nach Cusco und arbeite als Freiwilliger in einem kleinen Kindergarten.","robots":{"index":"index","follow":"follow","max-snippet":"max-snippet:-1","max-image-preview":"max-image-preview:large","max-video-preview":"max-video-preview:-1"},"canonical":"https:\/\/learnspanishinperu.net\/de\/freiwilligenarbeit\/kindergarten\/","og_locale":"de_DE","og_type":"article","og_title":"Freiwilligenarbeit Cusco - Mundo Antiguo - Arbeite mit Kindern","og_description":"Als Freiwilliger in einem peruanischen Kindergarten arbeiten? Komm nach Cusco und arbeite als Freiwilliger in einem kleinen Kindergarten.","og_url":"https:\/\/learnspanishinperu.net\/de\/freiwilligenarbeit\/kindergarten\/","og_site_name":"Mundo Antiguo","article_publisher":"http:\/\/www.facebook.com\/MundoAntiguoSpanishSchool","article_modified_time":"2025-04-24T15:20:49+00:00","og_image":[{"url":"https:\/\/learnspanishinperu.net\/wp-content\/uploads\/2025\/04\/educational-program-kids-300x225.jpg","type":"","width":"","height":""}],"twitter_card":"summary_large_image","twitter_site":"@MASpanishschool","twitter_misc":{"Gesch\u00e4tzte Lesezeit":"2 Minuten"},"schema":{"@context":"https:\/\/schema.org","@graph":[{"@type":"WebPage","@id":"https:\/\/learnspanishinperu.net\/de\/freiwilligenarbeit\/kindergarten\/","url":"https:\/\/learnspanishinperu.net\/de\/freiwilligenarbeit\/kindergarten\/","name":"Freiwilligenarbeit Cusco - Mundo Antiguo - Arbeite mit Kindern","isPartOf":{"@id":"https:\/\/learnspanishinperu.net\/#website"},"primaryImageOfPage":{"@id":"https:\/\/learnspanishinperu.net\/de\/freiwilligenarbeit\/kindergarten\/#primaryimage"},"image":{"@id":"https:\/\/learnspanishinperu.net\/de\/freiwilligenarbeit\/kindergarten\/#primaryimage"},"thumbnailUrl":"https:\/\/learnspanishinperu.net\/wp-content\/uploads\/2025\/04\/educational-program-kids-300x225.jpg","datePublished":"2015-11-05T02:30:04+00:00","dateModified":"2025-04-24T15:20:49+00:00","description":"Als Freiwilliger in einem peruanischen Kindergarten arbeiten? Komm nach Cusco und arbeite als Freiwilliger in einem kleinen Kindergarten.","breadcrumb":{"@id":"https:\/\/learnspanishinperu.net\/de\/freiwilligenarbeit\/kindergarten\/#breadcrumb"},"inLanguage":"de-DE","potentialAction":[{"@type":"ReadAction","target":["https:\/\/learnspanishinperu.net\/de\/freiwilligenarbeit\/kindergarten\/"]}]},{"@type":"ImageObject","inLanguage":"de-DE","@id":"https:\/\/learnspanishinperu.net\/de\/freiwilligenarbeit\/kindergarten\/#primaryimage","url":"https:\/\/learnspanishinperu.net\/wp-content\/uploads\/2025\/04\/educational-program-kids-300x225.jpg","contentUrl":"https:\/\/learnspanishinperu.net\/wp-content\/uploads\/2025\/04\/educational-program-kids-300x225.jpg"},{"@type":"BreadcrumbList","@id":"https:\/\/learnspanishinperu.net\/de\/freiwilligenarbeit\/kindergarten\/#breadcrumb","itemListElement":[{"@type":"ListItem","position":1,"name":"Home","item":"https:\/\/learnspanishinperu.net\/de\/"},{"@type":"ListItem","position":2,"name":"Freiwilligenarbeit","item":"https:\/\/learnspanishinperu.net\/de\/freiwilligenarbeit\/"},{"@type":"ListItem","position":3,"name":"Freiwilligenarbeit mit Kindern in Cusco"}]},{"@type":"WebSite","@id":"https:\/\/learnspanishinperu.net\/#website","url":"https:\/\/learnspanishinperu.net\/","name":"Mundo Antiguo","description":"Spanish school Cusco","publisher":{"@id":"https:\/\/learnspanishinperu.net\/#organization"},"potentialAction":[{"@type":"SearchAction","target":{"@type":"EntryPoint","urlTemplate":"https:\/\/learnspanishinperu.net\/?s={search_term_string}"},"query-input":{"@type":"PropertyValueSpecification","valueRequired":true,"valueName":"search_term_string"}}],"inLanguage":"de-DE"},{"@type":"Organization","@id":"https:\/\/learnspanishinperu.net\/#organization","name":"Mundo Antiguo","url":"https:\/\/learnspanishinperu.net\/","logo":{"@type":"ImageObject","inLanguage":"de-DE","@id":"https:\/\/learnspanishinperu.net\/#\/schema\/logo\/image\/","url":"https:\/\/learnspanishinperu.net\/wp-content\/uploads\/2016\/04\/logo-Spanish-school-Cusco-Peru-e1547820355169.jpg","contentUrl":"https:\/\/learnspanishinperu.net\/wp-content\/uploads\/2016\/04\/logo-Spanish-school-Cusco-Peru-e1547820355169.jpg","width":100,"height":83,"caption":"Mundo Antiguo"},"image":{"@id":"https:\/\/learnspanishinperu.net\/#\/schema\/logo\/image\/"},"sameAs":["http:\/\/www.facebook.com\/MundoAntiguoSpanishSchool","https:\/\/x.com\/MASpanishschool","https:\/\/www.instagram.com\/mundoantiguo_spanishschool\/","https:\/\/www.linkedin.com\/company\/mundo-antiguo-spanish-school","http:\/\/www.pinterest.com\/mundoantiguo\/"]}]}},"_links":{"self":[{"href":"https:\/\/learnspanishinperu.net\/de\/wp-json\/wp\/v2\/pages\/6571","targetHints":{"allow":["GET"]}}],"collection":[{"href":"https:\/\/learnspanishinperu.net\/de\/wp-json\/wp\/v2\/pages"}],"about":[{"href":"https:\/\/learnspanishinperu.net\/de\/wp-json\/wp\/v2\/types\/page"}],"author":[{"embeddable":true,"href":"https:\/\/learnspanishinperu.net\/de\/wp-json\/wp\/v2\/users\/1"}],"replies":[{"embeddable":true,"href":"https:\/\/learnspanishinperu.net\/de\/wp-json\/wp\/v2\/comments?post=6571"}],"version-history":[{"count":21,"href":"https:\/\/learnspanishinperu.net\/de\/wp-json\/wp\/v2\/pages\/6571\/revisions"}],"predecessor-version":[{"id":49117,"href":"https:\/\/learnspanishinperu.net\/de\/wp-json\/wp\/v2\/pages\/6571\/revisions\/49117"}],"up":[{"embeddable":true,"href":"https:\/\/learnspanishinperu.net\/de\/wp-json\/wp\/v2\/pages\/5779"}],"wp:attachment":[{"href":"https:\/\/learnspanishinperu.net\/de\/wp-json\/wp\/v2\/media?parent=6571"}],"curies":[{"name":"wp","href":"https:\/\/api.w.org\/{rel}","templated":true}]}}