{"id":6570,"date":"2016-01-14T15:02:07","date_gmt":"2016-01-14T15:02:07","guid":{"rendered":"https:\/\/learnspanishinperu.net\/spanisch-lernen\/spanisch-niveaus\/"},"modified":"2023-08-02T09:11:34","modified_gmt":"2023-08-02T14:11:34","slug":"spanisch-niveaus","status":"publish","type":"page","link":"https:\/\/learnspanishinperu.net\/de\/spanisch-lernen\/spanisch-niveaus\/","title":{"rendered":"Spanisch Niveaus"},"content":{"rendered":"\n<div class=\"wp-block-group\"><div class=\"wp-block-group__inner-container is-layout-flow wp-block-group-is-layout-flow\">\n<div class=\"wp-block-cover alignfull has-parallax mt-0\" style=\"min-height:459px;aspect-ratio:unset;\"><span aria-hidden=\"true\" class=\"wp-block-cover__background has-background-dim-10 has-background-dim\"><\/span><div role=\"img\" class=\"wp-block-cover__image-background wp-image-15951 has-parallax lazyload\" style=\"background-position:50% 50%;background-image:inherit\" data-bg-image=\"url(https:\/\/learnspanishinperu.net\/wp-content\/uploads\/2020\/07\/Spanish-private-teacher-scaled.jpg)\"><\/div><div class=\"wp-block-cover__inner-container is-layout-flow wp-block-cover-is-layout-flow\">\n<h1 class=\"wp-block-heading has-text-align-center has-white-color has-text-color\" style=\"font-size:60px\">Spanisch Niveaus<\/h1>\n\n\n\n<p class=\"has-text-align-center has-white-color has-text-color has-5-xl-font-size\"><em>Starten Sie Ihren Kurs auf dem richtigen Niveau!<\/em><\/p>\n<\/div><\/div>\n\n\n\n<div style=\"height:40px\" aria-hidden=\"true\" class=\"wp-block-spacer\"><\/div>\n\n\n\n<blockquote class=\"wp-block-quote is-style-large is-style-plain has-2-xl-font-size is-layout-flow wp-block-quote-is-layout-flow\" style=\"font-style:normal;font-weight:400\">\n<p>Spanisch Niveaus<\/p>\n<cite>Spanisch auf deinem eigenen Niveau zu lernen ist extrem wichtig. Aus diesem Grund kannst du Spanisch mit uns in Cusco auf allen Spanisch Niveaus lernen, vom kompletten anf\u00e4nger bis zum weit fortgeschrittenen Niveau! Wir arbeiten mit <strong>f\u00fcnf grundlegenden Spanisch Niveaus: anf\u00e4nger, mittleres, fortgeschrittenes, h\u00f6hreres and perfektes<\/strong>. Und wir unterteilen einige dieser Spanisch Niveaus in Unterniveaus.<\/cite><\/blockquote>\n\n\n\n<div style=\"height:30px\" aria-hidden=\"true\" class=\"wp-block-spacer\"><\/div>\n\n\n\n<div class=\"wp-block-group has-background\" style=\"background-color:#e7e7e7\"><div class=\"wp-block-group__inner-container is-layout-flow wp-block-group-is-layout-flow\">\n<h2 class=\"wp-block-heading has-text-align-center\" id=\"spanisch-anfanger-niveau\">Spanisch Anf\u00e4nger Niveau<\/h2>\n\n\n\n<p><strong>Anf\u00e4nger 1:&nbsp;<\/strong>Du hast noch nie Spanisch gelernt und verstehst kein Wort. Wir beginnen damit dir die grundlegenden gesellschaftlichen Anwendungen und Ausdr\u00fccke beizubringen. Du lernst zum Beispiel dich vorzustellen (Name, Herkunft, etc.) und regul\u00e4re und einige irregul\u00e4re Verben im Pr\u00e4sens zu nutzen. Unser Ziel ist es, dass du eine grundlegende Konversation im Pr\u00e4sens f\u00fchren kannst.<\/p>\n\n\n\n<p><strong>Anf\u00e4nger 2:&nbsp;<\/strong>Du wirst mehr irregul\u00e4re Verben im Pr\u00e4sens lernen. Du wirst einen praktischen Vokabelschatz, mit W\u00f6rtern die du nutzen kannst um Fragen zu stellen oder Dinge zu kaufen, lernen. Du wirst zudem lernen spezielle Verben zu nutzen um Vorlieben und W\u00fcnsche zu \u00e4u\u00dfern.<\/p>\n\n\n\n<p><strong>Anf\u00e4nger 3:&nbsp;<\/strong><br \/>Du wirst die&nbsp;<em>Verlaufsform der Gegenwart<\/em>&nbsp;lernen, welche du nutzen kannst um Aktionen auszudr\u00fccken, die gerade passieren. Du wirst au\u00dferdem die reflexiven Verben lernen, die dir helfen werden \u00fcber allt\u00e4gliche Aktivit\u00e4ten zu reden. W\u00e4hrend dieses Teils des Kurses wirst du dein Vokabular und deine Grammatik schritt f\u00fcr schritt aufbauen. Und du wirst verschiedene Ausdr\u00fccke der Zeit w\u00e4hrend deiner m\u00fcndlichen \u00dcbungen, die wir sehr hervorheben, lernen.<\/p>\n\n\n\n<p><strong>Anf\u00e4nger 4:&nbsp;<\/strong>Auf diesem Niveau wirst du die Zukunftsform und eine der Vergangenheitsformen lernen. Danach wirst du imstande sein dich in den drei Grundformen der spanischen Sprache selbst auszudr\u00fccken. In dieser Woche wirst du au\u00dferdem eine andere Vergangenheitsform lernen, das&nbsp;<em>Pret\u00e9rito Indefinido.&nbsp;<\/em>Du wirst die am gebr\u00e4uchlichsten Verben lernen.<\/p>\n<\/div><\/div>\n\n\n\n<div style=\"height:70px\" aria-hidden=\"true\" class=\"wp-block-spacer\"><\/div>\n\n\n\n<figure class=\"wp-block-gallery has-nested-images columns-4 is-cropped wp-block-gallery-1 is-layout-flex wp-block-gallery-is-layout-flex\">\n<figure class=\"wp-block-image size-large\"><img decoding=\"async\" width=\"1024\" height=\"768\" data-id=\"4044\" data-src=\"https:\/\/learnspanishinperu.net\/wp-content\/uploads\/2013\/02\/SAM_0101-copia-1024x768.jpg\" alt=\"Spanish group course\" class=\"wp-image-4044 lazyload\" src=\"data:image\/svg+xml;base64,PHN2ZyB3aWR0aD0iMSIgaGVpZ2h0PSIxIiB4bWxucz0iaHR0cDovL3d3dy53My5vcmcvMjAwMC9zdmciPjwvc3ZnPg==\" style=\"--smush-placeholder-width: 1024px; --smush-placeholder-aspect-ratio: 1024\/768;\" \/><\/figure>\n\n\n\n<figure class=\"wp-block-image size-large\"><img decoding=\"async\" width=\"1024\" height=\"576\" data-id=\"4186\" data-src=\"https:\/\/learnspanishinperu.net\/wp-content\/uploads\/2017\/01\/IMG-20160808-WA0044-1024x576.jpg\" alt=\"Spanish programs\" class=\"wp-image-4186 lazyload\" src=\"data:image\/svg+xml;base64,PHN2ZyB3aWR0aD0iMSIgaGVpZ2h0PSIxIiB4bWxucz0iaHR0cDovL3d3dy53My5vcmcvMjAwMC9zdmciPjwvc3ZnPg==\" style=\"--smush-placeholder-width: 1024px; --smush-placeholder-aspect-ratio: 1024\/576;\" \/><\/figure>\n\n\n\n<figure class=\"wp-block-image size-large\"><img decoding=\"async\" width=\"1024\" height=\"576\" data-id=\"16205\" data-src=\"https:\/\/learnspanishinperu.net\/wp-content\/uploads\/2020\/07\/students-Mundo-Antiguo-Peru-1024x576.jpg\" alt=\"\" class=\"wp-image-16205 lazyload\" data-srcset=\"https:\/\/learnspanishinperu.net\/wp-content\/uploads\/2020\/07\/students-Mundo-Antiguo-Peru-1024x576.jpg 1024w, https:\/\/learnspanishinperu.net\/wp-content\/uploads\/2020\/07\/students-Mundo-Antiguo-Peru-300x169.jpg 300w, https:\/\/learnspanishinperu.net\/wp-content\/uploads\/2020\/07\/students-Mundo-Antiguo-Peru-768x432.jpg 768w, https:\/\/learnspanishinperu.net\/wp-content\/uploads\/2020\/07\/students-Mundo-Antiguo-Peru-373x210.jpg 373w, https:\/\/learnspanishinperu.net\/wp-content\/uploads\/2020\/07\/students-Mundo-Antiguo-Peru.jpg 1032w\" data-sizes=\"(max-width: 1024px) 100vw, 1024px\" src=\"data:image\/svg+xml;base64,PHN2ZyB3aWR0aD0iMSIgaGVpZ2h0PSIxIiB4bWxucz0iaHR0cDovL3d3dy53My5vcmcvMjAwMC9zdmciPjwvc3ZnPg==\" style=\"--smush-placeholder-width: 1024px; --smush-placeholder-aspect-ratio: 1024\/576;\" \/><\/figure>\n\n\n\n<figure class=\"wp-block-image size-large\"><img decoding=\"async\" width=\"1024\" height=\"683\" data-id=\"15944\" data-src=\"https:\/\/learnspanishinperu.net\/wp-content\/uploads\/2020\/07\/Individual-Spanish-lessons-1024x683.jpg\" alt=\"\" class=\"wp-image-15944 lazyload\" data-srcset=\"https:\/\/learnspanishinperu.net\/wp-content\/uploads\/2020\/07\/Individual-Spanish-lessons-1024x683.jpg 1024w, https:\/\/learnspanishinperu.net\/wp-content\/uploads\/2020\/07\/Individual-Spanish-lessons-300x200.jpg 300w, https:\/\/learnspanishinperu.net\/wp-content\/uploads\/2020\/07\/Individual-Spanish-lessons-768x512.jpg 768w, https:\/\/learnspanishinperu.net\/wp-content\/uploads\/2020\/07\/Individual-Spanish-lessons-1536x1024.jpg 1536w, https:\/\/learnspanishinperu.net\/wp-content\/uploads\/2020\/07\/Individual-Spanish-lessons-2048x1365.jpg 2048w\" data-sizes=\"(max-width: 1024px) 100vw, 1024px\" src=\"data:image\/svg+xml;base64,PHN2ZyB3aWR0aD0iMSIgaGVpZ2h0PSIxIiB4bWxucz0iaHR0cDovL3d3dy53My5vcmcvMjAwMC9zdmciPjwvc3ZnPg==\" style=\"--smush-placeholder-width: 1024px; --smush-placeholder-aspect-ratio: 1024\/683;\" \/><\/figure>\n<\/figure>\n\n\n\n<div style=\"height:60px\" aria-hidden=\"true\" class=\"wp-block-spacer\"><\/div>\n\n\n\n<div class=\"wp-block-group has-background\" style=\"background-color:#e7e7e7\"><div class=\"wp-block-group__inner-container is-layout-flow wp-block-group-is-layout-flow\">\n<h2 class=\"wp-block-heading has-text-align-center\" id=\"mittleres-spanisch-niveau\">Mittleres Spanisch Niveau<\/h2>\n\n\n\n<p><strong>Mittel 1:&nbsp;<\/strong>Auf diesem Niveau lernst du die Vergangenheitsformen. Du wirst einen gro\u00dfen Teil des Unterrichts mit dem korrekten Gebrauch der Formen&nbsp;<em>Imperfecto<\/em>&nbsp;und&nbsp;<em>Indefinido<\/em>&nbsp;verbringen. Diese sind eine der gr\u00f6\u00dften H\u00fcrden f\u00fcr Spanischsch\u00fcler. Du lernst au\u00dferdem Texte zu lesen, \u00fcber die Vergangenheit zu reden, Situationen zu beschreiben und Geschichten zu schreiben. Nat\u00fcrlich geht dies einher mit dem wachsenden Wortschatz, den du erwirbst indem du Texte mit deinem Lehrer durchgehst.<\/p>\n\n\n\n<p><strong>Mittel 2:&nbsp;<\/strong>Du lernst den Imperativ zu benutzen, den wir gebrauchen um Aufforderungen, Befehle und Empfehlungen auszudr\u00fccken. Und du wirst damit fortfahren dein Vokabular zu erweitern und das gelernte Spanisch zu \u00fcben.<\/p>\n\n\n\n<p><strong>Mittel 3:&nbsp;<\/strong>Du \u00fcbst alles gr\u00fcndlich was du vorher gelernt hast. Du wirst au\u00dferdem eine Einf\u00fchrung ins&nbsp;<em>Subjuntivo Presente<\/em>&nbsp;bekommen, mit dem du zum Beispiel W\u00fcnsche, Gef\u00fchle und Zweifel ausdr\u00fccken kannst.<\/p>\n<\/div><\/div>\n\n\n\n<div style=\"height:70px\" aria-hidden=\"true\" class=\"wp-block-spacer\"><\/div>\n\n\n\n<div class=\"wp-block-group has-background\" style=\"background-color:#e7e7e7\"><div class=\"wp-block-group__inner-container is-layout-flow wp-block-group-is-layout-flow\">\n<h2 class=\"wp-block-heading has-text-align-center\" id=\"fortgeschrittenes-spanisch-niveau\">Fortgeschrittenes Spanisch Niveau<\/h2>\n\n\n\n<p><strong>Fortgeschritten 1:&nbsp;<\/strong>Wir konzentrieren uns auf das&nbsp;<em>Subjuntivo<\/em>, das du nutzen kannst um Gef\u00fchle, Meinungen, W\u00fcnsche, Zweifel und Vermutungen auszudr\u00fccken. Und wir nutzen das&nbsp;<em>Subjuntivo<\/em>&nbsp;und nach Rat zu fragen Ratschl\u00e4ge zu geben. Dar\u00fcber hinaus werden wir Zeit mit Leseverstehen und Schreibfertigkeiten verbringen. Auf diesem Niveau wirst du zudem spezielles, auf deine besonderen Bed\u00fcrfnisse basierendes, Vokabular entwickeln.<\/p>\n\n\n\n<p><strong>Fortgeschritten 2:&nbsp;<\/strong>Du wirst die Zukunftsformen und das Konditional lernen. Abgesehen davon wirst du die vier Vergangenheitsformen und die Gegenwartsform vertiefen. Auf diesem Wege kannst du Vergleiche zum&nbsp;<em>Subjuntivo<\/em>&nbsp;ziehen.<\/p>\n<\/div><\/div>\n\n\n\n<div style=\"height:70px\" aria-hidden=\"true\" class=\"wp-block-spacer\"><\/div>\n\n\n\n<figure class=\"wp-block-gallery has-nested-images columns-4 is-cropped wp-block-gallery-2 is-layout-flex wp-block-gallery-is-layout-flex\">\n<figure class=\"wp-block-image size-large\"><img decoding=\"async\" width=\"1024\" height=\"683\" data-id=\"3901\" data-src=\"https:\/\/learnspanishinperu.net\/wp-content\/uploads\/2016\/10\/160701-fotos-website-koen-082-1024x683.jpg\" alt=\"Spanish program\" class=\"wp-image-3901 lazyload\" src=\"data:image\/svg+xml;base64,PHN2ZyB3aWR0aD0iMSIgaGVpZ2h0PSIxIiB4bWxucz0iaHR0cDovL3d3dy53My5vcmcvMjAwMC9zdmciPjwvc3ZnPg==\" style=\"--smush-placeholder-width: 1024px; --smush-placeholder-aspect-ratio: 1024\/683;\" \/><\/figure>\n\n\n\n<figure class=\"wp-block-image size-large\"><img decoding=\"async\" width=\"1024\" height=\"683\" data-id=\"3635\" data-src=\"https:\/\/learnspanishinperu.net\/wp-content\/uploads\/2015\/10\/Spanish-group-1024x683.jpg\" alt=\"Peru learn Spanish group\" class=\"wp-image-3635 lazyload\" src=\"data:image\/svg+xml;base64,PHN2ZyB3aWR0aD0iMSIgaGVpZ2h0PSIxIiB4bWxucz0iaHR0cDovL3d3dy53My5vcmcvMjAwMC9zdmciPjwvc3ZnPg==\" style=\"--smush-placeholder-width: 1024px; --smush-placeholder-aspect-ratio: 1024\/683;\" \/><\/figure>\n\n\n\n<figure class=\"wp-block-image size-large\"><img decoding=\"async\" width=\"1024\" height=\"768\" data-id=\"4047\" data-src=\"https:\/\/learnspanishinperu.net\/wp-content\/uploads\/2013\/02\/IMG_20160422_112558-1024x768.jpg\" alt=\"Survival Spanish crash course\" class=\"wp-image-4047 lazyload\" src=\"data:image\/svg+xml;base64,PHN2ZyB3aWR0aD0iMSIgaGVpZ2h0PSIxIiB4bWxucz0iaHR0cDovL3d3dy53My5vcmcvMjAwMC9zdmciPjwvc3ZnPg==\" style=\"--smush-placeholder-width: 1024px; --smush-placeholder-aspect-ratio: 1024\/768;\" \/><\/figure>\n\n\n\n<figure class=\"wp-block-image size-large\"><img decoding=\"async\" width=\"300\" height=\"225\" data-id=\"3376\" data-src=\"https:\/\/learnspanishinperu.net\/wp-content\/uploads\/2015\/10\/IMG_1853-e1479424400632.jpg\" alt=\"Spanish course Peru\" class=\"wp-image-3376 lazyload\" src=\"data:image\/svg+xml;base64,PHN2ZyB3aWR0aD0iMSIgaGVpZ2h0PSIxIiB4bWxucz0iaHR0cDovL3d3dy53My5vcmcvMjAwMC9zdmciPjwvc3ZnPg==\" style=\"--smush-placeholder-width: 300px; --smush-placeholder-aspect-ratio: 300\/225;\" \/><\/figure>\n<\/figure>\n\n\n\n<div style=\"height:60px\" aria-hidden=\"true\" class=\"wp-block-spacer\"><\/div>\n\n\n\n<div class=\"wp-block-group has-background\" style=\"background-color:#e7e7e7\"><div class=\"wp-block-group__inner-container is-layout-flow wp-block-group-is-layout-flow\">\n<h2 class=\"wp-block-heading has-text-align-center\" id=\"hoheres-spanisch-niveau\">H\u00f6heres Spanisch Niveau<\/h2>\n\n\n\n<p><strong>Besseres:&nbsp;<\/strong>Du wirst eine komplette, tiefgr\u00fcndigere Wiederholung der Grammatik bekommen. Das h\u00f6here Spanisch Niveau ist f\u00fcr Sch\u00fcler zugedacht, die bereits alle grammatischen Zeitformen kennen, sie jedoch noch einmal verbessern m\u00f6chten. Und es geht darum zu lernen auf Spanisch zu kommunizieren, dabei all diese Zeitformen zu nutzen, sodass du dich \u00fcber jedes beliebige Thema unterhalten kannst.<\/p>\n\n\n\n<p>Zudem lernen wir etwas \u00fcber die indirekte Rede. Sie wird im spanischen genutzt um Nachrichten oder Momente von der Vergangenheit in die Gegenwart zu \u00fcbertragen. Wir heben m\u00fcndlichen Ausdruck durch Konversationen \u00fcber komplexe Themen hervor. Du wirst zudem sprachliche Ausdr\u00fccke lernen, die wie immer an die Interessen des Sch\u00fclers angepasst sind.<\/p>\n\n\n\n<p><strong>Perfektes:&nbsp;<\/strong><\/p>\n\n\n\n<p>Frag uns einfach wenn du einen spezifischen Spanischkurs auf einem bestimmten Niveau ben\u00f6tigst. Wir bieten zum Beispiel einen Spanischkurs zum Thema Medizin an bei dem du jede Menge medizinische Vokabeln lernst sowie praxisbezogene als auch Situationen mit Patienten etc. durchgehst. Wir bieten verschiedene Spanischkurse auf verschiedenen Niveaus an, die perfekt auf deine Bed\u00fcrfnisse und W\u00fcnsche ausgerichtet sind.<\/p>\n\n\n\n<p>Du kannst unseren&nbsp;<a href=\"https:\/\/learnspanishinperu.net\/learn-spanish\/placement-test\/\">Spanisch Einstufungstest<\/a>&nbsp;ausf\u00fcllen um zu sehen auf welchem Niveau du deinen Unterricht beginnen kannst.<\/p>\n<\/div><\/div>\n<\/div><\/div>\n\n\n\n<div style=\"height:50px\" aria-hidden=\"true\" class=\"wp-block-spacer\"><\/div>\n\n\n\n<div class=\"wp-block-buttons is-horizontal is-content-justification-center is-layout-flex wp-container-core-buttons-is-layout-499968f5 wp-block-buttons-is-layout-flex\">\n<div class=\"wp-block-button\"><a class=\"wp-block-button__link has-background wp-element-button\" href=\"https:\/\/learnspanishinperu.net\/de\/spanisch-lernen\/spanisch-einstufungstest\/\" style=\"background-color:#008000\">Spanisch Einstufungstest<\/a><\/div>\n\n\n\n<div class=\"wp-block-button\"><a class=\"wp-block-button__link has-background wp-element-button\" href=\"https:\/\/learnspanishinperu.net\/de\/programme\/\" style=\"background-color:#ffa500\">Unsere Programme<\/a><\/div>\n\n\n\n<div class=\"wp-block-button\"><a class=\"wp-block-button__link has-background wp-element-button\" href=\"https:\/\/learnspanishinperu.net\/de\/dienstleistungen\/\" style=\"background-color:#0000ff\">Dienstleistungen in Cusco<\/a><\/div>\n\n\n\n<div class=\"wp-block-button\"><a class=\"wp-block-button__link has-background wp-element-button\" href=\"https:\/\/learnspanishinperu.net\/de\/kontakt\/\" style=\"background-color:#a52a2a\">Schick uns eine Nachricht!<\/a><\/div>\n<\/div>\n\n\n\n<div style=\"height:30px\" aria-hidden=\"true\" class=\"wp-block-spacer\"><\/div>\n\n\n\n<p><\/p>\n","protected":false},"excerpt":{"rendered":"<p>Spanisch Niveaus Spanisch Anf\u00e4nger Niveau Anf\u00e4nger 1:&nbsp;Du hast noch nie Spanisch gelernt und verstehst kein Wort. Wir beginnen damit dir die grundlegenden gesellschaftlichen Anwendungen und Ausdr\u00fccke beizubringen. Du lernst zum Beispiel dich vorzustellen (Name, Herkunft, etc.) und regul\u00e4re und einige irregul\u00e4re Verben im Pr\u00e4sens zu nutzen. Unser Ziel ist es, dass du eine grundlegende Konversation&hellip;<\/p>\n<p class=\"more\"><a class=\"more-link\" href=\"https:\/\/learnspanishinperu.net\/de\/spanisch-lernen\/spanisch-niveaus\/\">Continue reading <span class=\"screen-reader-text\">Spanisch Niveaus<\/span><\/a><\/p>\n","protected":false},"author":1,"featured_media":0,"parent":5659,"menu_order":3,"comment_status":"closed","ping_status":"closed","template":"page-templates\/wide.php","meta":{"_coblocks_attr":"","_coblocks_dimensions":"","_coblocks_responsive_height":"","_coblocks_accordion_ie_support":"","footnotes":""},"class_list":["post-6570","page","type-page","status-publish","hentry","entry"],"yoast_head":"<!-- This site is optimized with the Yoast SEO plugin v27.4 - https:\/\/yoast.com\/product\/yoast-seo-wordpress\/ -->\n<title>Spanish Niveaus - Spanisch Sprachschule Mundo Antiguo Cusco<\/title>\n<meta name=\"description\" content=\"Beschreibungen der verschiedenen Spanischniveaus von Mundo Antiguo Spanischschule Cusco. Spanish Niveaus - Spanisch Sprachschule\" \/>\n<meta name=\"robots\" content=\"index, follow, max-snippet:-1, max-image-preview:large, max-video-preview:-1\" \/>\n<link rel=\"canonical\" href=\"https:\/\/learnspanishinperu.net\/de\/spanisch-lernen\/spanisch-niveaus\/\" \/>\n<meta property=\"og:locale\" content=\"de_DE\" \/>\n<meta property=\"og:type\" content=\"article\" \/>\n<meta property=\"og:title\" content=\"Spanish Niveaus - Spanisch Sprachschule Mundo Antiguo Cusco\" \/>\n<meta property=\"og:description\" content=\"Beschreibungen der verschiedenen Spanischniveaus von Mundo Antiguo Spanischschule Cusco. Spanish Niveaus - Spanisch Sprachschule\" \/>\n<meta property=\"og:url\" content=\"https:\/\/learnspanishinperu.net\/de\/spanisch-lernen\/spanisch-niveaus\/\" \/>\n<meta property=\"og:site_name\" content=\"Mundo Antiguo\" \/>\n<meta property=\"article:publisher\" content=\"http:\/\/www.facebook.com\/MundoAntiguoSpanishSchool\" \/>\n<meta property=\"article:modified_time\" content=\"2023-08-02T14:11:34+00:00\" \/>\n<meta property=\"og:image\" content=\"https:\/\/learnspanishinperu.net\/wp-content\/uploads\/2013\/02\/SAM_0101-copia-1024x768.jpg\" \/>\n<meta name=\"twitter:card\" content=\"summary_large_image\" \/>\n<meta name=\"twitter:site\" content=\"@MASpanishschool\" \/>\n<meta name=\"twitter:label1\" content=\"Gesch\u00e4tzte Lesezeit\" \/>\n\t<meta name=\"twitter:data1\" content=\"5 Minuten\" \/>\n<!-- \/ Yoast SEO plugin. -->","yoast_head_json":{"title":"Spanish Niveaus - Spanisch Sprachschule Mundo Antiguo Cusco","description":"Beschreibungen der verschiedenen Spanischniveaus von Mundo Antiguo Spanischschule Cusco. Spanish Niveaus - Spanisch Sprachschule","robots":{"index":"index","follow":"follow","max-snippet":"max-snippet:-1","max-image-preview":"max-image-preview:large","max-video-preview":"max-video-preview:-1"},"canonical":"https:\/\/learnspanishinperu.net\/de\/spanisch-lernen\/spanisch-niveaus\/","og_locale":"de_DE","og_type":"article","og_title":"Spanish Niveaus - Spanisch Sprachschule Mundo Antiguo Cusco","og_description":"Beschreibungen der verschiedenen Spanischniveaus von Mundo Antiguo Spanischschule Cusco. Spanish Niveaus - Spanisch Sprachschule","og_url":"https:\/\/learnspanishinperu.net\/de\/spanisch-lernen\/spanisch-niveaus\/","og_site_name":"Mundo Antiguo","article_publisher":"http:\/\/www.facebook.com\/MundoAntiguoSpanishSchool","article_modified_time":"2023-08-02T14:11:34+00:00","og_image":[{"url":"https:\/\/learnspanishinperu.net\/wp-content\/uploads\/2013\/02\/SAM_0101-copia-1024x768.jpg","type":"","width":"","height":""}],"twitter_card":"summary_large_image","twitter_site":"@MASpanishschool","twitter_misc":{"Gesch\u00e4tzte Lesezeit":"5 Minuten"},"schema":{"@context":"https:\/\/schema.org","@graph":[{"@type":"WebPage","@id":"https:\/\/learnspanishinperu.net\/de\/spanisch-lernen\/spanisch-niveaus\/","url":"https:\/\/learnspanishinperu.net\/de\/spanisch-lernen\/spanisch-niveaus\/","name":"Spanish Niveaus - Spanisch Sprachschule Mundo Antiguo Cusco","isPartOf":{"@id":"https:\/\/learnspanishinperu.net\/#website"},"primaryImageOfPage":{"@id":"https:\/\/learnspanishinperu.net\/de\/spanisch-lernen\/spanisch-niveaus\/#primaryimage"},"image":{"@id":"https:\/\/learnspanishinperu.net\/de\/spanisch-lernen\/spanisch-niveaus\/#primaryimage"},"thumbnailUrl":"https:\/\/learnspanishinperu.net\/wp-content\/uploads\/2013\/02\/SAM_0101-copia-1024x768.jpg","datePublished":"2016-01-14T15:02:07+00:00","dateModified":"2023-08-02T14:11:34+00:00","description":"Beschreibungen der verschiedenen Spanischniveaus von Mundo Antiguo Spanischschule Cusco. Spanish Niveaus - Spanisch Sprachschule","breadcrumb":{"@id":"https:\/\/learnspanishinperu.net\/de\/spanisch-lernen\/spanisch-niveaus\/#breadcrumb"},"inLanguage":"de-DE","potentialAction":[{"@type":"ReadAction","target":["https:\/\/learnspanishinperu.net\/de\/spanisch-lernen\/spanisch-niveaus\/"]}]},{"@type":"ImageObject","inLanguage":"de-DE","@id":"https:\/\/learnspanishinperu.net\/de\/spanisch-lernen\/spanisch-niveaus\/#primaryimage","url":"https:\/\/learnspanishinperu.net\/wp-content\/uploads\/2013\/02\/SAM_0101-copia-1024x768.jpg","contentUrl":"https:\/\/learnspanishinperu.net\/wp-content\/uploads\/2013\/02\/SAM_0101-copia-1024x768.jpg"},{"@type":"BreadcrumbList","@id":"https:\/\/learnspanishinperu.net\/de\/spanisch-lernen\/spanisch-niveaus\/#breadcrumb","itemListElement":[{"@type":"ListItem","position":1,"name":"Home","item":"https:\/\/learnspanishinperu.net\/de\/"},{"@type":"ListItem","position":2,"name":"Spanisch lernen","item":"https:\/\/learnspanishinperu.net\/de\/spanisch-lernen\/"},{"@type":"ListItem","position":3,"name":"Spanisch Niveaus"}]},{"@type":"WebSite","@id":"https:\/\/learnspanishinperu.net\/#website","url":"https:\/\/learnspanishinperu.net\/","name":"Mundo Antiguo","description":"Spanish school Cusco","publisher":{"@id":"https:\/\/learnspanishinperu.net\/#organization"},"potentialAction":[{"@type":"SearchAction","target":{"@type":"EntryPoint","urlTemplate":"https:\/\/learnspanishinperu.net\/?s={search_term_string}"},"query-input":{"@type":"PropertyValueSpecification","valueRequired":true,"valueName":"search_term_string"}}],"inLanguage":"de-DE"},{"@type":"Organization","@id":"https:\/\/learnspanishinperu.net\/#organization","name":"Mundo Antiguo","url":"https:\/\/learnspanishinperu.net\/","logo":{"@type":"ImageObject","inLanguage":"de-DE","@id":"https:\/\/learnspanishinperu.net\/#\/schema\/logo\/image\/","url":"https:\/\/learnspanishinperu.net\/wp-content\/uploads\/2016\/04\/logo-Spanish-school-Cusco-Peru-e1547820355169.jpg","contentUrl":"https:\/\/learnspanishinperu.net\/wp-content\/uploads\/2016\/04\/logo-Spanish-school-Cusco-Peru-e1547820355169.jpg","width":100,"height":83,"caption":"Mundo Antiguo"},"image":{"@id":"https:\/\/learnspanishinperu.net\/#\/schema\/logo\/image\/"},"sameAs":["http:\/\/www.facebook.com\/MundoAntiguoSpanishSchool","https:\/\/x.com\/MASpanishschool","https:\/\/www.instagram.com\/mundoantiguo_spanishschool\/","https:\/\/www.linkedin.com\/company\/mundo-antiguo-spanish-school","http:\/\/www.pinterest.com\/mundoantiguo\/"]}]}},"_links":{"self":[{"href":"https:\/\/learnspanishinperu.net\/de\/wp-json\/wp\/v2\/pages\/6570","targetHints":{"allow":["GET"]}}],"collection":[{"href":"https:\/\/learnspanishinperu.net\/de\/wp-json\/wp\/v2\/pages"}],"about":[{"href":"https:\/\/learnspanishinperu.net\/de\/wp-json\/wp\/v2\/types\/page"}],"author":[{"embeddable":true,"href":"https:\/\/learnspanishinperu.net\/de\/wp-json\/wp\/v2\/users\/1"}],"replies":[{"embeddable":true,"href":"https:\/\/learnspanishinperu.net\/de\/wp-json\/wp\/v2\/comments?post=6570"}],"version-history":[{"count":16,"href":"https:\/\/learnspanishinperu.net\/de\/wp-json\/wp\/v2\/pages\/6570\/revisions"}],"predecessor-version":[{"id":44646,"href":"https:\/\/learnspanishinperu.net\/de\/wp-json\/wp\/v2\/pages\/6570\/revisions\/44646"}],"up":[{"embeddable":true,"href":"https:\/\/learnspanishinperu.net\/de\/wp-json\/wp\/v2\/pages\/5659"}],"wp:attachment":[{"href":"https:\/\/learnspanishinperu.net\/de\/wp-json\/wp\/v2\/media?parent=6570"}],"curies":[{"name":"wp","href":"https:\/\/api.w.org\/{rel}","templated":true}]}}