{"id":6566,"date":"2017-01-10T13:38:12","date_gmt":"2017-01-10T18:38:12","guid":{"rendered":"https:\/\/learnspanishinperu.net\/spanischschule\/12-grunde-mundo-antiguo-spanish-school-zu-wahlen\/"},"modified":"2023-03-08T09:03:41","modified_gmt":"2023-03-08T14:03:41","slug":"12-gruende","status":"publish","type":"page","link":"https:\/\/learnspanishinperu.net\/de\/spanischschule\/12-gruende\/","title":{"rendered":"12 Gr\u00fcnde Mundo Antiguo Spanisch Sprachschule zu w\u00e4hlen"},"content":{"rendered":"\n<div class=\"wp-block-group\"><div class=\"wp-block-group__inner-container is-layout-flow wp-block-group-is-layout-flow\">\n<div class=\"wp-block-group\"><div class=\"wp-block-group__inner-container is-layout-flow wp-block-group-is-layout-flow\">\n<div class=\"wp-block-cover alignfull is-light has-parallax mt-0\" style=\"min-height:460px;aspect-ratio:unset;\"><span aria-hidden=\"true\" class=\"wp-block-cover__background has-background-dim-10 has-background-dim\"><\/span><div role=\"img\" class=\"wp-block-cover__image-background wp-image-4034 has-parallax lazyload\" style=\"background-position:50% 50%;background-image:inherit\" data-bg-image=\"url(https:\/\/learnspanishinperu.net\/wp-content\/uploads\/2013\/02\/160629-Cusco-Fiesta-070.jpg)\"><\/div><div class=\"wp-block-cover__inner-container is-layout-flow wp-block-cover-is-layout-flow\">\n<h1 class=\"has-text-align-center has-white-color has-text-color wp-block-heading\" id=\"12-grunde-sich-fur-uns-zu-entscheiden\" style=\"font-size:60px\"><mark style=\"background-color:rgba(0, 0, 0, 0)\" class=\"has-inline-color has-white-color\">12 Gr\u00fcnde sich f\u00fcr uns zu entscheiden!<\/mark><\/h1>\n\n\n\n<p class=\"has-text-align-center has-white-color has-text-color has-5-xl-font-size\"><em>Mundo Antiguo Spanischschule Cusco<\/em><\/p>\n<\/div><\/div>\n\n\n\n<div style=\"height:10px\" aria-hidden=\"true\" class=\"wp-block-spacer\"><\/div>\n\n\n\n<blockquote class=\"wp-block-quote is-style-large is-style-plain has-2-xl-font-size is-layout-flow wp-block-quote-is-layout-flow\" style=\"font-style:normal;font-weight:400\">\n<p>Warum Mundo Antiguo?<\/p>\n<cite>Es gibt viele Organisationen zwischen denen du w\u00e4hlen kannst, wenn du in Peru verweilen m\u00f6chtest. Du wirst nicht jedes Jahr dort hingehen und deshalb sicher sein, dass es eine gro\u00dfartige Erfahrung wird. Wieso ist Mundo Antiguo die beste Wahl f\u00fcr dich? Wir werden dir 12 Gr\u00fcnde nennen:<\/cite><\/blockquote>\n\n\n\n<div style=\"height:20px\" aria-hidden=\"true\" class=\"wp-block-spacer\"><\/div>\n\n\n\n<div class=\"wp-block-group alignwide has-background\" style=\"background-color:#e7e7e7\"><div class=\"wp-block-group__inner-container is-layout-flow wp-block-group-is-layout-flow\">\n<h2 class=\"has-text-align-center wp-block-heading\" id=\"12-grunde\">12 Gr\u00fcnde<\/h2>\n\n\n\n<div class=\"wp-block-group alignwide\"><div class=\"wp-block-group__inner-container is-layout-flow wp-block-group-is-layout-flow\">\n<div class=\"wp-block-group\"><div class=\"wp-block-group__inner-container is-layout-flow wp-block-group-is-layout-flow\">\n<ol class=\"wp-block-list\">\n<li>Wir haben die&nbsp;<strong>besten Lehrer<\/strong>&nbsp;Perus. Wenn du einen Sprachkurs nimmst ist es das wichtigste einen hervorragenden Lehrer zu haben.<\/li>\n\n\n\n<li><strong>Peru<\/strong>&nbsp;ist perfekt um Spanisch zu lernen. Die Leute sprechen klar und deutlich, ohne Akzente und es ist ziemlich einfach zu verstehen. Das macht Peru zum perfekten Ort um einen Spanischkurs zu machen.<\/li>\n\n\n\n<li><strong>Cusco<\/strong>&nbsp;ist ein wunderbarer Ort um eine Weile zu bleiben. Die Stadt ist sch\u00f6n und es gibt immer jede Menge zu tun. Und du kannst von&nbsp;<a href=\"https:\/\/learnspanishinperu.net\/de\/spanischschule\/cusco\/\">Cusco<\/a>&nbsp;aus Machu Picchu besichtigen und die Anden erkunden. Kultur, Natur und Abenteuer, alles an einem Ort.<\/li>\n\n\n\n<li>Perfekte&nbsp;<a href=\"https:\/\/learnspanishinperu.net\/de\/kontakt\/\">Lage<\/a>&nbsp;im sch\u00f6nen Cusco.<br \/>Nat\u00fcrlich m\u00f6chtest du direkt im Herzen des&nbsp;<strong>Stadtzentrums<\/strong>&nbsp;Cuscos studieren. Wir sind umgeben von beeindruckenden Geb\u00e4uden, Inka Mauern, Museen und Pl\u00e4tzen.<\/li>\n\n\n\n<li><strong>Flexibilit\u00e4t<\/strong>&nbsp;bei Programmen und Stunden. Wenn du reist m\u00f6chtest du vermutlich eine gewisse Flexibilit\u00e4t in deinem Programm. Mundo Antiguo versteht dies und bietet dir ein angepasstes und flexibles Programm.<\/li>\n\n\n\n<li>Wir bieten&nbsp;<strong>gut organisierte<\/strong>&nbsp;Programme zu kompetitiven&nbsp;<a href=\"https:\/\/learnspanishinperu.net\/de\/preise\/\">Preisen<\/a>&nbsp;an.<\/li>\n\n\n\n<li>Individueller Unterricht mit einem&nbsp;<strong>speziuellen Lehrplan<\/strong>. Ein intensiver Sprachkurs erfordert eine besondere&nbsp;<a href=\"https:\/\/learnspanishinperu.net\/de\/spanisch-lernen\/methodik\/\">Lehrmethode<\/a>&nbsp;um ihn in vollem Umfang nutzen zu k\u00f6nnen. Egal ob dein Spanischkurs in Cusco oder&nbsp;<a href=\"https:\/\/learnspanishinperu.net\/de\/spanisch-online\/\">online<\/a>&nbsp;mit uns ist.<\/li>\n\n\n\n<li><strong>Kostenlose Aktivit\u00e4ten<\/strong>. Wir bieten jede Woche eine&nbsp;<a href=\"https:\/\/learnspanishinperu.net\/de\/spanischschule\/kostenlose-aktivitaeten\/\">kostenlose Aktivit\u00e4t<\/a>&nbsp;wie einen Salsa Einf\u00fchrungskurs, einen Kochkurs, Fr\u00fcchteverkostungsabend, Seminare oder die Besichtigung einer Ausstellung oder eines Festes an. Und wir haben ein w\u00f6chentliches Sch\u00fcleressen wo du alle anderen treffen und ein tolles Essen genie\u00dfen kannst.<\/li>\n\n\n\n<li><strong>Kostenlose Dienstleistungen<\/strong>: W-Lan in der Schule (und deiner Unterkunft), kostenloser Kaffee und Tee, alle Kursmaterialien sind inklusive, einen B\u00fccheraustausch, kostenlose Reiseinformationen, einen Notfallservice, Stadtkarten von Cusco und lokale Orientierung.<\/li>\n\n\n\n<li><strong>Freiwilligenarbeit<\/strong>: M\u00f6chtest du&nbsp;<a href=\"https:\/\/learnspanishinperu.net\/de\/freiwilligenarbeit\/\">ehrenamtlich in Cusco<\/a>&nbsp;arbeiten? M\u00f6chtest du an einem tollen Projekt mitarbeiten? Du m\u00f6chtest gut vorbereitet sein und nicht viel Geld ausgeben? Mundo Antiguo bietet dir all dies an!<\/li>\n\n\n\n<li><a href=\"https:\/\/learnspanishinperu.net\/de\/unterkunft\/\">Unterkunft<\/a>&nbsp;in Cusco:<br \/>Nat\u00fcrlich m\u00f6chtest du w\u00e4hrend deiner Zeit in Cusco in einer sch\u00f6nen&nbsp;<strong>Unterkunft<\/strong>&nbsp;leben. Wir bieten dir die M\u00f6glichkeit an in einer lokalen Gastfamilie oder in einer unserer Apartments zu leben.<\/li>\n\n\n\n<li><strong>Kontakt<\/strong>: Wir bieten eine schnelle R\u00fcckmeldung auf all deine Fragen w\u00e4hrend des Reservierungsprozesses an. Und auch wenn du in Cusco bist kannst du uns jederzeit&nbsp;<a href=\"https:\/\/learnspanishinperu.net\/de\/kontakt\/\">kontaktieren<\/a>. We are always willing to help you with any questions you might have. Wir sind immer gewillt dir bei jeder Frage die du hast zu helfen. Pers\u00f6nliche Behandlung ist unser wichtigster Fokus.<\/li>\n<\/ol>\n<\/div><\/div>\n<\/div><\/div>\n\n\n\n<p><\/p>\n<\/div><\/div>\n\n\n\n<div style=\"height:70px\" aria-hidden=\"true\" class=\"wp-block-spacer\"><\/div>\n\n\n\n<figure class=\"wp-block-gallery has-nested-images columns-4 is-cropped wp-block-gallery-1 is-layout-flex wp-block-gallery-is-layout-flex\">\n<figure class=\"wp-block-image size-large\"><img decoding=\"async\" width=\"1024\" height=\"768\" data-id=\"16191\" data-src=\"https:\/\/learnspanishinperu.net\/wp-content\/uploads\/2020\/07\/learn-Spanish-course-Peru-1-1024x768.jpg\" alt=\"\" class=\"wp-image-16191 lazyload\" data-srcset=\"https:\/\/learnspanishinperu.net\/wp-content\/uploads\/2020\/07\/learn-Spanish-course-Peru-1-1024x768.jpg 1024w, https:\/\/learnspanishinperu.net\/wp-content\/uploads\/2020\/07\/learn-Spanish-course-Peru-1-300x225.jpg 300w, https:\/\/learnspanishinperu.net\/wp-content\/uploads\/2020\/07\/learn-Spanish-course-Peru-1-768x576.jpg 768w, https:\/\/learnspanishinperu.net\/wp-content\/uploads\/2020\/07\/learn-Spanish-course-Peru-1-373x280.jpg 373w, https:\/\/learnspanishinperu.net\/wp-content\/uploads\/2020\/07\/learn-Spanish-course-Peru-1.jpg 1440w\" data-sizes=\"(max-width: 1024px) 100vw, 1024px\" src=\"data:image\/svg+xml;base64,PHN2ZyB3aWR0aD0iMSIgaGVpZ2h0PSIxIiB4bWxucz0iaHR0cDovL3d3dy53My5vcmcvMjAwMC9zdmciPjwvc3ZnPg==\" style=\"--smush-placeholder-width: 1024px; --smush-placeholder-aspect-ratio: 1024\/768;\" \/><\/figure>\n\n\n\n<figure class=\"wp-block-image size-large\"><img decoding=\"async\" width=\"960\" height=\"720\" data-id=\"16198\" data-src=\"https:\/\/learnspanishinperu.net\/wp-content\/uploads\/2020\/07\/learn-Spanish-in-Cusco-students.jpg\" alt=\"\" class=\"wp-image-16198 lazyload\" data-srcset=\"https:\/\/learnspanishinperu.net\/wp-content\/uploads\/2020\/07\/learn-Spanish-in-Cusco-students.jpg 960w, https:\/\/learnspanishinperu.net\/wp-content\/uploads\/2020\/07\/learn-Spanish-in-Cusco-students-300x225.jpg 300w, https:\/\/learnspanishinperu.net\/wp-content\/uploads\/2020\/07\/learn-Spanish-in-Cusco-students-768x576.jpg 768w, https:\/\/learnspanishinperu.net\/wp-content\/uploads\/2020\/07\/learn-Spanish-in-Cusco-students-373x280.jpg 373w\" data-sizes=\"(max-width: 960px) 100vw, 960px\" src=\"data:image\/svg+xml;base64,PHN2ZyB3aWR0aD0iMSIgaGVpZ2h0PSIxIiB4bWxucz0iaHR0cDovL3d3dy53My5vcmcvMjAwMC9zdmciPjwvc3ZnPg==\" style=\"--smush-placeholder-width: 960px; --smush-placeholder-aspect-ratio: 960\/720;\" \/><\/figure>\n\n\n\n<figure class=\"wp-block-image size-large\"><img decoding=\"async\" width=\"640\" height=\"480\" data-id=\"16184\" data-src=\"https:\/\/learnspanishinperu.net\/wp-content\/uploads\/2020\/07\/individual-lessons-Spanish-Cusco.jpg\" alt=\"\" class=\"wp-image-16184 lazyload\" data-srcset=\"https:\/\/learnspanishinperu.net\/wp-content\/uploads\/2020\/07\/individual-lessons-Spanish-Cusco.jpg 640w, https:\/\/learnspanishinperu.net\/wp-content\/uploads\/2020\/07\/individual-lessons-Spanish-Cusco-300x225.jpg 300w, https:\/\/learnspanishinperu.net\/wp-content\/uploads\/2020\/07\/individual-lessons-Spanish-Cusco-373x280.jpg 373w\" data-sizes=\"(max-width: 640px) 100vw, 640px\" src=\"data:image\/svg+xml;base64,PHN2ZyB3aWR0aD0iMSIgaGVpZ2h0PSIxIiB4bWxucz0iaHR0cDovL3d3dy53My5vcmcvMjAwMC9zdmciPjwvc3ZnPg==\" style=\"--smush-placeholder-width: 640px; --smush-placeholder-aspect-ratio: 640\/480;\" \/><\/figure>\n\n\n\n<figure class=\"wp-block-image size-large\"><img decoding=\"async\" width=\"1024\" height=\"768\" data-id=\"16177\" data-src=\"https:\/\/learnspanishinperu.net\/wp-content\/uploads\/2020\/07\/Cusco-group-students-2-1024x768.jpg\" alt=\"\" class=\"wp-image-16177 lazyload\" data-srcset=\"https:\/\/learnspanishinperu.net\/wp-content\/uploads\/2020\/07\/Cusco-group-students-2-1024x768.jpg 1024w, https:\/\/learnspanishinperu.net\/wp-content\/uploads\/2020\/07\/Cusco-group-students-2-300x225.jpg 300w, https:\/\/learnspanishinperu.net\/wp-content\/uploads\/2020\/07\/Cusco-group-students-2-768x576.jpg 768w, https:\/\/learnspanishinperu.net\/wp-content\/uploads\/2020\/07\/Cusco-group-students-2-373x280.jpg 373w, https:\/\/learnspanishinperu.net\/wp-content\/uploads\/2020\/07\/Cusco-group-students-2.jpg 1280w\" data-sizes=\"(max-width: 1024px) 100vw, 1024px\" src=\"data:image\/svg+xml;base64,PHN2ZyB3aWR0aD0iMSIgaGVpZ2h0PSIxIiB4bWxucz0iaHR0cDovL3d3dy53My5vcmcvMjAwMC9zdmciPjwvc3ZnPg==\" style=\"--smush-placeholder-width: 1024px; --smush-placeholder-aspect-ratio: 1024\/768;\" \/><\/figure>\n<\/figure>\n\n\n\n<div style=\"height:30px\" aria-hidden=\"true\" class=\"wp-block-spacer\"><\/div>\n\n\n\n<blockquote class=\"wp-block-quote is-style-large is-style-plain has-2-xl-font-size is-layout-flow wp-block-quote-is-layout-flow\" style=\"font-style:normal;font-weight:400\">\n<p>Mehr Gr\u00fcnde?<\/p>\n<cite>Wenn du noch mehr Gr\u00fcnde brauchst, schau doch mal was fr\u00fchere Sch\u00fcler in <a href=\"https:\/\/learnspanishinperu.net\/de\/spanischschule\/bewertungen\/\"><strong>Bewertungen<\/strong><\/a> \u00fcber uns sagen. Ansonsten f\u00fchl dich nat\u00fcrlich frei einige Bewertungen auf anderen Plattformen wie <a href=\"https:\/\/www.facebook.com\/MundoAntiguoSpanishSchool\"><em>Facebook<\/em><\/a> oder <a href=\"https:\/\/www.tripadvisor.com\/Attraction_Review-g294314-d5499393-Reviews-Mundo_Antiguo_Spanish_School_Day_Course_Spanish-Cusco_Cusco_Region.html\"><em>TripAdvisor<\/em><\/a> anzuschauen. Und <strong>National Geographic<\/strong> erw\u00e4hnte uns als 1 der <em><a href=\"https:\/\/www.nationalgeographic.co.uk\/travel\/2022\/05\/seven-of-the-best-places-to-learn-spanish-around-the-world-from-guatemala-to-granada\">sieben besten Orte der Welt<\/a><\/em>, um Spanisch zu lernen!<\/cite><\/blockquote>\n\n\n\n<div style=\"height:20px\" aria-hidden=\"true\" class=\"wp-block-spacer\"><\/div>\n\n\n\n<div class=\"wp-block-buttons is-horizontal is-content-justification-center is-layout-flex wp-container-core-buttons-is-layout-499968f5 wp-block-buttons-is-layout-flex\">\n<div class=\"wp-block-button\"><a class=\"wp-block-button__link has-background wp-element-button\" href=\"https:\/\/learnspanishinperu.net\/de\/programme\/\" style=\"background-color:#008000\">Unsere Programme<\/a><\/div>\n\n\n\n<div class=\"wp-block-button\"><a class=\"wp-block-button__link has-background wp-element-button\" href=\"https:\/\/learnspanishinperu.net\/de\/dienstleistungen\/\" style=\"background-color:#ffa500\">Die Dienstleistungen, die wir anbieten<\/a><\/div>\n\n\n\n<div class=\"wp-block-button\"><a class=\"wp-block-button__link has-background wp-element-button\" href=\"https:\/\/learnspanishinperu.net\/de\/spanischschule\/kostenlose-aktivitaeten\/\" style=\"background-color:#0000ff\">Kostenlose Aktivit\u00e4ten<\/a><\/div>\n\n\n\n<div class=\"wp-block-button\"><a class=\"wp-block-button__link has-background wp-element-button\" href=\"https:\/\/learnspanishinperu.net\/de\/spanischschule\/bewertungen\/\" style=\"background-color:#a52a2a\">Bewertungen<\/a><\/div>\n\n\n\n<div class=\"wp-block-button\"><a class=\"wp-block-button__link has-background wp-element-button\" href=\"https:\/\/learnspanishinperu.net\/de\/kontakt\/\" style=\"background-color:#800080\">Kontakt Mundo Antiguo<\/a><\/div>\n<\/div>\n<\/div><\/div>\n<\/div><\/div>\n\n\n\n<div style=\"height:30px\" aria-hidden=\"true\" class=\"wp-block-spacer\"><\/div>\n","protected":false},"excerpt":{"rendered":"<p>Warum Mundo Antiguo? 12 Gr\u00fcnde Mehr Gr\u00fcnde?<\/p>\n","protected":false},"author":1,"featured_media":0,"parent":5756,"menu_order":0,"comment_status":"closed","ping_status":"closed","template":"page-templates\/wide.php","meta":{"_coblocks_attr":"","_coblocks_dimensions":"","_coblocks_responsive_height":"","_coblocks_accordion_ie_support":"","footnotes":""},"class_list":["post-6566","page","type-page","status-publish","hentry","entry"],"yoast_head":"<!-- This site is optimized with the Yoast SEO plugin v27.4 - https:\/\/yoast.com\/product\/yoast-seo-wordpress\/ -->\n<title>12 Gr\u00fcnde Mundo Antiguo Spanisch Sprachschule Peru zu w\u00e4hlen<\/title>\n<meta name=\"description\" content=\"Es gibt viele Gr\u00fcnde, sich f\u00fcr die spanische Schule von Mundo Antiguo in Cusco, Peru, zu entscheiden. Hier sind 12 der wichtigsten Gr\u00fcnde:\" \/>\n<meta name=\"robots\" content=\"index, follow, max-snippet:-1, max-image-preview:large, max-video-preview:-1\" \/>\n<link rel=\"canonical\" href=\"https:\/\/learnspanishinperu.net\/de\/spanischschule\/12-gruende\/\" \/>\n<meta property=\"og:locale\" content=\"de_DE\" \/>\n<meta property=\"og:type\" content=\"article\" \/>\n<meta property=\"og:title\" content=\"12 Gr\u00fcnde Mundo Antiguo Spanisch Sprachschule Peru zu w\u00e4hlen\" \/>\n<meta property=\"og:description\" content=\"Es gibt viele Gr\u00fcnde, sich f\u00fcr die spanische Schule von Mundo Antiguo in Cusco, Peru, zu entscheiden. Hier sind 12 der wichtigsten Gr\u00fcnde:\" \/>\n<meta property=\"og:url\" content=\"https:\/\/learnspanishinperu.net\/de\/spanischschule\/12-gruende\/\" \/>\n<meta property=\"og:site_name\" content=\"Mundo Antiguo\" \/>\n<meta property=\"article:publisher\" content=\"http:\/\/www.facebook.com\/MundoAntiguoSpanishSchool\" \/>\n<meta property=\"article:modified_time\" content=\"2023-03-08T14:03:41+00:00\" \/>\n<meta property=\"og:image\" content=\"https:\/\/learnspanishinperu.net\/wp-content\/uploads\/2020\/07\/learn-Spanish-course-Peru-1-1024x768.jpg\" \/>\n<meta name=\"twitter:card\" content=\"summary_large_image\" \/>\n<meta name=\"twitter:site\" content=\"@MASpanishschool\" \/>\n<meta name=\"twitter:label1\" content=\"Gesch\u00e4tzte Lesezeit\" \/>\n\t<meta name=\"twitter:data1\" content=\"4 Minuten\" \/>\n<!-- \/ Yoast SEO plugin. -->","yoast_head_json":{"title":"12 Gr\u00fcnde Mundo Antiguo Spanisch Sprachschule Peru zu w\u00e4hlen","description":"Es gibt viele Gr\u00fcnde, sich f\u00fcr die spanische Schule von Mundo Antiguo in Cusco, Peru, zu entscheiden. Hier sind 12 der wichtigsten Gr\u00fcnde:","robots":{"index":"index","follow":"follow","max-snippet":"max-snippet:-1","max-image-preview":"max-image-preview:large","max-video-preview":"max-video-preview:-1"},"canonical":"https:\/\/learnspanishinperu.net\/de\/spanischschule\/12-gruende\/","og_locale":"de_DE","og_type":"article","og_title":"12 Gr\u00fcnde Mundo Antiguo Spanisch Sprachschule Peru zu w\u00e4hlen","og_description":"Es gibt viele Gr\u00fcnde, sich f\u00fcr die spanische Schule von Mundo Antiguo in Cusco, Peru, zu entscheiden. Hier sind 12 der wichtigsten Gr\u00fcnde:","og_url":"https:\/\/learnspanishinperu.net\/de\/spanischschule\/12-gruende\/","og_site_name":"Mundo Antiguo","article_publisher":"http:\/\/www.facebook.com\/MundoAntiguoSpanishSchool","article_modified_time":"2023-03-08T14:03:41+00:00","og_image":[{"url":"https:\/\/learnspanishinperu.net\/wp-content\/uploads\/2020\/07\/learn-Spanish-course-Peru-1-1024x768.jpg","type":"","width":"","height":""}],"twitter_card":"summary_large_image","twitter_site":"@MASpanishschool","twitter_misc":{"Gesch\u00e4tzte Lesezeit":"4 Minuten"},"schema":{"@context":"https:\/\/schema.org","@graph":[{"@type":"WebPage","@id":"https:\/\/learnspanishinperu.net\/de\/spanischschule\/12-gruende\/","url":"https:\/\/learnspanishinperu.net\/de\/spanischschule\/12-gruende\/","name":"12 Gr\u00fcnde Mundo Antiguo Spanisch Sprachschule Peru zu w\u00e4hlen","isPartOf":{"@id":"https:\/\/learnspanishinperu.net\/#website"},"primaryImageOfPage":{"@id":"https:\/\/learnspanishinperu.net\/de\/spanischschule\/12-gruende\/#primaryimage"},"image":{"@id":"https:\/\/learnspanishinperu.net\/de\/spanischschule\/12-gruende\/#primaryimage"},"thumbnailUrl":"https:\/\/learnspanishinperu.net\/wp-content\/uploads\/2020\/07\/learn-Spanish-course-Peru-1-1024x768.jpg","datePublished":"2017-01-10T18:38:12+00:00","dateModified":"2023-03-08T14:03:41+00:00","description":"Es gibt viele Gr\u00fcnde, sich f\u00fcr die spanische Schule von Mundo Antiguo in Cusco, Peru, zu entscheiden. Hier sind 12 der wichtigsten Gr\u00fcnde:","breadcrumb":{"@id":"https:\/\/learnspanishinperu.net\/de\/spanischschule\/12-gruende\/#breadcrumb"},"inLanguage":"de-DE","potentialAction":[{"@type":"ReadAction","target":["https:\/\/learnspanishinperu.net\/de\/spanischschule\/12-gruende\/"]}]},{"@type":"ImageObject","inLanguage":"de-DE","@id":"https:\/\/learnspanishinperu.net\/de\/spanischschule\/12-gruende\/#primaryimage","url":"https:\/\/learnspanishinperu.net\/wp-content\/uploads\/2020\/07\/learn-Spanish-course-Peru-1-1024x768.jpg","contentUrl":"https:\/\/learnspanishinperu.net\/wp-content\/uploads\/2020\/07\/learn-Spanish-course-Peru-1-1024x768.jpg"},{"@type":"BreadcrumbList","@id":"https:\/\/learnspanishinperu.net\/de\/spanischschule\/12-gruende\/#breadcrumb","itemListElement":[{"@type":"ListItem","position":1,"name":"Home","item":"https:\/\/learnspanishinperu.net\/de\/"},{"@type":"ListItem","position":2,"name":"Spanischschule","item":"https:\/\/learnspanishinperu.net\/de\/spanischschule\/"},{"@type":"ListItem","position":3,"name":"12 Gr\u00fcnde Mundo Antiguo Spanisch Sprachschule zu w\u00e4hlen"}]},{"@type":"WebSite","@id":"https:\/\/learnspanishinperu.net\/#website","url":"https:\/\/learnspanishinperu.net\/","name":"Mundo Antiguo","description":"Spanish school Cusco","publisher":{"@id":"https:\/\/learnspanishinperu.net\/#organization"},"potentialAction":[{"@type":"SearchAction","target":{"@type":"EntryPoint","urlTemplate":"https:\/\/learnspanishinperu.net\/?s={search_term_string}"},"query-input":{"@type":"PropertyValueSpecification","valueRequired":true,"valueName":"search_term_string"}}],"inLanguage":"de-DE"},{"@type":"Organization","@id":"https:\/\/learnspanishinperu.net\/#organization","name":"Mundo Antiguo","url":"https:\/\/learnspanishinperu.net\/","logo":{"@type":"ImageObject","inLanguage":"de-DE","@id":"https:\/\/learnspanishinperu.net\/#\/schema\/logo\/image\/","url":"https:\/\/learnspanishinperu.net\/wp-content\/uploads\/2016\/04\/logo-Spanish-school-Cusco-Peru-e1547820355169.jpg","contentUrl":"https:\/\/learnspanishinperu.net\/wp-content\/uploads\/2016\/04\/logo-Spanish-school-Cusco-Peru-e1547820355169.jpg","width":100,"height":83,"caption":"Mundo Antiguo"},"image":{"@id":"https:\/\/learnspanishinperu.net\/#\/schema\/logo\/image\/"},"sameAs":["http:\/\/www.facebook.com\/MundoAntiguoSpanishSchool","https:\/\/x.com\/MASpanishschool","https:\/\/www.instagram.com\/mundoantiguo_spanishschool\/","https:\/\/www.linkedin.com\/company\/mundo-antiguo-spanish-school","http:\/\/www.pinterest.com\/mundoantiguo\/"]}]}},"_links":{"self":[{"href":"https:\/\/learnspanishinperu.net\/de\/wp-json\/wp\/v2\/pages\/6566","targetHints":{"allow":["GET"]}}],"collection":[{"href":"https:\/\/learnspanishinperu.net\/de\/wp-json\/wp\/v2\/pages"}],"about":[{"href":"https:\/\/learnspanishinperu.net\/de\/wp-json\/wp\/v2\/types\/page"}],"author":[{"embeddable":true,"href":"https:\/\/learnspanishinperu.net\/de\/wp-json\/wp\/v2\/users\/1"}],"replies":[{"embeddable":true,"href":"https:\/\/learnspanishinperu.net\/de\/wp-json\/wp\/v2\/comments?post=6566"}],"version-history":[{"count":23,"href":"https:\/\/learnspanishinperu.net\/de\/wp-json\/wp\/v2\/pages\/6566\/revisions"}],"predecessor-version":[{"id":43514,"href":"https:\/\/learnspanishinperu.net\/de\/wp-json\/wp\/v2\/pages\/6566\/revisions\/43514"}],"up":[{"embeddable":true,"href":"https:\/\/learnspanishinperu.net\/de\/wp-json\/wp\/v2\/pages\/5756"}],"wp:attachment":[{"href":"https:\/\/learnspanishinperu.net\/de\/wp-json\/wp\/v2\/media?parent=6566"}],"curies":[{"name":"wp","href":"https:\/\/api.w.org\/{rel}","templated":true}]}}