{"id":5808,"date":"2017-10-03T11:45:26","date_gmt":"2017-10-03T16:45:26","guid":{"rendered":"https:\/\/learnspanishinperu.net\/spanischschule\/arbeiten-fur-mundo-antiguo\/"},"modified":"2024-03-04T10:30:33","modified_gmt":"2024-03-04T15:30:33","slug":"arbeiten-fur-mundo-antiguo","status":"publish","type":"page","link":"https:\/\/learnspanishinperu.net\/de\/spanischschule\/arbeiten-fur-mundo-antiguo\/","title":{"rendered":"Arbeiten f\u00fcr Mundo Antiguo"},"content":{"rendered":"\n<div class=\"wp-block-cover alignfull has-parallax mt-0\" style=\"min-height:460px;aspect-ratio:unset;\"><span aria-hidden=\"true\" class=\"wp-block-cover__background has-background-dim-10 has-background-dim\"><\/span><div role=\"img\" class=\"wp-block-cover__image-background wp-image-14315 has-parallax lazyload\" style=\"background-position:50% 50%;background-image:inherit\" data-bg-image=\"url(https:\/\/learnspanishinperu.net\/wp-content\/uploads\/2020\/05\/Cultura-2.jpg)\"><\/div><div class=\"wp-block-cover__inner-container is-layout-flow wp-block-cover-is-layout-flow\">\n<h1 class=\"wp-block-heading has-text-align-center has-white-color has-text-color\" style=\"font-size:60px\">Arbeiten f\u00fcr Mundo Antiguo<\/h1>\n\n\n\n<p class=\"has-text-align-center has-white-color has-text-color has-5-xl-font-size\"><em>Arbeit, Arbeitsaustausch, Praktika und Freiwilligenarbeit<\/em><\/p>\n<\/div><\/div>\n\n\n\n<div style=\"height:10px\" aria-hidden=\"true\" class=\"wp-block-spacer\"><\/div>\n\n\n\n<blockquote class=\"wp-block-quote is-style-large is-style-plain has-2-xl-font-size is-layout-flow wp-block-quote-is-layout-flow\" style=\"font-style:normal;font-weight:400\">\n<p>Arbeiten f\u00fcr Mundo Antiguo<\/p>\n<cite>Arbeiten f\u00fcr Mundo Antiguo bedeutet, in einem jungen Team von Fachleuten in einem internationalen Ambiente zu arbeiten. Und du wirst in der wundersch\u00f6nen Stadt Cusco arbeiten! Unsere Organisation befindet sich in einer Phase des Wachstums. Deshalb sind wir immer auf der Suche nach motivierten Mitarbeitern, um unser Team zu st\u00e4rken. Interessieren Sie sich f\u00fcr die Zusammenarbeit mit uns in Cusco? Bitte senden Sie uns eine E-Mail mit Ihrem Lebenslauf und eine kurze Motivation.<\/cite><\/blockquote>\n\n\n\n<div style=\"height:10px\" aria-hidden=\"true\" class=\"wp-block-spacer\"><\/div>\n\n\n\n<div class=\"wp-block-group has-background\" style=\"background-color:#e7e7e7\"><div class=\"wp-block-group__inner-container is-layout-flow wp-block-group-is-layout-flow\">\n<h2 class=\"wp-block-heading has-text-align-center\" id=\"spanischlehrer\">Spanischlehrer<\/h2>\n\n\n<div class=\"wp-block-image is-style-bottom-wave\">\n<figure class=\"alignright\"><img decoding=\"async\" width=\"300\" height=\"225\" data-src=\"https:\/\/learnspanishinperu.net\/wp-content\/uploads\/2015\/10\/spanish-course-4-e1460423882776.jpg\" alt=\"Arbeiten f\u00fcr Mundo Antiguo Spanischschule\" class=\"wp-image-2720 lazyload\" title=\"Arbeiten f\u00fcr Mundo Antiguo Spanischschule\" src=\"data:image\/svg+xml;base64,PHN2ZyB3aWR0aD0iMSIgaGVpZ2h0PSIxIiB4bWxucz0iaHR0cDovL3d3dy53My5vcmcvMjAwMC9zdmciPjwvc3ZnPg==\" style=\"--smush-placeholder-width: 300px; --smush-placeholder-aspect-ratio: 300\/225;\" \/><\/figure>\n<\/div>\n\n\n<p>M\u00f6chten Sie als Spanischlehrerin in unserer <a href=\"https:\/\/learnspanishinperu.net\/de\/spanischschule\/\">Sprachschule in Cusco<\/a> arbeiten? Es gibt ein paar Anforderungen, die Sie treffen m\u00fcssen:<br \/><\/p>\n\n\n\n<ul class=\"is-style-checkbox wp-block-list\">\n<li>Hochschulabschluss in Lehre \/ Ausbildung, Sprachen oder Literatur;<\/li>\n\n\n\n<li>Ein Zertifikat, um Spanisch als Zweitsprache zu unterrichten;<\/li>\n\n\n\n<li>Eine erweiterte englische Ebene;<\/li>\n\n\n\n<li>Lehrerfahrung: mindestens 5 Jahre;<\/li>\n\n\n\n<li>Sie m\u00fcssen peruanisch oder lateinisch sein, wenn wir Lateinamerikanisches Spanisch unterrichten;<\/li>\n\n\n\n<li>Schlie\u00dflich eine langfristige Verpflichtung.<\/li>\n<\/ul>\n\n\n\n<p>Aber das Wichtigste ist, dass Sie leidenschaftlich \u00fcber das Unterrichten von Spanisch und \u00fcber die peruanische Kultur sein m\u00fcssen. Sie werden ein Spanischlehrer, ein F\u00fchrer und ein Freund in Cusco f\u00fcr Leute aus verschiedenen Teilen der Welt sein.<\/p>\n<\/div><\/div>\n\n\n\n<div style=\"height:70px\" aria-hidden=\"true\" class=\"wp-block-spacer\"><\/div>\n\n\n\n<div class=\"wp-block-group has-background\" style=\"background-color:#e7e7e7\"><div class=\"wp-block-group__inner-container is-layout-flow wp-block-group-is-layout-flow\">\n<h2 class=\"wp-block-heading has-text-align-center\" id=\"praktikum\">Praktikum<\/h2>\n\n\n<div class=\"wp-block-image is-style-bottom-wave\">\n<figure class=\"alignright\"><img decoding=\"async\" width=\"300\" height=\"200\" data-src=\"https:\/\/learnspanishinperu.net\/wp-content\/uploads\/2016\/05\/13555571_1031476403603823_935326373_o-e1467736586299.jpg\" alt=\"Praktikum Peru\" class=\"wp-image-3633 lazyload\" title=\"Praktikum in Cusco Peru\" src=\"data:image\/svg+xml;base64,PHN2ZyB3aWR0aD0iMSIgaGVpZ2h0PSIxIiB4bWxucz0iaHR0cDovL3d3dy53My5vcmcvMjAwMC9zdmciPjwvc3ZnPg==\" style=\"--smush-placeholder-width: 300px; --smush-placeholder-aspect-ratio: 300\/200;\" \/><\/figure>\n<\/div>\n\n\n<p>Als Praktikant werden wir Sie in verschiedene B\u00fcroaufgaben einbeziehen, um alle Aspekte unserer Organisation zu erlernen. Au\u00dferdem werden Sie w\u00e4hrend Ihres Praktikums bei uns in Cusco die folgenden Aufgaben ausf\u00fchren:<\/p>\n\n\n\n<ul class=\"is-style-checkbox wp-block-list\">\n<li>Erstellen Sie eine neue Client-Datenbank<\/li>\n\n\n\n<li>Messung der Kundenzufriedenheit, Berichte und Verbesserungsvorschl\u00e4ge<\/li>\n\n\n\n<li>Auch werden Sie Teile des allgemeinen Marketingplans ausf\u00fchren<\/li>\n\n\n\n<li>Schlie\u00dflich werden Sie die Finanzverwaltung und die Berichterstattungsinstrumente verbessern<\/li>\n<\/ul>\n\n\n\n<p>Wir suchen jemanden mit einer Studie in Marketing, Organisation, internationalem Gesch\u00e4ft, Kommunikation oder einer verwandten Studie. Das Praktikum befindet sich in einem internationalen Umfeld, also sollten Sie Englisch (fortgeschrittene Stufe), Spanisch (mindestens eine Grundstufe) und vorzugsweise eine dritte Sprache sprechen. Das <a href=\"https:\/\/learnspanishinperu.net\/de\/praktikum\/\">Praktikum<\/a> hat eine Mindestdauer von 8 Wochen und es gibt keine maximale Zeit.<\/p>\n<\/div><\/div>\n\n\n\n<div style=\"height:70px\" aria-hidden=\"true\" class=\"wp-block-spacer\"><\/div>\n\n\n\n<div class=\"wp-block-group has-background\" style=\"background-color:#e7e7e7\"><div class=\"wp-block-group__inner-container is-layout-flow wp-block-group-is-layout-flow\">\n<p><strong>M\u00f6chten Sie&#8230;<\/strong><\/p>\n\n\n\n<ul class=\"is-style-checkbox wp-block-list\">\n<li>Bilden Sie einen leistungsf\u00e4higeren und \u00fcberzeugenden Lebenslauf, um ein Spitzenjobkandidat zu werden, wenn Sie graduieren?<\/li>\n\n\n\n<li>Arbeiten Sie mit einem lokalen internationalen Unternehmen in einem professionellen Team mit festgelegten Projekten und Verantwortlichkeiten auf Vollzeitbasis?<\/li>\n\n\n\n<li>Kombinieren Sie die Aufregung der internationalen Reisen mit der Arbeit in einem internationalen Unternehmen und verdienen Praktikum Kreditstunden?<\/li>\n\n\n\n<li>Entwickeln Sie wertvolle F\u00e4higkeiten, um mit ausl\u00e4ndischen Kollegen zusammenzuarbeiten und Gesch\u00e4fte zu machen.<\/li>\n\n\n\n<li>Empfangen Sie die Aufsicht von der Vor-Ort-Betreuerin, die Ihren Fortschritt \u00fcberwachen und Ihnen w\u00e4hrend Ihres Praktikums helfen wird.<\/li>\n<\/ul>\n\n\n\n<p><strong>Treten Sie unserem Team in Cusco bei!<\/strong><\/p>\n<\/div><\/div>\n\n\n\n<div style=\"height:60px\" aria-hidden=\"true\" class=\"wp-block-spacer\"><\/div>\n\n\n\n<figure class=\"wp-block-gallery has-nested-images columns-default is-cropped wp-block-gallery-1 is-layout-flex wp-block-gallery-is-layout-flex\">\n<figure class=\"wp-block-image size-large\"><a href=\"https:\/\/learnspanishinperu.net\/wp-content\/uploads\/2024\/03\/staff.jpg\"><img decoding=\"async\" width=\"1024\" height=\"768\" data-id=\"45955\" data-src=\"https:\/\/learnspanishinperu.net\/wp-content\/uploads\/2024\/03\/staff-1024x768.jpg\" alt=\"\" class=\"wp-image-45955 lazyload\" data-srcset=\"https:\/\/learnspanishinperu.net\/wp-content\/uploads\/2024\/03\/staff-1024x768.jpg 1024w, https:\/\/learnspanishinperu.net\/wp-content\/uploads\/2024\/03\/staff-300x225.jpg 300w, https:\/\/learnspanishinperu.net\/wp-content\/uploads\/2024\/03\/staff-768x576.jpg 768w, https:\/\/learnspanishinperu.net\/wp-content\/uploads\/2024\/03\/staff-1536x1152.jpg 1536w, https:\/\/learnspanishinperu.net\/wp-content\/uploads\/2024\/03\/staff-2048x1536.jpg 2048w, https:\/\/learnspanishinperu.net\/wp-content\/uploads\/2024\/03\/staff-373x280.jpg 373w\" data-sizes=\"(max-width: 1024px) 100vw, 1024px\" src=\"data:image\/svg+xml;base64,PHN2ZyB3aWR0aD0iMSIgaGVpZ2h0PSIxIiB4bWxucz0iaHR0cDovL3d3dy53My5vcmcvMjAwMC9zdmciPjwvc3ZnPg==\" style=\"--smush-placeholder-width: 1024px; --smush-placeholder-aspect-ratio: 1024\/768;\" \/><\/a><\/figure>\n\n\n\n<figure class=\"wp-block-image size-large\"><a href=\"https:\/\/learnspanishinperu.net\/wp-content\/uploads\/2024\/03\/teachers.jpg\"><img decoding=\"async\" width=\"1024\" height=\"768\" data-id=\"45962\" data-src=\"https:\/\/learnspanishinperu.net\/wp-content\/uploads\/2024\/03\/teachers-1024x768.jpg\" alt=\"\" class=\"wp-image-45962 lazyload\" data-srcset=\"https:\/\/learnspanishinperu.net\/wp-content\/uploads\/2024\/03\/teachers-1024x768.jpg 1024w, https:\/\/learnspanishinperu.net\/wp-content\/uploads\/2024\/03\/teachers-300x225.jpg 300w, https:\/\/learnspanishinperu.net\/wp-content\/uploads\/2024\/03\/teachers-768x576.jpg 768w, https:\/\/learnspanishinperu.net\/wp-content\/uploads\/2024\/03\/teachers-1536x1152.jpg 1536w, https:\/\/learnspanishinperu.net\/wp-content\/uploads\/2024\/03\/teachers-2048x1536.jpg 2048w, https:\/\/learnspanishinperu.net\/wp-content\/uploads\/2024\/03\/teachers-373x280.jpg 373w\" data-sizes=\"(max-width: 1024px) 100vw, 1024px\" src=\"data:image\/svg+xml;base64,PHN2ZyB3aWR0aD0iMSIgaGVpZ2h0PSIxIiB4bWxucz0iaHR0cDovL3d3dy53My5vcmcvMjAwMC9zdmciPjwvc3ZnPg==\" style=\"--smush-placeholder-width: 1024px; --smush-placeholder-aspect-ratio: 1024\/768;\" \/><\/a><\/figure>\n<\/figure>\n\n\n\n<div style=\"height:30px\" aria-hidden=\"true\" class=\"wp-block-spacer\"><\/div>\n\n\n\n<div class=\"wp-block-group has-background\" style=\"background-color:#e7e7e7\"><div class=\"wp-block-group__inner-container is-layout-flow wp-block-group-is-layout-flow\">\n<h2 class=\"wp-block-heading has-text-align-center\" id=\"arbeitsaustausch\">Arbeitsaustausch<\/h2>\n\n\n<div class=\"wp-block-image is-style-bottom-wave\">\n<figure class=\"alignright\"><img decoding=\"async\" width=\"300\" height=\"200\" data-src=\"https:\/\/learnspanishinperu.net\/wp-content\/uploads\/2016\/05\/160629-Cusco-Fiesta-070-1-e1479247925254.jpg\" alt=\"Arbeitsaustausch in Cusco\" class=\"wp-image-4005 lazyload\" title=\"Arbeitsaustausch in Cusco\" src=\"data:image\/svg+xml;base64,PHN2ZyB3aWR0aD0iMSIgaGVpZ2h0PSIxIiB4bWxucz0iaHR0cDovL3d3dy53My5vcmcvMjAwMC9zdmciPjwvc3ZnPg==\" style=\"--smush-placeholder-width: 300px; --smush-placeholder-aspect-ratio: 300\/200;\" \/><\/figure>\n<\/div>\n\n\n<p>Denken Sie daran, etwas Zeit in Cusco zu verbringen? Es k\u00f6nnte eine Gelegenheit f\u00fcr <strong>saisonale oder tempor\u00e4re Arbeit<\/strong> f\u00fcr Sie mit Mundo Antiguo! Abh\u00e4ngig von der Arbeit, die Sie tun werden, auf Ihre Erfahrung, die Zeitspanne usw., k\u00f6nnen wir einen Austausch mit Ihnen ausarbeiten. Zum Beispiel k\u00f6nnten Sie mit uns im Austausch f\u00fcr<a href=\"https:\/\/learnspanishinperu.net\/de\/spanisch-lernen\/spanischkurs\/\">Spanischunterricht<\/a>&nbsp;oder <a href=\"https:\/\/learnspanishinperu.net\/de\/unterkunft\/\">Unterkunft<\/a> in Cusco arbeiten. Wir suchen derzeit jemanden, der uns helfen kann mit:<\/p>\n\n\n\n<ul class=\"is-style-checkbox wp-block-list\">\n<li>Ein professionelles Video f\u00fcr die <a href=\"https:\/\/learnspanishinperu.net\/de\/spanischschule\/\">Spanischschule<\/a>;<\/li>\n\n\n\n<li>A&nbsp;<a href=\"https:\/\/learnspanishinperu.net\/de\/freiwilligenarbeit\/\">Freiwilliger<\/a>Koordinator f\u00fcr Hochsaison in diesem Jahr;<\/li>\n\n\n\n<li>Ein Online-Vertrieb &amp; Marketing oder Kommunikationsspezialist;<\/li>\n\n\n\n<li>Auch jemand, der wei\u00df, wie man Social Media professionell einsetzt;<\/li>\n\n\n\n<li>Endlich jemand, der bei unserer \u00f6rtlichen F\u00f6rderung in der Stadt Cusco helfen kann;<\/li>\n<\/ul>\n\n\n\n<p>Bitte lassen Sie uns wissen, wo Sie interessiert sind. Dar\u00fcber hinaus sagen Sie uns, wann Sie kommen m\u00f6chten <strong>arbeiten f\u00fcr uns in Cusco<\/strong> und wie lange. Und bitte sagen Sie uns, welche Sprachen Sie sprechen, also k\u00f6nnen wir sehen, ob wir etwas mit Ihnen arbeiten k\u00f6nnen!<\/p>\n<\/div><\/div>\n\n\n\n<div style=\"height:50px\" aria-hidden=\"true\" class=\"wp-block-spacer\"><\/div>\n\n\n\n<div class=\"wp-block-buttons is-horizontal is-content-justification-center is-layout-flex wp-container-core-buttons-is-layout-499968f5 wp-block-buttons-is-layout-flex\">\n<div class=\"wp-block-button\"><a class=\"wp-block-button__link has-background wp-element-button\" href=\"https:\/\/learnspanishinperu.net\/de\/dienstleistungen\/\" style=\"background-color:#008000\">Die Dienstleistungen<\/a><\/div>\n\n\n\n<div class=\"wp-block-button\"><a class=\"wp-block-button__link has-background wp-element-button\" href=\"https:\/\/learnspanishinperu.net\/de\/programme\/\" style=\"background-color:#ffa500\">Unsere Programme<\/a><\/div>\n\n\n\n<div class=\"wp-block-button\"><a class=\"wp-block-button__link has-background wp-element-button\" href=\"https:\/\/learnspanishinperu.net\/de\/spanischschule\/bewertungen\/\" style=\"background-color:#0000ff\">Bewertungen<\/a><\/div>\n\n\n\n<div class=\"wp-block-button\"><a class=\"wp-block-button__link has-background wp-element-button\" href=\"https:\/\/learnspanishinperu.net\/de\/kontakt\/\" style=\"background-color:#a52a2a\">Kontakt Mundo Antiguo<\/a><\/div>\n<\/div>\n\n\n\n<div style=\"height:30px\" aria-hidden=\"true\" class=\"wp-block-spacer\"><\/div>\n","protected":false},"excerpt":{"rendered":"<p>Arbeiten f\u00fcr Mundo Antiguo Arbeiten f\u00fcr Mundo Antiguo bedeutet, in einem jungen Team von Fachleuten in einem internationalen Ambiente zu arbeiten. Und du wirst in der wundersch\u00f6nen Stadt Cusco arbeiten! Unsere Organisation befindet sich in einer Phase des Wachstums. Deshalb sind wir immer auf der Suche nach motivierten Mitarbeitern, um unser Team zu st\u00e4rken. Interessieren&hellip;<\/p>\n<p class=\"more\"><a class=\"more-link\" href=\"https:\/\/learnspanishinperu.net\/de\/spanischschule\/arbeiten-fur-mundo-antiguo\/\">Continue reading <span class=\"screen-reader-text\">Arbeiten f\u00fcr Mundo Antiguo<\/span><\/a><\/p>\n","protected":false},"author":1,"featured_media":0,"parent":5756,"menu_order":0,"comment_status":"closed","ping_status":"closed","template":"page-templates\/wide.php","meta":{"_coblocks_attr":"","_coblocks_dimensions":"","_coblocks_responsive_height":"","_coblocks_accordion_ie_support":"","footnotes":""},"class_list":["post-5808","page","type-page","status-publish","hentry","entry"],"yoast_head":"<!-- This site is optimized with the Yoast SEO plugin v27.5 - https:\/\/yoast.com\/product\/yoast-seo-wordpress\/ -->\n<title>Arbeiten f\u00fcr Mundo Antiguo - Praktikum in Peru, Arbeitsaustausch<\/title>\n<meta name=\"description\" content=\"Arbeiten f\u00fcr Mundo Antiguo Cusco. Sie interessieren sich f\u00fcr unsere Spanischschule in Peru? Oder ein Praktikum oder Arbeitsaustausch?\" \/>\n<meta name=\"robots\" content=\"index, follow, max-snippet:-1, max-image-preview:large, max-video-preview:-1\" \/>\n<link rel=\"canonical\" href=\"https:\/\/learnspanishinperu.net\/de\/spanischschule\/arbeiten-fur-mundo-antiguo\/\" \/>\n<meta property=\"og:locale\" content=\"de_DE\" \/>\n<meta property=\"og:type\" content=\"article\" \/>\n<meta property=\"og:title\" content=\"Arbeiten f\u00fcr Mundo Antiguo - Praktikum in Peru, Arbeitsaustausch\" \/>\n<meta property=\"og:description\" content=\"Arbeiten f\u00fcr Mundo Antiguo Cusco. Sie interessieren sich f\u00fcr unsere Spanischschule in Peru? Oder ein Praktikum oder Arbeitsaustausch?\" \/>\n<meta property=\"og:url\" content=\"https:\/\/learnspanishinperu.net\/de\/spanischschule\/arbeiten-fur-mundo-antiguo\/\" \/>\n<meta property=\"og:site_name\" content=\"Mundo Antiguo\" \/>\n<meta property=\"article:publisher\" content=\"http:\/\/www.facebook.com\/MundoAntiguoSpanishSchool\" \/>\n<meta property=\"article:modified_time\" content=\"2024-03-04T15:30:33+00:00\" \/>\n<meta property=\"og:image\" content=\"https:\/\/learnspanishinperu.net\/wp-content\/uploads\/2015\/10\/spanish-course-4-e1460423882776.jpg\" \/>\n<meta name=\"twitter:card\" content=\"summary_large_image\" \/>\n<meta name=\"twitter:site\" content=\"@MASpanishschool\" \/>\n<meta name=\"twitter:label1\" content=\"Gesch\u00e4tzte Lesezeit\" \/>\n\t<meta name=\"twitter:data1\" content=\"4 Minuten\" \/>\n<!-- \/ Yoast SEO plugin. -->","yoast_head_json":{"title":"Arbeiten f\u00fcr Mundo Antiguo - Praktikum in Peru, Arbeitsaustausch","description":"Arbeiten f\u00fcr Mundo Antiguo Cusco. Sie interessieren sich f\u00fcr unsere Spanischschule in Peru? Oder ein Praktikum oder Arbeitsaustausch?","robots":{"index":"index","follow":"follow","max-snippet":"max-snippet:-1","max-image-preview":"max-image-preview:large","max-video-preview":"max-video-preview:-1"},"canonical":"https:\/\/learnspanishinperu.net\/de\/spanischschule\/arbeiten-fur-mundo-antiguo\/","og_locale":"de_DE","og_type":"article","og_title":"Arbeiten f\u00fcr Mundo Antiguo - Praktikum in Peru, Arbeitsaustausch","og_description":"Arbeiten f\u00fcr Mundo Antiguo Cusco. Sie interessieren sich f\u00fcr unsere Spanischschule in Peru? Oder ein Praktikum oder Arbeitsaustausch?","og_url":"https:\/\/learnspanishinperu.net\/de\/spanischschule\/arbeiten-fur-mundo-antiguo\/","og_site_name":"Mundo Antiguo","article_publisher":"http:\/\/www.facebook.com\/MundoAntiguoSpanishSchool","article_modified_time":"2024-03-04T15:30:33+00:00","og_image":[{"url":"https:\/\/learnspanishinperu.net\/wp-content\/uploads\/2015\/10\/spanish-course-4-e1460423882776.jpg","type":"","width":"","height":""}],"twitter_card":"summary_large_image","twitter_site":"@MASpanishschool","twitter_misc":{"Gesch\u00e4tzte Lesezeit":"4 Minuten"},"schema":{"@context":"https:\/\/schema.org","@graph":[{"@type":"WebPage","@id":"https:\/\/learnspanishinperu.net\/de\/spanischschule\/arbeiten-fur-mundo-antiguo\/","url":"https:\/\/learnspanishinperu.net\/de\/spanischschule\/arbeiten-fur-mundo-antiguo\/","name":"Arbeiten f\u00fcr Mundo Antiguo - Praktikum in Peru, Arbeitsaustausch","isPartOf":{"@id":"https:\/\/learnspanishinperu.net\/#website"},"primaryImageOfPage":{"@id":"https:\/\/learnspanishinperu.net\/de\/spanischschule\/arbeiten-fur-mundo-antiguo\/#primaryimage"},"image":{"@id":"https:\/\/learnspanishinperu.net\/de\/spanischschule\/arbeiten-fur-mundo-antiguo\/#primaryimage"},"thumbnailUrl":"https:\/\/learnspanishinperu.net\/wp-content\/uploads\/2015\/10\/spanish-course-4-e1460423882776.jpg","datePublished":"2017-10-03T16:45:26+00:00","dateModified":"2024-03-04T15:30:33+00:00","description":"Arbeiten f\u00fcr Mundo Antiguo Cusco. Sie interessieren sich f\u00fcr unsere Spanischschule in Peru? Oder ein Praktikum oder Arbeitsaustausch?","breadcrumb":{"@id":"https:\/\/learnspanishinperu.net\/de\/spanischschule\/arbeiten-fur-mundo-antiguo\/#breadcrumb"},"inLanguage":"de-DE","potentialAction":[{"@type":"ReadAction","target":["https:\/\/learnspanishinperu.net\/de\/spanischschule\/arbeiten-fur-mundo-antiguo\/"]}]},{"@type":"ImageObject","inLanguage":"de-DE","@id":"https:\/\/learnspanishinperu.net\/de\/spanischschule\/arbeiten-fur-mundo-antiguo\/#primaryimage","url":"https:\/\/learnspanishinperu.net\/wp-content\/uploads\/2015\/10\/spanish-course-4-e1460423882776.jpg","contentUrl":"https:\/\/learnspanishinperu.net\/wp-content\/uploads\/2015\/10\/spanish-course-4-e1460423882776.jpg"},{"@type":"BreadcrumbList","@id":"https:\/\/learnspanishinperu.net\/de\/spanischschule\/arbeiten-fur-mundo-antiguo\/#breadcrumb","itemListElement":[{"@type":"ListItem","position":1,"name":"Home","item":"https:\/\/learnspanishinperu.net\/de\/"},{"@type":"ListItem","position":2,"name":"Spanischschule","item":"https:\/\/learnspanishinperu.net\/de\/spanischschule\/"},{"@type":"ListItem","position":3,"name":"Arbeiten f\u00fcr Mundo Antiguo"}]},{"@type":"WebSite","@id":"https:\/\/learnspanishinperu.net\/#website","url":"https:\/\/learnspanishinperu.net\/","name":"Mundo Antiguo","description":"Spanish school Cusco","publisher":{"@id":"https:\/\/learnspanishinperu.net\/#organization"},"potentialAction":[{"@type":"SearchAction","target":{"@type":"EntryPoint","urlTemplate":"https:\/\/learnspanishinperu.net\/?s={search_term_string}"},"query-input":{"@type":"PropertyValueSpecification","valueRequired":true,"valueName":"search_term_string"}}],"inLanguage":"de-DE"},{"@type":"Organization","@id":"https:\/\/learnspanishinperu.net\/#organization","name":"Mundo Antiguo","url":"https:\/\/learnspanishinperu.net\/","logo":{"@type":"ImageObject","inLanguage":"de-DE","@id":"https:\/\/learnspanishinperu.net\/#\/schema\/logo\/image\/","url":"https:\/\/learnspanishinperu.net\/wp-content\/uploads\/2016\/04\/logo-Spanish-school-Cusco-Peru-e1547820355169.jpg","contentUrl":"https:\/\/learnspanishinperu.net\/wp-content\/uploads\/2016\/04\/logo-Spanish-school-Cusco-Peru-e1547820355169.jpg","width":100,"height":83,"caption":"Mundo Antiguo"},"image":{"@id":"https:\/\/learnspanishinperu.net\/#\/schema\/logo\/image\/"},"sameAs":["http:\/\/www.facebook.com\/MundoAntiguoSpanishSchool","https:\/\/x.com\/MASpanishschool","https:\/\/www.instagram.com\/mundoantiguo_spanishschool\/","https:\/\/www.linkedin.com\/company\/mundo-antiguo-spanish-school","http:\/\/www.pinterest.com\/mundoantiguo\/"]}]}},"_links":{"self":[{"href":"https:\/\/learnspanishinperu.net\/de\/wp-json\/wp\/v2\/pages\/5808","targetHints":{"allow":["GET"]}}],"collection":[{"href":"https:\/\/learnspanishinperu.net\/de\/wp-json\/wp\/v2\/pages"}],"about":[{"href":"https:\/\/learnspanishinperu.net\/de\/wp-json\/wp\/v2\/types\/page"}],"author":[{"embeddable":true,"href":"https:\/\/learnspanishinperu.net\/de\/wp-json\/wp\/v2\/users\/1"}],"replies":[{"embeddable":true,"href":"https:\/\/learnspanishinperu.net\/de\/wp-json\/wp\/v2\/comments?post=5808"}],"version-history":[{"count":22,"href":"https:\/\/learnspanishinperu.net\/de\/wp-json\/wp\/v2\/pages\/5808\/revisions"}],"predecessor-version":[{"id":45990,"href":"https:\/\/learnspanishinperu.net\/de\/wp-json\/wp\/v2\/pages\/5808\/revisions\/45990"}],"up":[{"embeddable":true,"href":"https:\/\/learnspanishinperu.net\/de\/wp-json\/wp\/v2\/pages\/5756"}],"wp:attachment":[{"href":"https:\/\/learnspanishinperu.net\/de\/wp-json\/wp\/v2\/media?parent=5808"}],"curies":[{"name":"wp","href":"https:\/\/api.w.org\/{rel}","templated":true}]}}