{"id":5805,"date":"2016-07-05T20:45:22","date_gmt":"2016-07-06T01:45:22","guid":{"rendered":"https:\/\/learnspanishinperu.net\/spanischschule\/kostenlose-aktivitaten-und-dienstleistungen\/"},"modified":"2024-11-04T17:50:02","modified_gmt":"2024-11-04T22:50:02","slug":"kostenlose-aktivitaeten","status":"publish","type":"page","link":"https:\/\/learnspanishinperu.net\/de\/spanischschule\/kostenlose-aktivitaeten\/","title":{"rendered":"Kostenlose Aktivit\u00e4ten und Dienstleistungen"},"content":{"rendered":"\n<div class=\"wp-block-group\"><div class=\"wp-block-group__inner-container is-layout-flow wp-block-group-is-layout-flow\">\n<div class=\"wp-block-cover alignfull is-light has-parallax mt-0\" style=\"min-height:460px;aspect-ratio:unset;\"><span aria-hidden=\"true\" class=\"wp-block-cover__background has-background-dim-10 has-background-dim\"><\/span><div class=\"wp-block-cover__image-background wp-image-16253 has-parallax lazyload\" style=\"background-position:50% 50%;background-image:inherit\" data-bg-image=\"url(https:\/\/learnspanishinperu.net\/wp-content\/uploads\/2020\/07\/cooking-class-free-activities-scaled.jpg)\"><\/div><div class=\"wp-block-cover__inner-container is-layout-flow wp-block-cover-is-layout-flow\">\n<h1 class=\"wp-block-heading has-text-align-center has-white-color has-text-color\" style=\"font-size:60px\"><mark style=\"background-color:rgba(0, 0, 0, 0)\" class=\"has-inline-color has-white-color\">Kostenlose Aktivit\u00e4ten<\/mark><\/h1>\n\n\n\n<p class=\"has-text-align-center has-white-color has-text-color has-5-xl-font-size\"><em>Nehmen Sie an unseren Aktivit\u00e4ten in Cusco teil!<\/em><\/p>\n<\/div><\/div>\n\n\n\n<div style=\"height:40px\" aria-hidden=\"true\" class=\"wp-block-spacer\"><\/div>\n\n\n\n<blockquote class=\"wp-block-quote is-style-large is-style-plain has-2-xl-font-size is-layout-flow wp-block-quote-is-layout-flow\" style=\"font-style:normal;font-weight:400\">\n<p>Kostenlose Aktivit\u00e4ten und Dienstleistungen von Mundo Antiguo<\/p>\n<cite>Mundo Antiguo macht Ihren Aufenthalt in Cusco so viel <strong>Spa\u00df<\/strong>! Wir organisieren viele <strong>kostenlose Aktivit\u00e4ten<\/strong> in unserer Spanischschule f\u00fcr alle unsere Studenten und <a href=\"https:\/\/learnspanishinperu.net\/de\/freiwilligenarbeit\/\">Freiwilligen<\/a> in Cusco. Dies ist der perfekte Weg, um etwas zu lernen, Spa\u00df zu haben und <strong>neue Freunde zu machen<\/strong>.<br \/>Der Aufenthalt f\u00fcr einige Zeit in Peru muss nicht teuer sein Peru im Allgemeinen ist ziemlich billig, aber in den mehr touristischen Teilen wie das Zentrum von Cusco, die Dinge sind auch nicht teuer, aber sie k\u00f6nnen ein wenig mehr als anderswo in Peru kosten. Deshalb bieten wir Ihnen verschiedene kostenlose Dienstleistungen in Cusco an, um Ihnen zu helfen, Ihren Aufenthalt sehr erschwinglich zu machen!<\/cite><\/blockquote>\n\n\n\n<div style=\"height:30px\" aria-hidden=\"true\" class=\"wp-block-spacer\"><\/div>\n\n\n\n<div class=\"wp-block-group has-background\" style=\"background-color:#e7e7e7\"><div class=\"wp-block-group__inner-container is-layout-flow wp-block-group-is-layout-flow\">\n<h2 class=\"wp-block-heading has-text-align-center\" id=\"kostenlose-dienste\">Kostenlose Dienste<\/h2>\n\n\n<div class=\"wp-block-image is-style-bottom-wave\">\n<figure class=\"alignright\"><img decoding=\"async\" width=\"251\" height=\"251\" data-src=\"https:\/\/learnspanishinperu.net\/wp-content\/uploads\/2015\/10\/IMG-20160118-WA0013-e1460422162896.jpg\" alt=\"Kostenlose Dienste Cusco\" class=\"wp-image-2894 lazyload\" title=\"free activities Cusco\" src=\"data:image\/svg+xml;base64,PHN2ZyB3aWR0aD0iMSIgaGVpZ2h0PSIxIiB4bWxucz0iaHR0cDovL3d3dy53My5vcmcvMjAwMC9zdmciPjwvc3ZnPg==\" style=\"--smush-placeholder-width: 251px; --smush-placeholder-aspect-ratio: 251\/251;\" \/><\/figure>\n<\/div>\n\n\n<p>Wenn Sie ein&nbsp;<a href=\"https:\/\/learnspanishinperu.net\/learn-spanish\/spanish-course\/\">Programm<\/a>&nbsp;mit uns nehmen, beinhaltet dies immer die folgenden kostenlosen Dienste:<\/p>\n\n\n\n<ul class=\"wp-block-list is-style-checkbox\">\n<li>WI-FI in unserer spanischen Schule<\/li>\n\n\n\n<li>kostenloser Kaffee, Tee, Wasser in der Schule<\/li>\n\n\n\n<li>Wir beinhalten alle Kursmaterialien<\/li>\n\n\n\n<li>spanischer Einstufungstest<\/li>\n\n\n\n<li>kostenlose w\u00f6chentliche Aktivit\u00e4t oder Workshop<\/li>\n\n\n\n<li>24\/7 Notdienst<\/li>\n\n\n\n<li>kostenlose Stadtkarte von Cusco<\/li>\n\n\n\n<li>Reiseinformationen und pers\u00f6nliche Beratung vor und w\u00e4hrend Ihrer Reise<\/li>\n\n\n\n<li>kostenloser Buchaustausch in unserer Schule<\/li>\n\n\n\n<li>lokale Orientierung<\/li>\n\n\n\n<li>kostenlose Abholung vom Flughafen in Cusco (Mindestaufenthalt von 1 Woche bei Unterkunft)<\/li>\n<\/ul>\n<\/div><\/div>\n\n\n\n<div style=\"height:70px\" aria-hidden=\"true\" class=\"wp-block-spacer\"><\/div>\n\n\n\n<div class=\"wp-block-group has-background\" style=\"background-color:#e7e7e7\"><div class=\"wp-block-group__inner-container is-layout-flow wp-block-group-is-layout-flow\">\n<h2 class=\"wp-block-heading has-text-align-center\" id=\"kostenlose-aktivitaten-spanisch-schule\">Kostenlose Aktivit\u00e4ten Spanisch Schule<\/h2>\n\n\n<div class=\"wp-block-image is-style-bottom-wave\">\n<figure class=\"alignright size-medium\"><img decoding=\"async\" width=\"300\" height=\"200\" data-src=\"https:\/\/learnspanishinperu.net\/wp-content\/uploads\/2016\/07\/13515342_1030900840328046_1352904729_n-300x200.jpg\" alt=\"kostenlose Aktivit\u00e4ten Spanisch Schule\" class=\"wp-image-3669 lazyload\" title=\"free activities Spanish school\" src=\"data:image\/svg+xml;base64,PHN2ZyB3aWR0aD0iMSIgaGVpZ2h0PSIxIiB4bWxucz0iaHR0cDovL3d3dy53My5vcmcvMjAwMC9zdmciPjwvc3ZnPg==\" style=\"--smush-placeholder-width: 300px; --smush-placeholder-aspect-ratio: 300\/200;\" \/><\/figure>\n<\/div>\n\n\n<p>Jede Woche haben wir Spa\u00df freie Aktivit\u00e4ten f\u00fcr unsere Studenten. Wir organisieren jede Woche eine Aktivit\u00e4t f\u00fcr alle unsere Studenten. Und meistens gibt es sogar zwei oder drei Aktivit\u00e4ten pro Woche! Manchmal wirst du etwas lernen, manchmal wirst du etwas besuchen oder eine Aktivit\u00e4t machen. Aber du wirst immer wieder andere Sch\u00fcler aus der ganzen Welt treffen und was auch immer wir machen, es wird Spa\u00df machen! Manchmal sind die Aktivit\u00e4ten in unserer eigenen&nbsp;<a href=\"https:\/\/learnspanishinperu.net\/de\/spanischschule\/\">Schule<\/a>&nbsp;und manchmal gehen wir irgendwo hin. Lassen Sie uns einige Beispiele f\u00fcr die Aktivit\u00e4ten geben, die wir tun:<\/p>\n\n\n\n<ul class=\"wp-block-list\">\n<li><strong>Salsa-Klasse<\/strong>: eine Einf\u00fchrungsklasse von Salsa. Erfahren Sie, wie man diesen popul\u00e4ren lateinamerikanischen Tanz mit einer freien Lektion von einer Stunde tanzt. Sie werden sicherlich Spa\u00df haben, dies mit Ihren Mitsch\u00fclern zu tun!<\/li>\n\n\n\n<li><strong>Fruchtprobenabend<\/strong>: Wir haben so viele Fr\u00fcchte in Peru! Viele Fr\u00fcchte sind nicht so gut bekannt in anderen Teilen der Welt. Aber sie sind so gut, du wei\u00dft nicht was du fehlst. Aus diesem Grund werden Sie \u00fcber sie lernen und nat\u00fcrlich versuchen sie alle!<\/li>\n\n\n\n<li><strong>Abendessen<\/strong>: Das ist eine Aktivit\u00e4t, die wir h\u00e4ufig machen. Wir werden in ein Restaurant in Cusco gehen, um gemeinsam etwas zu essen. Der perfekte Weg, um neue Freunde zu treffen! Und der perfekte Ausgangspunkt f\u00fcr einen Abend in Cusco \u2026<\/li>\n\n\n\n<li><strong>Kochkurs<\/strong>: zusammen werden wir ein typisch peruanisches Gericht vorbereiten. Sie werden lernen, wie man es macht und nat\u00fcrlich werden wir es zusammen essen!<\/li>\n\n\n\n<li><strong>Trivia Nacht<\/strong>: Wir organisieren eine lustige Quiz-Nacht f\u00fcr alle unsere Studenten in der spanischen Schule.<\/li>\n\n\n\n<li><strong>Workshop<\/strong>: Manchmal organisieren wir Workshops oder Vortr\u00e4ge \u00fcber interessante Themen wie die lateinamerikanische Kultur oder Literatur oder eine Einf\u00fchrung in Quechua (die Originalsprache dieses Teils der Welt).<\/li>\n\n\n\n<li><strong>Wanderung<\/strong>: Besuchen Sie das Stadtzentrum von Cusco auf einer Wanderung mit uns!<\/li>\n\n\n\n<li><strong>Besuche<\/strong>: Wenn es eine interessante Veranstaltung in Cusco gibt, werden wir zusammen gehen! Wir k\u00f6nnen eine Kunstgalerie, ein Fu\u00dfballspiel, ein Fest, ein Konzert usw.<\/li>\n<\/ul>\n<\/div><\/div>\n\n\n\n<div style=\"height:60px\" aria-hidden=\"true\" class=\"wp-block-spacer\"><\/div>\n\n\n\n<div class=\"wp-block-cover aligncenter wp-duotone-rgb4247103-rgb21419442-2\" style=\"margin-top:0;padding-top:48px;padding-right:48px;padding-bottom:48px;padding-left:48px;min-height:180px;aspect-ratio:unset;\"><span aria-hidden=\"true\" class=\"wp-block-cover__background has-background-dim-30 has-background-dim\" style=\"background-color:#615657\"><\/span><img decoding=\"async\" class=\"wp-block-cover__image-background wp-image-47266 lazyload\" alt=\"\" data-src=\"https:\/\/learnspanishinperu.net\/wp-content\/uploads\/2021\/04\/crop-0-0-5472-3648-0-salsa-dancing-free-activities.jpg\" style=\"--smush-placeholder-width: 5472px; --smush-placeholder-aspect-ratio: 5472\/3648;object-position:50% 30%\" data-object-fit=\"cover\" data-object-position=\"50% 30%\" src=\"data:image\/svg+xml;base64,PHN2ZyB3aWR0aD0iMSIgaGVpZ2h0PSIxIiB4bWxucz0iaHR0cDovL3d3dy53My5vcmcvMjAwMC9zdmciPjwvc3ZnPg==\" \/><div class=\"wp-block-cover__inner-container is-layout-flow wp-block-cover-is-layout-flow\">\n<div class=\"wp-block-group\"><div class=\"wp-block-group__inner-container is-layout-constrained wp-container-core-group-is-layout-481a76f5 wp-block-group-is-layout-constrained\">\n<h2 class=\"wp-block-heading has-text-align-center has-white-color has-text-color\" style=\"font-size:40px;font-style:normal;font-weight:700;letter-spacing:0px;line-height:1;text-transform:uppercase\">W\u00d6CHENTLICHER SALSA-KURS + KULTURELLE AKTIVIT\u00c4TEN + MEHR!<\/h2>\n<\/div><\/div>\n\n\n\n<div class=\"wp-block-buttons is-content-justification-center is-nowrap is-layout-flex wp-container-core-buttons-is-layout-1fb9aab6 wp-block-buttons-is-layout-flex\">\n<div class=\"wp-block-button has-custom-font-size is-style-outline has-lg-font-size is-style-outline--1\" style=\"font-style:normal;font-weight:600;letter-spacing:0px;text-transform:uppercase\"><a class=\"wp-block-button__link has-white-color has-text-color wp-element-button\" style=\"border-radius:10px;padding-top:24px;padding-right:48px;padding-bottom:24px;padding-left:48px\">IN ALLEN UNSEREN SPANISCHPROGRAMMEN ENTHALTEN!<\/a><\/div>\n<\/div>\n<\/div><\/div>\n\n\n\n<div style=\"height:60px\" aria-hidden=\"true\" class=\"wp-block-spacer\"><\/div>\n\n\n\n<div class=\"wp-block-group has-background\" style=\"background-color:#e7e7e7\"><div class=\"wp-block-group__inner-container is-layout-flow wp-block-group-is-layout-flow\">\n<h2 class=\"wp-block-heading has-text-align-center\" id=\"wochenendaktivitaten\">Wochenendaktivit\u00e4ten<\/h2>\n\n\n<div class=\"wp-block-image is-style-bottom-wave\">\n<figure class=\"alignright\"><img decoding=\"async\" width=\"300\" height=\"225\" data-src=\"https:\/\/learnspanishinperu.net\/wp-content\/uploads\/2016\/07\/IMG_20160427_122851-300x225.jpg\" alt=\"Wochenendaktivit\u00e4ten kostenlose Sprachschule Spanisch\" class=\"wp-image-3654 lazyload\" title=\"free services Spanish school\" src=\"data:image\/svg+xml;base64,PHN2ZyB3aWR0aD0iMSIgaGVpZ2h0PSIxIiB4bWxucz0iaHR0cDovL3d3dy53My5vcmcvMjAwMC9zdmciPjwvc3ZnPg==\" style=\"--smush-placeholder-width: 300px; --smush-placeholder-aspect-ratio: 300\/225;\" \/><\/figure>\n<\/div>\n\n\n<p>Und nat\u00fcrlich wollen die meisten Studenten an den Wochenenden etwas Spa\u00df oder Interessantes machen. Deshalb organisieren wir in den meisten Wochenenden&nbsp;<a href=\"https:\/\/learnspanishinperu.net\/tours-in-peru\/spanish-travelling\/\">Touren<\/a>&nbsp;oder Aktivit\u00e4ten, an denen Sie teilnehmen k\u00f6nnen. Normalerweise sind dies Aktivit\u00e4ten, die man auf einem (sehr) niedrigen Budget machen kann. Unser Favorit: Mit einigen Kommilitonen, gehen Sie auf einem Trekking mit einem lokalen F\u00fchrer und besuchen Orte von Touristen unbekannt, aber sehr lohnenswert zu besuchen. Fast jeden Samstag k\u00f6nnen Sie an einer interessanten Wanderung teilnehmen!<\/p>\n\n\n\n<p>\u00dcberpr\u00fcfen Sie unsere Facebook-Seite mit dem Link unten, um mehr Fotos von den Aktivit\u00e4ten zu sehen!<\/p>\n\n\n\n<p>Und nat\u00fcrlich gibt es in Cusco noch viel zu tun. Fragen Sie uns einfach nach den besten Cusco Aktivit\u00e4ten!<\/p>\n<\/div><\/div>\n\n\n\n<div style=\"height:50px\" aria-hidden=\"true\" class=\"wp-block-spacer\"><\/div>\n\n\n\n<div class=\"wp-block-buttons is-horizontal is-content-justification-center is-layout-flex wp-container-core-buttons-is-layout-499968f5 wp-block-buttons-is-layout-flex\">\n<div class=\"wp-block-button\"><a class=\"wp-block-button__link has-background wp-element-button\" href=\"https:\/\/learnspanishinperu.net\/de\/programme\/\" style=\"background-color:#008000\">Unsere Programme<\/a><\/div>\n\n\n\n<div class=\"wp-block-button\"><a class=\"wp-block-button__link has-background wp-element-button\" href=\"https:\/\/learnspanishinperu.net\/de\/unterkunft\/\" style=\"background-color:#ffa500\">Unterkunft in Cusco<\/a><\/div>\n\n\n\n<div class=\"wp-block-button\"><a class=\"wp-block-button__link has-background wp-element-button\" href=\"https:\/\/learnspanishinperu.net\/de\/freiwilligenarbeit\/\" style=\"background-color:#0000ff\">Freiwilliger in Cusco<\/a><\/div>\n\n\n\n<div class=\"wp-block-button\"><a class=\"wp-block-button__link has-background wp-element-button\" href=\"https:\/\/learnspanishinperu.net\/de\/touren-peru\/\" style=\"background-color:#a52a2a\">Touren in Peru<\/a><\/div>\n\n\n\n<div class=\"wp-block-button\"><a class=\"wp-block-button__link has-background wp-element-button\" href=\"https:\/\/learnspanishinperu.net\/de\/kontakt\/\" style=\"background-color:#800080\">Kontaktiere uns!<\/a><\/div>\n<\/div>\n<\/div><\/div>\n\n\n\n<div style=\"height:30px\" aria-hidden=\"true\" class=\"wp-block-spacer\"><\/div>\n","protected":false},"excerpt":{"rendered":"<p>Kostenlose Aktivit\u00e4ten und Dienstleistungen von Mundo Antiguo Kostenlose Dienste Wenn Sie ein&nbsp;Programm&nbsp;mit uns nehmen, beinhaltet dies immer die folgenden kostenlosen Dienste: Kostenlose Aktivit\u00e4ten Spanisch Schule Jede Woche haben wir Spa\u00df freie Aktivit\u00e4ten f\u00fcr unsere Studenten. Wir organisieren jede Woche eine Aktivit\u00e4t f\u00fcr alle unsere Studenten. Und meistens gibt es sogar zwei oder drei Aktivit\u00e4ten pro&hellip;<\/p>\n<p class=\"more\"><a class=\"more-link\" href=\"https:\/\/learnspanishinperu.net\/de\/spanischschule\/kostenlose-aktivitaeten\/\">Continue reading <span class=\"screen-reader-text\">Kostenlose Aktivit\u00e4ten und Dienstleistungen<\/span><\/a><\/p>\n","protected":false},"author":1,"featured_media":0,"parent":5756,"menu_order":0,"comment_status":"closed","ping_status":"closed","template":"page-templates\/wide.php","meta":{"_coblocks_attr":"","_coblocks_dimensions":"","_coblocks_responsive_height":"","_coblocks_accordion_ie_support":"","footnotes":""},"class_list":["post-5805","page","type-page","status-publish","hentry","entry"],"yoast_head":"<!-- This site is optimized with the Yoast SEO plugin v27.5 - https:\/\/yoast.com\/product\/yoast-seo-wordpress\/ -->\n<title>Kostenlose Aktivit\u00e4ten und Dienstleistungen - Mundo Antiguo Peru<\/title>\n<meta name=\"description\" content=\"Kostenlose Aktivit\u00e4ten in Cusco. Kostenlose Aktivit\u00e4ten in Cusco und Dienstleistungen von Mundo Antiguo. Unsere Programme in Cusco Peru\" \/>\n<meta name=\"robots\" content=\"index, follow, max-snippet:-1, max-image-preview:large, max-video-preview:-1\" \/>\n<link rel=\"canonical\" href=\"https:\/\/learnspanishinperu.net\/de\/spanischschule\/kostenlose-aktivitaeten\/\" \/>\n<meta property=\"og:locale\" content=\"de_DE\" \/>\n<meta property=\"og:type\" content=\"article\" \/>\n<meta property=\"og:title\" content=\"Kostenlose Aktivit\u00e4ten und Dienstleistungen - Mundo Antiguo Peru\" \/>\n<meta property=\"og:description\" content=\"Kostenlose Aktivit\u00e4ten in Cusco. Kostenlose Aktivit\u00e4ten in Cusco und Dienstleistungen von Mundo Antiguo. Unsere Programme in Cusco Peru\" \/>\n<meta property=\"og:url\" content=\"https:\/\/learnspanishinperu.net\/de\/spanischschule\/kostenlose-aktivitaeten\/\" \/>\n<meta property=\"og:site_name\" content=\"Mundo Antiguo\" \/>\n<meta property=\"article:publisher\" content=\"http:\/\/www.facebook.com\/MundoAntiguoSpanishSchool\" \/>\n<meta property=\"article:modified_time\" content=\"2024-11-04T22:50:02+00:00\" \/>\n<meta property=\"og:image\" content=\"https:\/\/learnspanishinperu.net\/wp-content\/uploads\/2015\/10\/IMG-20160118-WA0013-e1460422162896.jpg\" \/>\n<meta name=\"twitter:card\" content=\"summary_large_image\" \/>\n<meta name=\"twitter:site\" content=\"@MASpanishschool\" \/>\n<meta name=\"twitter:label1\" content=\"Gesch\u00e4tzte Lesezeit\" \/>\n\t<meta name=\"twitter:data1\" content=\"4 Minuten\" \/>\n<!-- \/ Yoast SEO plugin. -->","yoast_head_json":{"title":"Kostenlose Aktivit\u00e4ten und Dienstleistungen - Mundo Antiguo Peru","description":"Kostenlose Aktivit\u00e4ten in Cusco. Kostenlose Aktivit\u00e4ten in Cusco und Dienstleistungen von Mundo Antiguo. Unsere Programme in Cusco Peru","robots":{"index":"index","follow":"follow","max-snippet":"max-snippet:-1","max-image-preview":"max-image-preview:large","max-video-preview":"max-video-preview:-1"},"canonical":"https:\/\/learnspanishinperu.net\/de\/spanischschule\/kostenlose-aktivitaeten\/","og_locale":"de_DE","og_type":"article","og_title":"Kostenlose Aktivit\u00e4ten und Dienstleistungen - Mundo Antiguo Peru","og_description":"Kostenlose Aktivit\u00e4ten in Cusco. Kostenlose Aktivit\u00e4ten in Cusco und Dienstleistungen von Mundo Antiguo. Unsere Programme in Cusco Peru","og_url":"https:\/\/learnspanishinperu.net\/de\/spanischschule\/kostenlose-aktivitaeten\/","og_site_name":"Mundo Antiguo","article_publisher":"http:\/\/www.facebook.com\/MundoAntiguoSpanishSchool","article_modified_time":"2024-11-04T22:50:02+00:00","og_image":[{"url":"https:\/\/learnspanishinperu.net\/wp-content\/uploads\/2015\/10\/IMG-20160118-WA0013-e1460422162896.jpg","type":"","width":"","height":""}],"twitter_card":"summary_large_image","twitter_site":"@MASpanishschool","twitter_misc":{"Gesch\u00e4tzte Lesezeit":"4 Minuten"},"schema":{"@context":"https:\/\/schema.org","@graph":[{"@type":"WebPage","@id":"https:\/\/learnspanishinperu.net\/de\/spanischschule\/kostenlose-aktivitaeten\/","url":"https:\/\/learnspanishinperu.net\/de\/spanischschule\/kostenlose-aktivitaeten\/","name":"Kostenlose Aktivit\u00e4ten und Dienstleistungen - Mundo Antiguo Peru","isPartOf":{"@id":"https:\/\/learnspanishinperu.net\/#website"},"primaryImageOfPage":{"@id":"https:\/\/learnspanishinperu.net\/de\/spanischschule\/kostenlose-aktivitaeten\/#primaryimage"},"image":{"@id":"https:\/\/learnspanishinperu.net\/de\/spanischschule\/kostenlose-aktivitaeten\/#primaryimage"},"thumbnailUrl":"https:\/\/learnspanishinperu.net\/wp-content\/uploads\/2015\/10\/IMG-20160118-WA0013-e1460422162896.jpg","datePublished":"2016-07-06T01:45:22+00:00","dateModified":"2024-11-04T22:50:02+00:00","description":"Kostenlose Aktivit\u00e4ten in Cusco. Kostenlose Aktivit\u00e4ten in Cusco und Dienstleistungen von Mundo Antiguo. Unsere Programme in Cusco Peru","breadcrumb":{"@id":"https:\/\/learnspanishinperu.net\/de\/spanischschule\/kostenlose-aktivitaeten\/#breadcrumb"},"inLanguage":"de-DE","potentialAction":[{"@type":"ReadAction","target":["https:\/\/learnspanishinperu.net\/de\/spanischschule\/kostenlose-aktivitaeten\/"]}]},{"@type":"ImageObject","inLanguage":"de-DE","@id":"https:\/\/learnspanishinperu.net\/de\/spanischschule\/kostenlose-aktivitaeten\/#primaryimage","url":"https:\/\/learnspanishinperu.net\/wp-content\/uploads\/2015\/10\/IMG-20160118-WA0013-e1460422162896.jpg","contentUrl":"https:\/\/learnspanishinperu.net\/wp-content\/uploads\/2015\/10\/IMG-20160118-WA0013-e1460422162896.jpg"},{"@type":"BreadcrumbList","@id":"https:\/\/learnspanishinperu.net\/de\/spanischschule\/kostenlose-aktivitaeten\/#breadcrumb","itemListElement":[{"@type":"ListItem","position":1,"name":"Home","item":"https:\/\/learnspanishinperu.net\/de\/"},{"@type":"ListItem","position":2,"name":"Spanischschule","item":"https:\/\/learnspanishinperu.net\/de\/spanischschule\/"},{"@type":"ListItem","position":3,"name":"Kostenlose Aktivit\u00e4ten und Dienstleistungen"}]},{"@type":"WebSite","@id":"https:\/\/learnspanishinperu.net\/#website","url":"https:\/\/learnspanishinperu.net\/","name":"Mundo Antiguo","description":"Spanish school Cusco","publisher":{"@id":"https:\/\/learnspanishinperu.net\/#organization"},"potentialAction":[{"@type":"SearchAction","target":{"@type":"EntryPoint","urlTemplate":"https:\/\/learnspanishinperu.net\/?s={search_term_string}"},"query-input":{"@type":"PropertyValueSpecification","valueRequired":true,"valueName":"search_term_string"}}],"inLanguage":"de-DE"},{"@type":"Organization","@id":"https:\/\/learnspanishinperu.net\/#organization","name":"Mundo Antiguo","url":"https:\/\/learnspanishinperu.net\/","logo":{"@type":"ImageObject","inLanguage":"de-DE","@id":"https:\/\/learnspanishinperu.net\/#\/schema\/logo\/image\/","url":"https:\/\/learnspanishinperu.net\/wp-content\/uploads\/2016\/04\/logo-Spanish-school-Cusco-Peru-e1547820355169.jpg","contentUrl":"https:\/\/learnspanishinperu.net\/wp-content\/uploads\/2016\/04\/logo-Spanish-school-Cusco-Peru-e1547820355169.jpg","width":100,"height":83,"caption":"Mundo Antiguo"},"image":{"@id":"https:\/\/learnspanishinperu.net\/#\/schema\/logo\/image\/"},"sameAs":["http:\/\/www.facebook.com\/MundoAntiguoSpanishSchool","https:\/\/x.com\/MASpanishschool","https:\/\/www.instagram.com\/mundoantiguo_spanishschool\/","https:\/\/www.linkedin.com\/company\/mundo-antiguo-spanish-school","http:\/\/www.pinterest.com\/mundoantiguo\/"]}]}},"_links":{"self":[{"href":"https:\/\/learnspanishinperu.net\/de\/wp-json\/wp\/v2\/pages\/5805","targetHints":{"allow":["GET"]}}],"collection":[{"href":"https:\/\/learnspanishinperu.net\/de\/wp-json\/wp\/v2\/pages"}],"about":[{"href":"https:\/\/learnspanishinperu.net\/de\/wp-json\/wp\/v2\/types\/page"}],"author":[{"embeddable":true,"href":"https:\/\/learnspanishinperu.net\/de\/wp-json\/wp\/v2\/users\/1"}],"replies":[{"embeddable":true,"href":"https:\/\/learnspanishinperu.net\/de\/wp-json\/wp\/v2\/comments?post=5805"}],"version-history":[{"count":20,"href":"https:\/\/learnspanishinperu.net\/de\/wp-json\/wp\/v2\/pages\/5805\/revisions"}],"predecessor-version":[{"id":47511,"href":"https:\/\/learnspanishinperu.net\/de\/wp-json\/wp\/v2\/pages\/5805\/revisions\/47511"}],"up":[{"embeddable":true,"href":"https:\/\/learnspanishinperu.net\/de\/wp-json\/wp\/v2\/pages\/5756"}],"wp:attachment":[{"href":"https:\/\/learnspanishinperu.net\/de\/wp-json\/wp\/v2\/media?parent=5805"}],"curies":[{"name":"wp","href":"https:\/\/api.w.org\/{rel}","templated":true}]}}