{"id":5751,"date":"2015-06-01T22:15:49","date_gmt":"2015-06-02T03:15:49","guid":{"rendered":"https:\/\/learnspanishinperu.net\/spanisch-online\/"},"modified":"2025-07-31T19:39:04","modified_gmt":"2025-08-01T00:39:04","slug":"spanisch-online","status":"publish","type":"page","link":"https:\/\/learnspanishinperu.net\/de\/spanisch-online\/","title":{"rendered":"Online"},"content":{"rendered":"\n<div class=\"wp-block-group\"><div class=\"wp-block-group__inner-container is-layout-flow wp-block-group-is-layout-flow\">\n<div class=\"wp-block-cover alignfull is-light has-parallax\" style=\"min-height:460px;aspect-ratio:unset;\"><div class=\"wp-block-cover__image-background wp-image-16007 has-parallax lazyload\" style=\"background-position:50% 50%;background-image:inherit\" data-bg-image=\"url(https:\/\/learnspanishinperu.net\/wp-content\/uploads\/2020\/07\/DSC03425-scaled.jpg)\"><\/div><span aria-hidden=\"true\" class=\"wp-block-cover__background has-background-dim-10 has-background-dim\"><\/span><div class=\"wp-block-cover__inner-container is-layout-flow wp-block-cover-is-layout-flow\">\n<h1 class=\"wp-block-heading has-text-align-center has-white-color has-text-color\" id=\"online-spanische-programme\" style=\"font-size:60px\">Online spanische Programme<\/h1>\n\n\n\n<p class=\"has-text-align-center has-white-color has-text-color has-5-xl-font-size\"><em>Spanisch lernen von zu Haus<\/em>e <em>aus<\/em><\/p>\n<\/div><\/div>\n\n\n\n<div style=\"height:10px\" aria-hidden=\"true\" class=\"wp-block-spacer\"><\/div>\n\n\n\n<blockquote class=\"wp-block-quote is-style-large is-style-plain has-2-xl-font-size is-layout-flow wp-block-quote-is-layout-flow\">\n<p>Spanisch Online mit privatem Lehrer<\/p>\n<cite><strong>Spanisch Online!<\/strong> Einfach, pers\u00f6nlicher Service, und besser und billiger als auch Gruppenunterricht in Ihrem eigenen Land!<br \/><strong>Spanisch Online!<\/strong> Lernen Sie Spanisch, wann immer Sie wollen, mit der Intensit\u00e4t, die Sie bevorzugen und mit dem Komfort Ihres eigenen Platzes.<\/cite><\/blockquote>\n\n\n\n<div style=\"height:20px\" aria-hidden=\"true\" class=\"wp-block-spacer\"><\/div>\n\n\n\n<div class=\"wp-block-group has-background\" style=\"background-color:#e7e7e7\"><div class=\"wp-block-group__inner-container is-layout-flow wp-block-group-is-layout-flow\">\n<h2 class=\"wp-block-heading has-text-align-center\" id=\"online-spanischkurs\">Online-Spanischkurs<\/h2>\n\n\n\n<p>Wir sind davon \u00fcberzeugt, dass jeder mit dem Wunsch, eine Sprache schnell und effektiv zu erlernen, Folgendes ben\u00f6tigen:<\/p>\n\n\n<div class=\"wp-block-image is-style-bottom-wave\">\n<figure class=\"alignright size-medium\"><img decoding=\"async\" width=\"300\" height=\"200\" data-src=\"https:\/\/learnspanishinperu.net\/wp-content\/uploads\/2020\/07\/qtq80-pChJIr-300x200.jpeg\" alt=\"Spanisch Online mit privatem Lehrer\" class=\"wp-image-15998 lazyload\" data-srcset=\"https:\/\/learnspanishinperu.net\/wp-content\/uploads\/2020\/07\/qtq80-pChJIr-300x200.jpeg 300w, https:\/\/learnspanishinperu.net\/wp-content\/uploads\/2020\/07\/qtq80-pChJIr-1024x683.jpeg 1024w, https:\/\/learnspanishinperu.net\/wp-content\/uploads\/2020\/07\/qtq80-pChJIr-768x512.jpeg 768w, https:\/\/learnspanishinperu.net\/wp-content\/uploads\/2020\/07\/qtq80-pChJIr.jpeg 1254w\" data-sizes=\"(max-width: 300px) 100vw, 300px\" src=\"data:image\/svg+xml;base64,PHN2ZyB3aWR0aD0iMSIgaGVpZ2h0PSIxIiB4bWxucz0iaHR0cDovL3d3dy53My5vcmcvMjAwMC9zdmciPjwvc3ZnPg==\" style=\"--smush-placeholder-width: 300px; --smush-placeholder-aspect-ratio: 300\/200;\" \/><\/figure>\n<\/div>\n\n\n<ul class=\"wp-block-list\">\n<li>Ein&nbsp;<strong>individueller Ansatz<\/strong>: Lektionen, die auf die F\u00e4higkeiten, Bed\u00fcrfnisse und W\u00fcnsche des Sch\u00fclers zugeschnitten sind<\/li>\n\n\n\n<li>Einzelunterricht, Ihr&nbsp;<strong>privater Lehrer<\/strong><\/li>\n\n\n\n<li>Direkte&nbsp;<strong>Gespr\u00e4ch<\/strong>&nbsp;mit einheimischen spanischen Lehrern, um ihr zuh\u00f6ren und sprechen F\u00e4higkeiten \u00fcben. Je mehr Konversation Sie haben, desto schneller werden Sie Spanisch sprechen<\/li>\n\n\n\n<li>Fundierte Kenntnisse der&nbsp;<strong>Grammatik<\/strong>&nbsp;und ein gro\u00dfes&nbsp;<strong>Wortschatz<\/strong><\/li>\n\n\n\n<li>Erlernen Sie durch tuend und haben&nbsp;<strong>Spa\u00df<\/strong>&nbsp;es zu tun!<\/li>\n<\/ul>\n\n\n\n<p>In dieser digitalen \u00c4ra k\u00f6nnen wir ausgezeichnete Online-Klassen, egal wie weit die Distanz ist. Und wir k\u00f6nnen diese Online-Kurse f\u00fcr einen Preis anbieten, den Sie nicht im eigenen Land finden werden!<\/p>\n\n\n\n<p>Sie haben Online-Unterricht mit einem unserer erfahrenen einheimischen Lehrer. Unsere&nbsp;<a href=\"https:\/\/learnspanishinperu.net\/de\/spanisch-lernen\/methodik\/\">Methodik<\/a>&nbsp;und Kursmaterial haben sich bew\u00e4hrt. Nehmen Sie Ihren Spanischkurs mit&nbsp;<a href=\"https:\/\/learnspanishinperu.net\/de\/spanischschule\/mundo-antiguo\/\">Mundo Antiguo<\/a>&nbsp;und w\u00e4hlen Sie Spanisch schnell und effektiv zu lernen.<\/p>\n\n\n\n<div style=\"height:10px\" aria-hidden=\"true\" class=\"wp-block-spacer\"><\/div>\n\n\n\n<h2 class=\"wp-block-heading has-text-align-center\" id=\"online-spanischunterricht-eins-zu-eins\">Online Spanischunterricht eins zu eins<\/h2>\n\n\n<div class=\"wp-block-image is-style-bottom-wave\">\n<figure class=\"alignright size-medium\"><img decoding=\"async\" width=\"300\" height=\"200\" data-src=\"https:\/\/learnspanishinperu.net\/wp-content\/uploads\/2020\/04\/qtq80-py7xBl-300x200.jpeg\" alt=\"online spanisch programme\" class=\"wp-image-13653 lazyload\" src=\"data:image\/svg+xml;base64,PHN2ZyB3aWR0aD0iMSIgaGVpZ2h0PSIxIiB4bWxucz0iaHR0cDovL3d3dy53My5vcmcvMjAwMC9zdmciPjwvc3ZnPg==\" style=\"--smush-placeholder-width: 300px; --smush-placeholder-aspect-ratio: 300\/200;\" \/><\/figure>\n<\/div>\n\n\n<p>Unsere Online-Kurse sind f\u00fcr alle, die Spanisch lernen wollen, egal in Ihrem Alter, Muttersprache oder Startniveau. Sie brauchen nur ein Ger\u00e4t mit Internet und Sie k\u00f6nnen Ihren Online-Kurs mit uns beginnen. Wir werden Ihnen eine einfache Einf\u00fchrung geben. Du brauchst kein Computerexperte zu sein. Es ist sehr einfach, wir garantieren Ihnen das!<\/p>\n\n\n\n<p>Die Spanischkurse sind mit Ihrem&nbsp;<strong>Privatlehrer<\/strong>. Und nat\u00fcrlich sind alle unsere Online-Spanischlehrer&nbsp;<strong>Mutterlehrer<\/strong>.<\/p>\n\n\n\n<p>Der Preis f\u00fcr unser Online-Eins-zu-Ein-Spanisch-Unterrichtsprogramm ist JETZT nur&nbsp;<strong>$ 9.50 USD pro Stunde!<\/strong><\/p>\n<\/div><\/div>\n\n\n\n<div style=\"height:50px\" aria-hidden=\"true\" class=\"wp-block-spacer\"><\/div>\n<\/div><\/div>\n\n\n\n<h2 class=\"wp-block-heading has-text-align-center has-text-color\" style=\"color:#008000\">Melden Sie sich jetzt f\u00fcr unser Online-Programm an!<\/h2>\n\n\n\n<iframe data-src=\"https:\/\/docs.google.com\/forms\/d\/e\/1FAIpQLSfciQvGkpTK0dcbe6hVsGCXrRhW7e9qkUfBW5WBS2x-9WVqDQ\/viewform?embedded=true\" width=\"1240\" height=\"2520\" frameborder=\"0\" marginheight=\"0\" onload=\"window.parent.scrollTo(0,0)\" src=\"data:image\/svg+xml;base64,PHN2ZyB3aWR0aD0iMSIgaGVpZ2h0PSIxIiB4bWxucz0iaHR0cDovL3d3dy53My5vcmcvMjAwMC9zdmciPjwvc3ZnPg==\" class=\"lazyload\" data-load-mode=\"1\">Loading\u2026<\/iframe>\n\n\n\n<div style=\"height:50px\" aria-hidden=\"true\" class=\"wp-block-spacer\"><\/div>\n\n\n\n<div class=\"wp-block-group has-background\" style=\"background-color:#e7e7e7\"><div class=\"wp-block-group__inner-container is-layout-flow wp-block-group-is-layout-flow\">\n<p class=\"has-text-align-center\"><strong>Mundo Antiguo Online Classes ist eine von Mundo Antiguo getrennte juristische Person mit eigenem Personal, eigenen Zahlungsmethoden und mehr!<\/strong><\/p>\n\n\n\n<p class=\"has-text-align-center\"><em>Mundo Antiguo Online classes <br \/>Urbanizaci\u00f3n Los Angeles B-5<br \/>Kontaktdaten:\u00a0\u202a+51\u00a0946683111<\/em><\/p>\n<\/div><\/div>\n\n\n\n<div style=\"height:50px\" aria-hidden=\"true\" class=\"wp-block-spacer\"><\/div>\n\n\n\n<div class=\"wp-block-group has-background\" style=\"background-color:#e7e7e7\"><div class=\"wp-block-group__inner-container is-layout-flow wp-block-group-is-layout-flow\">\n<p class=\"has-text-align-center\"><strong>Mehr Informationen \u00fcber unser spanisches Online-Programm?<\/strong><\/p>\n\n\n\n<div class=\"wp-block-buttons is-horizontal is-content-justification-center is-layout-flex wp-container-core-buttons-is-layout-499968f5 wp-block-buttons-is-layout-flex\">\n<div class=\"wp-block-button\"><a class=\"wp-block-button__link has-background wp-element-button\" href=\"https:\/\/learnspanishinperu.net\/de\/kontakt\/\" style=\"background-color:#008000\">Kontaktiere uns!<\/a><\/div>\n\n\n\n<div class=\"wp-block-button\"><a class=\"wp-block-button__link has-background wp-element-button\" href=\"https:\/\/learnspanishinperu.net\/de\/preise\/\" style=\"background-color:#ffa500\">Preise<\/a><\/div>\n\n\n\n<div class=\"wp-block-button\"><a class=\"wp-block-button__link has-background wp-element-button\" href=\"https:\/\/learnspanishinperu.net\/de\/programme\/\" style=\"background-color:#0000ff\">Spanische Programme in Cusco<\/a><\/div>\n\n\n\n<div class=\"wp-block-button\"><a class=\"wp-block-button__link has-background wp-element-button\" href=\"https:\/\/learnspanishinperu.net\/de\/spanischschule\/mundo-antiguo\/\" style=\"background-color:#a52a2a\">Mundo Antiguo<\/a><\/div>\n<\/div>\n<\/div><\/div>\n\n\n\n<div style=\"height:30px\" aria-hidden=\"true\" class=\"wp-block-spacer\"><\/div>\n","protected":false},"excerpt":{"rendered":"<p>Spanisch Online mit privatem Lehrer Online-Spanischkurs Wir sind davon \u00fcberzeugt, dass jeder mit dem Wunsch, eine Sprache schnell und effektiv zu erlernen, Folgendes ben\u00f6tigen: In dieser digitalen \u00c4ra k\u00f6nnen wir ausgezeichnete Online-Klassen, egal wie weit die Distanz ist. Und wir k\u00f6nnen diese Online-Kurse f\u00fcr einen Preis anbieten, den Sie nicht im eigenen Land finden werden!&hellip;<\/p>\n<p class=\"more\"><a class=\"more-link\" href=\"https:\/\/learnspanishinperu.net\/de\/spanisch-online\/\">Continue reading <span class=\"screen-reader-text\">Online<\/span><\/a><\/p>\n","protected":false},"author":1,"featured_media":0,"parent":0,"menu_order":0,"comment_status":"closed","ping_status":"closed","template":"page-templates\/wide.php","meta":{"_coblocks_attr":"","_coblocks_dimensions":"","_coblocks_responsive_height":"","_coblocks_accordion_ie_support":"","footnotes":""},"class_list":["post-5751","page","type-page","status-publish","hentry","entry"],"yoast_head":"<!-- This site is optimized with the Yoast SEO plugin v27.5 - https:\/\/yoast.com\/product\/yoast-seo-wordpress\/ -->\n<title>Spanisch Online mit Privatlehrer, individueller Ansatz<\/title>\n<meta name=\"description\" content=\"Spanisch Online mit privatem Lehrer. Individueller Ansatz, Einzelunterricht mit einheimischen Lehrern. Jetzt nur $9.50 pro Stunde!\" \/>\n<meta name=\"robots\" content=\"index, follow, max-snippet:-1, max-image-preview:large, max-video-preview:-1\" \/>\n<link rel=\"canonical\" href=\"https:\/\/learnspanishinperu.net\/de\/spanisch-online\/\" \/>\n<meta property=\"og:locale\" content=\"de_DE\" \/>\n<meta property=\"og:type\" content=\"article\" \/>\n<meta property=\"og:title\" content=\"Spanisch Online mit Privatlehrer, individueller Ansatz\" \/>\n<meta property=\"og:description\" content=\"Spanisch Online mit privatem Lehrer. Individueller Ansatz, Einzelunterricht mit einheimischen Lehrern. Jetzt nur $9.50 pro Stunde!\" \/>\n<meta property=\"og:url\" content=\"https:\/\/learnspanishinperu.net\/de\/spanisch-online\/\" \/>\n<meta property=\"og:site_name\" content=\"Mundo Antiguo\" \/>\n<meta property=\"article:publisher\" content=\"http:\/\/www.facebook.com\/MundoAntiguoSpanishSchool\" \/>\n<meta property=\"article:modified_time\" content=\"2025-08-01T00:39:04+00:00\" \/>\n<meta property=\"og:image\" content=\"https:\/\/learnspanishinperu.net\/wp-content\/uploads\/2020\/07\/qtq80-pChJIr-300x200.jpeg\" \/>\n<meta name=\"twitter:card\" content=\"summary_large_image\" \/>\n<meta name=\"twitter:site\" content=\"@MASpanishschool\" \/>\n<meta name=\"twitter:label1\" content=\"Gesch\u00e4tzte Lesezeit\" \/>\n\t<meta name=\"twitter:data1\" content=\"2 Minuten\" \/>\n<!-- \/ Yoast SEO plugin. -->","yoast_head_json":{"title":"Spanisch Online mit Privatlehrer, individueller Ansatz","description":"Spanisch Online mit privatem Lehrer. Individueller Ansatz, Einzelunterricht mit einheimischen Lehrern. Jetzt nur $9.50 pro Stunde!","robots":{"index":"index","follow":"follow","max-snippet":"max-snippet:-1","max-image-preview":"max-image-preview:large","max-video-preview":"max-video-preview:-1"},"canonical":"https:\/\/learnspanishinperu.net\/de\/spanisch-online\/","og_locale":"de_DE","og_type":"article","og_title":"Spanisch Online mit Privatlehrer, individueller Ansatz","og_description":"Spanisch Online mit privatem Lehrer. Individueller Ansatz, Einzelunterricht mit einheimischen Lehrern. Jetzt nur $9.50 pro Stunde!","og_url":"https:\/\/learnspanishinperu.net\/de\/spanisch-online\/","og_site_name":"Mundo Antiguo","article_publisher":"http:\/\/www.facebook.com\/MundoAntiguoSpanishSchool","article_modified_time":"2025-08-01T00:39:04+00:00","og_image":[{"url":"https:\/\/learnspanishinperu.net\/wp-content\/uploads\/2020\/07\/qtq80-pChJIr-300x200.jpeg","type":"","width":"","height":""}],"twitter_card":"summary_large_image","twitter_site":"@MASpanishschool","twitter_misc":{"Gesch\u00e4tzte Lesezeit":"2 Minuten"},"schema":{"@context":"https:\/\/schema.org","@graph":[{"@type":"WebPage","@id":"https:\/\/learnspanishinperu.net\/de\/spanisch-online\/","url":"https:\/\/learnspanishinperu.net\/de\/spanisch-online\/","name":"Spanisch Online mit Privatlehrer, individueller Ansatz","isPartOf":{"@id":"https:\/\/learnspanishinperu.net\/#website"},"primaryImageOfPage":{"@id":"https:\/\/learnspanishinperu.net\/de\/spanisch-online\/#primaryimage"},"image":{"@id":"https:\/\/learnspanishinperu.net\/de\/spanisch-online\/#primaryimage"},"thumbnailUrl":"https:\/\/learnspanishinperu.net\/wp-content\/uploads\/2020\/07\/qtq80-pChJIr-300x200.jpeg","datePublished":"2015-06-02T03:15:49+00:00","dateModified":"2025-08-01T00:39:04+00:00","description":"Spanisch Online mit privatem Lehrer. Individueller Ansatz, Einzelunterricht mit einheimischen Lehrern. Jetzt nur $9.50 pro Stunde!","breadcrumb":{"@id":"https:\/\/learnspanishinperu.net\/de\/spanisch-online\/#breadcrumb"},"inLanguage":"de-DE","potentialAction":[{"@type":"ReadAction","target":["https:\/\/learnspanishinperu.net\/de\/spanisch-online\/"]}]},{"@type":"ImageObject","inLanguage":"de-DE","@id":"https:\/\/learnspanishinperu.net\/de\/spanisch-online\/#primaryimage","url":"https:\/\/learnspanishinperu.net\/wp-content\/uploads\/2020\/07\/qtq80-pChJIr-300x200.jpeg","contentUrl":"https:\/\/learnspanishinperu.net\/wp-content\/uploads\/2020\/07\/qtq80-pChJIr-300x200.jpeg"},{"@type":"BreadcrumbList","@id":"https:\/\/learnspanishinperu.net\/de\/spanisch-online\/#breadcrumb","itemListElement":[{"@type":"ListItem","position":1,"name":"Home","item":"https:\/\/learnspanishinperu.net\/de\/"},{"@type":"ListItem","position":2,"name":"Online"}]},{"@type":"WebSite","@id":"https:\/\/learnspanishinperu.net\/#website","url":"https:\/\/learnspanishinperu.net\/","name":"Mundo Antiguo","description":"Spanish school Cusco","publisher":{"@id":"https:\/\/learnspanishinperu.net\/#organization"},"potentialAction":[{"@type":"SearchAction","target":{"@type":"EntryPoint","urlTemplate":"https:\/\/learnspanishinperu.net\/?s={search_term_string}"},"query-input":{"@type":"PropertyValueSpecification","valueRequired":true,"valueName":"search_term_string"}}],"inLanguage":"de-DE"},{"@type":"Organization","@id":"https:\/\/learnspanishinperu.net\/#organization","name":"Mundo Antiguo","url":"https:\/\/learnspanishinperu.net\/","logo":{"@type":"ImageObject","inLanguage":"de-DE","@id":"https:\/\/learnspanishinperu.net\/#\/schema\/logo\/image\/","url":"https:\/\/learnspanishinperu.net\/wp-content\/uploads\/2016\/04\/logo-Spanish-school-Cusco-Peru-e1547820355169.jpg","contentUrl":"https:\/\/learnspanishinperu.net\/wp-content\/uploads\/2016\/04\/logo-Spanish-school-Cusco-Peru-e1547820355169.jpg","width":100,"height":83,"caption":"Mundo Antiguo"},"image":{"@id":"https:\/\/learnspanishinperu.net\/#\/schema\/logo\/image\/"},"sameAs":["http:\/\/www.facebook.com\/MundoAntiguoSpanishSchool","https:\/\/x.com\/MASpanishschool","https:\/\/www.instagram.com\/mundoantiguo_spanishschool\/","https:\/\/www.linkedin.com\/company\/mundo-antiguo-spanish-school","http:\/\/www.pinterest.com\/mundoantiguo\/"]}]}},"_links":{"self":[{"href":"https:\/\/learnspanishinperu.net\/de\/wp-json\/wp\/v2\/pages\/5751","targetHints":{"allow":["GET"]}}],"collection":[{"href":"https:\/\/learnspanishinperu.net\/de\/wp-json\/wp\/v2\/pages"}],"about":[{"href":"https:\/\/learnspanishinperu.net\/de\/wp-json\/wp\/v2\/types\/page"}],"author":[{"embeddable":true,"href":"https:\/\/learnspanishinperu.net\/de\/wp-json\/wp\/v2\/users\/1"}],"replies":[{"embeddable":true,"href":"https:\/\/learnspanishinperu.net\/de\/wp-json\/wp\/v2\/comments?post=5751"}],"version-history":[{"count":22,"href":"https:\/\/learnspanishinperu.net\/de\/wp-json\/wp\/v2\/pages\/5751\/revisions"}],"predecessor-version":[{"id":49190,"href":"https:\/\/learnspanishinperu.net\/de\/wp-json\/wp\/v2\/pages\/5751\/revisions\/49190"}],"wp:attachment":[{"href":"https:\/\/learnspanishinperu.net\/de\/wp-json\/wp\/v2\/media?parent=5751"}],"curies":[{"name":"wp","href":"https:\/\/api.w.org\/{rel}","templated":true}]}}