{"id":5664,"date":"2015-10-27T20:08:04","date_gmt":"2015-10-27T20:08:04","guid":{"rendered":"https:\/\/learnspanishinperu.net\/spanisch-lernen\/methodik\/"},"modified":"2026-03-12T13:26:16","modified_gmt":"2026-03-12T18:26:16","slug":"methodik","status":"publish","type":"page","link":"https:\/\/learnspanishinperu.net\/de\/spanisch-lernen\/methodik\/","title":{"rendered":"Methodik"},"content":{"rendered":"\n<div class=\"wp-block-group\"><div class=\"wp-block-group__inner-container is-layout-flow wp-block-group-is-layout-flow\">\n<div class=\"wp-block-cover alignfull has-parallax\" style=\"min-height:458px;aspect-ratio:unset;\"><div class=\"wp-block-cover__image-background wp-image-16191 has-parallax lazyload\" style=\"background-position:50% 50%;background-image:inherit\" data-bg-image=\"url(https:\/\/learnspanishinperu.net\/wp-content\/uploads\/2020\/07\/learn-Spanish-course-Peru-1.jpg)\"><\/div><span aria-hidden=\"true\" class=\"wp-block-cover__background has-background-dim-10 has-background-dim\"><\/span><div class=\"wp-block-cover__inner-container is-layout-flow wp-block-cover-is-layout-flow\">\n<h1 class=\"wp-block-heading has-text-align-center has-white-color has-text-color\" style=\"font-size:60px\"><mark style=\"background-color:rgba(0, 0, 0, 0)\" class=\"has-inline-color has-white-color\">Methodik<\/mark><\/h1>\n\n\n\n<p class=\"has-text-align-center has-white-color has-text-color has-5-xl-font-size\"><em>Wir verwenden eine innovative, ergebnisorientierte Methodik<\/em><\/p>\n<\/div><\/div>\n\n\n\n<div style=\"height:40px\" aria-hidden=\"true\" class=\"wp-block-spacer\"><\/div>\n\n\n\n<blockquote class=\"wp-block-quote is-style-large is-style-plain has-2-xl-font-size is-layout-flow wp-block-quote-is-layout-flow\" style=\"font-style:normal;font-weight:400\">\n<p>Methodik unserer Spanischkurse<\/p>\n<cite>Wir haben eine klare Vision f\u00fcr die Sprachausbildung. Im Unterricht legen wir Wert auf h\u00f6chste Qualit\u00e4t und die besten verf\u00fcgbaren Lehrkr\u00e4fte, damit Sie Ihre Lernziele schnellstm\u00f6glich erreichen. Au\u00dferhalb des Unterrichts erwartet Sie eine lockere, freundliche und internationale Atmosph\u00e4re mit vielen M\u00f6glichkeiten zum Kn\u00fcpfen neuer Kontakte \u2013 f\u00fcr einen unvergesslichen Aufenthalt in Cusco. Um die hohe Qualit\u00e4t von Unterricht und Lehrkr\u00e4ften zu gew\u00e4hrleisten, erf\u00fcllt Mundo Antiguo die strengen Qualit\u00e4tsstandards lokaler, nationaler und internationaler Organisationen.<\/cite><\/blockquote>\n\n\n\n<div style=\"height:30px\" aria-hidden=\"true\" class=\"wp-block-spacer\"><\/div>\n\n\n\n<div class=\"wp-block-group has-background\" style=\"background-color:#e7e7e7\"><div class=\"wp-block-group__inner-container is-layout-flow wp-block-group-is-layout-flow\">\n<h3 class=\"wp-block-heading has-text-align-center\" id=\"methodology\">Internationale Standards<\/h3>\n\n\n<div class=\"wp-block-image is-style-default\">\n<figure class=\"alignright size-medium\"><a href=\"https:\/\/learnspanishinperu.net\/wp-content\/uploads\/2013\/02\/180-x-150-doorzichtig-1-e1479503635712.png\"><img decoding=\"async\" width=\"300\" height=\"250\" data-src=\"https:\/\/learnspanishinperu.net\/wp-content\/uploads\/2013\/02\/180-x-150-doorzichtig-1-300x250.png\" alt=\"\" class=\"wp-image-4049 lazyload\" title=\"methodology Spanish\" src=\"data:image\/svg+xml;base64,PHN2ZyB3aWR0aD0iMSIgaGVpZ2h0PSIxIiB4bWxucz0iaHR0cDovL3d3dy53My5vcmcvMjAwMC9zdmciPjwvc3ZnPg==\" style=\"--smush-placeholder-width: 300px; --smush-placeholder-aspect-ratio: 300\/250;\" \/><\/a><\/figure>\n<\/div>\n\n\n<p>&#x1f449; Bei Mundo Antiguo nehmen wir Ihren Lernfortschritt ernst. Unser Lehrplan orientiert sich strikt am <strong>Gemeinsamen Europ\u00e4ischen Referenzrahmen f\u00fcr Sprachen (GER)<\/strong>. So stellen wir sicher, dass Ihr Lernprozess strukturiert, messbar und weltweit anerkannt ist \u2013 vom absoluten Anf\u00e4nger (A1) bis hin zu nahezu muttersprachlichen Kenntnissen (C2).<\/p>\n\n\n\n<p>&#x1f449; Mundo Antiguo kooperiert mit <strong>US-amerikanischen High Schools und Bildungseinrichtungen<\/strong>, die betreute <strong>Sommerprogramme<\/strong> in Peru anbieten. Im Rahmen dieser Programme bieten wir strukturierten Spanischunterricht an, der auf die von den teilnehmenden Schulen festgelegten akademischen Standards und Lernziele abgestimmt ist.<\/p>\n\n\n\n<p>Alle Kurse werden von <strong>zertifizierten und erfahrenen Spanischlehrkr\u00e4ften<\/strong> unter der akademischen Leitung unseres Akademischen Direktors durchgef\u00fchrt. Die Programme umfassen eine Einstufungspr\u00fcfung, definierte Lernziele, strukturierte Unterrichtsplanung und fortlaufende Evaluation, um messbare Fortschritte zu gew\u00e4hrleisten.<\/p>\n\n\n\n<p><strong>Akademische Leistungspunkte<\/strong> werden, sofern zutreffend, von der teilnehmenden US-amerikanischen High School oder der jeweiligen Bildungseinrichtung vergeben. Mundo Antiguo fungiert als lokaler Anbieter von akademischem Unterricht und vermittelt den Spanischunterricht gem\u00e4\u00df den Lehrplanvorgaben der jeweiligen Einrichtung.&nbsp;<\/p>\n\n\n\n<p>Durch diese Kooperation profitieren die Studierenden von einem intensiven, akademisch begleiteten Spanischunterricht und erwerben gleichzeitig Studienpunkte an ihrer Heimathochschule.<\/p>\n\n\n\n<p>&#x1f449; Mundo Antiguo bietet Spanischkurse f\u00fcr Studierende an, die an <strong>Auslandssemesterprogrammen<\/strong> in Cusco teilnehmen. Diese Programme sind Teil akkreditierter Auslandsstudienprogramme US-amerikanischer Universit\u00e4ten, in deren Rahmen die Studierenden akademische Leistungspunkte erhalten. <strong>SIT<\/strong> (<a href=\"https:\/\/studyabroad.sit.edu\/\">School for International Training<\/a>) Study Abroad Programs ist einer unserer internationalen Partner.<\/p>\n\n\n\n<p>&#x1f449; Wir organisieren Spanischkurse und akademische Praktika f\u00fcr Studierende <strong>niederl\u00e4ndischer Universit\u00e4ten<\/strong> und Fachhochschulen.&nbsp;<\/p>\n<\/div><\/div>\n\n\n\n<div style=\"height:50px\" aria-hidden=\"true\" class=\"wp-block-spacer\"><\/div>\n\n\n\n<div class=\"wp-block-group has-background\" style=\"background-color:#e7e7e7\"><div class=\"wp-block-group__inner-container is-layout-flow wp-block-group-is-layout-flow\">\n<h2 class=\"wp-block-heading has-text-align-center\" id=\"methodik\">Methodik<\/h2>\n\n\n<div class=\"wp-block-image is-style-bottom-wave\">\n<figure class=\"alignright\"><img decoding=\"async\" width=\"225\" height=\"300\" data-src=\"https:\/\/learnspanishinperu.net\/wp-content\/uploads\/2015\/10\/methodology-225x300.jpg\" alt=\"methodik Spanisch Sprachkurse\" class=\"wp-image-2581 lazyload\" title=\"methodology Spanish\" data-srcset=\"https:\/\/learnspanishinperu.net\/wp-content\/uploads\/2015\/10\/methodology-225x300.jpg 225w, https:\/\/learnspanishinperu.net\/wp-content\/uploads\/2015\/10\/methodology-315x420.jpg 315w, https:\/\/learnspanishinperu.net\/wp-content\/uploads\/2015\/10\/methodology-554x738.jpg 554w, https:\/\/learnspanishinperu.net\/wp-content\/uploads\/2015\/10\/methodology.jpg 720w\" data-sizes=\"(max-width: 225px) 100vw, 225px\" src=\"data:image\/svg+xml;base64,PHN2ZyB3aWR0aD0iMSIgaGVpZ2h0PSIxIiB4bWxucz0iaHR0cDovL3d3dy53My5vcmcvMjAwMC9zdmciPjwvc3ZnPg==\" style=\"--smush-placeholder-width: 225px; --smush-placeholder-aspect-ratio: 225\/300;\" \/><\/figure>\n<\/div>\n\n\n<p>Die spanische Schule Mundo Antiguo nutzt eine&nbsp;<strong>innovative, ergebnisorientierte Methodik<\/strong>. Eine Methodik, die wir weiter verfeinern. Reflexion ist ein wichtiger Teil unserer Arbeit, also bitten wir den Lehrer und den Sch\u00fcler f\u00fcr den Input. Wichtig ist, dass wir unsere&nbsp;<a href=\"https:\/\/learnspanishinperu.net\/de\/spanisch-lernen\/spanischkurs\/\">Spanischkurse<\/a>&nbsp;vor allem mit unseren Spanischlehrern entwickeln. aber wir betrachten auch die Meinung, Schwierigkeiten und Fragen unserer Sch\u00fcler.<\/p>\n\n\n\n<p>Das Unterrichten einer anderen Sprache geht es nicht nur um die \u00dcbertragung von Konzepten. Der Student muss das Konzept sowohl schriftlich als auch m\u00fcndlich anwenden.<\/p>\n\n\n\n<p>Die spanische Grammatik ist sehr umfangreich und aus unserer Erfahrung kennen wir die frustrierende L\u00fccke zwischen \u201eSpanisch in der Schule\u201c und dem Spanischen des Alltags. Nach einer Weile wirst du es schaffen. Aber um alle Regeln richtig zu benutzen und mit Menschen auf der Stra\u00dfe zu sprechen: es bleibt schwierig Viele unserer Sch\u00fcler lernen Spanisch an der High School, damit sie etwas Grammatik und Vokabular kennen. Aber sie haben kein Vertrauen in das Sprechen der Sprache. Deshalb haben Sie Privatunterricht oder Unterricht in einer sehr kleinen Gruppe (maximal 4 Sch\u00fcler). Infolgedessen werden wir Sie zwingen,&nbsp;<strong>die ganze Zeit<\/strong>&nbsp;Spanisch zu sprechen. Das beginnt schon von dem Moment an, in dem du in unsere Spanischschule gehst.<\/p>\n<\/div><\/div>\n\n\n\n<div style=\"height:70px\" aria-hidden=\"true\" class=\"wp-block-spacer\"><\/div>\n\n\n\n<div class=\"wp-block-group has-background\" style=\"background-color:#e7e7e7\"><div class=\"wp-block-group__inner-container is-layout-flow wp-block-group-is-layout-flow\">\n<h2 class=\"wp-block-heading has-text-align-center\" id=\"horen-sie-verstehen-sie-sprechen-sie\">H\u00f6ren Sie, verstehen Sie, sprechen Sie<strong>&nbsp;<\/strong><\/h2>\n\n\n\n<p>Zusammen mit der Unterrichtsgrammatik konzentrieren wir unsere interaktive Methode darauf, Sie zu h\u00f6ren, zu verstehen und zu sprechen. Deshalb verwenden wir ein Grammatikbuch, aber auch andere Materialien wie Artikel, Filme, Musik und Zeitungen. Unsere Lehrer sprechen nur Spanisch mit dir vom ersten Moment an. Denn das wird dich dazu bringen, auf Spanisch zu denken.<\/p>\n\n\n\n<p>Jeder Kurs beinhaltet einige \u201ePraktische Spanisch\u201c, in denen Sie das Klassenzimmer mit Ihrem Lehrer verlassen, um die studierte Theorie auf der Stra\u00dfe zu \u00fcben. Sie werden Konversation \u00fcben und wahrscheinlich eine interessante Sicht auf die lokale Kultur.<\/p>\n<\/div><\/div>\n\n\n\n<div style=\"height:60px\" aria-hidden=\"true\" class=\"wp-block-spacer\"><\/div>\n\n\n\n<figure class=\"wp-block-gallery has-nested-images columns-4 is-cropped wp-block-gallery-1 is-layout-flex wp-block-gallery-is-layout-flex\">\n<figure class=\"wp-block-image size-large\"><img decoding=\"async\" width=\"1024\" height=\"576\" data-id=\"2580\" data-src=\"https:\/\/learnspanishinperu.net\/wp-content\/uploads\/2015\/10\/spanish-course-method-1024x576.jpg\" alt=\"spanish course method\" class=\"wp-image-2580 lazyload\" src=\"data:image\/svg+xml;base64,PHN2ZyB3aWR0aD0iMSIgaGVpZ2h0PSIxIiB4bWxucz0iaHR0cDovL3d3dy53My5vcmcvMjAwMC9zdmciPjwvc3ZnPg==\" style=\"--smush-placeholder-width: 1024px; --smush-placeholder-aspect-ratio: 1024\/576;\" \/><\/figure>\n\n\n\n<figure class=\"wp-block-image size-large\"><img decoding=\"async\" width=\"1024\" height=\"683\" data-id=\"3901\" data-src=\"https:\/\/learnspanishinperu.net\/wp-content\/uploads\/2016\/10\/160701-fotos-website-koen-082-1024x683.jpg\" alt=\"Spanish program\" class=\"wp-image-3901 lazyload\" src=\"data:image\/svg+xml;base64,PHN2ZyB3aWR0aD0iMSIgaGVpZ2h0PSIxIiB4bWxucz0iaHR0cDovL3d3dy53My5vcmcvMjAwMC9zdmciPjwvc3ZnPg==\" style=\"--smush-placeholder-width: 1024px; --smush-placeholder-aspect-ratio: 1024\/683;\" \/><\/figure>\n\n\n\n<figure class=\"wp-block-image size-large\"><img decoding=\"async\" width=\"321\" height=\"214\" data-id=\"3971\" data-src=\"https:\/\/learnspanishinperu.net\/wp-content\/uploads\/2013\/02\/Spanish-immersion-program-e1479160883213.jpg\" alt=\"\" class=\"wp-image-3971 lazyload\" src=\"data:image\/svg+xml;base64,PHN2ZyB3aWR0aD0iMSIgaGVpZ2h0PSIxIiB4bWxucz0iaHR0cDovL3d3dy53My5vcmcvMjAwMC9zdmciPjwvc3ZnPg==\" style=\"--smush-placeholder-width: 321px; --smush-placeholder-aspect-ratio: 321\/214;\" \/><\/figure>\n\n\n\n<figure class=\"wp-block-image size-large\"><img decoding=\"async\" width=\"300\" height=\"225\" data-id=\"3376\" data-src=\"https:\/\/learnspanishinperu.net\/wp-content\/uploads\/2015\/10\/IMG_1853-e1479424400632.jpg\" alt=\"Spanish course Peru\" class=\"wp-image-3376 lazyload\" src=\"data:image\/svg+xml;base64,PHN2ZyB3aWR0aD0iMSIgaGVpZ2h0PSIxIiB4bWxucz0iaHR0cDovL3d3dy53My5vcmcvMjAwMC9zdmciPjwvc3ZnPg==\" style=\"--smush-placeholder-width: 300px; --smush-placeholder-aspect-ratio: 300\/225;\" \/><\/figure>\n<\/figure>\n\n\n\n<div style=\"height:40px\" aria-hidden=\"true\" class=\"wp-block-spacer\"><\/div>\n\n\n\n<div class=\"wp-block-group has-background\" style=\"background-color:#e7e7e7\"><div class=\"wp-block-group__inner-container is-layout-flow wp-block-group-is-layout-flow\">\n<h2 class=\"wp-block-heading has-text-align-center\" id=\"horen-sie-verstehen-sie-sprechen-sie\">Pers\u00f6nliche Betreuung<strong>&nbsp;<\/strong><\/h2>\n\n\n\n<p class=\"has-text-align-center\">Schlie\u00dflich bieten wir auch pers\u00f6nliche Hilfe an. Wir sind immer da, um Ihnen mit pers\u00f6nlichen Fragen zu helfen, die Sie haben k\u00f6nnten. Und wir achten auf Ihre pers\u00f6nliche Entwicklung zur gleichen Zeit!<\/p>\n<\/div><\/div>\n\n\n\n<div style=\"height:10px\" aria-hidden=\"true\" class=\"wp-block-spacer\"><\/div>\n\n\n\n<blockquote class=\"wp-block-quote is-style-large is-style-plain has-2-xl-font-size is-layout-flow wp-block-quote-is-layout-flow\" style=\"font-style:normal;font-weight:400\">\n<p>Spanisch-Niveau<\/p>\n<cite>Wir unterteilen unsere Kurse in vier verschiedenen spanischen Ebenen, so dass Sie die verschiedenen Aspekte der Grammatik in einer strukturierten Weise lernen k\u00f6nnen. Wie immer geht es nicht nur darum, Grammatik zu lernen. Unmittelbar nach dem Studium des Themas werden wir Sie herausfordern, die Theorie zu benutzen.<\/cite><\/blockquote>\n\n\n\n<div style=\"height:10px\" aria-hidden=\"true\" class=\"wp-block-spacer\"><\/div>\n\n\n\n<div class=\"wp-block-group has-background\" style=\"background-color:#e7e7e7\"><div class=\"wp-block-group__inner-container is-layout-flow wp-block-group-is-layout-flow\">\n<p class=\"has-text-align-center\">F\u00fcllen Sie unseren Einstufungstest aus oder werfen Sie einen Blick auf die Spanischniveaus, die wir Ihnen beibringen k\u00f6nnen:<\/p>\n\n\n\n<div class=\"wp-block-buttons is-horizontal is-content-justification-center is-layout-flex wp-container-core-buttons-is-layout-499968f5 wp-block-buttons-is-layout-flex\">\n<div class=\"wp-block-button\"><a class=\"wp-block-button__link has-background wp-element-button\" href=\"https:\/\/learnspanishinperu.net\/de\/spanisch-lernen\/spanisch-niveaus\/\" style=\"background-color:#008000\">Spanisch Niveaus<\/a><\/div>\n\n\n\n<div class=\"wp-block-button\"><a class=\"wp-block-button__link has-background wp-element-button\" href=\"https:\/\/learnspanishinperu.net\/de\/spanisch-lernen\/spanisch-einstufungstest\/\" style=\"background-color:#ffa500\">Spanisch Einstufungstest<\/a><\/div>\n\n\n\n<div class=\"wp-block-button\"><a class=\"wp-block-button__link has-background wp-element-button\" href=\"https:\/\/learnspanishinperu.net\/de\/kontakt\/\" style=\"background-color:#0000ff\">Schick uns eine Nachricht<\/a><\/div>\n<\/div>\n<\/div><\/div>\n<\/div><\/div>\n\n\n\n<div style=\"height:30px\" aria-hidden=\"true\" class=\"wp-block-spacer\"><\/div>\n","protected":false},"excerpt":{"rendered":"<p>Methodik unserer Spanischkurse Internationale Standards &#x1f449; Bei Mundo Antiguo nehmen wir Ihren Lernfortschritt ernst. Unser Lehrplan orientiert sich strikt am Gemeinsamen Europ\u00e4ischen Referenzrahmen f\u00fcr Sprachen (GER). So stellen wir sicher, dass Ihr Lernprozess strukturiert, messbar und weltweit anerkannt ist \u2013 vom absoluten Anf\u00e4nger (A1) bis hin zu nahezu muttersprachlichen Kenntnissen (C2). &#x1f449; Mundo Antiguo kooperiert&hellip;<\/p>\n<p class=\"more\"><a class=\"more-link\" href=\"https:\/\/learnspanishinperu.net\/de\/spanisch-lernen\/methodik\/\">Continue reading <span class=\"screen-reader-text\">Methodik<\/span><\/a><\/p>\n","protected":false},"author":1,"featured_media":0,"parent":5659,"menu_order":0,"comment_status":"closed","ping_status":"closed","template":"page-templates\/wide.php","meta":{"_coblocks_attr":"","_coblocks_dimensions":"","_coblocks_responsive_height":"","_coblocks_accordion_ie_support":"","footnotes":""},"class_list":["post-5664","page","type-page","status-publish","hentry","entry"],"yoast_head":"<!-- This site is optimized with the Yoast SEO plugin v27.5 - https:\/\/yoast.com\/product\/yoast-seo-wordpress\/ -->\n<title>Methodik Spanischkurse - Mundo Antiguo Sprachschule Cusco Peru<\/title>\n<meta name=\"description\" content=\"Methodik unserer Spanischkurse. Unser Ziel ist es, Ihnen Spanisch beizubringen. Mundo Antiguo Spanische Schule Cusco.\" \/>\n<meta name=\"robots\" content=\"index, follow, max-snippet:-1, max-image-preview:large, max-video-preview:-1\" \/>\n<link rel=\"canonical\" href=\"https:\/\/learnspanishinperu.net\/de\/spanisch-lernen\/methodik\/\" \/>\n<meta property=\"og:locale\" content=\"de_DE\" \/>\n<meta property=\"og:type\" content=\"article\" \/>\n<meta property=\"og:title\" content=\"Methodik Spanischkurse - Mundo Antiguo Sprachschule Cusco Peru\" \/>\n<meta property=\"og:description\" content=\"Methodik unserer Spanischkurse. Unser Ziel ist es, Ihnen Spanisch beizubringen. Mundo Antiguo Spanische Schule Cusco.\" \/>\n<meta property=\"og:url\" content=\"https:\/\/learnspanishinperu.net\/de\/spanisch-lernen\/methodik\/\" \/>\n<meta property=\"og:site_name\" content=\"Mundo Antiguo\" \/>\n<meta property=\"article:publisher\" content=\"http:\/\/www.facebook.com\/MundoAntiguoSpanishSchool\" \/>\n<meta property=\"article:modified_time\" content=\"2026-03-12T18:26:16+00:00\" \/>\n<meta property=\"og:image\" content=\"https:\/\/learnspanishinperu.net\/wp-content\/uploads\/2013\/02\/180-x-150-doorzichtig-1-300x250.png\" \/>\n<meta name=\"twitter:card\" content=\"summary_large_image\" \/>\n<meta name=\"twitter:site\" content=\"@MASpanishschool\" \/>\n<meta name=\"twitter:label1\" content=\"Gesch\u00e4tzte Lesezeit\" \/>\n\t<meta name=\"twitter:data1\" content=\"4 Minuten\" \/>\n<!-- \/ Yoast SEO plugin. -->","yoast_head_json":{"title":"Methodik Spanischkurse - Mundo Antiguo Sprachschule Cusco Peru","description":"Methodik unserer Spanischkurse. Unser Ziel ist es, Ihnen Spanisch beizubringen. Mundo Antiguo Spanische Schule Cusco.","robots":{"index":"index","follow":"follow","max-snippet":"max-snippet:-1","max-image-preview":"max-image-preview:large","max-video-preview":"max-video-preview:-1"},"canonical":"https:\/\/learnspanishinperu.net\/de\/spanisch-lernen\/methodik\/","og_locale":"de_DE","og_type":"article","og_title":"Methodik Spanischkurse - Mundo Antiguo Sprachschule Cusco Peru","og_description":"Methodik unserer Spanischkurse. Unser Ziel ist es, Ihnen Spanisch beizubringen. Mundo Antiguo Spanische Schule Cusco.","og_url":"https:\/\/learnspanishinperu.net\/de\/spanisch-lernen\/methodik\/","og_site_name":"Mundo Antiguo","article_publisher":"http:\/\/www.facebook.com\/MundoAntiguoSpanishSchool","article_modified_time":"2026-03-12T18:26:16+00:00","og_image":[{"url":"https:\/\/learnspanishinperu.net\/wp-content\/uploads\/2013\/02\/180-x-150-doorzichtig-1-300x250.png","type":"","width":"","height":""}],"twitter_card":"summary_large_image","twitter_site":"@MASpanishschool","twitter_misc":{"Gesch\u00e4tzte Lesezeit":"4 Minuten"},"schema":{"@context":"https:\/\/schema.org","@graph":[{"@type":"WebPage","@id":"https:\/\/learnspanishinperu.net\/de\/spanisch-lernen\/methodik\/","url":"https:\/\/learnspanishinperu.net\/de\/spanisch-lernen\/methodik\/","name":"Methodik Spanischkurse - Mundo Antiguo Sprachschule Cusco Peru","isPartOf":{"@id":"https:\/\/learnspanishinperu.net\/#website"},"primaryImageOfPage":{"@id":"https:\/\/learnspanishinperu.net\/de\/spanisch-lernen\/methodik\/#primaryimage"},"image":{"@id":"https:\/\/learnspanishinperu.net\/de\/spanisch-lernen\/methodik\/#primaryimage"},"thumbnailUrl":"https:\/\/learnspanishinperu.net\/wp-content\/uploads\/2013\/02\/180-x-150-doorzichtig-1-300x250.png","datePublished":"2015-10-27T20:08:04+00:00","dateModified":"2026-03-12T18:26:16+00:00","description":"Methodik unserer Spanischkurse. Unser Ziel ist es, Ihnen Spanisch beizubringen. Mundo Antiguo Spanische Schule Cusco.","breadcrumb":{"@id":"https:\/\/learnspanishinperu.net\/de\/spanisch-lernen\/methodik\/#breadcrumb"},"inLanguage":"de-DE","potentialAction":[{"@type":"ReadAction","target":["https:\/\/learnspanishinperu.net\/de\/spanisch-lernen\/methodik\/"]}]},{"@type":"ImageObject","inLanguage":"de-DE","@id":"https:\/\/learnspanishinperu.net\/de\/spanisch-lernen\/methodik\/#primaryimage","url":"https:\/\/learnspanishinperu.net\/wp-content\/uploads\/2013\/02\/180-x-150-doorzichtig-1-300x250.png","contentUrl":"https:\/\/learnspanishinperu.net\/wp-content\/uploads\/2013\/02\/180-x-150-doorzichtig-1-300x250.png"},{"@type":"BreadcrumbList","@id":"https:\/\/learnspanishinperu.net\/de\/spanisch-lernen\/methodik\/#breadcrumb","itemListElement":[{"@type":"ListItem","position":1,"name":"Home","item":"https:\/\/learnspanishinperu.net\/de\/"},{"@type":"ListItem","position":2,"name":"Spanisch lernen","item":"https:\/\/learnspanishinperu.net\/de\/spanisch-lernen\/"},{"@type":"ListItem","position":3,"name":"Methodik"}]},{"@type":"WebSite","@id":"https:\/\/learnspanishinperu.net\/#website","url":"https:\/\/learnspanishinperu.net\/","name":"Mundo Antiguo","description":"Spanish school Cusco","publisher":{"@id":"https:\/\/learnspanishinperu.net\/#organization"},"potentialAction":[{"@type":"SearchAction","target":{"@type":"EntryPoint","urlTemplate":"https:\/\/learnspanishinperu.net\/?s={search_term_string}"},"query-input":{"@type":"PropertyValueSpecification","valueRequired":true,"valueName":"search_term_string"}}],"inLanguage":"de-DE"},{"@type":"Organization","@id":"https:\/\/learnspanishinperu.net\/#organization","name":"Mundo Antiguo","url":"https:\/\/learnspanishinperu.net\/","logo":{"@type":"ImageObject","inLanguage":"de-DE","@id":"https:\/\/learnspanishinperu.net\/#\/schema\/logo\/image\/","url":"https:\/\/learnspanishinperu.net\/wp-content\/uploads\/2016\/04\/logo-Spanish-school-Cusco-Peru-e1547820355169.jpg","contentUrl":"https:\/\/learnspanishinperu.net\/wp-content\/uploads\/2016\/04\/logo-Spanish-school-Cusco-Peru-e1547820355169.jpg","width":100,"height":83,"caption":"Mundo Antiguo"},"image":{"@id":"https:\/\/learnspanishinperu.net\/#\/schema\/logo\/image\/"},"sameAs":["http:\/\/www.facebook.com\/MundoAntiguoSpanishSchool","https:\/\/x.com\/MASpanishschool","https:\/\/www.instagram.com\/mundoantiguo_spanishschool\/","https:\/\/www.linkedin.com\/company\/mundo-antiguo-spanish-school","http:\/\/www.pinterest.com\/mundoantiguo\/"]}]}},"_links":{"self":[{"href":"https:\/\/learnspanishinperu.net\/de\/wp-json\/wp\/v2\/pages\/5664","targetHints":{"allow":["GET"]}}],"collection":[{"href":"https:\/\/learnspanishinperu.net\/de\/wp-json\/wp\/v2\/pages"}],"about":[{"href":"https:\/\/learnspanishinperu.net\/de\/wp-json\/wp\/v2\/types\/page"}],"author":[{"embeddable":true,"href":"https:\/\/learnspanishinperu.net\/de\/wp-json\/wp\/v2\/users\/1"}],"replies":[{"embeddable":true,"href":"https:\/\/learnspanishinperu.net\/de\/wp-json\/wp\/v2\/comments?post=5664"}],"version-history":[{"count":22,"href":"https:\/\/learnspanishinperu.net\/de\/wp-json\/wp\/v2\/pages\/5664\/revisions"}],"predecessor-version":[{"id":49504,"href":"https:\/\/learnspanishinperu.net\/de\/wp-json\/wp\/v2\/pages\/5664\/revisions\/49504"}],"up":[{"embeddable":true,"href":"https:\/\/learnspanishinperu.net\/de\/wp-json\/wp\/v2\/pages\/5659"}],"wp:attachment":[{"href":"https:\/\/learnspanishinperu.net\/de\/wp-json\/wp\/v2\/media?parent=5664"}],"curies":[{"name":"wp","href":"https:\/\/api.w.org\/{rel}","templated":true}]}}