{"id":5649,"date":"2017-07-04T10:58:34","date_gmt":"2017-07-04T15:58:34","guid":{"rendered":"https:\/\/learnspanishinperu.net\/faqs\/machu-picchu\/"},"modified":"2026-02-23T09:53:06","modified_gmt":"2026-02-23T14:53:06","slug":"machu-picchu","status":"publish","type":"page","link":"https:\/\/learnspanishinperu.net\/de\/faq\/machu-picchu\/","title":{"rendered":"Machu Picchu"},"content":{"rendered":"\n<div class=\"wp-block-group\"><div class=\"wp-block-group__inner-container is-layout-flow wp-block-group-is-layout-flow\">\n<div class=\"wp-block-cover alignfull has-parallax mt-0\" style=\"min-height:460px;aspect-ratio:unset;\"><div class=\"wp-block-cover__image-background wp-image-17964 has-parallax lazyload\" style=\"background-position:50% 50%;background-image:inherit\" data-bg-image=\"url(https:\/\/learnspanishinperu.net\/wp-content\/uploads\/2020\/10\/machu-picchu-peru.jpeg)\"><\/div><span aria-hidden=\"true\" class=\"wp-block-cover__background has-background-dim-10 has-background-dim\"><\/span><div class=\"wp-block-cover__inner-container is-layout-flow wp-block-cover-is-layout-flow\">\n<h1 class=\"wp-block-heading has-text-align-center\" style=\"font-size:60px\"><mark style=\"background-color:rgba(0, 0, 0, 0)\" class=\"has-inline-color has-white-color\">Machu Picchu<\/mark><\/h1>\n\n\n\n<p class=\"has-text-align-center has-5-xl-font-size\"><em>Zugangsregeln, Eintrittspreise, \u00d6ffnungszeiten, Einschr\u00e4nkungen<\/em><\/p>\n<\/div><\/div>\n\n\n\n<div style=\"height:20px\" aria-hidden=\"true\" class=\"wp-block-spacer\"><\/div>\n\n\n\n<blockquote class=\"wp-block-quote is-style-large is-style-plain has-2-xl-font-size is-layout-flow wp-block-quote-is-layout-flow\" style=\"font-style:normal;font-weight:400\">\n<p>Machu Picchu Zugangsregeln<\/p>\n<cite>Ihr Besuch in Machu Picchu wird unvergesslich sein. Aber es gibt eine Reihe von Zugriffsregeln und Beschr\u00e4nkungen zu ber\u00fccksichtigen, wenn Besuch dieser wundersch\u00f6nen Inka Ruin. Diese Beschr\u00e4nkungen sollen dieses UNESCO-Welterbe sch\u00fctzen. <\/cite><\/blockquote>\n\n\n\n<div style=\"height:30px\" aria-hidden=\"true\" class=\"wp-block-spacer\"><\/div>\n\n\n\n<div class=\"wp-block-group has-background\" style=\"background-color:#e7e7e7\"><div class=\"wp-block-group__inner-container is-layout-flow wp-block-group-is-layout-flow\">\n<h2 class=\"wp-block-heading has-text-align-center\" id=\"eintrittspreis\">Eintrittspreis<\/h2>\n\n\n<div class=\"wp-block-image is-style-bottom-wave\">\n<figure class=\"alignright\"><img decoding=\"async\" width=\"300\" height=\"225\" data-src=\"https:\/\/learnspanishinperu.net\/wp-content\/uploads\/2015\/11\/Machu-Picchu-11-e1460423571246.jpg\" alt=\"Machu Picchu citadel\" class=\"wp-image-2990 lazyload\" title=\"Machu Picchu citadel\" src=\"data:image\/svg+xml;base64,PHN2ZyB3aWR0aD0iMSIgaGVpZ2h0PSIxIiB4bWxucz0iaHR0cDovL3d3dy53My5vcmcvMjAwMC9zdmciPjwvc3ZnPg==\" style=\"--smush-placeholder-width: 300px; --smush-placeholder-aspect-ratio: 300\/225;\" \/><\/figure>\n<\/div>\n\n\n<ul class=\"wp-block-list\">\n<li>Erwachsene: S\/. 152 soles (ab 1. Mai 2026: S\/. 163 Soles).<\/li>\n\n\n\n<li>Kinder bis 12 Jahre alt s\/. 70 (ab 1. Mai 2026: S\/. 88 Soles).<\/li>\n\n\n\n<li>Die Kosten f\u00fcr die Eintrittskarte f\u00fcr Machu Picchu Mountain, Wayna Picchu, Camino de la Fuente oder Camino to Inkaraqay, ist s\/. 48 Soles (nur in Kombination mit einem regul\u00e4ren Ticket).<\/li>\n<\/ul>\n\n\n\n<p>Bringen Sie immer ein <strong>Original-Ausweis<\/strong> (Reisepass) mit, um die arch\u00e4ologische St\u00e4tte betreten zu k\u00f6nnen.<\/p>\n\n\n\n<p>Beim Besuch von Machu Picchu gelten andere Regeln und Einschr\u00e4nkungen.<\/p>\n<\/div><\/div>\n\n\n\n<div style=\"height:60px\" aria-hidden=\"true\" class=\"wp-block-spacer\"><\/div>\n\n\n\n<div class=\"wp-block-group has-background\" style=\"background-color:#e7e7e7\"><div class=\"wp-block-group__inner-container is-layout-flow wp-block-group-is-layout-flow\">\n<h2 class=\"wp-block-heading has-text-align-center\" id=\"offnungszeiten\">\u00d6ffnungszeiten<\/h2>\n\n\n\n<p>Machu Picchu ist ab 6 Uhr ge\u00f6ffnet. Ab 17.00 Uhr sind die letzten G\u00e4ste im Innenbereich. Wenn Sie ein Ticket kaufen, m\u00fcssen Sie es f\u00fcr einen bestimmten Zeitschlitz kaufen. Sie k\u00f6nnen Ihre Reise nach Machu Picchu in der Zeit von 7.00 bis 8.00 Uhr oder von 14.00 bis 15.00 Uhr buchen. Planen Sie, dass Sie sich auf den Weg machen, um sicherzustellen, dass Sie in dieser Zeit auf die Reise gehen.<\/p>\n<\/div><\/div>\n\n\n\n<div style=\"height:60px\" aria-hidden=\"true\" class=\"wp-block-spacer\"><\/div>\n\n\n\n<div class=\"wp-block-group has-background\" style=\"background-color:#e7e7e7\"><div class=\"wp-block-group__inner-container is-layout-flow wp-block-group-is-layout-flow\">\n<h2 class=\"wp-block-heading has-text-align-center\" id=\"beschrankungen-in-machu-picchu\">Beschr\u00e4nkungen in Machu Picchu<\/h2>\n\n\n<div class=\"wp-block-image is-style-bottom-wave\">\n<figure class=\"alignright size-medium\"><a href=\"https:\/\/learnspanishinperu.net\/wp-content\/uploads\/2015\/11\/Machu-Picchu-20-e1460423549333.jpg\"><img decoding=\"async\" width=\"225\" height=\"300\" data-src=\"https:\/\/learnspanishinperu.net\/wp-content\/uploads\/2015\/11\/Machu-Picchu-20-225x300.jpg\" alt=\"Machu Picchu Br\u00fccke\" class=\"wp-image-4969 lazyload\" src=\"data:image\/svg+xml;base64,PHN2ZyB3aWR0aD0iMSIgaGVpZ2h0PSIxIiB4bWxucz0iaHR0cDovL3d3dy53My5vcmcvMjAwMC9zdmciPjwvc3ZnPg==\" style=\"--smush-placeholder-width: 225px; --smush-placeholder-aspect-ratio: 225\/300;\" \/><\/a><\/figure>\n<\/div>\n\n\n<ul class=\"wp-block-list is-style-checkbox\">\n<li>Besucher sollten die Zitadelle mit einem offiziellen Machu Picchu&nbsp;<strong>Reiseleiter<\/strong>&nbsp;betreten.<\/li>\n\n\n\n<li>Der Leitfaden wird die Touristen von Anfang bis Ende begleiten. Sie k\u00f6nnen nicht erkunden Machu Picchu auf eigene Faust.<\/li>\n\n\n\n<li>Jeder Besuch wird mindestens 2,5 Stunden dauern und&nbsp;<strong>Maximaler Besuch ist 4 Stunden<\/strong>&nbsp;von der touristischen Anreise.<\/li>\n\n\n\n<li>Wenn du ein Ticket f\u00fcr Machupicchu Berg oder Waynapicchu kaufst, bekommst du etwas Zeit daf\u00fcr. Statt der maximal 4 Stunden haben die Besucher des Machupicchu Mountain eine H\u00f6chstdauer von 7 Stunden f\u00fcr ihren Besuch. W\u00e4hrend die Besucher von Waynapicchu eine maximale Zeit von 6 Stunden haben werden. Der F\u00fchrer muss Sie nicht bei Ihrem Besuch auf Machu Picchu Berg oder Waynapicchu begleiten, nur in der Zitadelle von Machu Picchu m\u00fcssen Sie gef\u00fchrt werden.<\/li>\n<\/ul>\n\n\n\n<p>Es gibt ein paar Einschr\u00e4nkungen, was Sie mitbringen k\u00f6nnen in Machu Picchu. Offensichtliche Beschr\u00e4nkungen gibt es, wie f\u00fcr Messer und Waffen und Beschr\u00e4nkungen, um die W\u00e4nde oder Strukturen zu besteigen oder als Toilette zu benutzen. Aber die&nbsp;<strong>wichtigste Beschr\u00e4nkung<\/strong>&nbsp;ist der Verbrauch von Nahrungsmitteln in den Ruinen. Und man kann keine anderen Getr\u00e4nke als Handkantinen tragen. Au\u00dferdem ist das Rauchen nicht erlaubt. Und das letzte wichtige: St\u00f6cke (Gehst\u00f6cke) sind verboten, au\u00dfer f\u00fcr \u00e4ltere oder behinderte.<\/p>\n\n\n\n<p>Sie k\u00f6nnen Ihr Ticket hier kaufen: www.machupicchu.gob.pe. Sie k\u00f6nnen auch alle \u00c4nderungen in den Vorschriften auf dieser Seite, die die einzige offizielle Website von Machu Picchu ist zu lesen.<\/p>\n<\/div><\/div>\n\n\n\n<div style=\"height:60px\" aria-hidden=\"true\" class=\"wp-block-spacer\"><\/div>\n\n\n\n<div class=\"wp-block-group has-background\" style=\"background-color:#e7e7e7\"><div class=\"wp-block-group__inner-container is-layout-flow wp-block-group-is-layout-flow\">\n<p class=\"has-text-align-center\">Wir bieten den&nbsp;<strong>vier verschiedene Wanderungen f\u00fcr Machu Picchu an. \u00dcberpr\u00fcfe sie hier:<\/strong><\/p>\n\n\n\n<div class=\"wp-block-buttons is-horizontal is-content-justification-center is-layout-flex wp-container-core-buttons-is-layout-499968f5 wp-block-buttons-is-layout-flex\">\n<div class=\"wp-block-button\"><a class=\"wp-block-button__link has-background wp-element-button\" href=\"https:\/\/learnspanishinperu.net\/de\/touren-peru\/wanderungen-nach-machu-picchu\/inka-pfad-nach-machu-picchu\/\" style=\"background-color:#008000\">Inca Trail<\/a><\/div>\n\n\n\n<div class=\"wp-block-button\"><a class=\"wp-block-button__link has-background wp-element-button\" href=\"https:\/\/learnspanishinperu.net\/de\/touren-peru\/wanderungen-nach-machu-picchu\/salkantay-trek-nach-machu-picchu\/\" style=\"background-color:#ffa500\">Salkantay trek<\/a><\/div>\n\n\n\n<div class=\"wp-block-button\"><a class=\"wp-block-button__link has-background wp-element-button\" href=\"https:\/\/learnspanishinperu.net\/de\/touren-peru\/wanderungen-nach-machu-picchu\/inka-dschungelpfad-nach-machu-picchu\/\" style=\"background-color:#0000ff\">Inca Jungle trail<\/a><\/div>\n\n\n\n<div class=\"wp-block-button\"><a class=\"wp-block-button__link has-background wp-element-button\" href=\"https:\/\/learnspanishinperu.net\/de\/touren-peru\/wanderungen-nach-machu-picchu\/lares-trek-nach-machu-picchu\/\" style=\"background-color:#a52a2a\">Lares Trek<\/a><\/div>\n<\/div>\n\n\n\n<div style=\"height:30px\" aria-hidden=\"true\" class=\"wp-block-spacer\"><\/div>\n\n\n\n<p class=\"has-text-align-center\">Oder Sie k\u00f6nnen mit dem Zug gehen:<\/p>\n\n\n\n<div class=\"wp-block-buttons is-horizontal is-content-justification-center is-layout-flex wp-container-core-buttons-is-layout-499968f5 wp-block-buttons-is-layout-flex\">\n<div class=\"wp-block-button\"><a class=\"wp-block-button__link has-background wp-element-button\" href=\"https:\/\/learnspanishinperu.net\/de\/touren-peru\/machu-picchu-zug\/\" style=\"background-color:#800080\">Machu Picchu mit dem Zug<\/a><\/div>\n<\/div>\n<\/div><\/div>\n<\/div><\/div>\n\n\n\n<div style=\"height:30px\" aria-hidden=\"true\" class=\"wp-block-spacer\"><\/div>\n","protected":false},"excerpt":{"rendered":"<p>Machu Picchu Zugangsregeln Eintrittspreis Bringen Sie immer ein Original-Ausweis (Reisepass) mit, um die arch\u00e4ologische St\u00e4tte betreten zu k\u00f6nnen. Beim Besuch von Machu Picchu gelten andere Regeln und Einschr\u00e4nkungen. \u00d6ffnungszeiten Machu Picchu ist ab 6 Uhr ge\u00f6ffnet. Ab 17.00 Uhr sind die letzten G\u00e4ste im Innenbereich. Wenn Sie ein Ticket kaufen, m\u00fcssen Sie es f\u00fcr einen&hellip;<\/p>\n<p class=\"more\"><a class=\"more-link\" href=\"https:\/\/learnspanishinperu.net\/de\/faq\/machu-picchu\/\">Continue reading <span class=\"screen-reader-text\">Machu Picchu<\/span><\/a><\/p>\n","protected":false},"author":1,"featured_media":0,"parent":5626,"menu_order":0,"comment_status":"closed","ping_status":"closed","template":"page-templates\/wide.php","meta":{"_coblocks_attr":"","_coblocks_dimensions":"","_coblocks_responsive_height":"","_coblocks_accordion_ie_support":"","footnotes":""},"class_list":["post-5649","page","type-page","status-publish","hentry","entry"],"yoast_head":"<!-- This site is optimized with the Yoast SEO plugin v27.4 - https:\/\/yoast.com\/product\/yoast-seo-wordpress\/ -->\n<title>Machu Picchu Peru Zugangsregeln, Eintritt, \u00d6ffnungszeiten<\/title>\n<meta name=\"description\" content=\"Ihr Besuch in Machu Picchu wird unvergesslich sein. Es gibt jedoch Zugangsregeln und -beschr\u00e4nkungen beim Besuch dieser Inka-Ruine.\" \/>\n<meta name=\"robots\" content=\"index, follow, max-snippet:-1, max-image-preview:large, max-video-preview:-1\" \/>\n<link rel=\"canonical\" href=\"https:\/\/learnspanishinperu.net\/de\/faq\/machu-picchu\/\" \/>\n<meta property=\"og:locale\" content=\"de_DE\" \/>\n<meta property=\"og:type\" content=\"article\" \/>\n<meta property=\"og:title\" content=\"Machu Picchu Peru Zugangsregeln, Eintritt, \u00d6ffnungszeiten\" \/>\n<meta property=\"og:description\" content=\"Ihr Besuch in Machu Picchu wird unvergesslich sein. Es gibt jedoch Zugangsregeln und -beschr\u00e4nkungen beim Besuch dieser Inka-Ruine.\" \/>\n<meta property=\"og:url\" content=\"https:\/\/learnspanishinperu.net\/de\/faq\/machu-picchu\/\" \/>\n<meta property=\"og:site_name\" content=\"Mundo Antiguo\" \/>\n<meta property=\"article:publisher\" content=\"http:\/\/www.facebook.com\/MundoAntiguoSpanishSchool\" \/>\n<meta property=\"article:modified_time\" content=\"2026-02-23T14:53:06+00:00\" \/>\n<meta property=\"og:image\" content=\"https:\/\/learnspanishinperu.net\/wp-content\/uploads\/2015\/11\/Machu-Picchu-11-e1460423571246.jpg\" \/>\n<meta name=\"twitter:card\" content=\"summary_large_image\" \/>\n<meta name=\"twitter:site\" content=\"@MASpanishschool\" \/>\n<meta name=\"twitter:label1\" content=\"Gesch\u00e4tzte Lesezeit\" \/>\n\t<meta name=\"twitter:data1\" content=\"3 Minuten\" \/>\n<!-- \/ Yoast SEO plugin. -->","yoast_head_json":{"title":"Machu Picchu Peru Zugangsregeln, Eintritt, \u00d6ffnungszeiten","description":"Ihr Besuch in Machu Picchu wird unvergesslich sein. Es gibt jedoch Zugangsregeln und -beschr\u00e4nkungen beim Besuch dieser Inka-Ruine.","robots":{"index":"index","follow":"follow","max-snippet":"max-snippet:-1","max-image-preview":"max-image-preview:large","max-video-preview":"max-video-preview:-1"},"canonical":"https:\/\/learnspanishinperu.net\/de\/faq\/machu-picchu\/","og_locale":"de_DE","og_type":"article","og_title":"Machu Picchu Peru Zugangsregeln, Eintritt, \u00d6ffnungszeiten","og_description":"Ihr Besuch in Machu Picchu wird unvergesslich sein. Es gibt jedoch Zugangsregeln und -beschr\u00e4nkungen beim Besuch dieser Inka-Ruine.","og_url":"https:\/\/learnspanishinperu.net\/de\/faq\/machu-picchu\/","og_site_name":"Mundo Antiguo","article_publisher":"http:\/\/www.facebook.com\/MundoAntiguoSpanishSchool","article_modified_time":"2026-02-23T14:53:06+00:00","og_image":[{"url":"https:\/\/learnspanishinperu.net\/wp-content\/uploads\/2015\/11\/Machu-Picchu-11-e1460423571246.jpg","type":"","width":"","height":""}],"twitter_card":"summary_large_image","twitter_site":"@MASpanishschool","twitter_misc":{"Gesch\u00e4tzte Lesezeit":"3 Minuten"},"schema":{"@context":"https:\/\/schema.org","@graph":[{"@type":"WebPage","@id":"https:\/\/learnspanishinperu.net\/de\/faq\/machu-picchu\/","url":"https:\/\/learnspanishinperu.net\/de\/faq\/machu-picchu\/","name":"Machu Picchu Peru Zugangsregeln, Eintritt, \u00d6ffnungszeiten","isPartOf":{"@id":"https:\/\/learnspanishinperu.net\/#website"},"primaryImageOfPage":{"@id":"https:\/\/learnspanishinperu.net\/de\/faq\/machu-picchu\/#primaryimage"},"image":{"@id":"https:\/\/learnspanishinperu.net\/de\/faq\/machu-picchu\/#primaryimage"},"thumbnailUrl":"https:\/\/learnspanishinperu.net\/wp-content\/uploads\/2015\/11\/Machu-Picchu-11-e1460423571246.jpg","datePublished":"2017-07-04T15:58:34+00:00","dateModified":"2026-02-23T14:53:06+00:00","description":"Ihr Besuch in Machu Picchu wird unvergesslich sein. Es gibt jedoch Zugangsregeln und -beschr\u00e4nkungen beim Besuch dieser Inka-Ruine.","breadcrumb":{"@id":"https:\/\/learnspanishinperu.net\/de\/faq\/machu-picchu\/#breadcrumb"},"inLanguage":"de-DE","potentialAction":[{"@type":"ReadAction","target":["https:\/\/learnspanishinperu.net\/de\/faq\/machu-picchu\/"]}]},{"@type":"ImageObject","inLanguage":"de-DE","@id":"https:\/\/learnspanishinperu.net\/de\/faq\/machu-picchu\/#primaryimage","url":"https:\/\/learnspanishinperu.net\/wp-content\/uploads\/2015\/11\/Machu-Picchu-11-e1460423571246.jpg","contentUrl":"https:\/\/learnspanishinperu.net\/wp-content\/uploads\/2015\/11\/Machu-Picchu-11-e1460423571246.jpg"},{"@type":"BreadcrumbList","@id":"https:\/\/learnspanishinperu.net\/de\/faq\/machu-picchu\/#breadcrumb","itemListElement":[{"@type":"ListItem","position":1,"name":"Home","item":"https:\/\/learnspanishinperu.net\/de\/"},{"@type":"ListItem","position":2,"name":"FAQ","item":"https:\/\/learnspanishinperu.net\/de\/faq\/"},{"@type":"ListItem","position":3,"name":"Machu Picchu"}]},{"@type":"WebSite","@id":"https:\/\/learnspanishinperu.net\/#website","url":"https:\/\/learnspanishinperu.net\/","name":"Mundo Antiguo","description":"Spanish school Cusco","publisher":{"@id":"https:\/\/learnspanishinperu.net\/#organization"},"potentialAction":[{"@type":"SearchAction","target":{"@type":"EntryPoint","urlTemplate":"https:\/\/learnspanishinperu.net\/?s={search_term_string}"},"query-input":{"@type":"PropertyValueSpecification","valueRequired":true,"valueName":"search_term_string"}}],"inLanguage":"de-DE"},{"@type":"Organization","@id":"https:\/\/learnspanishinperu.net\/#organization","name":"Mundo Antiguo","url":"https:\/\/learnspanishinperu.net\/","logo":{"@type":"ImageObject","inLanguage":"de-DE","@id":"https:\/\/learnspanishinperu.net\/#\/schema\/logo\/image\/","url":"https:\/\/learnspanishinperu.net\/wp-content\/uploads\/2016\/04\/logo-Spanish-school-Cusco-Peru-e1547820355169.jpg","contentUrl":"https:\/\/learnspanishinperu.net\/wp-content\/uploads\/2016\/04\/logo-Spanish-school-Cusco-Peru-e1547820355169.jpg","width":100,"height":83,"caption":"Mundo Antiguo"},"image":{"@id":"https:\/\/learnspanishinperu.net\/#\/schema\/logo\/image\/"},"sameAs":["http:\/\/www.facebook.com\/MundoAntiguoSpanishSchool","https:\/\/x.com\/MASpanishschool","https:\/\/www.instagram.com\/mundoantiguo_spanishschool\/","https:\/\/www.linkedin.com\/company\/mundo-antiguo-spanish-school","http:\/\/www.pinterest.com\/mundoantiguo\/"]}]}},"_links":{"self":[{"href":"https:\/\/learnspanishinperu.net\/de\/wp-json\/wp\/v2\/pages\/5649","targetHints":{"allow":["GET"]}}],"collection":[{"href":"https:\/\/learnspanishinperu.net\/de\/wp-json\/wp\/v2\/pages"}],"about":[{"href":"https:\/\/learnspanishinperu.net\/de\/wp-json\/wp\/v2\/types\/page"}],"author":[{"embeddable":true,"href":"https:\/\/learnspanishinperu.net\/de\/wp-json\/wp\/v2\/users\/1"}],"replies":[{"embeddable":true,"href":"https:\/\/learnspanishinperu.net\/de\/wp-json\/wp\/v2\/comments?post=5649"}],"version-history":[{"count":15,"href":"https:\/\/learnspanishinperu.net\/de\/wp-json\/wp\/v2\/pages\/5649\/revisions"}],"predecessor-version":[{"id":49420,"href":"https:\/\/learnspanishinperu.net\/de\/wp-json\/wp\/v2\/pages\/5649\/revisions\/49420"}],"up":[{"embeddable":true,"href":"https:\/\/learnspanishinperu.net\/de\/wp-json\/wp\/v2\/pages\/5626"}],"wp:attachment":[{"href":"https:\/\/learnspanishinperu.net\/de\/wp-json\/wp\/v2\/media?parent=5649"}],"curies":[{"name":"wp","href":"https:\/\/api.w.org\/{rel}","templated":true}]}}