{"id":5626,"date":"2015-10-28T21:22:18","date_gmt":"2015-10-29T02:22:18","guid":{"rendered":"https:\/\/learnspanishinperu.net\/faqs\/"},"modified":"2023-08-02T07:55:24","modified_gmt":"2023-08-02T12:55:24","slug":"faq","status":"publish","type":"page","link":"https:\/\/learnspanishinperu.net\/de\/faq\/","title":{"rendered":"FAQ"},"content":{"rendered":"\n<div class=\"wp-block-group\"><div class=\"wp-block-group__inner-container is-layout-flow wp-block-group-is-layout-flow\">\n<div class=\"wp-block-cover alignfull is-light has-parallax mt-0\" style=\"min-height:460px;aspect-ratio:unset;\"><span aria-hidden=\"true\" class=\"wp-block-cover__background has-background-dim-10 has-background-dim\"><\/span><div role=\"img\" class=\"wp-block-cover__image-background wp-image-14065 has-parallax lazyload\" style=\"background-position:50% 50%;background-image:inherit\" data-bg-image=\"url(https:\/\/learnspanishinperu.net\/wp-content\/uploads\/2020\/04\/cusco-wall.jpg)\"><\/div><div class=\"wp-block-cover__inner-container is-layout-flow wp-block-cover-is-layout-flow\">\n<h1 class=\"wp-block-heading has-text-align-center has-white-color has-text-color\" style=\"font-size:60px\"><mark style=\"background-color:rgba(0, 0, 0, 0)\" class=\"has-inline-color has-white-color\">FAQ<\/mark><\/h1>\n\n\n\n<p class=\"has-text-align-center has-white-color has-text-color has-5-xl-font-size\"><em>H\u00e4ufig gestellte Fragen<\/em><\/p>\n<\/div><\/div>\n\n\n\n<div style=\"height:40px\" aria-hidden=\"true\" class=\"wp-block-spacer\"><\/div>\n\n\n\n<blockquote class=\"wp-block-quote is-style-large is-style-plain has-2-xl-font-size is-layout-flow wp-block-quote-is-layout-flow\" style=\"font-style:normal;font-weight:400\">\n<p>Fragen zu Ihrem Aufenthalt in Cusco?<\/p>\n<cite>Jeder, der auf einen anderen Kontinent reist, ist ein bisschen nerv\u00f6s und hat gewisse Fragen oder Zweifel. Vor allem, wenn es zum ersten Mal nach S\u00fcdamerika geht oder wenn es das erste Mal ist, dass Du auf eigene Faust unterwegs bist. Wir verstehen das, weil wir es selbst gemacht haben! Deshalb m\u00f6chten wir alle Fragen beantworten, die Du vielleicht hast. Frag uns einfach alles, was Du vielleicht \u00fcber Aufenthalt in Cusco, \u00fcber das Reisen nach Peru oder irgendwelche anderen Sachen wissen m\u00f6chtest! Aber lies erstmal unsere <strong>FAQ (h\u00e4ufig gestellte Fragen)<\/strong>, denn wer wei\u00df \u2013 vielleicht haben andere dieselbe Frage schon gehabt!<\/cite><\/blockquote>\n\n\n\n<div style=\"height:30px\" aria-hidden=\"true\" class=\"wp-block-spacer\"><\/div>\n\n\n\n<div class=\"wp-block-group has-background\" style=\"background-color:#e7e7e7\"><div class=\"wp-block-group__inner-container is-layout-flow wp-block-group-is-layout-flow\">\n<p><strong>Wir haben unseren FAQ-Abschnitt in sieben verschiedene Fragebereiche aufgeteilt:<\/strong><\/p>\n\n\n\n<ul class=\"is-style-checkbox wp-block-list\">\n<li>Informationen \u00fcber Deine Reise nach Cusco. Tipps f\u00fcr die \u00dcbernachtung in&nbsp;<strong>Lima<\/strong>&nbsp;und&nbsp;<strong>Deine Ankunft in Cusco<\/strong>.&nbsp;Was solltest Du&nbsp;<strong>mitbringen<\/strong>&nbsp;und Informationen \u00fcber&nbsp;<strong>das Klima<\/strong>&nbsp;und&nbsp;<strong>die H\u00f6he<\/strong>.<\/li>\n<\/ul>\n\n\n\n<div class=\"wp-block-buttons is-layout-flex wp-block-buttons-is-layout-flex\">\n<div class=\"wp-block-button\"><a class=\"wp-block-button__link has-background wp-element-button\" href=\"https:\/\/learnspanishinperu.net\/de\/faq\/reiseplanung\/\" style=\"background-color:#008000\">Deine Reiseplanung<\/a><\/div>\n<\/div>\n\n\n\n<div style=\"height:25px\" aria-hidden=\"true\" class=\"wp-block-spacer\"><\/div>\n\n\n\n<ul class=\"is-style-checkbox wp-block-list\">\n<li>Brauche ich ein&nbsp;<strong>Visum f\u00fcr Peru<\/strong>?&nbsp;<strong>Reisepass<\/strong>&nbsp;Visa-Info, Einwanderung.<\/li>\n<\/ul>\n\n\n\n<div class=\"wp-block-buttons is-layout-flex wp-block-buttons-is-layout-flex\">\n<div class=\"wp-block-button\"><a class=\"wp-block-button__link has-background wp-element-button\" href=\"https:\/\/learnspanishinperu.net\/de\/faq\/reisepass\/\" style=\"background-color:#ffa500\">Visum und Reisepass<\/a><\/div>\n<\/div>\n\n\n\n<div style=\"height:25px\" aria-hidden=\"true\" class=\"wp-block-spacer\"><\/div>\n\n\n\n<ul class=\"is-style-checkbox wp-block-list\">\n<li>Informationen \u00fcber&nbsp;<strong>Geld<\/strong>&nbsp;in Peru (peruanische Soles\/US-Dollar), \u00fcber die&nbsp;<strong>essen<\/strong>,&nbsp;<strong>Telefon<\/strong>,&nbsp;<strong>Internet<\/strong>,&nbsp;<strong>Transport<\/strong>&nbsp;in Cusco und&nbsp;<strong>Shopping<\/strong>.<\/li>\n<\/ul>\n\n\n\n<div class=\"wp-block-buttons is-layout-flex wp-block-buttons-is-layout-flex\">\n<div class=\"wp-block-button\"><a class=\"wp-block-button__link has-background wp-element-button\" href=\"https:\/\/learnspanishinperu.net\/de\/faq\/peru\/\" style=\"background-color:#0000ff\">In Peru<\/a><\/div>\n<\/div>\n\n\n\n<div style=\"height:25px\" aria-hidden=\"true\" class=\"wp-block-spacer\"><\/div>\n\n\n\n<ul class=\"is-style-checkbox wp-block-list\">\n<li><strong><\/strong><strong>Sicherheit<\/strong>&nbsp;Fragen in Cusco und Peru im Allgemeinen. Und Informationen \u00fcber&nbsp;<strong><\/strong><strong>Gesundheit<\/strong>&nbsp;Themen wie&nbsp;<strong><\/strong><strong>Impfungen<\/strong>&nbsp;und Krankheiten.<\/li>\n<\/ul>\n\n\n\n<div class=\"wp-block-buttons is-layout-flex wp-block-buttons-is-layout-flex\">\n<div class=\"wp-block-button\"><a class=\"wp-block-button__link has-background wp-element-button\" href=\"https:\/\/learnspanishinperu.net\/de\/faq\/sicherheit-gesundheit\/\" style=\"background-color:#a52a2a\">Sicherheit und Gesundheitsschutz<\/a><\/div>\n<\/div>\n\n\n\n<div style=\"height:25px\" aria-hidden=\"true\" class=\"wp-block-spacer\"><\/div>\n\n\n\n<ul class=\"is-style-checkbox wp-block-list\">\n<li>Alles \u00fcber die&nbsp;<strong>boleto turistico<\/strong>&nbsp;von Cusco,&nbsp;<strong>Touristische Fahrkarte<\/strong>. Das ist der Eintritt zu den Hauptattraktionen in und um Cusco.<\/li>\n<\/ul>\n\n\n\n<div class=\"wp-block-buttons is-layout-flex wp-block-buttons-is-layout-flex\">\n<div class=\"wp-block-button\"><a class=\"wp-block-button__link has-background wp-element-button\" href=\"https:\/\/learnspanishinperu.net\/de\/faq\/boleto-turistico\/\" style=\"background-color:#008000\">Boleto Turistico<\/a><\/div>\n<\/div>\n\n\n\n<div style=\"height:25px\" aria-hidden=\"true\" class=\"wp-block-spacer\"><\/div>\n\n\n\n<ul class=\"is-style-checkbox wp-block-list\">\n<li>Zugriffsregeln zu&nbsp;<strong>Machu Picchu<\/strong>, Eintrittspreise, Verordnungen und Beschr\u00e4nkungen und die \u00d6ffnungszeiten.<\/li>\n<\/ul>\n\n\n\n<div class=\"wp-block-buttons is-layout-flex wp-block-buttons-is-layout-flex\">\n<div class=\"wp-block-button\"><a class=\"wp-block-button__link has-background wp-element-button\" href=\"https:\/\/learnspanishinperu.net\/de\/faq\/machu-picchu\/\" style=\"background-color:#ffa500\">Machu Picchu<\/a><\/div>\n<\/div>\n\n\n\n<div style=\"height:25px\" aria-hidden=\"true\" class=\"wp-block-spacer\"><\/div>\n\n\n\n<ul class=\"is-style-checkbox wp-block-list\">\n<li>Die&nbsp;<strong>Allgemeine Gesch\u00e4ftsbedingungen<\/strong>&nbsp;von mundo Antiguo Spanish School. Sie finden auch Informationen \u00fcber die&nbsp;<strong>Reservierungen<\/strong>&nbsp;und&nbsp;<strong>Zahlungen<\/strong>.<\/li>\n<\/ul>\n\n\n\n<div class=\"wp-block-buttons is-layout-flex wp-block-buttons-is-layout-flex\">\n<div class=\"wp-block-button\"><a class=\"wp-block-button__link has-background wp-element-button\" href=\"https:\/\/learnspanishinperu.net\/de\/faq\/allgemeine-bedingungen\/\" style=\"background-color:#0000ff\">Allgemeine Gesch\u00e4ftsbedingungen Mundo Antiguo<\/a><\/div>\n<\/div>\n\n\n\n<div style=\"height:20px\" aria-hidden=\"true\" class=\"wp-block-spacer\"><\/div>\n<\/div><\/div>\n\n\n\n<div style=\"height:70px\" aria-hidden=\"true\" class=\"wp-block-spacer\"><\/div>\n\n\n\n<figure class=\"wp-block-gallery has-nested-images columns-4 is-cropped wp-block-gallery-1 is-layout-flex wp-block-gallery-is-layout-flex\">\n<figure class=\"wp-block-image size-large\"><img decoding=\"async\" width=\"528\" height=\"960\" data-id=\"16159\" data-src=\"https:\/\/learnspanishinperu.net\/wp-content\/uploads\/2020\/07\/Cusco-Peru-2.jpg\" alt=\"\" class=\"wp-image-16159 lazyload\" data-srcset=\"https:\/\/learnspanishinperu.net\/wp-content\/uploads\/2020\/07\/Cusco-Peru-2.jpg 528w, https:\/\/learnspanishinperu.net\/wp-content\/uploads\/2020\/07\/Cusco-Peru-2-165x300.jpg 165w\" data-sizes=\"(max-width: 528px) 100vw, 528px\" src=\"data:image\/svg+xml;base64,PHN2ZyB3aWR0aD0iMSIgaGVpZ2h0PSIxIiB4bWxucz0iaHR0cDovL3d3dy53My5vcmcvMjAwMC9zdmciPjwvc3ZnPg==\" style=\"--smush-placeholder-width: 528px; --smush-placeholder-aspect-ratio: 528\/960;\" \/><\/figure>\n\n\n\n<figure class=\"wp-block-image size-large\"><img decoding=\"async\" width=\"1024\" height=\"576\" data-id=\"16127\" data-src=\"https:\/\/learnspanishinperu.net\/wp-content\/uploads\/2020\/07\/study-Spanish-in-Cusco-1-1024x576.jpg\" alt=\"\" class=\"wp-image-16127 lazyload\" data-srcset=\"https:\/\/learnspanishinperu.net\/wp-content\/uploads\/2020\/07\/study-Spanish-in-Cusco-1-1024x576.jpg 1024w, https:\/\/learnspanishinperu.net\/wp-content\/uploads\/2020\/07\/study-Spanish-in-Cusco-1-300x169.jpg 300w, https:\/\/learnspanishinperu.net\/wp-content\/uploads\/2020\/07\/study-Spanish-in-Cusco-1-768x432.jpg 768w, https:\/\/learnspanishinperu.net\/wp-content\/uploads\/2020\/07\/study-Spanish-in-Cusco-1-373x210.jpg 373w, https:\/\/learnspanishinperu.net\/wp-content\/uploads\/2020\/07\/study-Spanish-in-Cusco-1.jpg 1032w\" data-sizes=\"(max-width: 1024px) 100vw, 1024px\" src=\"data:image\/svg+xml;base64,PHN2ZyB3aWR0aD0iMSIgaGVpZ2h0PSIxIiB4bWxucz0iaHR0cDovL3d3dy53My5vcmcvMjAwMC9zdmciPjwvc3ZnPg==\" style=\"--smush-placeholder-width: 1024px; --smush-placeholder-aspect-ratio: 1024\/576;\" \/><\/figure>\n\n\n\n<figure class=\"wp-block-image size-large\"><img decoding=\"async\" width=\"1024\" height=\"683\" data-id=\"15641\" data-src=\"https:\/\/learnspanishinperu.net\/wp-content\/uploads\/2020\/07\/qtq80-TDLZyo-1024x683.jpeg\" alt=\"\" class=\"wp-image-15641 lazyload\" data-srcset=\"https:\/\/learnspanishinperu.net\/wp-content\/uploads\/2020\/07\/qtq80-TDLZyo-1024x683.jpeg 1024w, https:\/\/learnspanishinperu.net\/wp-content\/uploads\/2020\/07\/qtq80-TDLZyo-300x200.jpeg 300w, https:\/\/learnspanishinperu.net\/wp-content\/uploads\/2020\/07\/qtq80-TDLZyo-768x512.jpeg 768w, https:\/\/learnspanishinperu.net\/wp-content\/uploads\/2020\/07\/qtq80-TDLZyo-1536x1024.jpeg 1536w, https:\/\/learnspanishinperu.net\/wp-content\/uploads\/2020\/07\/qtq80-TDLZyo-2048x1365.jpeg 2048w\" data-sizes=\"(max-width: 1024px) 100vw, 1024px\" src=\"data:image\/svg+xml;base64,PHN2ZyB3aWR0aD0iMSIgaGVpZ2h0PSIxIiB4bWxucz0iaHR0cDovL3d3dy53My5vcmcvMjAwMC9zdmciPjwvc3ZnPg==\" style=\"--smush-placeholder-width: 1024px; --smush-placeholder-aspect-ratio: 1024\/683;\" \/><\/figure>\n\n\n\n<figure class=\"wp-block-image size-large\"><img decoding=\"async\" width=\"1024\" height=\"768\" data-id=\"14249\" data-src=\"https:\/\/learnspanishinperu.net\/wp-content\/uploads\/2020\/05\/Hikes_Ausangate-3-1024x768.jpg\" alt=\"\" class=\"wp-image-14249 lazyload\" data-srcset=\"https:\/\/learnspanishinperu.net\/wp-content\/uploads\/2020\/05\/Hikes_Ausangate-3-1024x768.jpg 1024w, https:\/\/learnspanishinperu.net\/wp-content\/uploads\/2020\/05\/Hikes_Ausangate-3-300x225.jpg 300w, https:\/\/learnspanishinperu.net\/wp-content\/uploads\/2020\/05\/Hikes_Ausangate-3-768x576.jpg 768w, https:\/\/learnspanishinperu.net\/wp-content\/uploads\/2020\/05\/Hikes_Ausangate-3-1536x1152.jpg 1536w, https:\/\/learnspanishinperu.net\/wp-content\/uploads\/2020\/05\/Hikes_Ausangate-3-2048x1536.jpg 2048w, https:\/\/learnspanishinperu.net\/wp-content\/uploads\/2020\/05\/Hikes_Ausangate-3-1200x900.jpg 1200w, https:\/\/learnspanishinperu.net\/wp-content\/uploads\/2020\/05\/Hikes_Ausangate-3-1980x1485.jpg 1980w\" data-sizes=\"(max-width: 1024px) 100vw, 1024px\" src=\"data:image\/svg+xml;base64,PHN2ZyB3aWR0aD0iMSIgaGVpZ2h0PSIxIiB4bWxucz0iaHR0cDovL3d3dy53My5vcmcvMjAwMC9zdmciPjwvc3ZnPg==\" style=\"--smush-placeholder-width: 1024px; --smush-placeholder-aspect-ratio: 1024\/768;\" \/><\/figure>\n<\/figure>\n\n\n\n<div style=\"height:50px\" aria-hidden=\"true\" class=\"wp-block-spacer\"><\/div>\n\n\n\n<blockquote class=\"wp-block-quote is-style-large is-style-plain has-2-xl-font-size is-layout-flow wp-block-quote-is-layout-flow\" style=\"font-style:normal;font-weight:400\">\n<p>Kontakt<\/p>\n<cite>F\u00fcr dringende Fragen k\u00f6nnen Sie uns 24\/7 erreichen. Bitte schauen Sie sich unsere Kontaktseite f\u00fcr alle relevanten Kontaktinformationen. Auch wenn Sie noch Fragen haben, lassen Sie uns wissen, indem Sie uns eine Nachricht oder e-Mail. Wir helfen Ihnen gerne weiter!<\/cite><\/blockquote>\n<\/div><\/div>\n\n\n\n<div class=\"wp-block-buttons is-horizontal is-content-justification-center is-layout-flex wp-container-core-buttons-is-layout-499968f5 wp-block-buttons-is-layout-flex\">\n<div class=\"wp-block-button\"><a class=\"wp-block-button__link has-background wp-element-button\" href=\"https:\/\/learnspanishinperu.net\/de\/kontakt\/\" style=\"background-color:#a52a2a\">Kontaktiere uns!<\/a><\/div>\n<\/div>\n\n\n\n<div style=\"height:30px\" aria-hidden=\"true\" class=\"wp-block-spacer\"><\/div>\n","protected":false},"excerpt":{"rendered":"<p>Fragen zu Ihrem Aufenthalt in Cusco? Wir haben unseren FAQ-Abschnitt in sieben verschiedene Fragebereiche aufgeteilt: Kontakt<\/p>\n","protected":false},"author":1,"featured_media":0,"parent":0,"menu_order":0,"comment_status":"closed","ping_status":"closed","template":"page-templates\/wide.php","meta":{"_coblocks_attr":"","_coblocks_dimensions":"","_coblocks_responsive_height":"","_coblocks_accordion_ie_support":"","footnotes":""},"class_list":["post-5626","page","type-page","status-publish","hentry","entry"],"yoast_head":"<!-- This site is optimized with the Yoast SEO plugin v27.5 - https:\/\/yoast.com\/product\/yoast-seo-wordpress\/ -->\n<title>FAQ | Spanisch lernen in Peru | Mundo Antiguo Spanischschule<\/title>\n<meta name=\"description\" content=\"FAQ. Informationen zu Ihrem Aufenthalt in Cusco, Machu Picchu. Sicherheits- und Gesundheitsfragen, Klima- und Visafragen.\" \/>\n<meta name=\"robots\" content=\"index, follow, max-snippet:-1, max-image-preview:large, max-video-preview:-1\" \/>\n<link rel=\"canonical\" href=\"https:\/\/learnspanishinperu.net\/de\/faq\/\" \/>\n<meta property=\"og:locale\" content=\"de_DE\" \/>\n<meta property=\"og:type\" content=\"article\" \/>\n<meta property=\"og:title\" content=\"FAQ | Spanisch lernen in Peru | Mundo Antiguo Spanischschule\" \/>\n<meta property=\"og:description\" content=\"FAQ. Informationen zu Ihrem Aufenthalt in Cusco, Machu Picchu. Sicherheits- und Gesundheitsfragen, Klima- und Visafragen.\" \/>\n<meta property=\"og:url\" content=\"https:\/\/learnspanishinperu.net\/de\/faq\/\" \/>\n<meta property=\"og:site_name\" content=\"Mundo Antiguo\" \/>\n<meta property=\"article:publisher\" content=\"http:\/\/www.facebook.com\/MundoAntiguoSpanishSchool\" \/>\n<meta property=\"article:modified_time\" content=\"2023-08-02T12:55:24+00:00\" \/>\n<meta property=\"og:image\" content=\"https:\/\/learnspanishinperu.net\/wp-content\/uploads\/2020\/07\/Cusco-Peru-2.jpg\" \/>\n<meta name=\"twitter:card\" content=\"summary_large_image\" \/>\n<meta name=\"twitter:site\" content=\"@MASpanishschool\" \/>\n<meta name=\"twitter:label1\" content=\"Gesch\u00e4tzte Lesezeit\" \/>\n\t<meta name=\"twitter:data1\" content=\"2 Minuten\" \/>\n<!-- \/ Yoast SEO plugin. -->","yoast_head_json":{"title":"FAQ | Spanisch lernen in Peru | Mundo Antiguo Spanischschule","description":"FAQ. Informationen zu Ihrem Aufenthalt in Cusco, Machu Picchu. Sicherheits- und Gesundheitsfragen, Klima- und Visafragen.","robots":{"index":"index","follow":"follow","max-snippet":"max-snippet:-1","max-image-preview":"max-image-preview:large","max-video-preview":"max-video-preview:-1"},"canonical":"https:\/\/learnspanishinperu.net\/de\/faq\/","og_locale":"de_DE","og_type":"article","og_title":"FAQ | Spanisch lernen in Peru | Mundo Antiguo Spanischschule","og_description":"FAQ. Informationen zu Ihrem Aufenthalt in Cusco, Machu Picchu. Sicherheits- und Gesundheitsfragen, Klima- und Visafragen.","og_url":"https:\/\/learnspanishinperu.net\/de\/faq\/","og_site_name":"Mundo Antiguo","article_publisher":"http:\/\/www.facebook.com\/MundoAntiguoSpanishSchool","article_modified_time":"2023-08-02T12:55:24+00:00","og_image":[{"url":"https:\/\/learnspanishinperu.net\/wp-content\/uploads\/2020\/07\/Cusco-Peru-2.jpg","type":"","width":"","height":""}],"twitter_card":"summary_large_image","twitter_site":"@MASpanishschool","twitter_misc":{"Gesch\u00e4tzte Lesezeit":"2 Minuten"},"schema":{"@context":"https:\/\/schema.org","@graph":[{"@type":"WebPage","@id":"https:\/\/learnspanishinperu.net\/de\/faq\/","url":"https:\/\/learnspanishinperu.net\/de\/faq\/","name":"FAQ | Spanisch lernen in Peru | Mundo Antiguo Spanischschule","isPartOf":{"@id":"https:\/\/learnspanishinperu.net\/#website"},"primaryImageOfPage":{"@id":"https:\/\/learnspanishinperu.net\/de\/faq\/#primaryimage"},"image":{"@id":"https:\/\/learnspanishinperu.net\/de\/faq\/#primaryimage"},"thumbnailUrl":"https:\/\/learnspanishinperu.net\/wp-content\/uploads\/2020\/07\/Cusco-Peru-2.jpg","datePublished":"2015-10-29T02:22:18+00:00","dateModified":"2023-08-02T12:55:24+00:00","description":"FAQ. Informationen zu Ihrem Aufenthalt in Cusco, Machu Picchu. Sicherheits- und Gesundheitsfragen, Klima- und Visafragen.","breadcrumb":{"@id":"https:\/\/learnspanishinperu.net\/de\/faq\/#breadcrumb"},"inLanguage":"de-DE","potentialAction":[{"@type":"ReadAction","target":["https:\/\/learnspanishinperu.net\/de\/faq\/"]}]},{"@type":"ImageObject","inLanguage":"de-DE","@id":"https:\/\/learnspanishinperu.net\/de\/faq\/#primaryimage","url":"https:\/\/learnspanishinperu.net\/wp-content\/uploads\/2020\/07\/Cusco-Peru-2.jpg","contentUrl":"https:\/\/learnspanishinperu.net\/wp-content\/uploads\/2020\/07\/Cusco-Peru-2.jpg"},{"@type":"BreadcrumbList","@id":"https:\/\/learnspanishinperu.net\/de\/faq\/#breadcrumb","itemListElement":[{"@type":"ListItem","position":1,"name":"Home","item":"https:\/\/learnspanishinperu.net\/de\/"},{"@type":"ListItem","position":2,"name":"FAQ"}]},{"@type":"WebSite","@id":"https:\/\/learnspanishinperu.net\/#website","url":"https:\/\/learnspanishinperu.net\/","name":"Mundo Antiguo","description":"Spanish school Cusco","publisher":{"@id":"https:\/\/learnspanishinperu.net\/#organization"},"potentialAction":[{"@type":"SearchAction","target":{"@type":"EntryPoint","urlTemplate":"https:\/\/learnspanishinperu.net\/?s={search_term_string}"},"query-input":{"@type":"PropertyValueSpecification","valueRequired":true,"valueName":"search_term_string"}}],"inLanguage":"de-DE"},{"@type":"Organization","@id":"https:\/\/learnspanishinperu.net\/#organization","name":"Mundo Antiguo","url":"https:\/\/learnspanishinperu.net\/","logo":{"@type":"ImageObject","inLanguage":"de-DE","@id":"https:\/\/learnspanishinperu.net\/#\/schema\/logo\/image\/","url":"https:\/\/learnspanishinperu.net\/wp-content\/uploads\/2016\/04\/logo-Spanish-school-Cusco-Peru-e1547820355169.jpg","contentUrl":"https:\/\/learnspanishinperu.net\/wp-content\/uploads\/2016\/04\/logo-Spanish-school-Cusco-Peru-e1547820355169.jpg","width":100,"height":83,"caption":"Mundo Antiguo"},"image":{"@id":"https:\/\/learnspanishinperu.net\/#\/schema\/logo\/image\/"},"sameAs":["http:\/\/www.facebook.com\/MundoAntiguoSpanishSchool","https:\/\/x.com\/MASpanishschool","https:\/\/www.instagram.com\/mundoantiguo_spanishschool\/","https:\/\/www.linkedin.com\/company\/mundo-antiguo-spanish-school","http:\/\/www.pinterest.com\/mundoantiguo\/"]}]}},"_links":{"self":[{"href":"https:\/\/learnspanishinperu.net\/de\/wp-json\/wp\/v2\/pages\/5626","targetHints":{"allow":["GET"]}}],"collection":[{"href":"https:\/\/learnspanishinperu.net\/de\/wp-json\/wp\/v2\/pages"}],"about":[{"href":"https:\/\/learnspanishinperu.net\/de\/wp-json\/wp\/v2\/types\/page"}],"author":[{"embeddable":true,"href":"https:\/\/learnspanishinperu.net\/de\/wp-json\/wp\/v2\/users\/1"}],"replies":[{"embeddable":true,"href":"https:\/\/learnspanishinperu.net\/de\/wp-json\/wp\/v2\/comments?post=5626"}],"version-history":[{"count":14,"href":"https:\/\/learnspanishinperu.net\/de\/wp-json\/wp\/v2\/pages\/5626\/revisions"}],"predecessor-version":[{"id":44605,"href":"https:\/\/learnspanishinperu.net\/de\/wp-json\/wp\/v2\/pages\/5626\/revisions\/44605"}],"wp:attachment":[{"href":"https:\/\/learnspanishinperu.net\/de\/wp-json\/wp\/v2\/media?parent=5626"}],"curies":[{"name":"wp","href":"https:\/\/api.w.org\/{rel}","templated":true}]}}