{"id":5620,"date":"2015-10-28T20:56:55","date_gmt":"2015-10-29T01:56:55","guid":{"rendered":"https:\/\/learnspanishinperu.net\/unterkunft\/"},"modified":"2023-08-02T10:09:41","modified_gmt":"2023-08-02T15:09:41","slug":"unterkunft","status":"publish","type":"page","link":"https:\/\/learnspanishinperu.net\/de\/unterkunft\/","title":{"rendered":"Unterkunft"},"content":{"rendered":"\n<div class=\"wp-block-group\"><div class=\"wp-block-group__inner-container is-layout-flow wp-block-group-is-layout-flow\">\n<div class=\"wp-block-group\"><div class=\"wp-block-group__inner-container is-layout-flow wp-block-group-is-layout-flow\">\n<div class=\"wp-block-group\"><div class=\"wp-block-group__inner-container is-layout-flow wp-block-group-is-layout-flow\">\n<div class=\"wp-block-cover alignfull is-light has-parallax mt-0\" style=\"min-height:460px;aspect-ratio:unset;\"><span aria-hidden=\"true\" class=\"wp-block-cover__background has-background-dim-30 has-background-dim\"><\/span><div role=\"img\" class=\"wp-block-cover__image-background wp-image-3987 has-parallax lazyload\" style=\"background-position:50% 50%;background-image:inherit\" data-bg-image=\"url(https:\/\/learnspanishinperu.net\/wp-content\/uploads\/2015\/10\/Cusco-2-1.jpg)\"><\/div><div class=\"wp-block-cover__inner-container is-layout-flow wp-block-cover-is-layout-flow\">\n<h1 class=\"wp-block-heading has-text-align-center has-white-color has-text-color\" id=\"unterkunft-in-cusco\" style=\"font-size:60px\">Unterkunft in Cusco<\/h1>\n\n\n\n<p class=\"has-text-align-center has-white-color has-text-color has-5-xl-font-size\"><em>Wir bieten eine Vielzahl von Unterkunftsm\u00f6glichkeiten in Cusco<\/em><\/p>\n<\/div><\/div>\n<\/div><\/div>\n<\/div><\/div>\n<\/div><\/div>\n\n\n\n<div style=\"height:10px\" aria-hidden=\"true\" class=\"wp-block-spacer\"><\/div>\n\n\n\n<blockquote class=\"wp-block-quote is-style-large is-style-plain has-2-xl-font-size is-layout-flow wp-block-quote-is-layout-flow\" style=\"font-style:normal;font-weight:400\">\n<p>Unterkunftsm\u00f6glichkeiten in Cusco<\/p>\n<cite>Nat\u00fcrlich m\u00f6chtest Du den perfekten Ort zum Wohnen f\u00fcr Deinen Aufenthalt in Cusco haben! Bei uns kannst Du zwischen zwei verschiedenen Arten von Unterkunft w\u00e4hlen:<br \/>* Wohnung *<br \/>* Gastfamilie *<\/cite><\/blockquote>\n\n\n\n<div style=\"height:30px\" aria-hidden=\"true\" class=\"wp-block-spacer\"><\/div>\n\n\n\n<div class=\"wp-block-columns coblocks-author-columns has-background is-layout-flex wp-container-core-columns-is-layout-61ecc280 wp-block-columns-is-layout-flex\" style=\"background-color:#8C8C971A;padding-top:2.5rem;padding-right:2.5rem;padding-bottom:2.5rem;padding-left:2.5rem\">\n<div class=\"wp-block-column is-layout-flow wp-block-column-is-layout-flow\" style=\"flex-basis:25%\">\n<figure class=\"wp-block-image size-medium is-style-bottom-wave\"><img decoding=\"async\" width=\"300\" height=\"169\" data-src=\"https:\/\/learnspanishinperu.net\/wp-content\/uploads\/2015\/10\/5-300x169.jpg\" alt=\"\" class=\"wp-image-5233 lazyload\" src=\"data:image\/svg+xml;base64,PHN2ZyB3aWR0aD0iMSIgaGVpZ2h0PSIxIiB4bWxucz0iaHR0cDovL3d3dy53My5vcmcvMjAwMC9zdmciPjwvc3ZnPg==\" style=\"--smush-placeholder-width: 300px; --smush-placeholder-aspect-ratio: 300\/169;\" \/><\/figure>\n<\/div>\n\n\n\n<div class=\"wp-block-column is-layout-flow wp-block-column-is-layout-flow\" style=\"flex-basis:75%\">\n<h2 class=\"wp-block-heading\">WG-Wohnung mit eigenem Zimmer<\/h2>\n\n\n\n<p>Genie\u00dfe Deinen Aufenthalt in Cusco und wohne zusammen mit anderen Sch\u00fclern aus allen Teilen der Welt! Eine gemeinsame Wohnung ist sehr beliebt, weil es sich um eine g\u00fcnstig ist \u2013 und weil Du mit anderen Sch\u00fclern zusammenwohnst, ist der Spa\u00df fast garantiert. Viele langj\u00e4hrige internationale Freundschaften haben hier angefangen!<br \/>Wir haben Wohnung in Cusco in einer ruhigen Gegend, nicht weit vom Stadtzentrum von Cusco und der Schule. Die Wohnungen sind komplett m\u00f6bliert. Das Wohnzimmer hat einen Kabel-Fernseher, DVD-Spieler und einen Essbereich sowie eine komplett ausgestattete K\u00fcche (K\u00fchlschrank, Herd mit Backofen, Mikrowelle, etc). Damit ist es ideal f\u00fcr Leute, die gerne ihre eigenen Mahlzeiten kochen.<\/p>\n\n\n\n<p>Du teilst die Wohnung mit Kolleginnen und Studenten teilen, aber Du hast nat\u00fcrlich Dein eigenes Schlafzimmer. Wohnen in einer WG ist die beliebteste M\u00f6glichkeit f\u00fcr Mittel-und langfristige Aufenthalte in Cusco!<\/p>\n\n\n\n<div class=\"wp-block-buttons is-layout-flex wp-block-buttons-is-layout-flex\">\n<div class=\"wp-block-button is-style-outline is-style-outline--1\"><a class=\"wp-block-button__link has-text-color wp-element-button\" style=\"color:#008000\">Am beliebtesten f\u00fcr l\u00e4ngere Aufenthalte<\/a><\/div>\n<\/div>\n<\/div>\n<\/div>\n\n\n\n<div style=\"height:60px\" aria-hidden=\"true\" class=\"wp-block-spacer\"><\/div>\n\n\n\n<figure class=\"wp-block-gallery has-nested-images columns-4 is-cropped wp-block-gallery-2 is-layout-flex wp-block-gallery-is-layout-flex\">\n<figure class=\"wp-block-image size-large\"><img decoding=\"async\" width=\"1024\" height=\"768\" data-id=\"2854\" data-src=\"https:\/\/learnspanishinperu.net\/wp-content\/uploads\/2015\/10\/20160127_120439-e1459177455806-1024x768.jpg\" alt=\"apartment in Peru\" class=\"wp-image-2854 lazyload\" src=\"data:image\/svg+xml;base64,PHN2ZyB3aWR0aD0iMSIgaGVpZ2h0PSIxIiB4bWxucz0iaHR0cDovL3d3dy53My5vcmcvMjAwMC9zdmciPjwvc3ZnPg==\" style=\"--smush-placeholder-width: 1024px; --smush-placeholder-aspect-ratio: 1024\/768;\" \/><\/figure>\n\n\n\n<figure class=\"wp-block-image size-large\"><img decoding=\"async\" width=\"1024\" height=\"768\" data-id=\"4052\" data-src=\"https:\/\/learnspanishinperu.net\/wp-content\/uploads\/2015\/10\/guest-family-Cusco-1024x768.jpg\" alt=\"Spanish + accommodation\" class=\"wp-image-4052 lazyload\" src=\"data:image\/svg+xml;base64,PHN2ZyB3aWR0aD0iMSIgaGVpZ2h0PSIxIiB4bWxucz0iaHR0cDovL3d3dy53My5vcmcvMjAwMC9zdmciPjwvc3ZnPg==\" style=\"--smush-placeholder-width: 1024px; --smush-placeholder-aspect-ratio: 1024\/768;\" \/><\/figure>\n\n\n\n<figure class=\"wp-block-image size-large\"><img decoding=\"async\" width=\"1024\" height=\"768\" data-id=\"2853\" data-src=\"https:\/\/learnspanishinperu.net\/wp-content\/uploads\/2015\/10\/20160127_123415-1024x768.jpg\" alt=\"apartment in Cusco\" class=\"wp-image-2853 lazyload\" src=\"data:image\/svg+xml;base64,PHN2ZyB3aWR0aD0iMSIgaGVpZ2h0PSIxIiB4bWxucz0iaHR0cDovL3d3dy53My5vcmcvMjAwMC9zdmciPjwvc3ZnPg==\" style=\"--smush-placeholder-width: 1024px; --smush-placeholder-aspect-ratio: 1024\/768;\" \/><\/figure>\n\n\n\n<figure class=\"wp-block-image size-large\"><img decoding=\"async\" width=\"1024\" height=\"768\" data-id=\"15106\" data-src=\"https:\/\/learnspanishinperu.net\/wp-content\/uploads\/2020\/07\/WhatsApp-Image-2020-06-24-at-5.07.34-PM.jpeg\" alt=\"\" class=\"wp-image-15106 lazyload\" data-srcset=\"https:\/\/learnspanishinperu.net\/wp-content\/uploads\/2020\/07\/WhatsApp-Image-2020-06-24-at-5.07.34-PM.jpeg 1024w, https:\/\/learnspanishinperu.net\/wp-content\/uploads\/2020\/07\/WhatsApp-Image-2020-06-24-at-5.07.34-PM-300x225.jpeg 300w, https:\/\/learnspanishinperu.net\/wp-content\/uploads\/2020\/07\/WhatsApp-Image-2020-06-24-at-5.07.34-PM-768x576.jpeg 768w, https:\/\/learnspanishinperu.net\/wp-content\/uploads\/2020\/07\/WhatsApp-Image-2020-06-24-at-5.07.34-PM-373x280.jpeg 373w\" data-sizes=\"(max-width: 1024px) 100vw, 1024px\" src=\"data:image\/svg+xml;base64,PHN2ZyB3aWR0aD0iMSIgaGVpZ2h0PSIxIiB4bWxucz0iaHR0cDovL3d3dy53My5vcmcvMjAwMC9zdmciPjwvc3ZnPg==\" style=\"--smush-placeholder-width: 1024px; --smush-placeholder-aspect-ratio: 1024\/768;\" \/><\/figure>\n<\/figure>\n\n\n\n<div style=\"height:50px\" aria-hidden=\"true\" class=\"wp-block-spacer\"><\/div>\n\n\n\n<div class=\"wp-block-columns coblocks-author-columns has-background is-layout-flex wp-container-core-columns-is-layout-61ecc280 wp-block-columns-is-layout-flex\" style=\"background-color:#8C8C971A;padding-top:2.5rem;padding-right:2.5rem;padding-bottom:2.5rem;padding-left:2.5rem\">\n<div class=\"wp-block-column is-layout-flow wp-block-column-is-layout-flow\" style=\"flex-basis:25%\">\n<figure class=\"wp-block-image size-full is-style-bottom-wave\"><img decoding=\"async\" width=\"250\" height=\"188\" data-src=\"https:\/\/learnspanishinperu.net\/wp-content\/uploads\/2015\/10\/crop-0-0-250-188-0-guest-family-Cusco-e1479507171590.jpg\" alt=\"\" class=\"wp-image-15143 lazyload\" src=\"data:image\/svg+xml;base64,PHN2ZyB3aWR0aD0iMSIgaGVpZ2h0PSIxIiB4bWxucz0iaHR0cDovL3d3dy53My5vcmcvMjAwMC9zdmciPjwvc3ZnPg==\" style=\"--smush-placeholder-width: 250px; --smush-placeholder-aspect-ratio: 250\/188;\" \/><\/figure>\n<\/div>\n\n\n\n<div class=\"wp-block-column is-layout-flow wp-block-column-is-layout-flow\" style=\"flex-basis:75%\">\n<h2 class=\"wp-block-heading\">Gastfamilie in Cusco<\/h2>\n\n\n\n<p>Eine peruanische Gastfamilie ist die beste Art, Spanisch zu \u00fcben und die Kultur Perus kennen zu lernen. Die Gastfamilien, mit denen wir zusammen arbeiten, sind Familien aus der Mittelschicht. Du lernst also das t\u00e4gliche Leben in Peru in einer sch\u00f6nen und sicheren Umgebung aus kennen.<br \/>In den Gastfamilien hast Du Dein eigenes Schlafzimmer und teilst den Rest des Hauses mit deiner peruanischen Familie. Du lebst also zusammen mit den Familienmitgliedern, aber du hast deinen eigenen privaten Bereich. Die meisten Familien sprechen kein Englisch oder nur auf einem sehr grundlegenden Niveau. So wirst Du \u201egezwungen\u201c, Dein Spanisch zu \u00fcben! Dreimal t\u00e4glich kannst Du mit der Familie essen. Aber nat\u00fcrlich kannst Du selbst entscheiden, wohin Du gehst! Ob du mit der Familie isst, ist Deine Entscheidung.<\/p>\n\n\n\n<p>M\u00f6chtest du in einer Familie mit oder ohne Kinder wohnen? St\u00f6rt es Dich, wenn Leute rauchen (nicht, dass viele Peruaner rauchen \u2026), hast Du Allergien, magst keine Haustiere in Deiner Familie, oder bist Du Vegetarier? Sag uns, mit was f\u00fcr einer Familie Du leben willst!<\/p>\n\n\n\n<p>Leben in einer Gastfamilie in Cusco ist die beliebteste Wohnm\u00f6glichkeit f\u00fcr kurz-und mittelfristig Aufenthalte in Cusco (eine Woche bis ca. 2 Monate).<\/p>\n\n\n\n<div class=\"wp-block-buttons is-layout-flex wp-block-buttons-is-layout-flex\">\n<div class=\"wp-block-button is-style-outline is-style-outline--3\"><a class=\"wp-block-button__link has-text-color wp-element-button\" style=\"color:#0000ff\">Am beliebtesten f\u00fcr k\u00fcrzere Aufenthalte<\/a><\/div>\n<\/div>\n<\/div>\n<\/div>\n\n\n\n<div style=\"height:70px\" aria-hidden=\"true\" class=\"wp-block-spacer\"><\/div>\n\n\n\n<div class=\"wp-block-columns coblocks-author-columns has-background is-layout-flex wp-container-core-columns-is-layout-61ecc280 wp-block-columns-is-layout-flex\" style=\"background-color:#8C8C971A;padding-top:2.5rem;padding-right:2.5rem;padding-bottom:2.5rem;padding-left:2.5rem\">\n<div class=\"wp-block-column is-layout-flow wp-block-column-is-layout-flow\" style=\"flex-basis:25%\">\n<figure class=\"wp-block-image size-medium is-style-bottom-wave\"><img decoding=\"async\" width=\"300\" height=\"219\" data-src=\"https:\/\/learnspanishinperu.net\/wp-content\/uploads\/2020\/07\/shared-apartment-cusco-2-300x219.jpg\" alt=\"\" class=\"wp-image-16057 lazyload\" data-srcset=\"https:\/\/learnspanishinperu.net\/wp-content\/uploads\/2020\/07\/shared-apartment-cusco-2-300x219.jpg 300w, https:\/\/learnspanishinperu.net\/wp-content\/uploads\/2020\/07\/shared-apartment-cusco-2-1024x748.jpg 1024w, https:\/\/learnspanishinperu.net\/wp-content\/uploads\/2020\/07\/shared-apartment-cusco-2-768x561.jpg 768w, https:\/\/learnspanishinperu.net\/wp-content\/uploads\/2020\/07\/shared-apartment-cusco-2-1536x1121.jpg 1536w, https:\/\/learnspanishinperu.net\/wp-content\/uploads\/2020\/07\/shared-apartment-cusco-2.jpg 1600w\" data-sizes=\"(max-width: 300px) 100vw, 300px\" src=\"data:image\/svg+xml;base64,PHN2ZyB3aWR0aD0iMSIgaGVpZ2h0PSIxIiB4bWxucz0iaHR0cDovL3d3dy53My5vcmcvMjAwMC9zdmciPjwvc3ZnPg==\" style=\"--smush-placeholder-width: 300px; --smush-placeholder-aspect-ratio: 300\/219;\" \/><\/figure>\n<\/div>\n\n\n\n<div class=\"wp-block-column is-layout-flow wp-block-column-is-layout-flow\" style=\"flex-basis:75%\">\n<h2 class=\"wp-block-heading\">Stell Dir Deine eigene Unterkunft zusammen!<\/h2>\n\n\n\n<p>Du kannst Dich auch daf\u00fcr entscheiden, zwei Arten von Unterkunft zu kombinieren! Vor allem, wenn Du f\u00fcr eine l\u00e4ngere Zeit in Cusco bist, kann das interessant sein. Zum Beispiel wohnst Du zuerst in einem Gastfamilien f\u00fcr ein paar Wochen, w\u00e4hrend du Spanisch an der Schule lernst. Und danach ziehst du in ein Wohnung um, f\u00fcr den Rest deiner Zeit hier. Frag uns einfach, wir haben viele M\u00f6glichkeiten um die perfekte Unterkunft in Cusco zu finden!<\/p>\n\n\n\n<div class=\"wp-block-buttons is-layout-flex wp-block-buttons-is-layout-flex\">\n<div class=\"wp-block-button is-style-outline is-style-outline--4\"><a class=\"wp-block-button__link has-text-color wp-element-button\" style=\"color:#a52a2a\">Kombinieren!<\/a><\/div>\n<\/div>\n<\/div>\n<\/div>\n\n\n\n<div style=\"height:30px\" aria-hidden=\"true\" class=\"wp-block-spacer\"><\/div>\n\n\n\n<blockquote class=\"wp-block-quote is-style-large is-style-plain has-2-xl-font-size is-layout-flow wp-block-quote-is-layout-flow\" style=\"font-style:normal;font-weight:400\">\n<p>ABHOLUNG<\/p>\n<cite>Wenn Sie f\u00fcr mindestens 1 Woche eine Unterkunft bei uns buchen, holen wir Sie kostenlos am Flughafen von Cusco ab! Ein Mitarbeiter von Mundo Antiguo erwartet Sie am Flughafen mit einem Schild mit Ihrem Namen. Er oder sie bringt Sie zu Ihrer Unterkunft und stellt Sie dort vor.<\/cite><\/blockquote>\n\n\n\n<div class=\"wp-block-group\"><div class=\"wp-block-group__inner-container is-layout-flow wp-block-group-is-layout-flow\">\n<div class=\"wp-block-group\"><div class=\"wp-block-group__inner-container is-layout-flow wp-block-group-is-layout-flow\">\n<div class=\"wp-block-group\"><div class=\"wp-block-group__inner-container is-layout-flow wp-block-group-is-layout-flow\">\n<div style=\"height:20px\" aria-hidden=\"true\" class=\"wp-block-spacer\"><\/div>\n<\/div><\/div>\n<\/div><\/div>\n<\/div><\/div>\n\n\n\n<div class=\"wp-block-buttons is-horizontal is-content-justification-center is-layout-flex wp-container-core-buttons-is-layout-499968f5 wp-block-buttons-is-layout-flex\">\n<div class=\"wp-block-button\"><a class=\"wp-block-button__link has-background wp-element-button\" href=\"https:\/\/learnspanishinperu.net\/de\/programme\/\" style=\"background-color:#008000\">Spanische Programme<\/a><\/div>\n\n\n\n<div class=\"wp-block-button\"><a class=\"wp-block-button__link has-background wp-element-button\" href=\"https:\/\/learnspanishinperu.net\/de\/dienstleistungen\/\" style=\"background-color:#ffa500\">Dienstleistungen \u00dcberblick<\/a><\/div>\n\n\n\n<div class=\"wp-block-button\"><a class=\"wp-block-button__link has-background wp-element-button\" href=\"https:\/\/learnspanishinperu.net\/de\/touren-peru\/\" style=\"background-color:#0000ff\">Touren in Peru<\/a><\/div>\n\n\n\n<div class=\"wp-block-button\"><a class=\"wp-block-button__link has-background wp-element-button\" href=\"https:\/\/learnspanishinperu.net\/de\/freiwilligenarbeit\/\" style=\"background-color:#a52a2a\">Freiwilligenarbeit<\/a><\/div>\n\n\n\n<div class=\"wp-block-button\"><a class=\"wp-block-button__link has-background wp-element-button\" href=\"https:\/\/learnspanishinperu.net\/de\/preise\/\" style=\"background-color:#800080\">Preise<\/a><\/div>\n<\/div>\n\n\n\n<div style=\"height:30px\" aria-hidden=\"true\" class=\"wp-block-spacer\"><\/div>\n","protected":false},"excerpt":{"rendered":"<p>Unterkunftsm\u00f6glichkeiten in Cusco Nat\u00fcrlich m\u00f6chtest Du den perfekten Ort zum Wohnen f\u00fcr Deinen Aufenthalt in Cusco haben! Bei uns kannst Du zwischen zwei verschiedenen Arten von Unterkunft w\u00e4hlen:* Wohnung ** Gastfamilie * WG-Wohnung mit eigenem Zimmer Genie\u00dfe Deinen Aufenthalt in Cusco und wohne zusammen mit anderen Sch\u00fclern aus allen Teilen der Welt! Eine gemeinsame Wohnung&hellip;<\/p>\n<p class=\"more\"><a class=\"more-link\" href=\"https:\/\/learnspanishinperu.net\/de\/unterkunft\/\">Continue reading <span class=\"screen-reader-text\">Unterkunft<\/span><\/a><\/p>\n","protected":false},"author":1,"featured_media":0,"parent":0,"menu_order":0,"comment_status":"closed","ping_status":"closed","template":"page-templates\/wide.php","meta":{"_coblocks_attr":"","_coblocks_dimensions":"","_coblocks_responsive_height":"","_coblocks_accordion_ie_support":"","footnotes":""},"class_list":["post-5620","page","type-page","status-publish","hentry","entry"],"yoast_head":"<!-- This site is optimized with the Yoast SEO plugin v27.5 - https:\/\/yoast.com\/product\/yoast-seo-wordpress\/ -->\n<title>Unterkunft in Cusco: Gastfamilienaufenthalt, Wohnung in Peru<\/title>\n<meta name=\"description\" content=\"Unterkunf in einer einheimischen Gastfamilie oder \u00fcbernachten Sie in einer Wohngemeinschaft mit eigenem Schlafzimmer in Cusco Peru!\" \/>\n<meta name=\"robots\" content=\"index, follow, max-snippet:-1, max-image-preview:large, max-video-preview:-1\" \/>\n<link rel=\"canonical\" href=\"https:\/\/learnspanishinperu.net\/de\/unterkunft\/\" \/>\n<meta property=\"og:locale\" content=\"de_DE\" \/>\n<meta property=\"og:type\" content=\"article\" \/>\n<meta property=\"og:title\" content=\"Unterkunft in Cusco: Gastfamilienaufenthalt, Wohnung in Peru\" \/>\n<meta property=\"og:description\" content=\"Unterkunf in einer einheimischen Gastfamilie oder \u00fcbernachten Sie in einer Wohngemeinschaft mit eigenem Schlafzimmer in Cusco Peru!\" \/>\n<meta property=\"og:url\" content=\"https:\/\/learnspanishinperu.net\/de\/unterkunft\/\" \/>\n<meta property=\"og:site_name\" content=\"Mundo Antiguo\" \/>\n<meta property=\"article:publisher\" content=\"http:\/\/www.facebook.com\/MundoAntiguoSpanishSchool\" \/>\n<meta property=\"article:modified_time\" content=\"2023-08-02T15:09:41+00:00\" \/>\n<meta property=\"og:image\" content=\"https:\/\/learnspanishinperu.net\/wp-content\/uploads\/2015\/10\/5-300x169.jpg\" \/>\n<meta name=\"twitter:card\" content=\"summary_large_image\" \/>\n<meta name=\"twitter:site\" content=\"@MASpanishschool\" \/>\n<meta name=\"twitter:label1\" content=\"Gesch\u00e4tzte Lesezeit\" \/>\n\t<meta name=\"twitter:data1\" content=\"4 Minuten\" \/>\n<!-- \/ Yoast SEO plugin. -->","yoast_head_json":{"title":"Unterkunft in Cusco: Gastfamilienaufenthalt, Wohnung in Peru","description":"Unterkunf in einer einheimischen Gastfamilie oder \u00fcbernachten Sie in einer Wohngemeinschaft mit eigenem Schlafzimmer in Cusco Peru!","robots":{"index":"index","follow":"follow","max-snippet":"max-snippet:-1","max-image-preview":"max-image-preview:large","max-video-preview":"max-video-preview:-1"},"canonical":"https:\/\/learnspanishinperu.net\/de\/unterkunft\/","og_locale":"de_DE","og_type":"article","og_title":"Unterkunft in Cusco: Gastfamilienaufenthalt, Wohnung in Peru","og_description":"Unterkunf in einer einheimischen Gastfamilie oder \u00fcbernachten Sie in einer Wohngemeinschaft mit eigenem Schlafzimmer in Cusco Peru!","og_url":"https:\/\/learnspanishinperu.net\/de\/unterkunft\/","og_site_name":"Mundo Antiguo","article_publisher":"http:\/\/www.facebook.com\/MundoAntiguoSpanishSchool","article_modified_time":"2023-08-02T15:09:41+00:00","og_image":[{"url":"https:\/\/learnspanishinperu.net\/wp-content\/uploads\/2015\/10\/5-300x169.jpg","type":"","width":"","height":""}],"twitter_card":"summary_large_image","twitter_site":"@MASpanishschool","twitter_misc":{"Gesch\u00e4tzte Lesezeit":"4 Minuten"},"schema":{"@context":"https:\/\/schema.org","@graph":[{"@type":"WebPage","@id":"https:\/\/learnspanishinperu.net\/de\/unterkunft\/","url":"https:\/\/learnspanishinperu.net\/de\/unterkunft\/","name":"Unterkunft in Cusco: Gastfamilienaufenthalt, Wohnung in Peru","isPartOf":{"@id":"https:\/\/learnspanishinperu.net\/#website"},"primaryImageOfPage":{"@id":"https:\/\/learnspanishinperu.net\/de\/unterkunft\/#primaryimage"},"image":{"@id":"https:\/\/learnspanishinperu.net\/de\/unterkunft\/#primaryimage"},"thumbnailUrl":"https:\/\/learnspanishinperu.net\/wp-content\/uploads\/2015\/10\/5-300x169.jpg","datePublished":"2015-10-29T01:56:55+00:00","dateModified":"2023-08-02T15:09:41+00:00","description":"Unterkunf in einer einheimischen Gastfamilie oder \u00fcbernachten Sie in einer Wohngemeinschaft mit eigenem Schlafzimmer in Cusco Peru!","breadcrumb":{"@id":"https:\/\/learnspanishinperu.net\/de\/unterkunft\/#breadcrumb"},"inLanguage":"de-DE","potentialAction":[{"@type":"ReadAction","target":["https:\/\/learnspanishinperu.net\/de\/unterkunft\/"]}]},{"@type":"ImageObject","inLanguage":"de-DE","@id":"https:\/\/learnspanishinperu.net\/de\/unterkunft\/#primaryimage","url":"https:\/\/learnspanishinperu.net\/wp-content\/uploads\/2015\/10\/5-300x169.jpg","contentUrl":"https:\/\/learnspanishinperu.net\/wp-content\/uploads\/2015\/10\/5-300x169.jpg"},{"@type":"BreadcrumbList","@id":"https:\/\/learnspanishinperu.net\/de\/unterkunft\/#breadcrumb","itemListElement":[{"@type":"ListItem","position":1,"name":"Home","item":"https:\/\/learnspanishinperu.net\/de\/"},{"@type":"ListItem","position":2,"name":"Unterkunft"}]},{"@type":"WebSite","@id":"https:\/\/learnspanishinperu.net\/#website","url":"https:\/\/learnspanishinperu.net\/","name":"Mundo Antiguo","description":"Spanish school Cusco","publisher":{"@id":"https:\/\/learnspanishinperu.net\/#organization"},"potentialAction":[{"@type":"SearchAction","target":{"@type":"EntryPoint","urlTemplate":"https:\/\/learnspanishinperu.net\/?s={search_term_string}"},"query-input":{"@type":"PropertyValueSpecification","valueRequired":true,"valueName":"search_term_string"}}],"inLanguage":"de-DE"},{"@type":"Organization","@id":"https:\/\/learnspanishinperu.net\/#organization","name":"Mundo Antiguo","url":"https:\/\/learnspanishinperu.net\/","logo":{"@type":"ImageObject","inLanguage":"de-DE","@id":"https:\/\/learnspanishinperu.net\/#\/schema\/logo\/image\/","url":"https:\/\/learnspanishinperu.net\/wp-content\/uploads\/2016\/04\/logo-Spanish-school-Cusco-Peru-e1547820355169.jpg","contentUrl":"https:\/\/learnspanishinperu.net\/wp-content\/uploads\/2016\/04\/logo-Spanish-school-Cusco-Peru-e1547820355169.jpg","width":100,"height":83,"caption":"Mundo Antiguo"},"image":{"@id":"https:\/\/learnspanishinperu.net\/#\/schema\/logo\/image\/"},"sameAs":["http:\/\/www.facebook.com\/MundoAntiguoSpanishSchool","https:\/\/x.com\/MASpanishschool","https:\/\/www.instagram.com\/mundoantiguo_spanishschool\/","https:\/\/www.linkedin.com\/company\/mundo-antiguo-spanish-school","http:\/\/www.pinterest.com\/mundoantiguo\/"]}]}},"_links":{"self":[{"href":"https:\/\/learnspanishinperu.net\/de\/wp-json\/wp\/v2\/pages\/5620","targetHints":{"allow":["GET"]}}],"collection":[{"href":"https:\/\/learnspanishinperu.net\/de\/wp-json\/wp\/v2\/pages"}],"about":[{"href":"https:\/\/learnspanishinperu.net\/de\/wp-json\/wp\/v2\/types\/page"}],"author":[{"embeddable":true,"href":"https:\/\/learnspanishinperu.net\/de\/wp-json\/wp\/v2\/users\/1"}],"replies":[{"embeddable":true,"href":"https:\/\/learnspanishinperu.net\/de\/wp-json\/wp\/v2\/comments?post=5620"}],"version-history":[{"count":19,"href":"https:\/\/learnspanishinperu.net\/de\/wp-json\/wp\/v2\/pages\/5620\/revisions"}],"predecessor-version":[{"id":44716,"href":"https:\/\/learnspanishinperu.net\/de\/wp-json\/wp\/v2\/pages\/5620\/revisions\/44716"}],"wp:attachment":[{"href":"https:\/\/learnspanishinperu.net\/de\/wp-json\/wp\/v2\/media?parent=5620"}],"curies":[{"name":"wp","href":"https:\/\/api.w.org\/{rel}","templated":true}]}}