{"id":49473,"date":"2026-03-11T18:03:41","date_gmt":"2026-03-11T23:03:41","guid":{"rendered":"https:\/\/learnspanishinperu.net\/?page_id=49473"},"modified":"2026-03-12T08:17:18","modified_gmt":"2026-03-12T13:17:18","slug":"akkreditierungen-und-zertifizierungen","status":"publish","type":"page","link":"https:\/\/learnspanishinperu.net\/de\/spanischschule\/akkreditierungen-und-zertifizierungen\/","title":{"rendered":"Akkreditierungen und Zertifizierungen"},"content":{"rendered":"\n<div class=\"wp-block-group\"><div class=\"wp-block-group__inner-container is-layout-flow wp-block-group-is-layout-flow\">\n<div class=\"wp-block-cover alignfull has-parallax\" style=\"min-height:460px;aspect-ratio:unset;\"><div class=\"wp-block-cover__image-background wp-image-20292 size-full has-parallax lazyload\" style=\"background-position:50% 50%;background-image:inherit\" data-bg-image=\"url(https:\/\/learnspanishinperu.net\/wp-content\/uploads\/2021\/05\/qtq80-BevIVs.jpeg)\"><\/div><span aria-hidden=\"true\" class=\"wp-block-cover__background has-background-dim-10 has-background-dim\" style=\"background-color:#716051\"><\/span><div class=\"wp-block-cover__inner-container is-layout-flow wp-block-cover-is-layout-flow\">\n<h1 class=\"wp-block-heading has-text-align-center has-white-color has-text-color\" id=\"methodology\" style=\"font-size:60px\"><mark style=\"background-color:rgba(0, 0, 0, 0)\" class=\"has-inline-color has-white-color\">Akkreditierungen und Zertifizierungen<\/mark><\/h1>\n\n\n\n<p class=\"has-text-align-center has-white-color has-text-color has-5-xl-font-size\"><em>Mundo Antiguo Cusco Peru <\/em><\/p>\n<\/div><\/div>\n\n\n\n<div style=\"height:30px\" aria-hidden=\"true\" class=\"wp-block-spacer\"><\/div>\n\n\n\n<blockquote class=\"wp-block-quote is-style-large is-style-plain has-2-xl-font-size is-layout-flow wp-block-quote-is-layout-flow\" style=\"font-style:normal;font-weight:400\">\n<p>Akkreditierungen und Zertifizierungen<\/p>\n<cite>Wir haben eine klare Vision f\u00fcr die Sprachausbildung. Im Unterricht legen wir Wert auf h\u00f6chste Qualit\u00e4t und die besten verf\u00fcgbaren Lehrkr\u00e4fte, damit Sie Ihre Lernziele schnellstm\u00f6glich erreichen. Au\u00dferhalb des Unterrichts erwartet Sie eine lockere, freundliche und internationale Atmosph\u00e4re mit vielen M\u00f6glichkeiten zum Kn\u00fcpfen neuer Kontakte \u2013 f\u00fcr einen unvergesslichen Aufenthalt in Cusco. Um die hohe Qualit\u00e4t von Unterricht und Lehrkr\u00e4ften zu gew\u00e4hrleisten, erf\u00fcllt Mundo Antiguo die strengen Qualit\u00e4tsstandards lokaler, nationaler und internationaler Organisationen.<\/cite><\/blockquote>\n\n\n\n<div style=\"height:10px\" aria-hidden=\"true\" class=\"wp-block-spacer\"><\/div>\n\n\n\n<div class=\"wp-block-group alignwide has-background\" style=\"background-color:#e7e7e7\"><div class=\"wp-block-group__inner-container is-layout-flow wp-block-group-is-layout-flow\">\n<h2 class=\"wp-block-heading has-text-align-center\" id=\"mundo-antiguo-spanish-school\">Wichtige Fakten<\/h2>\n\n\n<div class=\"wp-block-image is-style-default\">\n<figure class=\"alignright size-medium\"><a href=\"https:\/\/learnspanishinperu.net\/wp-content\/uploads\/2021\/05\/qtq80-qGGYQF.jpeg\"><img decoding=\"async\" width=\"300\" height=\"200\" data-src=\"https:\/\/learnspanishinperu.net\/wp-content\/uploads\/2021\/05\/qtq80-qGGYQF-300x200.jpeg\" alt=\"\" class=\"wp-image-20262 lazyload\" title=\"Mundo Antiguo\" data-srcset=\"https:\/\/learnspanishinperu.net\/wp-content\/uploads\/2021\/05\/qtq80-qGGYQF-300x200.jpeg 300w, https:\/\/learnspanishinperu.net\/wp-content\/uploads\/2021\/05\/qtq80-qGGYQF-1024x683.jpeg 1024w, https:\/\/learnspanishinperu.net\/wp-content\/uploads\/2021\/05\/qtq80-qGGYQF-768x512.jpeg 768w, https:\/\/learnspanishinperu.net\/wp-content\/uploads\/2021\/05\/qtq80-qGGYQF-1536x1024.jpeg 1536w, https:\/\/learnspanishinperu.net\/wp-content\/uploads\/2021\/05\/qtq80-qGGYQF-2048x1365.jpeg 2048w\" data-sizes=\"(max-width: 300px) 100vw, 300px\" src=\"data:image\/svg+xml;base64,PHN2ZyB3aWR0aD0iMSIgaGVpZ2h0PSIxIiB4bWxucz0iaHR0cDovL3d3dy53My5vcmcvMjAwMC9zdmciPjwvc3ZnPg==\" style=\"--smush-placeholder-width: 300px; --smush-placeholder-aspect-ratio: 300\/200;\" \/><\/a><\/figure>\n<\/div>\n\n\n<ol class=\"wp-block-list\">\n<li>Unsere akademische Leiterin besitzt einen <strong>Master-Abschluss<\/strong> in Bilingualer und Interkultureller P\u00e4dagogik sowie fortgeschrittene <strong>Zertifizierungen<\/strong> im Bereich Spanisch als Fremdsprache <strong>(ELE)<\/strong>.<\/li>\n\n\n\n<li>Alle unsere Lehrkr\u00e4fte sind von <strong>ELE Internacional<\/strong>, einer von der Universidad Europea Miguel de Cervantes (Spanien) akademisch unterst\u00fctzten Institution, offiziell zertifiziert.<\/li>\n\n\n\n<li>Unser Lehrteam verf\u00fcgt \u00fcber mindestens f\u00fcnf Jahre, im Durchschnitt \u00fcber <strong>neun Jahre Erfahrung<\/strong> im Unterrichten von Spanisch als Fremdsprache.<\/li>\n\n\n\n<li>Wir sind vom <strong>peruanischen Bildungsministerium anerkannt<\/strong>.<\/li>\n\n\n\n<li>Wir sind von der Stadtverwaltung Cusco als <strong>Sprach- und Kulturbildungszentrum offiziell lizenziert<\/strong>.<\/li>\n\n\n\n<li>Um die <strong>Sicherheit<\/strong> unserer Mitarbeiter und Sch\u00fcler zu gew\u00e4hrleisten, erf\u00fcllen wir alle erforderlichen Bau- und Gemeindevorschriften.<\/li>\n<\/ol>\n<\/div><\/div>\n\n\n\n<div style=\"height:60px\" aria-hidden=\"true\" class=\"wp-block-spacer\"><\/div>\n\n\n\n<div class=\"wp-block-group has-background\" style=\"background-color:#e7e7e7\"><div class=\"wp-block-group__inner-container is-layout-flow wp-block-group-is-layout-flow\">\n<h3 class=\"wp-block-heading has-text-align-center\" id=\"methodology\">Internationale Standards<\/h3>\n\n\n<div class=\"wp-block-image is-style-default\">\n<figure class=\"alignright size-medium\"><a href=\"https:\/\/learnspanishinperu.net\/wp-content\/uploads\/2013\/02\/180-x-150-doorzichtig-1-e1479503635712.png\"><img decoding=\"async\" width=\"300\" height=\"250\" data-src=\"https:\/\/learnspanishinperu.net\/wp-content\/uploads\/2013\/02\/180-x-150-doorzichtig-1-300x250.png\" alt=\"\" class=\"wp-image-4049 lazyload\" title=\"methodology Spanish\" src=\"data:image\/svg+xml;base64,PHN2ZyB3aWR0aD0iMSIgaGVpZ2h0PSIxIiB4bWxucz0iaHR0cDovL3d3dy53My5vcmcvMjAwMC9zdmciPjwvc3ZnPg==\" style=\"--smush-placeholder-width: 300px; --smush-placeholder-aspect-ratio: 300\/250;\" \/><\/a><\/figure>\n<\/div>\n\n\n<p>&#x1f449; Bei Mundo Antiguo nehmen wir Ihren Lernfortschritt ernst. Unser Lehrplan orientiert sich strikt am <strong>Gemeinsamen Europ\u00e4ischen Referenzrahmen f\u00fcr Sprachen (GER)<\/strong>. So stellen wir sicher, dass Ihr Lernprozess strukturiert, messbar und weltweit anerkannt ist \u2013 vom absoluten Anf\u00e4nger (A1) bis hin zu nahezu muttersprachlichen Kenntnissen (C2).<\/p>\n\n\n\n<p>&#x1f449; Mundo Antiguo kooperiert mit <strong>US-amerikanischen High Schools und Bildungseinrichtungen<\/strong>, die betreute <strong>Sommerprogramme<\/strong> in Peru anbieten. Im Rahmen dieser Programme bieten wir strukturierten Spanischunterricht an, der auf die von den teilnehmenden Schulen festgelegten akademischen Standards und Lernziele abgestimmt ist.<\/p>\n\n\n\n<p>Alle Kurse werden von <strong>zertifizierten und erfahrenen Spanischlehrkr\u00e4ften<\/strong> unter der akademischen Leitung unseres Akademischen Direktors durchgef\u00fchrt. Die Programme umfassen eine Einstufungspr\u00fcfung, definierte Lernziele, strukturierte Unterrichtsplanung und fortlaufende Evaluation, um messbare Fortschritte zu gew\u00e4hrleisten.<\/p>\n\n\n\n<p><strong>Akademische Leistungspunkte<\/strong> werden, sofern zutreffend, von der teilnehmenden US-amerikanischen High School oder der jeweiligen Bildungseinrichtung vergeben. Mundo Antiguo fungiert als lokaler Anbieter von akademischem Unterricht und vermittelt den Spanischunterricht gem\u00e4\u00df den Lehrplanvorgaben der jeweiligen Einrichtung.\u00a0<\/p>\n\n\n\n<p>Durch diese Kooperation profitieren die Studierenden von einem intensiven, akademisch begleiteten Spanischunterricht und erwerben gleichzeitig Studienpunkte an ihrer Heimathochschule.<\/p>\n\n\n\n<p>&#x1f449; Mundo Antiguo bietet Spanischkurse f\u00fcr Studierende an, die an <strong>Auslandssemesterprogrammen<\/strong> in Cusco teilnehmen. Diese Programme sind Teil akkreditierter Auslandsstudienprogramme US-amerikanischer Universit\u00e4ten, in deren Rahmen die Studierenden akademische Leistungspunkte erhalten.<\/p>\n\n\n\n<p>&#x1f449; Wir organisieren Spanischkurse und akademische Praktika f\u00fcr Studierende <strong>niederl\u00e4ndischer Universit\u00e4ten<\/strong> und Fachhochschulen.\u00a0<\/p>\n<\/div><\/div>\n\n\n\n<div style=\"height:50px\" aria-hidden=\"true\" class=\"wp-block-spacer\"><\/div>\n\n\n\n<figure class=\"wp-block-gallery has-nested-images columns-4 is-cropped coblocks-animate wp-block-gallery-1 is-layout-flex wp-block-gallery-is-layout-flex\" data-coblocks-animation=\"clipVertical\">\n<figure class=\"wp-block-image size-large\"><img decoding=\"async\" width=\"1024\" height=\"576\" data-id=\"2580\" data-src=\"https:\/\/learnspanishinperu.net\/wp-content\/uploads\/2015\/10\/spanish-course-method-1024x576.jpg\" alt=\"spanish course method\" class=\"wp-image-2580 lazyload\" src=\"data:image\/svg+xml;base64,PHN2ZyB3aWR0aD0iMSIgaGVpZ2h0PSIxIiB4bWxucz0iaHR0cDovL3d3dy53My5vcmcvMjAwMC9zdmciPjwvc3ZnPg==\" style=\"--smush-placeholder-width: 1024px; --smush-placeholder-aspect-ratio: 1024\/576;\" \/><\/figure>\n\n\n\n<figure class=\"wp-block-image size-large\"><img decoding=\"async\" width=\"1024\" height=\"683\" data-id=\"3901\" data-src=\"https:\/\/learnspanishinperu.net\/wp-content\/uploads\/2016\/10\/160701-fotos-website-koen-082-1024x683.jpg\" alt=\"Spanish program\" class=\"wp-image-3901 lazyload\" src=\"data:image\/svg+xml;base64,PHN2ZyB3aWR0aD0iMSIgaGVpZ2h0PSIxIiB4bWxucz0iaHR0cDovL3d3dy53My5vcmcvMjAwMC9zdmciPjwvc3ZnPg==\" style=\"--smush-placeholder-width: 1024px; --smush-placeholder-aspect-ratio: 1024\/683;\" \/><\/figure>\n\n\n\n<figure class=\"wp-block-image size-large\"><img decoding=\"async\" width=\"1024\" height=\"683\" data-id=\"16320\" data-src=\"https:\/\/learnspanishinperu.net\/wp-content\/uploads\/2020\/07\/Group-lessons-Spanish-Cusco-1024x683.jpg\" alt=\"\" class=\"wp-image-16320 lazyload\" data-srcset=\"https:\/\/learnspanishinperu.net\/wp-content\/uploads\/2020\/07\/Group-lessons-Spanish-Cusco-1024x683.jpg 1024w, https:\/\/learnspanishinperu.net\/wp-content\/uploads\/2020\/07\/Group-lessons-Spanish-Cusco-300x200.jpg 300w, https:\/\/learnspanishinperu.net\/wp-content\/uploads\/2020\/07\/Group-lessons-Spanish-Cusco-768x512.jpg 768w, https:\/\/learnspanishinperu.net\/wp-content\/uploads\/2020\/07\/Group-lessons-Spanish-Cusco-1536x1024.jpg 1536w, https:\/\/learnspanishinperu.net\/wp-content\/uploads\/2020\/07\/Group-lessons-Spanish-Cusco-2048x1365.jpg 2048w\" data-sizes=\"(max-width: 1024px) 100vw, 1024px\" src=\"data:image\/svg+xml;base64,PHN2ZyB3aWR0aD0iMSIgaGVpZ2h0PSIxIiB4bWxucz0iaHR0cDovL3d3dy53My5vcmcvMjAwMC9zdmciPjwvc3ZnPg==\" style=\"--smush-placeholder-width: 1024px; --smush-placeholder-aspect-ratio: 1024\/683;\" \/><\/figure>\n\n\n\n<figure class=\"wp-block-image size-large\"><img decoding=\"async\" width=\"300\" height=\"225\" data-id=\"3376\" data-src=\"https:\/\/learnspanishinperu.net\/wp-content\/uploads\/2015\/10\/IMG_1853-e1479424400632.jpg\" alt=\"Spanish course Peru\" class=\"wp-image-3376 lazyload\" src=\"data:image\/svg+xml;base64,PHN2ZyB3aWR0aD0iMSIgaGVpZ2h0PSIxIiB4bWxucz0iaHR0cDovL3d3dy53My5vcmcvMjAwMC9zdmciPjwvc3ZnPg==\" style=\"--smush-placeholder-width: 300px; --smush-placeholder-aspect-ratio: 300\/225;\" \/><\/figure>\n<\/figure>\n\n\n\n<div style=\"height:30px\" aria-hidden=\"true\" class=\"wp-block-spacer\"><\/div>\n\n\n\n<div class=\"wp-block-group has-background\" style=\"background-color:#e7e7e7\"><div class=\"wp-block-group__inner-container is-layout-flow wp-block-group-is-layout-flow\">\n<h3 class=\"wp-block-heading has-text-align-center\" id=\"methodology\">Bewertungen<\/h3>\n\n\n\n<p>Auf unabh\u00e4ngigen Plattformen wie <strong>Google<\/strong>, <strong>Trustpilot<\/strong> und <strong>TripAdvisor<\/strong> hat Mundo Antiguo <strong>\u00fcber 640 verifizierte Bewertungen<\/strong> erhalten, wobei 99 % der Studierenden ihre Erfahrung mit <strong>5 von 5 Sternen<\/strong> bewertet haben.<\/p>\n\n\n\n<p>Studierende heben immer wieder Folgendes hervor:<br \/>&#x1f449; Die Qualifikation, Erfahrung und Professionalit\u00e4t unserer zertifizierten Lehrkr\u00e4fte.<br \/>&#x1f449; Unseren strukturierten Lernansatz und messbare Fortschritte.<br \/>&#x1f449; Die individuelle Betreuung durch kleine Lerngruppen.<br \/>&#x1f449; Die kostenlosen kulturellen Aktivit\u00e4ten, die den Unterricht erg\u00e4nzen.\u00a0<\/p>\n<\/div><\/div>\n\n\n\n<div style=\"height:50px\" aria-hidden=\"true\" class=\"wp-block-spacer\"><\/div>\n\n\n\n<div class=\"wp-block-columns is-layout-flex wp-container-core-columns-is-layout-9d6595d7 wp-block-columns-is-layout-flex\">\n<div class=\"wp-block-column is-layout-flow wp-block-column-is-layout-flow\" style=\"flex-basis:33.33%\">\n<div class=\"content-flex\">\n            <div class=\"align-center\">\n                <h2 class=\"titulo-titillium-bold\">Empfohlen auf TripAdvisor, Language International und National Geographic<\/h2>\n                <div class=\"item_trip\">\n                    <div class=\"row\">\n                   <div id=\"TA_cdsratingsonlynarrow292\" class=\"TA_cdsratingsonlynarrow\"><div class=\"col-md-4 align-center\"><a target=\"_blank\" href=\"https:\/\/www.tripadvisor.com\/Attraction_Review-g294314-d5499393-Reviews-Mundo_Antiguo_Spanish_School-Cusco_Cusco_Region.html\" rel=\"noopener\"><img decoding=\"async\" data-src=\"https:\/\/www.tripadvisor.com\/img\/cdsi\/img2\/branding\/v2\/Tripadvisor_lockup_horizontal_secondary_registered-18034-2.svg\" alt=\"Mundo Antiguo Spanish school on TripAdvisor\" src=\"data:image\/svg+xml;base64,PHN2ZyB3aWR0aD0iMSIgaGVpZ2h0PSIxIiB4bWxucz0iaHR0cDovL3d3dy53My5vcmcvMjAwMC9zdmciPjwvc3ZnPg==\" class=\"lazyload\" \/><\/a><\/div><\/div>\n<script async=\"\" src=\"https:\/\/www.jscache.com\/wejs?wtype=cdsratingsonlynarrow&amp;uniq=292&amp;locationId=5499393&amp;lang=en_US&amp;border=true&amp;display_version=2\" data-loadtrk=\"\" onload=\"this.loadtrk=true\"><\/script><br \/>\n<script src=\"https:\/\/www.languageinternational.com\/badge\/coe?id=63463\"><\/script><\/div>                       \n              <\/div>\n                <\/div>\n            <\/div>\n\n\n\n<div style=\"height:5px\" aria-hidden=\"true\" class=\"wp-block-spacer\"><\/div>\n\n\n\n<center><i><a href=\"https:\/\/www.nationalgeographic.co.uk\/travel\/2022\/05\/seven-of-the-best-places-to-learn-spanish-around-the-world-from-guatemala-to-granada\">Seven of the best places to learn Spanish around the world by <b>National Geographic<\/b><\/a><\/i><\/center>\n\n\n\n<div style=\"height:10px\" aria-hidden=\"true\" class=\"wp-block-spacer\"><\/div>\n\n\n<div class=\"wp-block-coblocks-social wp-block-coblocks-social-profiles has-text-align-center has-colors\"><ul><li><a href=\"https:\/\/www.facebook.com\/MundoAntiguoSpanishSchool\/\" title=\"Facebook\" class=\"wp-block-button__link wp-block-coblocks-social__button wp-block-coblocks-social__button--facebook has-padding\" style=\"border-radius:40px\"><span class=\"wp-block-coblocks-social__icon\"><\/span><span class=\"wp-block-coblocks-social__text\">Facebook<\/span><\/a><\/li><li><a href=\"https:\/\/twitter.com\/MASpanishSchool\" title=\"Twitter\" class=\"wp-block-button__link wp-block-coblocks-social__button wp-block-coblocks-social__button--twitter has-padding\" style=\"border-radius:40px\"><span class=\"wp-block-coblocks-social__icon\"><\/span><span class=\"wp-block-coblocks-social__text\">Twitter<\/span><\/a><\/li><li><a href=\"https:\/\/www.instagram.com\/mundoantiguospanishschool\/\" title=\"Instagram\" class=\"wp-block-button__link wp-block-coblocks-social__button wp-block-coblocks-social__button--instagram has-padding\" style=\"border-radius:40px\"><span class=\"wp-block-coblocks-social__icon\"><\/span><span class=\"wp-block-coblocks-social__text\">Instagram<\/span><\/a><\/li><\/ul><\/div>\n\n\n<div style=\"height:30px\" aria-hidden=\"true\" class=\"wp-block-spacer\"><\/div>\n<\/div>\n\n\n\n<div class=\"wp-block-column is-layout-flow wp-block-column-is-layout-flow\" style=\"flex-basis:66.66%\">\n<div class=\"wp-block-cover has-parallax is-style-bottom-wave\"><div class=\"wp-block-cover__image-background wp-image-21983 has-parallax lazyload\" style=\"background-position:50% 50%;background-image:inherit\" data-bg-image=\"url(https:\/\/learnspanishinperu.net\/wp-content\/uploads\/2021\/04\/crop-0-0-5472-3648-0-students-cusco-mundo-antiguo-scaled.jpg)\"><\/div><span aria-hidden=\"true\" class=\"wp-block-cover__background has-background-dim-30 has-background-dim\"><\/span><div class=\"wp-block-cover__inner-container is-layout-flow wp-block-cover-is-layout-flow\">\n<p class=\"has-text-align-center has-white-color has-text-color has-large-font-size\"><strong>Viele kostenlose Aktivit\u00e4ten<\/strong><\/p>\n<\/div><\/div>\n<\/div>\n<\/div>\n\n\n\n<div style=\"height:20px\" aria-hidden=\"true\" class=\"wp-block-spacer\"><\/div>\n\n\n\n<div class=\"wp-block-group has-background\" style=\"background-color:#e7e7e7\"><div class=\"wp-block-group__inner-container is-layout-flow wp-block-group-is-layout-flow\">\n<p class=\"has-text-align-center\">F\u00fcllen Sie unseren Einstufungstest aus oder sehen Sie sich die Spanischstufen an, die wir Ihnen beibringen k\u00f6nnen:<\/p>\n\n\n\n<div class=\"wp-block-buttons is-horizontal is-content-justification-center is-layout-flex wp-container-core-buttons-is-layout-499968f5 wp-block-buttons-is-layout-flex\">\n<div class=\"wp-block-button\"><a class=\"wp-block-button__link has-background wp-element-button\" href=\"https:\/\/learnspanishinperu.net\/de\/spanisch-lernen\/spanisch-niveaus\/\" style=\"background-color:#008000\">Spanischkursniveau<\/a><\/div>\n\n\n\n<div class=\"wp-block-button\"><a class=\"wp-block-button__link has-background wp-element-button\" href=\"https:\/\/learnspanishinperu.net\/de\/spanisch-lernen\/spanisch-einstufungstest\/\" style=\"background-color:#ffa500\">Machen Sie den Einstufungstest<\/a><\/div>\n\n\n\n<div class=\"wp-block-button\"><a class=\"wp-block-button__link has-background wp-element-button\" href=\"https:\/\/learnspanishinperu.net\/de\/kontakt\/\" style=\"background-color:#0000ff\">Kontaktieren Sie uns!<\/a><\/div>\n<\/div>\n<\/div><\/div>\n<\/div><\/div>\n\n\n\n<div style=\"height:50px\" aria-hidden=\"true\" class=\"wp-block-spacer\"><\/div>\n ","protected":false},"excerpt":{"rendered":"<p>Akkreditierungen und Zertifizierungen Wichtige Fakten Internationale Standards &#x1f449; Bei Mundo Antiguo nehmen wir Ihren Lernfortschritt ernst. Unser Lehrplan orientiert sich strikt am Gemeinsamen Europ\u00e4ischen Referenzrahmen f\u00fcr Sprachen (GER). So stellen wir sicher, dass Ihr Lernprozess strukturiert, messbar und weltweit anerkannt ist \u2013 vom absoluten Anf\u00e4nger (A1) bis hin zu nahezu muttersprachlichen Kenntnissen (C2). &#x1f449; Mundo&hellip;<\/p>\n<p class=\"more\"><a class=\"more-link\" href=\"https:\/\/learnspanishinperu.net\/de\/spanischschule\/akkreditierungen-und-zertifizierungen\/\">Continue reading <span class=\"screen-reader-text\">Akkreditierungen und Zertifizierungen<\/span><\/a><\/p>\n","protected":false},"author":1,"featured_media":0,"parent":5756,"menu_order":0,"comment_status":"closed","ping_status":"closed","template":"page-templates\/wide.php","meta":{"_coblocks_attr":"","_coblocks_dimensions":"","_coblocks_responsive_height":"","_coblocks_accordion_ie_support":"","footnotes":""},"class_list":["post-49473","page","type-page","status-publish","hentry","entry"],"yoast_head":"<!-- This site is optimized with the Yoast SEO plugin v27.4 - https:\/\/yoast.com\/product\/yoast-seo-wordpress\/ -->\n<title>Akkreditierungen und Zertifizierungen - Mundo Antiguo Spanische Sprachschule<\/title>\n<meta name=\"description\" content=\"Akkreditierungen und Zertifizierungen, Mundo Antiguo erf\u00fcllt die strengen Qualit\u00e4tsstandards nationaler und internationaler Organisationen.\" \/>\n<meta name=\"robots\" content=\"index, follow, max-snippet:-1, max-image-preview:large, max-video-preview:-1\" \/>\n<link rel=\"canonical\" href=\"https:\/\/learnspanishinperu.net\/de\/spanischschule\/akkreditierungen-und-zertifizierungen\/\" \/>\n<meta property=\"og:locale\" content=\"de_DE\" \/>\n<meta property=\"og:type\" content=\"article\" \/>\n<meta property=\"og:title\" content=\"Akkreditierungen und Zertifizierungen - Mundo Antiguo Spanische Sprachschule\" \/>\n<meta property=\"og:description\" content=\"Akkreditierungen und Zertifizierungen, Mundo Antiguo erf\u00fcllt die strengen Qualit\u00e4tsstandards nationaler und internationaler Organisationen.\" \/>\n<meta property=\"og:url\" content=\"https:\/\/learnspanishinperu.net\/de\/spanischschule\/akkreditierungen-und-zertifizierungen\/\" \/>\n<meta property=\"og:site_name\" content=\"Mundo Antiguo\" \/>\n<meta property=\"article:publisher\" content=\"http:\/\/www.facebook.com\/MundoAntiguoSpanishSchool\" \/>\n<meta property=\"article:modified_time\" content=\"2026-03-12T13:17:18+00:00\" \/>\n<meta property=\"og:image\" content=\"https:\/\/learnspanishinperu.net\/wp-content\/uploads\/2021\/05\/qtq80-qGGYQF-300x200.jpeg\" \/>\n<meta name=\"twitter:card\" content=\"summary_large_image\" \/>\n<meta name=\"twitter:site\" content=\"@MASpanishschool\" \/>\n<meta name=\"twitter:label1\" content=\"Gesch\u00e4tzte Lesezeit\" \/>\n\t<meta name=\"twitter:data1\" content=\"4 Minuten\" \/>\n<!-- \/ Yoast SEO plugin. -->","yoast_head_json":{"title":"Akkreditierungen und Zertifizierungen - Mundo Antiguo Spanische Sprachschule","description":"Akkreditierungen und Zertifizierungen, Mundo Antiguo erf\u00fcllt die strengen Qualit\u00e4tsstandards nationaler und internationaler Organisationen.","robots":{"index":"index","follow":"follow","max-snippet":"max-snippet:-1","max-image-preview":"max-image-preview:large","max-video-preview":"max-video-preview:-1"},"canonical":"https:\/\/learnspanishinperu.net\/de\/spanischschule\/akkreditierungen-und-zertifizierungen\/","og_locale":"de_DE","og_type":"article","og_title":"Akkreditierungen und Zertifizierungen - Mundo Antiguo Spanische Sprachschule","og_description":"Akkreditierungen und Zertifizierungen, Mundo Antiguo erf\u00fcllt die strengen Qualit\u00e4tsstandards nationaler und internationaler Organisationen.","og_url":"https:\/\/learnspanishinperu.net\/de\/spanischschule\/akkreditierungen-und-zertifizierungen\/","og_site_name":"Mundo Antiguo","article_publisher":"http:\/\/www.facebook.com\/MundoAntiguoSpanishSchool","article_modified_time":"2026-03-12T13:17:18+00:00","og_image":[{"url":"https:\/\/learnspanishinperu.net\/wp-content\/uploads\/2021\/05\/qtq80-qGGYQF-300x200.jpeg","type":"","width":"","height":""}],"twitter_card":"summary_large_image","twitter_site":"@MASpanishschool","twitter_misc":{"Gesch\u00e4tzte Lesezeit":"4 Minuten"},"schema":{"@context":"https:\/\/schema.org","@graph":[{"@type":"WebPage","@id":"https:\/\/learnspanishinperu.net\/de\/spanischschule\/akkreditierungen-und-zertifizierungen\/","url":"https:\/\/learnspanishinperu.net\/de\/spanischschule\/akkreditierungen-und-zertifizierungen\/","name":"Akkreditierungen und Zertifizierungen - Mundo Antiguo Spanische Sprachschule","isPartOf":{"@id":"https:\/\/learnspanishinperu.net\/#website"},"primaryImageOfPage":{"@id":"https:\/\/learnspanishinperu.net\/de\/spanischschule\/akkreditierungen-und-zertifizierungen\/#primaryimage"},"image":{"@id":"https:\/\/learnspanishinperu.net\/de\/spanischschule\/akkreditierungen-und-zertifizierungen\/#primaryimage"},"thumbnailUrl":"https:\/\/learnspanishinperu.net\/wp-content\/uploads\/2021\/05\/qtq80-qGGYQF-300x200.jpeg","datePublished":"2026-03-11T23:03:41+00:00","dateModified":"2026-03-12T13:17:18+00:00","description":"Akkreditierungen und Zertifizierungen, Mundo Antiguo erf\u00fcllt die strengen Qualit\u00e4tsstandards nationaler und internationaler Organisationen.","breadcrumb":{"@id":"https:\/\/learnspanishinperu.net\/de\/spanischschule\/akkreditierungen-und-zertifizierungen\/#breadcrumb"},"inLanguage":"de-DE","potentialAction":[{"@type":"ReadAction","target":["https:\/\/learnspanishinperu.net\/de\/spanischschule\/akkreditierungen-und-zertifizierungen\/"]}]},{"@type":"ImageObject","inLanguage":"de-DE","@id":"https:\/\/learnspanishinperu.net\/de\/spanischschule\/akkreditierungen-und-zertifizierungen\/#primaryimage","url":"https:\/\/learnspanishinperu.net\/wp-content\/uploads\/2021\/05\/qtq80-qGGYQF-300x200.jpeg","contentUrl":"https:\/\/learnspanishinperu.net\/wp-content\/uploads\/2021\/05\/qtq80-qGGYQF-300x200.jpeg"},{"@type":"BreadcrumbList","@id":"https:\/\/learnspanishinperu.net\/de\/spanischschule\/akkreditierungen-und-zertifizierungen\/#breadcrumb","itemListElement":[{"@type":"ListItem","position":1,"name":"Home","item":"https:\/\/learnspanishinperu.net\/de\/"},{"@type":"ListItem","position":2,"name":"Spanischschule","item":"https:\/\/learnspanishinperu.net\/de\/spanischschule\/"},{"@type":"ListItem","position":3,"name":"Akkreditierungen und Zertifizierungen"}]},{"@type":"WebSite","@id":"https:\/\/learnspanishinperu.net\/#website","url":"https:\/\/learnspanishinperu.net\/","name":"Mundo Antiguo","description":"Spanish school Cusco","publisher":{"@id":"https:\/\/learnspanishinperu.net\/#organization"},"potentialAction":[{"@type":"SearchAction","target":{"@type":"EntryPoint","urlTemplate":"https:\/\/learnspanishinperu.net\/?s={search_term_string}"},"query-input":{"@type":"PropertyValueSpecification","valueRequired":true,"valueName":"search_term_string"}}],"inLanguage":"de-DE"},{"@type":"Organization","@id":"https:\/\/learnspanishinperu.net\/#organization","name":"Mundo Antiguo","url":"https:\/\/learnspanishinperu.net\/","logo":{"@type":"ImageObject","inLanguage":"de-DE","@id":"https:\/\/learnspanishinperu.net\/#\/schema\/logo\/image\/","url":"https:\/\/learnspanishinperu.net\/wp-content\/uploads\/2016\/04\/logo-Spanish-school-Cusco-Peru-e1547820355169.jpg","contentUrl":"https:\/\/learnspanishinperu.net\/wp-content\/uploads\/2016\/04\/logo-Spanish-school-Cusco-Peru-e1547820355169.jpg","width":100,"height":83,"caption":"Mundo Antiguo"},"image":{"@id":"https:\/\/learnspanishinperu.net\/#\/schema\/logo\/image\/"},"sameAs":["http:\/\/www.facebook.com\/MundoAntiguoSpanishSchool","https:\/\/x.com\/MASpanishschool","https:\/\/www.instagram.com\/mundoantiguo_spanishschool\/","https:\/\/www.linkedin.com\/company\/mundo-antiguo-spanish-school","http:\/\/www.pinterest.com\/mundoantiguo\/"]}]}},"_links":{"self":[{"href":"https:\/\/learnspanishinperu.net\/de\/wp-json\/wp\/v2\/pages\/49473","targetHints":{"allow":["GET"]}}],"collection":[{"href":"https:\/\/learnspanishinperu.net\/de\/wp-json\/wp\/v2\/pages"}],"about":[{"href":"https:\/\/learnspanishinperu.net\/de\/wp-json\/wp\/v2\/types\/page"}],"author":[{"embeddable":true,"href":"https:\/\/learnspanishinperu.net\/de\/wp-json\/wp\/v2\/users\/1"}],"replies":[{"embeddable":true,"href":"https:\/\/learnspanishinperu.net\/de\/wp-json\/wp\/v2\/comments?post=49473"}],"version-history":[{"count":1,"href":"https:\/\/learnspanishinperu.net\/de\/wp-json\/wp\/v2\/pages\/49473\/revisions"}],"predecessor-version":[{"id":49478,"href":"https:\/\/learnspanishinperu.net\/de\/wp-json\/wp\/v2\/pages\/49473\/revisions\/49478"}],"up":[{"embeddable":true,"href":"https:\/\/learnspanishinperu.net\/de\/wp-json\/wp\/v2\/pages\/5756"}],"wp:attachment":[{"href":"https:\/\/learnspanishinperu.net\/de\/wp-json\/wp\/v2\/media?parent=49473"}],"curies":[{"name":"wp","href":"https:\/\/api.w.org\/{rel}","templated":true}]}}