{"id":49089,"date":"2025-04-24T10:03:56","date_gmt":"2025-04-24T15:03:56","guid":{"rendered":"https:\/\/learnspanishinperu.net\/?page_id=49089"},"modified":"2025-04-24T10:14:46","modified_gmt":"2025-04-24T15:14:46","slug":"soziale-hilfe","status":"publish","type":"page","link":"https:\/\/learnspanishinperu.net\/de\/freiwilligenarbeit\/soziale-hilfe\/","title":{"rendered":"Freiwilligenprogramm f\u00fcr soziale Hilfe"},"content":{"rendered":"\n<div class=\"wp-block-group\"><div class=\"wp-block-group__inner-container is-layout-flow wp-block-group-is-layout-flow\">\n<div class=\"wp-block-cover alignfull is-light has-parallax mt-0\" style=\"min-height:460px;aspect-ratio:unset;\"><span aria-hidden=\"true\" class=\"wp-block-cover__background has-background-dim-10 has-background-dim\" style=\"background-color:#9b9b9b\"><\/span><div class=\"wp-block-cover__image-background wp-image-15729 has-parallax lazyload\" style=\"background-position:50% 50%;background-image:inherit\" data-bg-image=\"url(https:\/\/learnspanishinperu.net\/wp-content\/uploads\/2020\/07\/Cusco-Peru-scaled.jpg)\"><\/div><div class=\"wp-block-cover__inner-container is-layout-flow wp-block-cover-is-layout-flow\">\n<h1 class=\"wp-block-heading has-text-align-center has-white-color has-text-color\" style=\"font-size:60px\">Freiwilligenarbeit in der sozialen Hilfe<\/h1>\n\n\n\n<p class=\"has-text-align-center has-white-color has-text-color has-5-xl-font-size\"><em> Sozialhilfeprogramm in Cusco<\/em><\/p>\n<\/div><\/div>\n\n\n\n<div style=\"height:60px\" aria-hidden=\"true\" class=\"wp-block-spacer\"><\/div>\n\n\n\n<div class=\"wp-block-group has-background coblocks-animate\" style=\"background-color:#e7e7e7\" data-coblocks-animation=\"fadeIn\"><div class=\"wp-block-group__inner-container is-layout-flow wp-block-group-is-layout-flow\">\n<h2 class=\"wp-block-heading has-text-align-left\" id=\"medical-volunteering-in-cusco\">Freiwilligenprogramm f\u00fcr soziale Hilfe<\/h2>\n\n\n<div class=\"wp-block-image is-style-bottom-wave\">\n<figure class=\"alignright size-medium\"><a href=\"https:\/\/learnspanishinperu.net\/wp-content\/uploads\/2015\/10\/P1100266-e1478137420559.jpg\"><img decoding=\"async\" width=\"300\" height=\"225\" data-src=\"https:\/\/learnspanishinperu.net\/wp-content\/uploads\/2015\/10\/P1100266-300x225.jpg\" alt=\"shopping in Cusco\" class=\"wp-image-3937 lazyload\" src=\"data:image\/svg+xml;base64,PHN2ZyB3aWR0aD0iMSIgaGVpZ2h0PSIxIiB4bWxucz0iaHR0cDovL3d3dy53My5vcmcvMjAwMC9zdmciPjwvc3ZnPg==\" style=\"--smush-placeholder-width: 300px; --smush-placeholder-aspect-ratio: 300\/225;\" \/><\/a><\/figure>\n<\/div>\n\n\n<p>M\u00f6chten Sie das Leben bed\u00fcrftiger Menschen direkt unterst\u00fctzen und gleichzeitig Spanisch in Cusco lernen? Unser Freiwilligenprogramm f\u00fcr soziale Hilfe konzentriert sich auf die Versorgung von Obdachlosen und Familien von Krankenhauspatienten, die oft Schwierigkeiten haben, sich ihre t\u00e4glichen Mahlzeiten zu leisten.<\/p>\n\n\n\n<p>Als Freiwilliger helfen Sie bei der Zubereitung und Verteilung von Mahlzeiten, organisieren Lebensmittelspenden und bieten Menschen in schwierigen Situationen Freundlichkeit und Gesellschaft. Ihr Einsatz spendet Menschen, die es am dringendsten brauchen, Trost und Hoffnung und bewirkt einen echten Unterschied in der lokalen Gemeinschaft.<\/p>\n\n\n\n<p>Dieses Programm ist eine wunderbare M\u00f6glichkeit, Spanisch in einem sinnvollen Kontext zu \u00fcben, Menschen unterschiedlicher Herkunft kennenzulernen und die Kraft von Solidarit\u00e4t und Freundlichkeit zu erleben. Es sind keine Vorkenntnisse erforderlich \u2013 nur ein mitf\u00fchlendes Herz und Hilfsbereitschaft!<\/p>\n\n\n\n<p>M\u00f6chten Sie Teil dieser lohnenden Erfahrung sein? Lassen Sie es uns wissen, wir beraten Sie gerne!<\/p>\n\n\n\n<div class=\"wp-block-buttons is-layout-flex wp-block-buttons-is-layout-flex\">\n<div class=\"wp-block-button\"><a class=\"wp-block-button__link has-background wp-element-button\" href=\"https:\/\/learnspanishinperu.net\/de\/kontakt\/\" style=\"background-color:#800080\">Kontaktieren Sie uns<\/a><\/div>\n<\/div>\n\n\n\n<div style=\"height:70px\" aria-hidden=\"true\" class=\"wp-block-spacer\"><\/div>\n<\/div><\/div>\n\n\n\n<figure class=\"wp-block-gallery has-nested-images columns-4 is-cropped coblocks-animate wp-block-gallery-1 is-layout-flex wp-block-gallery-is-layout-flex\" data-coblocks-animation=\"clipVertical\">\n<figure class=\"wp-block-image size-large\"><img decoding=\"async\" width=\"1024\" height=\"683\" data-id=\"3952\" data-src=\"https:\/\/learnspanishinperu.net\/wp-content\/uploads\/2016\/11\/qtq80-BCDBp0-1024x683.jpeg\" alt=\"visa passport Peru\" class=\"wp-image-3952 lazyload\" src=\"data:image\/svg+xml;base64,PHN2ZyB3aWR0aD0iMSIgaGVpZ2h0PSIxIiB4bWxucz0iaHR0cDovL3d3dy53My5vcmcvMjAwMC9zdmciPjwvc3ZnPg==\" style=\"--smush-placeholder-width: 1024px; --smush-placeholder-aspect-ratio: 1024\/683;\" \/><\/figure>\n\n\n\n<figure class=\"wp-block-image size-large\"><img decoding=\"async\" width=\"1024\" height=\"683\" data-id=\"3637\" data-src=\"https:\/\/learnspanishinperu.net\/wp-content\/uploads\/2015\/10\/160629-Cusco-Fiesta-8861-1024x683.jpg\" alt=\"Spanish and Volunteering in Cusco, Peru\" class=\"wp-image-3637 lazyload\" src=\"data:image\/svg+xml;base64,PHN2ZyB3aWR0aD0iMSIgaGVpZ2h0PSIxIiB4bWxucz0iaHR0cDovL3d3dy53My5vcmcvMjAwMC9zdmciPjwvc3ZnPg==\" style=\"--smush-placeholder-width: 1024px; --smush-placeholder-aspect-ratio: 1024\/683;\" \/><\/figure>\n\n\n\n<figure class=\"wp-block-image size-large\"><img decoding=\"async\" width=\"1024\" height=\"576\" data-id=\"4186\" data-src=\"https:\/\/learnspanishinperu.net\/wp-content\/uploads\/2017\/01\/IMG-20160808-WA0044-1024x576.jpg\" alt=\"Spanish programs\" class=\"wp-image-4186 lazyload\" src=\"data:image\/svg+xml;base64,PHN2ZyB3aWR0aD0iMSIgaGVpZ2h0PSIxIiB4bWxucz0iaHR0cDovL3d3dy53My5vcmcvMjAwMC9zdmciPjwvc3ZnPg==\" style=\"--smush-placeholder-width: 1024px; --smush-placeholder-aspect-ratio: 1024\/576;\" \/><\/figure>\n\n\n\n<figure class=\"wp-block-image size-large\"><img decoding=\"async\" width=\"1024\" height=\"768\" data-id=\"3881\" data-src=\"https:\/\/learnspanishinperu.net\/wp-content\/uploads\/2016\/10\/IMG_20160422_112558-1024x768.jpg\" alt=\"stage in Peru\" class=\"wp-image-3881 lazyload\" src=\"data:image\/svg+xml;base64,PHN2ZyB3aWR0aD0iMSIgaGVpZ2h0PSIxIiB4bWxucz0iaHR0cDovL3d3dy53My5vcmcvMjAwMC9zdmciPjwvc3ZnPg==\" style=\"--smush-placeholder-width: 1024px; --smush-placeholder-aspect-ratio: 1024\/768;\" \/><\/figure>\n<\/figure>\n<\/div><\/div>\n\n\n\n<div style=\"height:50px\" aria-hidden=\"true\" class=\"wp-block-spacer\"><\/div>\n\n\n<div\n\t\tclass=\"free align wp-block-btn-button\"\tid='btnButton-2'\n\tdata-nonce='&quot;0c77f052ed&quot;'\n\tdata-attributes='{&quot;cId&quot;:&quot;2be4b8d3-3&quot;,&quot;cPostId&quot;:45197,&quot;text&quot;:&quot;Melden Sie sich jetzt an!&quot;,&quot;allUserRole&quot;:[{&quot;label&quot;:&quot;Select a role&quot;,&quot;value&quot;:&quot;default&quot;},{&quot;label&quot;:&quot;Administrator&quot;,&quot;value&quot;:&quot;administrator&quot;},{&quot;label&quot;:&quot;Editor&quot;,&quot;value&quot;:&quot;editor&quot;},{&quot;label&quot;:&quot;Author&quot;,&quot;value&quot;:&quot;author&quot;},{&quot;label&quot;:&quot;Contributor&quot;,&quot;value&quot;:&quot;contributor&quot;},{&quot;label&quot;:&quot;Subscriber&quot;,&quot;value&quot;:&quot;subscriber&quot;},{&quot;label&quot;:&quot;Inactive&quot;,&quot;value&quot;:&quot;inactive&quot;},{&quot;label&quot;:&quot;SEO Manager&quot;,&quot;value&quot;:&quot;wpseo_manager&quot;},{&quot;label&quot;:&quot;SEO Editor&quot;,&quot;value&quot;:&quot;wpseo_editor&quot;}],&quot;url&quot;:&quot;https:\\\/\\\/learnspanishinperu.net\\\/de\\\/anmeldeformular\\\/&quot;,&quot;icon&quot;:{&quot;class&quot;:&quot;far fa-thumbs-up&quot;,&quot;name&quot;:&quot;thumbs-up&quot;},&quot;size&quot;:&quot;x-large&quot;,&quot;typography&quot;:{&quot;fontSize&quot;:22,&quot;fontWeight&quot;:600,&quot;textDecoration&quot;:&quot;none&quot;},&quot;colors&quot;:{&quot;color&quot;:&quot;#fff&quot;,&quot;bg&quot;:&quot;rgba(255, 165, 0, 1)&quot;},&quot;padding&quot;:{&quot;vertical&quot;:&quot;16px&quot;,&quot;horizontal&quot;:&quot;46px&quot;},&quot;border&quot;:{&quot;radius&quot;:&quot;5px&quot;,&quot;width&quot;:&quot;2px&quot;,&quot;color&quot;:&quot;#0a0002&quot;},&quot;align&quot;:&quot;&quot;,&quot;actionType&quot;:&quot;link&quot;,&quot;security&quot;:&quot;none&quot;,&quot;securityPassword&quot;:&quot;&quot;,&quot;tooltip&quot;:&quot;&quot;,&quot;tooltipPos&quot;:&quot;top&quot;,&quot;target&quot;:&quot;_self&quot;,&quot;attrs&quot;:{&quot;rel&quot;:&quot;noreferrer&quot;,&quot;referrerpolicy&quot;:&quot;no-referrer&quot;},&quot;hideOn&quot;:{&quot;desktop&quot;:false,&quot;tablet&quot;:false,&quot;mobile&quot;:false},&quot;isDownload&quot;:false,&quot;downloadFileName&quot;:&quot;&quot;,&quot;isUpIcon&quot;:false,&quot;upIcon&quot;:{&quot;id&quot;:null,&quot;url&quot;:&quot;&quot;,&quot;alt&quot;:&quot;&quot;,&quot;title&quot;:&quot;&quot;},&quot;iconPos&quot;:&quot;left&quot;,&quot;type&quot;:&quot;flat&quot;,&quot;isFullWidth&quot;:false,&quot;popup&quot;:{&quot;type&quot;:&quot;image&quot;,&quot;content&quot;:&quot;&quot;,&quot;caption&quot;:&quot;&quot;,&quot;width&quot;:&quot;&quot;},&quot;animationType&quot;:&quot;&quot;,&quot;animationDuration&quot;:0.4,&quot;addID&quot;:&quot;&quot;,&quot;addCSS&quot;:&quot;&quot;,&quot;alignment&quot;:&quot;center&quot;,&quot;hovColors&quot;:{&quot;color&quot;:&quot;#fff&quot;,&quot;bg&quot;:&quot;#FF7A00&quot;},&quot;shadow&quot;:[]}'\n\tdata-info='{&quot;userRoles&quot;:[],&quot;loginURL&quot;:&quot;https:\\\/\\\/learnspanishinperu.net\\\/wp-login.php&quot;}'\n\tdata-pipecheck=''\n><\/div>\n\n\n<div style=\"height:50px\" aria-hidden=\"true\" class=\"wp-block-spacer\"><\/div>\n\n\n\n<div class=\"wp-block-buttons is-horizontal is-content-justification-center is-layout-flex wp-container-core-buttons-is-layout-499968f5 wp-block-buttons-is-layout-flex\">\n<div class=\"wp-block-button\"><a class=\"wp-block-button__link has-light-green-cyan-to-vivid-green-cyan-gradient-background has-background wp-element-button\" href=\"https:\/\/learnspanishinperu.net\/de\/freiwilligenarbeit\/kindergarten\/\">Freiwilligenarbeit mit Kindern<\/a><\/div>\n\n\n\n<div class=\"wp-block-button\"><a class=\"wp-block-button__link has-background wp-element-button\" href=\"https:\/\/learnspanishinperu.net\/de\/freiwilligenarbeit\/tierpflege\/\" style=\"background-color:#008000\">Tierpflege in Cusco<\/a><\/div>\n\n\n\n<div class=\"wp-block-button\"><a class=\"wp-block-button__link has-background wp-element-button\" href=\"https:\/\/learnspanishinperu.net\/de\/freiwilligenarbeit\/freiwilligenarbeit-im-umweltbereich\/\" style=\"background-color:#ffa500\">Umweltbereich<\/a><\/div>\n\n\n\n<div class=\"wp-block-button\"><a class=\"wp-block-button__link has-background wp-element-button\" href=\"https:\/\/learnspanishinperu.net\/de\/freiwilligenarbeit\/medizinische-freiwilligenarbeit\/\" style=\"background-color:#0000ff\">Medizinische Freiwilligenarbeit<\/a><\/div>\n\n\n\n<div class=\"wp-block-button\"><a class=\"wp-block-button__link has-background wp-element-button\" href=\"https:\/\/learnspanishinperu.net\/de\/freiwilligenarbeit\/rehabilitation\/\" style=\"background-color:#a52a2a\">Rehabilitation &amp; Psychologie<\/a><\/div>\n\n\n\n<div class=\"wp-block-button\"><a class=\"wp-block-button__link has-accent-background-color has-background wp-element-button\" href=\"https:\/\/learnspanishinperu.net\/de\/freiwilligenarbeit\/soziale-hilfe\/\">Soziale Hilfe<\/a><\/div>\n\n\n\n<div class=\"wp-block-button\"><a class=\"wp-block-button__link has-background wp-element-button\" href=\"https:\/\/learnspanishinperu.net\/de\/freiwilligenarbeit\/bedurfnissen\/\" style=\"background-color:#800080\">Menschen mit besonderen Bed\u00fcrfnissen<\/a><\/div>\n<\/div>\n\n\n\n<div style=\"height:30px\" aria-hidden=\"true\" class=\"wp-block-spacer\"><\/div>\n","protected":false},"excerpt":{"rendered":"<p>Freiwilligenprogramm f\u00fcr soziale Hilfe M\u00f6chten Sie das Leben bed\u00fcrftiger Menschen direkt unterst\u00fctzen und gleichzeitig Spanisch in Cusco lernen? Unser Freiwilligenprogramm f\u00fcr soziale Hilfe konzentriert sich auf die Versorgung von Obdachlosen und Familien von Krankenhauspatienten, die oft Schwierigkeiten haben, sich ihre t\u00e4glichen Mahlzeiten zu leisten. Als Freiwilliger helfen Sie bei der Zubereitung und Verteilung von Mahlzeiten,&hellip;<\/p>\n<p class=\"more\"><a class=\"more-link\" href=\"https:\/\/learnspanishinperu.net\/de\/freiwilligenarbeit\/soziale-hilfe\/\">Continue reading <span class=\"screen-reader-text\">Freiwilligenprogramm f\u00fcr soziale Hilfe<\/span><\/a><\/p>\n","protected":false},"author":1,"featured_media":0,"parent":5779,"menu_order":0,"comment_status":"closed","ping_status":"closed","template":"page-templates\/wide.php","meta":{"_coblocks_attr":"","_coblocks_dimensions":"","_coblocks_responsive_height":"","_coblocks_accordion_ie_support":"","footnotes":""},"class_list":["post-49089","page","type-page","status-publish","hentry","entry"],"yoast_head":"<!-- This site is optimized with the Yoast SEO plugin v27.5 - https:\/\/yoast.com\/product\/yoast-seo-wordpress\/ -->\n<title>Freiwilligenprogramm f\u00fcr soziale Hilfe - Mundo Antiguo in Cusco, Peru<\/title>\n<meta name=\"description\" content=\"Unser Freiwilligenprogramm f\u00fcr soziale Hilfe konzentriert sich auf die Bereitstellung von Nahrungsmitteln und Unterst\u00fctzung\" \/>\n<meta name=\"robots\" content=\"index, follow, max-snippet:-1, max-image-preview:large, max-video-preview:-1\" \/>\n<link rel=\"canonical\" href=\"https:\/\/learnspanishinperu.net\/de\/freiwilligenarbeit\/soziale-hilfe\/\" \/>\n<meta property=\"og:locale\" content=\"de_DE\" \/>\n<meta property=\"og:type\" content=\"article\" \/>\n<meta property=\"og:title\" content=\"Freiwilligenprogramm f\u00fcr soziale Hilfe - Mundo Antiguo in Cusco, Peru\" \/>\n<meta property=\"og:description\" content=\"Unser Freiwilligenprogramm f\u00fcr soziale Hilfe konzentriert sich auf die Bereitstellung von Nahrungsmitteln und Unterst\u00fctzung\" \/>\n<meta property=\"og:url\" content=\"https:\/\/learnspanishinperu.net\/de\/freiwilligenarbeit\/soziale-hilfe\/\" \/>\n<meta property=\"og:site_name\" content=\"Mundo Antiguo\" \/>\n<meta property=\"article:publisher\" content=\"http:\/\/www.facebook.com\/MundoAntiguoSpanishSchool\" \/>\n<meta property=\"article:modified_time\" content=\"2025-04-24T15:14:46+00:00\" \/>\n<meta property=\"og:image\" content=\"https:\/\/learnspanishinperu.net\/wp-content\/uploads\/2015\/10\/P1100266-300x225.jpg\" \/>\n<meta name=\"twitter:card\" content=\"summary_large_image\" \/>\n<meta name=\"twitter:site\" content=\"@MASpanishschool\" \/>\n<meta name=\"twitter:label1\" content=\"Gesch\u00e4tzte Lesezeit\" \/>\n\t<meta name=\"twitter:data1\" content=\"2 Minuten\" \/>\n<!-- \/ Yoast SEO plugin. -->","yoast_head_json":{"title":"Freiwilligenprogramm f\u00fcr soziale Hilfe - Mundo Antiguo in Cusco, Peru","description":"Unser Freiwilligenprogramm f\u00fcr soziale Hilfe konzentriert sich auf die Bereitstellung von Nahrungsmitteln und Unterst\u00fctzung","robots":{"index":"index","follow":"follow","max-snippet":"max-snippet:-1","max-image-preview":"max-image-preview:large","max-video-preview":"max-video-preview:-1"},"canonical":"https:\/\/learnspanishinperu.net\/de\/freiwilligenarbeit\/soziale-hilfe\/","og_locale":"de_DE","og_type":"article","og_title":"Freiwilligenprogramm f\u00fcr soziale Hilfe - Mundo Antiguo in Cusco, Peru","og_description":"Unser Freiwilligenprogramm f\u00fcr soziale Hilfe konzentriert sich auf die Bereitstellung von Nahrungsmitteln und Unterst\u00fctzung","og_url":"https:\/\/learnspanishinperu.net\/de\/freiwilligenarbeit\/soziale-hilfe\/","og_site_name":"Mundo Antiguo","article_publisher":"http:\/\/www.facebook.com\/MundoAntiguoSpanishSchool","article_modified_time":"2025-04-24T15:14:46+00:00","og_image":[{"url":"https:\/\/learnspanishinperu.net\/wp-content\/uploads\/2015\/10\/P1100266-300x225.jpg","type":"","width":"","height":""}],"twitter_card":"summary_large_image","twitter_site":"@MASpanishschool","twitter_misc":{"Gesch\u00e4tzte Lesezeit":"2 Minuten"},"schema":{"@context":"https:\/\/schema.org","@graph":[{"@type":"WebPage","@id":"https:\/\/learnspanishinperu.net\/de\/freiwilligenarbeit\/soziale-hilfe\/","url":"https:\/\/learnspanishinperu.net\/de\/freiwilligenarbeit\/soziale-hilfe\/","name":"Freiwilligenprogramm f\u00fcr soziale Hilfe - Mundo Antiguo in Cusco, Peru","isPartOf":{"@id":"https:\/\/learnspanishinperu.net\/#website"},"primaryImageOfPage":{"@id":"https:\/\/learnspanishinperu.net\/de\/freiwilligenarbeit\/soziale-hilfe\/#primaryimage"},"image":{"@id":"https:\/\/learnspanishinperu.net\/de\/freiwilligenarbeit\/soziale-hilfe\/#primaryimage"},"thumbnailUrl":"https:\/\/learnspanishinperu.net\/wp-content\/uploads\/2015\/10\/P1100266-300x225.jpg","datePublished":"2025-04-24T15:03:56+00:00","dateModified":"2025-04-24T15:14:46+00:00","description":"Unser Freiwilligenprogramm f\u00fcr soziale Hilfe konzentriert sich auf die Bereitstellung von Nahrungsmitteln und Unterst\u00fctzung","breadcrumb":{"@id":"https:\/\/learnspanishinperu.net\/de\/freiwilligenarbeit\/soziale-hilfe\/#breadcrumb"},"inLanguage":"de-DE","potentialAction":[{"@type":"ReadAction","target":["https:\/\/learnspanishinperu.net\/de\/freiwilligenarbeit\/soziale-hilfe\/"]}]},{"@type":"ImageObject","inLanguage":"de-DE","@id":"https:\/\/learnspanishinperu.net\/de\/freiwilligenarbeit\/soziale-hilfe\/#primaryimage","url":"https:\/\/learnspanishinperu.net\/wp-content\/uploads\/2015\/10\/P1100266-300x225.jpg","contentUrl":"https:\/\/learnspanishinperu.net\/wp-content\/uploads\/2015\/10\/P1100266-300x225.jpg"},{"@type":"BreadcrumbList","@id":"https:\/\/learnspanishinperu.net\/de\/freiwilligenarbeit\/soziale-hilfe\/#breadcrumb","itemListElement":[{"@type":"ListItem","position":1,"name":"Home","item":"https:\/\/learnspanishinperu.net\/de\/"},{"@type":"ListItem","position":2,"name":"Freiwilligenarbeit","item":"https:\/\/learnspanishinperu.net\/de\/freiwilligenarbeit\/"},{"@type":"ListItem","position":3,"name":"Freiwilligenprogramm f\u00fcr soziale Hilfe"}]},{"@type":"WebSite","@id":"https:\/\/learnspanishinperu.net\/#website","url":"https:\/\/learnspanishinperu.net\/","name":"Mundo Antiguo","description":"Spanish school Cusco","publisher":{"@id":"https:\/\/learnspanishinperu.net\/#organization"},"potentialAction":[{"@type":"SearchAction","target":{"@type":"EntryPoint","urlTemplate":"https:\/\/learnspanishinperu.net\/?s={search_term_string}"},"query-input":{"@type":"PropertyValueSpecification","valueRequired":true,"valueName":"search_term_string"}}],"inLanguage":"de-DE"},{"@type":"Organization","@id":"https:\/\/learnspanishinperu.net\/#organization","name":"Mundo Antiguo","url":"https:\/\/learnspanishinperu.net\/","logo":{"@type":"ImageObject","inLanguage":"de-DE","@id":"https:\/\/learnspanishinperu.net\/#\/schema\/logo\/image\/","url":"https:\/\/learnspanishinperu.net\/wp-content\/uploads\/2016\/04\/logo-Spanish-school-Cusco-Peru-e1547820355169.jpg","contentUrl":"https:\/\/learnspanishinperu.net\/wp-content\/uploads\/2016\/04\/logo-Spanish-school-Cusco-Peru-e1547820355169.jpg","width":100,"height":83,"caption":"Mundo Antiguo"},"image":{"@id":"https:\/\/learnspanishinperu.net\/#\/schema\/logo\/image\/"},"sameAs":["http:\/\/www.facebook.com\/MundoAntiguoSpanishSchool","https:\/\/x.com\/MASpanishschool","https:\/\/www.instagram.com\/mundoantiguo_spanishschool\/","https:\/\/www.linkedin.com\/company\/mundo-antiguo-spanish-school","http:\/\/www.pinterest.com\/mundoantiguo\/"]}]}},"_links":{"self":[{"href":"https:\/\/learnspanishinperu.net\/de\/wp-json\/wp\/v2\/pages\/49089","targetHints":{"allow":["GET"]}}],"collection":[{"href":"https:\/\/learnspanishinperu.net\/de\/wp-json\/wp\/v2\/pages"}],"about":[{"href":"https:\/\/learnspanishinperu.net\/de\/wp-json\/wp\/v2\/types\/page"}],"author":[{"embeddable":true,"href":"https:\/\/learnspanishinperu.net\/de\/wp-json\/wp\/v2\/users\/1"}],"replies":[{"embeddable":true,"href":"https:\/\/learnspanishinperu.net\/de\/wp-json\/wp\/v2\/comments?post=49089"}],"version-history":[{"count":8,"href":"https:\/\/learnspanishinperu.net\/de\/wp-json\/wp\/v2\/pages\/49089\/revisions"}],"predecessor-version":[{"id":49106,"href":"https:\/\/learnspanishinperu.net\/de\/wp-json\/wp\/v2\/pages\/49089\/revisions\/49106"}],"up":[{"embeddable":true,"href":"https:\/\/learnspanishinperu.net\/de\/wp-json\/wp\/v2\/pages\/5779"}],"wp:attachment":[{"href":"https:\/\/learnspanishinperu.net\/de\/wp-json\/wp\/v2\/media?parent=49089"}],"curies":[{"name":"wp","href":"https:\/\/api.w.org\/{rel}","templated":true}]}}