{"id":45321,"date":"2023-11-27T10:40:50","date_gmt":"2023-11-27T15:40:50","guid":{"rendered":"https:\/\/learnspanishinperu.net\/?page_id=45321"},"modified":"2023-11-27T10:48:48","modified_gmt":"2023-11-27T15:48:48","slug":"regenbogenberg","status":"publish","type":"page","link":"https:\/\/learnspanishinperu.net\/de\/touren-peru\/regenbogenberg\/","title":{"rendered":"Regenbogenberg"},"content":{"rendered":"\n<div class=\"wp-block-group\"><div class=\"wp-block-group__inner-container is-layout-flow wp-block-group-is-layout-flow\">\n<div class=\"wp-block-cover alignfull is-light has-parallax mt-0\" style=\"min-height:460px;aspect-ratio:unset;\"><span aria-hidden=\"true\" class=\"wp-block-cover__background has-background-dim-10 has-background-dim\"><\/span><div role=\"img\" class=\"wp-block-cover__image-background wp-image-45283 has-parallax lazyload\" style=\"background-position:50% 50%;background-image:inherit\" data-bg-image=\"url(https:\/\/learnspanishinperu.net\/wp-content\/uploads\/2023\/11\/WhatsApp-Image-2019-04-25-at-00.32.44.jpeg)\"><\/div><div class=\"wp-block-cover__inner-container is-layout-flow wp-block-cover-is-layout-flow\">\n<h1 class=\"wp-block-heading has-text-align-center has-white-color has-text-color\" style=\"font-size:60px\">Regenbogenberg<\/h1>\n\n\n\n<p class=\"has-text-align-center has-white-color has-text-color has-5-xl-font-size\"><em>Wundersch\u00f6ne Berglandschaft!<\/em><\/p>\n<\/div><\/div>\n\n\n\n<div style=\"height:70px\" aria-hidden=\"true\" class=\"wp-block-spacer\"><\/div>\n\n\n\n<div class=\"wp-block-group has-background coblocks-animate\" style=\"background-color:#e7e7e7\" data-coblocks-animation=\"slideInLeft\"><div class=\"wp-block-group__inner-container is-layout-flow wp-block-group-is-layout-flow\">\n<h2 class=\"wp-block-heading has-text-align-center\" id=\"machu-picchu-by-train\">Regenbogenberg <\/h2>\n\n\n<div class=\"wp-block-image is-style-bottom-wave\">\n<figure class=\"alignright size-medium\"><a href=\"https:\/\/learnspanishinperu.net\/wp-content\/uploads\/2023\/11\/IMG-20190823-WA0010.jpg\"><img decoding=\"async\" width=\"300\" height=\"225\" data-src=\"https:\/\/learnspanishinperu.net\/wp-content\/uploads\/2023\/11\/IMG-20190823-WA0010-300x225.jpg\" alt=\"\" class=\"wp-image-45276 lazyload\" title=\"Machu Picchu Peru\" data-srcset=\"https:\/\/learnspanishinperu.net\/wp-content\/uploads\/2023\/11\/IMG-20190823-WA0010-300x225.jpg 300w, https:\/\/learnspanishinperu.net\/wp-content\/uploads\/2023\/11\/IMG-20190823-WA0010-1024x768.jpg 1024w, https:\/\/learnspanishinperu.net\/wp-content\/uploads\/2023\/11\/IMG-20190823-WA0010-768x576.jpg 768w, https:\/\/learnspanishinperu.net\/wp-content\/uploads\/2023\/11\/IMG-20190823-WA0010-1536x1152.jpg 1536w, https:\/\/learnspanishinperu.net\/wp-content\/uploads\/2023\/11\/IMG-20190823-WA0010-373x280.jpg 373w, https:\/\/learnspanishinperu.net\/wp-content\/uploads\/2023\/11\/IMG-20190823-WA0010.jpg 1600w\" data-sizes=\"(max-width: 300px) 100vw, 300px\" src=\"data:image\/svg+xml;base64,PHN2ZyB3aWR0aD0iMSIgaGVpZ2h0PSIxIiB4bWxucz0iaHR0cDovL3d3dy53My5vcmcvMjAwMC9zdmciPjwvc3ZnPg==\" style=\"--smush-placeholder-width: 300px; --smush-placeholder-aspect-ratio: 300\/225;\" \/><\/a><\/figure>\n<\/div>\n\n\n<p>Perus Regenbogenberg, auch <strong>Vinicunca<\/strong> genannt, ist atemberaubend und liegt in der N\u00e4he des Ausangate-Berges. Ausangate ist mit einer H\u00f6he von 6.384 Metern der f\u00fcnfth\u00f6chste Berg Perus. Ausangate gilt als der wichtigste Berg im andinen Weltbild. <\/p>\n\n\n\n<p>Der Berg besteht aus <strong>14 verschiedenen bunten Mineralien<\/strong>. Das regenbogenartige Erscheinungsbild entsteht durch die Ablagerung von Mineralien im gesamten Gebiet, die dem Berg T\u00fcrkis, Lavendel, Gold und andere Farben verleihen. Bis 2013 war der Berg nicht sichtbar, da er st\u00e4ndig mit Schnee bedeckt war. Heute ist es eine der Top-Touristenattraktionen in Peru, also sollten Sie es sich nicht entgehen lassen, wenn Sie in Cusco sind!<\/p>\n\n\n\n<p><\/p>\n<\/div><\/div>\n\n\n\n<div style=\"height:70px\" aria-hidden=\"true\" class=\"wp-block-spacer\"><\/div>\n\n\n\n<div class=\"wp-block-group has-background coblocks-animate\" style=\"background-color:#e7e7e7\" data-coblocks-animation=\"slideInRight\"><div class=\"wp-block-group__inner-container is-layout-flow wp-block-group-is-layout-flow\">\n<h2 class=\"wp-block-heading has-text-align-center\" id=\"machu-picchu-by-train-tour\">Regenbogenberg-Tour<\/h2>\n\n\n<div class=\"wp-block-image is-style-bottom-wave\">\n<figure class=\"alignright size-medium\"><a href=\"https:\/\/learnspanishinperu.net\/wp-content\/uploads\/2023\/11\/IMG-20190823-WA0012.jpg\"><img decoding=\"async\" width=\"225\" height=\"300\" data-src=\"https:\/\/learnspanishinperu.net\/wp-content\/uploads\/2023\/11\/IMG-20190823-WA0012-225x300.jpg\" alt=\"\" class=\"wp-image-45290 lazyload\" title=\"Machu Picchu\" data-srcset=\"https:\/\/learnspanishinperu.net\/wp-content\/uploads\/2023\/11\/IMG-20190823-WA0012-225x300.jpg 225w, https:\/\/learnspanishinperu.net\/wp-content\/uploads\/2023\/11\/IMG-20190823-WA0012-768x1024.jpg 768w, https:\/\/learnspanishinperu.net\/wp-content\/uploads\/2023\/11\/IMG-20190823-WA0012-1152x1536.jpg 1152w, https:\/\/learnspanishinperu.net\/wp-content\/uploads\/2023\/11\/IMG-20190823-WA0012.jpg 1200w\" data-sizes=\"(max-width: 225px) 100vw, 225px\" src=\"data:image\/svg+xml;base64,PHN2ZyB3aWR0aD0iMSIgaGVpZ2h0PSIxIiB4bWxucz0iaHR0cDovL3d3dy53My5vcmcvMjAwMC9zdmciPjwvc3ZnPg==\" style=\"--smush-placeholder-width: 225px; --smush-placeholder-aspect-ratio: 225\/300;\" \/><\/a><\/figure>\n<\/div>\n\n\n<p>Die Route ist wirklich einzigartig und ein echtes Abenteuer durch erhaltene wilde Natur und umfasst Puka Punta, die \u201erote Linie\u201c, einen Berg im Vilcanota-Gebirge und kleine Gemeinden mit Quechua-sprechenden Nachkommen. Die Rainbow Mountain-Route erreicht H\u00f6hen zwischen 4710 und 5200 Metern und bietet <strong>atemberaubende Ausblicke<\/strong> aus der Adlerperspektive. Die eint\u00e4gige Vinicunca-Tour bietet Reisenden eine wundersch\u00f6ne Wanderung in den Anden. <\/p>\n\n\n\n<p>Sie werden sehr fr\u00fch abgeholt und fahren dann nach S\u00fcden durch die Stadt Urcos zum Bezirk Checacupe und folgen dann dem Weg nach Pitumarca. Wir setzen die Stra\u00dfe durch kleine D\u00f6rfer fort, bis wir die Gemeinde Hanchipata \u2013 Quesuno erreichen, den idealen Ausgangspunkt f\u00fcr die Wanderung. Wir werden viele Berge wie <strong>Ausangate<\/strong>, wundersch\u00f6ne blaue Lagunen und viele andere Naturschutzgebiete sehen. <\/p>\n\n\n\n<p>Die Wanderung ist nicht lang, aber die H\u00f6he macht sie anspruchsvoll (\u00fcber 5100 Meter). Aber lassen Sie sich davon nicht abschrecken, denn es ist eine der besten Tageswanderungen in Peru! F\u00fcr die St\u00e4rksten k\u00f6nnen Sie vom Rainbow Mountain durch das <strong>Red Valley<\/strong> bis zum Gipfel gehen. Von dort aus haben Sie ein atemberaubendes Panorama kilometerlanger roter W\u00fcste mit Berggipfeln in verschiedenen Farben.<\/p>\n\n\n\n<div style=\"height:10px\" aria-hidden=\"true\" class=\"wp-block-spacer\"><\/div>\n<\/div><\/div>\n\n\n\n<blockquote class=\"wp-block-quote is-style-large is-style-plain has-2-xl-font-size is-layout-flow wp-block-quote-is-layout-flow\" style=\"font-style:normal;font-weight:400\">\n<p>Details zum Regenbogenberg:<\/p>\n<cite><em>Preis: auf Anfrage<br \/>Dauer: 1 ganzer Tag<br \/>Abfahrtstermine: t\u00e4gliche Abfahrten<\/em><\/cite><\/blockquote>\n\n\n\n<div style=\"height:20px\" aria-hidden=\"true\" class=\"wp-block-spacer\"><\/div>\n\n\n\n<div class=\"wp-block-buttons is-horizontal is-content-justification-center is-layout-flex wp-container-core-buttons-is-layout-499968f5 wp-block-buttons-is-layout-flex\">\n<div class=\"wp-block-button\"><a class=\"wp-block-button__link has-background wp-element-button\" href=\"https:\/\/learnspanishinperu.net\/de\/preise\/\" style=\"background-color:#008000\">Preis anfragen!<\/a><\/div>\n\n\n\n<div class=\"wp-block-button\"><a class=\"wp-block-button__link has-background wp-element-button\" href=\"https:\/\/learnspanishinperu.net\/de\/touren-peru\/wanderungen-nach-machu-picchu\/\" style=\"background-color:#ffa500\">4 Wanderungen nach Machu Picchu<\/a><\/div>\n\n\n\n<div class=\"wp-block-button\"><a class=\"wp-block-button__link has-background wp-element-button\" href=\"https:\/\/learnspanishinperu.net\/de\/programme\/\" style=\"background-color:#0000ff\">Unsere Programme<\/a><\/div>\n\n\n\n<div class=\"wp-block-button\"><a class=\"wp-block-button__link has-background wp-element-button\" href=\"https:\/\/learnspanishinperu.net\/de\/touren-peru\/highlights\/\" style=\"background-color:#a52a2a\">H\u00f6hepunkte Perus<\/a><\/div>\n<\/div>\n<\/div><\/div>\n\n\n\n<div style=\"height:30px\" aria-hidden=\"true\" class=\"wp-block-spacer\"><\/div>\n","protected":false},"excerpt":{"rendered":"<p>Regenbogenberg Perus Regenbogenberg, auch Vinicunca genannt, ist atemberaubend und liegt in der N\u00e4he des Ausangate-Berges. Ausangate ist mit einer H\u00f6he von 6.384 Metern der f\u00fcnfth\u00f6chste Berg Perus. Ausangate gilt als der wichtigste Berg im andinen Weltbild. Der Berg besteht aus 14 verschiedenen bunten Mineralien. Das regenbogenartige Erscheinungsbild entsteht durch die Ablagerung von Mineralien im gesamten&hellip;<\/p>\n<p class=\"more\"><a class=\"more-link\" href=\"https:\/\/learnspanishinperu.net\/de\/touren-peru\/regenbogenberg\/\">Continue reading <span class=\"screen-reader-text\">Regenbogenberg<\/span><\/a><\/p>\n","protected":false},"author":1,"featured_media":0,"parent":17550,"menu_order":0,"comment_status":"closed","ping_status":"closed","template":"page-templates\/wide.php","meta":{"_coblocks_attr":"","_coblocks_dimensions":"","_coblocks_responsive_height":"","_coblocks_accordion_ie_support":"","footnotes":""},"class_list":["post-45321","page","type-page","status-publish","hentry","entry"],"yoast_head":"<!-- This site is optimized with the Yoast SEO plugin v27.5 - https:\/\/yoast.com\/product\/yoast-seo-wordpress\/ -->\n<title>Regenbogenberg - Mundo Antiguo - Rainbow Mountain Cusco Peru<\/title>\n<meta name=\"description\" content=\"Regenbogenberg ist Vinicuncas Spitzname. Buchen Sie Rainbow Mountain ab Cusco und genie\u00dfen Sie diese wundersch\u00f6ne Andenlandschaft!\" \/>\n<meta name=\"robots\" content=\"index, follow, max-snippet:-1, max-image-preview:large, max-video-preview:-1\" \/>\n<link rel=\"canonical\" href=\"https:\/\/learnspanishinperu.net\/de\/touren-peru\/regenbogenberg\/\" \/>\n<meta property=\"og:locale\" content=\"de_DE\" \/>\n<meta property=\"og:type\" content=\"article\" \/>\n<meta property=\"og:title\" content=\"Regenbogenberg - Mundo Antiguo - Rainbow Mountain Cusco Peru\" \/>\n<meta property=\"og:description\" content=\"Regenbogenberg ist Vinicuncas Spitzname. Buchen Sie Rainbow Mountain ab Cusco und genie\u00dfen Sie diese wundersch\u00f6ne Andenlandschaft!\" \/>\n<meta property=\"og:url\" content=\"https:\/\/learnspanishinperu.net\/de\/touren-peru\/regenbogenberg\/\" \/>\n<meta property=\"og:site_name\" content=\"Mundo Antiguo\" \/>\n<meta property=\"article:publisher\" content=\"http:\/\/www.facebook.com\/MundoAntiguoSpanishSchool\" \/>\n<meta property=\"article:modified_time\" content=\"2023-11-27T15:48:48+00:00\" \/>\n<meta property=\"og:image\" content=\"https:\/\/learnspanishinperu.net\/wp-content\/uploads\/2023\/11\/IMG-20190823-WA0010-300x225.jpg\" \/>\n<meta name=\"twitter:card\" content=\"summary_large_image\" \/>\n<meta name=\"twitter:site\" content=\"@MASpanishschool\" \/>\n<meta name=\"twitter:label1\" content=\"Gesch\u00e4tzte Lesezeit\" \/>\n\t<meta name=\"twitter:data1\" content=\"2 Minuten\" \/>\n<!-- \/ Yoast SEO plugin. -->","yoast_head_json":{"title":"Regenbogenberg - Mundo Antiguo - Rainbow Mountain Cusco Peru","description":"Regenbogenberg ist Vinicuncas Spitzname. Buchen Sie Rainbow Mountain ab Cusco und genie\u00dfen Sie diese wundersch\u00f6ne Andenlandschaft!","robots":{"index":"index","follow":"follow","max-snippet":"max-snippet:-1","max-image-preview":"max-image-preview:large","max-video-preview":"max-video-preview:-1"},"canonical":"https:\/\/learnspanishinperu.net\/de\/touren-peru\/regenbogenberg\/","og_locale":"de_DE","og_type":"article","og_title":"Regenbogenberg - Mundo Antiguo - Rainbow Mountain Cusco Peru","og_description":"Regenbogenberg ist Vinicuncas Spitzname. Buchen Sie Rainbow Mountain ab Cusco und genie\u00dfen Sie diese wundersch\u00f6ne Andenlandschaft!","og_url":"https:\/\/learnspanishinperu.net\/de\/touren-peru\/regenbogenberg\/","og_site_name":"Mundo Antiguo","article_publisher":"http:\/\/www.facebook.com\/MundoAntiguoSpanishSchool","article_modified_time":"2023-11-27T15:48:48+00:00","og_image":[{"url":"https:\/\/learnspanishinperu.net\/wp-content\/uploads\/2023\/11\/IMG-20190823-WA0010-300x225.jpg","type":"","width":"","height":""}],"twitter_card":"summary_large_image","twitter_site":"@MASpanishschool","twitter_misc":{"Gesch\u00e4tzte Lesezeit":"2 Minuten"},"schema":{"@context":"https:\/\/schema.org","@graph":[{"@type":"WebPage","@id":"https:\/\/learnspanishinperu.net\/de\/touren-peru\/regenbogenberg\/","url":"https:\/\/learnspanishinperu.net\/de\/touren-peru\/regenbogenberg\/","name":"Regenbogenberg - Mundo Antiguo - Rainbow Mountain Cusco Peru","isPartOf":{"@id":"https:\/\/learnspanishinperu.net\/#website"},"primaryImageOfPage":{"@id":"https:\/\/learnspanishinperu.net\/de\/touren-peru\/regenbogenberg\/#primaryimage"},"image":{"@id":"https:\/\/learnspanishinperu.net\/de\/touren-peru\/regenbogenberg\/#primaryimage"},"thumbnailUrl":"https:\/\/learnspanishinperu.net\/wp-content\/uploads\/2023\/11\/IMG-20190823-WA0010-300x225.jpg","datePublished":"2023-11-27T15:40:50+00:00","dateModified":"2023-11-27T15:48:48+00:00","description":"Regenbogenberg ist Vinicuncas Spitzname. Buchen Sie Rainbow Mountain ab Cusco und genie\u00dfen Sie diese wundersch\u00f6ne Andenlandschaft!","breadcrumb":{"@id":"https:\/\/learnspanishinperu.net\/de\/touren-peru\/regenbogenberg\/#breadcrumb"},"inLanguage":"de-DE","potentialAction":[{"@type":"ReadAction","target":["https:\/\/learnspanishinperu.net\/de\/touren-peru\/regenbogenberg\/"]}]},{"@type":"ImageObject","inLanguage":"de-DE","@id":"https:\/\/learnspanishinperu.net\/de\/touren-peru\/regenbogenberg\/#primaryimage","url":"https:\/\/learnspanishinperu.net\/wp-content\/uploads\/2023\/11\/IMG-20190823-WA0010-300x225.jpg","contentUrl":"https:\/\/learnspanishinperu.net\/wp-content\/uploads\/2023\/11\/IMG-20190823-WA0010-300x225.jpg"},{"@type":"BreadcrumbList","@id":"https:\/\/learnspanishinperu.net\/de\/touren-peru\/regenbogenberg\/#breadcrumb","itemListElement":[{"@type":"ListItem","position":1,"name":"Home","item":"https:\/\/learnspanishinperu.net\/de\/"},{"@type":"ListItem","position":2,"name":"Touren in Peru","item":"https:\/\/learnspanishinperu.net\/de\/touren-peru\/"},{"@type":"ListItem","position":3,"name":"Regenbogenberg"}]},{"@type":"WebSite","@id":"https:\/\/learnspanishinperu.net\/#website","url":"https:\/\/learnspanishinperu.net\/","name":"Mundo Antiguo","description":"Spanish school Cusco","publisher":{"@id":"https:\/\/learnspanishinperu.net\/#organization"},"potentialAction":[{"@type":"SearchAction","target":{"@type":"EntryPoint","urlTemplate":"https:\/\/learnspanishinperu.net\/?s={search_term_string}"},"query-input":{"@type":"PropertyValueSpecification","valueRequired":true,"valueName":"search_term_string"}}],"inLanguage":"de-DE"},{"@type":"Organization","@id":"https:\/\/learnspanishinperu.net\/#organization","name":"Mundo Antiguo","url":"https:\/\/learnspanishinperu.net\/","logo":{"@type":"ImageObject","inLanguage":"de-DE","@id":"https:\/\/learnspanishinperu.net\/#\/schema\/logo\/image\/","url":"https:\/\/learnspanishinperu.net\/wp-content\/uploads\/2016\/04\/logo-Spanish-school-Cusco-Peru-e1547820355169.jpg","contentUrl":"https:\/\/learnspanishinperu.net\/wp-content\/uploads\/2016\/04\/logo-Spanish-school-Cusco-Peru-e1547820355169.jpg","width":100,"height":83,"caption":"Mundo Antiguo"},"image":{"@id":"https:\/\/learnspanishinperu.net\/#\/schema\/logo\/image\/"},"sameAs":["http:\/\/www.facebook.com\/MundoAntiguoSpanishSchool","https:\/\/x.com\/MASpanishschool","https:\/\/www.instagram.com\/mundoantiguo_spanishschool\/","https:\/\/www.linkedin.com\/company\/mundo-antiguo-spanish-school","http:\/\/www.pinterest.com\/mundoantiguo\/"]}]}},"_links":{"self":[{"href":"https:\/\/learnspanishinperu.net\/de\/wp-json\/wp\/v2\/pages\/45321","targetHints":{"allow":["GET"]}}],"collection":[{"href":"https:\/\/learnspanishinperu.net\/de\/wp-json\/wp\/v2\/pages"}],"about":[{"href":"https:\/\/learnspanishinperu.net\/de\/wp-json\/wp\/v2\/types\/page"}],"author":[{"embeddable":true,"href":"https:\/\/learnspanishinperu.net\/de\/wp-json\/wp\/v2\/users\/1"}],"replies":[{"embeddable":true,"href":"https:\/\/learnspanishinperu.net\/de\/wp-json\/wp\/v2\/comments?post=45321"}],"version-history":[{"count":3,"href":"https:\/\/learnspanishinperu.net\/de\/wp-json\/wp\/v2\/pages\/45321\/revisions"}],"predecessor-version":[{"id":45327,"href":"https:\/\/learnspanishinperu.net\/de\/wp-json\/wp\/v2\/pages\/45321\/revisions\/45327"}],"up":[{"embeddable":true,"href":"https:\/\/learnspanishinperu.net\/de\/wp-json\/wp\/v2\/pages\/17550"}],"wp:attachment":[{"href":"https:\/\/learnspanishinperu.net\/de\/wp-json\/wp\/v2\/media?parent=45321"}],"curies":[{"name":"wp","href":"https:\/\/api.w.org\/{rel}","templated":true}]}}