{"id":44830,"date":"2023-10-04T11:38:26","date_gmt":"2023-10-04T16:38:26","guid":{"rendered":"https:\/\/learnspanishinperu.net\/?page_id=44830"},"modified":"2023-10-04T11:40:20","modified_gmt":"2023-10-04T16:40:20","slug":"spanisch","status":"publish","type":"page","link":"https:\/\/learnspanishinperu.net\/de\/faq\/spanisch\/","title":{"rendered":"Spanisch"},"content":{"rendered":"\n<div class=\"wp-block-cover alignfull has-parallax\" style=\"min-height:460px;aspect-ratio:unset;\"><span aria-hidden=\"true\" class=\"wp-block-cover__background has-background-dim-10 has-background-dim\"><\/span><div role=\"img\" class=\"wp-block-cover__image-background wp-image-19648 has-parallax lazyload\" style=\"background-position:50% 50%;background-image:inherit\" data-bg-image=\"url(https:\/\/learnspanishinperu.net\/wp-content\/uploads\/2021\/05\/qtq80-35t3EN.jpeg)\"><\/div><div class=\"wp-block-cover__inner-container is-layout-flow wp-block-cover-is-layout-flow\">\n<h1 class=\"wp-block-heading has-text-align-center has-white-color has-text-color\" style=\"font-size:60px\">Mundo Antiguo Spanischschule Cusco<\/h1>\n\n\n\n<p class=\"has-text-align-center has-white-color has-text-color has-5-xl-font-size\"><em>Kommen Sie nach Cusco f\u00fcr ein einzigartiges Erlebnis!<\/em><\/p>\n<\/div><\/div>\n\n\n\n<div style=\"height:50px\" aria-hidden=\"true\" class=\"wp-block-spacer\"><\/div>\n\n\n\n<blockquote class=\"wp-block-quote has-text-align-center is-style-plain has-2-xl-font-size is-layout-flow wp-block-quote-is-layout-flow\" style=\"font-style:normal;font-weight:400\">\n<p>Unsere Antworten auf einige der am h\u00e4ufigsten gestellten Fragen zu Spanisch in Peru<\/p>\n<cite><em><a href=\"#peruvian-spanish\">Ist peruanisches Spanisch leicht zu verstehen?&nbsp;<\/a><br \/><a href=\"#spanish-important\">Warum ist Spanisch so wichtig?<\/a>&nbsp;<br \/><a href=\"#benefits-spanish\">Was sind die 5 Vorteile des Spanischlernens?<\/a>&nbsp;<br \/><a href=\"#peru-perfect\">Warum ist Peru der perfekte Ort, um Spanisch zu lernen?<\/a>&nbsp;<br \/><a href=\"http:\/\/cusco-spanish\">Ist Cusco ein guter Ort, um Spanisch zu lernen?<\/a>&nbsp;<br \/><a href=\"#fluent-spanish\">Wie schnell k\u00f6nnen Sie flie\u00dfend Spanisch sprechen?<\/a><br \/><a href=\"#spanish-by-myself\">Wie kann ich alleine Spanisch lernen?<\/a><\/em><\/cite><\/blockquote>\n\n\n\n<div style=\"height:40px\" aria-hidden=\"true\" class=\"wp-block-spacer\"><\/div>\n\n\n\n<div class=\"wp-block-group has-background\" style=\"background-color:#e7e7e7\"><div class=\"wp-block-group__inner-container is-layout-flow wp-block-group-is-layout-flow\">\n<p id=\"peruvian-spanish\"><strong>Ist peruanisches Spanisch leicht zu verstehen?<\/strong>&nbsp;<\/p>\n\n\n\n<p>Die kurze Antwort lautet: Ja! Der peruanische Akzent ist wirklich klar und leicht zu verstehen. Peruaner sprechen nicht schnell und sprechen den Dialekt, der im gr\u00f6\u00dften Teil Lateinamerikas gesprochen wird. Da es sich um einen klaren Dialekt handelt und in den meisten Teilen Lateinamerikas gesprochen wird, ist Peru das perfekte Land, um mit dem Spanischlernen zu beginnen.<\/p>\n\n\n\n<p id=\"spanish-important\"><strong>Warum ist Spanisch so wichtig?&nbsp;<\/strong>&nbsp;<\/p>\n\n\n\n<p>Spanisch ist die offizielle Sprache von 21 L\u00e4ndern, die haupts\u00e4chlich auf dem amerikanischen Kontinent liegen. Mit etwa 500 Millionen Muttersprachlern ist Spanisch nach Mandarin-Chinesisch die am zweith\u00e4ufigsten gesprochene Muttersprache der Welt und insgesamt die vierth\u00e4ufigste gesprochene Sprache der Welt. Es ist eine der am h\u00e4ufigsten unterrichteten Fremdsprachen weltweit und Spanisch ist auch die am dritth\u00e4ufigsten verwendete Sprache auf Internetseiten.<\/p>\n\n\n\n<p>Spanisch ist eine der sechs Amtssprachen der Vereinten Nationen und wird von der Europ\u00e4ischen Union und vielen anderen internationalen Organisationen als Amtssprache verwendet.<\/p>\n\n\n\n<p id=\"benefits-spanish\"><strong>Was sind die 5 Vorteile des Spanischlernens?&nbsp;<\/strong><\/p>\n\n\n\n<ol class=\"is-style-default wp-block-list\">\n<li>Sie k\u00f6nnen in eine neue Kultur eintauchen. Lateinamerika hat eine sehr reiche Kultur, die f\u00fcr ihre Musik, Literatur, Tanz, Essen und Filme bekannt ist.<\/li>\n\n\n\n<li>Wenn Sie Spanisch sprechen, wird das Reisen zu einem einfacheren und erf\u00fcllenderen Erlebnis und Sie k\u00f6nnen mit den Menschen in Kontakt treten, die das Reisen zu einem kulturellen Erlebnis machen.<\/li>\n\n\n\n<li>Wenn Sie Spanisch sprechen, \u00f6ffnet sich Ihnen der Arbeitsmarkt in 21 L\u00e4ndern. Und Spanisch kann Ihnen mehr Jobchancen er\u00f6ffnen und Sie k\u00f6nnen sich auch von anderen Jobkandidaten in anderen L\u00e4ndern abheben. Vor allem in den USA findet man sicherlich spanischsprachige Kunden und Kollegen.<\/li>\n\n\n\n<li>Als eine der meistgesprochenen Sprachen der Welt wird Spanisch in vielen wichtigen internationalen Organisationen verwendet. Wenn Sie also eine internationale Karriere anstreben, ist Spanisch eine sehr wichtige Sprache.<\/li>\n\n\n\n<li>Spanisch ist eine der lateinischen bzw. romanischen Sprachen. Dies gilt auch f\u00fcr Portugiesisch, Franz\u00f6sisch und Italienisch. Da diese Sprachen wie Familienmitglieder sind, ist es sehr einfach, auch Franz\u00f6sisch, Italienisch oder Portugiesisch zu lernen, wenn man Spanisch spricht.&nbsp;<\/li>\n<\/ol>\n<\/div><\/div>\n\n\n\n<div style=\"height:70px\" aria-hidden=\"true\" class=\"wp-block-spacer\"><\/div>\n\n\n\n<figure class=\"wp-block-gallery has-nested-images columns-4 is-cropped wp-block-gallery-1 is-layout-flex wp-block-gallery-is-layout-flex\">\n<figure class=\"wp-block-image size-large\"><a href=\"https:\/\/learnspanishinperu.net\/wp-content\/uploads\/2021\/05\/qtq80-aEhHUJ.jpeg\"><img decoding=\"async\" width=\"2160\" height=\"1440\" data-id=\"20279\" data-src=\"https:\/\/learnspanishinperu.net\/wp-content\/uploads\/2021\/05\/qtq80-aEhHUJ.jpeg\" alt=\"\" class=\"wp-image-20279 lazyload\" data-srcset=\"https:\/\/learnspanishinperu.net\/wp-content\/uploads\/2021\/05\/qtq80-aEhHUJ.jpeg 2160w, https:\/\/learnspanishinperu.net\/wp-content\/uploads\/2021\/05\/qtq80-aEhHUJ-300x200.jpeg 300w, https:\/\/learnspanishinperu.net\/wp-content\/uploads\/2021\/05\/qtq80-aEhHUJ-1024x683.jpeg 1024w, https:\/\/learnspanishinperu.net\/wp-content\/uploads\/2021\/05\/qtq80-aEhHUJ-768x512.jpeg 768w, https:\/\/learnspanishinperu.net\/wp-content\/uploads\/2021\/05\/qtq80-aEhHUJ-1536x1024.jpeg 1536w, https:\/\/learnspanishinperu.net\/wp-content\/uploads\/2021\/05\/qtq80-aEhHUJ-2048x1365.jpeg 2048w\" data-sizes=\"(max-width: 2160px) 100vw, 2160px\" src=\"data:image\/svg+xml;base64,PHN2ZyB3aWR0aD0iMSIgaGVpZ2h0PSIxIiB4bWxucz0iaHR0cDovL3d3dy53My5vcmcvMjAwMC9zdmciPjwvc3ZnPg==\" style=\"--smush-placeholder-width: 2160px; --smush-placeholder-aspect-ratio: 2160\/1440;\" \/><\/a><\/figure>\n\n\n\n<figure class=\"wp-block-image size-large\"><a href=\"https:\/\/learnspanishinperu.net\/wp-content\/uploads\/2020\/07\/DSC03425-scaled.jpg\"><img decoding=\"async\" width=\"2560\" height=\"1439\" data-id=\"16007\" data-src=\"https:\/\/learnspanishinperu.net\/wp-content\/uploads\/2020\/07\/DSC03425-scaled.jpg\" alt=\"\" class=\"wp-image-16007 lazyload\" data-srcset=\"https:\/\/learnspanishinperu.net\/wp-content\/uploads\/2020\/07\/DSC03425-scaled.jpg 2560w, https:\/\/learnspanishinperu.net\/wp-content\/uploads\/2020\/07\/DSC03425-300x169.jpg 300w, https:\/\/learnspanishinperu.net\/wp-content\/uploads\/2020\/07\/DSC03425-1024x576.jpg 1024w, https:\/\/learnspanishinperu.net\/wp-content\/uploads\/2020\/07\/DSC03425-768x432.jpg 768w, https:\/\/learnspanishinperu.net\/wp-content\/uploads\/2020\/07\/DSC03425-1536x863.jpg 1536w, https:\/\/learnspanishinperu.net\/wp-content\/uploads\/2020\/07\/DSC03425-2048x1151.jpg 2048w, https:\/\/learnspanishinperu.net\/wp-content\/uploads\/2020\/07\/DSC03425-373x210.jpg 373w\" data-sizes=\"(max-width: 2560px) 100vw, 2560px\" src=\"data:image\/svg+xml;base64,PHN2ZyB3aWR0aD0iMSIgaGVpZ2h0PSIxIiB4bWxucz0iaHR0cDovL3d3dy53My5vcmcvMjAwMC9zdmciPjwvc3ZnPg==\" style=\"--smush-placeholder-width: 2560px; --smush-placeholder-aspect-ratio: 2560\/1439;\" \/><\/a><\/figure>\n\n\n\n<figure class=\"wp-block-image size-large\"><a href=\"https:\/\/learnspanishinperu.net\/wp-content\/uploads\/2021\/05\/qtq80-qGGYQF.jpeg\"><img decoding=\"async\" width=\"2160\" height=\"1440\" data-id=\"20262\" data-src=\"https:\/\/learnspanishinperu.net\/wp-content\/uploads\/2021\/05\/qtq80-qGGYQF.jpeg\" alt=\"\" class=\"wp-image-20262 lazyload\" data-srcset=\"https:\/\/learnspanishinperu.net\/wp-content\/uploads\/2021\/05\/qtq80-qGGYQF.jpeg 2160w, https:\/\/learnspanishinperu.net\/wp-content\/uploads\/2021\/05\/qtq80-qGGYQF-300x200.jpeg 300w, https:\/\/learnspanishinperu.net\/wp-content\/uploads\/2021\/05\/qtq80-qGGYQF-1024x683.jpeg 1024w, https:\/\/learnspanishinperu.net\/wp-content\/uploads\/2021\/05\/qtq80-qGGYQF-768x512.jpeg 768w, https:\/\/learnspanishinperu.net\/wp-content\/uploads\/2021\/05\/qtq80-qGGYQF-1536x1024.jpeg 1536w, https:\/\/learnspanishinperu.net\/wp-content\/uploads\/2021\/05\/qtq80-qGGYQF-2048x1365.jpeg 2048w\" data-sizes=\"(max-width: 2160px) 100vw, 2160px\" src=\"data:image\/svg+xml;base64,PHN2ZyB3aWR0aD0iMSIgaGVpZ2h0PSIxIiB4bWxucz0iaHR0cDovL3d3dy53My5vcmcvMjAwMC9zdmciPjwvc3ZnPg==\" style=\"--smush-placeholder-width: 2160px; --smush-placeholder-aspect-ratio: 2160\/1440;\" \/><\/a><\/figure>\n\n\n\n<figure class=\"wp-block-image size-large\"><a href=\"https:\/\/learnspanishinperu.net\/wp-content\/uploads\/2020\/08\/Private-classes-Spanish-e1624310832377.jpg\"><img decoding=\"async\" width=\"300\" height=\"225\" data-id=\"17010\" data-src=\"https:\/\/learnspanishinperu.net\/wp-content\/uploads\/2020\/08\/Private-classes-Spanish-e1624310832377.jpg\" alt=\"\" class=\"wp-image-17010 lazyload\" src=\"data:image\/svg+xml;base64,PHN2ZyB3aWR0aD0iMSIgaGVpZ2h0PSIxIiB4bWxucz0iaHR0cDovL3d3dy53My5vcmcvMjAwMC9zdmciPjwvc3ZnPg==\" style=\"--smush-placeholder-width: 300px; --smush-placeholder-aspect-ratio: 300\/225;\" \/><\/a><\/figure>\n<\/figure>\n\n\n\n<div style=\"height:40px\" aria-hidden=\"true\" class=\"wp-block-spacer\"><\/div>\n\n\n\n<div class=\"wp-block-group has-background\" style=\"background-color:#e7e7e7\"><div class=\"wp-block-group__inner-container is-layout-flow wp-block-group-is-layout-flow\">\n<p id=\"peru-perfect\"><strong>Warum ist Peru der perfekte Ort, um Spanisch zu lernen?<\/strong>&nbsp;<\/p>\n\n\n\n<p>Wenn Sie planen, einen Spanischkurs in einem spanischsprachigen Land zu absolvieren, sollten Sie unbedingt Peru als Ihr Reiseziel in Betracht ziehen. Das Land ist sehr interessant zu bereisen. Die moderne lateinamerikanische Kultur und die alte Inka-Kultur machen dieses Reiseziel zu einem der Top-Kulturziele, wobei ein Besuch in Machu Picchu zu den H\u00f6hepunkten z\u00e4hlt.<\/p>\n\n\n\n<p>Aber Peru hat auch eine abwechslungsreiche Topographie, die aus einer K\u00fcstenebene im Westen und einer W\u00fcste im S\u00fcden besteht. Die Anden im Zentrum. Und der Amazonas-Dschungel im Osten. Die Vielfalt ist auch am Klima zu erkennen. Peru hat 28 der 32 Klimazonen der Welt.<\/p>\n\n\n\n<p>Peru ist ein erschwingliches Land zum Leben, zum Spanischlernen oder zum Reisen. Das Essen ist weltber\u00fchmt und die Leute sind nett. Die Sprache in Peru ist fast akzentfrei und wird ziemlich langsam gesprochen.<\/p>\n\n\n\n<p id=\"cusco-spanish\"><strong>Ist Cusco ein guter Ort, um Spanisch zu lernen?<\/strong><\/p>\n\n\n\n<p>Cusco (oder Cuzco) liegt in den peruanischen Anden. Cusco war die Hauptstadt des ehemaligen Inka-Reiches. Cusco, die historische Hauptstadt Perus, ist das wichtigste Touristenziel in Peru. Cusco verf\u00fcgt also \u00fcber alle Einrichtungen und Infrastruktur, die Touristen ben\u00f6tigen, hat aber seine Wurzeln und sein kulturelles Erbe bewahrt. Dies macht Cusco zu einem beliebten Reiseziel f\u00fcr Reisende, die einige Zeit am selben Ort verbringen m\u00f6chten. Und Sprachstudenten sind sicherlich keine Ausnahme! In Cusco ist es sehr einfach, neue Leute kennenzulernen, Freundschaften zu schlie\u00dfen, gemeinsam auszugehen, gemeinsam zu lernen und die atemberaubende Natur, das Essen, das Nachtleben und alles, was mit der Inka-Kultur und der modernen lateinamerikanischen Lebensart zu tun hat, zu genie\u00dfen.<\/p>\n\n\n\n<p id=\"fluent-spanish\"><strong>Wie schnell k\u00f6nnen Sie flie\u00dfend Spanisch sprechen?&nbsp;<\/strong><\/p>\n\n\n\n<p>Von null auf flie\u00dfend\u2026 realistischerweise dauert es etwa 1200 Stunden, um flie\u00dfend zu sprechen. Dies kann aufgeteilt werden in 600 Unterrichtsstunden kombiniert mit 600 Stunden Selbststudium, das durch \u00dcben au\u00dferhalb des Klassenzimmers, durch Hausaufgaben, Gespr\u00e4che usw. durchgef\u00fchrt werden kann. Hier haben Sie einen enormen Vorteil, wenn Sie im Ausland in einem spanischsprachigen Land studieren Sie k\u00f6nnen Ihr Spanisch automatisch au\u00dferhalb des Klassenzimmers auf der Stra\u00dfe, in einem Gesch\u00e4ft oder Restaurant \u00fcben, Musik h\u00f6ren, mit Menschen reden, in einer Gastfamilie leben usw.<\/p>\n\n\n\n<p>Flie\u00dfend ist mindestens C1-Niveau. Mit einem C1-Niveau k\u00f6nnen Sie sich gut ausdr\u00fccken und Menschen verstehen, Gespr\u00e4che \u00fcber verschiedene Themen f\u00fchren und sich in der Sprache sicher f\u00fchlen. Das bedeutet nicht, dass Ihr Spanisch perfekt ist. Flie\u00dfend bedeutet, dass Sie in verschiedenen Situationen sehr gut mit sich selbst umgehen k\u00f6nnen.<\/p>\n\n\n\n<p id=\"spanish-by-myself\"><strong>Wie kann ich alleine Spanisch lernen?<\/strong><\/p>\n\n\n\n<p>Neben einem Spanischkurs k\u00f6nnen Sie Ihr Spanischniveau auch selbst verbessern. Unser bester Rat ist, so viele Kontakte wie m\u00f6glich mit der spanischen Sprache zu kn\u00fcpfen, um Ihre Kontaktzeit zu verl\u00e4ngern. Man muss nicht immer aktiv lernen, man kann auch passiv Fortschritte machen. Hier sind einige Beispiele, wie das geht:<\/p>\n\n\n\n<ol class=\"wp-block-list\">\n<li>Lernen Sie Vokabeln aus Romanen, Filmen und dem Fernsehen <\/li>\n\n\n\n<li>H\u00f6ren Sie spanische Musik <\/li>\n\n\n\n<li>Lernen Sie Grammatik mit Lehrb\u00fcchern <\/li>\n\n\n\n<li>H\u00f6ren Sie Podcasts oder H\u00f6rb\u00fccher auf Spanisch <\/li>\n\n\n\n<li>Reisen Sie in spanischsprachige L\u00e4nder <\/li>\n\n\n\n<li>Laden Sie spanischsprachige Apps herunter <\/li>\n\n\n\n<li>Lesen Sie die Nachrichten auf Spanisch <\/li>\n\n\n\n<li>Finden Sie jemanden in Ihrer N\u00e4he, der Spanisch spricht, und \u00fcben Sie mit dieser Person. <\/li>\n\n\n\n<li>Versuchen Sie, jeden Tag \u00fcber ein Thema auf Spanisch nachzudenken. <\/li>\n\n\n\n<li>Das Letzte ist das Wichtigste: Reden! Versuchen Sie, wann immer m\u00f6glich, Spanisch zu sprechen. Haben Sie keine Angst, Fehler zu machen. Seien Sie sich bewusst, dass gerade das Begehen von Fehlern sehr lehrreich ist.&nbsp;<\/li>\n<\/ol>\n<\/div><\/div>\n\n\n\n<div style=\"height:40px\" aria-hidden=\"true\" class=\"wp-block-spacer\"><\/div>\n\n\n\n<div class=\"wp-block-buttons is-content-justification-center is-layout-flex wp-container-core-buttons-is-layout-16018d1d wp-block-buttons-is-layout-flex\">\n<div class=\"wp-block-button\"><a class=\"wp-block-button__link has-background wp-element-button\" href=\"https:\/\/learnspanishinperu.net\/de\/faq\/reiseplanung\/\" style=\"background-color:#008000\">Reiseplanung Peru<\/a><\/div>\n\n\n\n<div class=\"wp-block-button\"><a class=\"wp-block-button__link has-background wp-element-button\" href=\"https:\/\/learnspanishinperu.net\/de\/faq\/reisepass\/\" style=\"background-color:#ffa500\">Visa &amp; Reisepass Informationen<\/a><\/div>\n\n\n\n<div class=\"wp-block-button\"><a class=\"wp-block-button__link has-background wp-element-button\" href=\"https:\/\/learnspanishinperu.net\/de\/faq\/sicherheit-gesundheit\/\" style=\"background-color:#0000ff\">Sicherheits- und Gesundheitsfragen<\/a><\/div>\n\n\n\n<div class=\"wp-block-button\"><a class=\"wp-block-button__link has-background wp-element-button\" href=\"https:\/\/learnspanishinperu.net\/de\/faq\/peru\/\" style=\"background-color:#a52a2a\">Praktische Informationen Peru<\/a><\/div>\n\n\n\n<div class=\"wp-block-button\"><a class=\"wp-block-button__link has-background wp-element-button\" href=\"https:\/\/learnspanishinperu.net\/de\/faq\/machu-picchu\/\" style=\"background-color:#800080\">Machu Picchu<\/a><\/div>\n<\/div>\n\n\n\n<div style=\"height:30px\" aria-hidden=\"true\" class=\"wp-block-spacer\"><\/div>\n","protected":false},"excerpt":{"rendered":"<p>Unsere Antworten auf einige der am h\u00e4ufigsten gestellten Fragen zu Spanisch in Peru Ist peruanisches Spanisch leicht zu verstehen?&nbsp;Warum ist Spanisch so wichtig?&nbsp;Was sind die 5 Vorteile des Spanischlernens?&nbsp;Warum ist Peru der perfekte Ort, um Spanisch zu lernen?&nbsp;Ist Cusco ein guter Ort, um Spanisch zu lernen?&nbsp;Wie schnell k\u00f6nnen Sie flie\u00dfend Spanisch sprechen?Wie kann ich alleine&hellip;<\/p>\n<p class=\"more\"><a class=\"more-link\" href=\"https:\/\/learnspanishinperu.net\/de\/faq\/spanisch\/\">Continue reading <span class=\"screen-reader-text\">Spanisch<\/span><\/a><\/p>\n","protected":false},"author":1,"featured_media":0,"parent":5626,"menu_order":0,"comment_status":"closed","ping_status":"closed","template":"page-templates\/wide.php","meta":{"_coblocks_attr":"","_coblocks_dimensions":"","_coblocks_responsive_height":"","_coblocks_accordion_ie_support":"","footnotes":""},"class_list":["post-44830","page","type-page","status-publish","hentry","entry"],"yoast_head":"<!-- This site is optimized with the Yoast SEO plugin v27.5 - https:\/\/yoast.com\/product\/yoast-seo-wordpress\/ -->\n<title>Spanisch in Peru - Mundo Antiguo Spanischschule Cusco<\/title>\n<meta name=\"description\" content=\"Wir beantworten einige der am h\u00e4ufigsten gestellten Fragen zu Spanisch in Peru von der Mundo Antiguo Spanisch-Sprachschule Cusco\" \/>\n<meta name=\"robots\" content=\"index, follow, max-snippet:-1, max-image-preview:large, max-video-preview:-1\" \/>\n<link rel=\"canonical\" href=\"https:\/\/learnspanishinperu.net\/de\/faq\/spanisch\/\" \/>\n<meta property=\"og:locale\" content=\"de_DE\" \/>\n<meta property=\"og:type\" content=\"article\" \/>\n<meta property=\"og:title\" content=\"Spanisch in Peru - Mundo Antiguo Spanischschule Cusco\" \/>\n<meta property=\"og:description\" content=\"Wir beantworten einige der am h\u00e4ufigsten gestellten Fragen zu Spanisch in Peru von der Mundo Antiguo Spanisch-Sprachschule Cusco\" \/>\n<meta property=\"og:url\" content=\"https:\/\/learnspanishinperu.net\/de\/faq\/spanisch\/\" \/>\n<meta property=\"og:site_name\" content=\"Mundo Antiguo\" \/>\n<meta property=\"article:publisher\" content=\"http:\/\/www.facebook.com\/MundoAntiguoSpanishSchool\" \/>\n<meta property=\"article:modified_time\" content=\"2023-10-04T16:40:20+00:00\" \/>\n<meta property=\"og:image\" content=\"https:\/\/learnspanishinperu.net\/wp-content\/uploads\/2021\/05\/qtq80-aEhHUJ.jpeg\" \/>\n<meta name=\"twitter:card\" content=\"summary_large_image\" \/>\n<meta name=\"twitter:site\" content=\"@MASpanishschool\" \/>\n<meta name=\"twitter:label1\" content=\"Gesch\u00e4tzte Lesezeit\" \/>\n\t<meta name=\"twitter:data1\" content=\"5 Minuten\" \/>\n<!-- \/ Yoast SEO plugin. -->","yoast_head_json":{"title":"Spanisch in Peru - Mundo Antiguo Spanischschule Cusco","description":"Wir beantworten einige der am h\u00e4ufigsten gestellten Fragen zu Spanisch in Peru von der Mundo Antiguo Spanisch-Sprachschule Cusco","robots":{"index":"index","follow":"follow","max-snippet":"max-snippet:-1","max-image-preview":"max-image-preview:large","max-video-preview":"max-video-preview:-1"},"canonical":"https:\/\/learnspanishinperu.net\/de\/faq\/spanisch\/","og_locale":"de_DE","og_type":"article","og_title":"Spanisch in Peru - Mundo Antiguo Spanischschule Cusco","og_description":"Wir beantworten einige der am h\u00e4ufigsten gestellten Fragen zu Spanisch in Peru von der Mundo Antiguo Spanisch-Sprachschule Cusco","og_url":"https:\/\/learnspanishinperu.net\/de\/faq\/spanisch\/","og_site_name":"Mundo Antiguo","article_publisher":"http:\/\/www.facebook.com\/MundoAntiguoSpanishSchool","article_modified_time":"2023-10-04T16:40:20+00:00","og_image":[{"url":"https:\/\/learnspanishinperu.net\/wp-content\/uploads\/2021\/05\/qtq80-aEhHUJ.jpeg","type":"","width":"","height":""}],"twitter_card":"summary_large_image","twitter_site":"@MASpanishschool","twitter_misc":{"Gesch\u00e4tzte Lesezeit":"5 Minuten"},"schema":{"@context":"https:\/\/schema.org","@graph":[{"@type":"WebPage","@id":"https:\/\/learnspanishinperu.net\/de\/faq\/spanisch\/","url":"https:\/\/learnspanishinperu.net\/de\/faq\/spanisch\/","name":"Spanisch in Peru - Mundo Antiguo Spanischschule Cusco","isPartOf":{"@id":"https:\/\/learnspanishinperu.net\/#website"},"primaryImageOfPage":{"@id":"https:\/\/learnspanishinperu.net\/de\/faq\/spanisch\/#primaryimage"},"image":{"@id":"https:\/\/learnspanishinperu.net\/de\/faq\/spanisch\/#primaryimage"},"thumbnailUrl":"https:\/\/learnspanishinperu.net\/wp-content\/uploads\/2021\/05\/qtq80-aEhHUJ.jpeg","datePublished":"2023-10-04T16:38:26+00:00","dateModified":"2023-10-04T16:40:20+00:00","description":"Wir beantworten einige der am h\u00e4ufigsten gestellten Fragen zu Spanisch in Peru von der Mundo Antiguo Spanisch-Sprachschule Cusco","breadcrumb":{"@id":"https:\/\/learnspanishinperu.net\/de\/faq\/spanisch\/#breadcrumb"},"inLanguage":"de-DE","potentialAction":[{"@type":"ReadAction","target":["https:\/\/learnspanishinperu.net\/de\/faq\/spanisch\/"]}]},{"@type":"ImageObject","inLanguage":"de-DE","@id":"https:\/\/learnspanishinperu.net\/de\/faq\/spanisch\/#primaryimage","url":"https:\/\/learnspanishinperu.net\/wp-content\/uploads\/2021\/05\/qtq80-aEhHUJ.jpeg","contentUrl":"https:\/\/learnspanishinperu.net\/wp-content\/uploads\/2021\/05\/qtq80-aEhHUJ.jpeg"},{"@type":"BreadcrumbList","@id":"https:\/\/learnspanishinperu.net\/de\/faq\/spanisch\/#breadcrumb","itemListElement":[{"@type":"ListItem","position":1,"name":"Home","item":"https:\/\/learnspanishinperu.net\/de\/"},{"@type":"ListItem","position":2,"name":"FAQ","item":"https:\/\/learnspanishinperu.net\/de\/faq\/"},{"@type":"ListItem","position":3,"name":"Spanisch"}]},{"@type":"WebSite","@id":"https:\/\/learnspanishinperu.net\/#website","url":"https:\/\/learnspanishinperu.net\/","name":"Mundo Antiguo","description":"Spanish school Cusco","publisher":{"@id":"https:\/\/learnspanishinperu.net\/#organization"},"potentialAction":[{"@type":"SearchAction","target":{"@type":"EntryPoint","urlTemplate":"https:\/\/learnspanishinperu.net\/?s={search_term_string}"},"query-input":{"@type":"PropertyValueSpecification","valueRequired":true,"valueName":"search_term_string"}}],"inLanguage":"de-DE"},{"@type":"Organization","@id":"https:\/\/learnspanishinperu.net\/#organization","name":"Mundo Antiguo","url":"https:\/\/learnspanishinperu.net\/","logo":{"@type":"ImageObject","inLanguage":"de-DE","@id":"https:\/\/learnspanishinperu.net\/#\/schema\/logo\/image\/","url":"https:\/\/learnspanishinperu.net\/wp-content\/uploads\/2016\/04\/logo-Spanish-school-Cusco-Peru-e1547820355169.jpg","contentUrl":"https:\/\/learnspanishinperu.net\/wp-content\/uploads\/2016\/04\/logo-Spanish-school-Cusco-Peru-e1547820355169.jpg","width":100,"height":83,"caption":"Mundo Antiguo"},"image":{"@id":"https:\/\/learnspanishinperu.net\/#\/schema\/logo\/image\/"},"sameAs":["http:\/\/www.facebook.com\/MundoAntiguoSpanishSchool","https:\/\/x.com\/MASpanishschool","https:\/\/www.instagram.com\/mundoantiguo_spanishschool\/","https:\/\/www.linkedin.com\/company\/mundo-antiguo-spanish-school","http:\/\/www.pinterest.com\/mundoantiguo\/"]}]}},"_links":{"self":[{"href":"https:\/\/learnspanishinperu.net\/de\/wp-json\/wp\/v2\/pages\/44830","targetHints":{"allow":["GET"]}}],"collection":[{"href":"https:\/\/learnspanishinperu.net\/de\/wp-json\/wp\/v2\/pages"}],"about":[{"href":"https:\/\/learnspanishinperu.net\/de\/wp-json\/wp\/v2\/types\/page"}],"author":[{"embeddable":true,"href":"https:\/\/learnspanishinperu.net\/de\/wp-json\/wp\/v2\/users\/1"}],"replies":[{"embeddable":true,"href":"https:\/\/learnspanishinperu.net\/de\/wp-json\/wp\/v2\/comments?post=44830"}],"version-history":[{"count":4,"href":"https:\/\/learnspanishinperu.net\/de\/wp-json\/wp\/v2\/pages\/44830\/revisions"}],"predecessor-version":[{"id":44834,"href":"https:\/\/learnspanishinperu.net\/de\/wp-json\/wp\/v2\/pages\/44830\/revisions\/44834"}],"up":[{"embeddable":true,"href":"https:\/\/learnspanishinperu.net\/de\/wp-json\/wp\/v2\/pages\/5626"}],"wp:attachment":[{"href":"https:\/\/learnspanishinperu.net\/de\/wp-json\/wp\/v2\/media?parent=44830"}],"curies":[{"name":"wp","href":"https:\/\/api.w.org\/{rel}","templated":true}]}}