{"id":44243,"date":"2023-06-12T13:05:00","date_gmt":"2023-06-12T18:05:00","guid":{"rendered":"https:\/\/learnspanishinperu.net\/?page_id=44243"},"modified":"2025-04-24T10:18:11","modified_gmt":"2025-04-24T15:18:11","slug":"tierpflege","status":"publish","type":"page","link":"https:\/\/learnspanishinperu.net\/de\/freiwilligenarbeit\/tierpflege\/","title":{"rendered":"Tierpflege"},"content":{"rendered":"\n<div class=\"wp-block-cover alignfull has-parallax\" style=\"min-height:460px;aspect-ratio:unset;\"><span aria-hidden=\"true\" class=\"wp-block-cover__background has-background-dim-10 has-background-dim\"><\/span><div class=\"wp-block-cover__image-background wp-image-44074 has-parallax lazyload\" style=\"background-position:50% 50%;background-image:inherit\" data-bg-image=\"url(https:\/\/learnspanishinperu.net\/wp-content\/uploads\/2023\/06\/animal-care-volunteer-Cusco-1-scaled.jpg)\"><\/div><div class=\"wp-block-cover__inner-container is-layout-flow wp-block-cover-is-layout-flow\">\n<h1 class=\"wp-block-heading has-text-align-center has-white-color has-text-color\" style=\"font-size:60px\">Tierpflege in Cusco<\/h1>\n\n\n\n<p class=\"has-text-align-center has-white-color has-text-color has-5-xl-font-size\"><em>Freiwilligenprojekt zur Tierpflege<\/em><\/p>\n<\/div><\/div>\n\n\n\n<div style=\"height:60px\" aria-hidden=\"true\" class=\"wp-block-spacer\"><\/div>\n\n\n\n<div class=\"wp-block-group has-background coblocks-animate\" style=\"background-color:#e7e7e7\" data-coblocks-animation=\"fadeIn\"><div class=\"wp-block-group__inner-container is-layout-flow wp-block-group-is-layout-flow\">\n<h2 class=\"wp-block-heading has-text-align-left\" id=\"medical-volunteering-in-cusco\">Tierpflege in Cusco<\/h2>\n\n\n<div class=\"wp-block-image is-style-bottom-wave\">\n<figure class=\"alignright size-medium\"><a href=\"https:\/\/learnspanishinperu.net\/wp-content\/uploads\/2023\/06\/animal-care-volunteer-Cusco-2-scaled.jpg\"><img decoding=\"async\" width=\"225\" height=\"300\" data-src=\"https:\/\/learnspanishinperu.net\/wp-content\/uploads\/2023\/06\/animal-care-volunteer-Cusco-2-225x300.jpg\" alt=\"\" class=\"wp-image-44081 lazyload\" data-srcset=\"https:\/\/learnspanishinperu.net\/wp-content\/uploads\/2023\/06\/animal-care-volunteer-Cusco-2-225x300.jpg 225w, https:\/\/learnspanishinperu.net\/wp-content\/uploads\/2023\/06\/animal-care-volunteer-Cusco-2-768x1024.jpg 768w, https:\/\/learnspanishinperu.net\/wp-content\/uploads\/2023\/06\/animal-care-volunteer-Cusco-2-1152x1536.jpg 1152w, https:\/\/learnspanishinperu.net\/wp-content\/uploads\/2023\/06\/animal-care-volunteer-Cusco-2-1536x2048.jpg 1536w, https:\/\/learnspanishinperu.net\/wp-content\/uploads\/2023\/06\/animal-care-volunteer-Cusco-2-450x600.jpg 450w, https:\/\/learnspanishinperu.net\/wp-content\/uploads\/2023\/06\/animal-care-volunteer-Cusco-2-scaled.jpg 1920w\" data-sizes=\"(max-width: 225px) 100vw, 225px\" src=\"data:image\/svg+xml;base64,PHN2ZyB3aWR0aD0iMSIgaGVpZ2h0PSIxIiB4bWxucz0iaHR0cDovL3d3dy53My5vcmcvMjAwMC9zdmciPjwvc3ZnPg==\" style=\"--smush-placeholder-width: 225px; --smush-placeholder-aspect-ratio: 225\/300;\" \/><\/a><\/figure>\n<\/div>\n\n\n<p>Liebst du Tiere und m\u00f6chtest beim Spanischlernen in Cusco etwas bewegen? Unser Freiwilligenprogramm f\u00fcr Tierpflege bietet dir die M\u00f6glichkeit, Tiere in Not zu retten, zu rehabilitieren und zu pflegen.<\/p>\n\n\n\n<p>Als Freiwilliger kannst du beim F\u00fcttern, Reinigen der Gehege, der medizinischen Grundversorgung und der liebevollen Betreuung geretteter Tiere helfen. Je nach Projekt arbeitest du mit Hunden, Katzen oder sogar Andentieren und unterst\u00fctzt lokale Tierheime oder Naturschutzzentren, die sich dem Schutz der unglaublichen Artenvielfalt Perus widmen.<\/p>\n\n\n\n<p>Dieses Programm ist perfekt f\u00fcr alle, die die Natur erleben und sich f\u00fcr den Tierschutz einsetzen m\u00f6chten. Keine Vorkenntnisse erforderlich \u2013 nur eine Leidenschaft f\u00fcr Tiere und der Wunsch zu helfen!<\/p>\n\n\n\n<p>M\u00f6chtest du Teil dieser lohnenden Erfahrung werden? Melde dich bei uns, wir beraten dich gerne!<\/p>\n\n\n\n<div class=\"wp-block-buttons is-layout-flex wp-block-buttons-is-layout-flex\">\n<div class=\"wp-block-button\"><a class=\"wp-block-button__link has-background wp-element-button\" href=\"https:\/\/learnspanishinperu.net\/de\/kontakt\/\" style=\"background-color:#800080\">Kontaktiere uns jetzt!<\/a><\/div>\n<\/div>\n<\/div><\/div>\n\n\n\n<div style=\"height:70px\" aria-hidden=\"true\" class=\"wp-block-spacer\"><\/div>\n\n\n\n<figure class=\"wp-block-gallery has-nested-images columns-4 is-cropped coblocks-animate wp-block-gallery-1 is-layout-flex wp-block-gallery-is-layout-flex\" data-coblocks-animation=\"clipVertical\">\n<figure class=\"wp-block-image size-large\"><img decoding=\"async\" width=\"768\" height=\"1024\" data-id=\"44095\" data-src=\"https:\/\/learnspanishinperu.net\/wp-content\/uploads\/2023\/06\/animal-care-volunteer-Cusco-3-768x1024.jpg\" alt=\"\" class=\"wp-image-44095 lazyload\" data-srcset=\"https:\/\/learnspanishinperu.net\/wp-content\/uploads\/2023\/06\/animal-care-volunteer-Cusco-3-768x1024.jpg 768w, https:\/\/learnspanishinperu.net\/wp-content\/uploads\/2023\/06\/animal-care-volunteer-Cusco-3-225x300.jpg 225w, https:\/\/learnspanishinperu.net\/wp-content\/uploads\/2023\/06\/animal-care-volunteer-Cusco-3-1152x1536.jpg 1152w, https:\/\/learnspanishinperu.net\/wp-content\/uploads\/2023\/06\/animal-care-volunteer-Cusco-3-1536x2048.jpg 1536w, https:\/\/learnspanishinperu.net\/wp-content\/uploads\/2023\/06\/animal-care-volunteer-Cusco-3-450x600.jpg 450w, https:\/\/learnspanishinperu.net\/wp-content\/uploads\/2023\/06\/animal-care-volunteer-Cusco-3-scaled.jpg 1920w\" data-sizes=\"(max-width: 768px) 100vw, 768px\" src=\"data:image\/svg+xml;base64,PHN2ZyB3aWR0aD0iMSIgaGVpZ2h0PSIxIiB4bWxucz0iaHR0cDovL3d3dy53My5vcmcvMjAwMC9zdmciPjwvc3ZnPg==\" style=\"--smush-placeholder-width: 768px; --smush-placeholder-aspect-ratio: 768\/1024;\" \/><\/figure>\n\n\n\n<figure class=\"wp-block-image size-large\"><img decoding=\"async\" width=\"1024\" height=\"768\" data-id=\"14102\" data-src=\"https:\/\/learnspanishinperu.net\/wp-content\/uploads\/2020\/05\/Classes_practicas-2-1024x768.jpg\" alt=\"\" class=\"wp-image-14102 lazyload\" data-srcset=\"https:\/\/learnspanishinperu.net\/wp-content\/uploads\/2020\/05\/Classes_practicas-2-1024x768.jpg 1024w, https:\/\/learnspanishinperu.net\/wp-content\/uploads\/2020\/05\/Classes_practicas-2-300x225.jpg 300w, https:\/\/learnspanishinperu.net\/wp-content\/uploads\/2020\/05\/Classes_practicas-2-768x576.jpg 768w, https:\/\/learnspanishinperu.net\/wp-content\/uploads\/2020\/05\/Classes_practicas-2-1200x900.jpg 1200w, https:\/\/learnspanishinperu.net\/wp-content\/uploads\/2020\/05\/Classes_practicas-2.jpg 1280w\" data-sizes=\"(max-width: 1024px) 100vw, 1024px\" src=\"data:image\/svg+xml;base64,PHN2ZyB3aWR0aD0iMSIgaGVpZ2h0PSIxIiB4bWxucz0iaHR0cDovL3d3dy53My5vcmcvMjAwMC9zdmciPjwvc3ZnPg==\" style=\"--smush-placeholder-width: 1024px; --smush-placeholder-aspect-ratio: 1024\/768;\" \/><\/figure>\n\n\n\n<figure class=\"wp-block-image size-large\"><img decoding=\"async\" width=\"1024\" height=\"768\" data-id=\"44088\" data-src=\"https:\/\/learnspanishinperu.net\/wp-content\/uploads\/2023\/06\/animal-care-volunteer-Cusco-1-1-1024x768.jpg\" alt=\"\" class=\"wp-image-44088 lazyload\" data-srcset=\"https:\/\/learnspanishinperu.net\/wp-content\/uploads\/2023\/06\/animal-care-volunteer-Cusco-1-1-1024x768.jpg 1024w, https:\/\/learnspanishinperu.net\/wp-content\/uploads\/2023\/06\/animal-care-volunteer-Cusco-1-1-300x225.jpg 300w, https:\/\/learnspanishinperu.net\/wp-content\/uploads\/2023\/06\/animal-care-volunteer-Cusco-1-1-768x576.jpg 768w, https:\/\/learnspanishinperu.net\/wp-content\/uploads\/2023\/06\/animal-care-volunteer-Cusco-1-1-1536x1152.jpg 1536w, https:\/\/learnspanishinperu.net\/wp-content\/uploads\/2023\/06\/animal-care-volunteer-Cusco-1-1-2048x1536.jpg 2048w, https:\/\/learnspanishinperu.net\/wp-content\/uploads\/2023\/06\/animal-care-volunteer-Cusco-1-1-373x280.jpg 373w, https:\/\/learnspanishinperu.net\/wp-content\/uploads\/2023\/06\/animal-care-volunteer-Cusco-1-1-600x450.jpg 600w\" data-sizes=\"(max-width: 1024px) 100vw, 1024px\" src=\"data:image\/svg+xml;base64,PHN2ZyB3aWR0aD0iMSIgaGVpZ2h0PSIxIiB4bWxucz0iaHR0cDovL3d3dy53My5vcmcvMjAwMC9zdmciPjwvc3ZnPg==\" style=\"--smush-placeholder-width: 1024px; --smush-placeholder-aspect-ratio: 1024\/768;\" \/><\/figure>\n\n\n\n<figure class=\"wp-block-image size-large\"><img decoding=\"async\" width=\"1024\" height=\"768\" data-id=\"48630\" data-src=\"https:\/\/learnspanishinperu.net\/wp-content\/uploads\/2025\/04\/IMG_1441-1024x768.jpg\" alt=\"\" class=\"wp-image-48630 lazyload\" data-srcset=\"https:\/\/learnspanishinperu.net\/wp-content\/uploads\/2025\/04\/IMG_1441-1024x768.jpg 1024w, https:\/\/learnspanishinperu.net\/wp-content\/uploads\/2025\/04\/IMG_1441-300x225.jpg 300w, https:\/\/learnspanishinperu.net\/wp-content\/uploads\/2025\/04\/IMG_1441-768x576.jpg 768w, https:\/\/learnspanishinperu.net\/wp-content\/uploads\/2025\/04\/IMG_1441-1536x1152.jpg 1536w, https:\/\/learnspanishinperu.net\/wp-content\/uploads\/2025\/04\/IMG_1441-2048x1536.jpg 2048w, https:\/\/learnspanishinperu.net\/wp-content\/uploads\/2025\/04\/IMG_1441-373x280.jpg 373w, https:\/\/learnspanishinperu.net\/wp-content\/uploads\/2025\/04\/IMG_1441-24x18.jpg 24w, https:\/\/learnspanishinperu.net\/wp-content\/uploads\/2025\/04\/IMG_1441-36x27.jpg 36w, https:\/\/learnspanishinperu.net\/wp-content\/uploads\/2025\/04\/IMG_1441-48x36.jpg 48w\" data-sizes=\"(max-width: 1024px) 100vw, 1024px\" src=\"data:image\/svg+xml;base64,PHN2ZyB3aWR0aD0iMSIgaGVpZ2h0PSIxIiB4bWxucz0iaHR0cDovL3d3dy53My5vcmcvMjAwMC9zdmciPjwvc3ZnPg==\" style=\"--smush-placeholder-width: 1024px; --smush-placeholder-aspect-ratio: 1024\/768;\" \/><\/figure>\n<\/figure>\n\n\n\n<div style=\"height:50px\" aria-hidden=\"true\" class=\"wp-block-spacer\"><\/div>\n\n\n<div\n\t\tclass=\"free align wp-block-btn-button\"\tid='btnButton-2'\n\tdata-nonce='&quot;e392b6540b&quot;'\n\tdata-attributes='{&quot;cId&quot;:&quot;2be4b8d3-3&quot;,&quot;cPostId&quot;:45197,&quot;text&quot;:&quot;Melden Sie sich jetzt an!&quot;,&quot;allUserRole&quot;:[{&quot;label&quot;:&quot;Select a role&quot;,&quot;value&quot;:&quot;default&quot;},{&quot;label&quot;:&quot;Administrator&quot;,&quot;value&quot;:&quot;administrator&quot;},{&quot;label&quot;:&quot;Editor&quot;,&quot;value&quot;:&quot;editor&quot;},{&quot;label&quot;:&quot;Author&quot;,&quot;value&quot;:&quot;author&quot;},{&quot;label&quot;:&quot;Contributor&quot;,&quot;value&quot;:&quot;contributor&quot;},{&quot;label&quot;:&quot;Subscriber&quot;,&quot;value&quot;:&quot;subscriber&quot;},{&quot;label&quot;:&quot;Inactive&quot;,&quot;value&quot;:&quot;inactive&quot;},{&quot;label&quot;:&quot;SEO Manager&quot;,&quot;value&quot;:&quot;wpseo_manager&quot;},{&quot;label&quot;:&quot;SEO Editor&quot;,&quot;value&quot;:&quot;wpseo_editor&quot;}],&quot;url&quot;:&quot;https:\\\/\\\/learnspanishinperu.net\\\/de\\\/anmeldeformular\\\/&quot;,&quot;icon&quot;:{&quot;class&quot;:&quot;far fa-thumbs-up&quot;,&quot;name&quot;:&quot;thumbs-up&quot;},&quot;size&quot;:&quot;x-large&quot;,&quot;typography&quot;:{&quot;fontSize&quot;:22,&quot;fontWeight&quot;:600,&quot;textDecoration&quot;:&quot;none&quot;},&quot;colors&quot;:{&quot;color&quot;:&quot;#fff&quot;,&quot;bg&quot;:&quot;rgba(255, 165, 0, 1)&quot;},&quot;padding&quot;:{&quot;vertical&quot;:&quot;16px&quot;,&quot;horizontal&quot;:&quot;46px&quot;},&quot;border&quot;:{&quot;radius&quot;:&quot;5px&quot;,&quot;width&quot;:&quot;2px&quot;,&quot;color&quot;:&quot;#0a0002&quot;},&quot;align&quot;:&quot;&quot;,&quot;actionType&quot;:&quot;link&quot;,&quot;security&quot;:&quot;none&quot;,&quot;securityPassword&quot;:&quot;&quot;,&quot;tooltip&quot;:&quot;&quot;,&quot;tooltipPos&quot;:&quot;top&quot;,&quot;target&quot;:&quot;_self&quot;,&quot;attrs&quot;:{&quot;rel&quot;:&quot;noreferrer&quot;,&quot;referrerpolicy&quot;:&quot;no-referrer&quot;},&quot;hideOn&quot;:{&quot;desktop&quot;:false,&quot;tablet&quot;:false,&quot;mobile&quot;:false},&quot;isDownload&quot;:false,&quot;downloadFileName&quot;:&quot;&quot;,&quot;isUpIcon&quot;:false,&quot;upIcon&quot;:{&quot;id&quot;:null,&quot;url&quot;:&quot;&quot;,&quot;alt&quot;:&quot;&quot;,&quot;title&quot;:&quot;&quot;},&quot;iconPos&quot;:&quot;left&quot;,&quot;type&quot;:&quot;flat&quot;,&quot;isFullWidth&quot;:false,&quot;popup&quot;:{&quot;type&quot;:&quot;image&quot;,&quot;content&quot;:&quot;&quot;,&quot;caption&quot;:&quot;&quot;,&quot;width&quot;:&quot;&quot;},&quot;animationType&quot;:&quot;&quot;,&quot;animationDuration&quot;:0.4,&quot;addID&quot;:&quot;&quot;,&quot;addCSS&quot;:&quot;&quot;,&quot;alignment&quot;:&quot;center&quot;,&quot;hovColors&quot;:{&quot;color&quot;:&quot;#fff&quot;,&quot;bg&quot;:&quot;#FF7A00&quot;},&quot;shadow&quot;:[]}'\n\tdata-info='{&quot;userRoles&quot;:[],&quot;loginURL&quot;:&quot;https:\\\/\\\/learnspanishinperu.net\\\/wp-login.php&quot;}'\n\tdata-pipecheck=''\n><\/div>\n\n\n<div style=\"height:50px\" aria-hidden=\"true\" class=\"wp-block-spacer\"><\/div>\n\n\n\n<div class=\"wp-block-buttons is-horizontal is-content-justification-center is-layout-flex wp-container-core-buttons-is-layout-499968f5 wp-block-buttons-is-layout-flex\">\n<div class=\"wp-block-button\"><a class=\"wp-block-button__link has-light-green-cyan-to-vivid-green-cyan-gradient-background has-background wp-element-button\" href=\"https:\/\/learnspanishinperu.net\/de\/freiwilligenarbeit\/kindergarten\/\">Freiwilligenarbeit mit Kindern<\/a><\/div>\n\n\n\n<div class=\"wp-block-button\"><a class=\"wp-block-button__link has-background wp-element-button\" href=\"https:\/\/learnspanishinperu.net\/de\/freiwilligenarbeit\/tierpflege\/\" style=\"background-color:#008000\">Tierpflege in Cusco<\/a><\/div>\n\n\n\n<div class=\"wp-block-button\"><a class=\"wp-block-button__link has-background wp-element-button\" href=\"https:\/\/learnspanishinperu.net\/de\/freiwilligenarbeit\/freiwilligenarbeit-im-umweltbereich\/\" style=\"background-color:#ffa500\">Umweltbereich<\/a><\/div>\n\n\n\n<div class=\"wp-block-button\"><a class=\"wp-block-button__link has-background wp-element-button\" href=\"https:\/\/learnspanishinperu.net\/de\/freiwilligenarbeit\/medizinische-freiwilligenarbeit\/\" style=\"background-color:#0000ff\">Medizinische Freiwilligenarbeit<\/a><\/div>\n\n\n\n<div class=\"wp-block-button\"><a class=\"wp-block-button__link has-background wp-element-button\" href=\"https:\/\/learnspanishinperu.net\/de\/freiwilligenarbeit\/rehabilitation\/\" style=\"background-color:#a52a2a\">Rehabilitation &amp; Psychologie<\/a><\/div>\n\n\n\n<div class=\"wp-block-button\"><a class=\"wp-block-button__link has-accent-background-color has-background wp-element-button\" href=\"https:\/\/learnspanishinperu.net\/de\/freiwilligenarbeit\/soziale-hilfe\/\">Soziale Hilfe<\/a><\/div>\n\n\n\n<div class=\"wp-block-button\"><a class=\"wp-block-button__link has-background wp-element-button\" href=\"https:\/\/learnspanishinperu.net\/de\/freiwilligenarbeit\/bedurfnissen\/\" style=\"background-color:#800080\">Menschen mit besonderen Bed\u00fcrfnissen<\/a><\/div>\n<\/div>\n\n\n\n<div style=\"height:30px\" aria-hidden=\"true\" class=\"wp-block-spacer\"><\/div>\n","protected":false},"excerpt":{"rendered":"<p>Tierpflege in Cusco Liebst du Tiere und m\u00f6chtest beim Spanischlernen in Cusco etwas bewegen? Unser Freiwilligenprogramm f\u00fcr Tierpflege bietet dir die M\u00f6glichkeit, Tiere in Not zu retten, zu rehabilitieren und zu pflegen. Als Freiwilliger kannst du beim F\u00fcttern, Reinigen der Gehege, der medizinischen Grundversorgung und der liebevollen Betreuung geretteter Tiere helfen. Je nach Projekt arbeitest&hellip;<\/p>\n<p class=\"more\"><a class=\"more-link\" href=\"https:\/\/learnspanishinperu.net\/de\/freiwilligenarbeit\/tierpflege\/\">Continue reading <span class=\"screen-reader-text\">Tierpflege<\/span><\/a><\/p>\n","protected":false},"author":1,"featured_media":0,"parent":5779,"menu_order":0,"comment_status":"closed","ping_status":"closed","template":"page-templates\/wide.php","meta":{"_coblocks_attr":"","_coblocks_dimensions":"","_coblocks_responsive_height":"","_coblocks_accordion_ie_support":"","footnotes":""},"class_list":["post-44243","page","type-page","status-publish","hentry","entry"],"yoast_head":"<!-- This site is optimized with the Yoast SEO plugin v27.4 - https:\/\/yoast.com\/product\/yoast-seo-wordpress\/ -->\n<title>Tierpflege - Mundo Antiguo - Freiwilligenprojekt zur Tierpflege<\/title>\n<meta name=\"description\" content=\"Wenn Sie ein Tierliebhaber sind und der Gemeinschaft zu helfen: kommen Sie nach Cusco um als Freiwilliger in der Tierpflege zu arbeiten!\" \/>\n<meta name=\"robots\" content=\"index, follow, max-snippet:-1, max-image-preview:large, max-video-preview:-1\" \/>\n<link rel=\"canonical\" href=\"https:\/\/learnspanishinperu.net\/de\/freiwilligenarbeit\/tierpflege\/\" \/>\n<meta property=\"og:locale\" content=\"de_DE\" \/>\n<meta property=\"og:type\" content=\"article\" \/>\n<meta property=\"og:title\" content=\"Tierpflege - Mundo Antiguo - Freiwilligenprojekt zur Tierpflege\" \/>\n<meta property=\"og:description\" content=\"Wenn Sie ein Tierliebhaber sind und der Gemeinschaft zu helfen: kommen Sie nach Cusco um als Freiwilliger in der Tierpflege zu arbeiten!\" \/>\n<meta property=\"og:url\" content=\"https:\/\/learnspanishinperu.net\/de\/freiwilligenarbeit\/tierpflege\/\" \/>\n<meta property=\"og:site_name\" content=\"Mundo Antiguo\" \/>\n<meta property=\"article:publisher\" content=\"http:\/\/www.facebook.com\/MundoAntiguoSpanishSchool\" \/>\n<meta property=\"article:modified_time\" content=\"2025-04-24T15:18:11+00:00\" \/>\n<meta property=\"og:image\" content=\"https:\/\/learnspanishinperu.net\/wp-content\/uploads\/2023\/06\/animal-care-volunteer-Cusco-2-225x300.jpg\" \/>\n<meta name=\"twitter:card\" content=\"summary_large_image\" \/>\n<meta name=\"twitter:site\" content=\"@MASpanishschool\" \/>\n<meta name=\"twitter:label1\" content=\"Gesch\u00e4tzte Lesezeit\" \/>\n\t<meta name=\"twitter:data1\" content=\"2 Minuten\" \/>\n<!-- \/ Yoast SEO plugin. -->","yoast_head_json":{"title":"Tierpflege - Mundo Antiguo - Freiwilligenprojekt zur Tierpflege","description":"Wenn Sie ein Tierliebhaber sind und der Gemeinschaft zu helfen: kommen Sie nach Cusco um als Freiwilliger in der Tierpflege zu arbeiten!","robots":{"index":"index","follow":"follow","max-snippet":"max-snippet:-1","max-image-preview":"max-image-preview:large","max-video-preview":"max-video-preview:-1"},"canonical":"https:\/\/learnspanishinperu.net\/de\/freiwilligenarbeit\/tierpflege\/","og_locale":"de_DE","og_type":"article","og_title":"Tierpflege - Mundo Antiguo - Freiwilligenprojekt zur Tierpflege","og_description":"Wenn Sie ein Tierliebhaber sind und der Gemeinschaft zu helfen: kommen Sie nach Cusco um als Freiwilliger in der Tierpflege zu arbeiten!","og_url":"https:\/\/learnspanishinperu.net\/de\/freiwilligenarbeit\/tierpflege\/","og_site_name":"Mundo Antiguo","article_publisher":"http:\/\/www.facebook.com\/MundoAntiguoSpanishSchool","article_modified_time":"2025-04-24T15:18:11+00:00","og_image":[{"url":"https:\/\/learnspanishinperu.net\/wp-content\/uploads\/2023\/06\/animal-care-volunteer-Cusco-2-225x300.jpg","type":"","width":"","height":""}],"twitter_card":"summary_large_image","twitter_site":"@MASpanishschool","twitter_misc":{"Gesch\u00e4tzte Lesezeit":"2 Minuten"},"schema":{"@context":"https:\/\/schema.org","@graph":[{"@type":"WebPage","@id":"https:\/\/learnspanishinperu.net\/de\/freiwilligenarbeit\/tierpflege\/","url":"https:\/\/learnspanishinperu.net\/de\/freiwilligenarbeit\/tierpflege\/","name":"Tierpflege - Mundo Antiguo - Freiwilligenprojekt zur Tierpflege","isPartOf":{"@id":"https:\/\/learnspanishinperu.net\/#website"},"primaryImageOfPage":{"@id":"https:\/\/learnspanishinperu.net\/de\/freiwilligenarbeit\/tierpflege\/#primaryimage"},"image":{"@id":"https:\/\/learnspanishinperu.net\/de\/freiwilligenarbeit\/tierpflege\/#primaryimage"},"thumbnailUrl":"https:\/\/learnspanishinperu.net\/wp-content\/uploads\/2023\/06\/animal-care-volunteer-Cusco-2-225x300.jpg","datePublished":"2023-06-12T18:05:00+00:00","dateModified":"2025-04-24T15:18:11+00:00","description":"Wenn Sie ein Tierliebhaber sind und der Gemeinschaft zu helfen: kommen Sie nach Cusco um als Freiwilliger in der Tierpflege zu arbeiten!","breadcrumb":{"@id":"https:\/\/learnspanishinperu.net\/de\/freiwilligenarbeit\/tierpflege\/#breadcrumb"},"inLanguage":"de-DE","potentialAction":[{"@type":"ReadAction","target":["https:\/\/learnspanishinperu.net\/de\/freiwilligenarbeit\/tierpflege\/"]}]},{"@type":"ImageObject","inLanguage":"de-DE","@id":"https:\/\/learnspanishinperu.net\/de\/freiwilligenarbeit\/tierpflege\/#primaryimage","url":"https:\/\/learnspanishinperu.net\/wp-content\/uploads\/2023\/06\/animal-care-volunteer-Cusco-2-225x300.jpg","contentUrl":"https:\/\/learnspanishinperu.net\/wp-content\/uploads\/2023\/06\/animal-care-volunteer-Cusco-2-225x300.jpg"},{"@type":"BreadcrumbList","@id":"https:\/\/learnspanishinperu.net\/de\/freiwilligenarbeit\/tierpflege\/#breadcrumb","itemListElement":[{"@type":"ListItem","position":1,"name":"Home","item":"https:\/\/learnspanishinperu.net\/de\/"},{"@type":"ListItem","position":2,"name":"Freiwilligenarbeit","item":"https:\/\/learnspanishinperu.net\/de\/freiwilligenarbeit\/"},{"@type":"ListItem","position":3,"name":"Tierpflege"}]},{"@type":"WebSite","@id":"https:\/\/learnspanishinperu.net\/#website","url":"https:\/\/learnspanishinperu.net\/","name":"Mundo Antiguo","description":"Spanish school Cusco","publisher":{"@id":"https:\/\/learnspanishinperu.net\/#organization"},"potentialAction":[{"@type":"SearchAction","target":{"@type":"EntryPoint","urlTemplate":"https:\/\/learnspanishinperu.net\/?s={search_term_string}"},"query-input":{"@type":"PropertyValueSpecification","valueRequired":true,"valueName":"search_term_string"}}],"inLanguage":"de-DE"},{"@type":"Organization","@id":"https:\/\/learnspanishinperu.net\/#organization","name":"Mundo Antiguo","url":"https:\/\/learnspanishinperu.net\/","logo":{"@type":"ImageObject","inLanguage":"de-DE","@id":"https:\/\/learnspanishinperu.net\/#\/schema\/logo\/image\/","url":"https:\/\/learnspanishinperu.net\/wp-content\/uploads\/2016\/04\/logo-Spanish-school-Cusco-Peru-e1547820355169.jpg","contentUrl":"https:\/\/learnspanishinperu.net\/wp-content\/uploads\/2016\/04\/logo-Spanish-school-Cusco-Peru-e1547820355169.jpg","width":100,"height":83,"caption":"Mundo Antiguo"},"image":{"@id":"https:\/\/learnspanishinperu.net\/#\/schema\/logo\/image\/"},"sameAs":["http:\/\/www.facebook.com\/MundoAntiguoSpanishSchool","https:\/\/x.com\/MASpanishschool","https:\/\/www.instagram.com\/mundoantiguo_spanishschool\/","https:\/\/www.linkedin.com\/company\/mundo-antiguo-spanish-school","http:\/\/www.pinterest.com\/mundoantiguo\/"]}]}},"_links":{"self":[{"href":"https:\/\/learnspanishinperu.net\/de\/wp-json\/wp\/v2\/pages\/44243","targetHints":{"allow":["GET"]}}],"collection":[{"href":"https:\/\/learnspanishinperu.net\/de\/wp-json\/wp\/v2\/pages"}],"about":[{"href":"https:\/\/learnspanishinperu.net\/de\/wp-json\/wp\/v2\/types\/page"}],"author":[{"embeddable":true,"href":"https:\/\/learnspanishinperu.net\/de\/wp-json\/wp\/v2\/users\/1"}],"replies":[{"embeddable":true,"href":"https:\/\/learnspanishinperu.net\/de\/wp-json\/wp\/v2\/comments?post=44243"}],"version-history":[{"count":10,"href":"https:\/\/learnspanishinperu.net\/de\/wp-json\/wp\/v2\/pages\/44243\/revisions"}],"predecessor-version":[{"id":49113,"href":"https:\/\/learnspanishinperu.net\/de\/wp-json\/wp\/v2\/pages\/44243\/revisions\/49113"}],"up":[{"embeddable":true,"href":"https:\/\/learnspanishinperu.net\/de\/wp-json\/wp\/v2\/pages\/5779"}],"wp:attachment":[{"href":"https:\/\/learnspanishinperu.net\/de\/wp-json\/wp\/v2\/media?parent=44243"}],"curies":[{"name":"wp","href":"https:\/\/api.w.org\/{rel}","templated":true}]}}