{"id":43130,"date":"2023-03-02T11:42:49","date_gmt":"2023-03-02T16:42:49","guid":{"rendered":"https:\/\/learnspanishinperu.net\/?page_id=43130"},"modified":"2024-07-18T18:33:27","modified_gmt":"2024-07-18T23:33:27","slug":"schokoladenwerkstatt","status":"publish","type":"page","link":"https:\/\/learnspanishinperu.net\/de\/programme\/workshops\/schokoladenwerkstatt\/","title":{"rendered":"Schokoladenwerkstatt"},"content":{"rendered":"\n<div class=\"wp-block-cover alignfull is-light has-parallax mt-0\" style=\"min-height:460px;aspect-ratio:unset;\"><span aria-hidden=\"true\" class=\"wp-block-cover__background has-background-dim-10 has-background-dim\"><\/span><div class=\"wp-block-cover__image-background wp-image-42856 has-parallax lazyload\" style=\"background-position:50% 50%;background-image:inherit\" data-bg-image=\"url(https:\/\/learnspanishinperu.net\/wp-content\/uploads\/2023\/03\/G5A0232-scaled.jpg)\"><\/div><div class=\"wp-block-cover__inner-container is-layout-flow wp-block-cover-is-layout-flow\">\n<h1 class=\"wp-block-heading has-text-align-center has-white-color has-text-color\" id=\"spanish-salsa-dancing\" style=\"font-size:60px\">Spanisch &amp; Schokolade Workshop<\/h1>\n\n\n\n<p class=\"has-text-align-center has-white-color has-text-color has-5-xl-font-size\"><em>F\u00fcr Schokoladenliebhaber!<\/em><\/p>\n<\/div><\/div>\n\n\n\n<div style=\"height:10px\" aria-hidden=\"true\" class=\"wp-block-spacer\"><\/div>\n\n\n\n<blockquote class=\"wp-block-quote is-style-large is-style-plain has-2-xl-font-size is-layout-flow wp-block-quote-is-layout-flow\" style=\"font-style:normal;font-weight:400\">\n<p>Schokoladenwerkstatt<\/p>\n<cite>Lernen Sie in einem 2-st\u00fcndigen Workshop, wie man Schokolade herstellt. Machen Sie Ihre eigene k\u00f6stliche Kreation und nehmen Sie sie mit nach Hause! Dieses Programm gibt Ihnen die M\u00f6glichkeit, an diesem wunderbaren Workshop teilzunehmen und Spanisch in Cusco zu lernen.<\/cite><\/blockquote>\n\n\n\n<div style=\"height:20px\" aria-hidden=\"true\" class=\"wp-block-spacer\"><\/div>\n\n\n\n<div class=\"wp-block-group has-background coblocks-animate\" style=\"background-color:#e7e7e7\" data-coblocks-animation=\"fadeIn\"><div class=\"wp-block-group__inner-container is-layout-flow wp-block-group-is-layout-flow\">\n<h2 class=\"wp-block-heading has-text-align-center\" id=\"salsa-workshop\">Chocolade Workshop<\/h2>\n\n\n\n<p class=\"has-text-align-center\">Dieser Workshop ist der beste Weg, um etwas \u00fcber die Schokoladengeschichte zu erfahren und auch Ihre eigene Schokolade zuzubereiten!&nbsp;<\/p>\n\n\n\n<p class=\"has-text-align-center\">Machen Sie sich bereit f\u00fcr 2 Stunden k\u00f6stlichen Spa\u00df, wo Sie den Prozess der Schokoladenherstellung vom Kakaobaum lernen, und Sie k\u00f6nnen aus mehr als einem Dutzend verschiedener Bel\u00e4ge w\u00e4hlen, die Sie Ihrer Schokolade hinzuf\u00fcgen k\u00f6nnen (120 gr).<\/p>\n\n\n\n<p class=\"has-text-align-center\">Wir werden Ihren Workshop am Vormittag oder Nachmittag unter Ber\u00fccksichtigung Ihres Spanischunterrichtsplans planen.<\/p>\n\n\n\n<div class=\"wp-block-buttons is-horizontal is-content-justification-center is-layout-flex wp-container-core-buttons-is-layout-499968f5 wp-block-buttons-is-layout-flex\">\n<div class=\"wp-block-button is-style-outline is-style-outline--1\"><a class=\"wp-block-button__link has-text-color wp-element-button\" style=\"color:#008000\">Schokoladenworkshop 2 Stunden<\/a><\/div>\n\n\n\n<div class=\"wp-block-button is-style-outline is-style-outline--2\"><a class=\"wp-block-button__link has-text-color wp-element-button\" style=\"color:#ffa500\">Kleine Gruppen<\/a><\/div>\n\n\n\n<div class=\"wp-block-button is-style-outline is-style-outline--3\"><a class=\"wp-block-button__link has-text-color wp-element-button\" style=\"color:#0000ff\">Nehmen Sie Ihre eigene Kreation mit nach Hause!<\/a><\/div>\n<\/div>\n<\/div><\/div>\n\n\n\n<div style=\"height:70px\" aria-hidden=\"true\" class=\"wp-block-spacer\"><\/div>\n\n\n\n<figure class=\"wp-block-gallery has-nested-images columns-4 is-cropped coblocks-animate wp-block-gallery-4 is-layout-flex wp-block-gallery-is-layout-flex\" data-coblocks-animation=\"clipVertical\">\n<figure class=\"wp-block-image size-large\"><img decoding=\"async\" width=\"1024\" height=\"683\" data-id=\"42868\" data-src=\"https:\/\/learnspanishinperu.net\/wp-content\/uploads\/2023\/03\/G5A0122-1024x683.jpg\" alt=\"\" class=\"wp-image-42868 lazyload\" data-srcset=\"https:\/\/learnspanishinperu.net\/wp-content\/uploads\/2023\/03\/G5A0122-1024x683.jpg 1024w, https:\/\/learnspanishinperu.net\/wp-content\/uploads\/2023\/03\/G5A0122-300x200.jpg 300w, https:\/\/learnspanishinperu.net\/wp-content\/uploads\/2023\/03\/G5A0122-768x512.jpg 768w, https:\/\/learnspanishinperu.net\/wp-content\/uploads\/2023\/03\/G5A0122-1536x1024.jpg 1536w, https:\/\/learnspanishinperu.net\/wp-content\/uploads\/2023\/03\/G5A0122-2048x1365.jpg 2048w, https:\/\/learnspanishinperu.net\/wp-content\/uploads\/2023\/03\/G5A0122-600x400.jpg 600w\" data-sizes=\"(max-width: 1024px) 100vw, 1024px\" src=\"data:image\/svg+xml;base64,PHN2ZyB3aWR0aD0iMSIgaGVpZ2h0PSIxIiB4bWxucz0iaHR0cDovL3d3dy53My5vcmcvMjAwMC9zdmciPjwvc3ZnPg==\" style=\"--smush-placeholder-width: 1024px; --smush-placeholder-aspect-ratio: 1024\/683;\" \/><\/figure>\n\n\n\n<figure class=\"wp-block-image size-large\"><img decoding=\"async\" width=\"1024\" height=\"683\" data-id=\"42856\" data-src=\"https:\/\/learnspanishinperu.net\/wp-content\/uploads\/2023\/03\/G5A0232-1024x683.jpg\" alt=\"\" class=\"wp-image-42856 lazyload\" data-srcset=\"https:\/\/learnspanishinperu.net\/wp-content\/uploads\/2023\/03\/G5A0232-1024x683.jpg 1024w, https:\/\/learnspanishinperu.net\/wp-content\/uploads\/2023\/03\/G5A0232-300x200.jpg 300w, https:\/\/learnspanishinperu.net\/wp-content\/uploads\/2023\/03\/G5A0232-768x512.jpg 768w, https:\/\/learnspanishinperu.net\/wp-content\/uploads\/2023\/03\/G5A0232-1536x1024.jpg 1536w, https:\/\/learnspanishinperu.net\/wp-content\/uploads\/2023\/03\/G5A0232-2048x1365.jpg 2048w, https:\/\/learnspanishinperu.net\/wp-content\/uploads\/2023\/03\/G5A0232-600x400.jpg 600w\" data-sizes=\"(max-width: 1024px) 100vw, 1024px\" src=\"data:image\/svg+xml;base64,PHN2ZyB3aWR0aD0iMSIgaGVpZ2h0PSIxIiB4bWxucz0iaHR0cDovL3d3dy53My5vcmcvMjAwMC9zdmciPjwvc3ZnPg==\" style=\"--smush-placeholder-width: 1024px; --smush-placeholder-aspect-ratio: 1024\/683;\" \/><\/figure>\n<\/figure>\n\n\n\n<div style=\"height:60px\" aria-hidden=\"true\" class=\"wp-block-spacer\"><\/div>\n\n\n\n<div class=\"wp-block-group has-background coblocks-animate\" style=\"background-color:#e7e7e7\" data-coblocks-animation=\"fadeIn\"><div class=\"wp-block-group__inner-container is-layout-flow wp-block-group-is-layout-flow\">\n<h2 class=\"wp-block-heading has-text-align-center\" id=\"private-classes\">Spanischkurs<\/h2>\n\n\n\n<p class=\"has-text-align-center\">Sie k\u00f6nnen Ihren Schokoladenworkshop mit dem von Ihnen bevorzugten spanischen Programm kombinieren. Unsere beliebtesten Programme sind unser 20-st\u00fcndiger Gruppenkurs und unser 10- oder 20-st\u00fcndiger Spanischunterricht. Unsere Unterrichtsmethode zeichnet sich durch pers\u00f6nliche Aufmerksamkeit und viel Konversation im Unterricht aus. Und das mit den besten Lehrern von Cusco!<\/p>\n\n\n\n<div class=\"wp-block-buttons is-horizontal is-content-justification-center is-layout-flex wp-container-core-buttons-is-layout-499968f5 wp-block-buttons-is-layout-flex\">\n<div class=\"wp-block-button is-style-outline is-style-outline--5\"><a class=\"wp-block-button__link has-text-color wp-element-button\" style=\"color:#008000\">Beginnt jeden Montag<\/a><\/div>\n\n\n\n<div class=\"wp-block-button is-style-outline is-style-outline--6\"><a class=\"wp-block-button__link has-text-color wp-element-button\" style=\"color:#ffa500\">Vormittags- oder Nachmittagsunterricht<\/a><\/div>\n\n\n\n<div class=\"wp-block-button is-style-outline is-style-outline--7\"><a class=\"wp-block-button__link has-text-color wp-element-button\" style=\"color:#0000ff\">Alle Spanischniveaus<\/a><\/div>\n\n\n\n<div class=\"wp-block-button is-style-outline is-style-outline--8\"><a class=\"wp-block-button__link has-text-color wp-element-button\" style=\"color:#a52a2a\">10 oder 20 Stunden pro Woche<\/a><\/div>\n\n\n\n<div class=\"wp-block-button is-style-outline is-style-outline--9\"><a class=\"wp-block-button__link has-text-color wp-element-button\" style=\"color:#800080\">Kursmaterialien enthalten<\/a><\/div>\n<\/div>\n<\/div><\/div>\n\n\n\n<div style=\"height:50px\" aria-hidden=\"true\" class=\"wp-block-spacer\"><\/div>\n\n\n<div\n\t\tclass=\"free align wp-block-btn-button\"\tid='btnButton-10'\n\tdata-nonce='&quot;0c77f052ed&quot;'\n\tdata-attributes='{&quot;cId&quot;:&quot;2be4b8d3-3&quot;,&quot;cPostId&quot;:45197,&quot;text&quot;:&quot;Melden Sie sich jetzt an!&quot;,&quot;allUserRole&quot;:[{&quot;label&quot;:&quot;Select a role&quot;,&quot;value&quot;:&quot;default&quot;},{&quot;label&quot;:&quot;Administrator&quot;,&quot;value&quot;:&quot;administrator&quot;},{&quot;label&quot;:&quot;Editor&quot;,&quot;value&quot;:&quot;editor&quot;},{&quot;label&quot;:&quot;Author&quot;,&quot;value&quot;:&quot;author&quot;},{&quot;label&quot;:&quot;Contributor&quot;,&quot;value&quot;:&quot;contributor&quot;},{&quot;label&quot;:&quot;Subscriber&quot;,&quot;value&quot;:&quot;subscriber&quot;},{&quot;label&quot;:&quot;Inactive&quot;,&quot;value&quot;:&quot;inactive&quot;},{&quot;label&quot;:&quot;SEO Manager&quot;,&quot;value&quot;:&quot;wpseo_manager&quot;},{&quot;label&quot;:&quot;SEO Editor&quot;,&quot;value&quot;:&quot;wpseo_editor&quot;}],&quot;url&quot;:&quot;https:\\\/\\\/learnspanishinperu.net\\\/de\\\/anmeldeformular\\\/&quot;,&quot;icon&quot;:{&quot;class&quot;:&quot;far fa-thumbs-up&quot;,&quot;name&quot;:&quot;thumbs-up&quot;},&quot;size&quot;:&quot;x-large&quot;,&quot;typography&quot;:{&quot;fontSize&quot;:22,&quot;fontWeight&quot;:600,&quot;textDecoration&quot;:&quot;none&quot;},&quot;colors&quot;:{&quot;color&quot;:&quot;#fff&quot;,&quot;bg&quot;:&quot;rgba(255, 165, 0, 1)&quot;},&quot;padding&quot;:{&quot;vertical&quot;:&quot;16px&quot;,&quot;horizontal&quot;:&quot;46px&quot;},&quot;border&quot;:{&quot;radius&quot;:&quot;5px&quot;,&quot;width&quot;:&quot;2px&quot;,&quot;color&quot;:&quot;#0a0002&quot;},&quot;align&quot;:&quot;&quot;,&quot;actionType&quot;:&quot;link&quot;,&quot;security&quot;:&quot;none&quot;,&quot;securityPassword&quot;:&quot;&quot;,&quot;tooltip&quot;:&quot;&quot;,&quot;tooltipPos&quot;:&quot;top&quot;,&quot;target&quot;:&quot;_self&quot;,&quot;attrs&quot;:{&quot;rel&quot;:&quot;noreferrer&quot;,&quot;referrerpolicy&quot;:&quot;no-referrer&quot;},&quot;hideOn&quot;:{&quot;desktop&quot;:false,&quot;tablet&quot;:false,&quot;mobile&quot;:false},&quot;isDownload&quot;:false,&quot;downloadFileName&quot;:&quot;&quot;,&quot;isUpIcon&quot;:false,&quot;upIcon&quot;:{&quot;id&quot;:null,&quot;url&quot;:&quot;&quot;,&quot;alt&quot;:&quot;&quot;,&quot;title&quot;:&quot;&quot;},&quot;iconPos&quot;:&quot;left&quot;,&quot;type&quot;:&quot;flat&quot;,&quot;isFullWidth&quot;:false,&quot;popup&quot;:{&quot;type&quot;:&quot;image&quot;,&quot;content&quot;:&quot;&quot;,&quot;caption&quot;:&quot;&quot;,&quot;width&quot;:&quot;&quot;},&quot;animationType&quot;:&quot;&quot;,&quot;animationDuration&quot;:0.4,&quot;addID&quot;:&quot;&quot;,&quot;addCSS&quot;:&quot;&quot;,&quot;alignment&quot;:&quot;center&quot;,&quot;hovColors&quot;:{&quot;color&quot;:&quot;#fff&quot;,&quot;bg&quot;:&quot;#FF7A00&quot;},&quot;shadow&quot;:[]}'\n\tdata-info='{&quot;userRoles&quot;:[],&quot;loginURL&quot;:&quot;https:\\\/\\\/learnspanishinperu.net\\\/wp-login.php&quot;}'\n\tdata-pipecheck=''\n><\/div>\n\n\n<div style=\"height:50px\" aria-hidden=\"true\" class=\"wp-block-spacer\"><\/div>\n\n\n\n<div class=\"wp-block-buttons is-horizontal is-content-justification-center is-layout-flex wp-container-core-buttons-is-layout-499968f5 wp-block-buttons-is-layout-flex\">\n<div class=\"wp-block-button\"><a class=\"wp-block-button__link has-background wp-element-button\" href=\"https:\/\/learnspanishinperu.net\/de\/programme\/workshops\/spanisch-kochkurse\/\" style=\"background-color:#008000\">Kockkurse<\/a><\/div>\n\n\n\n<div class=\"wp-block-button\"><a class=\"wp-block-button__link has-background wp-element-button\" href=\"https:\/\/learnspanishinperu.net\/de\/programme\/workshops\/interkultureller\/\" style=\"background-color:#ffa500\">Interkulturellen Workshop<\/a><\/div>\n\n\n\n<div class=\"wp-block-button\"><a class=\"wp-block-button__link has-background wp-element-button\" href=\"https:\/\/learnspanishinperu.net\/de\/preise\/\" style=\"background-color:#0000ff\">Preise<\/a><\/div>\n\n\n\n<div class=\"wp-block-button\"><a class=\"wp-block-button__link has-background wp-element-button\" href=\"https:\/\/learnspanishinperu.net\/de\/kontakt\/\" style=\"background-color:#a52a2a\">Kontaktiere uns!<\/a><\/div>\n<\/div>\n\n\n\n<div style=\"height:40px\" aria-hidden=\"true\" class=\"wp-block-spacer\"><\/div>\n","protected":false},"excerpt":{"rendered":"<p>Schokoladenwerkstatt Lernen Sie in einem 2-st\u00fcndigen Workshop, wie man Schokolade herstellt. Machen Sie Ihre eigene k\u00f6stliche Kreation und nehmen Sie sie mit nach Hause! Dieses Programm gibt Ihnen die M\u00f6glichkeit, an diesem wunderbaren Workshop teilzunehmen und Spanisch in Cusco zu lernen. Chocolade Workshop Dieser Workshop ist der beste Weg, um etwas \u00fcber die Schokoladengeschichte zu&hellip;<\/p>\n<p class=\"more\"><a class=\"more-link\" href=\"https:\/\/learnspanishinperu.net\/de\/programme\/workshops\/schokoladenwerkstatt\/\">Continue reading <span class=\"screen-reader-text\">Schokoladenwerkstatt<\/span><\/a><\/p>\n","protected":false},"author":1,"featured_media":0,"parent":16438,"menu_order":0,"comment_status":"closed","ping_status":"closed","template":"page-templates\/wide.php","meta":{"_coblocks_attr":"","_coblocks_dimensions":"","_coblocks_responsive_height":"","_coblocks_accordion_ie_support":"","footnotes":""},"class_list":["post-43130","page","type-page","status-publish","hentry","entry"],"yoast_head":"<!-- This site is optimized with the Yoast SEO plugin v27.5 - https:\/\/yoast.com\/product\/yoast-seo-wordpress\/ -->\n<title>Schokoladenwerkstatt - Mundo Antiguo - Schokolade in Cusco<\/title>\n<meta name=\"description\" content=\"Bereiten Sie Ihre eigene Schokolade in einem Schokoladenwerkstatt zu und kombinieren Sie sie mit Ihrem Spanischkurs bei Mundo Antiguo in Cusco\" \/>\n<meta name=\"robots\" content=\"index, follow, max-snippet:-1, max-image-preview:large, max-video-preview:-1\" \/>\n<link rel=\"canonical\" href=\"https:\/\/learnspanishinperu.net\/de\/programme\/workshops\/schokoladenwerkstatt\/\" \/>\n<meta property=\"og:locale\" content=\"de_DE\" \/>\n<meta property=\"og:type\" content=\"article\" \/>\n<meta property=\"og:title\" content=\"Schokoladenwerkstatt - Mundo Antiguo - Schokolade in Cusco\" \/>\n<meta property=\"og:description\" content=\"Bereiten Sie Ihre eigene Schokolade in einem Schokoladenwerkstatt zu und kombinieren Sie sie mit Ihrem Spanischkurs bei Mundo Antiguo in Cusco\" \/>\n<meta property=\"og:url\" content=\"https:\/\/learnspanishinperu.net\/de\/programme\/workshops\/schokoladenwerkstatt\/\" \/>\n<meta property=\"og:site_name\" content=\"Mundo Antiguo\" \/>\n<meta property=\"article:publisher\" content=\"http:\/\/www.facebook.com\/MundoAntiguoSpanishSchool\" \/>\n<meta property=\"article:modified_time\" content=\"2024-07-18T23:33:27+00:00\" \/>\n<meta property=\"og:image\" content=\"https:\/\/learnspanishinperu.net\/wp-content\/uploads\/2023\/03\/G5A0122-1024x683.jpg\" \/>\n<meta name=\"twitter:card\" content=\"summary_large_image\" \/>\n<meta name=\"twitter:site\" content=\"@MASpanishschool\" \/>\n<meta name=\"twitter:label1\" content=\"Gesch\u00e4tzte Lesezeit\" \/>\n\t<meta name=\"twitter:data1\" content=\"2 Minuten\" \/>\n<!-- \/ Yoast SEO plugin. -->","yoast_head_json":{"title":"Schokoladenwerkstatt - Mundo Antiguo - Schokolade in Cusco","description":"Bereiten Sie Ihre eigene Schokolade in einem Schokoladenwerkstatt zu und kombinieren Sie sie mit Ihrem Spanischkurs bei Mundo Antiguo in Cusco","robots":{"index":"index","follow":"follow","max-snippet":"max-snippet:-1","max-image-preview":"max-image-preview:large","max-video-preview":"max-video-preview:-1"},"canonical":"https:\/\/learnspanishinperu.net\/de\/programme\/workshops\/schokoladenwerkstatt\/","og_locale":"de_DE","og_type":"article","og_title":"Schokoladenwerkstatt - Mundo Antiguo - Schokolade in Cusco","og_description":"Bereiten Sie Ihre eigene Schokolade in einem Schokoladenwerkstatt zu und kombinieren Sie sie mit Ihrem Spanischkurs bei Mundo Antiguo in Cusco","og_url":"https:\/\/learnspanishinperu.net\/de\/programme\/workshops\/schokoladenwerkstatt\/","og_site_name":"Mundo Antiguo","article_publisher":"http:\/\/www.facebook.com\/MundoAntiguoSpanishSchool","article_modified_time":"2024-07-18T23:33:27+00:00","og_image":[{"url":"https:\/\/learnspanishinperu.net\/wp-content\/uploads\/2023\/03\/G5A0122-1024x683.jpg","type":"","width":"","height":""}],"twitter_card":"summary_large_image","twitter_site":"@MASpanishschool","twitter_misc":{"Gesch\u00e4tzte Lesezeit":"2 Minuten"},"schema":{"@context":"https:\/\/schema.org","@graph":[{"@type":"WebPage","@id":"https:\/\/learnspanishinperu.net\/de\/programme\/workshops\/schokoladenwerkstatt\/","url":"https:\/\/learnspanishinperu.net\/de\/programme\/workshops\/schokoladenwerkstatt\/","name":"Schokoladenwerkstatt - Mundo Antiguo - Schokolade in Cusco","isPartOf":{"@id":"https:\/\/learnspanishinperu.net\/#website"},"primaryImageOfPage":{"@id":"https:\/\/learnspanishinperu.net\/de\/programme\/workshops\/schokoladenwerkstatt\/#primaryimage"},"image":{"@id":"https:\/\/learnspanishinperu.net\/de\/programme\/workshops\/schokoladenwerkstatt\/#primaryimage"},"thumbnailUrl":"https:\/\/learnspanishinperu.net\/wp-content\/uploads\/2023\/03\/G5A0122-1024x683.jpg","datePublished":"2023-03-02T16:42:49+00:00","dateModified":"2024-07-18T23:33:27+00:00","description":"Bereiten Sie Ihre eigene Schokolade in einem Schokoladenwerkstatt zu und kombinieren Sie sie mit Ihrem Spanischkurs bei Mundo Antiguo in Cusco","breadcrumb":{"@id":"https:\/\/learnspanishinperu.net\/de\/programme\/workshops\/schokoladenwerkstatt\/#breadcrumb"},"inLanguage":"de-DE","potentialAction":[{"@type":"ReadAction","target":["https:\/\/learnspanishinperu.net\/de\/programme\/workshops\/schokoladenwerkstatt\/"]}]},{"@type":"ImageObject","inLanguage":"de-DE","@id":"https:\/\/learnspanishinperu.net\/de\/programme\/workshops\/schokoladenwerkstatt\/#primaryimage","url":"https:\/\/learnspanishinperu.net\/wp-content\/uploads\/2023\/03\/G5A0122-1024x683.jpg","contentUrl":"https:\/\/learnspanishinperu.net\/wp-content\/uploads\/2023\/03\/G5A0122-1024x683.jpg"},{"@type":"BreadcrumbList","@id":"https:\/\/learnspanishinperu.net\/de\/programme\/workshops\/schokoladenwerkstatt\/#breadcrumb","itemListElement":[{"@type":"ListItem","position":1,"name":"Home","item":"https:\/\/learnspanishinperu.net\/de\/"},{"@type":"ListItem","position":2,"name":"Programme","item":"https:\/\/learnspanishinperu.net\/de\/programme\/"},{"@type":"ListItem","position":3,"name":"Spanisch mit Workshops","item":"https:\/\/learnspanishinperu.net\/de\/programme\/workshops\/"},{"@type":"ListItem","position":4,"name":"Schokoladenwerkstatt"}]},{"@type":"WebSite","@id":"https:\/\/learnspanishinperu.net\/#website","url":"https:\/\/learnspanishinperu.net\/","name":"Mundo Antiguo","description":"Spanish school Cusco","publisher":{"@id":"https:\/\/learnspanishinperu.net\/#organization"},"potentialAction":[{"@type":"SearchAction","target":{"@type":"EntryPoint","urlTemplate":"https:\/\/learnspanishinperu.net\/?s={search_term_string}"},"query-input":{"@type":"PropertyValueSpecification","valueRequired":true,"valueName":"search_term_string"}}],"inLanguage":"de-DE"},{"@type":"Organization","@id":"https:\/\/learnspanishinperu.net\/#organization","name":"Mundo Antiguo","url":"https:\/\/learnspanishinperu.net\/","logo":{"@type":"ImageObject","inLanguage":"de-DE","@id":"https:\/\/learnspanishinperu.net\/#\/schema\/logo\/image\/","url":"https:\/\/learnspanishinperu.net\/wp-content\/uploads\/2016\/04\/logo-Spanish-school-Cusco-Peru-e1547820355169.jpg","contentUrl":"https:\/\/learnspanishinperu.net\/wp-content\/uploads\/2016\/04\/logo-Spanish-school-Cusco-Peru-e1547820355169.jpg","width":100,"height":83,"caption":"Mundo Antiguo"},"image":{"@id":"https:\/\/learnspanishinperu.net\/#\/schema\/logo\/image\/"},"sameAs":["http:\/\/www.facebook.com\/MundoAntiguoSpanishSchool","https:\/\/x.com\/MASpanishschool","https:\/\/www.instagram.com\/mundoantiguo_spanishschool\/","https:\/\/www.linkedin.com\/company\/mundo-antiguo-spanish-school","http:\/\/www.pinterest.com\/mundoantiguo\/"]}]}},"_links":{"self":[{"href":"https:\/\/learnspanishinperu.net\/de\/wp-json\/wp\/v2\/pages\/43130","targetHints":{"allow":["GET"]}}],"collection":[{"href":"https:\/\/learnspanishinperu.net\/de\/wp-json\/wp\/v2\/pages"}],"about":[{"href":"https:\/\/learnspanishinperu.net\/de\/wp-json\/wp\/v2\/types\/page"}],"author":[{"embeddable":true,"href":"https:\/\/learnspanishinperu.net\/de\/wp-json\/wp\/v2\/users\/1"}],"replies":[{"embeddable":true,"href":"https:\/\/learnspanishinperu.net\/de\/wp-json\/wp\/v2\/comments?post=43130"}],"version-history":[{"count":7,"href":"https:\/\/learnspanishinperu.net\/de\/wp-json\/wp\/v2\/pages\/43130\/revisions"}],"predecessor-version":[{"id":46998,"href":"https:\/\/learnspanishinperu.net\/de\/wp-json\/wp\/v2\/pages\/43130\/revisions\/46998"}],"up":[{"embeddable":true,"href":"https:\/\/learnspanishinperu.net\/de\/wp-json\/wp\/v2\/pages\/16438"}],"wp:attachment":[{"href":"https:\/\/learnspanishinperu.net\/de\/wp-json\/wp\/v2\/media?parent=43130"}],"curies":[{"name":"wp","href":"https:\/\/api.w.org\/{rel}","templated":true}]}}