{"id":42117,"date":"2023-02-14T09:49:15","date_gmt":"2023-02-14T14:49:15","guid":{"rendered":"https:\/\/learnspanishinperu.net\/dienstleistungen\/quechua\/"},"modified":"2023-02-14T11:43:24","modified_gmt":"2023-02-14T16:43:24","slug":"quechua","status":"publish","type":"page","link":"https:\/\/learnspanishinperu.net\/de\/dienstleistungen\/quechua\/","title":{"rendered":"Quechua online"},"content":{"rendered":"\n<div class=\"wp-block-group\"><div class=\"wp-block-group__inner-container is-layout-flow wp-block-group-is-layout-flow\">\n<div class=\"wp-block-cover alignfull is-light has-parallax\" style=\"min-height:460px;aspect-ratio:unset;\"><span aria-hidden=\"true\" class=\"wp-block-cover__background has-background-dim-10 has-background-dim\"><\/span><div role=\"img\" class=\"wp-block-cover__image-background wp-image-16007 has-parallax lazyload\" style=\"background-position:50% 50%;background-image:inherit\" data-bg-image=\"url(https:\/\/learnspanishinperu.net\/wp-content\/uploads\/2020\/07\/DSC03425-scaled.jpg)\"><\/div><div class=\"wp-block-cover__inner-container is-layout-flow wp-block-cover-is-layout-flow\">\n<h1 class=\"has-text-align-center has-white-color has-text-color wp-block-heading\" id=\"online-spanish-programs\" style=\"font-size:60px\">Online-Quechua-Programme<\/h1>\n\n\n\n<p class=\"has-text-align-center has-white-color has-text-color has-5-xl-font-size\"><em>Lernen Sie Quechua von zu Hause aus<\/em><\/p>\n<\/div><\/div>\n\n\n\n<div style=\"height:40px\" aria-hidden=\"true\" class=\"wp-block-spacer\"><\/div>\n\n\n\n<blockquote class=\"wp-block-quote has-text-align-left is-style-large is-style-plain is-layout-flow wp-block-quote-is-layout-flow\">\n<h2 class=\"wp-block-heading\">Quechua Online-Unterricht, Privatlehrer<\/h2>\n<cite><strong>Quechua online!<\/strong> Schneller, pers\u00f6nlicher Service. Nehmen Sie Unterricht mit der Intensit\u00e4t, die Sie bevorzugen!<br \/><strong>Quechua online!<\/strong> Lernen Sie Quechua, wann immer Sie wollen und mit dem Komfort Ihres eigenen Ortes.<\/cite><\/blockquote>\n\n\n\n<div style=\"height:30px\" aria-hidden=\"true\" class=\"wp-block-spacer\"><\/div>\n\n\n\n<div class=\"wp-block-group has-background coblocks-animate\" style=\"background-color:#e7e7e7\" data-coblocks-animation=\"slideInLeft\"><div class=\"wp-block-group__inner-container is-layout-flow wp-block-group-is-layout-flow\">\n<h2 class=\"has-text-align-center wp-block-heading\" id=\"online-spanish-course\">Online-Quechua-Kurs<\/h2>\n\n\n\n<p>Wir sind davon \u00fcberzeugt, dass jeder, der schnell und effektiv eine Sprache lernen m\u00f6chte, Folgendes ben\u00f6tigt:<\/p>\n\n\n<div class=\"wp-block-image is-style-bottom-wave\">\n<figure class=\"alignright size-medium\"><img decoding=\"async\" width=\"300\" height=\"200\" data-src=\"https:\/\/learnspanishinperu.net\/wp-content\/uploads\/2020\/07\/qtq80-pChJIr-300x200.jpeg\" alt=\"\" class=\"wp-image-15998 lazyload\" data-srcset=\"https:\/\/learnspanishinperu.net\/wp-content\/uploads\/2020\/07\/qtq80-pChJIr-300x200.jpeg 300w, https:\/\/learnspanishinperu.net\/wp-content\/uploads\/2020\/07\/qtq80-pChJIr-1024x683.jpeg 1024w, https:\/\/learnspanishinperu.net\/wp-content\/uploads\/2020\/07\/qtq80-pChJIr-768x512.jpeg 768w, https:\/\/learnspanishinperu.net\/wp-content\/uploads\/2020\/07\/qtq80-pChJIr.jpeg 1254w\" data-sizes=\"(max-width: 300px) 100vw, 300px\" src=\"data:image\/svg+xml;base64,PHN2ZyB3aWR0aD0iMSIgaGVpZ2h0PSIxIiB4bWxucz0iaHR0cDovL3d3dy53My5vcmcvMjAwMC9zdmciPjwvc3ZnPg==\" style=\"--smush-placeholder-width: 300px; --smush-placeholder-aspect-ratio: 300\/200;\" \/><\/figure>\n<\/div>\n\n\n<ul class=\"wp-block-list\">\n<li>Ein <strong>individueller Ansatz<\/strong>: Unterricht, der auf die F\u00e4higkeiten, Bed\u00fcrfnisse und W\u00fcnsche des Sch\u00fclers zugeschnitten ist<\/li>\n\n\n\n<li>Einzelunterricht, Ihr <strong>Privatlehrer<\/strong><\/li>\n\n\n\n<li>Direkte <strong>Konversation<\/strong>, um Ihre H\u00f6r- und Sprechf\u00e4higkeiten zu \u00fcben. Je mehr Konversation Sie f\u00fchren, desto schneller werden Sie Quechua sprechen<\/li>\n\n\n\n<li><strong>Grammatik<\/strong>, <strong>Wortschatz<\/strong>, <strong>Schrift<\/strong> und <strong>Aussprache<\/strong>. <\/li>\n\n\n\n<li>Learn by doing und viel <strong>Spa\u00df<\/strong> dabei!<\/li>\n<\/ul>\n\n\n\n<p>Wir k\u00f6nnen Kurse f\u00fcr <strong>Anf\u00e4nger<\/strong>, <strong>Mittelstufe<\/strong> und <strong>Fortgeschrittene<\/strong> anbieten.<\/p>\n<\/div><\/div>\n\n\n\n<div style=\"height:70px\" aria-hidden=\"true\" class=\"wp-block-spacer\"><\/div>\n\n\n\n<div class=\"wp-block-group has-background coblocks-animate\" style=\"background-color:#e7e7e7\" data-coblocks-animation=\"slideInRight\"><div class=\"wp-block-group__inner-container is-layout-flow wp-block-group-is-layout-flow\">\n<h2 class=\"has-text-align-center wp-block-heading\" id=\"online-spanish-lessons-one-to-one\">Online-Quechua-Unterricht eins zu eins<\/h2>\n\n\n<div class=\"wp-block-image is-style-bottom-wave\">\n<figure class=\"alignright size-medium coblocks-animate\" data-coblocks-animation=\"fadeIn\"><a href=\"https:\/\/learnspanishinperu.net\/wp-content\/uploads\/2020\/07\/cusco-fiesta-inti-raymi.jpg\"><img decoding=\"async\" width=\"300\" height=\"200\" data-src=\"https:\/\/learnspanishinperu.net\/wp-content\/uploads\/2020\/07\/cusco-fiesta-inti-raymi-300x200.jpg\" alt=\"\" class=\"wp-image-15755 lazyload\" data-srcset=\"https:\/\/learnspanishinperu.net\/wp-content\/uploads\/2020\/07\/cusco-fiesta-inti-raymi-300x200.jpg 300w, https:\/\/learnspanishinperu.net\/wp-content\/uploads\/2020\/07\/cusco-fiesta-inti-raymi-768x512.jpg 768w, https:\/\/learnspanishinperu.net\/wp-content\/uploads\/2020\/07\/cusco-fiesta-inti-raymi.jpg 960w\" data-sizes=\"(max-width: 300px) 100vw, 300px\" src=\"data:image\/svg+xml;base64,PHN2ZyB3aWR0aD0iMSIgaGVpZ2h0PSIxIiB4bWxucz0iaHR0cDovL3d3dy53My5vcmcvMjAwMC9zdmciPjwvc3ZnPg==\" style=\"--smush-placeholder-width: 300px; --smush-placeholder-aspect-ratio: 300\/200;\" \/><\/a><\/figure>\n<\/div>\n\n\n<p>Unsere Online-Kurse sind f\u00fcr alle, die Quechua lernen m\u00f6chten, unabh\u00e4ngig von Ihrem Alter oder Ihrem Ausgangsniveau.<\/p>\n\n\n\n<p>Sie k\u00f6nnen ein Paket von 10 oder 20 Klassen \u00e0 1 volle Stunde nehmen. Der Preis unserer Online-Quechua-Programme:<\/p>\n\n\n\n<ul class=\"is-style-checkbox wp-block-list\">\n<li>Preis pro 10 Stunden: $ 145 USD<\/li>\n\n\n\n<li>Preis pro 20 Stunden: $ 280 USD<\/li>\n<\/ul>\n\n\n\n<div class=\"wp-block-buttons is-layout-flex wp-block-buttons-is-layout-flex\">\n<div class=\"wp-block-button\"><a class=\"wp-block-button__link has-background wp-element-button\" href=\"https:\/\/learnspanishinperu.net\/de\/kontakt\/\" style=\"background-color:#008000\">Ich m\u00f6chte Quechua lernen<\/a><\/div>\n<\/div>\n<\/div><\/div>\n\n\n\n<div style=\"height:70px\" aria-hidden=\"true\" class=\"wp-block-spacer\"><\/div>\n<\/div><\/div>\n\n\n\n<div class=\"wp-block-group has-background\" style=\"background-color:#e7e7e7\"><div class=\"wp-block-group__inner-container is-layout-flow wp-block-group-is-layout-flow\">\n<h3 class=\"has-text-align-center wp-block-heading\" id=\"more-information-about-our-spanish-programs\">Mehr Informationen zu unseren Programmen?<\/h3>\n\n\n\n<div class=\"wp-block-buttons is-horizontal is-content-justification-center is-layout-flex wp-container-core-buttons-is-layout-499968f5 wp-block-buttons-is-layout-flex\">\n<div class=\"wp-block-button\"><a class=\"wp-block-button__link has-background wp-element-button\" href=\"https:\/\/learnspanishinperu.net\/de\/spanisch-online\/\" style=\"background-color:#0000ff\">Online-Spanisch-Programm<\/a><\/div>\n\n\n\n<div class=\"wp-block-button\"><a class=\"wp-block-button__link has-background wp-element-button\" href=\"https:\/\/learnspanishinperu.net\/de\/spanischschule\/mundo-antiguo\/\" style=\"background-color:#a52a2a\">Mundo Antiguo<\/a><\/div>\n\n\n\n<div class=\"wp-block-button\"><a class=\"wp-block-button__link has-background wp-element-button\" href=\"https:\/\/learnspanishinperu.net\/de\/freiwilligenarbeit\/\" style=\"background-color:#008000\">Freiwilligenarbeit in Cusco<\/a><\/div>\n\n\n\n<div class=\"wp-block-button\"><a class=\"wp-block-button__link has-background wp-element-button\" href=\"https:\/\/learnspanishinperu.net\/de\/preise\/\" style=\"background-color:#ffa500\">Preise<\/a><\/div>\n<\/div>\n<\/div><\/div>\n\n\n\n<div style=\"height:30px\" aria-hidden=\"true\" class=\"wp-block-spacer\"><\/div>\n","protected":false},"excerpt":{"rendered":"<p>Quechua Online-Unterricht, Privatlehrer Online-Quechua-Kurs Wir sind davon \u00fcberzeugt, dass jeder, der schnell und effektiv eine Sprache lernen m\u00f6chte, Folgendes ben\u00f6tigt: Wir k\u00f6nnen Kurse f\u00fcr Anf\u00e4nger, Mittelstufe und Fortgeschrittene anbieten. Online-Quechua-Unterricht eins zu eins Unsere Online-Kurse sind f\u00fcr alle, die Quechua lernen m\u00f6chten, unabh\u00e4ngig von Ihrem Alter oder Ihrem Ausgangsniveau. Sie k\u00f6nnen ein Paket von 10&hellip;<\/p>\n<p class=\"more\"><a class=\"more-link\" href=\"https:\/\/learnspanishinperu.net\/de\/dienstleistungen\/quechua\/\">Continue reading <span class=\"screen-reader-text\">Quechua online<\/span><\/a><\/p>\n","protected":false},"author":1,"featured_media":0,"parent":16465,"menu_order":0,"comment_status":"closed","ping_status":"closed","template":"page-templates\/wide.php","meta":{"_coblocks_attr":"","_coblocks_dimensions":"","_coblocks_responsive_height":"","_coblocks_accordion_ie_support":"","footnotes":""},"class_list":["post-42117","page","type-page","status-publish","hentry","entry"],"yoast_head":"<!-- This site is optimized with the Yoast SEO plugin v27.5 - https:\/\/yoast.com\/product\/yoast-seo-wordpress\/ -->\n<title>Quechua online - Mundo Antiguo - Privater Quechua-Unterricht<\/title>\n<meta name=\"description\" content=\"Quechua-Unterricht online mit einem Privatlehrer, lernen Sie Quechua online mit Einzelunterricht. Flexible Programme, alle Niveaus!\" \/>\n<meta name=\"robots\" content=\"index, follow, max-snippet:-1, max-image-preview:large, max-video-preview:-1\" \/>\n<link rel=\"canonical\" href=\"https:\/\/learnspanishinperu.net\/de\/dienstleistungen\/quechua\/\" \/>\n<meta property=\"og:locale\" content=\"de_DE\" \/>\n<meta property=\"og:type\" content=\"article\" \/>\n<meta property=\"og:title\" content=\"Quechua online - Mundo Antiguo - Privater Quechua-Unterricht\" \/>\n<meta property=\"og:description\" content=\"Quechua-Unterricht online mit einem Privatlehrer, lernen Sie Quechua online mit Einzelunterricht. Flexible Programme, alle Niveaus!\" \/>\n<meta property=\"og:url\" content=\"https:\/\/learnspanishinperu.net\/de\/dienstleistungen\/quechua\/\" \/>\n<meta property=\"og:site_name\" content=\"Mundo Antiguo\" \/>\n<meta property=\"article:publisher\" content=\"http:\/\/www.facebook.com\/MundoAntiguoSpanishSchool\" \/>\n<meta property=\"article:modified_time\" content=\"2023-02-14T16:43:24+00:00\" \/>\n<meta property=\"og:image\" content=\"https:\/\/learnspanishinperu.net\/wp-content\/uploads\/2020\/07\/qtq80-pChJIr-300x200.jpeg\" \/>\n<meta name=\"twitter:card\" content=\"summary_large_image\" \/>\n<meta name=\"twitter:site\" content=\"@MASpanishschool\" \/>\n<meta name=\"twitter:label1\" content=\"Gesch\u00e4tzte Lesezeit\" \/>\n\t<meta name=\"twitter:data1\" content=\"2 Minuten\" \/>\n<!-- \/ Yoast SEO plugin. -->","yoast_head_json":{"title":"Quechua online - Mundo Antiguo - Privater Quechua-Unterricht","description":"Quechua-Unterricht online mit einem Privatlehrer, lernen Sie Quechua online mit Einzelunterricht. Flexible Programme, alle Niveaus!","robots":{"index":"index","follow":"follow","max-snippet":"max-snippet:-1","max-image-preview":"max-image-preview:large","max-video-preview":"max-video-preview:-1"},"canonical":"https:\/\/learnspanishinperu.net\/de\/dienstleistungen\/quechua\/","og_locale":"de_DE","og_type":"article","og_title":"Quechua online - Mundo Antiguo - Privater Quechua-Unterricht","og_description":"Quechua-Unterricht online mit einem Privatlehrer, lernen Sie Quechua online mit Einzelunterricht. Flexible Programme, alle Niveaus!","og_url":"https:\/\/learnspanishinperu.net\/de\/dienstleistungen\/quechua\/","og_site_name":"Mundo Antiguo","article_publisher":"http:\/\/www.facebook.com\/MundoAntiguoSpanishSchool","article_modified_time":"2023-02-14T16:43:24+00:00","og_image":[{"url":"https:\/\/learnspanishinperu.net\/wp-content\/uploads\/2020\/07\/qtq80-pChJIr-300x200.jpeg","type":"","width":"","height":""}],"twitter_card":"summary_large_image","twitter_site":"@MASpanishschool","twitter_misc":{"Gesch\u00e4tzte Lesezeit":"2 Minuten"},"schema":{"@context":"https:\/\/schema.org","@graph":[{"@type":"WebPage","@id":"https:\/\/learnspanishinperu.net\/de\/dienstleistungen\/quechua\/","url":"https:\/\/learnspanishinperu.net\/de\/dienstleistungen\/quechua\/","name":"Quechua online - Mundo Antiguo - Privater Quechua-Unterricht","isPartOf":{"@id":"https:\/\/learnspanishinperu.net\/#website"},"primaryImageOfPage":{"@id":"https:\/\/learnspanishinperu.net\/de\/dienstleistungen\/quechua\/#primaryimage"},"image":{"@id":"https:\/\/learnspanishinperu.net\/de\/dienstleistungen\/quechua\/#primaryimage"},"thumbnailUrl":"https:\/\/learnspanishinperu.net\/wp-content\/uploads\/2020\/07\/qtq80-pChJIr-300x200.jpeg","datePublished":"2023-02-14T14:49:15+00:00","dateModified":"2023-02-14T16:43:24+00:00","description":"Quechua-Unterricht online mit einem Privatlehrer, lernen Sie Quechua online mit Einzelunterricht. Flexible Programme, alle Niveaus!","breadcrumb":{"@id":"https:\/\/learnspanishinperu.net\/de\/dienstleistungen\/quechua\/#breadcrumb"},"inLanguage":"de-DE","potentialAction":[{"@type":"ReadAction","target":["https:\/\/learnspanishinperu.net\/de\/dienstleistungen\/quechua\/"]}]},{"@type":"ImageObject","inLanguage":"de-DE","@id":"https:\/\/learnspanishinperu.net\/de\/dienstleistungen\/quechua\/#primaryimage","url":"https:\/\/learnspanishinperu.net\/wp-content\/uploads\/2020\/07\/qtq80-pChJIr-300x200.jpeg","contentUrl":"https:\/\/learnspanishinperu.net\/wp-content\/uploads\/2020\/07\/qtq80-pChJIr-300x200.jpeg"},{"@type":"BreadcrumbList","@id":"https:\/\/learnspanishinperu.net\/de\/dienstleistungen\/quechua\/#breadcrumb","itemListElement":[{"@type":"ListItem","position":1,"name":"Home","item":"https:\/\/learnspanishinperu.net\/de\/"},{"@type":"ListItem","position":2,"name":"Dienstleistungen","item":"https:\/\/learnspanishinperu.net\/de\/dienstleistungen\/"},{"@type":"ListItem","position":3,"name":"Quechua online"}]},{"@type":"WebSite","@id":"https:\/\/learnspanishinperu.net\/#website","url":"https:\/\/learnspanishinperu.net\/","name":"Mundo Antiguo","description":"Spanish school Cusco","publisher":{"@id":"https:\/\/learnspanishinperu.net\/#organization"},"potentialAction":[{"@type":"SearchAction","target":{"@type":"EntryPoint","urlTemplate":"https:\/\/learnspanishinperu.net\/?s={search_term_string}"},"query-input":{"@type":"PropertyValueSpecification","valueRequired":true,"valueName":"search_term_string"}}],"inLanguage":"de-DE"},{"@type":"Organization","@id":"https:\/\/learnspanishinperu.net\/#organization","name":"Mundo Antiguo","url":"https:\/\/learnspanishinperu.net\/","logo":{"@type":"ImageObject","inLanguage":"de-DE","@id":"https:\/\/learnspanishinperu.net\/#\/schema\/logo\/image\/","url":"https:\/\/learnspanishinperu.net\/wp-content\/uploads\/2016\/04\/logo-Spanish-school-Cusco-Peru-e1547820355169.jpg","contentUrl":"https:\/\/learnspanishinperu.net\/wp-content\/uploads\/2016\/04\/logo-Spanish-school-Cusco-Peru-e1547820355169.jpg","width":100,"height":83,"caption":"Mundo Antiguo"},"image":{"@id":"https:\/\/learnspanishinperu.net\/#\/schema\/logo\/image\/"},"sameAs":["http:\/\/www.facebook.com\/MundoAntiguoSpanishSchool","https:\/\/x.com\/MASpanishschool","https:\/\/www.instagram.com\/mundoantiguo_spanishschool\/","https:\/\/www.linkedin.com\/company\/mundo-antiguo-spanish-school","http:\/\/www.pinterest.com\/mundoantiguo\/"]}]}},"_links":{"self":[{"href":"https:\/\/learnspanishinperu.net\/de\/wp-json\/wp\/v2\/pages\/42117","targetHints":{"allow":["GET"]}}],"collection":[{"href":"https:\/\/learnspanishinperu.net\/de\/wp-json\/wp\/v2\/pages"}],"about":[{"href":"https:\/\/learnspanishinperu.net\/de\/wp-json\/wp\/v2\/types\/page"}],"author":[{"embeddable":true,"href":"https:\/\/learnspanishinperu.net\/de\/wp-json\/wp\/v2\/users\/1"}],"replies":[{"embeddable":true,"href":"https:\/\/learnspanishinperu.net\/de\/wp-json\/wp\/v2\/comments?post=42117"}],"version-history":[{"count":4,"href":"https:\/\/learnspanishinperu.net\/de\/wp-json\/wp\/v2\/pages\/42117\/revisions"}],"predecessor-version":[{"id":44602,"href":"https:\/\/learnspanishinperu.net\/de\/wp-json\/wp\/v2\/pages\/42117\/revisions\/44602"}],"up":[{"embeddable":true,"href":"https:\/\/learnspanishinperu.net\/de\/wp-json\/wp\/v2\/pages\/16465"}],"wp:attachment":[{"href":"https:\/\/learnspanishinperu.net\/de\/wp-json\/wp\/v2\/media?parent=42117"}],"curies":[{"name":"wp","href":"https:\/\/api.w.org\/{rel}","templated":true}]}}