{"id":18129,"date":"2020-11-03T07:21:03","date_gmt":"2020-11-03T12:21:03","guid":{"rendered":"https:\/\/learnspanishinperu.net\/touren-peru\/wanderungen-nach-machu-picchu\/lares-trek-nach-machu-picchu\/"},"modified":"2024-12-10T10:23:53","modified_gmt":"2024-12-10T15:23:53","slug":"lares-trek-nach-machu-picchu","status":"publish","type":"page","link":"https:\/\/learnspanishinperu.net\/de\/touren-peru\/wanderungen-nach-machu-picchu\/lares-trek-nach-machu-picchu\/","title":{"rendered":"Lares Trek nach Machu Picchu"},"content":{"rendered":"\n<div class=\"wp-block-group\"><div class=\"wp-block-group__inner-container is-layout-flow wp-block-group-is-layout-flow\">\n<div class=\"wp-block-cover alignfull is-light has-parallax mt-0\" style=\"min-height:460px;aspect-ratio:unset;\"><span aria-hidden=\"true\" class=\"wp-block-cover__background has-background-dim-10 has-background-dim\"><\/span><div class=\"wp-block-cover__image-background wp-image-15831 has-parallax lazyload\" style=\"background-position:50% 50%;background-image:inherit\" data-bg-image=\"url(https:\/\/learnspanishinperu.net\/wp-content\/uploads\/2020\/07\/Peru-trekking-trails-1-scaled.jpg)\"><\/div><div class=\"wp-block-cover__inner-container is-layout-flow wp-block-cover-is-layout-flow\">\n<h1 class=\"wp-block-heading has-text-align-center has-white-color has-text-color\" id=\"lares-trek-nach-machu-picchu\" style=\"font-size:60px\"><mark style=\"background-color:rgba(0, 0, 0, 0)\" class=\"has-inline-color has-white-color\">Lares Trek nach Machu Picchu <\/mark><\/h1>\n\n\n\n<p class=\"has-text-align-center has-white-color has-text-color has-5-xl-font-size\"><em>Vermeiden Sie die Menschenmassen!<\/em><\/p>\n<\/div><\/div>\n\n\n\n<div style=\"height:10px\" aria-hidden=\"true\" class=\"wp-block-spacer\"><\/div>\n\n\n\n<blockquote class=\"wp-block-quote is-style-large is-style-plain has-2-xl-font-size is-layout-flow wp-block-quote-is-layout-flow\" style=\"font-style:normal;font-weight:400\">\n<p>Lares Trek to Machu Picchu <\/p>\n<cite>Die Lares-Wanderung von Cusco nach Machu Picchu ist eine gute Option f\u00fcr Menschen, die den beliebteren Inka-Pfad meiden m\u00f6chten. Oder f\u00fcr diejenigen, die zu sp\u00e4t waren, um den Inka-Pfad zu reservieren. Dieser weniger bekannte 4-Tage-Trail f\u00fchrt Sie durch das Lares Valley. Es kombiniert einen atemberaubenden Blick auf die Berge und P\u00e4sse mit azurblauen Seen. Und Sie werden viele Quechua-Gemeinden sehen und kleine peruanische D\u00f6rfer kennenlernen.<\/cite><\/blockquote>\n\n\n<div class=\"wp-block-image\">\n<figure class=\"aligncenter size-medium\"><a href=\"https:\/\/learnspanishinperu.net\/wp-content\/uploads\/2024\/12\/SCALE-3.png\"><img decoding=\"async\" width=\"300\" height=\"206\" data-src=\"https:\/\/learnspanishinperu.net\/wp-content\/uploads\/2024\/12\/SCALE-3-300x206.png\" alt=\"\" class=\"wp-image-47957 lazyload\" data-srcset=\"https:\/\/learnspanishinperu.net\/wp-content\/uploads\/2024\/12\/SCALE-3-300x206.png 300w, https:\/\/learnspanishinperu.net\/wp-content\/uploads\/2024\/12\/SCALE-3-24x17.png 24w, https:\/\/learnspanishinperu.net\/wp-content\/uploads\/2024\/12\/SCALE-3-36x25.png 36w, https:\/\/learnspanishinperu.net\/wp-content\/uploads\/2024\/12\/SCALE-3-48x33.png 48w, https:\/\/learnspanishinperu.net\/wp-content\/uploads\/2024\/12\/SCALE-3.png 362w\" data-sizes=\"(max-width: 300px) 100vw, 300px\" src=\"data:image\/svg+xml;base64,PHN2ZyB3aWR0aD0iMSIgaGVpZ2h0PSIxIiB4bWxucz0iaHR0cDovL3d3dy53My5vcmcvMjAwMC9zdmciPjwvc3ZnPg==\" style=\"--smush-placeholder-width: 300px; --smush-placeholder-aspect-ratio: 300\/206;\" \/><\/a><\/figure>\n<\/div>\n\n\n<div style=\"height:20px\" aria-hidden=\"true\" class=\"wp-block-spacer\"><\/div>\n\n\n\n<div class=\"wp-block-group has-background\" style=\"background-color:#e7e7e7\"><div class=\"wp-block-group__inner-container is-layout-flow wp-block-group-is-layout-flow\">\n<h2 class=\"wp-block-heading has-text-align-center\" id=\"der-lares-trek\">Der Lares Trek<\/h2>\n\n\n\n<h3 class=\"wp-block-heading has-text-color\" id=\"tag-1-cusco-thermalbader-der-lares-huaca-wasi-6-stunden\" style=\"color:#008000\">Tag 1: Cusco &#8211; Thermalb\u00e4der der Lares &#8211; Huaca Wasi (6 Stunden)<\/h3>\n\n\n\n<p>Wir fahren sehr fr\u00fch am Morgen mit dem Bus von Cusco in das Dorf <strong>Calca<\/strong> (1 Autostunde). Dort machen wir eine halbe Stunde Pause. Danach fahren wir drei Stunden weiter nach <strong>Lares<\/strong>, einem Hochpass von 4265 Metern. Von dort haben Sie einen sch\u00f6nen Blick auf den Gletscher und den Sawasiray Pitusiray. Dann kommen wir im warmen <strong>Tal von Lares<\/strong> (3200 m) an, wo wir genug Zeit haben, um die <strong>Thermalb\u00e4der<\/strong> zu besuchen. Danach <strong>beginnen wir unsere Wanderung<\/strong> und klettern bis zu 3800 Meter zu unserem ersten Campingplatz in <strong>Huaca Wasi<\/strong>. Der Aufstieg ist nicht so schwierig. Wir gehen durch wundersch\u00f6ne T\u00e4ler mit kleinen D\u00f6rfern, in denen die Menschen immer noch in traditioneller Kleidung herumlaufen und Quechua sprechen. Beim Gehen sehen wir wilde Orchideen und Begonien.<\/p>\n\n\n\n<p>Sobald wir in Huaca Wasi ankommen, sind die Zelte bereits aufgebaut und der Koch wird das Essen liefern. Sie erhalten zusammen mit Ihrer Mahlzeit eine Tasse Coca-Tee und \u00fcbernachten in einem ger\u00e4umigen Zelt f\u00fcr zwei Personen. <\/p>\n\n\n\n<p><em>Mahlzeiten: Mittag- und Abendessen<\/em><\/p>\n\n\n\n<h3 class=\"wp-block-heading has-text-color\" id=\"tag-2-huaca-wasi-miski-unuyoc-6-stunden\" style=\"color:#ffa500\">Tag 2: Huaca Wasi &#8211; Miski Unuyoc (6 Stunden)<\/h3>\n\n\n<div class=\"wp-block-image is-style-bottom-wave\">\n<figure class=\"alignright\"><img decoding=\"async\" width=\"300\" height=\"225\" data-src=\"https:\/\/learnspanishinperu.net\/wp-content\/uploads\/2015\/11\/Machu-Picchu-5-300x225.jpg\" alt=\"Lares Trek nach Machu Picchu\" class=\"wp-image-2701 lazyload\" title=\"Lares Trek to Machu Picchu\" src=\"data:image\/svg+xml;base64,PHN2ZyB3aWR0aD0iMSIgaGVpZ2h0PSIxIiB4bWxucz0iaHR0cDovL3d3dy53My5vcmcvMjAwMC9zdmciPjwvc3ZnPg==\" style=\"--smush-placeholder-width: 300px; --smush-placeholder-aspect-ratio: 300\/225;\" \/><\/figure>\n<\/div>\n\n\n<p>Nach einem guten Fr\u00fchst\u00fcck beginnen wir unseren <strong>Aufstieg<\/strong>, der eine Stunde dauern wird. Es hat eine Schwierigkeit von 4-5, weil wir den h\u00f6chsten Teil der Wanderung erklimmen: den <strong>Huaca Wasi Pass<\/strong> (4500 Meter). Von hier aus haben Sie einen atemberaubenden und freien Blick auf beide Seiten des Passes und k\u00f6nnen die blaue Lagune (Auroray) \u00fcberblicken. Dieser See entsteht durch das Schmelzwasser des Gletschers Pumahuanca. W\u00e4hrend der restlichen <strong>Wanderung<\/strong> \u00fcberqueren wir Herden von Lamas und Alpakas sowie traditionelle H\u00e4user aus Lehmziegeln. Hier k\u00f6nnen wir auch den Anden Ibis und Stockenten sehen.<\/p>\n\n\n\n<p>Nach dem Mittagessen laufen wir noch 1,5 Stunden, bis wir unseren zweiten Campingplatz <strong>Miski Unuyoc<\/strong> erreichen. Es liegt auf 3800 Metern und in der N\u00e4he des Dorfes Manatnay. <\/p>\n\n\n\n<p><em>Mahlzeiten: Fr\u00fchst\u00fcck, Mittag- und Abendessen<\/em><\/p>\n\n\n\n<h3 class=\"wp-block-heading has-text-color\" id=\"tag-3-miski-unuyoc-yanahuara-ollantaytambo-aguas-calientes-5-stunden\" style=\"color:#0000ff\"> Tag 3: Miski Unuyoc &#8211; Yanahuara &#8211; Ollantaytambo &#8211; Aguas Calientes (5 Stunden)<\/h3>\n\n\n\n<p>Nach dem Fr\u00fchst\u00fcck fahren wir am fr\u00fchen Morgen los, um nach <strong>Yanahuara<\/strong> (4 Stunden) zu gehen, das sich 2280 Meter \u00fcber dem Meeresspiegel befindet. Unterwegs passieren wir ein paar Que\u00f1ua-B\u00e4ume, eine fast ausgestorbene Art. Yanahuara ist ein wundersch\u00f6nes Dorf im Heiligen Tal. Es ist auch der gr\u00f6\u00dfte Lebensmittelanbieter f\u00fcr Cusco. Hier werden wir zu Mittag essen und danach nehmen wir einen <strong>lokalen Bus nach Ollantaytambo<\/strong>. Die Fahrt dauert ca. 1 Stunde und 20 Minuten.<\/p>\n\n\n\n<p>Sie k\u00f6nnen das Dorf Ollantaytambo besuchen, w\u00e4hrend wir auf den Zug warten. Dieser <strong>Zug<\/strong> bringt uns in etwa einer halben Stunde nach <strong>Aguas Calientes<\/strong>. Dies ist das Dorf in der N\u00e4he von Machu Picchu. In Aguas Calientes verbringen Sie eine Nacht in einem Hotel in einem Doppelzimmer mit eigenem Bad. Abh\u00e4ngig von der Abfahrt unseres Zuges werden wir in Ollantaytambo oder Aguas Calientes zu Abend essen. <\/p>\n\n\n\n<p><em>Mahlzeiten: Fr\u00fchst\u00fcck, Mittag- und Abendessen<\/em><\/p>\n\n\n\n<h3 class=\"wp-block-heading has-text-color\" id=\"tag-4-aguas-calientes-machu-picchu-cusco\" style=\"color:#a52a2a\">Tag 4: Aguas Calientes \u2013 Machu Picchu \u2013 Cusco<\/h3>\n\n\n\n<p>Am n\u00e4chsten Morgen genie\u00dfen wir ein sehr fr\u00fches Fr\u00fchst\u00fcck und nehmen einen der ersten <strong>Busse<\/strong> es nach <strong>Machu Picchu<\/strong>. Wir werden Machu Picchu mit nur wenigen Touristen sehen, weil wir das erste Sonnenlicht \u00fcber Machu Picchu sehen werden, was ein magischer Moment ist. Bei Machu Picchu erhalten Sie eine <strong>F\u00fchrung<\/strong>. Am Nachmittag kehren wir nach Aguas Calientes zur\u00fcck, wo wir mit dem Zug zur\u00fcck nach Ollantaytambo fahren. Von dort geht es zur\u00fcck mit dem Bus nach Cusco und zur\u00fcck zu Ihrer Unterkunft. <\/p>\n\n\n\n<p><em>Mahlzeiten: Fr\u00fchst\u00fcck<\/em><\/p>\n<\/div><\/div>\n\n\n\n<div style=\"height:70px\" aria-hidden=\"true\" class=\"wp-block-spacer\"><\/div>\n\n\n\n<div class=\"wp-block-group has-background\" style=\"background-color:#e7e7e7\"><div class=\"wp-block-group__inner-container is-layout-flow wp-block-group-is-layout-flow\">\n<h3 class=\"wp-block-heading\" id=\"die-4-tagige-lares-wanderung-nach-machu-picchu\">Die 4-t\u00e4gige Lares-Wanderung nach Machu Picchu<\/h3>\n\n\n<div class=\"wp-block-image is-style-bottom-wave\">\n<figure class=\"alignright\"><img decoding=\"async\" width=\"300\" height=\"225\" data-src=\"https:\/\/learnspanishinperu.net\/wp-content\/uploads\/2015\/11\/Machu-Picchu-6-300x225.jpg\" alt=\"Machu Picchu trek\" class=\"wp-image-2997 lazyload\" title=\"Machu Picchu trek\" src=\"data:image\/svg+xml;base64,PHN2ZyB3aWR0aD0iMSIgaGVpZ2h0PSIxIiB4bWxucz0iaHR0cDovL3d3dy53My5vcmcvMjAwMC9zdmciPjwvc3ZnPg==\" style=\"--smush-placeholder-width: 300px; --smush-placeholder-aspect-ratio: 300\/225;\" \/><\/figure>\n<\/div>\n\n\n<p class=\"has-text-color\" style=\"color:#008000\"><strong>Enthalten:<\/strong><\/p>\n\n\n\n<p> \u2022 Transport von Cusco nach Lares<br \/> \u2022 Professioneller englischsprachiger F\u00fchrer<br \/> \u2022 Tr\u00e4ger oder Pferde f\u00fcr Zelte und Lebensmittel (max. 6 kg Gep\u00e4ck)<br \/> \u2022 K\u00fcchenausstattung<br \/> \u2022 Essen (3x Fr\u00fchst\u00fcck, 3x Mittagessen, 3x Abendessen)<br \/> \u2022 Campingausr\u00fcstung: Zelte und Matratzen<br \/> \u2022 Zugfahrkarte Ollantaytambo \/ Aguas Calientes<br \/> \u2022 Hotel in Aguas Calientes, basierend auf einem Doppelzimmer<br \/>  \u2022 Eingang zu Machu Picchu. <br \/> \u2022 Zugfahrkarte von Aguas Calientes nach Cusco oder ollantaytambo<br \/> \u2022 Medizinische Hilfe, Erste-Hilfe-Kasten, Sauerstoff<\/p>\n\n\n\n<p class=\"has-text-color\" style=\"color:#ffa500\"><strong>Nicht enthalten:<\/strong><\/p>\n\n\n\n<ul class=\"wp-block-list\">\n<li>Fr\u00fchst\u00fcck am 1. Tag, Mittagessen am 4. Tag<\/li>\n\n\n\n<li>Zus\u00e4tzliches Pferd f\u00fcr den Notfall<\/li>\n\n\n\n<li>Eingang zu den Thermalb\u00e4dern<\/li>\n\n\n\n<li>Schlafsack<\/li>\n\n\n\n<li>Bus auf und ab nach Machu Picchu<\/li>\n\n\n\n<li>Nicht inbegriffen und optional: Eintritt zum Gipfel Wayna Picchu oder Mount Machu Picchu. Bitte beachten Sie: Wenn Sie einen von ihnen besuchen m\u00f6chten, m\u00fcssen Sie weit im Voraus buchen.<\/li>\n\n\n\n<li>Wanderstock<\/li>\n\n\n\n<li>Optionales Einzelzimmer in Aguas Calientes<\/li>\n\n\n\n<li>Pers\u00f6nliche Versicherung<\/li>\n\n\n\n<li>Tipps f\u00fcr F\u00fchrer und K\u00f6che<\/li>\n<\/ul>\n<\/div><\/div>\n\n\n\n<div style=\"height:70px\" aria-hidden=\"true\" class=\"wp-block-spacer\"><\/div>\n\n\n\n<div class=\"wp-block-group has-background\" style=\"background-color:#e7e7e7\"><div class=\"wp-block-group__inner-container is-layout-flow wp-block-group-is-layout-flow\">\n<h2 class=\"wp-block-heading\" id=\"lares-trek-reservierungen\">Lares Trek Reservierungen<\/h2>\n\n\n<div class=\"wp-block-image is-style-bottom-wave\">\n<figure class=\"alignright\"><img decoding=\"async\" width=\"300\" height=\"225\" data-src=\"https:\/\/learnspanishinperu.net\/wp-content\/uploads\/2015\/11\/Machu-Picchu-16-300x225.jpg\" alt=\"Lares Trek nach Machu Picchu\" class=\"wp-image-2998 lazyload\" title=\"Lares Trek to Machu Picchu\" src=\"data:image\/svg+xml;base64,PHN2ZyB3aWR0aD0iMSIgaGVpZ2h0PSIxIiB4bWxucz0iaHR0cDovL3d3dy53My5vcmcvMjAwMC9zdmciPjwvc3ZnPg==\" style=\"--smush-placeholder-width: 300px; --smush-placeholder-aspect-ratio: 300\/225;\" \/><\/figure>\n<\/div>\n\n\n<p>Um den Lares Trek zu buchen, ben\u00f6tigen wir folgende Details:<br \/> \u2022 Vollst\u00e4ndige Namen, genau wie in Ihrem Reisepass angegeben<br \/> \u2022 Staatsangeh\u00f6rigkeit<br \/> \u2022 Geburtsdatum<br \/> \u2022 Abreisedatum<br \/> \u2022 Mindestens 200 USD, nicht r\u00fcckzahlbare Anzahlung pro Person. Den Rest der Wanderung k\u00f6nnen Sie in unserem B\u00fcro in Cusco bezahlen. Bitte beachten Sie: Ab 21 Tagen vor Ihrer Abreise k\u00f6nnen wir Ihre Zahlung nicht mehr zur\u00fcckerstatten.<br \/> \u2022 Eine Kopie \/ ein Fax oder ein Scan Ihres ISIC-Studentenausweises, falls vorhanden. Personen unter 28 Jahren mit einer offiziellen Karte erhalten einen Rabatt. Bitte senden Sie die Kopie sofort w\u00e4hrend Ihrer Buchung, sonst k\u00f6nnen Sie den Rabatt nicht erhalten.<\/p>\n\n\n\n<p>Die Preise der Touren variieren aufgrund wechselnder Vorschriften, fehlender Verf\u00fcgbarkeit oder \u00e4ndernder Eintrittsgeb\u00fchren oder Genehmigungen. Und wir wollen keine Versprechen machen, die wir nicht behalten k\u00f6nnen. Deshalb ist es schwierig, unsere Preise zu ver\u00f6ffentlichen, obwohl wir uns freuen w\u00fcrden, unsere Preise sind sehr konkurrenzf\u00e4hig. Bitte kontaktieren Sie uns, um ein Preisangebot anzufordern, und Sie werden das selbst herausfinden!<\/p>\n\n\n\n<div class=\"wp-block-buttons is-layout-flex wp-block-buttons-is-layout-flex\">\n<div class=\"wp-block-button\"><a class=\"wp-block-button__link has-background wp-element-button\" style=\"background-color:#008000\">Fordern Sie ein Angebot an!<\/a><\/div>\n<\/div>\n<\/div><\/div>\n\n\n\n<div style=\"height:70px\" aria-hidden=\"true\" class=\"wp-block-spacer\"><\/div>\n\n\n\n<div class=\"wp-block-group has-background\" style=\"background-color:#e7e7e7\"><div class=\"wp-block-group__inner-container is-layout-flow wp-block-group-is-layout-flow\">\n<p class=\"has-text-align-center\">Oder sehen Sie sich die anderen Wanderungen und Pfade nach Machu Picchu an:<\/p>\n\n\n\n<div class=\"wp-block-buttons is-horizontal is-content-justification-center is-layout-flex wp-container-core-buttons-is-layout-499968f5 wp-block-buttons-is-layout-flex\">\n<div class=\"wp-block-button\"><a class=\"wp-block-button__link has-background wp-element-button\" href=\"https:\/\/learnspanishinperu.net\/de\/touren-peru\/wanderungen-nach-machu-picchu\/inka-pfad-nach-machu-picchu\/\" style=\"background-color:#ffa500\">Klassischer Inka-Pfad<\/a><\/div>\n\n\n\n<div class=\"wp-block-button\"><a class=\"wp-block-button__link has-background wp-element-button\" href=\"https:\/\/learnspanishinperu.net\/de\/touren-peru\/wanderungen-nach-machu-picchu\/salkantay-trek-nach-machu-picchu\/\" style=\"background-color:#0000ff\">Salkantay Wanderung<\/a><\/div>\n\n\n\n<div class=\"wp-block-button\"><a class=\"wp-block-button__link has-background wp-element-button\" href=\"https:\/\/learnspanishinperu.net\/de\/touren-peru\/wanderungen-nach-machu-picchu\/inka-dschungelpfad-nach-machu-picchu\/\" style=\"background-color:#a52a2a\"> Inka-Dschungelpfad<\/a><\/div>\n<\/div>\n<\/div><\/div>\n\n\n\n<div class=\"wp-block-group has-background\" style=\"background-color:#e7e7e7\"><div class=\"wp-block-group__inner-container is-layout-flow wp-block-group-is-layout-flow\">\n<p class=\"has-text-align-center\">Oder \u00fcberpr\u00fcfen Sie die \u00d6ffnungszeiten, Zugangsregeln, Einschr\u00e4nkungen und Eintrittspreise von Machu Picchu hier:<\/p>\n\n\n\n<div class=\"wp-block-buttons is-horizontal is-content-justification-center is-layout-flex wp-container-core-buttons-is-layout-499968f5 wp-block-buttons-is-layout-flex\">\n<div class=\"wp-block-button\"><a class=\"wp-block-button__link has-background wp-element-button\" href=\"https:\/\/learnspanishinperu.net\/de\/faq\/machu-picchu\/\" style=\"background-color:#800080\">Machu Picchu Vorschriften<\/a><\/div>\n<\/div>\n<\/div><\/div>\n<\/div><\/div>\n\n\n\n<div style=\"height:50px\" aria-hidden=\"true\" class=\"wp-block-spacer\"><\/div>\n\n\n\n<p><\/p>\n","protected":false},"excerpt":{"rendered":"<p>Lares Trek to Machu Picchu Der Lares Trek Tag 1: Cusco &#8211; Thermalb\u00e4der der Lares &#8211; Huaca Wasi (6 Stunden) Wir fahren sehr fr\u00fch am Morgen mit dem Bus von Cusco in das Dorf Calca (1 Autostunde). Dort machen wir eine halbe Stunde Pause. Danach fahren wir drei Stunden weiter nach Lares, einem Hochpass von&hellip;<\/p>\n<p class=\"more\"><a class=\"more-link\" href=\"https:\/\/learnspanishinperu.net\/de\/touren-peru\/wanderungen-nach-machu-picchu\/lares-trek-nach-machu-picchu\/\">Continue reading <span class=\"screen-reader-text\">Lares Trek nach Machu Picchu<\/span><\/a><\/p>\n","protected":false},"author":1,"featured_media":0,"parent":17772,"menu_order":0,"comment_status":"closed","ping_status":"closed","template":"page-templates\/wide.php","meta":{"_coblocks_attr":"","_coblocks_dimensions":"","_coblocks_responsive_height":"","_coblocks_accordion_ie_support":"","footnotes":""},"class_list":["post-18129","page","type-page","status-publish","hentry","entry"],"yoast_head":"<!-- This site is optimized with the Yoast SEO plugin v27.5 - https:\/\/yoast.com\/product\/yoast-seo-wordpress\/ -->\n<title>Lares Trek Cusco nach Machu Picchu - Mundo Antiguo - Cusco<\/title>\n<meta name=\"description\" content=\"Der Lares Trek von Cusco nach Machu Picchu ist ein 4-t\u00e4giger Trail. Das Lares-Tal mit Blick auf die Berge, P\u00e4sse und Quechua-Gemeinden!\" \/>\n<meta name=\"robots\" content=\"index, follow, max-snippet:-1, max-image-preview:large, max-video-preview:-1\" \/>\n<link rel=\"canonical\" href=\"https:\/\/learnspanishinperu.net\/de\/touren-peru\/wanderungen-nach-machu-picchu\/lares-trek-nach-machu-picchu\/\" \/>\n<meta property=\"og:locale\" content=\"de_DE\" \/>\n<meta property=\"og:type\" content=\"article\" \/>\n<meta property=\"og:title\" content=\"Lares Trek Cusco nach Machu Picchu - Mundo Antiguo - Cusco\" \/>\n<meta property=\"og:description\" content=\"Der Lares Trek von Cusco nach Machu Picchu ist ein 4-t\u00e4giger Trail. Das Lares-Tal mit Blick auf die Berge, P\u00e4sse und Quechua-Gemeinden!\" \/>\n<meta property=\"og:url\" content=\"https:\/\/learnspanishinperu.net\/de\/touren-peru\/wanderungen-nach-machu-picchu\/lares-trek-nach-machu-picchu\/\" \/>\n<meta property=\"og:site_name\" content=\"Mundo Antiguo\" \/>\n<meta property=\"article:publisher\" content=\"http:\/\/www.facebook.com\/MundoAntiguoSpanishSchool\" \/>\n<meta property=\"article:modified_time\" content=\"2024-12-10T15:23:53+00:00\" \/>\n<meta property=\"og:image\" content=\"https:\/\/learnspanishinperu.net\/wp-content\/uploads\/2024\/12\/SCALE-3-300x206.png\" \/>\n<meta name=\"twitter:card\" content=\"summary_large_image\" \/>\n<meta name=\"twitter:site\" content=\"@MASpanishschool\" \/>\n<meta name=\"twitter:label1\" content=\"Gesch\u00e4tzte Lesezeit\" \/>\n\t<meta name=\"twitter:data1\" content=\"5 Minuten\" \/>\n<!-- \/ Yoast SEO plugin. -->","yoast_head_json":{"title":"Lares Trek Cusco nach Machu Picchu - Mundo Antiguo - Cusco","description":"Der Lares Trek von Cusco nach Machu Picchu ist ein 4-t\u00e4giger Trail. Das Lares-Tal mit Blick auf die Berge, P\u00e4sse und Quechua-Gemeinden!","robots":{"index":"index","follow":"follow","max-snippet":"max-snippet:-1","max-image-preview":"max-image-preview:large","max-video-preview":"max-video-preview:-1"},"canonical":"https:\/\/learnspanishinperu.net\/de\/touren-peru\/wanderungen-nach-machu-picchu\/lares-trek-nach-machu-picchu\/","og_locale":"de_DE","og_type":"article","og_title":"Lares Trek Cusco nach Machu Picchu - Mundo Antiguo - Cusco","og_description":"Der Lares Trek von Cusco nach Machu Picchu ist ein 4-t\u00e4giger Trail. Das Lares-Tal mit Blick auf die Berge, P\u00e4sse und Quechua-Gemeinden!","og_url":"https:\/\/learnspanishinperu.net\/de\/touren-peru\/wanderungen-nach-machu-picchu\/lares-trek-nach-machu-picchu\/","og_site_name":"Mundo Antiguo","article_publisher":"http:\/\/www.facebook.com\/MundoAntiguoSpanishSchool","article_modified_time":"2024-12-10T15:23:53+00:00","og_image":[{"url":"https:\/\/learnspanishinperu.net\/wp-content\/uploads\/2024\/12\/SCALE-3-300x206.png","type":"","width":"","height":""}],"twitter_card":"summary_large_image","twitter_site":"@MASpanishschool","twitter_misc":{"Gesch\u00e4tzte Lesezeit":"5 Minuten"},"schema":{"@context":"https:\/\/schema.org","@graph":[{"@type":"WebPage","@id":"https:\/\/learnspanishinperu.net\/de\/touren-peru\/wanderungen-nach-machu-picchu\/lares-trek-nach-machu-picchu\/","url":"https:\/\/learnspanishinperu.net\/de\/touren-peru\/wanderungen-nach-machu-picchu\/lares-trek-nach-machu-picchu\/","name":"Lares Trek Cusco nach Machu Picchu - Mundo Antiguo - Cusco","isPartOf":{"@id":"https:\/\/learnspanishinperu.net\/#website"},"primaryImageOfPage":{"@id":"https:\/\/learnspanishinperu.net\/de\/touren-peru\/wanderungen-nach-machu-picchu\/lares-trek-nach-machu-picchu\/#primaryimage"},"image":{"@id":"https:\/\/learnspanishinperu.net\/de\/touren-peru\/wanderungen-nach-machu-picchu\/lares-trek-nach-machu-picchu\/#primaryimage"},"thumbnailUrl":"https:\/\/learnspanishinperu.net\/wp-content\/uploads\/2024\/12\/SCALE-3-300x206.png","datePublished":"2020-11-03T12:21:03+00:00","dateModified":"2024-12-10T15:23:53+00:00","description":"Der Lares Trek von Cusco nach Machu Picchu ist ein 4-t\u00e4giger Trail. Das Lares-Tal mit Blick auf die Berge, P\u00e4sse und Quechua-Gemeinden!","breadcrumb":{"@id":"https:\/\/learnspanishinperu.net\/de\/touren-peru\/wanderungen-nach-machu-picchu\/lares-trek-nach-machu-picchu\/#breadcrumb"},"inLanguage":"de-DE","potentialAction":[{"@type":"ReadAction","target":["https:\/\/learnspanishinperu.net\/de\/touren-peru\/wanderungen-nach-machu-picchu\/lares-trek-nach-machu-picchu\/"]}]},{"@type":"ImageObject","inLanguage":"de-DE","@id":"https:\/\/learnspanishinperu.net\/de\/touren-peru\/wanderungen-nach-machu-picchu\/lares-trek-nach-machu-picchu\/#primaryimage","url":"https:\/\/learnspanishinperu.net\/wp-content\/uploads\/2024\/12\/SCALE-3-300x206.png","contentUrl":"https:\/\/learnspanishinperu.net\/wp-content\/uploads\/2024\/12\/SCALE-3-300x206.png"},{"@type":"BreadcrumbList","@id":"https:\/\/learnspanishinperu.net\/de\/touren-peru\/wanderungen-nach-machu-picchu\/lares-trek-nach-machu-picchu\/#breadcrumb","itemListElement":[{"@type":"ListItem","position":1,"name":"Home","item":"https:\/\/learnspanishinperu.net\/de\/"},{"@type":"ListItem","position":2,"name":"Touren in Peru","item":"https:\/\/learnspanishinperu.net\/de\/touren-peru\/"},{"@type":"ListItem","position":3,"name":"Wanderungen nach Machu Picchu","item":"https:\/\/learnspanishinperu.net\/de\/touren-peru\/wanderungen-nach-machu-picchu\/"},{"@type":"ListItem","position":4,"name":"Lares Trek nach Machu Picchu"}]},{"@type":"WebSite","@id":"https:\/\/learnspanishinperu.net\/#website","url":"https:\/\/learnspanishinperu.net\/","name":"Mundo Antiguo","description":"Spanish school Cusco","publisher":{"@id":"https:\/\/learnspanishinperu.net\/#organization"},"potentialAction":[{"@type":"SearchAction","target":{"@type":"EntryPoint","urlTemplate":"https:\/\/learnspanishinperu.net\/?s={search_term_string}"},"query-input":{"@type":"PropertyValueSpecification","valueRequired":true,"valueName":"search_term_string"}}],"inLanguage":"de-DE"},{"@type":"Organization","@id":"https:\/\/learnspanishinperu.net\/#organization","name":"Mundo Antiguo","url":"https:\/\/learnspanishinperu.net\/","logo":{"@type":"ImageObject","inLanguage":"de-DE","@id":"https:\/\/learnspanishinperu.net\/#\/schema\/logo\/image\/","url":"https:\/\/learnspanishinperu.net\/wp-content\/uploads\/2016\/04\/logo-Spanish-school-Cusco-Peru-e1547820355169.jpg","contentUrl":"https:\/\/learnspanishinperu.net\/wp-content\/uploads\/2016\/04\/logo-Spanish-school-Cusco-Peru-e1547820355169.jpg","width":100,"height":83,"caption":"Mundo Antiguo"},"image":{"@id":"https:\/\/learnspanishinperu.net\/#\/schema\/logo\/image\/"},"sameAs":["http:\/\/www.facebook.com\/MundoAntiguoSpanishSchool","https:\/\/x.com\/MASpanishschool","https:\/\/www.instagram.com\/mundoantiguo_spanishschool\/","https:\/\/www.linkedin.com\/company\/mundo-antiguo-spanish-school","http:\/\/www.pinterest.com\/mundoantiguo\/"]}]}},"_links":{"self":[{"href":"https:\/\/learnspanishinperu.net\/de\/wp-json\/wp\/v2\/pages\/18129","targetHints":{"allow":["GET"]}}],"collection":[{"href":"https:\/\/learnspanishinperu.net\/de\/wp-json\/wp\/v2\/pages"}],"about":[{"href":"https:\/\/learnspanishinperu.net\/de\/wp-json\/wp\/v2\/types\/page"}],"author":[{"embeddable":true,"href":"https:\/\/learnspanishinperu.net\/de\/wp-json\/wp\/v2\/users\/1"}],"replies":[{"embeddable":true,"href":"https:\/\/learnspanishinperu.net\/de\/wp-json\/wp\/v2\/comments?post=18129"}],"version-history":[{"count":20,"href":"https:\/\/learnspanishinperu.net\/de\/wp-json\/wp\/v2\/pages\/18129\/revisions"}],"predecessor-version":[{"id":48074,"href":"https:\/\/learnspanishinperu.net\/de\/wp-json\/wp\/v2\/pages\/18129\/revisions\/48074"}],"up":[{"embeddable":true,"href":"https:\/\/learnspanishinperu.net\/de\/wp-json\/wp\/v2\/pages\/17772"}],"wp:attachment":[{"href":"https:\/\/learnspanishinperu.net\/de\/wp-json\/wp\/v2\/media?parent=18129"}],"curies":[{"name":"wp","href":"https:\/\/api.w.org\/{rel}","templated":true}]}}