{"id":18116,"date":"2020-10-20T08:04:38","date_gmt":"2020-10-20T13:04:38","guid":{"rendered":"https:\/\/learnspanishinperu.net\/touren-peru\/wanderungen-nach-machu-picchu\/inka-pfad-nach-machu-picchu\/"},"modified":"2024-12-10T10:21:01","modified_gmt":"2024-12-10T15:21:01","slug":"inka-pfad-nach-machu-picchu","status":"publish","type":"page","link":"https:\/\/learnspanishinperu.net\/de\/touren-peru\/wanderungen-nach-machu-picchu\/inka-pfad-nach-machu-picchu\/","title":{"rendered":"Inka-Pfad nach Machu Picchu"},"content":{"rendered":"\n<div class=\"wp-block-group\"><div class=\"wp-block-group__inner-container is-layout-flow wp-block-group-is-layout-flow\">\n<div class=\"wp-block-cover alignfull is-light has-parallax mt-0\" style=\"min-height:460px;aspect-ratio:unset;\"><span aria-hidden=\"true\" class=\"wp-block-cover__background has-background-dim-20 has-background-dim\"><\/span><div class=\"wp-block-cover__image-background wp-image-17964 has-parallax lazyload\" style=\"background-position:50% 50%;background-image:inherit\" data-bg-image=\"url(https:\/\/learnspanishinperu.net\/wp-content\/uploads\/2020\/10\/machu-picchu-peru.jpeg)\"><\/div><div class=\"wp-block-cover__inner-container is-layout-flow wp-block-cover-is-layout-flow\">\n<h1 class=\"wp-block-heading has-text-align-center has-white-color has-text-color\" id=\"inka-trail-nach-machu-picchu\" style=\"font-size:60px\"><mark style=\"background-color:rgba(0, 0, 0, 0)\" class=\"has-inline-color has-white-color\">Inka Trail nach Machu Picchu<\/mark><\/h1>\n\n\n\n<p class=\"has-text-align-center has-white-color has-text-color has-5-xl-font-size\"><em>Der klassische 4-Tages-Trail nach Machu Picchu<\/em><\/p>\n<\/div><\/div>\n\n\n\n<div style=\"height:10px\" aria-hidden=\"true\" class=\"wp-block-spacer\"><\/div>\n\n\n\n<blockquote class=\"wp-block-quote is-style-large is-style-plain has-2-xl-font-size is-layout-flow wp-block-quote-is-layout-flow\" style=\"font-style:normal;font-weight:400\">\n<p>Inkapfad nach Machu Picchu <\/p>\n<cite>Der klassische 4-t\u00e4gige Inka-Trail nach Machu Picchu ist wahrscheinlich der ber\u00fchmteste Trail der Welt. Und das aus gutem Grund! Der Inka-Pfad f\u00fchrt \u00fcber hohe Berge und durch den hohen Wald von Machu Picchu. Dieser Weg war Teil eines ausgedehnten Wegenetzes, Qhapaq \u00d1an. Es ist eine Route von ungef\u00e4hr 23.000 Kilometern und f\u00fchrt durch Tahuantinsuyo, das Inka-Reich von Peru, Ecuador, Kolumbien und Bolivien sowie Teile von Brasilien, Chile und Argentinien. Chasquis nutzte dieses Netzwerk, um Nachrichten, beispielsweise von Quito nach Cusco (eine Entfernung von 1980 Kilometern), in nur 5 Tagen zu bringen.<\/cite><\/blockquote>\n\n\n<div class=\"wp-block-image\">\n<figure class=\"aligncenter size-medium\"><a href=\"https:\/\/learnspanishinperu.net\/wp-content\/uploads\/2024\/12\/SCALE-4.png\"><img decoding=\"async\" width=\"300\" height=\"206\" data-src=\"https:\/\/learnspanishinperu.net\/wp-content\/uploads\/2024\/12\/SCALE-4-300x206.png\" alt=\"\" class=\"wp-image-47974 lazyload\" data-srcset=\"https:\/\/learnspanishinperu.net\/wp-content\/uploads\/2024\/12\/SCALE-4-300x206.png 300w, https:\/\/learnspanishinperu.net\/wp-content\/uploads\/2024\/12\/SCALE-4-24x17.png 24w, https:\/\/learnspanishinperu.net\/wp-content\/uploads\/2024\/12\/SCALE-4-36x25.png 36w, https:\/\/learnspanishinperu.net\/wp-content\/uploads\/2024\/12\/SCALE-4-48x33.png 48w, https:\/\/learnspanishinperu.net\/wp-content\/uploads\/2024\/12\/SCALE-4.png 362w\" data-sizes=\"(max-width: 300px) 100vw, 300px\" src=\"data:image\/svg+xml;base64,PHN2ZyB3aWR0aD0iMSIgaGVpZ2h0PSIxIiB4bWxucz0iaHR0cDovL3d3dy53My5vcmcvMjAwMC9zdmciPjwvc3ZnPg==\" style=\"--smush-placeholder-width: 300px; --smush-placeholder-aspect-ratio: 300\/206;\" \/><\/a><\/figure>\n<\/div>\n\n\n<div style=\"height:20px\" aria-hidden=\"true\" class=\"wp-block-spacer\"><\/div>\n\n\n\n<div class=\"wp-block-group has-background\" style=\"background-color:#e7e7e7\"><div class=\"wp-block-group__inner-container is-layout-flow wp-block-group-is-layout-flow\">\n<h2 class=\"wp-block-heading has-text-align-center has-text-color\" id=\"viertagiger-inka-trail\" style=\"color:#008000\">Viert\u00e4giger Inka-Trail<\/h2>\n\n\n<div class=\"wp-block-image is-style-bottom-wave\">\n<figure class=\"alignright\"><img decoding=\"async\" width=\"300\" height=\"133\" data-src=\"https:\/\/learnspanishinperu.net\/wp-content\/uploads\/2015\/11\/inca-trail-pas-300x133.jpg\" alt=\"der Inka Trail Pass\" class=\"wp-image-3162 lazyload\" title=\"the Inca Trail pass\" src=\"data:image\/svg+xml;base64,PHN2ZyB3aWR0aD0iMSIgaGVpZ2h0PSIxIiB4bWxucz0iaHR0cDovL3d3dy53My5vcmcvMjAwMC9zdmciPjwvc3ZnPg==\" style=\"--smush-placeholder-width: 300px; --smush-placeholder-aspect-ratio: 300\/133;\" \/><\/figure>\n<\/div>\n\n\n<p>Der klassische Inka-Trail ist eine viert\u00e4gige Wanderung, die in Machu Picchu endet. Diese Wanderung ist ein fast <strong>43 Kilometer langes<\/strong> Abenteuer auf den alten Spuren der Inkas. Entlang des Weges besuchen Sie pr\u00e4chtige Ruinen. Sie passieren einen Berg von 4200 Metern H\u00f6he. Und Sie haben einen atemberaubenden Blick von schneebedeckten Gipfeln und spazieren durch den Nebelwald in der N\u00e4he des Amazonas-Dschungels. Sie werden den beeindruckenden Anblick von Machu Picchu aus der Sicht von Inti Punku, dem Sonnentor, sehen. Dann wissen Sie, dass Sie es endlich bis zum wundersch\u00f6nen Weltwunder von Machu Picchu geschafft haben!<\/p>\n<\/div><\/div>\n\n\n\n<div style=\"height:70px\" aria-hidden=\"true\" class=\"wp-block-spacer\"><\/div>\n\n\n\n<div class=\"wp-block-group has-background\" style=\"background-color:#e7e7e7\"><div class=\"wp-block-group__inner-container is-layout-flow wp-block-group-is-layout-flow\">\n<h2 class=\"wp-block-heading has-text-align-center has-text-color\" id=\"das-programm\" style=\"color:#ffa500\">Das Programm<\/h2>\n\n\n<div class=\"wp-block-image is-style-bottom-wave\">\n<figure class=\"alignright\"><img decoding=\"async\" width=\"199\" height=\"300\" data-src=\"https:\/\/learnspanishinperu.net\/wp-content\/uploads\/2015\/11\/inca-trail-199x300.jpg\" alt=\"Inka-Pfad nach Machu Picchu\" class=\"wp-image-3163 lazyload\" title=\"Inca Trail to Machu Picchu\" src=\"data:image\/svg+xml;base64,PHN2ZyB3aWR0aD0iMSIgaGVpZ2h0PSIxIiB4bWxucz0iaHR0cDovL3d3dy53My5vcmcvMjAwMC9zdmciPjwvc3ZnPg==\" style=\"--smush-placeholder-width: 199px; --smush-placeholder-aspect-ratio: 199\/300;\" \/><\/figure>\n<\/div>\n\n\n<p>Am fr\u00fchen Morgen unseres <em>ersten Tages<\/em> fahren wir <strong>von Cusco nach Veronica<\/strong> (5850 m), 82 km von Cusco entfernt, wo Sie eine fantastische Aussicht haben. Wir werden ein wenig runter gehen und unser Abenteuer beginnen. Der erste Tag des <strong>Wanderns<\/strong> ist nicht allzu schwierig und dauert ca. <strong>5 Stunden<\/strong>, bis wir unseren Campingplatz auf rund 3000 Metern erreichen.<\/p>\n\n\n\n<p>Der <em>zweite Tag<\/em> ist der schwierigste, da Sie den sogenannten \u201e<strong>Dead Woman\u00b4s Pass<\/strong>\u201c besteigen m\u00fcssen. Dies ist der h\u00f6chste Punkt des Inka-Pfades, ein Anstieg von ungef\u00e4hr 1200 Metern. Nach dem Mittagessen gehen wir zu unserem Camp hinunter, das sich auf etwa 3600 Metern befindet.<\/p>\n\n\n\n<p>Der <em>dritte Tag<\/em> der Wanderung beginnt mit einem Aufstieg, diesmal jedoch \u201enur\u201c auf 3850 Meter. Nach diesem Aufstieg geht es den gr\u00f6\u00dften Teil des Weges bergab. Bereiten Sie sich auf etwa <strong>2000 Inka-Treppen<\/strong> vor, die in den Nebelwald und zu den fantastischen Ruinen von <strong>Wi\u00f1aywayna<\/strong> (Forever Young) hinabsteigen. Nach dieser Wanderung k\u00f6nnen Sie eine warme Dusche nehmen, ein gutes Abendessen essen und vielleicht ein Bier trinken, damit Sie f\u00fcr den letzten Tag bereit sind!<\/p>\n\n\n\n<p>Der vierte und letzte Tag ist einfacher. aber wir fahren sehr fr\u00fch am Morgen ab. Auf diese Weise erreichen wir <strong>Machu Picchu<\/strong> vor dem ersten Sonnenaufgang. Dort angekommen, haben Sie eine gef\u00fchrte Tour, um die \u201eVerlorene Stadt der Inkas\u201c zu erkunden. Am Nachmittag fahren wir mit dem Bus in das Dorf Aguas Calientes und von dort mit Zug und Bus zur\u00fcck nach Cusco, wo das Programm endet.<\/p>\n<\/div><\/div>\n\n\n\n<div style=\"height:70px\" aria-hidden=\"true\" class=\"wp-block-spacer\"><\/div>\n\n\n\n<div class=\"wp-block-group has-background\" style=\"background-color:#e7e7e7\"><div class=\"wp-block-group__inner-container is-layout-flow wp-block-group-is-layout-flow\">\n<h2 class=\"wp-block-heading has-text-align-center has-text-color\" id=\"klassischer-4-tagiger-inka-trail-nach-machu-picchu\" style=\"color:#0000ff\">Klassischer 4-t\u00e4giger Inka-Trail nach Machu Picchu<\/h2>\n\n\n<div class=\"wp-block-image is-style-bottom-wave\">\n<figure class=\"alignright\"><img decoding=\"async\" width=\"225\" height=\"300\" data-src=\"https:\/\/learnspanishinperu.net\/wp-content\/uploads\/2015\/11\/Machu-Picchu-20-225x300.jpg\" alt=\"Machu Picchu Br\u00fccke\" class=\"wp-image-2995 lazyload\" title=\"Machu Picchu bridge\" src=\"data:image\/svg+xml;base64,PHN2ZyB3aWR0aD0iMSIgaGVpZ2h0PSIxIiB4bWxucz0iaHR0cDovL3d3dy53My5vcmcvMjAwMC9zdmciPjwvc3ZnPg==\" style=\"--smush-placeholder-width: 225px; --smush-placeholder-aspect-ratio: 225\/300;\" \/><\/figure>\n<\/div>\n\n\n<p><strong>Im Inka-Pfad enthalten:<\/strong><br \/>\n\u2022 Transport wie beschrieben<br \/>\n\u2022 Transfer zu und von Ihrer Unterkunft<br \/>\n\u2022 Eintrittspreis f\u00fcr den Inka-Trail<br \/>\n\u2022 Eintrittspreis f\u00fcr Machu Picchu<br \/>\n\u2022 Alle Steuern<br \/>\n\u2022 Tr\u00e4ger f\u00fcr Zelte und Lebensmittel<br \/>\n\u2022 Kochen und Essen (3x Fr\u00fchst\u00fcck, 3x Mittagessen, 3x Abendessen)<br \/>\n\u2022 Englisch sprechender F\u00fchrer<br \/>\n\u2022 Campingausr\u00fcstung, einschlie\u00dflich Zelte und Matratzen<br \/>\n\u2022 K\u00fcche und Ausstattung<br \/>\n\u2022 Medizinische Assistenz<\/p>\n\n\n\n<p><strong>Nicht enthalten:<\/strong><\/p>\n\n\n\n<ul class=\"wp-block-list\">\n<li>Fr\u00fchst\u00fcck am 1. Tag, Mittagessen am 4. Tag.<\/li>\n\n\n\n<li>Eintritt zum Berg Machu Picchu oder Huyna Picchu, optional zu buchen.<\/li>\n\n\n\n<li>Bus von Machu Picchu nach Aguas Calientes: Optional k\u00f6nnen Sie auch zu Fu\u00df gehen.<\/li>\n\n\n\n<li>Kein Gep\u00e4cktr\u00e4ger f\u00fcr Ihre pers\u00f6nlichen Gegenst\u00e4nde, einschlie\u00dflich Schlafsack und Matratze. Sie k\u00f6nnen gegen Aufpreis einen zus\u00e4tzlichen Gep\u00e4cktr\u00e4ger (maximal 12 kg) f\u00fcr den Trail mieten. Bitte teilen Sie uns mit, ob Sie dies buchen m\u00f6chten.<\/li>\n\n\n\n<li>Schlafsack (Miete f\u00fcr 15 $)<\/li>\n\n\n\n<li>Wanderst\u00f6cke (optional)<\/li>\n\n\n\n<li>Optionaler Zugang zu den hei\u00dfen Quellen in Aguas Calientes<\/li>\n\n\n\n<li>Trinkgelder f\u00fcr Reiseleiter, Tr\u00e4ger und K\u00f6che<\/li>\n<\/ul>\n<\/div><\/div>\n\n\n\n<div style=\"height:70px\" aria-hidden=\"true\" class=\"wp-block-spacer\"><\/div>\n\n\n\n<div class=\"wp-block-group has-background\" style=\"background-color:#e7e7e7\"><div class=\"wp-block-group__inner-container is-layout-flow wp-block-group-is-layout-flow\">\n<h2 class=\"wp-block-heading has-text-align-center has-text-color\" id=\"buchung-des-inka-pfades\" style=\"color:#a52a2a\">Buchung des Inka-Pfades<\/h2>\n\n\n<div class=\"wp-block-image is-style-bottom-wave\">\n<figure class=\"alignright\"><img decoding=\"async\" width=\"300\" height=\"189\" data-src=\"https:\/\/learnspanishinperu.net\/wp-content\/uploads\/2015\/11\/inca-trail-ruine-300x189.jpg\" alt=\"original Inka Trail\" class=\"wp-image-3164 lazyload\" title=\"the original Inca Trail\" src=\"data:image\/svg+xml;base64,PHN2ZyB3aWR0aD0iMSIgaGVpZ2h0PSIxIiB4bWxucz0iaHR0cDovL3d3dy53My5vcmcvMjAwMC9zdmciPjwvc3ZnPg==\" style=\"--smush-placeholder-width: 300px; --smush-placeholder-aspect-ratio: 300\/189;\" \/><\/figure>\n<\/div>\n\n\n<p>Bitte beachten Sie, dass der Inka-Weg nach Machu Picchu aufgrund der strengen Vorschriften <strong>fr\u00fchzeitig gebucht werden muss<\/strong>. Dies gilt sowohl f\u00fcr die 2-Tage-Wanderung als auch f\u00fcr die 4-Tage-Wanderung. Um das \u00d6kosystem entlang des Weges zu sch\u00fctzen, erlaubt die peruanische Regierung nur 500 Menschen pro Tag in der Region. Wir empfehlen daher, die Wanderung mindestens sechs Monate im Voraus zu buchen. Um den Inka-Pfad zu buchen, ben\u00f6tigen wir Folgendes: \u2022 Vollst\u00e4ndige Namen, genau wie in Ihrem Reisepass angegeben \u2022 Staatsangeh\u00f6rigkeit \u2022 Nummer Ihres Reisepasses \u2022 Geburtsdatum \u2022 Gew\u00fcnschtes Startdatum f\u00fcr den Inka-Trail \u2022 Vollst\u00e4ndige Zahlung \u2022 Eine Kopie \/ ein Fax oder ein Scan Ihres ISIC-Studentenausweises, falls vorhanden (Personen unter 28 Jahren mit einer offiziellen Karte erhalten einen Rabatt)<\/p>\n\n\n\n<div class=\"wp-block-buttons is-horizontal is-content-justification-center is-layout-flex wp-container-core-buttons-is-layout-499968f5 wp-block-buttons-is-layout-flex\">\n<div class=\"wp-block-button\"><a class=\"wp-block-button__link has-background wp-element-button\" href=\"https:\/\/learnspanishinperu.net\/de\/kontakt\/\" style=\"background-color:#800080\">Kontaktieren Sie uns, um Ihren Inka-Trail zu reservieren!<\/a><\/div>\n<\/div>\n<\/div><\/div>\n\n\n\n<div style=\"height:10px\" aria-hidden=\"true\" class=\"wp-block-spacer\"><\/div>\n\n\n\n<blockquote class=\"wp-block-quote is-style-large is-style-plain has-2-xl-font-size is-layout-flow wp-block-quote-is-layout-flow\" style=\"font-style:normal;font-weight:400\">\n<p>HINWEIS<\/p>\n<cite>Aufgrund strenger Vorschriften m\u00fcssen Sie Ihren Reisepass mitbringen, wenn Sie Machu Picchu betreten. Es ist sehr wichtig, dass die Nummer Ihres Reisepasses mit Ihrer Eintrittskarte \u00fcbereinstimmt. Wenn Sie Ihren Reisepass erneuern m\u00fcssen, nehmen Sie den alten und den neuen Reisepass mit und informieren Sie uns dar\u00fcber. Wenn Sie Ihren Reisepass nicht mitbringen, d\u00fcrfen Sie m\u00f6glicherweise Machu Picchu nicht betreten. Dar\u00fcber hinaus sind die Tickets streng pers\u00f6nlich. Es ist nicht m\u00f6glich, das Datum zu \u00e4ndern oder an eine andere Person weiterzugeben. Nachdem wir das Ticket gekauft und Ihre Reservierung best\u00e4tigt haben, k\u00f6nnen wir nichts \u00e4ndern &#8211; auch nicht aus medizinischen Gr\u00fcnden.<\/cite><\/blockquote>\n\n\n\n<div style=\"height:20px\" aria-hidden=\"true\" class=\"wp-block-spacer\"><\/div>\n\n\n\n<div class=\"wp-block-group has-background\" style=\"background-color:#e7e7e7\"><div class=\"wp-block-group__inner-container is-layout-flow wp-block-group-is-layout-flow\">\n<p class=\"has-text-align-center\">Die Preise der Touren variieren aufgrund wechselnder Vorschriften, fehlender Verf\u00fcgbarkeit oder \u00e4ndernder Eintrittsgeb\u00fchren oder Genehmigungen. Und wir wollen keine Versprechen machen, die wir nicht behalten k\u00f6nnen. Deshalb ist es schwierig, unsere Preise zu ver\u00f6ffentlichen, obwohl wir uns freuen w\u00fcrden, unsere Preise sind sehr konkurrenzf\u00e4hig. Bitte kontaktieren Sie uns, um ein Preisangebot anzufordern, und Sie werden das selbst herausfinden!<\/p>\n\n\n\n<div class=\"wp-block-buttons is-horizontal is-content-justification-center is-layout-flex wp-container-core-buttons-is-layout-499968f5 wp-block-buttons-is-layout-flex\">\n<div class=\"wp-block-button\"><a class=\"wp-block-button__link has-background wp-element-button\" href=\"https:\/\/learnspanishinperu.net\/de\/kontakt\/\" style=\"background-color:#008000\">Fordern Sie ein Angebot an!<\/a><\/div>\n<\/div>\n<\/div><\/div>\n\n\n\n<div class=\"wp-block-group has-background\" style=\"background-color:#e7e7e7\"><div class=\"wp-block-group__inner-container is-layout-flow wp-block-group-is-layout-flow\">\n<p class=\"has-text-align-center\">Oder sehen Sie sich die anderen Wanderungen und Pfade nach Machu Picchu an:<\/p>\n\n\n\n<div class=\"wp-block-buttons is-horizontal is-content-justification-center is-layout-flex wp-container-core-buttons-is-layout-499968f5 wp-block-buttons-is-layout-flex\">\n<div class=\"wp-block-button\"><a class=\"wp-block-button__link has-background wp-element-button\" href=\"https:\/\/learnspanishinperu.net\/de\/touren-peru\/wanderungen-nach-machu-picchu\/inka-dschungelpfad-nach-machu-picchu\/\" style=\"background-color:#800080\"> Inka-Dschungelpfad<\/a><\/div>\n\n\n\n<div class=\"wp-block-button\"><a class=\"wp-block-button__link has-background wp-element-button\" href=\"https:\/\/learnspanishinperu.net\/de\/touren-peru\/wanderungen-nach-machu-picchu\/salkantay-trek-nach-machu-picchu\/\" style=\"background-color:#ffa500\">Salkantay Wanderung<\/a><\/div>\n\n\n\n<div class=\"wp-block-button\"><a class=\"wp-block-button__link has-background wp-element-button\" href=\"https:\/\/learnspanishinperu.net\/de\/touren-peru\/wanderungen-nach-machu-picchu\/lares-trek-nach-machu-picchu\/\" style=\"background-color:#0000ff\">Lares trek<\/a><\/div>\n<\/div>\n<\/div><\/div>\n<\/div><\/div>\n\n\n\n<div class=\"wp-block-group has-background\" style=\"background-color:#e7e7e7\"><div class=\"wp-block-group__inner-container is-layout-flow wp-block-group-is-layout-flow\">\n<p class=\"has-text-align-center\">Oder \u00fcberpr\u00fcfen Sie die \u00d6ffnungszeiten, Zugangsregeln, Einschr\u00e4nkungen und Eintrittspreise von Machu Picchu hier:<\/p>\n\n\n\n<div class=\"wp-block-buttons is-horizontal is-content-justification-center is-layout-flex wp-container-core-buttons-is-layout-499968f5 wp-block-buttons-is-layout-flex\">\n<div class=\"wp-block-button\"><a class=\"wp-block-button__link has-background wp-element-button\" href=\"https:\/\/learnspanishinperu.net\/de\/faq\/machu-picchu\/\" style=\"background-color:#a52a2a\">Machu Picchu Informationen<\/a><\/div>\n<\/div>\n<\/div><\/div>\n\n\n\n<div style=\"height:40px\" aria-hidden=\"true\" class=\"wp-block-spacer\"><\/div>\n","protected":false},"excerpt":{"rendered":"<p>Inkapfad nach Machu Picchu Viert\u00e4giger Inka-Trail Der klassische Inka-Trail ist eine viert\u00e4gige Wanderung, die in Machu Picchu endet. Diese Wanderung ist ein fast 43 Kilometer langes Abenteuer auf den alten Spuren der Inkas. Entlang des Weges besuchen Sie pr\u00e4chtige Ruinen. Sie passieren einen Berg von 4200 Metern H\u00f6he. Und Sie haben einen atemberaubenden Blick von&hellip;<\/p>\n<p class=\"more\"><a class=\"more-link\" href=\"https:\/\/learnspanishinperu.net\/de\/touren-peru\/wanderungen-nach-machu-picchu\/inka-pfad-nach-machu-picchu\/\">Continue reading <span class=\"screen-reader-text\">Inka-Pfad nach Machu Picchu<\/span><\/a><\/p>\n","protected":false},"author":1,"featured_media":0,"parent":17772,"menu_order":0,"comment_status":"closed","ping_status":"closed","template":"page-templates\/wide.php","meta":{"_coblocks_attr":"","_coblocks_dimensions":"","_coblocks_responsive_height":"","_coblocks_accordion_ie_support":"","footnotes":""},"class_list":["post-18116","page","type-page","status-publish","hentry","entry"],"yoast_head":"<!-- This site is optimized with the Yoast SEO plugin v27.4 - https:\/\/yoast.com\/product\/yoast-seo-wordpress\/ -->\n<title>Klassischer 4-t\u00e4giger Inka-Trail nach Machu Picchu - Cusco Peru<\/title>\n<meta name=\"description\" content=\"Der klassische 4-t\u00e4gige Inka-Trail von Cusco nach Machu Picchu. Buchen Sie den klassischen Inka-Trail nach Machu Picchu weit im Voraus!\" \/>\n<meta name=\"robots\" content=\"index, follow, max-snippet:-1, max-image-preview:large, max-video-preview:-1\" \/>\n<link rel=\"canonical\" href=\"https:\/\/learnspanishinperu.net\/de\/touren-peru\/wanderungen-nach-machu-picchu\/inka-pfad-nach-machu-picchu\/\" \/>\n<meta property=\"og:locale\" content=\"de_DE\" \/>\n<meta property=\"og:type\" content=\"article\" \/>\n<meta property=\"og:title\" content=\"Klassischer 4-t\u00e4giger Inka-Trail nach Machu Picchu - Cusco Peru\" \/>\n<meta property=\"og:description\" content=\"Der klassische 4-t\u00e4gige Inka-Trail von Cusco nach Machu Picchu. Buchen Sie den klassischen Inka-Trail nach Machu Picchu weit im Voraus!\" \/>\n<meta property=\"og:url\" content=\"https:\/\/learnspanishinperu.net\/de\/touren-peru\/wanderungen-nach-machu-picchu\/inka-pfad-nach-machu-picchu\/\" \/>\n<meta property=\"og:site_name\" content=\"Mundo Antiguo\" \/>\n<meta property=\"article:publisher\" content=\"http:\/\/www.facebook.com\/MundoAntiguoSpanishSchool\" \/>\n<meta property=\"article:modified_time\" content=\"2024-12-10T15:21:01+00:00\" \/>\n<meta property=\"og:image\" content=\"https:\/\/learnspanishinperu.net\/wp-content\/uploads\/2024\/12\/SCALE-4-300x206.png\" \/>\n<meta name=\"twitter:card\" content=\"summary_large_image\" \/>\n<meta name=\"twitter:site\" content=\"@MASpanishschool\" \/>\n<meta name=\"twitter:label1\" content=\"Gesch\u00e4tzte Lesezeit\" \/>\n\t<meta name=\"twitter:data1\" content=\"5 Minuten\" \/>\n<!-- \/ Yoast SEO plugin. -->","yoast_head_json":{"title":"Klassischer 4-t\u00e4giger Inka-Trail nach Machu Picchu - Cusco Peru","description":"Der klassische 4-t\u00e4gige Inka-Trail von Cusco nach Machu Picchu. Buchen Sie den klassischen Inka-Trail nach Machu Picchu weit im Voraus!","robots":{"index":"index","follow":"follow","max-snippet":"max-snippet:-1","max-image-preview":"max-image-preview:large","max-video-preview":"max-video-preview:-1"},"canonical":"https:\/\/learnspanishinperu.net\/de\/touren-peru\/wanderungen-nach-machu-picchu\/inka-pfad-nach-machu-picchu\/","og_locale":"de_DE","og_type":"article","og_title":"Klassischer 4-t\u00e4giger Inka-Trail nach Machu Picchu - Cusco Peru","og_description":"Der klassische 4-t\u00e4gige Inka-Trail von Cusco nach Machu Picchu. Buchen Sie den klassischen Inka-Trail nach Machu Picchu weit im Voraus!","og_url":"https:\/\/learnspanishinperu.net\/de\/touren-peru\/wanderungen-nach-machu-picchu\/inka-pfad-nach-machu-picchu\/","og_site_name":"Mundo Antiguo","article_publisher":"http:\/\/www.facebook.com\/MundoAntiguoSpanishSchool","article_modified_time":"2024-12-10T15:21:01+00:00","og_image":[{"url":"https:\/\/learnspanishinperu.net\/wp-content\/uploads\/2024\/12\/SCALE-4-300x206.png","type":"","width":"","height":""}],"twitter_card":"summary_large_image","twitter_site":"@MASpanishschool","twitter_misc":{"Gesch\u00e4tzte Lesezeit":"5 Minuten"},"schema":{"@context":"https:\/\/schema.org","@graph":[{"@type":"WebPage","@id":"https:\/\/learnspanishinperu.net\/de\/touren-peru\/wanderungen-nach-machu-picchu\/inka-pfad-nach-machu-picchu\/","url":"https:\/\/learnspanishinperu.net\/de\/touren-peru\/wanderungen-nach-machu-picchu\/inka-pfad-nach-machu-picchu\/","name":"Klassischer 4-t\u00e4giger Inka-Trail nach Machu Picchu - Cusco Peru","isPartOf":{"@id":"https:\/\/learnspanishinperu.net\/#website"},"primaryImageOfPage":{"@id":"https:\/\/learnspanishinperu.net\/de\/touren-peru\/wanderungen-nach-machu-picchu\/inka-pfad-nach-machu-picchu\/#primaryimage"},"image":{"@id":"https:\/\/learnspanishinperu.net\/de\/touren-peru\/wanderungen-nach-machu-picchu\/inka-pfad-nach-machu-picchu\/#primaryimage"},"thumbnailUrl":"https:\/\/learnspanishinperu.net\/wp-content\/uploads\/2024\/12\/SCALE-4-300x206.png","datePublished":"2020-10-20T13:04:38+00:00","dateModified":"2024-12-10T15:21:01+00:00","description":"Der klassische 4-t\u00e4gige Inka-Trail von Cusco nach Machu Picchu. Buchen Sie den klassischen Inka-Trail nach Machu Picchu weit im Voraus!","breadcrumb":{"@id":"https:\/\/learnspanishinperu.net\/de\/touren-peru\/wanderungen-nach-machu-picchu\/inka-pfad-nach-machu-picchu\/#breadcrumb"},"inLanguage":"de-DE","potentialAction":[{"@type":"ReadAction","target":["https:\/\/learnspanishinperu.net\/de\/touren-peru\/wanderungen-nach-machu-picchu\/inka-pfad-nach-machu-picchu\/"]}]},{"@type":"ImageObject","inLanguage":"de-DE","@id":"https:\/\/learnspanishinperu.net\/de\/touren-peru\/wanderungen-nach-machu-picchu\/inka-pfad-nach-machu-picchu\/#primaryimage","url":"https:\/\/learnspanishinperu.net\/wp-content\/uploads\/2024\/12\/SCALE-4-300x206.png","contentUrl":"https:\/\/learnspanishinperu.net\/wp-content\/uploads\/2024\/12\/SCALE-4-300x206.png"},{"@type":"BreadcrumbList","@id":"https:\/\/learnspanishinperu.net\/de\/touren-peru\/wanderungen-nach-machu-picchu\/inka-pfad-nach-machu-picchu\/#breadcrumb","itemListElement":[{"@type":"ListItem","position":1,"name":"Home","item":"https:\/\/learnspanishinperu.net\/de\/"},{"@type":"ListItem","position":2,"name":"Touren in Peru","item":"https:\/\/learnspanishinperu.net\/de\/touren-peru\/"},{"@type":"ListItem","position":3,"name":"Wanderungen nach Machu Picchu","item":"https:\/\/learnspanishinperu.net\/de\/touren-peru\/wanderungen-nach-machu-picchu\/"},{"@type":"ListItem","position":4,"name":"Inka-Pfad nach Machu Picchu"}]},{"@type":"WebSite","@id":"https:\/\/learnspanishinperu.net\/#website","url":"https:\/\/learnspanishinperu.net\/","name":"Mundo Antiguo","description":"Spanish school Cusco","publisher":{"@id":"https:\/\/learnspanishinperu.net\/#organization"},"potentialAction":[{"@type":"SearchAction","target":{"@type":"EntryPoint","urlTemplate":"https:\/\/learnspanishinperu.net\/?s={search_term_string}"},"query-input":{"@type":"PropertyValueSpecification","valueRequired":true,"valueName":"search_term_string"}}],"inLanguage":"de-DE"},{"@type":"Organization","@id":"https:\/\/learnspanishinperu.net\/#organization","name":"Mundo Antiguo","url":"https:\/\/learnspanishinperu.net\/","logo":{"@type":"ImageObject","inLanguage":"de-DE","@id":"https:\/\/learnspanishinperu.net\/#\/schema\/logo\/image\/","url":"https:\/\/learnspanishinperu.net\/wp-content\/uploads\/2016\/04\/logo-Spanish-school-Cusco-Peru-e1547820355169.jpg","contentUrl":"https:\/\/learnspanishinperu.net\/wp-content\/uploads\/2016\/04\/logo-Spanish-school-Cusco-Peru-e1547820355169.jpg","width":100,"height":83,"caption":"Mundo Antiguo"},"image":{"@id":"https:\/\/learnspanishinperu.net\/#\/schema\/logo\/image\/"},"sameAs":["http:\/\/www.facebook.com\/MundoAntiguoSpanishSchool","https:\/\/x.com\/MASpanishschool","https:\/\/www.instagram.com\/mundoantiguo_spanishschool\/","https:\/\/www.linkedin.com\/company\/mundo-antiguo-spanish-school","http:\/\/www.pinterest.com\/mundoantiguo\/"]}]}},"_links":{"self":[{"href":"https:\/\/learnspanishinperu.net\/de\/wp-json\/wp\/v2\/pages\/18116","targetHints":{"allow":["GET"]}}],"collection":[{"href":"https:\/\/learnspanishinperu.net\/de\/wp-json\/wp\/v2\/pages"}],"about":[{"href":"https:\/\/learnspanishinperu.net\/de\/wp-json\/wp\/v2\/types\/page"}],"author":[{"embeddable":true,"href":"https:\/\/learnspanishinperu.net\/de\/wp-json\/wp\/v2\/users\/1"}],"replies":[{"embeddable":true,"href":"https:\/\/learnspanishinperu.net\/de\/wp-json\/wp\/v2\/comments?post=18116"}],"version-history":[{"count":20,"href":"https:\/\/learnspanishinperu.net\/de\/wp-json\/wp\/v2\/pages\/18116\/revisions"}],"predecessor-version":[{"id":48071,"href":"https:\/\/learnspanishinperu.net\/de\/wp-json\/wp\/v2\/pages\/18116\/revisions\/48071"}],"up":[{"embeddable":true,"href":"https:\/\/learnspanishinperu.net\/de\/wp-json\/wp\/v2\/pages\/17772"}],"wp:attachment":[{"href":"https:\/\/learnspanishinperu.net\/de\/wp-json\/wp\/v2\/media?parent=18116"}],"curies":[{"name":"wp","href":"https:\/\/api.w.org\/{rel}","templated":true}]}}