{"id":18106,"date":"2020-10-20T07:37:39","date_gmt":"2020-10-20T12:37:39","guid":{"rendered":"https:\/\/learnspanishinperu.net\/touren-peru\/wanderungen-nach-machu-picchu\/inka-dschungelpfad-nach-machu-picchu\/"},"modified":"2024-12-10T10:23:05","modified_gmt":"2024-12-10T15:23:05","slug":"inka-dschungelpfad-nach-machu-picchu","status":"publish","type":"page","link":"https:\/\/learnspanishinperu.net\/de\/touren-peru\/wanderungen-nach-machu-picchu\/inka-dschungelpfad-nach-machu-picchu\/","title":{"rendered":"Inka-Dschungelpfad nach Machu Picchu"},"content":{"rendered":"\n<div class=\"wp-block-group\"><div class=\"wp-block-group__inner-container is-layout-flow wp-block-group-is-layout-flow\">\n<div class=\"wp-block-cover alignfull is-light has-parallax mt-0\" style=\"min-height:460px;aspect-ratio:unset;\"><span aria-hidden=\"true\" class=\"wp-block-cover__background has-background-dim-10 has-background-dim\"><\/span><div class=\"wp-block-cover__image-background wp-image-17789 has-parallax lazyload\" style=\"background-position:50% 50%;background-image:inherit\" data-bg-image=\"url(https:\/\/learnspanishinperu.net\/wp-content\/uploads\/2020\/10\/machu-picchu-ciudad-scaled.jpg)\"><\/div><div class=\"wp-block-cover__inner-container is-layout-flow wp-block-cover-is-layout-flow\">\n<h1 class=\"wp-block-heading has-text-align-center has-white-color has-text-color\" id=\"inka-dschungelpfad-nach-machu-picchu\" style=\"font-size:60px\"><mark style=\"background-color:rgba(0, 0, 0, 0)\" class=\"has-inline-color has-white-color\">Inka-Dschungelpfad nach Machu Picchu<\/mark><\/h1>\n\n\n\n<p class=\"has-text-align-center has-white-color has-text-color has-5-xl-font-size\"><em>Gro\u00dfe Auswahl an Aktivit\u00e4ten<\/em><\/p>\n<\/div><\/div>\n\n\n\n<div style=\"height:10px\" aria-hidden=\"true\" class=\"wp-block-spacer\"><\/div>\n\n\n\n<blockquote class=\"wp-block-quote is-style-large is-style-plain has-2-xl-font-size is-layout-flow wp-block-quote-is-layout-flow\" style=\"font-style:normal;font-weight:400\">\n<p>Inca Jungle trail to Machu Picchu<\/p>\n<cite>Der Inka-Dschungelpfad ist eine abenteuerliche und sportliche Wanderung nach Machu Picchu. Zweifellos hat dieser Weg einige Vorteile gegen\u00fcber den anderen 4-t\u00e4gigen Wanderungen. Auf dem Inka-Dschungelpfad gibt es eine gro\u00dfe Auswahl an Aktivit\u00e4ten: Mountainbiken, Wandern, Rafting und eine Seilrutschtour. Dar\u00fcber hinaus ist der Inka-Dschungelpfad k\u00f6rperlich etwas weniger anspruchsvoll als die anderen Pfade. Und schlie\u00dflich ist der Inka-Dschungelpfad billiger als die anderen Wanderungen nach Machu Picchu.<\/cite><\/blockquote>\n\n\n<div class=\"wp-block-image\">\n<figure class=\"aligncenter size-medium\"><a href=\"https:\/\/learnspanishinperu.net\/wp-content\/uploads\/2024\/12\/SCALE-3.png\"><img decoding=\"async\" width=\"300\" height=\"206\" data-src=\"https:\/\/learnspanishinperu.net\/wp-content\/uploads\/2024\/12\/SCALE-3-300x206.png\" alt=\"\" class=\"wp-image-47957 lazyload\" data-srcset=\"https:\/\/learnspanishinperu.net\/wp-content\/uploads\/2024\/12\/SCALE-3-300x206.png 300w, https:\/\/learnspanishinperu.net\/wp-content\/uploads\/2024\/12\/SCALE-3-24x17.png 24w, https:\/\/learnspanishinperu.net\/wp-content\/uploads\/2024\/12\/SCALE-3-36x25.png 36w, https:\/\/learnspanishinperu.net\/wp-content\/uploads\/2024\/12\/SCALE-3-48x33.png 48w, https:\/\/learnspanishinperu.net\/wp-content\/uploads\/2024\/12\/SCALE-3.png 362w\" data-sizes=\"(max-width: 300px) 100vw, 300px\" src=\"data:image\/svg+xml;base64,PHN2ZyB3aWR0aD0iMSIgaGVpZ2h0PSIxIiB4bWxucz0iaHR0cDovL3d3dy53My5vcmcvMjAwMC9zdmciPjwvc3ZnPg==\" style=\"--smush-placeholder-width: 300px; --smush-placeholder-aspect-ratio: 300\/206;\" \/><\/a><\/figure>\n<\/div>\n\n\n<div style=\"height:20px\" aria-hidden=\"true\" class=\"wp-block-spacer\"><\/div>\n\n\n\n<div class=\"wp-block-group has-background\" style=\"background-color:#e7e7e7\"><div class=\"wp-block-group__inner-container is-layout-flow wp-block-group-is-layout-flow\">\n<h3 class=\"wp-block-heading has-text-align-left has-text-color\" id=\"tag-1-downhill-mountainbiken-von-cusco-nach-santa-maria\" style=\"color:#008000\">Tag 1: Downhill-Mountainbiken von Cusco nach Santa Maria<\/h3>\n\n\n<div class=\"wp-block-image is-style-bottom-wave\">\n<figure class=\"alignright\"><img decoding=\"async\" width=\"300\" height=\"225\" data-src=\"https:\/\/learnspanishinperu.net\/wp-content\/uploads\/2015\/11\/Machu-Picchu-3-300x225.jpg\" alt=\"Machu Picchu\" class=\"wp-image-2698 lazyload\" title=\"Machu Picchu\" src=\"data:image\/svg+xml;base64,PHN2ZyB3aWR0aD0iMSIgaGVpZ2h0PSIxIiB4bWxucz0iaHR0cDovL3d3dy53My5vcmcvMjAwMC9zdmciPjwvc3ZnPg==\" style=\"--smush-placeholder-width: 300px; --smush-placeholder-aspect-ratio: 300\/225;\" \/><\/figure>\n<\/div>\n\n\n<p>Am Morgen holen wir Sie von Ihrem Hotel ab. Die <strong>Busfahrt<\/strong> f\u00fchrt Sie durch das wundersch\u00f6ne <strong>Heilige Tal der Inkas<\/strong>. Dort erreichen Sie San Luis, das sich auf einer H\u00f6he von 3200 Metern befindet. Nach einer kurzen Einweisung durch Ihren Guide ist es Zeit, den Trail zu beginnen. Sie erhalten Mountainbikes und einen Helm und Handschuhe. Wenn Sie bereit sind, kann das gro\u00dfe Abenteuer beginnen: Sie radeln <strong>bergab<\/strong> durch faszinierende Landschaften und haben die M\u00f6glichkeit, das typische Peru zu sehen. Nach drei Stunden Mountainbiken machen wir einen ersten Stopp in Alfa Mayo, um ein kleines <strong>Picknick<\/strong> zu machen. Hier haben Sie Zeit, Luft zu holen und neue Energie f\u00fcr den n\u00e4chsten Teil zu bekommen.<\/p>\n\n\n\n<p>Die Tour geht weiter <strong>mit dem Fahrrad<\/strong> auf und ab nach Huamanmarca, einer k\u00fcrzlich entdeckten <strong>Inka-St\u00e4tte<\/strong>. Sobald Sie dort sind, erkl\u00e4rt Ihnen der Leitfaden mehr \u00fcber diese Site und den historischen Hintergrund. Dann fahren wir weiter bis zu einer H\u00f6he von nur 1500 Metern, wo Sie in den sogenannten H\u00f6hen-Dschungel gelangen. Dies ist eine subtropische Umgebung von <strong>Kaffee-, Tee- und Obstplantagen<\/strong> in der N\u00e4he des Dorfes Santa Maria. Sie haben etwas Zeit, um diese Gegend zu erkunden, bevor wir ein typisch peruanisches Abendessen anbieten. Danach \u00fcbernachten Sie in einem Hostel &#8211; einem preisg\u00fcnstigen Familiendorf.<\/p>\n\n\n\n<p><em>Inklusive Aktivit\u00e4ten an diesem Tag:<\/em><\/p>\n\n\n\n<p>&#8211; <strong>Rafting<\/strong> in der N\u00e4he von Santa Teresa.<\/p>\n<\/div><\/div>\n\n\n\n<div style=\"height:70px\" aria-hidden=\"true\" class=\"wp-block-spacer\"><\/div>\n\n\n\n<div class=\"wp-block-group has-background\" style=\"background-color:#e7e7e7\"><div class=\"wp-block-group__inner-container is-layout-flow wp-block-group-is-layout-flow\">\n<h3 class=\"wp-block-heading has-text-color\" id=\"tag-2-trekking-santa-maria-santa-teresa\" style=\"color:#ffa500\">Tag 2: Trekking Santa Maria &#8211; Santa Teresa<\/h3>\n\n\n\n<p>Am Morgen werden Sie aufwachen und den gro\u00dfartigen Geschmack des lokalen Kaffees genie\u00dfen. Danach beginnen Sie die <strong>Wanderung<\/strong> auf einem allm\u00e4hlich steileren Weg. Nach einiger Zeit machen wir einen Zwischenstopp in einem Familienrestaurant. Dort haben Sie Zeit, sich <strong>zu entspannen<\/strong>, in H\u00e4ngematten zu faulenzen, die Kokaplantagen zu bewundern und w\u00e4hrend der Unterhaltung etwas zu trinken. Danach setzen wir unseren Spaziergang fort und erreichen den traditionellen <strong>Inka-Pfad<\/strong>. Nach 2 Stunden zu Fu\u00df erreichen wir die Stadt Qellomayo, eine kleine Stadt, in der wir zu Mittag essen.<\/p>\n\n\n\n<p>Von Qellomayo ist es ein kurzer Spaziergang entlang des Flusses Rio Vilcanota, bis wir die ber\u00fchmten <strong>hei\u00dfen Quellen<\/strong> von Colcamayo erreichen. Hier k\u00f6nnen Sie optional das warme Wasser genie\u00dfen und in einer nat\u00fcrlichen Umgebung entspannen. Von dort ist es nur ein kurzer Spaziergang nach Santa Teresa, wo Sie die Nacht in einem Budget-Hostel verbringen.<\/p>\n<\/div><\/div>\n\n\n\n<div style=\"height:70px\" aria-hidden=\"true\" class=\"wp-block-spacer\"><\/div>\n\n\n\n<div class=\"wp-block-group has-background\" style=\"background-color:#e7e7e7\"><div class=\"wp-block-group__inner-container is-layout-flow wp-block-group-is-layout-flow\">\n<h3 class=\"wp-block-heading has-text-color\" id=\"tag-3-trekking-von-santa-teresa-nach-aguas-calientes\" style=\"color:#0000ff\">Tag 3: Trekking von Santa Teresa nach Aguas Calientes<\/h3>\n\n\n<div class=\"wp-block-image is-style-bottom-wave\">\n<figure class=\"alignright size-thumbnail\"><img decoding=\"async\" width=\"150\" height=\"150\" data-src=\"https:\/\/learnspanishinperu.net\/wp-content\/uploads\/2015\/11\/jeroen1-150x150.jpg\" alt=\" Inka Dschungel Trail\" class=\"wp-image-2367 lazyload\" title=\"inca jungle trail\" src=\"data:image\/svg+xml;base64,PHN2ZyB3aWR0aD0iMSIgaGVpZ2h0PSIxIiB4bWxucz0iaHR0cDovL3d3dy53My5vcmcvMjAwMC9zdmciPjwvc3ZnPg==\" style=\"--smush-placeholder-width: 150px; --smush-placeholder-aspect-ratio: 150\/150;\" \/><\/figure>\n<\/div>\n\n\n<p>Sie werden aufwachen und fr\u00fchst\u00fccken. Dann gehen wir <strong>nach Colpani<\/strong>. W\u00e4hrend des Spaziergangs haben Sie eine wundersch\u00f6ne Aussicht und wir setzen unseren Weg zum Wasserkraftwerk fort, wo wir zu Mittag essen. Von dort sind es nur zweieinhalb Stunden <strong>zu Fu\u00df<\/strong> auf flachem Gel\u00e4nde <strong>nach Aguas Calientes<\/strong>, der Stadt am Fu\u00dfe des Machu Picchu. In Aguas Calientes essen Sie in einem lokalen Restaurant zu Abend, bevor Sie zu Ihrem Hostel zur\u00fcckkehren. Ihr Hostel verf\u00fcgt \u00fcber hei\u00dfes Wasser und ein eigenes Bad.<\/p>\n\n\n\n<p><em><\/em><em>Inklusive Aktivit\u00e4ten an diesem Tag:<\/em><\/p>\n\n\n\n<p>&#8211; S\u00fcdamerikas h\u00f6chste <strong>Postleitzahl<\/strong>. Ca. 15 Minuten von Santa Teresa entfernt. Dauer 1,5 Stunden.<\/p>\n<\/div><\/div>\n\n\n\n<p><\/p>\n\n\n\n<p><\/p>\n\n\n\n<div class=\"wp-block-group has-background\" style=\"background-color:#e7e7e7\"><div class=\"wp-block-group__inner-container is-layout-flow wp-block-group-is-layout-flow\">\n<h3 class=\"wp-block-heading has-text-color\" id=\"tag-4-machu-picchu\" style=\"color:#a52a2a\">Tag 4: Machu Picchu<\/h3>\n\n\n\n<p>Sie werden sehr fr\u00fch am Morgen fr\u00fchst\u00fccken. Der letzte Tag unserer Reise beginnt mit einem <strong>Aufstieg<\/strong> zum Eingang der ber\u00fchmten Inka-Stadt <strong>Machu Picchu<\/strong>, auch \u201eVerlorene Stadt der Inkas\u201c genannt. Sie werden einer der ersten Besucher des Tages sein. Ihr <strong>englischsprachiger F\u00fchrer<\/strong> nimmt Sie mit auf eine Tour durch die weitl\u00e4ufigen Ruinen von Machu Picchu.<\/p>\n\n\n\n<p>Nach Ihrem Besuch k\u00f6nnen Sie zum Mittagessen nach Aguas Calientes zur\u00fcckkehren oder die hei\u00dfen Quellen genie\u00dfen (nicht inbegriffen). Am Nachmittag fahren wir mit dem Zug zur\u00fcck nach Ollantaytambo. Von hier aus k\u00f6nnen Sie einen Bus zur\u00fcck <strong>nach Cusco<\/strong> nehmen.<\/p>\n<\/div><\/div>\n\n\n\n<div style=\"height:70px\" aria-hidden=\"true\" class=\"wp-block-spacer\"><\/div>\n\n\n\n<div class=\"wp-block-group has-background\" style=\"background-color:#e7e7e7\"><div class=\"wp-block-group__inner-container is-layout-flow wp-block-group-is-layout-flow\">\n<h3 class=\"wp-block-heading has-text-align-center\" id=\"inka-dschungelpfad\">Inka-Dschungelpfad<\/h3>\n\n\n<div class=\"wp-block-image is-style-bottom-wave\">\n<figure class=\"alignright\"><img decoding=\"async\" width=\"300\" height=\"225\" data-src=\"https:\/\/learnspanishinperu.net\/wp-content\/uploads\/2015\/11\/Machu-Picchu-11-300x225.jpg\" alt=\"Machu Picchu Inka Dschungel\" class=\"wp-image-2990 lazyload\" title=\"Machu Picchu Inca Jungle\" src=\"data:image\/svg+xml;base64,PHN2ZyB3aWR0aD0iMSIgaGVpZ2h0PSIxIiB4bWxucz0iaHR0cDovL3d3dy53My5vcmcvMjAwMC9zdmciPjwvc3ZnPg==\" style=\"--smush-placeholder-width: 300px; --smush-placeholder-aspect-ratio: 300\/225;\" \/><\/figure>\n<\/div>\n\n\n<p class=\"has-text-color\" style=\"color:#008000\"><strong>Enthalten:<\/strong><\/p>\n\n\n\n<p> \u2022 Transport von Cusco nach San Luis<br \/> \u2022 Professioneller zweisprachiger F\u00fchrer<br \/> \u2022 Mountainbike mit Helm und Handschuhen, Rafting und Postleitzahl<br \/> \u2022 Mittagessen am ersten Tag bis Fr\u00fchst\u00fcck am letzten Tag<br \/> \u2022 Unterkunft f\u00fcr 3 N\u00e4chte, basierend auf Doppelzimmern<br \/> \u2022 Erste Hilfe<br \/> \u2022 Eingang zu Machu Picchu<br \/> \u2022 Trainieren Sie zur\u00fcck nach Ollantaytambo und dann mit dem Bus von Ollantaytambo nach Cusco<\/p>\n\n\n\n<p class=\"has-text-color\" style=\"color:#ffa500\"><strong>Nicht enthalten:<\/strong><\/p>\n\n\n\n<p> \u2022 Fr\u00fchst\u00fcck am ersten Tag<br \/> \u2022 Mittagessen am 4. Tag in Aguas Calientes<br \/> \u2022 Bus von Aguas Calientes nach Machu Picchu (und zur\u00fcck)<br \/> \u2022 Eintritt zu den hei\u00dfen Quellen in Santa Teresa und Aguas Calientes<br \/> \u2022 Eintritt f\u00fcr Wayna Picchu oder Mount Machu Picchu. Wenn Sie diese zus\u00e4tzlichen Optionen buchen m\u00f6chten, teilen Sie uns dies bitte mit.<\/p>\n<\/div><\/div>\n\n\n\n<div style=\"height:70px\" aria-hidden=\"true\" class=\"wp-block-spacer\"><\/div>\n\n\n\n<div class=\"wp-block-group has-background\" style=\"background-color:#e7e7e7\"><div class=\"wp-block-group__inner-container is-layout-flow wp-block-group-is-layout-flow\">\n<p class=\"has-text-align-center\">Die Preise der Touren variieren aufgrund wechselnder Vorschriften, fehlender Verf\u00fcgbarkeit oder \u00e4ndernder Eintrittsgeb\u00fchren oder Genehmigungen. Und wir wollen keine Versprechen machen, die wir nicht behalten k\u00f6nnen. Deshalb ist es schwierig, unsere Preise zu ver\u00f6ffentlichen, obwohl wir uns freuen w\u00fcrden, unsere Preise sind sehr konkurrenzf\u00e4hig. Bitte kontaktieren Sie uns, um ein Preisangebot anzufordern, und Sie werden das selbst herausfinden!<\/p>\n\n\n\n<div class=\"wp-block-buttons is-horizontal is-content-justification-center is-layout-flex wp-container-core-buttons-is-layout-499968f5 wp-block-buttons-is-layout-flex\">\n<div class=\"wp-block-button\"><a class=\"wp-block-button__link has-background wp-element-button\" href=\"https:\/\/learnspanishinperu.net\/de\/kontakt\/\" style=\"background-color:#008000\">Fordern Sie ein Angebot an!<\/a><\/div>\n<\/div>\n<\/div><\/div>\n\n\n\n<div class=\"wp-block-group has-background\" style=\"background-color:#e7e7e7\"><div class=\"wp-block-group__inner-container is-layout-flow wp-block-group-is-layout-flow\">\n<p class=\"has-text-align-center\">Oder sehen Sie sich die anderen Wanderungen und Pfade nach Machu Picchu an:<\/p>\n\n\n\n<div class=\"wp-block-buttons is-horizontal is-content-justification-center is-layout-flex wp-container-core-buttons-is-layout-499968f5 wp-block-buttons-is-layout-flex\">\n<div class=\"wp-block-button\"><a class=\"wp-block-button__link has-background wp-element-button\" href=\"https:\/\/learnspanishinperu.net\/de\/touren-peru\/wanderungen-nach-machu-picchu\/inka-pfad-nach-machu-picchu\/\" style=\"background-color:#ffa500\">Klassischer Inka-Pfad<\/a><\/div>\n\n\n\n<div class=\"wp-block-button\"><a class=\"wp-block-button__link has-background wp-element-button\" href=\"https:\/\/learnspanishinperu.net\/de\/touren-peru\/wanderungen-nach-machu-picchu\/salkantay-trek-nach-machu-picchu\/\" style=\"background-color:#0000ff\">Salkantay Wanderung<\/a><\/div>\n\n\n\n<div class=\"wp-block-button\"><a class=\"wp-block-button__link has-background wp-element-button\" href=\"https:\/\/learnspanishinperu.net\/de\/touren-peru\/wanderungen-nach-machu-picchu\/lares-trek-nach-machu-picchu\/\" style=\"background-color:#a52a2a\">Lares Trek<\/a><\/div>\n<\/div>\n<\/div><\/div>\n\n\n\n<div class=\"wp-block-group has-background\" style=\"background-color:#e7e7e7\"><div class=\"wp-block-group__inner-container is-layout-flow wp-block-group-is-layout-flow\">\n<p class=\"has-text-align-center\">Oder \u00fcberpr\u00fcfen Sie die \u00d6ffnungszeiten, Zugangsregeln, Einschr\u00e4nkungen und Eintrittspreise von Machu Picchu hier:<\/p>\n\n\n\n<div class=\"wp-block-buttons is-horizontal is-content-justification-center is-layout-flex wp-container-core-buttons-is-layout-499968f5 wp-block-buttons-is-layout-flex\">\n<div class=\"wp-block-button\"><a class=\"wp-block-button__link has-background wp-element-button\" href=\"https:\/\/learnspanishinperu.net\/de\/faq\/machu-picchu\/\" style=\"background-color:#800080\">Machu Picchu Informationen<\/a><\/div>\n<\/div>\n<\/div><\/div>\n<\/div><\/div>\n\n\n\n<div style=\"height:50px\" aria-hidden=\"true\" class=\"wp-block-spacer\"><\/div>\n","protected":false},"excerpt":{"rendered":"<p>Inca Jungle trail to Machu Picchu Tag 1: Downhill-Mountainbiken von Cusco nach Santa Maria Am Morgen holen wir Sie von Ihrem Hotel ab. Die Busfahrt f\u00fchrt Sie durch das wundersch\u00f6ne Heilige Tal der Inkas. Dort erreichen Sie San Luis, das sich auf einer H\u00f6he von 3200 Metern befindet. Nach einer kurzen Einweisung durch Ihren Guide&hellip;<\/p>\n<p class=\"more\"><a class=\"more-link\" href=\"https:\/\/learnspanishinperu.net\/de\/touren-peru\/wanderungen-nach-machu-picchu\/inka-dschungelpfad-nach-machu-picchu\/\">Continue reading <span class=\"screen-reader-text\">Inka-Dschungelpfad nach Machu Picchu<\/span><\/a><\/p>\n","protected":false},"author":1,"featured_media":0,"parent":17772,"menu_order":0,"comment_status":"closed","ping_status":"closed","template":"page-templates\/wide.php","meta":{"_coblocks_attr":"","_coblocks_dimensions":"","_coblocks_responsive_height":"","_coblocks_accordion_ie_support":"","footnotes":""},"class_list":["post-18106","page","type-page","status-publish","hentry","entry"],"yoast_head":"<!-- This site is optimized with the Yoast SEO plugin v27.5 - https:\/\/yoast.com\/product\/yoast-seo-wordpress\/ -->\n<title>Inka-Dschungelpfad Cusco Machu Picchu - Mundo Antiguo Peru<\/title>\n<meta name=\"description\" content=\"Der Inka-Dschungelpfad von Cusco ist eine abenteuerliche und sportliche Wanderung nach Machu Picchu Peru. Mountainbiken, Wandern, Rafting\" \/>\n<meta name=\"robots\" content=\"index, follow, max-snippet:-1, max-image-preview:large, max-video-preview:-1\" \/>\n<link rel=\"canonical\" href=\"https:\/\/learnspanishinperu.net\/de\/touren-peru\/wanderungen-nach-machu-picchu\/inka-dschungelpfad-nach-machu-picchu\/\" \/>\n<meta property=\"og:locale\" content=\"de_DE\" \/>\n<meta property=\"og:type\" content=\"article\" \/>\n<meta property=\"og:title\" content=\"Inka-Dschungelpfad Cusco Machu Picchu - Mundo Antiguo Peru\" \/>\n<meta property=\"og:description\" content=\"Der Inka-Dschungelpfad von Cusco ist eine abenteuerliche und sportliche Wanderung nach Machu Picchu Peru. Mountainbiken, Wandern, Rafting\" \/>\n<meta property=\"og:url\" content=\"https:\/\/learnspanishinperu.net\/de\/touren-peru\/wanderungen-nach-machu-picchu\/inka-dschungelpfad-nach-machu-picchu\/\" \/>\n<meta property=\"og:site_name\" content=\"Mundo Antiguo\" \/>\n<meta property=\"article:publisher\" content=\"http:\/\/www.facebook.com\/MundoAntiguoSpanishSchool\" \/>\n<meta property=\"article:modified_time\" content=\"2024-12-10T15:23:05+00:00\" \/>\n<meta property=\"og:image\" content=\"https:\/\/learnspanishinperu.net\/wp-content\/uploads\/2024\/12\/SCALE-3-300x206.png\" \/>\n<meta name=\"twitter:card\" content=\"summary_large_image\" \/>\n<meta name=\"twitter:site\" content=\"@MASpanishschool\" \/>\n<meta name=\"twitter:label1\" content=\"Gesch\u00e4tzte Lesezeit\" \/>\n\t<meta name=\"twitter:data1\" content=\"5 Minuten\" \/>\n<!-- \/ Yoast SEO plugin. -->","yoast_head_json":{"title":"Inka-Dschungelpfad Cusco Machu Picchu - Mundo Antiguo Peru","description":"Der Inka-Dschungelpfad von Cusco ist eine abenteuerliche und sportliche Wanderung nach Machu Picchu Peru. Mountainbiken, Wandern, Rafting","robots":{"index":"index","follow":"follow","max-snippet":"max-snippet:-1","max-image-preview":"max-image-preview:large","max-video-preview":"max-video-preview:-1"},"canonical":"https:\/\/learnspanishinperu.net\/de\/touren-peru\/wanderungen-nach-machu-picchu\/inka-dschungelpfad-nach-machu-picchu\/","og_locale":"de_DE","og_type":"article","og_title":"Inka-Dschungelpfad Cusco Machu Picchu - Mundo Antiguo Peru","og_description":"Der Inka-Dschungelpfad von Cusco ist eine abenteuerliche und sportliche Wanderung nach Machu Picchu Peru. Mountainbiken, Wandern, Rafting","og_url":"https:\/\/learnspanishinperu.net\/de\/touren-peru\/wanderungen-nach-machu-picchu\/inka-dschungelpfad-nach-machu-picchu\/","og_site_name":"Mundo Antiguo","article_publisher":"http:\/\/www.facebook.com\/MundoAntiguoSpanishSchool","article_modified_time":"2024-12-10T15:23:05+00:00","og_image":[{"url":"https:\/\/learnspanishinperu.net\/wp-content\/uploads\/2024\/12\/SCALE-3-300x206.png","type":"","width":"","height":""}],"twitter_card":"summary_large_image","twitter_site":"@MASpanishschool","twitter_misc":{"Gesch\u00e4tzte Lesezeit":"5 Minuten"},"schema":{"@context":"https:\/\/schema.org","@graph":[{"@type":"WebPage","@id":"https:\/\/learnspanishinperu.net\/de\/touren-peru\/wanderungen-nach-machu-picchu\/inka-dschungelpfad-nach-machu-picchu\/","url":"https:\/\/learnspanishinperu.net\/de\/touren-peru\/wanderungen-nach-machu-picchu\/inka-dschungelpfad-nach-machu-picchu\/","name":"Inka-Dschungelpfad Cusco Machu Picchu - Mundo Antiguo Peru","isPartOf":{"@id":"https:\/\/learnspanishinperu.net\/#website"},"primaryImageOfPage":{"@id":"https:\/\/learnspanishinperu.net\/de\/touren-peru\/wanderungen-nach-machu-picchu\/inka-dschungelpfad-nach-machu-picchu\/#primaryimage"},"image":{"@id":"https:\/\/learnspanishinperu.net\/de\/touren-peru\/wanderungen-nach-machu-picchu\/inka-dschungelpfad-nach-machu-picchu\/#primaryimage"},"thumbnailUrl":"https:\/\/learnspanishinperu.net\/wp-content\/uploads\/2024\/12\/SCALE-3-300x206.png","datePublished":"2020-10-20T12:37:39+00:00","dateModified":"2024-12-10T15:23:05+00:00","description":"Der Inka-Dschungelpfad von Cusco ist eine abenteuerliche und sportliche Wanderung nach Machu Picchu Peru. Mountainbiken, Wandern, Rafting","breadcrumb":{"@id":"https:\/\/learnspanishinperu.net\/de\/touren-peru\/wanderungen-nach-machu-picchu\/inka-dschungelpfad-nach-machu-picchu\/#breadcrumb"},"inLanguage":"de-DE","potentialAction":[{"@type":"ReadAction","target":["https:\/\/learnspanishinperu.net\/de\/touren-peru\/wanderungen-nach-machu-picchu\/inka-dschungelpfad-nach-machu-picchu\/"]}]},{"@type":"ImageObject","inLanguage":"de-DE","@id":"https:\/\/learnspanishinperu.net\/de\/touren-peru\/wanderungen-nach-machu-picchu\/inka-dschungelpfad-nach-machu-picchu\/#primaryimage","url":"https:\/\/learnspanishinperu.net\/wp-content\/uploads\/2024\/12\/SCALE-3-300x206.png","contentUrl":"https:\/\/learnspanishinperu.net\/wp-content\/uploads\/2024\/12\/SCALE-3-300x206.png"},{"@type":"BreadcrumbList","@id":"https:\/\/learnspanishinperu.net\/de\/touren-peru\/wanderungen-nach-machu-picchu\/inka-dschungelpfad-nach-machu-picchu\/#breadcrumb","itemListElement":[{"@type":"ListItem","position":1,"name":"Home","item":"https:\/\/learnspanishinperu.net\/de\/"},{"@type":"ListItem","position":2,"name":"Touren in Peru","item":"https:\/\/learnspanishinperu.net\/de\/touren-peru\/"},{"@type":"ListItem","position":3,"name":"Wanderungen nach Machu Picchu","item":"https:\/\/learnspanishinperu.net\/de\/touren-peru\/wanderungen-nach-machu-picchu\/"},{"@type":"ListItem","position":4,"name":"Inka-Dschungelpfad nach Machu Picchu"}]},{"@type":"WebSite","@id":"https:\/\/learnspanishinperu.net\/#website","url":"https:\/\/learnspanishinperu.net\/","name":"Mundo Antiguo","description":"Spanish school Cusco","publisher":{"@id":"https:\/\/learnspanishinperu.net\/#organization"},"potentialAction":[{"@type":"SearchAction","target":{"@type":"EntryPoint","urlTemplate":"https:\/\/learnspanishinperu.net\/?s={search_term_string}"},"query-input":{"@type":"PropertyValueSpecification","valueRequired":true,"valueName":"search_term_string"}}],"inLanguage":"de-DE"},{"@type":"Organization","@id":"https:\/\/learnspanishinperu.net\/#organization","name":"Mundo Antiguo","url":"https:\/\/learnspanishinperu.net\/","logo":{"@type":"ImageObject","inLanguage":"de-DE","@id":"https:\/\/learnspanishinperu.net\/#\/schema\/logo\/image\/","url":"https:\/\/learnspanishinperu.net\/wp-content\/uploads\/2016\/04\/logo-Spanish-school-Cusco-Peru-e1547820355169.jpg","contentUrl":"https:\/\/learnspanishinperu.net\/wp-content\/uploads\/2016\/04\/logo-Spanish-school-Cusco-Peru-e1547820355169.jpg","width":100,"height":83,"caption":"Mundo Antiguo"},"image":{"@id":"https:\/\/learnspanishinperu.net\/#\/schema\/logo\/image\/"},"sameAs":["http:\/\/www.facebook.com\/MundoAntiguoSpanishSchool","https:\/\/x.com\/MASpanishschool","https:\/\/www.instagram.com\/mundoantiguo_spanishschool\/","https:\/\/www.linkedin.com\/company\/mundo-antiguo-spanish-school","http:\/\/www.pinterest.com\/mundoantiguo\/"]}]}},"_links":{"self":[{"href":"https:\/\/learnspanishinperu.net\/de\/wp-json\/wp\/v2\/pages\/18106","targetHints":{"allow":["GET"]}}],"collection":[{"href":"https:\/\/learnspanishinperu.net\/de\/wp-json\/wp\/v2\/pages"}],"about":[{"href":"https:\/\/learnspanishinperu.net\/de\/wp-json\/wp\/v2\/types\/page"}],"author":[{"embeddable":true,"href":"https:\/\/learnspanishinperu.net\/de\/wp-json\/wp\/v2\/users\/1"}],"replies":[{"embeddable":true,"href":"https:\/\/learnspanishinperu.net\/de\/wp-json\/wp\/v2\/comments?post=18106"}],"version-history":[{"count":19,"href":"https:\/\/learnspanishinperu.net\/de\/wp-json\/wp\/v2\/pages\/18106\/revisions"}],"predecessor-version":[{"id":48073,"href":"https:\/\/learnspanishinperu.net\/de\/wp-json\/wp\/v2\/pages\/18106\/revisions\/48073"}],"up":[{"embeddable":true,"href":"https:\/\/learnspanishinperu.net\/de\/wp-json\/wp\/v2\/pages\/17772"}],"wp:attachment":[{"href":"https:\/\/learnspanishinperu.net\/de\/wp-json\/wp\/v2\/media?parent=18106"}],"curies":[{"name":"wp","href":"https:\/\/api.w.org\/{rel}","templated":true}]}}