{"id":18086,"date":"2020-10-19T15:13:09","date_gmt":"2020-10-19T20:13:09","guid":{"rendered":"https:\/\/learnspanishinperu.net\/touren-peru\/spanisch-und-reisen\/"},"modified":"2023-11-08T10:52:48","modified_gmt":"2023-11-08T15:52:48","slug":"spanisch-und-reisen","status":"publish","type":"page","link":"https:\/\/learnspanishinperu.net\/de\/touren-peru\/spanisch-und-reisen\/","title":{"rendered":"Spanisch und Reisen"},"content":{"rendered":"\n<div class=\"wp-block-cover alignfull is-light has-parallax mt-0\" style=\"min-height:460px;aspect-ratio:unset;\"><span aria-hidden=\"true\" class=\"wp-block-cover__background has-background-dim-20 has-background-dim\"><\/span><div role=\"img\" class=\"wp-block-cover__image-background wp-image-15722 has-parallax lazyload\" style=\"background-position:50% 50%;background-image:inherit\" data-bg-image=\"url(https:\/\/learnspanishinperu.net\/wp-content\/uploads\/2020\/07\/tours-in-peru-scaled.jpg)\"><\/div><div class=\"wp-block-cover__inner-container is-layout-flow wp-block-cover-is-layout-flow\">\n<h1 class=\"wp-block-heading has-text-align-center has-white-color has-text-color\" id=\"spanisch-und-reisen\" style=\"font-size:60px\"><mark style=\"background-color:rgba(0, 0, 0, 0)\" class=\"has-inline-color has-white-color\">Spanisch und Reisen<\/mark><\/h1>\n\n\n\n<p class=\"has-text-align-center has-white-color has-text-color has-5-xl-font-size\"><em>Die perfekte Kombination!<\/em><\/p>\n<\/div><\/div>\n\n\n\n<div style=\"height:70px\" aria-hidden=\"true\" class=\"wp-block-spacer\"><\/div>\n\n\n\n<div class=\"wp-block-group\"><div class=\"wp-block-group__inner-container is-layout-flow wp-block-group-is-layout-flow\">\n<div class=\"wp-block-group has-background\" style=\"background-color:#e7e7e7\"><div class=\"wp-block-group__inner-container is-layout-flow wp-block-group-is-layout-flow\">\n<h2 class=\"wp-block-heading has-text-align-center\" id=\"spanisch-und-reisen\">Spanisch und Reisen<\/h2>\n\n\n\n<p>Kombinieren Sie Ihre <a href=\"https:\/\/learnspanishinperu.net\/de\/spanisch-lernen\/spanischkurs\/\">Spanischkurse<\/a> mit den besten Ausfl\u00fcgen, die Peru zu bieten hat. Cusco ist nicht nur das Tor zu <a href=\"https:\/\/learnspanishinperu.net\/de\/touren-peru\/machu-picchu-mit-dem-zug\/\">Machu Picchu<\/a> und verschiedenen Zielen im <a href=\"https:\/\/learnspanishinperu.net\/de\/touren-peru\/amazonas-regenwald\/\">Amazonas-Regenwald<\/a>. Die meisten Sch\u00fcler, die zur Mundo Antiguo Spanischschule kommen, m\u00f6chten Spanisch lernen <em>und<\/em> besuchen einige der Highlights dieses sch\u00f6nen und vielf\u00e4ltigen Landes.<\/p>\n\n\n\n<p><strong>Cusco<\/strong> ist daf\u00fcr der perfekte Ausgangspunkt. Von Cusco aus und w\u00e4hrend Ihres spanischen <a href=\"https:\/\/learnspanishinperu.net\/de\/spanisch-lernen\/spanisch-pakete\/\">Programms<\/a> k\u00f6nnen Sie Wochenendausfl\u00fcge zum <a href=\"https:\/\/learnspanishinperu.net\/de\/touren-peru\/titicacasee\/\">Titicacasee<\/a> und zum <a href=\"https:\/\/learnspanishinperu.net\/de\/touren-peru\/colca-canyon\/\">Colca Canyon<\/a>. Oder besuchen Sie das sch\u00f6ne <a href=\"https:\/\/learnspanishinperu.net\/tours-in-peru\/sacred-valley\/\"><strong>Heilige Tal<\/strong><\/a> der Inkas. Weiter entfernt, aber machbar vor oder nach Ihrem Spanischunterricht sind die r\u00e4tselhaften Nazca-Linien, die Islas Ballestas und das Sandboarden der D\u00fcnen von Huacachina im <a href=\"https:\/\/learnspanishinperu.net\/de\/touren-peru\/sudkuste-von-peru\/\">S\u00fcdwesten Perus<\/a>. Und wenn Sie etwas Zeit haben, empfehlen wir Ihnen auf jeden Fall einen Besuch im Amazonas-Regenwald. Und nat\u00fcrlich m\u00f6chten Sie nicht ohne einen Besuch der Inka-Ruinen von Machu Picchu nach Cusco fahren. <strong>Spanisch und Reisen, die perfekte Kombination!<\/strong><\/p>\n\n\n\n<p>Wir f\u00fchren die Touren nicht selbst durch, sondern arbeiten mit einem hoch angesehenen und professionellen lokalen Reiseveranstalter zusammen, der sich auf qualitativ hochwertige Touren und pers\u00f6nlichen Service spezialisiert hat. Hier k\u00f6nnen Sie zun\u00e4chst einige unserer Vorschl\u00e4ge ansehen.<\/p>\n<\/div><\/div>\n<\/div><\/div>\n\n\n\n<div style=\"height:70px\" aria-hidden=\"true\" class=\"wp-block-spacer\"><\/div>\n\n\n\n<figure class=\"wp-block-gallery columns-3 is-cropped\"><ul class=\"blocks-gallery-grid\"><li class=\"blocks-gallery-item\"><figure><a href=\"https:\/\/learnspanishinperu.net\/tours-in-peru\/machu-picchu-by-train\/\"><img decoding=\"async\" width=\"1024\" height=\"576\" data-src=\"https:\/\/learnspanishinperu.net\/wp-content\/uploads\/2020\/10\/machu-picchu-peru-1024x576.jpeg\" alt=\"Machu Picchu mit dem Zug\" data-id=\"17962\" data-full-url=\"https:\/\/learnspanishinperu.net\/wp-content\/uploads\/2020\/10\/machu-picchu-peru.jpeg\" data-link=\"https:\/\/learnspanishinperu.net\/information\/machu-picchu-peru-2\/\" class=\"wp-image-17962 lazyload\" data-srcset=\"https:\/\/learnspanishinperu.net\/wp-content\/uploads\/2020\/10\/machu-picchu-peru-1024x576.jpeg 1024w, https:\/\/learnspanishinperu.net\/wp-content\/uploads\/2020\/10\/machu-picchu-peru-300x169.jpeg 300w, https:\/\/learnspanishinperu.net\/wp-content\/uploads\/2020\/10\/machu-picchu-peru-768x432.jpeg 768w, https:\/\/learnspanishinperu.net\/wp-content\/uploads\/2020\/10\/machu-picchu-peru-373x210.jpeg 373w, https:\/\/learnspanishinperu.net\/wp-content\/uploads\/2020\/10\/machu-picchu-peru.jpeg 1280w\" data-sizes=\"(max-width: 1024px) 100vw, 1024px\" src=\"data:image\/svg+xml;base64,PHN2ZyB3aWR0aD0iMSIgaGVpZ2h0PSIxIiB4bWxucz0iaHR0cDovL3d3dy53My5vcmcvMjAwMC9zdmciPjwvc3ZnPg==\" style=\"--smush-placeholder-width: 1024px; --smush-placeholder-aspect-ratio: 1024\/576;\" \/><figcaption class=\"blocks-gallery-item__caption\">Machu Picchu mit dem Zug<\/figcaption><\/a><\/figure><\/li><li class=\"blocks-gallery-item\"><figure><a href=\"https:\/\/learnspanishinperu.net\/tours-in-peru\/amazon-rainforest\/\"><img decoding=\"async\" width=\"1024\" height=\"768\" data-src=\"https:\/\/learnspanishinperu.net\/wp-content\/uploads\/2020\/10\/manu-peru-amazon-rainforest-3-1024x768.jpeg\" alt=\"Amazonas Regenwald\" data-id=\"17814\" data-full-url=\"https:\/\/learnspanishinperu.net\/wp-content\/uploads\/2020\/10\/manu-peru-amazon-rainforest-3.jpeg\" data-link=\"https:\/\/learnspanishinperu.net\/manu-peru-amazon-rainforest-3\/\" class=\"wp-image-17814 lazyload\" data-srcset=\"https:\/\/learnspanishinperu.net\/wp-content\/uploads\/2020\/10\/manu-peru-amazon-rainforest-3-1024x768.jpeg 1024w, https:\/\/learnspanishinperu.net\/wp-content\/uploads\/2020\/10\/manu-peru-amazon-rainforest-3-300x225.jpeg 300w, https:\/\/learnspanishinperu.net\/wp-content\/uploads\/2020\/10\/manu-peru-amazon-rainforest-3-768x576.jpeg 768w, https:\/\/learnspanishinperu.net\/wp-content\/uploads\/2020\/10\/manu-peru-amazon-rainforest-3-373x280.jpeg 373w, https:\/\/learnspanishinperu.net\/wp-content\/uploads\/2020\/10\/manu-peru-amazon-rainforest-3.jpeg 1152w\" data-sizes=\"(max-width: 1024px) 100vw, 1024px\" src=\"data:image\/svg+xml;base64,PHN2ZyB3aWR0aD0iMSIgaGVpZ2h0PSIxIiB4bWxucz0iaHR0cDovL3d3dy53My5vcmcvMjAwMC9zdmciPjwvc3ZnPg==\" style=\"--smush-placeholder-width: 1024px; --smush-placeholder-aspect-ratio: 1024\/768;\" \/><figcaption class=\"blocks-gallery-item__caption\">Amazonas Regenwald<\/figcaption><\/a><\/figure><\/li><li class=\"blocks-gallery-item\"><figure><a href=\"https:\/\/learnspanishinperu.net\/tours-in-peru\/treks-to-machu-picchu\/\"><img decoding=\"async\" width=\"229\" height=\"172\" data-src=\"https:\/\/learnspanishinperu.net\/wp-content\/uploads\/2015\/11\/Salkantay4600-229x172.jpg\" alt=\"Salkantay Trek Machu Picchu\" data-id=\"3167\" data-full-url=\"https:\/\/learnspanishinperu.net\/wp-content\/uploads\/2015\/11\/Salkantay4600-229x172.jpg\" data-link=\"https:\/\/learnspanishinperu.net\/tours-in-peru\/treks-to-machu-picchu\/salkantay-trek-to-machu-picchu\/salkantay4600-229x172\/\" class=\"wp-image-3167 lazyload\" src=\"data:image\/svg+xml;base64,PHN2ZyB3aWR0aD0iMSIgaGVpZ2h0PSIxIiB4bWxucz0iaHR0cDovL3d3dy53My5vcmcvMjAwMC9zdmciPjwvc3ZnPg==\" style=\"--smush-placeholder-width: 229px; --smush-placeholder-aspect-ratio: 229\/172;\" \/><figcaption class=\"blocks-gallery-item__caption\">Trekkings nach Machu Picchu<\/figcaption><\/a><\/figure><\/li><li class=\"blocks-gallery-item\"><figure><a href=\"https:\/\/learnspanishinperu.net\/tours-in-peru\/lake-titicaca\/\"><img decoding=\"async\" width=\"1024\" height=\"768\" data-src=\"https:\/\/learnspanishinperu.net\/wp-content\/uploads\/2020\/10\/Titicaca-1024x768.jpg\" alt=\"lake titicaca\" data-id=\"17932\" data-full-url=\"https:\/\/learnspanishinperu.net\/wp-content\/uploads\/2020\/10\/Titicaca.jpg\" data-link=\"https:\/\/learnspanishinperu.net\/tours-in-peru\/lake-titicaca\/titicaca\/\" class=\"wp-image-17932 lazyload\" data-srcset=\"https:\/\/learnspanishinperu.net\/wp-content\/uploads\/2020\/10\/Titicaca-1024x768.jpg 1024w, https:\/\/learnspanishinperu.net\/wp-content\/uploads\/2020\/10\/Titicaca-300x225.jpg 300w, https:\/\/learnspanishinperu.net\/wp-content\/uploads\/2020\/10\/Titicaca-768x576.jpg 768w, https:\/\/learnspanishinperu.net\/wp-content\/uploads\/2020\/10\/Titicaca-1536x1152.jpg 1536w, https:\/\/learnspanishinperu.net\/wp-content\/uploads\/2020\/10\/Titicaca-373x280.jpg 373w, https:\/\/learnspanishinperu.net\/wp-content\/uploads\/2020\/10\/Titicaca.jpg 1600w\" data-sizes=\"(max-width: 1024px) 100vw, 1024px\" src=\"data:image\/svg+xml;base64,PHN2ZyB3aWR0aD0iMSIgaGVpZ2h0PSIxIiB4bWxucz0iaHR0cDovL3d3dy53My5vcmcvMjAwMC9zdmciPjwvc3ZnPg==\" style=\"--smush-placeholder-width: 1024px; --smush-placeholder-aspect-ratio: 1024\/768;\" \/><figcaption class=\"blocks-gallery-item__caption\">Titicacasee<\/figcaption><\/a><\/figure><\/li><li class=\"blocks-gallery-item\"><figure><a href=\"https:\/\/learnspanishinperu.net\/tours-in-peru\/colca-canyon\/\"><img decoding=\"async\" data-src=\"https:\/\/learnspanishinperu.net\/wp-content\/uploads\/2021\/05\/Andean-Condor.jpg\" alt=\"colca canyon condor\" data-id=\"20542\" data-full-url=\"https:\/\/learnspanishinperu.net\/wp-content\/uploads\/2021\/05\/Andean-Condor.jpg\" data-link=\"https:\/\/learnspanishinperu.net\/tours-in-peru\/colca-canyon\/andean-condor\/\" class=\"wp-image-20542 lazyload\" src=\"data:image\/svg+xml;base64,PHN2ZyB3aWR0aD0iMSIgaGVpZ2h0PSIxIiB4bWxucz0iaHR0cDovL3d3dy53My5vcmcvMjAwMC9zdmciPjwvc3ZnPg==\" style=\"--smush-placeholder-width: 750px; --smush-placeholder-aspect-ratio: 750\/500;\" \/><figcaption class=\"blocks-gallery-item__caption\">Colca Canyon<\/figcaption><\/a><\/figure><\/li><li class=\"blocks-gallery-item\"><figure><a href=\"https:\/\/learnspanishinperu.net\/tours-in-peru\/south-coast\/\"><img decoding=\"async\" width=\"1024\" height=\"768\" data-src=\"https:\/\/learnspanishinperu.net\/wp-content\/uploads\/2015\/11\/huacachina-4-1024x768.jpg\" alt=\"huacachina Peru\" data-id=\"2923\" data-full-url=\"https:\/\/learnspanishinperu.net\/wp-content\/uploads\/2015\/11\/huacachina-4-e1460423654923.jpg\" data-link=\"https:\/\/learnspanishinperu.net\/tours-in-peru\/south-coast\/huacachina-4\/\" class=\"wp-image-2923 lazyload\" src=\"data:image\/svg+xml;base64,PHN2ZyB3aWR0aD0iMSIgaGVpZ2h0PSIxIiB4bWxucz0iaHR0cDovL3d3dy53My5vcmcvMjAwMC9zdmciPjwvc3ZnPg==\" style=\"--smush-placeholder-width: 1024px; --smush-placeholder-aspect-ratio: 1024\/768;\" \/><figcaption class=\"blocks-gallery-item__caption\">S\u00fcdk\u00fcste von Peru<\/figcaption><\/a><\/figure><\/li><\/ul><\/figure>\n\n\n\n<div style=\"height:40px\" aria-hidden=\"true\" class=\"wp-block-spacer\"><\/div>\n\n\n\n<div class=\"wp-block-group has-background\" style=\"background-color:#e7e7e7\"><div class=\"wp-block-group__inner-container is-layout-flow wp-block-group-is-layout-flow\">\n<p class=\"has-text-align-center\">Spanisch und Reisen &#8230; die perfekte Kombination! Schreiben Sie uns f\u00fcr weitere Informationen zu den Programmen, die wir Ihnen anbieten k\u00f6nnen.<\/p>\n\n\n\n<div class=\"wp-block-buttons is-horizontal is-content-justification-center is-layout-flex wp-container-core-buttons-is-layout-499968f5 wp-block-buttons-is-layout-flex\">\n<div class=\"wp-block-button\"><a class=\"wp-block-button__link has-background wp-element-button\" href=\"https:\/\/learnspanishinperu.net\/de\/kontakt\/\" style=\"background-color:#008000\">Kontaktiere uns jetzt!<\/a><\/div>\n<\/div>\n<\/div><\/div>\n\n\n\n<div style=\"height:30px\" aria-hidden=\"true\" class=\"wp-block-spacer\"><\/div>\n","protected":false},"excerpt":{"rendered":"<p>Spanisch und Reisen Kombinieren Sie Ihre Spanischkurse mit den besten Ausfl\u00fcgen, die Peru zu bieten hat. Cusco ist nicht nur das Tor zu Machu Picchu und verschiedenen Zielen im Amazonas-Regenwald. Die meisten Sch\u00fcler, die zur Mundo Antiguo Spanischschule kommen, m\u00f6chten Spanisch lernen und besuchen einige der Highlights dieses sch\u00f6nen und vielf\u00e4ltigen Landes. Cusco ist daf\u00fcr&hellip;<\/p>\n<p class=\"more\"><a class=\"more-link\" href=\"https:\/\/learnspanishinperu.net\/de\/touren-peru\/spanisch-und-reisen\/\">Continue reading <span class=\"screen-reader-text\">Spanisch und Reisen<\/span><\/a><\/p>\n","protected":false},"author":1,"featured_media":0,"parent":17550,"menu_order":0,"comment_status":"closed","ping_status":"closed","template":"page-templates\/wide.php","meta":{"_coblocks_attr":"","_coblocks_dimensions":"","_coblocks_responsive_height":"","_coblocks_accordion_ie_support":"","footnotes":""},"class_list":["post-18086","page","type-page","status-publish","hentry","entry"],"yoast_head":"<!-- This site is optimized with the Yoast SEO plugin v27.4 - https:\/\/yoast.com\/product\/yoast-seo-wordpress\/ -->\n<title>Spanisch und Reisen - Mundo Antiguo - Spanische Schule Cusco<\/title>\n<meta name=\"description\" content=\"Kombinieren Sie Ihren Spanischunterricht mit den besten Ausfl\u00fcgen, die Peru zu bieten hat. Spanisch und Reisen, die perfekte Kombination!\" \/>\n<meta name=\"robots\" content=\"index, follow, max-snippet:-1, max-image-preview:large, max-video-preview:-1\" \/>\n<link rel=\"canonical\" href=\"https:\/\/learnspanishinperu.net\/de\/touren-peru\/spanisch-und-reisen\/\" \/>\n<meta property=\"og:locale\" content=\"de_DE\" \/>\n<meta property=\"og:type\" content=\"article\" \/>\n<meta property=\"og:title\" content=\"Spanisch und Reisen - Mundo Antiguo - Spanische Schule Cusco\" \/>\n<meta property=\"og:description\" content=\"Kombinieren Sie Ihren Spanischunterricht mit den besten Ausfl\u00fcgen, die Peru zu bieten hat. Spanisch und Reisen, die perfekte Kombination!\" \/>\n<meta property=\"og:url\" content=\"https:\/\/learnspanishinperu.net\/de\/touren-peru\/spanisch-und-reisen\/\" \/>\n<meta property=\"og:site_name\" content=\"Mundo Antiguo\" \/>\n<meta property=\"article:publisher\" content=\"http:\/\/www.facebook.com\/MundoAntiguoSpanishSchool\" \/>\n<meta property=\"article:modified_time\" content=\"2023-11-08T15:52:48+00:00\" \/>\n<meta property=\"og:image\" content=\"https:\/\/learnspanishinperu.net\/wp-content\/uploads\/2020\/10\/machu-picchu-peru-1024x576.jpeg\" \/>\n<meta name=\"twitter:card\" content=\"summary_large_image\" \/>\n<meta name=\"twitter:site\" content=\"@MASpanishschool\" \/>\n<meta name=\"twitter:label1\" content=\"Gesch\u00e4tzte Lesezeit\" \/>\n\t<meta name=\"twitter:data1\" content=\"3 Minuten\" \/>\n<!-- \/ Yoast SEO plugin. -->","yoast_head_json":{"title":"Spanisch und Reisen - Mundo Antiguo - Spanische Schule Cusco","description":"Kombinieren Sie Ihren Spanischunterricht mit den besten Ausfl\u00fcgen, die Peru zu bieten hat. Spanisch und Reisen, die perfekte Kombination!","robots":{"index":"index","follow":"follow","max-snippet":"max-snippet:-1","max-image-preview":"max-image-preview:large","max-video-preview":"max-video-preview:-1"},"canonical":"https:\/\/learnspanishinperu.net\/de\/touren-peru\/spanisch-und-reisen\/","og_locale":"de_DE","og_type":"article","og_title":"Spanisch und Reisen - Mundo Antiguo - Spanische Schule Cusco","og_description":"Kombinieren Sie Ihren Spanischunterricht mit den besten Ausfl\u00fcgen, die Peru zu bieten hat. Spanisch und Reisen, die perfekte Kombination!","og_url":"https:\/\/learnspanishinperu.net\/de\/touren-peru\/spanisch-und-reisen\/","og_site_name":"Mundo Antiguo","article_publisher":"http:\/\/www.facebook.com\/MundoAntiguoSpanishSchool","article_modified_time":"2023-11-08T15:52:48+00:00","og_image":[{"url":"https:\/\/learnspanishinperu.net\/wp-content\/uploads\/2020\/10\/machu-picchu-peru-1024x576.jpeg","type":"","width":"","height":""}],"twitter_card":"summary_large_image","twitter_site":"@MASpanishschool","twitter_misc":{"Gesch\u00e4tzte Lesezeit":"3 Minuten"},"schema":{"@context":"https:\/\/schema.org","@graph":[{"@type":"WebPage","@id":"https:\/\/learnspanishinperu.net\/de\/touren-peru\/spanisch-und-reisen\/","url":"https:\/\/learnspanishinperu.net\/de\/touren-peru\/spanisch-und-reisen\/","name":"Spanisch und Reisen - Mundo Antiguo - Spanische Schule Cusco","isPartOf":{"@id":"https:\/\/learnspanishinperu.net\/#website"},"primaryImageOfPage":{"@id":"https:\/\/learnspanishinperu.net\/de\/touren-peru\/spanisch-und-reisen\/#primaryimage"},"image":{"@id":"https:\/\/learnspanishinperu.net\/de\/touren-peru\/spanisch-und-reisen\/#primaryimage"},"thumbnailUrl":"https:\/\/learnspanishinperu.net\/wp-content\/uploads\/2020\/10\/machu-picchu-peru-1024x576.jpeg","datePublished":"2020-10-19T20:13:09+00:00","dateModified":"2023-11-08T15:52:48+00:00","description":"Kombinieren Sie Ihren Spanischunterricht mit den besten Ausfl\u00fcgen, die Peru zu bieten hat. Spanisch und Reisen, die perfekte Kombination!","breadcrumb":{"@id":"https:\/\/learnspanishinperu.net\/de\/touren-peru\/spanisch-und-reisen\/#breadcrumb"},"inLanguage":"de-DE","potentialAction":[{"@type":"ReadAction","target":["https:\/\/learnspanishinperu.net\/de\/touren-peru\/spanisch-und-reisen\/"]}]},{"@type":"ImageObject","inLanguage":"de-DE","@id":"https:\/\/learnspanishinperu.net\/de\/touren-peru\/spanisch-und-reisen\/#primaryimage","url":"https:\/\/learnspanishinperu.net\/wp-content\/uploads\/2020\/10\/machu-picchu-peru-1024x576.jpeg","contentUrl":"https:\/\/learnspanishinperu.net\/wp-content\/uploads\/2020\/10\/machu-picchu-peru-1024x576.jpeg"},{"@type":"BreadcrumbList","@id":"https:\/\/learnspanishinperu.net\/de\/touren-peru\/spanisch-und-reisen\/#breadcrumb","itemListElement":[{"@type":"ListItem","position":1,"name":"Home","item":"https:\/\/learnspanishinperu.net\/de\/"},{"@type":"ListItem","position":2,"name":"Touren in Peru","item":"https:\/\/learnspanishinperu.net\/de\/touren-peru\/"},{"@type":"ListItem","position":3,"name":"Spanisch und Reisen"}]},{"@type":"WebSite","@id":"https:\/\/learnspanishinperu.net\/#website","url":"https:\/\/learnspanishinperu.net\/","name":"Mundo Antiguo","description":"Spanish school Cusco","publisher":{"@id":"https:\/\/learnspanishinperu.net\/#organization"},"potentialAction":[{"@type":"SearchAction","target":{"@type":"EntryPoint","urlTemplate":"https:\/\/learnspanishinperu.net\/?s={search_term_string}"},"query-input":{"@type":"PropertyValueSpecification","valueRequired":true,"valueName":"search_term_string"}}],"inLanguage":"de-DE"},{"@type":"Organization","@id":"https:\/\/learnspanishinperu.net\/#organization","name":"Mundo Antiguo","url":"https:\/\/learnspanishinperu.net\/","logo":{"@type":"ImageObject","inLanguage":"de-DE","@id":"https:\/\/learnspanishinperu.net\/#\/schema\/logo\/image\/","url":"https:\/\/learnspanishinperu.net\/wp-content\/uploads\/2016\/04\/logo-Spanish-school-Cusco-Peru-e1547820355169.jpg","contentUrl":"https:\/\/learnspanishinperu.net\/wp-content\/uploads\/2016\/04\/logo-Spanish-school-Cusco-Peru-e1547820355169.jpg","width":100,"height":83,"caption":"Mundo Antiguo"},"image":{"@id":"https:\/\/learnspanishinperu.net\/#\/schema\/logo\/image\/"},"sameAs":["http:\/\/www.facebook.com\/MundoAntiguoSpanishSchool","https:\/\/x.com\/MASpanishschool","https:\/\/www.instagram.com\/mundoantiguo_spanishschool\/","https:\/\/www.linkedin.com\/company\/mundo-antiguo-spanish-school","http:\/\/www.pinterest.com\/mundoantiguo\/"]}]}},"_links":{"self":[{"href":"https:\/\/learnspanishinperu.net\/de\/wp-json\/wp\/v2\/pages\/18086","targetHints":{"allow":["GET"]}}],"collection":[{"href":"https:\/\/learnspanishinperu.net\/de\/wp-json\/wp\/v2\/pages"}],"about":[{"href":"https:\/\/learnspanishinperu.net\/de\/wp-json\/wp\/v2\/types\/page"}],"author":[{"embeddable":true,"href":"https:\/\/learnspanishinperu.net\/de\/wp-json\/wp\/v2\/users\/1"}],"replies":[{"embeddable":true,"href":"https:\/\/learnspanishinperu.net\/de\/wp-json\/wp\/v2\/comments?post=18086"}],"version-history":[{"count":12,"href":"https:\/\/learnspanishinperu.net\/de\/wp-json\/wp\/v2\/pages\/18086\/revisions"}],"predecessor-version":[{"id":44978,"href":"https:\/\/learnspanishinperu.net\/de\/wp-json\/wp\/v2\/pages\/18086\/revisions\/44978"}],"up":[{"embeddable":true,"href":"https:\/\/learnspanishinperu.net\/de\/wp-json\/wp\/v2\/pages\/17550"}],"wp:attachment":[{"href":"https:\/\/learnspanishinperu.net\/de\/wp-json\/wp\/v2\/media?parent=18086"}],"curies":[{"name":"wp","href":"https:\/\/api.w.org\/{rel}","templated":true}]}}