{"id":18045,"date":"2020-10-17T10:29:32","date_gmt":"2020-10-17T15:29:32","guid":{"rendered":"https:\/\/learnspanishinperu.net\/touren-peru\/machu-picchu-mit-dem-zug\/"},"modified":"2023-08-02T09:51:16","modified_gmt":"2023-08-02T14:51:16","slug":"machu-picchu-mit-dem-zug","status":"publish","type":"page","link":"https:\/\/learnspanishinperu.net\/de\/touren-peru\/machu-picchu-mit-dem-zug\/","title":{"rendered":"Machu Picchu mit dem Zug"},"content":{"rendered":"\n<div class=\"wp-block-group\"><div class=\"wp-block-group__inner-container is-layout-flow wp-block-group-is-layout-flow\">\n<div class=\"wp-block-cover alignfull has-parallax mt-0\" style=\"min-height:458px;aspect-ratio:unset;\"><span aria-hidden=\"true\" class=\"wp-block-cover__background has-background-dim-10 has-background-dim\"><\/span><div role=\"img\" class=\"wp-block-cover__image-background wp-image-17805 has-parallax lazyload\" style=\"background-position:50% 50%;background-image:inherit\" data-bg-image=\"url(https:\/\/learnspanishinperu.net\/wp-content\/uploads\/2020\/10\/PSX_20190403_194348.jpg)\"><\/div><div class=\"wp-block-cover__inner-container is-layout-flow wp-block-cover-is-layout-flow\">\n<h1 class=\"wp-block-heading has-text-align-center has-white-color has-text-color\" style=\"font-size:60px\"><mark style=\"background-color:rgba(0, 0, 0, 0)\" class=\"has-inline-color has-white-color\">Machu Picchu mit dem Zug<\/mark><\/h1>\n\n\n\n<p class=\"has-text-align-center has-white-color has-text-color has-5-xl-font-size\"><em>Besuchen Sie das Weltwunder von Cusco<\/em><\/p>\n<\/div><\/div>\n\n\n\n<div style=\"height:70px\" aria-hidden=\"true\" class=\"wp-block-spacer\"><\/div>\n\n\n\n<div class=\"wp-block-group has-background\" style=\"background-color:#e7e7e7\"><div class=\"wp-block-group__inner-container is-layout-flow wp-block-group-is-layout-flow\">\n<h2 class=\"wp-block-heading has-text-align-center\" id=\"machu-picchu-mit-dem-zug\"> Machu Picchu mit dem Zug<\/h2>\n\n\n<div class=\"wp-block-image is-style-bottom-wave\">\n<figure class=\"alignright\"><img decoding=\"async\" width=\"300\" height=\"225\" data-src=\"https:\/\/learnspanishinperu.net\/wp-content\/uploads\/2015\/10\/Machu-Picchu-5-300x225.jpg\" alt=\"Machu Picchu Peru\" class=\"wp-image-2977 lazyload\" title=\"Machu Picchu Peru\" src=\"data:image\/svg+xml;base64,PHN2ZyB3aWR0aD0iMSIgaGVpZ2h0PSIxIiB4bWxucz0iaHR0cDovL3d3dy53My5vcmcvMjAwMC9zdmciPjwvc3ZnPg==\" style=\"--smush-placeholder-width: 300px; --smush-placeholder-aspect-ratio: 300\/225;\" \/><\/figure>\n<\/div>\n\n\n<p>1911 wiederentdeckt und 2007 zum \u201e<strong>neuen Weltwunder<\/strong>\u201c gew\u00e4hlt. Machu Picchu ist ohne Zweifel die ber\u00fchmteste und beeindruckendste <strong>arch\u00e4ologische St\u00e4tte<\/strong> Amerikas. Diese Zitadelle, die sich hoch \u00fcber dem wilden Urubamba-Fluss erhebt, \u00fcberrascht jeden Besucher. Mit dem charakteristischen Gipfel von Wayna Picchu, oft umgeben von mystischen Wolken. \u00dcber Machu Picchu wird viel gesagt und geschrieben, aber sein Zweck ist immer noch nicht sicher.<\/p>\n\n\n\n<p><strong>Die Inkas<\/strong> bauten Machu Picchu um 1450. Sie gaben es etwa ein Jahrhundert sp\u00e4ter auf, als die Spanier die Kontrolle \u00fcber die Region \u00fcbernahmen. Die Einheimischen wussten von Machu Picchu, aber die Spanier wussten w\u00e4hrend ihrer Zeit in Peru nichts davon. Und es blieb der Au\u00dfenwelt unbekannt, bevor es 1911 von <strong>Hiram Bingham<\/strong> wiederentdeckt wurde.<\/p>\n<\/div><\/div>\n\n\n\n<div style=\"height:70px\" aria-hidden=\"true\" class=\"wp-block-spacer\"><\/div>\n\n\n\n<div class=\"wp-block-group has-background\" style=\"background-color:#e7e7e7\"><div class=\"wp-block-group__inner-container is-layout-flow wp-block-group-is-layout-flow\">\n<h3 class=\"wp-block-heading has-text-align-center\" id=\"machu-picchu-mit-zugtour\">Machu Picchu mit Zugtour<\/h3>\n\n\n<div class=\"wp-block-image is-style-bottom-wave\">\n<figure class=\"alignright size-thumbnail\"><img decoding=\"async\" width=\"150\" height=\"120\" data-src=\"https:\/\/learnspanishinperu.net\/wp-content\/uploads\/2015\/10\/Machu-Picchu-150x120.jpg\" alt=\"Machu Picchu\" class=\"wp-image-2680 lazyload\" title=\"Machu Picchu\" src=\"data:image\/svg+xml;base64,PHN2ZyB3aWR0aD0iMSIgaGVpZ2h0PSIxIiB4bWxucz0iaHR0cDovL3d3dy53My5vcmcvMjAwMC9zdmciPjwvc3ZnPg==\" style=\"--smush-placeholder-width: 150px; --smush-placeholder-aspect-ratio: 150\/120;\" \/><\/figure>\n<\/div>\n\n\n<p>Wir bieten eine <strong>zweit\u00e4gige Tour<\/strong> an, um dieses Weltwunder zu besuchen. Zuerst reisen Sie in das sch\u00f6ne Dorf <strong>Ollantaytambo<\/strong> im <a href=\"https:\/\/learnspanishinperu.net\/tours-in-peru\/sacred-valley\/\">Heiligen Tal der Inkas<\/a>. Sie reisen entweder mit \u00f6ffentlichen Verkehrsmitteln oder mit einem privaten Transfer von Cusco nach Ollantaytambo. Von dort nehmen Sie den Nachmittagszug <strong>nach Aguas Calientes<\/strong>. Dies ist das Dorf in der N\u00e4he von Machu Picchu, in dem Sie \u00fcbernachten werden.<\/p>\n\n\n\n<p>Am n\u00e4chsten Morgen k\u00f6nnen Sie entweder wandern oder mit dem Bus in die \u201eVerlorene Stadt der Inkas\u201c fahren. In den Ruinen genie\u00dfen Sie morgens eine <strong> F\u00fchrung  strong&gt;. Am Nachmittag fahren Sie zur\u00fcck nach Aguas Calientes, um mit dem <\/strong><strong> Zug  strong&gt; zur\u00fcck nach Ollantaytambo zu fahren. In Ollantaytambo k\u00f6nnen Sie \u00fcbernachten oder nach <a href=\"https:\/\/learnspanishinperu.net\/de\/spanischschule\/cusco\/\"><strong>Cusco<\/strong><\/a> zur\u00fcckkehren.<\/strong><\/p>\n\n\n\n<p><em>Tipp: Kombinieren Sie diese Tour mit einem Ausflug oder bleiben Sie im Heiligen Tal!<\/em><\/p>\n\n\n\n<p>Wie Sie sehen k\u00f6nnen, gibt es verschiedene M\u00f6glichkeiten! Um es noch ein bisschen schwieriger zu machen, gibt es je nach Besuch unterschiedliche <a href=\"https:\/\/learnspanishinperu.net\/de\/faq\/machu-picchu\/\"><strong>Eintrittsgelder<\/strong><\/a> f\u00fcr Machu Picchu. Alle Besuche beinhalten den Eintritt zu den Hauptruinen. Beim Besuch der Ruinen gibt es jedoch einige interessante Sonderausstattungen.<\/p>\n<\/div><\/div>\n\n\n\n<div style=\"height:40px\" aria-hidden=\"true\" class=\"wp-block-spacer\"><\/div>\n\n\n\n<blockquote class=\"wp-block-quote is-style-large is-style-plain has-2-xl-font-size is-layout-flow wp-block-quote-is-layout-flow\" style=\"font-style:normal;font-weight:400\">\n<p>Machu Picchu packages<\/p>\n<cite>R\u00fcckfahrt Ollantaytambo &#8211; Aguas Calientes + Hotel Aguas Calientes + gemeinsame F\u00fchrung<br \/>R\u00fcckfahrt Ollantaytambo &#8211; Aguas Calientes + Hotel Aguas Calientes + private F\u00fchrung<br \/>Privater Transfer (einfache Fahrt) zwischen Cusco und Ollantaytambo<\/cite><\/blockquote>\n\n\n\n<div style=\"height:30px\" aria-hidden=\"true\" class=\"wp-block-spacer\"><\/div>\n\n\n\n<div class=\"wp-block-group has-background\" style=\"background-color:#e7e7e7\"><div class=\"wp-block-group__inner-container is-layout-flow wp-block-group-is-layout-flow\">\n<h3 class=\"wp-block-heading has-text-align-center\" id=\"machu-picchu-eintritts-und-busgebuhren\">Machu Picchu: Eintritts- und Busgeb\u00fchren<\/h3>\n\n\n<div class=\"wp-block-image is-style-bottom-wave\">\n<figure class=\"alignright\"><img decoding=\"async\" width=\"300\" height=\"225\" data-src=\"https:\/\/learnspanishinperu.net\/wp-content\/uploads\/2015\/10\/Machu-Picchu-14-300x225.jpg\" alt=\"Machu Picchu Cusco\" class=\"wp-image-2978 lazyload\" title=\"Machu Picchu Cusco\" src=\"data:image\/svg+xml;base64,PHN2ZyB3aWR0aD0iMSIgaGVpZ2h0PSIxIiB4bWxucz0iaHR0cDovL3d3dy53My5vcmcvMjAwMC9zdmciPjwvc3ZnPg==\" style=\"--smush-placeholder-width: 300px; --smush-placeholder-aspect-ratio: 300\/225;\" \/><\/figure>\n<\/div>\n\n\n<p>Sie k\u00f6nnen Ihre Eintrittskarte direkt online kaufen. Die offizielle Website daf\u00fcr ist <a title=\"Entrance ticket Machu Picchu\" href=\"http:\/\/www.machupicchu.gob.pe\/\" target=\"_blank\" rel=\"noopener noreferrer\">www.machupicchu.gob.pe<\/a>. Wir k\u00f6nnen das Ticket auch f\u00fcr Sie kaufen, verlangen jedoch eine Geb\u00fchr von 5 USD pro Ticketprovision. Bitte informieren Sie uns, wenn Sie Hilfe ben\u00f6tigen.<\/p>\n\n\n\n<p>In der kleinen Stadt Aguas Calientes k\u00f6nnen Sie bequem Tickets f\u00fcr den Bus zwischen Aguas Calientes und Machu Picchu kaufen. Wir k\u00f6nnten diese auch f\u00fcr Sie kaufen und daf\u00fcr eine Provision von 3 USD pro Ticket verlangen.<\/p>\n\n\n\n<p>Und nat\u00fcrlich k\u00f6nnen Sie uns jederzeit kontaktieren, um weitere Informationen zu den verschiedenen Touren nach Machu Picchu zu erhalten.<\/p>\n<\/div><\/div>\n\n\n\n<div style=\"height:30px\" aria-hidden=\"true\" class=\"wp-block-spacer\"><\/div>\n\n\n\n<div class=\"wp-block-buttons is-horizontal is-content-justification-center is-layout-flex wp-container-core-buttons-is-layout-499968f5 wp-block-buttons-is-layout-flex\">\n<div class=\"wp-block-button\"><a class=\"wp-block-button__link has-background wp-element-button\" href=\"https:\/\/learnspanishinperu.net\/de\/kontakt\/\" style=\"background-color:#008000\">Fordern Sie ein Angebot an!<\/a><\/div>\n\n\n\n<div class=\"wp-block-button\"><a class=\"wp-block-button__link has-background wp-element-button\" href=\"https:\/\/learnspanishinperu.net\/de\/touren-peru\/wanderungen-nach-machu-picchu\/\" style=\"background-color:#ffa500\">4 Wanderungen nach Machu Picchu<\/a><\/div>\n<\/div>\n\n\n\n<p><\/p>\n<\/div><\/div>\n\n\n\n<div style=\"height:30px\" aria-hidden=\"true\" class=\"wp-block-spacer\"><\/div>\n","protected":false},"excerpt":{"rendered":"<p>Machu Picchu mit dem Zug 1911 wiederentdeckt und 2007 zum \u201eneuen Weltwunder\u201c gew\u00e4hlt. Machu Picchu ist ohne Zweifel die ber\u00fchmteste und beeindruckendste arch\u00e4ologische St\u00e4tte Amerikas. Diese Zitadelle, die sich hoch \u00fcber dem wilden Urubamba-Fluss erhebt, \u00fcberrascht jeden Besucher. Mit dem charakteristischen Gipfel von Wayna Picchu, oft umgeben von mystischen Wolken. \u00dcber Machu Picchu wird viel&hellip;<\/p>\n<p class=\"more\"><a class=\"more-link\" href=\"https:\/\/learnspanishinperu.net\/de\/touren-peru\/machu-picchu-mit-dem-zug\/\">Continue reading <span class=\"screen-reader-text\">Machu Picchu mit dem Zug<\/span><\/a><\/p>\n","protected":false},"author":1,"featured_media":0,"parent":17550,"menu_order":0,"comment_status":"closed","ping_status":"closed","template":"page-templates\/wide.php","meta":{"_coblocks_attr":"","_coblocks_dimensions":"","_coblocks_responsive_height":"","_coblocks_accordion_ie_support":"","footnotes":""},"class_list":["post-18045","page","type-page","status-publish","hentry","entry"],"yoast_head":"<!-- This site is optimized with the Yoast SEO plugin v27.5 - https:\/\/yoast.com\/product\/yoast-seo-wordpress\/ -->\n<title>Machu Picchu - Mundo Antiguo Cusco - Touren, Preise, Eintritt<\/title>\n<meta name=\"description\" content=\"Machu Picchu, die ber\u00fchmteste arch\u00e4ologische St\u00e4tte Amerikas. Machu Picchu Preise, Eintritt und Busgeb\u00fchr, Tour mit dem Zug.\" \/>\n<meta name=\"robots\" content=\"index, follow, max-snippet:-1, max-image-preview:large, max-video-preview:-1\" \/>\n<link rel=\"canonical\" href=\"https:\/\/learnspanishinperu.net\/de\/touren-peru\/machu-picchu-mit-dem-zug\/\" \/>\n<meta property=\"og:locale\" content=\"de_DE\" \/>\n<meta property=\"og:type\" content=\"article\" \/>\n<meta property=\"og:title\" content=\"Machu Picchu - Mundo Antiguo Cusco - Touren, Preise, Eintritt\" \/>\n<meta property=\"og:description\" content=\"Machu Picchu, die ber\u00fchmteste arch\u00e4ologische St\u00e4tte Amerikas. Machu Picchu Preise, Eintritt und Busgeb\u00fchr, Tour mit dem Zug.\" \/>\n<meta property=\"og:url\" content=\"https:\/\/learnspanishinperu.net\/de\/touren-peru\/machu-picchu-mit-dem-zug\/\" \/>\n<meta property=\"og:site_name\" content=\"Mundo Antiguo\" \/>\n<meta property=\"article:publisher\" content=\"http:\/\/www.facebook.com\/MundoAntiguoSpanishSchool\" \/>\n<meta property=\"article:modified_time\" content=\"2023-08-02T14:51:16+00:00\" \/>\n<meta property=\"og:image\" content=\"https:\/\/learnspanishinperu.net\/wp-content\/uploads\/2015\/10\/Machu-Picchu-5-300x225.jpg\" \/>\n<meta name=\"twitter:card\" content=\"summary_large_image\" \/>\n<meta name=\"twitter:site\" content=\"@MASpanishschool\" \/>\n<meta name=\"twitter:label1\" content=\"Gesch\u00e4tzte Lesezeit\" \/>\n\t<meta name=\"twitter:data1\" content=\"3 Minuten\" \/>\n<!-- \/ Yoast SEO plugin. -->","yoast_head_json":{"title":"Machu Picchu - Mundo Antiguo Cusco - Touren, Preise, Eintritt","description":"Machu Picchu, die ber\u00fchmteste arch\u00e4ologische St\u00e4tte Amerikas. Machu Picchu Preise, Eintritt und Busgeb\u00fchr, Tour mit dem Zug.","robots":{"index":"index","follow":"follow","max-snippet":"max-snippet:-1","max-image-preview":"max-image-preview:large","max-video-preview":"max-video-preview:-1"},"canonical":"https:\/\/learnspanishinperu.net\/de\/touren-peru\/machu-picchu-mit-dem-zug\/","og_locale":"de_DE","og_type":"article","og_title":"Machu Picchu - Mundo Antiguo Cusco - Touren, Preise, Eintritt","og_description":"Machu Picchu, die ber\u00fchmteste arch\u00e4ologische St\u00e4tte Amerikas. Machu Picchu Preise, Eintritt und Busgeb\u00fchr, Tour mit dem Zug.","og_url":"https:\/\/learnspanishinperu.net\/de\/touren-peru\/machu-picchu-mit-dem-zug\/","og_site_name":"Mundo Antiguo","article_publisher":"http:\/\/www.facebook.com\/MundoAntiguoSpanishSchool","article_modified_time":"2023-08-02T14:51:16+00:00","og_image":[{"url":"https:\/\/learnspanishinperu.net\/wp-content\/uploads\/2015\/10\/Machu-Picchu-5-300x225.jpg","type":"","width":"","height":""}],"twitter_card":"summary_large_image","twitter_site":"@MASpanishschool","twitter_misc":{"Gesch\u00e4tzte Lesezeit":"3 Minuten"},"schema":{"@context":"https:\/\/schema.org","@graph":[{"@type":"WebPage","@id":"https:\/\/learnspanishinperu.net\/de\/touren-peru\/machu-picchu-mit-dem-zug\/","url":"https:\/\/learnspanishinperu.net\/de\/touren-peru\/machu-picchu-mit-dem-zug\/","name":"Machu Picchu - Mundo Antiguo Cusco - Touren, Preise, Eintritt","isPartOf":{"@id":"https:\/\/learnspanishinperu.net\/#website"},"primaryImageOfPage":{"@id":"https:\/\/learnspanishinperu.net\/de\/touren-peru\/machu-picchu-mit-dem-zug\/#primaryimage"},"image":{"@id":"https:\/\/learnspanishinperu.net\/de\/touren-peru\/machu-picchu-mit-dem-zug\/#primaryimage"},"thumbnailUrl":"https:\/\/learnspanishinperu.net\/wp-content\/uploads\/2015\/10\/Machu-Picchu-5-300x225.jpg","datePublished":"2020-10-17T15:29:32+00:00","dateModified":"2023-08-02T14:51:16+00:00","description":"Machu Picchu, die ber\u00fchmteste arch\u00e4ologische St\u00e4tte Amerikas. Machu Picchu Preise, Eintritt und Busgeb\u00fchr, Tour mit dem Zug.","breadcrumb":{"@id":"https:\/\/learnspanishinperu.net\/de\/touren-peru\/machu-picchu-mit-dem-zug\/#breadcrumb"},"inLanguage":"de-DE","potentialAction":[{"@type":"ReadAction","target":["https:\/\/learnspanishinperu.net\/de\/touren-peru\/machu-picchu-mit-dem-zug\/"]}]},{"@type":"ImageObject","inLanguage":"de-DE","@id":"https:\/\/learnspanishinperu.net\/de\/touren-peru\/machu-picchu-mit-dem-zug\/#primaryimage","url":"https:\/\/learnspanishinperu.net\/wp-content\/uploads\/2015\/10\/Machu-Picchu-5-300x225.jpg","contentUrl":"https:\/\/learnspanishinperu.net\/wp-content\/uploads\/2015\/10\/Machu-Picchu-5-300x225.jpg"},{"@type":"BreadcrumbList","@id":"https:\/\/learnspanishinperu.net\/de\/touren-peru\/machu-picchu-mit-dem-zug\/#breadcrumb","itemListElement":[{"@type":"ListItem","position":1,"name":"Home","item":"https:\/\/learnspanishinperu.net\/de\/"},{"@type":"ListItem","position":2,"name":"Touren in Peru","item":"https:\/\/learnspanishinperu.net\/de\/touren-peru\/"},{"@type":"ListItem","position":3,"name":"Machu Picchu mit dem Zug"}]},{"@type":"WebSite","@id":"https:\/\/learnspanishinperu.net\/#website","url":"https:\/\/learnspanishinperu.net\/","name":"Mundo Antiguo","description":"Spanish school Cusco","publisher":{"@id":"https:\/\/learnspanishinperu.net\/#organization"},"potentialAction":[{"@type":"SearchAction","target":{"@type":"EntryPoint","urlTemplate":"https:\/\/learnspanishinperu.net\/?s={search_term_string}"},"query-input":{"@type":"PropertyValueSpecification","valueRequired":true,"valueName":"search_term_string"}}],"inLanguage":"de-DE"},{"@type":"Organization","@id":"https:\/\/learnspanishinperu.net\/#organization","name":"Mundo Antiguo","url":"https:\/\/learnspanishinperu.net\/","logo":{"@type":"ImageObject","inLanguage":"de-DE","@id":"https:\/\/learnspanishinperu.net\/#\/schema\/logo\/image\/","url":"https:\/\/learnspanishinperu.net\/wp-content\/uploads\/2016\/04\/logo-Spanish-school-Cusco-Peru-e1547820355169.jpg","contentUrl":"https:\/\/learnspanishinperu.net\/wp-content\/uploads\/2016\/04\/logo-Spanish-school-Cusco-Peru-e1547820355169.jpg","width":100,"height":83,"caption":"Mundo Antiguo"},"image":{"@id":"https:\/\/learnspanishinperu.net\/#\/schema\/logo\/image\/"},"sameAs":["http:\/\/www.facebook.com\/MundoAntiguoSpanishSchool","https:\/\/x.com\/MASpanishschool","https:\/\/www.instagram.com\/mundoantiguo_spanishschool\/","https:\/\/www.linkedin.com\/company\/mundo-antiguo-spanish-school","http:\/\/www.pinterest.com\/mundoantiguo\/"]}]}},"_links":{"self":[{"href":"https:\/\/learnspanishinperu.net\/de\/wp-json\/wp\/v2\/pages\/18045","targetHints":{"allow":["GET"]}}],"collection":[{"href":"https:\/\/learnspanishinperu.net\/de\/wp-json\/wp\/v2\/pages"}],"about":[{"href":"https:\/\/learnspanishinperu.net\/de\/wp-json\/wp\/v2\/types\/page"}],"author":[{"embeddable":true,"href":"https:\/\/learnspanishinperu.net\/de\/wp-json\/wp\/v2\/users\/1"}],"replies":[{"embeddable":true,"href":"https:\/\/learnspanishinperu.net\/de\/wp-json\/wp\/v2\/comments?post=18045"}],"version-history":[{"count":14,"href":"https:\/\/learnspanishinperu.net\/de\/wp-json\/wp\/v2\/pages\/18045\/revisions"}],"predecessor-version":[{"id":44696,"href":"https:\/\/learnspanishinperu.net\/de\/wp-json\/wp\/v2\/pages\/18045\/revisions\/44696"}],"up":[{"embeddable":true,"href":"https:\/\/learnspanishinperu.net\/de\/wp-json\/wp\/v2\/pages\/17550"}],"wp:attachment":[{"href":"https:\/\/learnspanishinperu.net\/de\/wp-json\/wp\/v2\/media?parent=18045"}],"curies":[{"name":"wp","href":"https:\/\/api.w.org\/{rel}","templated":true}]}}