{"id":18036,"date":"2020-10-17T10:06:06","date_gmt":"2020-10-17T15:06:06","guid":{"rendered":"https:\/\/learnspanishinperu.net\/touren-peru\/titicacasee\/"},"modified":"2024-12-10T10:29:57","modified_gmt":"2024-12-10T15:29:57","slug":"titicacasee","status":"publish","type":"page","link":"https:\/\/learnspanishinperu.net\/de\/touren-peru\/titicacasee\/","title":{"rendered":"Titicacasee"},"content":{"rendered":"\n<div class=\"wp-block-group\"><div class=\"wp-block-group__inner-container is-layout-flow wp-block-group-is-layout-flow\">\n<div class=\"wp-block-cover alignfull is-light has-parallax mt-0\" style=\"min-height:460px;aspect-ratio:unset;\"><span aria-hidden=\"true\" class=\"wp-block-cover__background has-background-dim-10 has-background-dim\"><\/span><div class=\"wp-block-cover__image-background wp-image-17932 has-parallax lazyload\" style=\"background-position:50% 50%;background-image:inherit\" data-bg-image=\"url(https:\/\/learnspanishinperu.net\/wp-content\/uploads\/2020\/10\/Titicaca.jpg)\"><\/div><div class=\"wp-block-cover__inner-container is-layout-flow wp-block-cover-is-layout-flow\">\n<h1 class=\"wp-block-heading has-text-align-center has-white-color has-text-color\" style=\"font-size:60px\"><mark style=\"background-color:rgba(0, 0, 0, 0)\" class=\"has-inline-color has-white-color\">Titicacasee<\/mark><\/h1>\n\n\n\n<p class=\"has-text-align-center has-white-color has-text-color has-5-xl-font-size\"><em>Inseln Uros, Amantani und Taquile<\/em><\/p>\n<\/div><\/div>\n\n\n\n<div style=\"height:70px\" aria-hidden=\"true\" class=\"wp-block-spacer\"><\/div>\n\n\n\n<div class=\"wp-block-group has-background\" style=\"background-color:#e7e7e7\"><div class=\"wp-block-group__inner-container is-layout-flow wp-block-group-is-layout-flow\">\n<h2 class=\"wp-block-heading has-text-align-center\" id=\"titicacasee-peru\">Titicacasee Peru<\/h2>\n\n\n<div class=\"wp-block-image is-style-bottom-wave\">\n<figure class=\"alignright\"><img decoding=\"async\" data-src=\"https:\/\/learnspanishinperu.net\/wp-content\/uploads\/2015\/11\/Lake-Titicaca.jpg\" alt=\"Titicacasee Peru\" class=\"wp-image-2676 lazyload\" title=\"Lake Titicaca Peru\" src=\"data:image\/svg+xml;base64,PHN2ZyB3aWR0aD0iMSIgaGVpZ2h0PSIxIiB4bWxucz0iaHR0cDovL3d3dy53My5vcmcvMjAwMC9zdmciPjwvc3ZnPg==\" style=\"--smush-placeholder-width: 220px; --smush-placeholder-aspect-ratio: 220\/120;\" \/><\/figure>\n<\/div>\n\n\n<p>Der Titicacasee ist ein wundersch\u00f6ner See <strong>an der Grenze zwischen Peru und Bolivien<\/strong>. Titicaca ist die Wiege alter Kulturen wie Tiwanaku. Tiwanakus wichtigste gleichnamige Stadt lag etwas jenseits der Grenze zu Bolivien. Die Legende besagt, dass der erste Inka, Manco Capac, Sohn der Sonne, und seine Schwesterfrau vom Titicacasee aufgestiegen sind, um das Inka-Reich zu gr\u00fcnden. Dieses Inka-Reich entwickelte sich zur gr\u00f6\u00dften vorkolumbianischen Kultur S\u00fcdamerikas.<\/p>\n\n\n\n<p>Es ist auch der Ort, an dem viele Traditionen wie nirgendwo sonst \u00fcberlebt haben. Quechua und Aymara sind immer noch die ersten Sprachen in vielen Gemeinden der Region. Und mit etwas Gl\u00fcck erleben Sie eines der vielen Feste mit traditioneller Musik und T\u00e4nzen wie in Puno.<\/p>\n\n\n\n<p>Noch fotogener als diese Festlichkeiten sind die Landschaften am Titicacasee. An den meisten Tagen kann man am sp\u00e4ten Nachmittag ein fast \u00fcbernat\u00fcrliches Licht finden. Und dann f\u00fcgen Sie die ruhigen Inseln und die wei\u00dfen Berggipfel weiter weg hinzu. Es ist eine wahre Freude, ein paar Tage am Titicacasee zu bleiben!<\/p>\n<\/div><\/div>\n\n\n\n<div style=\"height:40px\" aria-hidden=\"true\" class=\"wp-block-spacer\"><\/div>\n\n\n\n<blockquote class=\"wp-block-quote is-style-large is-style-plain has-2-xl-font-size is-layout-flow wp-block-quote-is-layout-flow\" style=\"font-style:normal;font-weight:400\">\n<p>Inseln Uros, Amantani und Taquile<\/p>\n<cite>Die Inseln Amantani und Taquile liegen etwa <strong>4 Stunden mit dem Boot<\/strong> von Puno entfernt. Die Bewohner dieser Inseln leben immer noch auf traditionelle Weise, ohne motorisierten Transport oder Strom. Es ist m\u00f6glich, <strong>eine Nacht<\/strong> in einer Gastfamilie zu verbringen, einschlie\u00dflich einer traditionellen Mahlzeit in der K\u00fcche mit Lehmofen. Empfohlen f\u00fcr alle, die etwas ganz anderes erleben m\u00f6chten als zu Hause!<br \/>Plus: wundersch\u00f6ne Wanderungen, ein fantastischer Sonnenuntergang und ebenso atemberaubende Landschaften.<\/cite><\/blockquote>\n\n\n\n<div style=\"height:30px\" aria-hidden=\"true\" class=\"wp-block-spacer\"><\/div>\n\n\n\n<div class=\"wp-block-group has-background\" style=\"background-color:#e7e7e7\"><div class=\"wp-block-group__inner-container is-layout-flow wp-block-group-is-layout-flow\">\n<h2 class=\"wp-block-heading has-text-align-center\" id=\"die-2-tagige-titicacasee-tour\">Die 2-t\u00e4gige Titicacasee-Tour<\/h2>\n\n\n<div class=\"wp-block-image is-style-bottom-wave\">\n<figure class=\"alignright\"><img decoding=\"async\" width=\"300\" height=\"225\" data-src=\"https:\/\/learnspanishinperu.net\/wp-content\/uploads\/2015\/11\/Lake-Titicaca-2-300x225.jpg\" alt=\" Schwimmende Inseln des Titicacasees\" class=\"wp-image-3072 lazyload\" title=\"Lake Titicaca floating islands\" src=\"data:image\/svg+xml;base64,PHN2ZyB3aWR0aD0iMSIgaGVpZ2h0PSIxIiB4bWxucz0iaHR0cDovL3d3dy53My5vcmcvMjAwMC9zdmciPjwvc3ZnPg==\" style=\"--smush-placeholder-width: 300px; --smush-placeholder-aspect-ratio: 300\/225;\" \/><\/figure>\n<\/div>\n\n\n<p>Wir holen Sie von Ihrem Hotel in Puno ab und bringen Sie zu den Docks. Von hier aus fahren Sie mit dem <strong>Boot<\/strong> zu den <strong>schwimmenden Inseln<\/strong> von Uros. Von dort fahren wir nach <strong>Amantani<\/strong>, wo wir in einer traditionellen Gastfamilie \u00fcbernachten. Die Leute w\u00fcrden es sch\u00e4tzen, wenn Sie etwas Obst oder Gem\u00fcse mitbringen, w\u00e4hrend diese auf den Inseln selten sind. Am n\u00e4chsten Morgen fahren wir in ca. 1 Stunde zur nahe gelegenen Insel <strong>Taquile<\/strong>. Taquile ist ber\u00fchmt f\u00fcr seine traditionelle Textilkultur. Mann l\u00e4uft mit Stricknadeln herum und Frauen weben bunte Kleidung. Diese Kleidung zeigt den sozialen Status des Besitzers an. Nach einer <strong>sch\u00f6nen Wanderung<\/strong> und einem Mittagessen fahren wir in ca. 4 Stunden zur\u00fcck nach <strong>Puno<\/strong>. Wir kommen dort am Nachmittag an.<\/p>\n\n\n\n<p><em>Tipp: Versuchen Sie, die majest\u00e4tische St\u00e4tte Sillustani in der N\u00e4he von Puno zu besuchen!<\/em><\/p>\n<\/div><\/div>\n\n\n\n<div style=\"height:40px\" aria-hidden=\"true\" class=\"wp-block-spacer\"><\/div>\n\n\n\n<blockquote class=\"wp-block-quote is-style-large is-style-plain has-2-xl-font-size is-layout-flow wp-block-quote-is-layout-flow\" style=\"font-style:normal;font-weight:400\">\n<p>Lake Titicaca tour<\/p>\n<cite>Wir bieten eine Tour mit folgenden Leistungen an: 2 Tage Titicacasee, inklusive Transport, Eing\u00e4nge, Familienaufenthalt und Mittagessen, Abendessen und Fr\u00fchst\u00fcck auf Amantani. Optional ist auch ein Mittagessen auf Taquile enthalten. Bei uns k\u00f6nnen Sie auch einen Luxusbus Cusco &#8211; Puno &#8211; Cusco buchen. Und Sie k\u00f6nnen 1 oder 2 N\u00e4chte in einem Hotel in Puno einschlie\u00dfen.<br \/><br \/>Verpassen Sie nicht die Gelegenheit, bei unseren Touren auf dem <strong>Titicacasee in einer peruanischen Gastfamilie zu wohnen<\/strong>! <br \/><br \/>Die Preise der Touren variieren aufgrund wechselnder Vorschriften, fehlender Verf\u00fcgbarkeit oder \u00e4ndernder Eintrittsgeb\u00fchren oder Genehmigungen. Und wir wollen keine Versprechen machen, die wir nicht behalten k\u00f6nnen. Deshalb ist es schwierig, unsere Preise zu ver\u00f6ffentlichen, obwohl wir uns freuen w\u00fcrden, unsere Preise sind sehr konkurrenzf\u00e4hig. Bitte kontaktieren Sie uns, um ein Preisangebot anzufordern, und Sie werden das selbst herausfinden!<\/cite><\/blockquote>\n\n\n\n<div style=\"height:10px\" aria-hidden=\"true\" class=\"wp-block-spacer\"><\/div>\n\n\n\n<div class=\"wp-block-buttons is-horizontal is-content-justification-center is-layout-flex wp-container-core-buttons-is-layout-499968f5 wp-block-buttons-is-layout-flex\">\n<div class=\"wp-block-button\"><a class=\"wp-block-button__link has-background wp-element-button\" href=\"https:\/\/learnspanishinperu.net\/de\/kontakt\/\" style=\"background-color:#008000\">Fordern Sie ein Angebot an!<\/a><\/div>\n\n\n\n<div class=\"wp-block-button\"><a class=\"wp-block-button__link has-background wp-element-button\" href=\"https:\/\/learnspanishinperu.net\/de\/touren-peru\/wanderungen-nach-machu-picchu\/\" style=\"background-color:#ffa500\">4 Wanderungen nach Machu Picchu<\/a><\/div>\n\n\n\n<div class=\"wp-block-button\"><a class=\"wp-block-button__link has-background wp-element-button\" href=\"https:\/\/learnspanishinperu.net\/de\/touren-peru\/colca-canyon\/\" style=\"background-color:#0000ff\">Colca Canyon &amp; Arequipa<\/a><\/div>\n\n\n\n<div class=\"wp-block-button\"><a class=\"wp-block-button__link has-background wp-element-button\" href=\"https:\/\/learnspanishinperu.net\/de\/touren-peru\/amazonas-regenwald\/\" style=\"background-color:#a52a2a\">Amazonas-Regenwaldtouren<\/a><\/div>\n<\/div>\n<\/div><\/div>\n\n\n\n<div style=\"height:30px\" aria-hidden=\"true\" class=\"wp-block-spacer\"><\/div>\n\n\n\n<p><\/p>\n","protected":false},"excerpt":{"rendered":"<p>Titicacasee Peru Der Titicacasee ist ein wundersch\u00f6ner See an der Grenze zwischen Peru und Bolivien. Titicaca ist die Wiege alter Kulturen wie Tiwanaku. Tiwanakus wichtigste gleichnamige Stadt lag etwas jenseits der Grenze zu Bolivien. Die Legende besagt, dass der erste Inka, Manco Capac, Sohn der Sonne, und seine Schwesterfrau vom Titicacasee aufgestiegen sind, um das&hellip;<\/p>\n<p class=\"more\"><a class=\"more-link\" href=\"https:\/\/learnspanishinperu.net\/de\/touren-peru\/titicacasee\/\">Continue reading <span class=\"screen-reader-text\">Titicacasee<\/span><\/a><\/p>\n","protected":false},"author":1,"featured_media":0,"parent":17550,"menu_order":0,"comment_status":"closed","ping_status":"closed","template":"page-templates\/wide.php","meta":{"_coblocks_attr":"","_coblocks_dimensions":"","_coblocks_responsive_height":"","_coblocks_accordion_ie_support":"","footnotes":""},"class_list":["post-18036","page","type-page","status-publish","hentry","entry"],"yoast_head":"<!-- This site is optimized with the Yoast SEO plugin v27.5 - https:\/\/yoast.com\/product\/yoast-seo-wordpress\/ -->\n<title>Titicacasee - Tour zum Titicacasee - Mundo Antiguo Peru<\/title>\n<meta name=\"description\" content=\"Titicacasee: fast \u00fcbernat\u00fcrliches Licht am sp\u00e4ten Nachmittag, ruhige Inseln und wei\u00dfe Berggipfel weiter entfernt. Der sch\u00f6ne Titicacasee!\" \/>\n<meta name=\"robots\" content=\"index, follow, max-snippet:-1, max-image-preview:large, max-video-preview:-1\" \/>\n<link rel=\"canonical\" href=\"https:\/\/learnspanishinperu.net\/de\/touren-peru\/titicacasee\/\" \/>\n<meta property=\"og:locale\" content=\"de_DE\" \/>\n<meta property=\"og:type\" content=\"article\" \/>\n<meta property=\"og:title\" content=\"Titicacasee - Tour zum Titicacasee - Mundo Antiguo Peru\" \/>\n<meta property=\"og:description\" content=\"Titicacasee: fast \u00fcbernat\u00fcrliches Licht am sp\u00e4ten Nachmittag, ruhige Inseln und wei\u00dfe Berggipfel weiter entfernt. Der sch\u00f6ne Titicacasee!\" \/>\n<meta property=\"og:url\" content=\"https:\/\/learnspanishinperu.net\/de\/touren-peru\/titicacasee\/\" \/>\n<meta property=\"og:site_name\" content=\"Mundo Antiguo\" \/>\n<meta property=\"article:publisher\" content=\"http:\/\/www.facebook.com\/MundoAntiguoSpanishSchool\" \/>\n<meta property=\"article:modified_time\" content=\"2024-12-10T15:29:57+00:00\" \/>\n<meta property=\"og:image\" content=\"https:\/\/learnspanishinperu.net\/wp-content\/uploads\/2015\/11\/Lake-Titicaca.jpg\" \/>\n<meta name=\"twitter:card\" content=\"summary_large_image\" \/>\n<meta name=\"twitter:site\" content=\"@MASpanishschool\" \/>\n<meta name=\"twitter:label1\" content=\"Gesch\u00e4tzte Lesezeit\" \/>\n\t<meta name=\"twitter:data1\" content=\"2 Minuten\" \/>\n<!-- \/ Yoast SEO plugin. -->","yoast_head_json":{"title":"Titicacasee - Tour zum Titicacasee - Mundo Antiguo Peru","description":"Titicacasee: fast \u00fcbernat\u00fcrliches Licht am sp\u00e4ten Nachmittag, ruhige Inseln und wei\u00dfe Berggipfel weiter entfernt. Der sch\u00f6ne Titicacasee!","robots":{"index":"index","follow":"follow","max-snippet":"max-snippet:-1","max-image-preview":"max-image-preview:large","max-video-preview":"max-video-preview:-1"},"canonical":"https:\/\/learnspanishinperu.net\/de\/touren-peru\/titicacasee\/","og_locale":"de_DE","og_type":"article","og_title":"Titicacasee - Tour zum Titicacasee - Mundo Antiguo Peru","og_description":"Titicacasee: fast \u00fcbernat\u00fcrliches Licht am sp\u00e4ten Nachmittag, ruhige Inseln und wei\u00dfe Berggipfel weiter entfernt. Der sch\u00f6ne Titicacasee!","og_url":"https:\/\/learnspanishinperu.net\/de\/touren-peru\/titicacasee\/","og_site_name":"Mundo Antiguo","article_publisher":"http:\/\/www.facebook.com\/MundoAntiguoSpanishSchool","article_modified_time":"2024-12-10T15:29:57+00:00","og_image":[{"url":"https:\/\/learnspanishinperu.net\/wp-content\/uploads\/2015\/11\/Lake-Titicaca.jpg","type":"","width":"","height":""}],"twitter_card":"summary_large_image","twitter_site":"@MASpanishschool","twitter_misc":{"Gesch\u00e4tzte Lesezeit":"2 Minuten"},"schema":{"@context":"https:\/\/schema.org","@graph":[{"@type":"WebPage","@id":"https:\/\/learnspanishinperu.net\/de\/touren-peru\/titicacasee\/","url":"https:\/\/learnspanishinperu.net\/de\/touren-peru\/titicacasee\/","name":"Titicacasee - Tour zum Titicacasee - Mundo Antiguo Peru","isPartOf":{"@id":"https:\/\/learnspanishinperu.net\/#website"},"primaryImageOfPage":{"@id":"https:\/\/learnspanishinperu.net\/de\/touren-peru\/titicacasee\/#primaryimage"},"image":{"@id":"https:\/\/learnspanishinperu.net\/de\/touren-peru\/titicacasee\/#primaryimage"},"thumbnailUrl":"https:\/\/learnspanishinperu.net\/wp-content\/uploads\/2015\/11\/Lake-Titicaca.jpg","datePublished":"2020-10-17T15:06:06+00:00","dateModified":"2024-12-10T15:29:57+00:00","description":"Titicacasee: fast \u00fcbernat\u00fcrliches Licht am sp\u00e4ten Nachmittag, ruhige Inseln und wei\u00dfe Berggipfel weiter entfernt. Der sch\u00f6ne Titicacasee!","breadcrumb":{"@id":"https:\/\/learnspanishinperu.net\/de\/touren-peru\/titicacasee\/#breadcrumb"},"inLanguage":"de-DE","potentialAction":[{"@type":"ReadAction","target":["https:\/\/learnspanishinperu.net\/de\/touren-peru\/titicacasee\/"]}]},{"@type":"ImageObject","inLanguage":"de-DE","@id":"https:\/\/learnspanishinperu.net\/de\/touren-peru\/titicacasee\/#primaryimage","url":"https:\/\/learnspanishinperu.net\/wp-content\/uploads\/2015\/11\/Lake-Titicaca.jpg","contentUrl":"https:\/\/learnspanishinperu.net\/wp-content\/uploads\/2015\/11\/Lake-Titicaca.jpg"},{"@type":"BreadcrumbList","@id":"https:\/\/learnspanishinperu.net\/de\/touren-peru\/titicacasee\/#breadcrumb","itemListElement":[{"@type":"ListItem","position":1,"name":"Home","item":"https:\/\/learnspanishinperu.net\/de\/"},{"@type":"ListItem","position":2,"name":"Touren in Peru","item":"https:\/\/learnspanishinperu.net\/de\/touren-peru\/"},{"@type":"ListItem","position":3,"name":"Titicacasee"}]},{"@type":"WebSite","@id":"https:\/\/learnspanishinperu.net\/#website","url":"https:\/\/learnspanishinperu.net\/","name":"Mundo Antiguo","description":"Spanish school Cusco","publisher":{"@id":"https:\/\/learnspanishinperu.net\/#organization"},"potentialAction":[{"@type":"SearchAction","target":{"@type":"EntryPoint","urlTemplate":"https:\/\/learnspanishinperu.net\/?s={search_term_string}"},"query-input":{"@type":"PropertyValueSpecification","valueRequired":true,"valueName":"search_term_string"}}],"inLanguage":"de-DE"},{"@type":"Organization","@id":"https:\/\/learnspanishinperu.net\/#organization","name":"Mundo Antiguo","url":"https:\/\/learnspanishinperu.net\/","logo":{"@type":"ImageObject","inLanguage":"de-DE","@id":"https:\/\/learnspanishinperu.net\/#\/schema\/logo\/image\/","url":"https:\/\/learnspanishinperu.net\/wp-content\/uploads\/2016\/04\/logo-Spanish-school-Cusco-Peru-e1547820355169.jpg","contentUrl":"https:\/\/learnspanishinperu.net\/wp-content\/uploads\/2016\/04\/logo-Spanish-school-Cusco-Peru-e1547820355169.jpg","width":100,"height":83,"caption":"Mundo Antiguo"},"image":{"@id":"https:\/\/learnspanishinperu.net\/#\/schema\/logo\/image\/"},"sameAs":["http:\/\/www.facebook.com\/MundoAntiguoSpanishSchool","https:\/\/x.com\/MASpanishschool","https:\/\/www.instagram.com\/mundoantiguo_spanishschool\/","https:\/\/www.linkedin.com\/company\/mundo-antiguo-spanish-school","http:\/\/www.pinterest.com\/mundoantiguo\/"]}]}},"_links":{"self":[{"href":"https:\/\/learnspanishinperu.net\/de\/wp-json\/wp\/v2\/pages\/18036","targetHints":{"allow":["GET"]}}],"collection":[{"href":"https:\/\/learnspanishinperu.net\/de\/wp-json\/wp\/v2\/pages"}],"about":[{"href":"https:\/\/learnspanishinperu.net\/de\/wp-json\/wp\/v2\/types\/page"}],"author":[{"embeddable":true,"href":"https:\/\/learnspanishinperu.net\/de\/wp-json\/wp\/v2\/users\/1"}],"replies":[{"embeddable":true,"href":"https:\/\/learnspanishinperu.net\/de\/wp-json\/wp\/v2\/comments?post=18036"}],"version-history":[{"count":14,"href":"https:\/\/learnspanishinperu.net\/de\/wp-json\/wp\/v2\/pages\/18036\/revisions"}],"predecessor-version":[{"id":48082,"href":"https:\/\/learnspanishinperu.net\/de\/wp-json\/wp\/v2\/pages\/18036\/revisions\/48082"}],"up":[{"embeddable":true,"href":"https:\/\/learnspanishinperu.net\/de\/wp-json\/wp\/v2\/pages\/17550"}],"wp:attachment":[{"href":"https:\/\/learnspanishinperu.net\/de\/wp-json\/wp\/v2\/media?parent=18036"}],"curies":[{"name":"wp","href":"https:\/\/api.w.org\/{rel}","templated":true}]}}