{"id":18019,"date":"2020-10-16T15:05:51","date_gmt":"2020-10-16T20:05:51","guid":{"rendered":"https:\/\/learnspanishinperu.net\/touren-peru\/amazonas-regenwald\/tambopata\/"},"modified":"2024-12-10T10:27:56","modified_gmt":"2024-12-10T15:27:56","slug":"tambopata","status":"publish","type":"page","link":"https:\/\/learnspanishinperu.net\/de\/touren-peru\/amazonas-regenwald\/tambopata\/","title":{"rendered":"Tambopata"},"content":{"rendered":"\n<div class=\"wp-block-group\"><div class=\"wp-block-group__inner-container is-layout-flow wp-block-group-is-layout-flow\">\n<div class=\"wp-block-cover alignfull is-light has-parallax mt-0\" style=\"min-height:459px;aspect-ratio:unset;\"><span aria-hidden=\"true\" class=\"wp-block-cover__background has-background-dim-10 has-background-dim\"><\/span><div class=\"wp-block-cover__image-background wp-image-17895 has-parallax lazyload\" style=\"background-position:50% 50%;background-image:inherit\" data-bg-image=\"url(https:\/\/learnspanishinperu.net\/wp-content\/uploads\/2020\/10\/peru-amazon-rainforest.jpg)\"><\/div><div class=\"wp-block-cover__inner-container is-layout-flow wp-block-cover-is-layout-flow\">\n<h1 class=\"wp-block-heading has-text-align-center has-white-color has-text-color\" id=\"tambopata\" style=\"font-size:60px\"><mark style=\"background-color:rgba(0, 0, 0, 0)\" class=\"has-inline-color has-white-color\">Tambopata<\/mark><\/h1>\n\n\n\n<p class=\"has-text-align-center has-white-color has-text-color has-5-xl-font-size\"><em>Tour durch das Tambopata<\/em>-Nationalreservat<\/p>\n<\/div><\/div>\n\n\n\n<div style=\"height:10px\" aria-hidden=\"true\" class=\"wp-block-spacer\"><\/div>\n\n\n\n<blockquote class=\"wp-block-quote is-style-large is-style-plain has-2-xl-font-size is-layout-flow wp-block-quote-is-layout-flow\" style=\"font-style:normal;font-weight:400\">\n<p>Tambopata<\/p>\n<cite>Tambopata ist eine der Provinzen der Abteilung von <strong>Madre de Dios<\/strong> (auch &#8220;Mutter Gottes&#8221; genannt, ein Synonym f\u00fcr die Jungfrau Maria).<br \/><br \/>Sie fliegen <strong>von Cusco nach Puerto Maldonado<\/strong>, der Hauptstadt der Region. Puerto Maldonado liegt im Osten Perus und nur 55 Kilometer von der Grenze zu Bolivien entfernt. Es ist auch nicht zu weit von Brasilien entfernt. <strong>Tambopata ist vielleicht nicht so ber\u00fchmt wie Manu. Trotzdem gibt es mehr als 10.000 Pflanzenarten, 600 verschiedene V\u00f6gel, 200 S\u00e4ugetiere und Tausende von Insektenarten. Dar\u00fcber hinaus befindet sich Tambopata in der N\u00e4he des Tambopata Research Center<\/strong>, eines unserer Ziele, einschlie\u00dflich des gr\u00f6\u00dften Papageientonlecks der Welt. Ein Ort, an den sogar die Filmemacher von National Geographic gehen!<\/cite><\/blockquote>\n\n\n\n<div style=\"height:10px\" aria-hidden=\"true\" class=\"wp-block-spacer\"><\/div>\n\n\n<div class=\"wp-block-image\">\n<figure class=\"aligncenter\"><img decoding=\"async\" width=\"576\" height=\"108\" data-src=\"https:\/\/learnspanishinperu.net\/wp-content\/uploads\/2015\/11\/amazone-regenwoud.jpg\" alt=\"Amazonas Tambopata\" class=\"wp-image-3159 lazyload\" title=\"Amazon Tambopata\" data-srcset=\"https:\/\/learnspanishinperu.net\/wp-content\/uploads\/2015\/11\/amazone-regenwoud.jpg 576w, https:\/\/learnspanishinperu.net\/wp-content\/uploads\/2015\/11\/amazone-regenwoud-300x56.jpg 300w, https:\/\/learnspanishinperu.net\/wp-content\/uploads\/2015\/11\/amazone-regenwoud-420x79.jpg 420w\" data-sizes=\"(max-width: 576px) 100vw, 576px\" src=\"data:image\/svg+xml;base64,PHN2ZyB3aWR0aD0iMSIgaGVpZ2h0PSIxIiB4bWxucz0iaHR0cDovL3d3dy53My5vcmcvMjAwMC9zdmciPjwvc3ZnPg==\" style=\"--smush-placeholder-width: 576px; --smush-placeholder-aspect-ratio: 576\/108;\" \/><\/figure>\n<\/div>\n\n\n<div style=\"height:30px\" aria-hidden=\"true\" class=\"wp-block-spacer\"><\/div>\n\n\n\n<div class=\"wp-block-group has-background\" style=\"background-color:#e7e7e7\"><div class=\"wp-block-group__inner-container is-layout-flow wp-block-group-is-layout-flow\">\n<h3 class=\"wp-block-heading has-text-align-center\" id=\"tambopata-national-reserve-touren\">Tambopata Amazon lodge<\/h3>\n\n\n\n<p>Die Tambopata Amazon Lodge verf\u00fcgt \u00fcber 27 komfortable Holzbungalows. Jeder Bungalow ist in Einzel-, Doppel- oder Dreibettzimmer unterteilt. Es bietet auch zwei Bungalows mit vier Zimmern zur Doppel- oder Einzelbelegung und en-suite Badezimmern mit separaten Eing\u00e4ngen und Terrassen mit H\u00e4ngematten. Die Lodge ist einer der Favoriten in der Gegend.<\/p>\n\n\n\n<p>Die Touren im Amazonas bieten ein einzigartiges Erlebnis. Sie machen eine Cayman-Safari und besuchen den faszinierenden Sandoval Lake. Sie haben auch die M\u00f6glichkeit, eine indigene Familie der Machiguenga-Indianer zu besuchen. Sie werden nicht nur den wundersch\u00f6nen peruanischen Dschungel genie\u00dfen, sondern wir geben Ihnen auch gen\u00fcgend Zeit, um sich in perfekter Atmosph\u00e4re bei k\u00f6stlichen Speisen und Getr\u00e4nken zu entspannen.<\/p>\n<\/div><\/div>\n\n\n\n<div style=\"height:70px\" aria-hidden=\"true\" class=\"wp-block-spacer\"><\/div>\n\n\n\n<div class=\"wp-block-group has-background\" style=\"background-color:#e7e7e7\"><div class=\"wp-block-group__inner-container is-layout-flow wp-block-group-is-layout-flow\">\n<h3 class=\"wp-block-heading has-text-align-left has-text-color\" id=\"inotawa\" style=\"color:#ffa500\">Tag 1<\/h3>\n\n\n\n<p class=\"has-text-align-left\">Empfang am Flughafen mit Transfer zum B\u00fcro, das sich im Zentrum von Puerto Maldonado befindet. Alle Gep\u00e4ckst\u00fccke, die Sie w\u00e4hrend Ihres Aufenthalts im Regenwald nicht ben\u00f6tigen, k\u00f6nnen sicher im Gep\u00e4ckraum aufbewahrt werden, um den Transport mit dem Boot zur Lodge zu erleichtern. Wir besteigen das Boot, um in ungef\u00e4hr 40 Minuten \u00fcber den Fluss zur Lodge zu fahren. Nach Ihrer Ankunft in der Lodge Corto Maltes Amazon\u00eda werden Sie mit Erfrischungen aus saisonalen Fr\u00fcchten begr\u00fc\u00dft. Sp\u00e4ter gibt Ihnen Ihr Reiseleiter die notwendigen Informationen f\u00fcr Ihren Aufenthalt und die Schl\u00fcssel zu Ihrem Bungalow, gefolgt von Mittagessen und etwas Ruhe bis zum ersten Ausflug.<\/p>\n\n\n\n<figure class=\"wp-block-image size-full\"><a href=\"https:\/\/learnspanishinperu.net\/wp-content\/uploads\/2023\/03\/amazone-peru-manu.jpg\"><img decoding=\"async\" width=\"1000\" height=\"561\" data-src=\"https:\/\/learnspanishinperu.net\/wp-content\/uploads\/2023\/03\/amazone-peru-manu.jpg\" alt=\"\" class=\"wp-image-43657 lazyload\" data-srcset=\"https:\/\/learnspanishinperu.net\/wp-content\/uploads\/2023\/03\/amazone-peru-manu.jpg 1000w, https:\/\/learnspanishinperu.net\/wp-content\/uploads\/2023\/03\/amazone-peru-manu-300x168.jpg 300w, https:\/\/learnspanishinperu.net\/wp-content\/uploads\/2023\/03\/amazone-peru-manu-768x431.jpg 768w, https:\/\/learnspanishinperu.net\/wp-content\/uploads\/2023\/03\/amazone-peru-manu-373x210.jpg 373w, https:\/\/learnspanishinperu.net\/wp-content\/uploads\/2023\/03\/amazone-peru-manu-600x337.jpg 600w\" data-sizes=\"(max-width: 1000px) 100vw, 1000px\" src=\"data:image\/svg+xml;base64,PHN2ZyB3aWR0aD0iMSIgaGVpZ2h0PSIxIiB4bWxucz0iaHR0cDovL3d3dy53My5vcmcvMjAwMC9zdmciPjwvc3ZnPg==\" style=\"--smush-placeholder-width: 1000px; --smush-placeholder-aspect-ratio: 1000\/561;\" \/><\/a><\/figure>\n\n\n\n<p class=\"has-text-align-left\">Am Nachmittag haben Sie Ihren ersten Kontakt mit dem Dschungel. Sie werden von Ihrem Reiseleiter begleitet, der Ihnen die tropischen B\u00e4ume, Heilpflanzen und andere Aspekte der \u00fcppigen Natur zeigt. Die Zeit f\u00fcr dieses Trekking betr\u00e4gt etwa 2 Stunden. Zur\u00fcck in der Lodge k\u00f6nnen Sie am Pool oder in den H\u00e4ngematten auf der Terrasse Ihres Bungalows entspannen. Sie k\u00f6nnen einen exotischen Cocktail an der Bar schl\u00fcrfen, eine entspannende Massage vom qualifizierten Personal genie\u00dfen, im Gesch\u00e4ft nach einem handgefertigten Souvenir aus dem Regenwald suchen oder zum Fluss gehen, um den atemberaubenden Sonnenuntergang zu beobachten. Dann \u2026 Kaiman-Safari! Machen Sie vor dem Abendessen eine n\u00e4chtliche Bootsfahrt, um Kaimane und mit etwas Gl\u00fcck andere Tiere zu beobachten, die nachts das Flussufer bev\u00f6lkern. Um 20:00 essen Sie zu Abend.<\/p>\n<\/div><\/div>\n\n\n\n<div style=\"height:70px\" aria-hidden=\"true\" class=\"wp-block-spacer\"><\/div>\n\n\n\n<div class=\"wp-block-group has-background\" style=\"background-color:#e7e7e7\"><div class=\"wp-block-group__inner-container is-layout-flow wp-block-group-is-layout-flow\">\n<h3 class=\"wp-block-heading has-text-align-left has-text-color\" id=\"tag-2-la-torre-clay-lick\" style=\"color:#0000ff\">Tag 2<\/h3>\n\n\n\n<p class=\"has-text-align-left\">Wachen Sie um 5:30 Uhr auf, um einen Kaffee oder Tee zu trinken, bevor Sie zum Lake Sandoval aufbrechen. Ihr Reiseleiter verteilt ein Fr\u00fchst\u00fcckspaket und einen Snack f\u00fcr den Ausflug. Lake Sandoval: 06:00 Uhr: Nach etwa 20 Minuten Fahrt auf dem Fluss Madre de Dios erreichen Sie die Anlegestelle des Lake Sandoval. W\u00e4hrend eines 3 km langen Spaziergangs durch die wilde Vegetation betreten wir das Gebiet des Tambopata-Nationalreservats, wo Sie die M\u00f6glichkeit haben, riesige B\u00e4ume, verschiedene Schlangen, Affen (Totenkopfaffen, Br\u00fcllaffen und Kapuzineraffen) und verschiedene V\u00f6gel (insbesondere die Hoatzin &#8211; auch Stinkvogel genannt -, Eisv\u00f6gel und Schlangenv\u00f6gel).<\/p>\n\n\n\n<p>Am Lake Sandoval angekommen, machen wir uns in kleinen Ruderbooten auf die Suche nach riesigen Flussottern. Wir werden auch die M\u00f6glichkeit haben, eine Vielzahl anderer Reptilien, S\u00e4ugetiere und V\u00f6gel in ihrem nat\u00fcrlichen Lebensraum zu entdecken. Wenn der Guide einen geeigneten Ort findet, an dem Sie die Natur weiter beobachten k\u00f6nnen, fr\u00fchst\u00fccken wir. Packen Sie f\u00fcr die R\u00fcckfahrt Ihre Ausr\u00fcstung zusammen und wir rudern zur\u00fcck zum Pier.<\/p>\n\n\n\n<figure class=\"wp-block-image size-large\"><a href=\"https:\/\/learnspanishinperu.net\/wp-content\/uploads\/2023\/03\/manu-peru-amazon-rainforest-3.jpeg\"><img decoding=\"async\" width=\"1024\" height=\"768\" data-src=\"https:\/\/learnspanishinperu.net\/wp-content\/uploads\/2023\/03\/manu-peru-amazon-rainforest-3-1024x768.jpeg\" alt=\"\" class=\"wp-image-43664 lazyload\" data-srcset=\"https:\/\/learnspanishinperu.net\/wp-content\/uploads\/2023\/03\/manu-peru-amazon-rainforest-3-1024x768.jpeg 1024w, https:\/\/learnspanishinperu.net\/wp-content\/uploads\/2023\/03\/manu-peru-amazon-rainforest-3-300x225.jpeg 300w, https:\/\/learnspanishinperu.net\/wp-content\/uploads\/2023\/03\/manu-peru-amazon-rainforest-3-768x576.jpeg 768w, https:\/\/learnspanishinperu.net\/wp-content\/uploads\/2023\/03\/manu-peru-amazon-rainforest-3-373x280.jpeg 373w, https:\/\/learnspanishinperu.net\/wp-content\/uploads\/2023\/03\/manu-peru-amazon-rainforest-3-600x450.jpeg 600w, https:\/\/learnspanishinperu.net\/wp-content\/uploads\/2023\/03\/manu-peru-amazon-rainforest-3.jpeg 1152w\" data-sizes=\"(max-width: 1024px) 100vw, 1024px\" src=\"data:image\/svg+xml;base64,PHN2ZyB3aWR0aD0iMSIgaGVpZ2h0PSIxIiB4bWxucz0iaHR0cDovL3d3dy53My5vcmcvMjAwMC9zdmciPjwvc3ZnPg==\" style=\"--smush-placeholder-width: 1024px; --smush-placeholder-aspect-ratio: 1024\/768;\" \/><\/a><\/figure>\n\n\n\n<p>Gegen 15:30 Uhr besuchen wir einen der beiden Wacht\u00fcrme von Corto Maltes. Sie sind mit einer H\u00f6he von 20 und 42 Metern perfekt f\u00fcr die Vogelbeobachtung und andere Tierarten ausgelegt. Sie werden auch einen unglaublichen Blick auf den Sonnenuntergang genie\u00dfen. Sie besuchen auch ein Paranusslager, in dem Erntehelfer die ganze Saison \u00fcber bleiben. Die Paranuss (auch bekannt als Casta\u00f1a, wie sie von den Einheimischen genannt wird) ist eine der wichtigsten wirtschaftlichen Aktivit\u00e4ten in der Region Madre de Dios.<\/p>\n<\/div><\/div>\n\n\n\n<div style=\"height:70px\" aria-hidden=\"true\" class=\"wp-block-spacer\"><\/div>\n\n\n\n<div class=\"wp-block-group has-background\" style=\"background-color:#e7e7e7\"><div class=\"wp-block-group__inner-container is-layout-flow wp-block-group-is-layout-flow\">\n<h3 class=\"wp-block-heading has-text-align-left has-text-color\" id=\"tres-chimbadas-see\" style=\"color:#a52a2a\">Tag 3<\/h3>\n\n\n\n<p>Fr\u00fchst\u00fcck um 8:00 Uhr. Nach einer 20-min\u00fctigen Bootsfahrt flussabw\u00e4rts erreichen wir eine Chacra, eine Farm, die einer einheimischen Familie geh\u00f6rt. Hier werden wir verschiedene tropische Fr\u00fcchte der Saison erkennen und sogar probieren, sowie andere einheimische Produkte (Kakao, Banane, Cocona, Brotfrucht, Noni, Yucca, Limette\u2026). Dieser Ort geh\u00f6rt einer typischen b\u00e4uerlichen Familie, die einheimische Pflanzen pflegt und pflegt, die hier nat\u00fcrlich ohne Chemie wachsen. Sie verkaufen ihre Produkte in den Hauptm\u00e4rkten von Puerto Maldonado zum Verzehr. Wenn wir den Besuch beendet haben, kehren wir zur\u00fcck, um das Boot zu nehmen, und nach etwa 20 Minuten werden wir es tun<br \/>Ankunft auf dem Land einer indigenen Machiguenga-Familie.<\/p>\n\n\n\n<p>Indigene Machiguenga-Familie: 12:00 Uhr. Die Machiguenga sind eine der vielen ethnischen Gruppen, die im peruanischen Amazonas leben. Eine Familie von Machiguenga-Ureinwohnern wird uns zu Besuch empfangen. Sie zeigen uns die kulturellen Werte ihrer Vorfahren sowie die Sprache und ihre Br\u00e4uche, darunter traditionelle Kleidung, Jagdausr\u00fcstung, Kunsthandwerk und die Musik, die sie w\u00e4hrend der Ayahuasca-Zeremonien spielen. Sie werden uns beibringen, wie man nat\u00fcrliche Produkte nutzt, um Werkzeuge herzustellen, und was sie verwenden, um ihre H\u00e4user, Kleidung und Schmuck herzustellen, die allesamt wichtig f\u00fcr ihr t\u00e4gliches Leben sind. Mittagessen: 13 Uhr. Wir werden mit der Familie Machiguenga in einem typischen Geb\u00e4ude zu Mittag essen und ein einheimisches Gericht aus dem Dschungel genie\u00dfen. R\u00fcckkehr zur Lodge und Freizeit: 14:00 Uhr.<\/p>\n<\/div><\/div>\n\n\n\n<div style=\"height:70px\" aria-hidden=\"true\" class=\"wp-block-spacer\"><\/div>\n\n\n\n<div class=\"wp-block-group has-background\" style=\"background-color:#e7e7e7\"><div class=\"wp-block-group__inner-container is-layout-flow wp-block-group-is-layout-flow\">\n<h3 class=\"wp-block-heading has-text-align-left has-text-color\" id=\"tag-3-la-torre-seen\" style=\"color:#ffa500\">Tag 4: Clay Lick<\/h3>\n\n\n\n<p class=\"has-text-align-left\">Wachen Sie um 5:30 Uhr auf, um einen Kaffee oder Tee zu trinken, bevor Sie zu einem 20-min\u00fctigen Spaziergang zur Lehmlecke aufbrechen, wo Sie die M\u00f6glichkeit haben, 3 bis 5 Papageienarten zu beobachten. Die Papageien kommen zur Lehmlecke, um eine bestimmte Lehmart aufzunehmen, die nur in bestimmten Teilen dieser Region vorkommt. Der Ton ist lebensnotwendig f\u00fcr die Stoffwechselregulation der V\u00f6gel und somit Schauplatz eines farbenfrohen und wahrlich reizvollen und spannenden Geschehens. 08:00. Fr\u00fchst\u00fcck und Freizeit.<\/p>\n\n\n\n<figure class=\"wp-block-image size-large\"><img decoding=\"async\" width=\"1024\" height=\"683\" data-src=\"https:\/\/learnspanishinperu.net\/wp-content\/uploads\/2020\/10\/macaws-clay-lick-peru-1024x683.jpg\" alt=\"\" class=\"wp-image-17902 lazyload\" data-srcset=\"https:\/\/learnspanishinperu.net\/wp-content\/uploads\/2020\/10\/macaws-clay-lick-peru-1024x683.jpg 1024w, https:\/\/learnspanishinperu.net\/wp-content\/uploads\/2020\/10\/macaws-clay-lick-peru-300x200.jpg 300w, https:\/\/learnspanishinperu.net\/wp-content\/uploads\/2020\/10\/macaws-clay-lick-peru-768x512.jpg 768w, https:\/\/learnspanishinperu.net\/wp-content\/uploads\/2020\/10\/macaws-clay-lick-peru.jpg 1072w\" data-sizes=\"(max-width: 1024px) 100vw, 1024px\" src=\"data:image\/svg+xml;base64,PHN2ZyB3aWR0aD0iMSIgaGVpZ2h0PSIxIiB4bWxucz0iaHR0cDovL3d3dy53My5vcmcvMjAwMC9zdmciPjwvc3ZnPg==\" style=\"--smush-placeholder-width: 1024px; --smush-placeholder-aspect-ratio: 1024\/683;\" \/><\/figure>\n\n\n\n<p>Besuch des lokalen Stadtmarktes: Nach dem Fr\u00fchst\u00fcck kehren wir mit dem Boot in die Stadt Puerto Maldonado zur\u00fcck. Nach einem kurzen Stopp im B\u00fcro fahren wir zum lokalen Markt, wo die lokale Bev\u00f6lkerung Lebensmittel und andere Produkte anbietet. Bei einem kurzen Besuch von etwa 20 Minuten k\u00f6nnen Sie verschiedene typische Produkte der Region kaufen. Wir gehen dann zum Flughafen, um f\u00fcr Ihren Flug einzuchecken.<\/p>\n\n\n\n<p>Die Reihenfolge und Zeitpl\u00e4ne der Ausfl\u00fcge k\u00f6nnen nach Ermessen des Reiseleiters und in Abstimmung mit dem Management unter Ber\u00fccksichtigung der k\u00f6rperlichen Verfassung der Passagiere und des aktuellen Klimas ge\u00e4ndert werden.<\/p>\n<\/div><\/div>\n\n\n\n<div style=\"height:60px\" aria-hidden=\"true\" class=\"wp-block-spacer\"><\/div>\n\n\n\n<div class=\"wp-block-group has-background\" style=\"background-color:#e7e7e7\"><div class=\"wp-block-group__inner-container is-layout-flow wp-block-group-is-layout-flow\">\n<p class=\"has-text-align-center\">Die Preise der Touren variieren aufgrund wechselnder Vorschriften, fehlender Verf\u00fcgbarkeit oder \u00e4ndernder Eintrittsgeb\u00fchren oder Genehmigungen. Und wir wollen keine Versprechen machen, die wir nicht behalten k\u00f6nnen. Deshalb ist es schwierig, unsere Preise zu ver\u00f6ffentlichen, obwohl wir uns freuen w\u00fcrden, unsere Preise sind sehr konkurrenzf\u00e4hig. Bitte kontaktieren Sie uns, um ein Preisangebot anzufordern, und Sie werden das selbst herausfinden! Kontaktiere uns jetzt oder sehen Sie sich die beiden Touren an, die wir in den Amazonas-Dschungel in Manu anbieten. <\/p>\n\n\n\n<div class=\"wp-block-buttons is-horizontal is-content-justification-center is-layout-flex wp-container-core-buttons-is-layout-499968f5 wp-block-buttons-is-layout-flex\">\n<div class=\"wp-block-button\"><a class=\"wp-block-button__link has-background wp-element-button\" href=\"https:\/\/learnspanishinperu.net\/de\/touren-peru\/amazonas-regenwald\/manu-nationalpark\/manu-expedition-5-tage-4-nachte\/\" style=\"background-color:#008000\">Manu 5 Tage<\/a><\/div>\n\n\n\n<div class=\"wp-block-button\"><a class=\"wp-block-button__link has-background wp-element-button\" href=\"https:\/\/learnspanishinperu.net\/de\/touren-peru\/amazonas-regenwald\/manu-nationalpark\/manu-biospharenreservat-7t-6n\/\" style=\"background-color:#a52a2a\">Viele 7-t\u00e4gige Tour<\/a><\/div>\n\n\n\n<div class=\"wp-block-button\"><a class=\"wp-block-button__link has-background wp-element-button\" href=\"https:\/\/learnspanishinperu.net\/de\/kontakt\/\" style=\"background-color:#800080\">Kontaktiere uns jetzt!<\/a><\/div>\n<\/div>\n<\/div><\/div>\n<\/div><\/div>\n\n\n\n<div style=\"height:40px\" aria-hidden=\"true\" class=\"wp-block-spacer\"><\/div>\n","protected":false},"excerpt":{"rendered":"<p>Tambopata Tambopata Amazon lodge Die Tambopata Amazon Lodge verf\u00fcgt \u00fcber 27 komfortable Holzbungalows. Jeder Bungalow ist in Einzel-, Doppel- oder Dreibettzimmer unterteilt. Es bietet auch zwei Bungalows mit vier Zimmern zur Doppel- oder Einzelbelegung und en-suite Badezimmern mit separaten Eing\u00e4ngen und Terrassen mit H\u00e4ngematten. Die Lodge ist einer der Favoriten in der Gegend. Die Touren&hellip;<\/p>\n<p class=\"more\"><a class=\"more-link\" href=\"https:\/\/learnspanishinperu.net\/de\/touren-peru\/amazonas-regenwald\/tambopata\/\">Continue reading <span class=\"screen-reader-text\">Tambopata<\/span><\/a><\/p>\n","protected":false},"author":1,"featured_media":0,"parent":17580,"menu_order":0,"comment_status":"closed","ping_status":"closed","template":"page-templates\/wide.php","meta":{"_coblocks_attr":"","_coblocks_dimensions":"","_coblocks_responsive_height":"","_coblocks_accordion_ie_support":"","footnotes":""},"class_list":["post-18019","page","type-page","status-publish","hentry","entry"],"yoast_head":"<!-- This site is optimized with the Yoast SEO plugin v27.5 - https:\/\/yoast.com\/product\/yoast-seo-wordpress\/ -->\n<title>Tambopata National Reserve - Mundo Antiguo Touren Cusco - Peru<\/title>\n<meta name=\"description\" content=\"Reservieren Sie Ihre Tambopata National Reserve Tour mit Mundo Antiguo Cusco. Besuchen Sie Peru nicht ohne Tambopata im Amazonas-Regenwald!\" \/>\n<meta name=\"robots\" content=\"index, follow, max-snippet:-1, max-image-preview:large, max-video-preview:-1\" \/>\n<link rel=\"canonical\" href=\"https:\/\/learnspanishinperu.net\/de\/touren-peru\/amazonas-regenwald\/tambopata\/\" \/>\n<meta property=\"og:locale\" content=\"de_DE\" \/>\n<meta property=\"og:type\" content=\"article\" \/>\n<meta property=\"og:title\" content=\"Tambopata National Reserve - Mundo Antiguo Touren Cusco - Peru\" \/>\n<meta property=\"og:description\" content=\"Reservieren Sie Ihre Tambopata National Reserve Tour mit Mundo Antiguo Cusco. Besuchen Sie Peru nicht ohne Tambopata im Amazonas-Regenwald!\" \/>\n<meta property=\"og:url\" content=\"https:\/\/learnspanishinperu.net\/de\/touren-peru\/amazonas-regenwald\/tambopata\/\" \/>\n<meta property=\"og:site_name\" content=\"Mundo Antiguo\" \/>\n<meta property=\"article:publisher\" content=\"http:\/\/www.facebook.com\/MundoAntiguoSpanishSchool\" \/>\n<meta property=\"article:modified_time\" content=\"2024-12-10T15:27:56+00:00\" \/>\n<meta property=\"og:image\" content=\"https:\/\/learnspanishinperu.net\/wp-content\/uploads\/2015\/11\/amazone-regenwoud.jpg\" \/>\n<meta name=\"twitter:card\" content=\"summary_large_image\" \/>\n<meta name=\"twitter:site\" content=\"@MASpanishschool\" \/>\n<meta name=\"twitter:label1\" content=\"Gesch\u00e4tzte Lesezeit\" \/>\n\t<meta name=\"twitter:data1\" content=\"6 Minuten\" \/>\n<!-- \/ Yoast SEO plugin. -->","yoast_head_json":{"title":"Tambopata National Reserve - Mundo Antiguo Touren Cusco - Peru","description":"Reservieren Sie Ihre Tambopata National Reserve Tour mit Mundo Antiguo Cusco. Besuchen Sie Peru nicht ohne Tambopata im Amazonas-Regenwald!","robots":{"index":"index","follow":"follow","max-snippet":"max-snippet:-1","max-image-preview":"max-image-preview:large","max-video-preview":"max-video-preview:-1"},"canonical":"https:\/\/learnspanishinperu.net\/de\/touren-peru\/amazonas-regenwald\/tambopata\/","og_locale":"de_DE","og_type":"article","og_title":"Tambopata National Reserve - Mundo Antiguo Touren Cusco - Peru","og_description":"Reservieren Sie Ihre Tambopata National Reserve Tour mit Mundo Antiguo Cusco. Besuchen Sie Peru nicht ohne Tambopata im Amazonas-Regenwald!","og_url":"https:\/\/learnspanishinperu.net\/de\/touren-peru\/amazonas-regenwald\/tambopata\/","og_site_name":"Mundo Antiguo","article_publisher":"http:\/\/www.facebook.com\/MundoAntiguoSpanishSchool","article_modified_time":"2024-12-10T15:27:56+00:00","og_image":[{"url":"https:\/\/learnspanishinperu.net\/wp-content\/uploads\/2015\/11\/amazone-regenwoud.jpg","type":"","width":"","height":""}],"twitter_card":"summary_large_image","twitter_site":"@MASpanishschool","twitter_misc":{"Gesch\u00e4tzte Lesezeit":"6 Minuten"},"schema":{"@context":"https:\/\/schema.org","@graph":[{"@type":"WebPage","@id":"https:\/\/learnspanishinperu.net\/de\/touren-peru\/amazonas-regenwald\/tambopata\/","url":"https:\/\/learnspanishinperu.net\/de\/touren-peru\/amazonas-regenwald\/tambopata\/","name":"Tambopata National Reserve - Mundo Antiguo Touren Cusco - Peru","isPartOf":{"@id":"https:\/\/learnspanishinperu.net\/#website"},"primaryImageOfPage":{"@id":"https:\/\/learnspanishinperu.net\/de\/touren-peru\/amazonas-regenwald\/tambopata\/#primaryimage"},"image":{"@id":"https:\/\/learnspanishinperu.net\/de\/touren-peru\/amazonas-regenwald\/tambopata\/#primaryimage"},"thumbnailUrl":"https:\/\/learnspanishinperu.net\/wp-content\/uploads\/2015\/11\/amazone-regenwoud.jpg","datePublished":"2020-10-16T20:05:51+00:00","dateModified":"2024-12-10T15:27:56+00:00","description":"Reservieren Sie Ihre Tambopata National Reserve Tour mit Mundo Antiguo Cusco. Besuchen Sie Peru nicht ohne Tambopata im Amazonas-Regenwald!","breadcrumb":{"@id":"https:\/\/learnspanishinperu.net\/de\/touren-peru\/amazonas-regenwald\/tambopata\/#breadcrumb"},"inLanguage":"de-DE","potentialAction":[{"@type":"ReadAction","target":["https:\/\/learnspanishinperu.net\/de\/touren-peru\/amazonas-regenwald\/tambopata\/"]}]},{"@type":"ImageObject","inLanguage":"de-DE","@id":"https:\/\/learnspanishinperu.net\/de\/touren-peru\/amazonas-regenwald\/tambopata\/#primaryimage","url":"https:\/\/learnspanishinperu.net\/wp-content\/uploads\/2015\/11\/amazone-regenwoud.jpg","contentUrl":"https:\/\/learnspanishinperu.net\/wp-content\/uploads\/2015\/11\/amazone-regenwoud.jpg"},{"@type":"BreadcrumbList","@id":"https:\/\/learnspanishinperu.net\/de\/touren-peru\/amazonas-regenwald\/tambopata\/#breadcrumb","itemListElement":[{"@type":"ListItem","position":1,"name":"Home","item":"https:\/\/learnspanishinperu.net\/de\/"},{"@type":"ListItem","position":2,"name":"Touren in Peru","item":"https:\/\/learnspanishinperu.net\/de\/touren-peru\/"},{"@type":"ListItem","position":3,"name":"Amazonas-Regenwald","item":"https:\/\/learnspanishinperu.net\/de\/touren-peru\/amazonas-regenwald\/"},{"@type":"ListItem","position":4,"name":"Tambopata"}]},{"@type":"WebSite","@id":"https:\/\/learnspanishinperu.net\/#website","url":"https:\/\/learnspanishinperu.net\/","name":"Mundo Antiguo","description":"Spanish school Cusco","publisher":{"@id":"https:\/\/learnspanishinperu.net\/#organization"},"potentialAction":[{"@type":"SearchAction","target":{"@type":"EntryPoint","urlTemplate":"https:\/\/learnspanishinperu.net\/?s={search_term_string}"},"query-input":{"@type":"PropertyValueSpecification","valueRequired":true,"valueName":"search_term_string"}}],"inLanguage":"de-DE"},{"@type":"Organization","@id":"https:\/\/learnspanishinperu.net\/#organization","name":"Mundo Antiguo","url":"https:\/\/learnspanishinperu.net\/","logo":{"@type":"ImageObject","inLanguage":"de-DE","@id":"https:\/\/learnspanishinperu.net\/#\/schema\/logo\/image\/","url":"https:\/\/learnspanishinperu.net\/wp-content\/uploads\/2016\/04\/logo-Spanish-school-Cusco-Peru-e1547820355169.jpg","contentUrl":"https:\/\/learnspanishinperu.net\/wp-content\/uploads\/2016\/04\/logo-Spanish-school-Cusco-Peru-e1547820355169.jpg","width":100,"height":83,"caption":"Mundo Antiguo"},"image":{"@id":"https:\/\/learnspanishinperu.net\/#\/schema\/logo\/image\/"},"sameAs":["http:\/\/www.facebook.com\/MundoAntiguoSpanishSchool","https:\/\/x.com\/MASpanishschool","https:\/\/www.instagram.com\/mundoantiguo_spanishschool\/","https:\/\/www.linkedin.com\/company\/mundo-antiguo-spanish-school","http:\/\/www.pinterest.com\/mundoantiguo\/"]}]}},"_links":{"self":[{"href":"https:\/\/learnspanishinperu.net\/de\/wp-json\/wp\/v2\/pages\/18019","targetHints":{"allow":["GET"]}}],"collection":[{"href":"https:\/\/learnspanishinperu.net\/de\/wp-json\/wp\/v2\/pages"}],"about":[{"href":"https:\/\/learnspanishinperu.net\/de\/wp-json\/wp\/v2\/types\/page"}],"author":[{"embeddable":true,"href":"https:\/\/learnspanishinperu.net\/de\/wp-json\/wp\/v2\/users\/1"}],"replies":[{"embeddable":true,"href":"https:\/\/learnspanishinperu.net\/de\/wp-json\/wp\/v2\/comments?post=18019"}],"version-history":[{"count":15,"href":"https:\/\/learnspanishinperu.net\/de\/wp-json\/wp\/v2\/pages\/18019\/revisions"}],"predecessor-version":[{"id":48079,"href":"https:\/\/learnspanishinperu.net\/de\/wp-json\/wp\/v2\/pages\/18019\/revisions\/48079"}],"up":[{"embeddable":true,"href":"https:\/\/learnspanishinperu.net\/de\/wp-json\/wp\/v2\/pages\/17580"}],"wp:attachment":[{"href":"https:\/\/learnspanishinperu.net\/de\/wp-json\/wp\/v2\/media?parent=18019"}],"curies":[{"name":"wp","href":"https:\/\/api.w.org\/{rel}","templated":true}]}}