{"id":18010,"date":"2020-10-16T13:59:38","date_gmt":"2020-10-16T18:59:38","guid":{"rendered":"https:\/\/learnspanishinperu.net\/touren-peru\/amazonas-regenwald\/manu-nationalpark\/manu-expedition-5-tage-4-nachte\/"},"modified":"2024-12-10T10:26:31","modified_gmt":"2024-12-10T15:26:31","slug":"manu-expedition-5-tage-4-nachte","status":"publish","type":"page","link":"https:\/\/learnspanishinperu.net\/de\/touren-peru\/amazonas-regenwald\/manu-nationalpark\/manu-expedition-5-tage-4-nachte\/","title":{"rendered":"Manu Expedition 5 Tage &#8211; 4 N\u00e4chte"},"content":{"rendered":"\n<div class=\"wp-block-group\"><div class=\"wp-block-group__inner-container is-layout-flow wp-block-group-is-layout-flow\">\n<div class=\"wp-block-cover alignfull is-light has-parallax mt-0\" style=\"min-height:460px;aspect-ratio:unset;\"><span aria-hidden=\"true\" class=\"wp-block-cover__background has-background-dim-20 has-background-dim\"><\/span><div class=\"wp-block-cover__image-background wp-image-15921 has-parallax lazyload\" style=\"background-position:50% 50%;background-image:inherit\" data-bg-image=\"url(https:\/\/learnspanishinperu.net\/wp-content\/uploads\/2020\/07\/qtq80-pnukjV.jpeg)\"><\/div><div class=\"wp-block-cover__inner-container is-layout-flow wp-block-cover-is-layout-flow\">\n<h1 class=\"wp-block-heading has-text-align-center has-white-color has-text-color\" id=\"manu-expedition\" style=\"font-size:60px\"><mark style=\"background-color:rgba(0, 0, 0, 0)\" class=\"has-inline-color has-white-color\">Manu Expedition<\/mark><\/h1>\n\n\n\n<p class=\"has-text-align-center has-white-color has-text-color has-5-xl-font-size\"><em>Eine 5-t\u00e4gige Reise in den peruanischen Amazonas-Dschungel<\/em><\/p>\n<\/div><\/div>\n\n\n\n<div style=\"height:10px\" aria-hidden=\"true\" class=\"wp-block-spacer\"><\/div>\n\n\n\n<blockquote class=\"wp-block-quote is-style-large is-style-plain has-2-xl-font-size is-layout-flow wp-block-quote-is-layout-flow\" style=\"font-style:normal;font-weight:400\">\n<p>Manu Expedition<\/p>\n<cite>Die <strong>Manu-Expedition<\/strong> ist eine 5-t\u00e4gige Reise in den <strong>peruanischen Amazonas-Dschungel<\/strong>.<\/cite><\/blockquote>\n\n\n\n<div style=\"height:20px\" aria-hidden=\"true\" class=\"wp-block-spacer\"><\/div>\n\n\n\n<div class=\"wp-block-group has-background\" style=\"background-color:#e7e7e7\"><div class=\"wp-block-group__inner-container is-layout-flow wp-block-group-is-layout-flow\">\n<h3 class=\"wp-block-heading has-text-align-center has-text-color\" id=\"tag-1-cusco-rainforest-lodge\" style=\"color:#008000\">Tag 1: Cusco &#8211; Rainforest Lodge<\/h3>\n\n\n\n<p>Wir holen Sie am fr\u00fchen Morgen von unserer Unterkunft in Cusco in unserem privaten Transport ab, um unsere Manu-Expedition zu starten. Der erste Teil unserer Exkursion f\u00fchrt uns durch die majest\u00e4tischen <strong>Andenberge<\/strong>. Wir werden kurz die Stadt Huancarani besuchen. Diese Stadt enth\u00e4lt die Grabt\u00fcrme von Ninamarca und den Friedhof der Lupacas, die Teil der kostbaren Pr\u00e4-Inka-Kultur sind. Wir fahren dann nach Paucartambo, einer kleinen traditionellen Stadt. Paucartambo ist ber\u00fchmt f\u00fcr seine Folklore.<\/p>\n\n\n\n<p>Gegen Mittag erreichen wir den Eingang des <strong>Manu National Park<\/strong>. Wir werden eines der am besten gesch\u00fctzten Naturgebiete S\u00fcdamerikas betreten. Wir werden unseren Transport auf einer kleinen Stra\u00dfe fortsetzen und den dichten Nebel durchqueren, nach dem dieser Waldabschnitt in Quechua benannt ist. Schlie\u00dflich kommen wir in die Heimat des exotischen peruanischen Nationalvogels, des \u201eHahns der Felsen\u201c. Sie werden begeistert sein von dem Spektakel mit einer beeindruckenden Auswahl an Kl\u00e4ngen, die nur im Dschungel zu finden sind. In unserer ersten Nacht \u00fcbernachten wir in der <strong>Rainforest Lodge<\/strong>.\n<em>Mittag- und Abendessen<\/em><\/p>\n<\/div><\/div>\n\n\n\n<div style=\"height:70px\" aria-hidden=\"true\" class=\"wp-block-spacer\"><\/div>\n\n\n\n<div class=\"wp-block-group has-background\" style=\"background-color:#e7e7e7\"><div class=\"wp-block-group__inner-container is-layout-flow wp-block-group-is-layout-flow\">\n<h3 class=\"wp-block-heading has-text-align-center has-text-color\" id=\"tag-2-rainforest-lodge-bonanza-ecological-reserve\" style=\"color:#ffa500\">Tag 2: Rainforest Lodge &#8211; Bonanza Ecological Reserve<\/h3>\n\n\n<div class=\"wp-block-image is-style-bottom-wave\">\n<figure class=\"alignright\"><img decoding=\"async\" width=\"260\" height=\"173\" data-src=\"https:\/\/learnspanishinperu.net\/wp-content\/uploads\/2015\/11\/ninamarka-tombs.jpg\" alt=\"Ninamarka Gr\u00e4ber Manu\" class=\"wp-image-3149 lazyload\" title=\"Ninamarka tombs Manu\" src=\"data:image\/svg+xml;base64,PHN2ZyB3aWR0aD0iMSIgaGVpZ2h0PSIxIiB4bWxucz0iaHR0cDovL3d3dy53My5vcmcvMjAwMC9zdmciPjwvc3ZnPg==\" style=\"--smush-placeholder-width: 260px; --smush-placeholder-aspect-ratio: 260\/173;\" \/><\/figure>\n<\/div>\n\n\n<p>Am fr\u00fchen Morgen fahren wir zum <strong>Atalaya-Hafen<\/strong>. Unterwegs machen wir ein paar Stopps, um die kleinen <strong>lokalen Bauern<\/strong> zu besuchen. Diese Bauern sind Produzenten vieler Sorten von Dschungelfr\u00fcchten, einschlie\u00dflich der ber\u00fchmten Kokapflanze.<\/p>\n\n\n\n<p>Sp\u00e4ter beginnen wir den Bootsteil unserer Reise mit einem <strong>Flussausflug<\/strong> auf dem Madre de Dios, einem Teil des ber\u00fchmten Amazonas. W\u00e4hrend unseres Tages haben wir die M\u00f6glichkeit, viele Arten von bunten V\u00f6geln wie Papageien, Oropendolas, Geier und andere Arten zu beobachten. Wir machen einen Stopp an den nat\u00fcrlichen <strong>hei\u00dfen Quellen<\/strong> und sehen hoffentlich einige Dschungeltiere wie Affen oder die ber\u00fchmten Capybaras (Dschungelnagetiere, die bis zu 2,5 Fu\u00df lang sind).<\/p>\n\n\n\n<p>\nDanach werden wir <strong>Trekking<\/strong> durch den Dschungel beginnen, um die wahre Gnade des Amazonas zu erleben. Wir k\u00f6nnen die nat\u00fcrlichen Ger\u00e4usche der V\u00f6gel h\u00f6ren. Und wir k\u00f6nnen Bilder von Wildtieren wie Ameisenb\u00e4ren, Pekari und vielen verschiedenen Arten von B\u00e4umen und Heilpflanzen bekommen. Gegen sp\u00e4ten Nachmittag erreichen wir unser n\u00e4chstes Ziel: <strong>Bonanza Lodge<\/strong>. Dort werden wir die Nacht verbringen. In der Lodge stehen Duschen und andere Einrichtungen zur Verf\u00fcgung. Wir werden <strong>V\u00f6gel beobachten<\/strong> und dann einen <strong>Nachtspaziergang<\/strong> im Dunkeln machen. Dies ist die beste Zeit, um Kreaturen wie Vogelspinnen, Skorpione und Schlangen zu sehen.\n<em>Fr\u00fchst\u00fcck, Mittag- und Abendessen<\/em><\/p>\n<\/div><\/div>\n\n\n\n<div style=\"height:70px\" aria-hidden=\"true\" class=\"wp-block-spacer\"><\/div>\n\n\n\n<div class=\"wp-block-group has-background\" style=\"background-color:#e7e7e7\"><div class=\"wp-block-group__inner-container is-layout-flow wp-block-group-is-layout-flow\">\n<h3 class=\"wp-block-heading has-text-align-center has-text-color\" id=\"tag-3-bonanza-ecological-reserve-getarntes-haus\" style=\"color:#0000ff\">Tag 3: Bonanza Ecological Reserve &#8211; Getarntes Haus<\/h3>\n\n\n\n<p>Am fr\u00fchen Morgen machen wir eine <strong>Wanderung<\/strong> durch den Dschungel. Auf diese Weise k\u00f6nnen wir das Beste genie\u00dfen, was der Amazonas zu bieten hat: die sch\u00f6nen Ger\u00e4usche der V\u00f6gel im Regenwald. Wir werden den Regenwald erkunden und die M\u00f6glichkeit haben, alle Arten von Wildtieren wie Affen, Ameisenb\u00e4ren und Pekaris zu beobachten. Wir k\u00f6nnen auch viele verschiedene Arten von B\u00e4umen und Heilpflanzen sehen. Am Nachmittag erreichen wir unser <strong>getarntes Haus<\/strong> mitten im Dschungel. Hier \u00fcbernachten wir in einer komfortablen Unterkunft, die von Moskitonetzen bedeckt ist. Das getarnte Haus liegt strategisch g\u00fcnstig in der N\u00e4he von <strong>Lehmlecken von S\u00e4ugetieren<\/strong>, wo wir w\u00e4hrend der <strong>Nachtzeit<\/strong> Tapire und Pekaris sehen k\u00f6nnen. Der F\u00fchrer erz\u00e4hlt die ber\u00fchmtesten <strong>Geschichten<\/strong> \u00fcber den Regenwald.<\/p>\n<\/div><\/div>\n\n\n\n<div style=\"height:70px\" aria-hidden=\"true\" class=\"wp-block-spacer\"><\/div>\n\n\n\n<div class=\"wp-block-group has-background\" style=\"background-color:#e7e7e7\"><div class=\"wp-block-group__inner-container is-layout-flow wp-block-group-is-layout-flow\">\n<h3 class=\"wp-block-heading has-text-align-center\" id=\"tag-4-getarntes-haus-muyuna-parrots-clay-lick\">Tag 4: Getarntes Haus &#8211; Muyuna Parrots Clay Lick<\/h3>\n\n\n<div class=\"wp-block-image is-style-bottom-wave\">\n<figure class=\"alignright\"><img decoding=\"async\" width=\"260\" height=\"173\" data-src=\"https:\/\/learnspanishinperu.net\/wp-content\/uploads\/2015\/11\/parrots-clay-lick.jpg\" alt=\"Papageien Lehm lecken Manu Expedition\" class=\"wp-image-3151 lazyload\" title=\"parrots clay lick Manu expedition Peru\" src=\"data:image\/svg+xml;base64,PHN2ZyB3aWR0aD0iMSIgaGVpZ2h0PSIxIiB4bWxucz0iaHR0cDovL3d3dy53My5vcmcvMjAwMC9zdmciPjwvc3ZnPg==\" style=\"--smush-placeholder-width: 260px; --smush-placeholder-aspect-ratio: 260\/173;\" \/><\/figure>\n<\/div>\n\n\n<p>Nach dem Fr\u00fchst\u00fcck tauchen wir wieder in den Wald ein, um <strong>den Dschungel zu erkunden<\/strong>. Hier haben wir viele M\u00f6glichkeiten, eine Vielzahl exotischer V\u00f6gel, Affen und exotischer Pflanzen zu sehen. Nachdem wir zu unserer Lodge zur\u00fcckgekehrt sind, haben wir Zeit zum Duschen und Mittagessen.<\/p>\n\n\n\n<p>Danach bringen wir Sie zum <strong>Fluss<\/strong> und fahren 3 Stunden mit einem Boot flussaufw\u00e4rts, bis wir zum <strong>Muyuna Papageienleck<\/strong> gelangen. Hier verbringen wir unseren letzten Abend mit einem k\u00f6stlichen <strong>Barbecue<\/strong> und einem gro\u00dfen Lagerfeuer. Diese Nacht verbringen Sie in Zelten mit Matratzen, die f\u00fcr Ihren Komfort sorgen. Es gibt auch einen optionalen <strong>Nachtspaziergang<\/strong>.\n<em>Fr\u00fchst\u00fcck, Mittag- und Abendessen<\/em><\/p>\n<\/div><\/div>\n\n\n\n<div style=\"height:70px\" aria-hidden=\"true\" class=\"wp-block-spacer\"><\/div>\n\n\n\n<div class=\"wp-block-group has-background\" style=\"background-color:#e7e7e7\"><div class=\"wp-block-group__inner-container is-layout-flow wp-block-group-is-layout-flow\">\n<h3 class=\"wp-block-heading has-text-align-center has-text-color\" id=\"tag-5-muyuna-papageien-clay-lick-cusco\" style=\"color:#800080\">Tag 5: Muyuna Papageien Clay Lick &#8211; Cusco<\/h3>\n\n\n\n<p>Der f\u00fcnfte Tag wird unser letzter Tag sein, also fahren wir fr\u00fch am Morgen ab. Wir werden zum Papageien-Lehmlecken gehen, wo wir viele <strong>Papageien und Sittiche<\/strong> sehen k\u00f6nnen, die Mineralien essen. Danach fahren wir <strong>mit dem Boot<\/strong> flussaufw\u00e4rts zum Hafen von Atalaya, wo unser privater Bus auf uns wartet. Dieser Bus bringt uns zur\u00fcck in die Stadt <strong>Cusco<\/strong> und kommt am Abend an.\n<em>Fr\u00fchst\u00fcck, Mittagessen<\/em><\/p>\n<\/div><\/div>\n\n\n\n<div style=\"height:70px\" aria-hidden=\"true\" class=\"wp-block-spacer\"><\/div>\n\n\n\n<div class=\"wp-block-group has-background\" style=\"background-color:#e7e7e7\"><div class=\"wp-block-group__inner-container is-layout-flow wp-block-group-is-layout-flow\">\n<h3 class=\"wp-block-heading has-text-align-center\" id=\"manu-expeditionstour-beinhaltet\">Manu Expeditionstour beinhaltet:<\/h3>\n\n\n<div class=\"wp-block-image is-style-bottom-wave\">\n<figure class=\"alignright size-large is-resized\"><img decoding=\"async\" width=\"576\" height=\"1024\" data-src=\"https:\/\/learnspanishinperu.net\/wp-content\/uploads\/2020\/10\/manu-peru-amazon-rainforest-4-576x1024.jpeg\" alt=\"\" class=\"wp-image-17912 lazyload\" style=\"--smush-placeholder-width: 576px; --smush-placeholder-aspect-ratio: 576\/1024;width:288px;height:512px\" data-srcset=\"https:\/\/learnspanishinperu.net\/wp-content\/uploads\/2020\/10\/manu-peru-amazon-rainforest-4-576x1024.jpeg 576w, https:\/\/learnspanishinperu.net\/wp-content\/uploads\/2020\/10\/manu-peru-amazon-rainforest-4-169x300.jpeg 169w, https:\/\/learnspanishinperu.net\/wp-content\/uploads\/2020\/10\/manu-peru-amazon-rainforest-4.jpeg 648w\" data-sizes=\"(max-width: 576px) 100vw, 576px\" src=\"data:image\/svg+xml;base64,PHN2ZyB3aWR0aD0iMSIgaGVpZ2h0PSIxIiB4bWxucz0iaHR0cDovL3d3dy53My5vcmcvMjAwMC9zdmciPjwvc3ZnPg==\" \/><\/figure>\n<\/div>\n\n\n<ul class=\"wp-block-list\">\n<li>Privater Bus und Boot<\/li>\n\n\n\n<li>Gummistiefel, Regenponcho und Seesack f\u00fcr pers\u00f6nliche Gegenst\u00e4nde<\/li>\n\n\n\n<li>Unterk\u00fcnfte und Lodges<\/li>\n\n\n\n<li>Zweisprachiger Muttersprachler<\/li>\n\n\n\n<li>Mineralwasser<\/li>\n\n\n\n<li>Erste-Hilfe-Kasten<\/li>\n\n\n\n<li>3 Mahlzeiten pro Tag inklusive vegetarischer Option<\/li>\n\n\n\n<li>Professioneller Koch<\/li>\n\n\n\n<li>Eintritt in das Bonanza Ecological Reserve<\/li>\n\n\n\n<li>Eintritt in die nat\u00fcrliche hei\u00dfe Quelle ist nicht inbegriffen und optional<\/li>\n<\/ul>\n\n\n\n<p><strong>Was Sie mitnehmen m\u00fcssen:<\/strong><\/p>\n\n\n\n<ul class=\"wp-block-list\">\n<li>Schlafsack<\/li>\n\n\n\n<li>Abwehrmittel mit mindestens 40% Deet<\/li>\n\n\n\n<li>Gutes Fernglas<\/li>\n\n\n\n<li>Kamera mit zus\u00e4tzlichen Batterien<\/li>\n\n\n\n<li>Blitzlicht mit zus\u00e4tzlichen Batterien<\/li>\n\n\n\n<li>Sonnencreme<\/li>\n\n\n\n<li>Taschengeld<\/li>\n\n\n\n<li>Tagesrucksack<\/li>\n\n\n\n<li>Wasserflasche<\/li>\n\n\n\n<li>Sonnenhut<\/li>\n\n\n\n<li>Sandalen<\/li>\n\n\n\n<li>Badeanzug<\/li>\n\n\n\n<li>Toilettenpapier<\/li>\n\n\n\n<li>Kleines Handtuch<\/li>\n\n\n\n<li>Lang\u00e4rmliges T-Shirt<\/li>\n\n\n\n<li>Dunkle Kleidung<\/li>\n<\/ul>\n<\/div><\/div>\n\n\n\n<div style=\"height:70px\" aria-hidden=\"true\" class=\"wp-block-spacer\"><\/div>\n\n\n\n<div class=\"wp-block-group has-background\" style=\"background-color:#e7e7e7\"><div class=\"wp-block-group__inner-container is-layout-flow wp-block-group-is-layout-flow\">\n<p class=\"has-text-align-center\">Wenden Sie sich an Mundo Antiguo, um die 5-t\u00e4gige <strong>Manu Expedition<\/strong> zu reservieren. Die Preise der Touren variieren aufgrund wechselnder Vorschriften, fehlender Verf\u00fcgbarkeit oder \u00e4ndernder Eintrittsgeb\u00fchren oder Genehmigungen. Und wir wollen keine Versprechen machen, die wir nicht behalten k\u00f6nnen. Deshalb ist es schwierig, unsere Preise zu ver\u00f6ffentlichen, obwohl wir uns freuen w\u00fcrden, unsere Preise sind sehr konkurrenzf\u00e4hig. Bitte kontaktieren Sie uns, um ein Preisangebot anzufordern, und Sie werden das selbst herausfinden!<\/p>\n\n\n\n<div class=\"wp-block-buttons is-horizontal is-content-justification-center is-layout-flex wp-container-core-buttons-is-layout-499968f5 wp-block-buttons-is-layout-flex\">\n<div class=\"wp-block-button\"><a class=\"wp-block-button__link has-background wp-element-button\" href=\"https:\/\/learnspanishinperu.net\/de\/kontakt\/\" style=\"background-color:#008000\">Fordern Sie ein Angebot an!<\/a><\/div>\n<\/div>\n\n\n\n<div style=\"height:20px\" aria-hidden=\"true\" class=\"wp-block-spacer\"><\/div>\n\n\n\n<p class=\"has-text-align-center\">Oder schauen Sie sich den <strong>7-t\u00e4gigen Ausflug<\/strong> nach Manu an:<\/p>\n\n\n\n<div class=\"wp-block-buttons is-horizontal is-content-justification-center is-layout-flex wp-container-core-buttons-is-layout-499968f5 wp-block-buttons-is-layout-flex\">\n<div class=\"wp-block-button\"><a class=\"wp-block-button__link has-background wp-element-button\" href=\"https:\/\/learnspanishinperu.net\/de\/touren-peru\/amazonas-regenwald\/manu-nationalpark\/manu-biospharenreservat-7t-6n\/\" style=\"background-color:#ffa500\">Manu 7-t\u00e4gige Reise<\/a><\/div>\n<\/div>\n<\/div><\/div>\n<\/div><\/div>\n\n\n\n<div style=\"height:40px\" aria-hidden=\"true\" class=\"wp-block-spacer\"><\/div>\n\n\n\n<p><\/p>\n","protected":false},"excerpt":{"rendered":"<p>Manu Expedition Tag 1: Cusco &#8211; Rainforest Lodge Wir holen Sie am fr\u00fchen Morgen von unserer Unterkunft in Cusco in unserem privaten Transport ab, um unsere Manu-Expedition zu starten. Der erste Teil unserer Exkursion f\u00fchrt uns durch die majest\u00e4tischen Andenberge. Wir werden kurz die Stadt Huancarani besuchen. Diese Stadt enth\u00e4lt die Grabt\u00fcrme von Ninamarca und&hellip;<\/p>\n<p class=\"more\"><a class=\"more-link\" href=\"https:\/\/learnspanishinperu.net\/de\/touren-peru\/amazonas-regenwald\/manu-nationalpark\/manu-expedition-5-tage-4-nachte\/\">Continue reading <span class=\"screen-reader-text\">Manu Expedition 5 Tage &#8211; 4 N\u00e4chte<\/span><\/a><\/p>\n","protected":false},"author":1,"featured_media":0,"parent":17765,"menu_order":0,"comment_status":"closed","ping_status":"closed","template":"page-templates\/wide.php","meta":{"_coblocks_attr":"","_coblocks_dimensions":"","_coblocks_responsive_height":"","_coblocks_accordion_ie_support":"","footnotes":""},"class_list":["post-18010","page","type-page","status-publish","hentry","entry"],"yoast_head":"<!-- This site is optimized with the Yoast SEO plugin v27.5 - https:\/\/yoast.com\/product\/yoast-seo-wordpress\/ -->\n<title>Manu Expedition 5T Amazonas Dschungel Peru - Mundo Antiguo<\/title>\n<meta name=\"description\" content=\"Manu Expedition Peru. Die Manu-Expedition ist eine 5-t\u00e4gige Reise von Cusco in den peruanischen Amazonas-Dschungel.\" \/>\n<meta name=\"robots\" content=\"index, follow, max-snippet:-1, max-image-preview:large, max-video-preview:-1\" \/>\n<link rel=\"canonical\" href=\"https:\/\/learnspanishinperu.net\/de\/touren-peru\/amazonas-regenwald\/manu-nationalpark\/manu-expedition-5-tage-4-nachte\/\" \/>\n<meta property=\"og:locale\" content=\"de_DE\" \/>\n<meta property=\"og:type\" content=\"article\" \/>\n<meta property=\"og:title\" content=\"Manu Expedition 5T Amazonas Dschungel Peru - Mundo Antiguo\" \/>\n<meta property=\"og:description\" content=\"Manu Expedition Peru. Die Manu-Expedition ist eine 5-t\u00e4gige Reise von Cusco in den peruanischen Amazonas-Dschungel.\" \/>\n<meta property=\"og:url\" content=\"https:\/\/learnspanishinperu.net\/de\/touren-peru\/amazonas-regenwald\/manu-nationalpark\/manu-expedition-5-tage-4-nachte\/\" \/>\n<meta property=\"og:site_name\" content=\"Mundo Antiguo\" \/>\n<meta property=\"article:publisher\" content=\"http:\/\/www.facebook.com\/MundoAntiguoSpanishSchool\" \/>\n<meta property=\"article:modified_time\" content=\"2024-12-10T15:26:31+00:00\" \/>\n<meta property=\"og:image\" content=\"https:\/\/learnspanishinperu.net\/wp-content\/uploads\/2015\/11\/ninamarka-tombs.jpg\" \/>\n<meta name=\"twitter:card\" content=\"summary_large_image\" \/>\n<meta name=\"twitter:site\" content=\"@MASpanishschool\" \/>\n<meta name=\"twitter:label1\" content=\"Gesch\u00e4tzte Lesezeit\" \/>\n\t<meta name=\"twitter:data1\" content=\"5 Minuten\" \/>\n<!-- \/ Yoast SEO plugin. -->","yoast_head_json":{"title":"Manu Expedition 5T Amazonas Dschungel Peru - Mundo Antiguo","description":"Manu Expedition Peru. Die Manu-Expedition ist eine 5-t\u00e4gige Reise von Cusco in den peruanischen Amazonas-Dschungel.","robots":{"index":"index","follow":"follow","max-snippet":"max-snippet:-1","max-image-preview":"max-image-preview:large","max-video-preview":"max-video-preview:-1"},"canonical":"https:\/\/learnspanishinperu.net\/de\/touren-peru\/amazonas-regenwald\/manu-nationalpark\/manu-expedition-5-tage-4-nachte\/","og_locale":"de_DE","og_type":"article","og_title":"Manu Expedition 5T Amazonas Dschungel Peru - Mundo Antiguo","og_description":"Manu Expedition Peru. Die Manu-Expedition ist eine 5-t\u00e4gige Reise von Cusco in den peruanischen Amazonas-Dschungel.","og_url":"https:\/\/learnspanishinperu.net\/de\/touren-peru\/amazonas-regenwald\/manu-nationalpark\/manu-expedition-5-tage-4-nachte\/","og_site_name":"Mundo Antiguo","article_publisher":"http:\/\/www.facebook.com\/MundoAntiguoSpanishSchool","article_modified_time":"2024-12-10T15:26:31+00:00","og_image":[{"url":"https:\/\/learnspanishinperu.net\/wp-content\/uploads\/2015\/11\/ninamarka-tombs.jpg","type":"","width":"","height":""}],"twitter_card":"summary_large_image","twitter_site":"@MASpanishschool","twitter_misc":{"Gesch\u00e4tzte Lesezeit":"5 Minuten"},"schema":{"@context":"https:\/\/schema.org","@graph":[{"@type":"WebPage","@id":"https:\/\/learnspanishinperu.net\/de\/touren-peru\/amazonas-regenwald\/manu-nationalpark\/manu-expedition-5-tage-4-nachte\/","url":"https:\/\/learnspanishinperu.net\/de\/touren-peru\/amazonas-regenwald\/manu-nationalpark\/manu-expedition-5-tage-4-nachte\/","name":"Manu Expedition 5T Amazonas Dschungel Peru - Mundo Antiguo","isPartOf":{"@id":"https:\/\/learnspanishinperu.net\/#website"},"primaryImageOfPage":{"@id":"https:\/\/learnspanishinperu.net\/de\/touren-peru\/amazonas-regenwald\/manu-nationalpark\/manu-expedition-5-tage-4-nachte\/#primaryimage"},"image":{"@id":"https:\/\/learnspanishinperu.net\/de\/touren-peru\/amazonas-regenwald\/manu-nationalpark\/manu-expedition-5-tage-4-nachte\/#primaryimage"},"thumbnailUrl":"https:\/\/learnspanishinperu.net\/wp-content\/uploads\/2015\/11\/ninamarka-tombs.jpg","datePublished":"2020-10-16T18:59:38+00:00","dateModified":"2024-12-10T15:26:31+00:00","description":"Manu Expedition Peru. Die Manu-Expedition ist eine 5-t\u00e4gige Reise von Cusco in den peruanischen Amazonas-Dschungel.","breadcrumb":{"@id":"https:\/\/learnspanishinperu.net\/de\/touren-peru\/amazonas-regenwald\/manu-nationalpark\/manu-expedition-5-tage-4-nachte\/#breadcrumb"},"inLanguage":"de-DE","potentialAction":[{"@type":"ReadAction","target":["https:\/\/learnspanishinperu.net\/de\/touren-peru\/amazonas-regenwald\/manu-nationalpark\/manu-expedition-5-tage-4-nachte\/"]}]},{"@type":"ImageObject","inLanguage":"de-DE","@id":"https:\/\/learnspanishinperu.net\/de\/touren-peru\/amazonas-regenwald\/manu-nationalpark\/manu-expedition-5-tage-4-nachte\/#primaryimage","url":"https:\/\/learnspanishinperu.net\/wp-content\/uploads\/2015\/11\/ninamarka-tombs.jpg","contentUrl":"https:\/\/learnspanishinperu.net\/wp-content\/uploads\/2015\/11\/ninamarka-tombs.jpg"},{"@type":"BreadcrumbList","@id":"https:\/\/learnspanishinperu.net\/de\/touren-peru\/amazonas-regenwald\/manu-nationalpark\/manu-expedition-5-tage-4-nachte\/#breadcrumb","itemListElement":[{"@type":"ListItem","position":1,"name":"Home","item":"https:\/\/learnspanishinperu.net\/de\/"},{"@type":"ListItem","position":2,"name":"Touren in Peru","item":"https:\/\/learnspanishinperu.net\/de\/touren-peru\/"},{"@type":"ListItem","position":3,"name":"Amazonas-Regenwald","item":"https:\/\/learnspanishinperu.net\/de\/touren-peru\/amazonas-regenwald\/"},{"@type":"ListItem","position":4,"name":"Manu Nationalpark","item":"https:\/\/learnspanishinperu.net\/de\/touren-peru\/amazonas-regenwald\/manu-nationalpark\/"},{"@type":"ListItem","position":5,"name":"Manu Expedition 5 Tage &#8211; 4 N\u00e4chte"}]},{"@type":"WebSite","@id":"https:\/\/learnspanishinperu.net\/#website","url":"https:\/\/learnspanishinperu.net\/","name":"Mundo Antiguo","description":"Spanish school Cusco","publisher":{"@id":"https:\/\/learnspanishinperu.net\/#organization"},"potentialAction":[{"@type":"SearchAction","target":{"@type":"EntryPoint","urlTemplate":"https:\/\/learnspanishinperu.net\/?s={search_term_string}"},"query-input":{"@type":"PropertyValueSpecification","valueRequired":true,"valueName":"search_term_string"}}],"inLanguage":"de-DE"},{"@type":"Organization","@id":"https:\/\/learnspanishinperu.net\/#organization","name":"Mundo Antiguo","url":"https:\/\/learnspanishinperu.net\/","logo":{"@type":"ImageObject","inLanguage":"de-DE","@id":"https:\/\/learnspanishinperu.net\/#\/schema\/logo\/image\/","url":"https:\/\/learnspanishinperu.net\/wp-content\/uploads\/2016\/04\/logo-Spanish-school-Cusco-Peru-e1547820355169.jpg","contentUrl":"https:\/\/learnspanishinperu.net\/wp-content\/uploads\/2016\/04\/logo-Spanish-school-Cusco-Peru-e1547820355169.jpg","width":100,"height":83,"caption":"Mundo Antiguo"},"image":{"@id":"https:\/\/learnspanishinperu.net\/#\/schema\/logo\/image\/"},"sameAs":["http:\/\/www.facebook.com\/MundoAntiguoSpanishSchool","https:\/\/x.com\/MASpanishschool","https:\/\/www.instagram.com\/mundoantiguo_spanishschool\/","https:\/\/www.linkedin.com\/company\/mundo-antiguo-spanish-school","http:\/\/www.pinterest.com\/mundoantiguo\/"]}]}},"_links":{"self":[{"href":"https:\/\/learnspanishinperu.net\/de\/wp-json\/wp\/v2\/pages\/18010","targetHints":{"allow":["GET"]}}],"collection":[{"href":"https:\/\/learnspanishinperu.net\/de\/wp-json\/wp\/v2\/pages"}],"about":[{"href":"https:\/\/learnspanishinperu.net\/de\/wp-json\/wp\/v2\/types\/page"}],"author":[{"embeddable":true,"href":"https:\/\/learnspanishinperu.net\/de\/wp-json\/wp\/v2\/users\/1"}],"replies":[{"embeddable":true,"href":"https:\/\/learnspanishinperu.net\/de\/wp-json\/wp\/v2\/comments?post=18010"}],"version-history":[{"count":14,"href":"https:\/\/learnspanishinperu.net\/de\/wp-json\/wp\/v2\/pages\/18010\/revisions"}],"predecessor-version":[{"id":48077,"href":"https:\/\/learnspanishinperu.net\/de\/wp-json\/wp\/v2\/pages\/18010\/revisions\/48077"}],"up":[{"embeddable":true,"href":"https:\/\/learnspanishinperu.net\/de\/wp-json\/wp\/v2\/pages\/17765"}],"wp:attachment":[{"href":"https:\/\/learnspanishinperu.net\/de\/wp-json\/wp\/v2\/media?parent=18010"}],"curies":[{"name":"wp","href":"https:\/\/api.w.org\/{rel}","templated":true}]}}