{"id":17765,"date":"2020-09-18T13:51:14","date_gmt":"2020-09-18T18:51:14","guid":{"rendered":"https:\/\/learnspanishinperu.net\/touren-peru\/amazonas-regenwald\/manu-nationalpark\/"},"modified":"2022-01-26T19:42:50","modified_gmt":"2022-01-27T00:42:50","slug":"manu-nationalpark","status":"publish","type":"page","link":"https:\/\/learnspanishinperu.net\/de\/touren-peru\/amazonas-regenwald\/manu-nationalpark\/","title":{"rendered":"Manu Nationalpark"},"content":{"rendered":"\n<div class=\"wp-block-group\"><div class=\"wp-block-group__inner-container is-layout-flow wp-block-group-is-layout-flow\">\n<div class=\"wp-block-cover alignfull is-light has-parallax mt-0 lazyload\" style=\"background-image:inherit;min-height:459px;aspect-ratio:unset;\" data-bg-image=\"url(https:\/\/learnspanishinperu.net\/wp-content\/uploads\/2020\/07\/qtq80-bOSc0t.jpeg)\"><span aria-hidden=\"true\" class=\"has-background-dim-20 wp-block-cover__gradient-background has-background-dim\"><\/span><div class=\"wp-block-cover__inner-container is-layout-flow wp-block-cover-is-layout-flow\">\n<h1 class=\"has-text-align-center has-white-color has-text-color wp-block-heading\" id=\"manu-nationalpark\" style=\"font-size:60px\"><mark style=\"background-color:rgba(0, 0, 0, 0)\" class=\"has-inline-color has-white-color\">Manu Nationalpark<\/mark><\/h1>\n\n\n\n<p class=\"has-text-align-center has-white-color has-text-color has-5-xl-font-size\"><em>Ein UNESCO-Weltkulturerbe<\/em><\/p>\n<\/div><\/div>\n\n\n\n<div style=\"height:70px\" aria-hidden=\"true\" class=\"wp-block-spacer\"><\/div>\n\n\n\n<div class=\"wp-block-group has-background\" style=\"background-color:#e7e7e7\"><div class=\"wp-block-group__inner-container is-layout-flow wp-block-group-is-layout-flow\">\n<h2 class=\"has-text-align-center wp-block-heading\" id=\"manu-nationalpark\">Manu Nationalpark<\/h2>\n\n\n\n<p>Von Cusco sind es nur vier Autostunden bis zur Grenze des Manu-Nationalparks. Der Manu-Nationalpark geh\u00f6rt seit 1987 zum <strong>UNESCO-Weltkulturerbe<\/strong>. Von der Grenze des Nationalparks sind es noch ein oder zwei Tage mit dem Auto und dem Boot bis zum Herzen der sogenannten <strong>Reserved Zone<\/strong>. Der Manu-Nationalpark ist laut vielen Forschern und Biologen eines der unber\u00fchrtesten Naturgebiete der Welt.<\/p>\n\n\n\n<div class=\"wp-block-image\"><figure class=\"aligncenter\"><img decoding=\"async\" width=\"600\" height=\"123\" data-src=\"https:\/\/learnspanishinperu.net\/wp-content\/uploads\/2015\/11\/manu-peru.jpg\" alt=\"Manu Nationalpark\" class=\"wp-image-3145 lazyload\" title=\"Manu National Park\" data-srcset=\"https:\/\/learnspanishinperu.net\/wp-content\/uploads\/2015\/11\/manu-peru.jpg 600w, https:\/\/learnspanishinperu.net\/wp-content\/uploads\/2015\/11\/manu-peru-300x62.jpg 300w, https:\/\/learnspanishinperu.net\/wp-content\/uploads\/2015\/11\/manu-peru-420x86.jpg 420w\" data-sizes=\"(max-width: 600px) 100vw, 600px\" src=\"data:image\/svg+xml;base64,PHN2ZyB3aWR0aD0iMSIgaGVpZ2h0PSIxIiB4bWxucz0iaHR0cDovL3d3dy53My5vcmcvMjAwMC9zdmciPjwvc3ZnPg==\" style=\"--smush-placeholder-width: 600px; --smush-placeholder-aspect-ratio: 600\/123;\" \/><\/figure><\/div>\n\n\n\n<p>Der Park erstreckt sich von den hohen Anden &#8211; 4200 Meter \u00fcber dem Meeresspiegel &#8211; bis auf nur etwa 300 Meter. Dieser H\u00f6henunterschied macht die Artenvielfalt enorm. <strong>Noch ein paar Fakten:<\/strong><\/p>\n\n\n\n<p>Im Manu-Nationalpark gibt es 222 S\u00e4ugetierarten, 99 Reptilienarten, 140 Amphibien, mehr als 1000 verschiedene V\u00f6gel und 210 verschiedene Arten. Und es gibt 1307 Arten von Schmetterlingen, 330 Ameisen, 136 und 650 K\u00e4fer-Libellenarten. Daneben gibt es auch viele noch nicht beschriebene oder unentdeckte Tiere.<\/p>\n\n\n\n<p>Was ist mit Menschen im Nationalpark? In der Gegend leben Menschen, aber nicht so viele wie Tiere. Der Manu-Nationalpark ist mit 5,328 km\u00b2 der gr\u00f6\u00dfte Nationalpark in Peru. Dennoch hat es eine gesch\u00e4tzte Bev\u00f6lkerung von nur 17.000 Menschen.<\/p>\n<\/div><\/div>\n\n\n\n<div style=\"height:70px\" aria-hidden=\"true\" class=\"wp-block-spacer\"><\/div>\n\n\n\n<div class=\"wp-block-group has-background\" style=\"background-color:#e7e7e7\"><div class=\"wp-block-group__inner-container is-layout-flow wp-block-group-is-layout-flow\">\n<h2 class=\"has-text-align-center wp-block-heading\" id=\"paititi\">Paititi<\/h2>\n\n\n\n<div class=\"wp-block-image is-style-bottom-wave\"><figure class=\"alignright\"><img decoding=\"async\" width=\"300\" height=\"200\" data-src=\"https:\/\/learnspanishinperu.net\/wp-content\/uploads\/2015\/11\/Manu-Nationalpark-road-300x200.jpg\" alt=\"Paititi Manu Nationalpark\" class=\"wp-image-3146 lazyload\" title=\"Paititi Manu National Park\" src=\"data:image\/svg+xml;base64,PHN2ZyB3aWR0aD0iMSIgaGVpZ2h0PSIxIiB4bWxucz0iaHR0cDovL3d3dy53My5vcmcvMjAwMC9zdmciPjwvc3ZnPg==\" style=\"--smush-placeholder-width: 300px; --smush-placeholder-aspect-ratio: 300\/200;\" \/><\/figure><\/div>\n\n\n\n<p>Haben Sie jemals von der <strong>legend\u00e4ren Inka-Stadt Paititi<\/strong> geh\u00f6rt? Um es zu finden, m\u00fcssen Sie irgendwo \u00f6stlich der Anden gehen, versteckt in der Wildnis des Waldes. Diese Stadt ist ber\u00fchmt f\u00fcr ihren Reichtum an Gold, Silber und Juwelen. Viele Chronikgeschichten aus dem 16. und 17. Jahrhundert enthalten diese Stadt.<\/p>\n\n\n\n<p>Das Interesse von Paititi wurde durch einen Bericht an den Papst um das Jahr 1600 wiederbelebt. Dieser Bericht wurde im Jahr 2001 bei den r\u00f6misch-katholischen Jesuiten gefunden. Sie finden Paititi in den Pantiacolla-Bergen in Manu und es ist ein Ort mit vielen m\u00f6glichen Expeditionen. Vielleicht finden Sie es selbst!<\/p>\n<\/div><\/div>\n\n\n\n<div style=\"height:70px\" aria-hidden=\"true\" class=\"wp-block-spacer\"><\/div>\n\n\n\n<div class=\"wp-block-group has-background\" style=\"background-color:#e7e7e7\"><div class=\"wp-block-group__inner-container is-layout-flow wp-block-group-is-layout-flow\">\n<h2 class=\"has-text-align-center wp-block-heading\" id=\"manu-expeditions\">Manu expeditions<\/h2>\n\n\n\n<p class=\"has-text-align-center\">Manu ist einer der besten Orte der Welt f\u00fcr Dschungelausfl\u00fcge, Expeditionen und Abenteuer. Wir bieten <strong>zwei verschiedene Ausfl\u00fcge in den Manu-Nationalpark<\/strong> an: einen f\u00fcnft\u00e4gigen und einen siebent\u00e4gigen abenteuerlichen Regenwald-Dschungelausflug.<\/p>\n\n\n\n<div class=\"wp-block-buttons is-horizontal is-content-justification-center is-layout-flex wp-container-core-buttons-is-layout-499968f5 wp-block-buttons-is-layout-flex\">\n<div class=\"wp-block-button\"><a class=\"wp-block-button__link has-background\" href=\"https:\/\/learnspanishinperu.net\/de\/touren-peru\/amazonas-regenwald\/manu-nationalpark\/manu-expedition-5-tage-4-nachte\/\" style=\"background-color:#008000\">Manu 5 Tage<\/a><\/div>\n\n\n\n<div class=\"wp-block-button\"><a class=\"wp-block-button__link has-background\" href=\"https:\/\/learnspanishinperu.net\/de\/touren-peru\/amazonas-regenwald\/manu-nationalpark\/manu-biospharenreservat-7t-6n\/\" style=\"background-color:#ffa500\">Manu Expedition 7 Tage<\/a><\/div>\n<\/div>\n<\/div><\/div>\n\n\n\n<p><\/p>\n\n\n\n<div style=\"height:30px\" aria-hidden=\"true\" class=\"wp-block-spacer\"><\/div>\n<\/div><\/div>\n\n\n\n<div style=\"height:30px\" aria-hidden=\"true\" class=\"wp-block-spacer\"><\/div>\n\n\n\n<div style=\"height:30px\" aria-hidden=\"true\" class=\"wp-block-spacer\"><\/div>\n","protected":false},"excerpt":{"rendered":"<p>Manu Nationalpark Von Cusco sind es nur vier Autostunden bis zur Grenze des Manu-Nationalparks. Der Manu-Nationalpark geh\u00f6rt seit 1987 zum UNESCO-Weltkulturerbe. Von der Grenze des Nationalparks sind es noch ein oder zwei Tage mit dem Auto und dem Boot bis zum Herzen der sogenannten Reserved Zone. Der Manu-Nationalpark ist laut vielen Forschern und Biologen eines&hellip;<\/p>\n<p class=\"more\"><a class=\"more-link\" href=\"https:\/\/learnspanishinperu.net\/de\/touren-peru\/amazonas-regenwald\/manu-nationalpark\/\">Continue reading <span class=\"screen-reader-text\">Manu Nationalpark<\/span><\/a><\/p>\n","protected":false},"author":1,"featured_media":0,"parent":17580,"menu_order":0,"comment_status":"closed","ping_status":"closed","template":"page-templates\/wide.php","meta":{"_coblocks_attr":"","_coblocks_dimensions":"","_coblocks_responsive_height":"","_coblocks_accordion_ie_support":"","footnotes":""},"class_list":["post-17765","page","type-page","status-publish","hentry","entry"],"yoast_head":"<!-- This site is optimized with the Yoast SEO plugin v27.5 - https:\/\/yoast.com\/product\/yoast-seo-wordpress\/ -->\n<title>Manu Nationalpark Peru - Mundo Antiguo - Manu Cusco<\/title>\n<meta name=\"description\" content=\"Der Manu-Nationalpark Peru, laut vielen Forschern und Biologen eines der unber\u00fchrtesten Naturgebiete der Welt. Wir bieten zwei Ausfl\u00fcge an.\" \/>\n<meta name=\"robots\" content=\"index, follow, max-snippet:-1, max-image-preview:large, max-video-preview:-1\" \/>\n<link rel=\"canonical\" href=\"https:\/\/learnspanishinperu.net\/de\/touren-peru\/amazonas-regenwald\/manu-nationalpark\/\" \/>\n<meta property=\"og:locale\" content=\"de_DE\" \/>\n<meta property=\"og:type\" content=\"article\" \/>\n<meta property=\"og:title\" content=\"Manu Nationalpark Peru - Mundo Antiguo - Manu Cusco\" \/>\n<meta property=\"og:description\" content=\"Der Manu-Nationalpark Peru, laut vielen Forschern und Biologen eines der unber\u00fchrtesten Naturgebiete der Welt. Wir bieten zwei Ausfl\u00fcge an.\" \/>\n<meta property=\"og:url\" content=\"https:\/\/learnspanishinperu.net\/de\/touren-peru\/amazonas-regenwald\/manu-nationalpark\/\" \/>\n<meta property=\"og:site_name\" content=\"Mundo Antiguo\" \/>\n<meta property=\"article:publisher\" content=\"http:\/\/www.facebook.com\/MundoAntiguoSpanishSchool\" \/>\n<meta property=\"article:modified_time\" content=\"2022-01-27T00:42:50+00:00\" \/>\n<meta property=\"og:image\" content=\"https:\/\/learnspanishinperu.net\/wp-content\/uploads\/2015\/11\/manu-peru.jpg\" \/>\n<meta name=\"twitter:card\" content=\"summary_large_image\" \/>\n<meta name=\"twitter:site\" content=\"@MASpanishschool\" \/>\n<meta name=\"twitter:label1\" content=\"Gesch\u00e4tzte Lesezeit\" \/>\n\t<meta name=\"twitter:data1\" content=\"2 Minuten\" \/>\n<!-- \/ Yoast SEO plugin. -->","yoast_head_json":{"title":"Manu Nationalpark Peru - Mundo Antiguo - Manu Cusco","description":"Der Manu-Nationalpark Peru, laut vielen Forschern und Biologen eines der unber\u00fchrtesten Naturgebiete der Welt. Wir bieten zwei Ausfl\u00fcge an.","robots":{"index":"index","follow":"follow","max-snippet":"max-snippet:-1","max-image-preview":"max-image-preview:large","max-video-preview":"max-video-preview:-1"},"canonical":"https:\/\/learnspanishinperu.net\/de\/touren-peru\/amazonas-regenwald\/manu-nationalpark\/","og_locale":"de_DE","og_type":"article","og_title":"Manu Nationalpark Peru - Mundo Antiguo - Manu Cusco","og_description":"Der Manu-Nationalpark Peru, laut vielen Forschern und Biologen eines der unber\u00fchrtesten Naturgebiete der Welt. Wir bieten zwei Ausfl\u00fcge an.","og_url":"https:\/\/learnspanishinperu.net\/de\/touren-peru\/amazonas-regenwald\/manu-nationalpark\/","og_site_name":"Mundo Antiguo","article_publisher":"http:\/\/www.facebook.com\/MundoAntiguoSpanishSchool","article_modified_time":"2022-01-27T00:42:50+00:00","og_image":[{"url":"https:\/\/learnspanishinperu.net\/wp-content\/uploads\/2015\/11\/manu-peru.jpg","type":"","width":"","height":""}],"twitter_card":"summary_large_image","twitter_site":"@MASpanishschool","twitter_misc":{"Gesch\u00e4tzte Lesezeit":"2 Minuten"},"schema":{"@context":"https:\/\/schema.org","@graph":[{"@type":"WebPage","@id":"https:\/\/learnspanishinperu.net\/de\/touren-peru\/amazonas-regenwald\/manu-nationalpark\/","url":"https:\/\/learnspanishinperu.net\/de\/touren-peru\/amazonas-regenwald\/manu-nationalpark\/","name":"Manu Nationalpark Peru - Mundo Antiguo - Manu Cusco","isPartOf":{"@id":"https:\/\/learnspanishinperu.net\/#website"},"primaryImageOfPage":{"@id":"https:\/\/learnspanishinperu.net\/de\/touren-peru\/amazonas-regenwald\/manu-nationalpark\/#primaryimage"},"image":{"@id":"https:\/\/learnspanishinperu.net\/de\/touren-peru\/amazonas-regenwald\/manu-nationalpark\/#primaryimage"},"thumbnailUrl":"https:\/\/learnspanishinperu.net\/wp-content\/uploads\/2015\/11\/manu-peru.jpg","datePublished":"2020-09-18T18:51:14+00:00","dateModified":"2022-01-27T00:42:50+00:00","description":"Der Manu-Nationalpark Peru, laut vielen Forschern und Biologen eines der unber\u00fchrtesten Naturgebiete der Welt. Wir bieten zwei Ausfl\u00fcge an.","breadcrumb":{"@id":"https:\/\/learnspanishinperu.net\/de\/touren-peru\/amazonas-regenwald\/manu-nationalpark\/#breadcrumb"},"inLanguage":"de-DE","potentialAction":[{"@type":"ReadAction","target":["https:\/\/learnspanishinperu.net\/de\/touren-peru\/amazonas-regenwald\/manu-nationalpark\/"]}]},{"@type":"ImageObject","inLanguage":"de-DE","@id":"https:\/\/learnspanishinperu.net\/de\/touren-peru\/amazonas-regenwald\/manu-nationalpark\/#primaryimage","url":"https:\/\/learnspanishinperu.net\/wp-content\/uploads\/2015\/11\/manu-peru.jpg","contentUrl":"https:\/\/learnspanishinperu.net\/wp-content\/uploads\/2015\/11\/manu-peru.jpg"},{"@type":"BreadcrumbList","@id":"https:\/\/learnspanishinperu.net\/de\/touren-peru\/amazonas-regenwald\/manu-nationalpark\/#breadcrumb","itemListElement":[{"@type":"ListItem","position":1,"name":"Home","item":"https:\/\/learnspanishinperu.net\/de\/"},{"@type":"ListItem","position":2,"name":"Touren in Peru","item":"https:\/\/learnspanishinperu.net\/de\/touren-peru\/"},{"@type":"ListItem","position":3,"name":"Amazonas-Regenwald","item":"https:\/\/learnspanishinperu.net\/de\/touren-peru\/amazonas-regenwald\/"},{"@type":"ListItem","position":4,"name":"Manu Nationalpark"}]},{"@type":"WebSite","@id":"https:\/\/learnspanishinperu.net\/#website","url":"https:\/\/learnspanishinperu.net\/","name":"Mundo Antiguo","description":"Spanish school Cusco","publisher":{"@id":"https:\/\/learnspanishinperu.net\/#organization"},"potentialAction":[{"@type":"SearchAction","target":{"@type":"EntryPoint","urlTemplate":"https:\/\/learnspanishinperu.net\/?s={search_term_string}"},"query-input":{"@type":"PropertyValueSpecification","valueRequired":true,"valueName":"search_term_string"}}],"inLanguage":"de-DE"},{"@type":"Organization","@id":"https:\/\/learnspanishinperu.net\/#organization","name":"Mundo Antiguo","url":"https:\/\/learnspanishinperu.net\/","logo":{"@type":"ImageObject","inLanguage":"de-DE","@id":"https:\/\/learnspanishinperu.net\/#\/schema\/logo\/image\/","url":"https:\/\/learnspanishinperu.net\/wp-content\/uploads\/2016\/04\/logo-Spanish-school-Cusco-Peru-e1547820355169.jpg","contentUrl":"https:\/\/learnspanishinperu.net\/wp-content\/uploads\/2016\/04\/logo-Spanish-school-Cusco-Peru-e1547820355169.jpg","width":100,"height":83,"caption":"Mundo Antiguo"},"image":{"@id":"https:\/\/learnspanishinperu.net\/#\/schema\/logo\/image\/"},"sameAs":["http:\/\/www.facebook.com\/MundoAntiguoSpanishSchool","https:\/\/x.com\/MASpanishschool","https:\/\/www.instagram.com\/mundoantiguo_spanishschool\/","https:\/\/www.linkedin.com\/company\/mundo-antiguo-spanish-school","http:\/\/www.pinterest.com\/mundoantiguo\/"]}]}},"_links":{"self":[{"href":"https:\/\/learnspanishinperu.net\/de\/wp-json\/wp\/v2\/pages\/17765","targetHints":{"allow":["GET"]}}],"collection":[{"href":"https:\/\/learnspanishinperu.net\/de\/wp-json\/wp\/v2\/pages"}],"about":[{"href":"https:\/\/learnspanishinperu.net\/de\/wp-json\/wp\/v2\/types\/page"}],"author":[{"embeddable":true,"href":"https:\/\/learnspanishinperu.net\/de\/wp-json\/wp\/v2\/users\/1"}],"replies":[{"embeddable":true,"href":"https:\/\/learnspanishinperu.net\/de\/wp-json\/wp\/v2\/comments?post=17765"}],"version-history":[{"count":7,"href":"https:\/\/learnspanishinperu.net\/de\/wp-json\/wp\/v2\/pages\/17765\/revisions"}],"predecessor-version":[{"id":24589,"href":"https:\/\/learnspanishinperu.net\/de\/wp-json\/wp\/v2\/pages\/17765\/revisions\/24589"}],"up":[{"embeddable":true,"href":"https:\/\/learnspanishinperu.net\/de\/wp-json\/wp\/v2\/pages\/17580"}],"wp:attachment":[{"href":"https:\/\/learnspanishinperu.net\/de\/wp-json\/wp\/v2\/media?parent=17765"}],"curies":[{"name":"wp","href":"https:\/\/api.w.org\/{rel}","templated":true}]}}