{"id":17580,"date":"2020-09-07T11:50:39","date_gmt":"2020-09-07T16:50:39","guid":{"rendered":"https:\/\/learnspanishinperu.net\/touren-peru\/amazonas-regenwald\/"},"modified":"2023-08-02T09:41:04","modified_gmt":"2023-08-02T14:41:04","slug":"amazonas-regenwald","status":"publish","type":"page","link":"https:\/\/learnspanishinperu.net\/de\/touren-peru\/amazonas-regenwald\/","title":{"rendered":"Amazonas-Regenwald"},"content":{"rendered":"\n<div class=\"wp-block-group\"><div class=\"wp-block-group__inner-container is-layout-flow wp-block-group-is-layout-flow\">\n<div class=\"wp-block-cover alignfull has-parallax mt-0\" style=\"min-height:460px;aspect-ratio:unset;\"><span aria-hidden=\"true\" class=\"wp-block-cover__background has-background-dim-10 has-background-dim\"><\/span><div role=\"img\" class=\"wp-block-cover__image-background wp-image-17818 has-parallax lazyload\" style=\"background-position:50% 50%;background-image:inherit\" data-bg-image=\"url(https:\/\/learnspanishinperu.net\/wp-content\/uploads\/2020\/10\/manu-peru-amazon-rainforest-3.jpeg)\"><\/div><div class=\"wp-block-cover__inner-container is-layout-flow wp-block-cover-is-layout-flow\">\n<h1 class=\"wp-block-heading has-text-align-center has-white-color has-text-color\" style=\"font-size:60px\"><mark style=\"background-color:rgba(0, 0, 0, 0)\" class=\"has-inline-color has-white-color\">Amazonas-Regenwald<\/mark><\/h1>\n\n\n\n<p class=\"has-text-align-center has-white-color has-text-color has-5-xl-font-size\"><em>Manu-Nationalpark &amp; Tambopata<\/em><\/p>\n<\/div><\/div>\n\n\n\n<div style=\"height:40px\" aria-hidden=\"true\" class=\"wp-block-spacer\"><\/div>\n\n\n\n<blockquote class=\"wp-block-quote is-style-large is-style-plain has-2-xl-font-size is-layout-flow wp-block-quote-is-layout-flow\" style=\"font-style:normal;font-weight:400\">\n<p>Amazonas-Regenwald in Peru<\/p>\n<cite>Ein gro\u00dfer Teil des peruanischen Territoriums ist der Amazonas-Regenwald. Da Cusco eine Stadt in den Anden ist, merken die Menschen nicht oft, dass Cusco in der N\u00e4he des Amazonas-Regenwaldes in Peru liegt. Von Cusco aus k\u00f6nnen Sie zwischen zwei verschiedenen Regenwaldzielen w\u00e4hlen. Beide Ziele befinden sich in der Region Madre de Dios.<\/cite><\/blockquote>\n\n\n\n<div style=\"height:30px\" aria-hidden=\"true\" class=\"wp-block-spacer\"><\/div>\n\n\n\n<div class=\"wp-block-group has-background\" style=\"background-color:#e7e7e7\"><div class=\"wp-block-group__inner-container is-layout-flow wp-block-group-is-layout-flow\">\n<h3 class=\"wp-block-heading\" id=\"manu-nationalpark-tambopata\">Manu Nationalpark &amp; \u200b\u200bTambopata<\/h3>\n\n\n<div class=\"wp-block-image is-style-bottom-wave\">\n<figure class=\"alignright size-medium\"><a href=\"https:\/\/learnspanishinperu.net\/wp-content\/uploads\/2020\/10\/peru-amazon-rainforest.jpg\"><img decoding=\"async\" width=\"200\" height=\"300\" data-src=\"https:\/\/learnspanishinperu.net\/wp-content\/uploads\/2020\/10\/peru-amazon-rainforest-200x300.jpg\" alt=\"\" class=\"wp-image-17897 lazyload\" data-srcset=\"https:\/\/learnspanishinperu.net\/wp-content\/uploads\/2020\/10\/peru-amazon-rainforest-200x300.jpg 200w, https:\/\/learnspanishinperu.net\/wp-content\/uploads\/2020\/10\/peru-amazon-rainforest.jpg 667w\" data-sizes=\"(max-width: 200px) 100vw, 200px\" src=\"data:image\/svg+xml;base64,PHN2ZyB3aWR0aD0iMSIgaGVpZ2h0PSIxIiB4bWxucz0iaHR0cDovL3d3dy53My5vcmcvMjAwMC9zdmciPjwvc3ZnPg==\" style=\"--smush-placeholder-width: 200px; --smush-placeholder-aspect-ratio: 200\/300;\" \/><\/a><\/figure>\n<\/div>\n\n\n<p><strong><em>Es ist nicht nur ein Regenwald<\/em><\/strong><br \/>Die W\u00e4lder der Region Madre de Dios waren von Zeit zu Zeit ein nat\u00fcrlicher Zufluchtsort f\u00fcr B\u00e4ume, Pflanzen und Tierarten. In der Vergangenheit haben nur sehr wenige Menschen au\u00dferhalb der Trockenperioden eine Reise zum Amazonas unternommen. Madre de Dios war wie eine \u201eInsel\u201c im Regenwald, umgeben von trockeneren Wiesen. Forscher glauben, dass die Madre de Dios eine solche \u201eInsel\u201c war. Die Menschen haben die Region seit Millionen von Jahren nicht mehr ber\u00fchrt. Dies ist ein wichtiger Grund, um die <strong>enorme Artenvielfalt im Amazonas<\/strong> zu erkl\u00e4ren.<\/p>\n\n\n\n<p><strong><em>Kein Kontakt<\/em><\/strong><br \/>In der Region Madre de Dios leben 18 verschiedene indigene Kulturen. Viele Bewohner der Region leben ohne Kontakt oder mit nur wenig Kontakt zur Au\u00dfenwelt. Vergleichbar mit ihren Vorfahren vor Tausenden von Jahren. In diesem Teil des Amazonas leben immer noch Menschen, die nie Kontakt mit der modernen Welt aufgenommen haben.<\/p>\n\n\n\n<p><strong><em>Das Wetter<\/em><\/strong><\/p>\n\n\n<div class=\"wp-block-image is-style-bottom-wave\">\n<figure class=\"alignright\"><img decoding=\"async\" width=\"260\" height=\"173\" data-src=\"https:\/\/learnspanishinperu.net\/wp-content\/uploads\/2015\/11\/parrots-clay-lick.jpg\" alt=\"Papageien Clay Lick Manu Expedition\" class=\"wp-image-3151 lazyload\" src=\"data:image\/svg+xml;base64,PHN2ZyB3aWR0aD0iMSIgaGVpZ2h0PSIxIiB4bWxucz0iaHR0cDovL3d3dy53My5vcmcvMjAwMC9zdmciPjwvc3ZnPg==\" style=\"--smush-placeholder-width: 260px; --smush-placeholder-aspect-ratio: 260\/173;\" \/><\/figure>\n<\/div>\n\n\n<p>Nehmen Sie einen Pullover mit, wenn Sie in den Regenwald von Tambopata gehen! Nein &#8211; wir machen nur Spa\u00df. Manu National Park und Tambopata sind hei\u00dfe Regionen. Die Temperaturen k\u00f6nnen das ganze Jahr \u00fcber ziemlich hoch sein. Aber in einigen Monaten (wie im August) ist es m\u00f6glich, dass kalte Winde aus dem S\u00fcden kommen. In den Bergen kann die Temperatur auf 7 Grad Celsius fallen. Sie m\u00f6chten wahrscheinlich keine M\u00fctze oder einen Schal in Ihrem Rucksack zu einem normalerweise so warmen Ziel tragen, aber wir k\u00f6nnen Sie nur warnen, dass es irgendwann kalt werden kann.<\/p>\n\n\n\n<p>Bitte \u00fcberpr\u00fcfen Sie die <strong>Amazonas-Regenwaldtouren<\/strong>, die wir zum Manu-Nationalpark und nach Tambopata anbieten.<\/p>\n\n\n\n<div class=\"wp-block-buttons is-horizontal is-content-justification-center is-layout-flex wp-container-core-buttons-is-layout-499968f5 wp-block-buttons-is-layout-flex\">\n<div class=\"wp-block-button\"><a class=\"wp-block-button__link has-background wp-element-button\" href=\"https:\/\/learnspanishinperu.net\/de\/touren-peru\/amazonas-regenwald\/manu-nationalpark\/\" style=\"background-color:#008000\">Manu-Nationalpark<\/a><\/div>\n\n\n\n<div class=\"wp-block-button\"><a class=\"wp-block-button__link has-background wp-element-button\" href=\"https:\/\/learnspanishinperu.net\/de\/touren-peru\/amazonas-regenwald\/tambopata\/\" style=\"background-color:#ffa500\">Tambopata<\/a><\/div>\n<\/div>\n<\/div><\/div>\n\n\n\n<div style=\"height:30px\" aria-hidden=\"true\" class=\"wp-block-spacer\"><\/div>\n<\/div><\/div>\n","protected":false},"excerpt":{"rendered":"<p>Amazonas-Regenwald in Peru Manu Nationalpark &amp; \u200b\u200bTambopata Es ist nicht nur ein RegenwaldDie W\u00e4lder der Region Madre de Dios waren von Zeit zu Zeit ein nat\u00fcrlicher Zufluchtsort f\u00fcr B\u00e4ume, Pflanzen und Tierarten. In der Vergangenheit haben nur sehr wenige Menschen au\u00dferhalb der Trockenperioden eine Reise zum Amazonas unternommen. Madre de Dios war wie eine \u201eInsel\u201c&hellip;<\/p>\n<p class=\"more\"><a class=\"more-link\" href=\"https:\/\/learnspanishinperu.net\/de\/touren-peru\/amazonas-regenwald\/\">Continue reading <span class=\"screen-reader-text\">Amazonas-Regenwald<\/span><\/a><\/p>\n","protected":false},"author":1,"featured_media":0,"parent":17550,"menu_order":0,"comment_status":"closed","ping_status":"closed","template":"page-templates\/wide.php","meta":{"_coblocks_attr":"","_coblocks_dimensions":"","_coblocks_responsive_height":"","_coblocks_accordion_ie_support":"","footnotes":""},"class_list":["post-17580","page","type-page","status-publish","hentry","entry"],"yoast_head":"<!-- This site is optimized with the Yoast SEO plugin v27.5 - https:\/\/yoast.com\/product\/yoast-seo-wordpress\/ -->\n<title>Amazonas-Regenwald, Manu-Nationalpark Tambopata Peru<\/title>\n<meta name=\"description\" content=\"Ein gro\u00dfer Teil des peruanischen Territoriums ist der Amazonas-Regenwald. Von Cusco aus k\u00f6nnen Sie nach Tambopata und zum Manu fahren!\" \/>\n<meta name=\"robots\" content=\"index, follow, max-snippet:-1, max-image-preview:large, max-video-preview:-1\" \/>\n<link rel=\"canonical\" href=\"https:\/\/learnspanishinperu.net\/de\/touren-peru\/amazonas-regenwald\/\" \/>\n<meta property=\"og:locale\" content=\"de_DE\" \/>\n<meta property=\"og:type\" content=\"article\" \/>\n<meta property=\"og:title\" content=\"Amazonas-Regenwald, Manu-Nationalpark Tambopata Peru\" \/>\n<meta property=\"og:description\" content=\"Ein gro\u00dfer Teil des peruanischen Territoriums ist der Amazonas-Regenwald. Von Cusco aus k\u00f6nnen Sie nach Tambopata und zum Manu fahren!\" \/>\n<meta property=\"og:url\" content=\"https:\/\/learnspanishinperu.net\/de\/touren-peru\/amazonas-regenwald\/\" \/>\n<meta property=\"og:site_name\" content=\"Mundo Antiguo\" \/>\n<meta property=\"article:publisher\" content=\"http:\/\/www.facebook.com\/MundoAntiguoSpanishSchool\" \/>\n<meta property=\"article:modified_time\" content=\"2023-08-02T14:41:04+00:00\" \/>\n<meta property=\"og:image\" content=\"https:\/\/learnspanishinperu.net\/wp-content\/uploads\/2020\/10\/peru-amazon-rainforest-200x300.jpg\" \/>\n<meta name=\"twitter:card\" content=\"summary_large_image\" \/>\n<meta name=\"twitter:site\" content=\"@MASpanishschool\" \/>\n<meta name=\"twitter:label1\" content=\"Gesch\u00e4tzte Lesezeit\" \/>\n\t<meta name=\"twitter:data1\" content=\"2 Minuten\" \/>\n<!-- \/ Yoast SEO plugin. -->","yoast_head_json":{"title":"Amazonas-Regenwald, Manu-Nationalpark Tambopata Peru","description":"Ein gro\u00dfer Teil des peruanischen Territoriums ist der Amazonas-Regenwald. Von Cusco aus k\u00f6nnen Sie nach Tambopata und zum Manu fahren!","robots":{"index":"index","follow":"follow","max-snippet":"max-snippet:-1","max-image-preview":"max-image-preview:large","max-video-preview":"max-video-preview:-1"},"canonical":"https:\/\/learnspanishinperu.net\/de\/touren-peru\/amazonas-regenwald\/","og_locale":"de_DE","og_type":"article","og_title":"Amazonas-Regenwald, Manu-Nationalpark Tambopata Peru","og_description":"Ein gro\u00dfer Teil des peruanischen Territoriums ist der Amazonas-Regenwald. Von Cusco aus k\u00f6nnen Sie nach Tambopata und zum Manu fahren!","og_url":"https:\/\/learnspanishinperu.net\/de\/touren-peru\/amazonas-regenwald\/","og_site_name":"Mundo Antiguo","article_publisher":"http:\/\/www.facebook.com\/MundoAntiguoSpanishSchool","article_modified_time":"2023-08-02T14:41:04+00:00","og_image":[{"url":"https:\/\/learnspanishinperu.net\/wp-content\/uploads\/2020\/10\/peru-amazon-rainforest-200x300.jpg","type":"","width":"","height":""}],"twitter_card":"summary_large_image","twitter_site":"@MASpanishschool","twitter_misc":{"Gesch\u00e4tzte Lesezeit":"2 Minuten"},"schema":{"@context":"https:\/\/schema.org","@graph":[{"@type":"WebPage","@id":"https:\/\/learnspanishinperu.net\/de\/touren-peru\/amazonas-regenwald\/","url":"https:\/\/learnspanishinperu.net\/de\/touren-peru\/amazonas-regenwald\/","name":"Amazonas-Regenwald, Manu-Nationalpark Tambopata Peru","isPartOf":{"@id":"https:\/\/learnspanishinperu.net\/#website"},"primaryImageOfPage":{"@id":"https:\/\/learnspanishinperu.net\/de\/touren-peru\/amazonas-regenwald\/#primaryimage"},"image":{"@id":"https:\/\/learnspanishinperu.net\/de\/touren-peru\/amazonas-regenwald\/#primaryimage"},"thumbnailUrl":"https:\/\/learnspanishinperu.net\/wp-content\/uploads\/2020\/10\/peru-amazon-rainforest-200x300.jpg","datePublished":"2020-09-07T16:50:39+00:00","dateModified":"2023-08-02T14:41:04+00:00","description":"Ein gro\u00dfer Teil des peruanischen Territoriums ist der Amazonas-Regenwald. Von Cusco aus k\u00f6nnen Sie nach Tambopata und zum Manu fahren!","breadcrumb":{"@id":"https:\/\/learnspanishinperu.net\/de\/touren-peru\/amazonas-regenwald\/#breadcrumb"},"inLanguage":"de-DE","potentialAction":[{"@type":"ReadAction","target":["https:\/\/learnspanishinperu.net\/de\/touren-peru\/amazonas-regenwald\/"]}]},{"@type":"ImageObject","inLanguage":"de-DE","@id":"https:\/\/learnspanishinperu.net\/de\/touren-peru\/amazonas-regenwald\/#primaryimage","url":"https:\/\/learnspanishinperu.net\/wp-content\/uploads\/2020\/10\/peru-amazon-rainforest-200x300.jpg","contentUrl":"https:\/\/learnspanishinperu.net\/wp-content\/uploads\/2020\/10\/peru-amazon-rainforest-200x300.jpg"},{"@type":"BreadcrumbList","@id":"https:\/\/learnspanishinperu.net\/de\/touren-peru\/amazonas-regenwald\/#breadcrumb","itemListElement":[{"@type":"ListItem","position":1,"name":"Home","item":"https:\/\/learnspanishinperu.net\/de\/"},{"@type":"ListItem","position":2,"name":"Touren in Peru","item":"https:\/\/learnspanishinperu.net\/de\/touren-peru\/"},{"@type":"ListItem","position":3,"name":"Amazonas-Regenwald"}]},{"@type":"WebSite","@id":"https:\/\/learnspanishinperu.net\/#website","url":"https:\/\/learnspanishinperu.net\/","name":"Mundo Antiguo","description":"Spanish school Cusco","publisher":{"@id":"https:\/\/learnspanishinperu.net\/#organization"},"potentialAction":[{"@type":"SearchAction","target":{"@type":"EntryPoint","urlTemplate":"https:\/\/learnspanishinperu.net\/?s={search_term_string}"},"query-input":{"@type":"PropertyValueSpecification","valueRequired":true,"valueName":"search_term_string"}}],"inLanguage":"de-DE"},{"@type":"Organization","@id":"https:\/\/learnspanishinperu.net\/#organization","name":"Mundo Antiguo","url":"https:\/\/learnspanishinperu.net\/","logo":{"@type":"ImageObject","inLanguage":"de-DE","@id":"https:\/\/learnspanishinperu.net\/#\/schema\/logo\/image\/","url":"https:\/\/learnspanishinperu.net\/wp-content\/uploads\/2016\/04\/logo-Spanish-school-Cusco-Peru-e1547820355169.jpg","contentUrl":"https:\/\/learnspanishinperu.net\/wp-content\/uploads\/2016\/04\/logo-Spanish-school-Cusco-Peru-e1547820355169.jpg","width":100,"height":83,"caption":"Mundo Antiguo"},"image":{"@id":"https:\/\/learnspanishinperu.net\/#\/schema\/logo\/image\/"},"sameAs":["http:\/\/www.facebook.com\/MundoAntiguoSpanishSchool","https:\/\/x.com\/MASpanishschool","https:\/\/www.instagram.com\/mundoantiguo_spanishschool\/","https:\/\/www.linkedin.com\/company\/mundo-antiguo-spanish-school","http:\/\/www.pinterest.com\/mundoantiguo\/"]}]}},"_links":{"self":[{"href":"https:\/\/learnspanishinperu.net\/de\/wp-json\/wp\/v2\/pages\/17580","targetHints":{"allow":["GET"]}}],"collection":[{"href":"https:\/\/learnspanishinperu.net\/de\/wp-json\/wp\/v2\/pages"}],"about":[{"href":"https:\/\/learnspanishinperu.net\/de\/wp-json\/wp\/v2\/types\/page"}],"author":[{"embeddable":true,"href":"https:\/\/learnspanishinperu.net\/de\/wp-json\/wp\/v2\/users\/1"}],"replies":[{"embeddable":true,"href":"https:\/\/learnspanishinperu.net\/de\/wp-json\/wp\/v2\/comments?post=17580"}],"version-history":[{"count":13,"href":"https:\/\/learnspanishinperu.net\/de\/wp-json\/wp\/v2\/pages\/17580\/revisions"}],"predecessor-version":[{"id":44689,"href":"https:\/\/learnspanishinperu.net\/de\/wp-json\/wp\/v2\/pages\/17580\/revisions\/44689"}],"up":[{"embeddable":true,"href":"https:\/\/learnspanishinperu.net\/de\/wp-json\/wp\/v2\/pages\/17550"}],"wp:attachment":[{"href":"https:\/\/learnspanishinperu.net\/de\/wp-json\/wp\/v2\/media?parent=17580"}],"curies":[{"name":"wp","href":"https:\/\/api.w.org\/{rel}","templated":true}]}}