{"id":17550,"date":"2020-09-07T09:51:00","date_gmt":"2020-09-07T14:51:00","guid":{"rendered":"https:\/\/learnspanishinperu.net\/touren-in-peru\/"},"modified":"2024-12-10T10:18:03","modified_gmt":"2024-12-10T15:18:03","slug":"touren-peru","status":"publish","type":"page","link":"https:\/\/learnspanishinperu.net\/de\/touren-peru\/","title":{"rendered":"Touren in Peru"},"content":{"rendered":"\n<div class=\"wp-block-group\"><div class=\"wp-block-group__inner-container is-layout-flow wp-block-group-is-layout-flow\">\n<div class=\"wp-block-group\"><div class=\"wp-block-group__inner-container is-layout-flow wp-block-group-is-layout-flow\">\n<div class=\"wp-block-cover alignfull has-parallax mt-0\" style=\"min-height:460px;aspect-ratio:unset;\"><span aria-hidden=\"true\" class=\"wp-block-cover__background has-background-dim-20 has-background-dim\"><\/span><div class=\"wp-block-cover__image-background wp-image-14311 has-parallax lazyload\" style=\"background-position:50% 50%;background-image:inherit\" data-bg-image=\"url(https:\/\/learnspanishinperu.net\/wp-content\/uploads\/2020\/05\/Cultura-2-scaled.jpg)\"><\/div><div class=\"wp-block-cover__inner-container is-layout-flow wp-block-cover-is-layout-flow\">\n<h1 class=\"wp-block-heading has-text-align-center has-white-color has-text-color\" id=\"touren-in-peru\" style=\"font-size:60px\">Touren in Peru<\/h1>\n\n\n\n<p class=\"has-text-align-center has-white-color has-text-color has-5-xl-font-size\"><em>Auswahl der beliebtesten Touren<\/em><\/p>\n<\/div><\/div>\n\n\n\n<div style=\"height:70px\" aria-hidden=\"true\" class=\"wp-block-spacer\"><\/div>\n\n\n\n<div class=\"wp-block-group has-background\" style=\"background-color:#e7e7e7\"><div class=\"wp-block-group__inner-container is-layout-flow wp-block-group-is-layout-flow\">\n<h2 class=\"wp-block-heading has-text-align-center\" id=\"die-besten-touren-in-peru\">Die besten Touren in Peru<\/h2>\n\n\n<div class=\"wp-block-image is-style-bottom-wave\">\n<figure class=\"alignright size-medium\"><a href=\"https:\/\/learnspanishinperu.net\/wp-content\/uploads\/2020\/10\/trek-cusco-peru.jpg\"><img decoding=\"async\" width=\"300\" height=\"244\" data-src=\"https:\/\/learnspanishinperu.net\/wp-content\/uploads\/2020\/10\/trek-cusco-peru-300x244.jpg\" alt=\"\" class=\"wp-image-17957 lazyload\" data-srcset=\"https:\/\/learnspanishinperu.net\/wp-content\/uploads\/2020\/10\/trek-cusco-peru-300x244.jpg 300w, https:\/\/learnspanishinperu.net\/wp-content\/uploads\/2020\/10\/trek-cusco-peru-768x625.jpg 768w, https:\/\/learnspanishinperu.net\/wp-content\/uploads\/2020\/10\/trek-cusco-peru.jpg 798w\" data-sizes=\"(max-width: 300px) 100vw, 300px\" src=\"data:image\/svg+xml;base64,PHN2ZyB3aWR0aD0iMSIgaGVpZ2h0PSIxIiB4bWxucz0iaHR0cDovL3d3dy53My5vcmcvMjAwMC9zdmciPjwvc3ZnPg==\" style=\"--smush-placeholder-width: 300px; --smush-placeholder-aspect-ratio: 300\/244;\" \/><\/a><\/figure>\n<\/div>\n\n\n<p>Kombinieren Sie Ihr <span style=\"text-decoration: underline;\"><a href=\"https:\/\/learnspanishinperu.net\/de\/faq\/spanisch\/\">Spanischprogramm<\/a><\/span> bei Mundo Antiguo in Cusco mit einigen der <strong>besten Touren in Peru<\/strong>. Cusco ist das Tor zu <span style=\"text-decoration: underline;\"><a href=\"https:\/\/learnspanishinperu.net\/de\/faq\/machu-picchu\/\">Machu Picchu<\/a><\/span> und zu verschiedenen Zielen im <span style=\"text-decoration: underline;\"><a href=\"https:\/\/learnspanishinperu.net\/de\/touren-peru\/amazonas-regenwald\/\">Amazonas-Regenwald<\/a><\/span>. Und von der Stadt Cusco aus k\u00f6nnen Sie fantastische <strong>Wochenendausfl\u00fcge<\/strong> unternehmen. Wie w\u00e4re es mit einer Bootsfahrt auf dem <span style=\"text-decoration: underline;\"><a href=\"https:\/\/learnspanishinperu.net\/de\/touren-peru\/titicacasee\/\">Titicacasee<\/a><\/span> und besuchen Sie einige Inseln oder gehen Sie zum <a href=\"https:\/\/learnspanishinperu.net\/de\/touren-peru\/colca-canyon\/\"><span style=\"text-decoration: underline;\">Colca Canyon<\/span><\/a>, um den Kondor fliegen zu sehen. Und Sie k\u00f6nnen nicht gehen, ohne das sch\u00f6ne <span style=\"text-decoration: underline;\"><a href=\"https:\/\/learnspanishinperu.net\/de\/touren-peru\/heiliges-tal\/\">Heilige Tal der Inkas<\/a><\/span> besucht zu haben. Weiter weg, aber interessant und machbar vor oder nach Ihrem Programm bei uns in Cusco: die r\u00e4tselhaften <strong>Nazca-Linien<\/strong>, die <strong>Islas Ballestas<\/strong> in der N\u00e4he von Paracas und die <strong>Sandd\u00fcnen<\/strong> von Huacachina, um ernsthaftes Sandboarden zu machen!<\/p>\n\n\n\n<p>Es gibt also viele verschiedene <strong>Tagesausfl\u00fcge<\/strong> in und um die Stadt Cusco. Und in der N\u00e4he der Stadt finden Sie eine gro\u00dfe Auswahl an <strong>Abenteuern<\/strong>! Ohne Zweifel sind die Anden der perfekte Ort, um w\u00e4hrend Ihrer Reise aktive Sportarten und Aktivit\u00e4ten auszu\u00fcben. Einige der beliebtesten Aktivit\u00e4ten sind Wildwasser-Rafting, Mountainbiken, Reiten, Paragliding, Klettern und Bungee-Jumping. Wenn Sie ein abenteuerlustiger Typ sind, lesen Sie bitte unser <span style=\"text-decoration: underline;\"><a href=\"https:\/\/learnspanishinperu.net\/de\/spanisch-lernen\/spanisch-pakete\/\">Spanisch- und Abenteuerprogramm<\/a><\/span>.<\/p>\n\n\n\n<p>Die meisten Touren und Ausfl\u00fcge lassen sich leicht mit Ihrem Programm in Cusco kombinieren. Die Mehrheit der Sch\u00fcler entscheidet sich daf\u00fcr, von Montag bis Freitag zu studieren und an den Wochenenden die Sch\u00f6nheit von Cusco und Peru zu erkunden. Wir f\u00fchren die Touren nicht selbst durch, sondern arbeiten mit einem hoch angesehenen und professionellen lokalen Reiseveranstalter zusammen, der sich auf qualitativ hochwertige Touren und pers\u00f6nlichen Service spezialisiert hat. <\/p>\n\n\n\n<p>Die Preise der Touren variieren aufgrund wechselnder Vorschriften, fehlender Verf\u00fcgbarkeit oder \u00e4ndernder Eintrittsgeb\u00fchren oder Genehmigungen. Und wir wollen keine Versprechen machen, die wir nicht behalten k\u00f6nnen. Deshalb ist es schwierig, unsere Preise zu ver\u00f6ffentlichen, obwohl wir uns freuen w\u00fcrden, unsere Preise sind sehr konkurrenzf\u00e4hig. Bitte kontaktieren Sie uns, um ein Preisangebot anzufordern, und Sie werden das selbst herausfinden!<\/p>\n\n\n\n<p>Hier haben wir einige Vorschl\u00e4ge, da dies die <strong>beliebtesten Touren in Peru<\/strong> sind.<\/p>\n<\/div><\/div>\n\n\n\n<div style=\"height:60px\" aria-hidden=\"true\" class=\"wp-block-spacer\"><\/div>\n\n\n\n<h2 class=\"wp-block-heading has-text-align-center\" id=\"beliebteste-touren-in-peru\">Beliebteste Touren in Peru<\/h2>\n<\/div><\/div>\n<\/div><\/div>\n\n\n\n<figure class=\"wp-block-gallery columns-3 is-cropped\"><ul class=\"blocks-gallery-grid\"><li class=\"blocks-gallery-item\"><figure><a href=\"https:\/\/learnspanishinperu.net\/nl\/tours-in-peru\/machu-picchu-per-trein\/\"><img decoding=\"async\" width=\"220\" height=\"120\" data-src=\"https:\/\/learnspanishinperu.net\/wp-content\/uploads\/2015\/10\/Machu-Picchu.jpg\" alt=\"Regenboogberg\" data-id=\"2680\" data-full-url=\"https:\/\/learnspanishinperu.net\/wp-content\/uploads\/2015\/10\/Machu-Picchu.jpg\" data-link=\"https:\/\/learnspanishinperu.net\/nl\/tours-in-peru\/regenboogberg\/\" class=\"wp-image-2680 lazyload\" src=\"data:image\/svg+xml;base64,PHN2ZyB3aWR0aD0iMSIgaGVpZ2h0PSIxIiB4bWxucz0iaHR0cDovL3d3dy53My5vcmcvMjAwMC9zdmciPjwvc3ZnPg==\" style=\"--smush-placeholder-width: 220px; --smush-placeholder-aspect-ratio: 220\/120;\" \/><figcaption class=\"blocks-gallery-item__caption\">Regenboogberg &#8211; Rainbow Mountain<\/figcaption><\/a><\/figure><\/li>\n\n<li class=\"blocks-gallery-item\"><figure><a href=\"https:\/\/learnspanishinperu.net\/tours-in-peru\/amazon-rainforest\/\"><img decoding=\"async\" width=\"1024\" height=\"768\" data-src=\"https:\/\/learnspanishinperu.net\/wp-content\/uploads\/2020\/10\/manu-peru-amazon-rainforest-3-1024x768.jpeg\" alt=\"Amazonas Regenwald\" data-id=\"17814\" data-full-url=\"https:\/\/learnspanishinperu.net\/wp-content\/uploads\/2020\/10\/manu-peru-amazon-rainforest-3.jpeg\" data-link=\"https:\/\/learnspanishinperu.net\/manu-peru-amazon-rainforest-3\/\" class=\"wp-image-17814 lazyload\" data-srcset=\"https:\/\/learnspanishinperu.net\/wp-content\/uploads\/2020\/10\/manu-peru-amazon-rainforest-3-1024x768.jpeg 1024w, https:\/\/learnspanishinperu.net\/wp-content\/uploads\/2020\/10\/manu-peru-amazon-rainforest-3-300x225.jpeg 300w, https:\/\/learnspanishinperu.net\/wp-content\/uploads\/2020\/10\/manu-peru-amazon-rainforest-3-768x576.jpeg 768w, https:\/\/learnspanishinperu.net\/wp-content\/uploads\/2020\/10\/manu-peru-amazon-rainforest-3-373x280.jpeg 373w, https:\/\/learnspanishinperu.net\/wp-content\/uploads\/2020\/10\/manu-peru-amazon-rainforest-3.jpeg 1152w\" data-sizes=\"(max-width: 1024px) 100vw, 1024px\" src=\"data:image\/svg+xml;base64,PHN2ZyB3aWR0aD0iMSIgaGVpZ2h0PSIxIiB4bWxucz0iaHR0cDovL3d3dy53My5vcmcvMjAwMC9zdmciPjwvc3ZnPg==\" style=\"--smush-placeholder-width: 1024px; --smush-placeholder-aspect-ratio: 1024\/768;\" \/><figcaption class=\"blocks-gallery-item__caption\">Amazonas Regenwald<\/figcaption><\/a><\/figure><\/li><li class=\"blocks-gallery-item\"><figure><a href=\"https:\/\/learnspanishinperu.net\/tours-in-peru\/treks-to-machu-picchu\/\"><img decoding=\"async\" width=\"229\" height=\"172\" data-src=\"https:\/\/learnspanishinperu.net\/wp-content\/uploads\/2015\/11\/Salkantay4600-229x172.jpg\" alt=\"Salkantay Trek Machu Picchu\" data-id=\"3167\" data-full-url=\"https:\/\/learnspanishinperu.net\/wp-content\/uploads\/2015\/11\/Salkantay4600-229x172.jpg\" data-link=\"https:\/\/learnspanishinperu.net\/tours-in-peru\/treks-to-machu-picchu\/salkantay-trek-to-machu-picchu\/salkantay4600-229x172\/\" class=\"wp-image-3167 lazyload\" src=\"data:image\/svg+xml;base64,PHN2ZyB3aWR0aD0iMSIgaGVpZ2h0PSIxIiB4bWxucz0iaHR0cDovL3d3dy53My5vcmcvMjAwMC9zdmciPjwvc3ZnPg==\" style=\"--smush-placeholder-width: 229px; --smush-placeholder-aspect-ratio: 229\/172;\" \/><figcaption class=\"blocks-gallery-item__caption\">Trekkings nach Machu Picchu<\/figcaption><\/a><\/figure><\/li><li class=\"blocks-gallery-item\"><figure><a href=\"https:\/\/learnspanishinperu.net\/tours-in-peru\/lake-titicaca\/\"><img decoding=\"async\" width=\"1024\" height=\"768\" data-src=\"https:\/\/learnspanishinperu.net\/wp-content\/uploads\/2020\/10\/Titicaca-1024x768.jpg\" alt=\"lake titicaca\" data-id=\"17932\" data-full-url=\"https:\/\/learnspanishinperu.net\/wp-content\/uploads\/2020\/10\/Titicaca.jpg\" data-link=\"https:\/\/learnspanishinperu.net\/tours-in-peru\/lake-titicaca\/titicaca\/\" class=\"wp-image-17932 lazyload\" data-srcset=\"https:\/\/learnspanishinperu.net\/wp-content\/uploads\/2020\/10\/Titicaca-1024x768.jpg 1024w, https:\/\/learnspanishinperu.net\/wp-content\/uploads\/2020\/10\/Titicaca-300x225.jpg 300w, https:\/\/learnspanishinperu.net\/wp-content\/uploads\/2020\/10\/Titicaca-768x576.jpg 768w, https:\/\/learnspanishinperu.net\/wp-content\/uploads\/2020\/10\/Titicaca-1536x1152.jpg 1536w, https:\/\/learnspanishinperu.net\/wp-content\/uploads\/2020\/10\/Titicaca-373x280.jpg 373w, https:\/\/learnspanishinperu.net\/wp-content\/uploads\/2020\/10\/Titicaca.jpg 1600w\" data-sizes=\"(max-width: 1024px) 100vw, 1024px\" src=\"data:image\/svg+xml;base64,PHN2ZyB3aWR0aD0iMSIgaGVpZ2h0PSIxIiB4bWxucz0iaHR0cDovL3d3dy53My5vcmcvMjAwMC9zdmciPjwvc3ZnPg==\" style=\"--smush-placeholder-width: 1024px; --smush-placeholder-aspect-ratio: 1024\/768;\" \/><figcaption class=\"blocks-gallery-item__caption\">Titicacasee<\/figcaption><\/a><\/figure><\/li><li class=\"blocks-gallery-item\"><figure><a href=\"https:\/\/learnspanishinperu.net\/tours-in-peru\/colca-canyon\/\"><img decoding=\"async\" data-src=\"https:\/\/learnspanishinperu.net\/wp-content\/uploads\/2021\/05\/Andean-Condor.jpg\" alt=\"colca canyon condor\" data-id=\"20542\" data-full-url=\"https:\/\/learnspanishinperu.net\/wp-content\/uploads\/2021\/05\/Andean-Condor.jpg\" data-link=\"https:\/\/learnspanishinperu.net\/tours-in-peru\/colca-canyon\/andean-condor\/\" class=\"wp-image-20542 lazyload\" src=\"data:image\/svg+xml;base64,PHN2ZyB3aWR0aD0iMSIgaGVpZ2h0PSIxIiB4bWxucz0iaHR0cDovL3d3dy53My5vcmcvMjAwMC9zdmciPjwvc3ZnPg==\" style=\"--smush-placeholder-width: 750px; --smush-placeholder-aspect-ratio: 750\/500;\" \/><figcaption class=\"blocks-gallery-item__caption\">Colca Canyon<\/figcaption><\/a><\/figure><\/li><li class=\"blocks-gallery-item\"><figure><a href=\"https:\/\/learnspanishinperu.net\/tours-in-peru\/south-coast\/\"><img decoding=\"async\" width=\"1024\" height=\"768\" data-src=\"https:\/\/learnspanishinperu.net\/wp-content\/uploads\/2015\/11\/huacachina-4-1024x768.jpg\" alt=\"huacachina Peru\" data-id=\"2923\" data-full-url=\"https:\/\/learnspanishinperu.net\/wp-content\/uploads\/2015\/11\/huacachina-4-e1460423654923.jpg\" data-link=\"https:\/\/learnspanishinperu.net\/tours-in-peru\/south-coast\/huacachina-4\/\" class=\"wp-image-2923 lazyload\" src=\"data:image\/svg+xml;base64,PHN2ZyB3aWR0aD0iMSIgaGVpZ2h0PSIxIiB4bWxucz0iaHR0cDovL3d3dy53My5vcmcvMjAwMC9zdmciPjwvc3ZnPg==\" style=\"--smush-placeholder-width: 1024px; --smush-placeholder-aspect-ratio: 1024\/768;\" \/><figcaption class=\"blocks-gallery-item__caption\">S\u00fcdk\u00fcste von Peru<\/figcaption><\/a><\/figure><\/li><\/ul><\/figure>\n\n\n\n<div style=\"height:30px\" aria-hidden=\"true\" class=\"wp-block-spacer\"><\/div>\n\n\n\n<div class=\"wp-block-group\"><div class=\"wp-block-group__inner-container is-layout-flow wp-block-group-is-layout-flow\">\n<div class=\"wp-block-buttons is-horizontal is-content-justification-center is-layout-flex wp-container-core-buttons-is-layout-499968f5 wp-block-buttons-is-layout-flex\">\n<div class=\"wp-block-button\"><a class=\"wp-block-button__link has-background wp-element-button\" href=\"https:\/\/learnspanishinperu.net\/de\/preise\/\" style=\"background-color:#008000\">Preise<\/a><\/div>\n\n\n\n<div class=\"wp-block-button\"><a class=\"wp-block-button__link has-background wp-element-button\" href=\"https:\/\/learnspanishinperu.net\/de\/kontakt\/\" style=\"background-color:#ffa500\">Kontaktieren Sie uns f\u00fcr weitere Informationen<\/a><\/div>\n\n\n\n<div class=\"wp-block-button\"><a class=\"wp-block-button__link has-background wp-element-button\" href=\"https:\/\/learnspanishinperu.net\/de\/touren-peru\/highlights\/\" style=\"background-color:#0000ff\">Touristische Highlights<\/a><\/div>\n<\/div>\n<\/div><\/div>\n\n\n\n<div style=\"height:30px\" aria-hidden=\"true\" class=\"wp-block-spacer\"><\/div>\n\n\n\n<p><\/p>\n","protected":false},"excerpt":{"rendered":"<p>Die besten Touren in Peru Kombinieren Sie Ihr Spanischprogramm bei Mundo Antiguo in Cusco mit einigen der besten Touren in Peru. Cusco ist das Tor zu Machu Picchu und zu verschiedenen Zielen im Amazonas-Regenwald. Und von der Stadt Cusco aus k\u00f6nnen Sie fantastische Wochenendausfl\u00fcge unternehmen. Wie w\u00e4re es mit einer Bootsfahrt auf dem Titicacasee und&hellip;<\/p>\n<p class=\"more\"><a class=\"more-link\" href=\"https:\/\/learnspanishinperu.net\/de\/touren-peru\/\">Continue reading <span class=\"screen-reader-text\">Touren in Peru<\/span><\/a><\/p>\n","protected":false},"author":1,"featured_media":0,"parent":0,"menu_order":0,"comment_status":"closed","ping_status":"closed","template":"page-templates\/wide.php","meta":{"_coblocks_attr":"","_coblocks_dimensions":"","_coblocks_responsive_height":"","_coblocks_accordion_ie_support":"","footnotes":""},"class_list":["post-17550","page","type-page","status-publish","hentry","entry"],"yoast_head":"<!-- This site is optimized with the Yoast SEO plugin v27.5 - https:\/\/yoast.com\/product\/yoast-seo-wordpress\/ -->\n<title>Touren in Peru - Mundo Antiguo Spanische Schule - Touren Cusco<\/title>\n<meta name=\"description\" content=\"Kombinieren Sie Ihr Programm in Cusco mit den besten Touren in Peru von Mundo Antiguo. Verschiedene Tagesausfl\u00fcge von Cusco und Abenteuern!\" \/>\n<meta name=\"robots\" content=\"index, follow, max-snippet:-1, max-image-preview:large, max-video-preview:-1\" \/>\n<link rel=\"canonical\" href=\"https:\/\/learnspanishinperu.net\/de\/touren-peru\/\" \/>\n<meta property=\"og:locale\" content=\"de_DE\" \/>\n<meta property=\"og:type\" content=\"article\" \/>\n<meta property=\"og:title\" content=\"Touren in Peru - Mundo Antiguo Spanische Schule - Touren Cusco\" \/>\n<meta property=\"og:description\" content=\"Kombinieren Sie Ihr Programm in Cusco mit den besten Touren in Peru von Mundo Antiguo. Verschiedene Tagesausfl\u00fcge von Cusco und Abenteuern!\" \/>\n<meta property=\"og:url\" content=\"https:\/\/learnspanishinperu.net\/de\/touren-peru\/\" \/>\n<meta property=\"og:site_name\" content=\"Mundo Antiguo\" \/>\n<meta property=\"article:publisher\" content=\"http:\/\/www.facebook.com\/MundoAntiguoSpanishSchool\" \/>\n<meta property=\"article:modified_time\" content=\"2024-12-10T15:18:03+00:00\" \/>\n<meta property=\"og:image\" content=\"https:\/\/learnspanishinperu.net\/wp-content\/uploads\/2020\/10\/trek-cusco-peru-300x244.jpg\" \/>\n<meta name=\"twitter:card\" content=\"summary_large_image\" \/>\n<meta name=\"twitter:site\" content=\"@MASpanishschool\" \/>\n<meta name=\"twitter:label1\" content=\"Gesch\u00e4tzte Lesezeit\" \/>\n\t<meta name=\"twitter:data1\" content=\"3 Minuten\" \/>\n<!-- \/ Yoast SEO plugin. -->","yoast_head_json":{"title":"Touren in Peru - Mundo Antiguo Spanische Schule - Touren Cusco","description":"Kombinieren Sie Ihr Programm in Cusco mit den besten Touren in Peru von Mundo Antiguo. Verschiedene Tagesausfl\u00fcge von Cusco und Abenteuern!","robots":{"index":"index","follow":"follow","max-snippet":"max-snippet:-1","max-image-preview":"max-image-preview:large","max-video-preview":"max-video-preview:-1"},"canonical":"https:\/\/learnspanishinperu.net\/de\/touren-peru\/","og_locale":"de_DE","og_type":"article","og_title":"Touren in Peru - Mundo Antiguo Spanische Schule - Touren Cusco","og_description":"Kombinieren Sie Ihr Programm in Cusco mit den besten Touren in Peru von Mundo Antiguo. Verschiedene Tagesausfl\u00fcge von Cusco und Abenteuern!","og_url":"https:\/\/learnspanishinperu.net\/de\/touren-peru\/","og_site_name":"Mundo Antiguo","article_publisher":"http:\/\/www.facebook.com\/MundoAntiguoSpanishSchool","article_modified_time":"2024-12-10T15:18:03+00:00","og_image":[{"url":"https:\/\/learnspanishinperu.net\/wp-content\/uploads\/2020\/10\/trek-cusco-peru-300x244.jpg","type":"","width":"","height":""}],"twitter_card":"summary_large_image","twitter_site":"@MASpanishschool","twitter_misc":{"Gesch\u00e4tzte Lesezeit":"3 Minuten"},"schema":{"@context":"https:\/\/schema.org","@graph":[{"@type":"WebPage","@id":"https:\/\/learnspanishinperu.net\/de\/touren-peru\/","url":"https:\/\/learnspanishinperu.net\/de\/touren-peru\/","name":"Touren in Peru - Mundo Antiguo Spanische Schule - Touren Cusco","isPartOf":{"@id":"https:\/\/learnspanishinperu.net\/#website"},"primaryImageOfPage":{"@id":"https:\/\/learnspanishinperu.net\/de\/touren-peru\/#primaryimage"},"image":{"@id":"https:\/\/learnspanishinperu.net\/de\/touren-peru\/#primaryimage"},"thumbnailUrl":"https:\/\/learnspanishinperu.net\/wp-content\/uploads\/2020\/10\/trek-cusco-peru-300x244.jpg","datePublished":"2020-09-07T14:51:00+00:00","dateModified":"2024-12-10T15:18:03+00:00","description":"Kombinieren Sie Ihr Programm in Cusco mit den besten Touren in Peru von Mundo Antiguo. Verschiedene Tagesausfl\u00fcge von Cusco und Abenteuern!","breadcrumb":{"@id":"https:\/\/learnspanishinperu.net\/de\/touren-peru\/#breadcrumb"},"inLanguage":"de-DE","potentialAction":[{"@type":"ReadAction","target":["https:\/\/learnspanishinperu.net\/de\/touren-peru\/"]}]},{"@type":"ImageObject","inLanguage":"de-DE","@id":"https:\/\/learnspanishinperu.net\/de\/touren-peru\/#primaryimage","url":"https:\/\/learnspanishinperu.net\/wp-content\/uploads\/2020\/10\/trek-cusco-peru-300x244.jpg","contentUrl":"https:\/\/learnspanishinperu.net\/wp-content\/uploads\/2020\/10\/trek-cusco-peru-300x244.jpg"},{"@type":"BreadcrumbList","@id":"https:\/\/learnspanishinperu.net\/de\/touren-peru\/#breadcrumb","itemListElement":[{"@type":"ListItem","position":1,"name":"Home","item":"https:\/\/learnspanishinperu.net\/de\/"},{"@type":"ListItem","position":2,"name":"Touren in Peru"}]},{"@type":"WebSite","@id":"https:\/\/learnspanishinperu.net\/#website","url":"https:\/\/learnspanishinperu.net\/","name":"Mundo Antiguo","description":"Spanish school Cusco","publisher":{"@id":"https:\/\/learnspanishinperu.net\/#organization"},"potentialAction":[{"@type":"SearchAction","target":{"@type":"EntryPoint","urlTemplate":"https:\/\/learnspanishinperu.net\/?s={search_term_string}"},"query-input":{"@type":"PropertyValueSpecification","valueRequired":true,"valueName":"search_term_string"}}],"inLanguage":"de-DE"},{"@type":"Organization","@id":"https:\/\/learnspanishinperu.net\/#organization","name":"Mundo Antiguo","url":"https:\/\/learnspanishinperu.net\/","logo":{"@type":"ImageObject","inLanguage":"de-DE","@id":"https:\/\/learnspanishinperu.net\/#\/schema\/logo\/image\/","url":"https:\/\/learnspanishinperu.net\/wp-content\/uploads\/2016\/04\/logo-Spanish-school-Cusco-Peru-e1547820355169.jpg","contentUrl":"https:\/\/learnspanishinperu.net\/wp-content\/uploads\/2016\/04\/logo-Spanish-school-Cusco-Peru-e1547820355169.jpg","width":100,"height":83,"caption":"Mundo Antiguo"},"image":{"@id":"https:\/\/learnspanishinperu.net\/#\/schema\/logo\/image\/"},"sameAs":["http:\/\/www.facebook.com\/MundoAntiguoSpanishSchool","https:\/\/x.com\/MASpanishschool","https:\/\/www.instagram.com\/mundoantiguo_spanishschool\/","https:\/\/www.linkedin.com\/company\/mundo-antiguo-spanish-school","http:\/\/www.pinterest.com\/mundoantiguo\/"]}]}},"_links":{"self":[{"href":"https:\/\/learnspanishinperu.net\/de\/wp-json\/wp\/v2\/pages\/17550","targetHints":{"allow":["GET"]}}],"collection":[{"href":"https:\/\/learnspanishinperu.net\/de\/wp-json\/wp\/v2\/pages"}],"about":[{"href":"https:\/\/learnspanishinperu.net\/de\/wp-json\/wp\/v2\/types\/page"}],"author":[{"embeddable":true,"href":"https:\/\/learnspanishinperu.net\/de\/wp-json\/wp\/v2\/users\/1"}],"replies":[{"embeddable":true,"href":"https:\/\/learnspanishinperu.net\/de\/wp-json\/wp\/v2\/comments?post=17550"}],"version-history":[{"count":20,"href":"https:\/\/learnspanishinperu.net\/de\/wp-json\/wp\/v2\/pages\/17550\/revisions"}],"predecessor-version":[{"id":48070,"href":"https:\/\/learnspanishinperu.net\/de\/wp-json\/wp\/v2\/pages\/17550\/revisions\/48070"}],"wp:attachment":[{"href":"https:\/\/learnspanishinperu.net\/de\/wp-json\/wp\/v2\/media?parent=17550"}],"curies":[{"name":"wp","href":"https:\/\/api.w.org\/{rel}","templated":true}]}}