{"id":16465,"date":"2020-03-24T21:04:11","date_gmt":"2020-03-25T02:04:11","guid":{"rendered":"https:\/\/learnspanishinperu.net\/services\/"},"modified":"2023-08-02T07:52:06","modified_gmt":"2023-08-02T12:52:06","slug":"dienstleistungen","status":"publish","type":"page","link":"https:\/\/learnspanishinperu.net\/de\/dienstleistungen\/","title":{"rendered":"Dienstleistungen"},"content":{"rendered":"\n<div class=\"wp-block-group alignfull\"><div class=\"wp-block-group__inner-container is-layout-flow wp-block-group-is-layout-flow\">\n<div class=\"wp-block-group alignfull\"><div class=\"wp-block-group__inner-container is-layout-flow wp-block-group-is-layout-flow\">\n<div class=\"wp-block-cover alignfull has-parallax mt-0\" style=\"min-height:460px;aspect-ratio:unset;\"><span aria-hidden=\"true\" class=\"wp-block-cover__background has-background-dim-10 has-background-dim\"><\/span><div role=\"img\" class=\"wp-block-cover__image-background wp-image-15390 has-parallax lazyload\" style=\"background-position:50% 50%;background-image:inherit\" data-bg-image=\"url(https:\/\/learnspanishinperu.net\/wp-content\/uploads\/2016\/11\/crop-0-0-1910-446-0-crop-0-0-1910-446-0-crop-0-0-1910-446-0-crop-0-0-1910-446-0-crop-0-0-1910-446-0-crop-0-0-1910-446-0-crop-0-0-1910-446-0-crop-0-0-1910-446-0-header-spa.jpg)\"><\/div><div class=\"wp-block-cover__inner-container is-layout-flow wp-block-cover-is-layout-flow\">\n<p class=\"has-text-align-center has-white-color has-text-color\" style=\"font-size:60px\">Dienstleistungen Mundo Antigu<strong>o<\/strong><\/p>\n\n\n\n<p class=\"has-text-align-center has-white-color has-text-color has-5-xl-font-size\"><em>\u00dcberblick \u00fcber die wichtigsten Dienstleistungen, die wir Ihnen anbieten<\/em><\/p>\n<\/div><\/div>\n\n\n\n<div style=\"height:40px\" aria-hidden=\"true\" class=\"wp-block-spacer\"><\/div>\n\n\n\n<div class=\"wp-block-group alignwide\"><div class=\"wp-block-group__inner-container is-layout-flow wp-block-group-is-layout-flow\">\n<blockquote class=\"wp-block-quote is-style-large is-style-plain has-2-xl-font-size is-layout-flow wp-block-quote-is-layout-flow\" style=\"font-style:normal;font-weight:400\">\n<p>Dienstleistungen<\/p>\n<cite>]\u00dcberblick \u00fcber die Dienstleistungen der Mundo Antiguo Spanischschule. Wir bieten <strong>Unterk\u00fcnfte<\/strong> in Cusco, <strong>Freiwilligenarbeit<\/strong> in der Region Cusco, <strong>Praktikumspl\u00e4tze<\/strong> und die sch\u00f6nsten <strong>Touren<\/strong> in Peru und wir haben einige Reiseinformationen f\u00fcr Sie ausgew\u00e4hlt.<\/cite><\/blockquote>\n<\/div><\/div>\n<\/div><\/div>\n<\/div><\/div>\n\n\n\n<div style=\"height:30px\" aria-hidden=\"true\" class=\"wp-block-spacer\"><\/div>\n\n\n\n<div class=\"wp-block-columns is-layout-flex wp-container-core-columns-is-layout-9d6595d7 wp-block-columns-is-layout-flex\">\n<div class=\"wp-block-column is-layout-flow wp-block-column-is-layout-flow\">\n<div class=\"wp-block-coblocks-author\"><figure class=\"wp-block-coblocks-author__avatar\"><img decoding=\"async\" alt=\"Unterk\u00fcnfte\" class=\"wp-block-coblocks-author__avatar-img lazyload\" data-src=\"https:\/\/learnspanishinperu.net\/wp-content\/uploads\/2015\/10\/20160127_120937-e1460423778908.jpg\" src=\"data:image\/svg+xml;base64,PHN2ZyB3aWR0aD0iMSIgaGVpZ2h0PSIxIiB4bWxucz0iaHR0cDovL3d3dy53My5vcmcvMjAwMC9zdmciPjwvc3ZnPg==\" style=\"--smush-placeholder-width: 250px; --smush-placeholder-aspect-ratio: 250\/188;\" \/><\/figure><div class=\"wp-block-coblocks-author__content\"><span class=\"wp-block-coblocks-author__name\">Unterk\u00fcnfte<\/span><p class=\"wp-block-coblocks-author__biography\">Finden Sie die perfekte Unterkunft in Cusco!<\/p>\n\n<div class=\"wp-block-button\"><a class=\"wp-block-button__link has-background\" href=\"https:\/\/learnspanishinperu.net\/de\/unterkunft\/\" style=\"background-color:#008000\">Unterkunftsm\u00f6glichkeiten<\/a><\/div>\n\n<\/div><\/div>\n\n\n\n<div style=\"height:20px\" aria-hidden=\"true\" class=\"wp-block-spacer\"><\/div>\n\n\n\n<div class=\"wp-block-coblocks-author\"><figure class=\"wp-block-coblocks-author__avatar\"><img decoding=\"async\" alt=\"Touren in Peru\" class=\"wp-block-coblocks-author__avatar-img lazyload\" data-src=\"https:\/\/learnspanishinperu.net\/wp-content\/uploads\/2020\/10\/trek-cusco-peru.jpg\" src=\"data:image\/svg+xml;base64,PHN2ZyB3aWR0aD0iMSIgaGVpZ2h0PSIxIiB4bWxucz0iaHR0cDovL3d3dy53My5vcmcvMjAwMC9zdmciPjwvc3ZnPg==\" style=\"--smush-placeholder-width: 798px; --smush-placeholder-aspect-ratio: 798\/649;\" \/><\/figure><div class=\"wp-block-coblocks-author__content\"><span class=\"wp-block-coblocks-author__name\">Touren in Peru<\/span><p class=\"wp-block-coblocks-author__biography\">Eine Auswahl der beliebtesten Touren in Peru.<\/p>\n\n<div class=\"wp-block-button\"><a class=\"wp-block-button__link has-background\" href=\"https:\/\/learnspanishinperu.net\/de\/touren-peru\/\" style=\"background-color:#0000ff\">Touren in Peru<\/a><\/div>\n\n<\/div><\/div>\n\n\n\n<div style=\"height:20px\" aria-hidden=\"true\" class=\"wp-block-spacer\"><\/div>\n<\/div>\n\n\n\n<div class=\"wp-block-column is-layout-flow wp-block-column-is-layout-flow\">\n<div class=\"wp-block-coblocks-author\"><figure class=\"wp-block-coblocks-author__avatar\"><img decoding=\"async\" alt=\"Freiwilligenarbeit\" class=\"wp-block-coblocks-author__avatar-img lazyload\" data-src=\"https:\/\/learnspanishinperu.net\/wp-content\/uploads\/2013\/02\/volunteering-peru-2-1-e1479420575979.jpg\" src=\"data:image\/svg+xml;base64,PHN2ZyB3aWR0aD0iMSIgaGVpZ2h0PSIxIiB4bWxucz0iaHR0cDovL3d3dy53My5vcmcvMjAwMC9zdmciPjwvc3ZnPg==\" style=\"--smush-placeholder-width: 320px; --smush-placeholder-aspect-ratio: 320\/213;\" \/><\/figure><div class=\"wp-block-coblocks-author__content\"><span class=\"wp-block-coblocks-author__name\">Freiwilligenarbeit<\/span><p class=\"wp-block-coblocks-author__biography\">Freiwilligenarbeitsm\u00f6glichkeiten in und um Cusco.<\/p>\n\n<div class=\"wp-block-button\"><a class=\"wp-block-button__link has-background\" href=\"https:\/\/learnspanishinperu.net\/de\/freiwilligenarbeit\/\" style=\"background-color:#ffa500\">Freiwilligenarbeit in Cusco<\/a><\/div>\n\n<\/div><\/div>\n\n\n\n<div style=\"height:20px\" aria-hidden=\"true\" class=\"wp-block-spacer\"><\/div>\n\n\n\n<div class=\"wp-block-coblocks-author\"><figure class=\"wp-block-coblocks-author__avatar\"><img decoding=\"async\" alt=\"Praktikumspl\u00e4tze\" class=\"wp-block-coblocks-author__avatar-img lazyload\" data-src=\"https:\/\/learnspanishinperu.net\/wp-content\/uploads\/2016\/10\/internship-in-Cusco-e1476376020272.jpg\" src=\"data:image\/svg+xml;base64,PHN2ZyB3aWR0aD0iMSIgaGVpZ2h0PSIxIiB4bWxucz0iaHR0cDovL3d3dy53My5vcmcvMjAwMC9zdmciPjwvc3ZnPg==\" style=\"--smush-placeholder-width: 300px; --smush-placeholder-aspect-ratio: 300\/200;\" \/><\/figure><div class=\"wp-block-coblocks-author__content\"><span class=\"wp-block-coblocks-author__name\">Praktikumspl\u00e4tze<\/span><p class=\"wp-block-coblocks-author__biography\">Wir bieten Praktika in Cusco in verschiedenen Bereichen an.<\/p>\n\n<div class=\"wp-block-button\"><a class=\"wp-block-button__link has-background\" href=\"https:\/\/learnspanishinperu.net\/de\/praktikum\/\" style=\"background-color:#a52a2a\">Praktika<\/a><\/div>\n\n<\/div><\/div>\n\n\n\n<div style=\"height:20px\" aria-hidden=\"true\" class=\"wp-block-spacer\"><\/div>\n<\/div>\n<\/div>\n\n\n\n<div style=\"height:30px\" aria-hidden=\"true\" class=\"wp-block-spacer\"><\/div>\n\n\n\n<div class=\"wp-block-buttons is-horizontal is-content-justification-center is-layout-flex wp-container-core-buttons-is-layout-499968f5 wp-block-buttons-is-layout-flex\">\n<div class=\"wp-block-button\"><a class=\"wp-block-button__link has-background wp-element-button\" href=\"https:\/\/learnspanishinperu.net\/de\/unterkunft\/\" style=\"background-color:#008000\">Unterkunftsm\u00f6glichkeiten in Cusco<\/a><\/div>\n\n\n\n<div class=\"wp-block-button\"><a class=\"wp-block-button__link has-background wp-element-button\" href=\"https:\/\/learnspanishinperu.net\/de\/freiwilligenarbeit\/\" style=\"background-color:#ffa500\">Freiwilligenarbeit<\/a><\/div>\n\n\n\n<div class=\"wp-block-button\"><a class=\"wp-block-button__link has-background wp-element-button\" href=\"https:\/\/learnspanishinperu.net\/de\/praktikum\/\" style=\"background-color:#0000ff\">Praktika in Peru<\/a><\/div>\n\n\n\n<div class=\"wp-block-button\"><a class=\"wp-block-button__link has-background wp-element-button\" href=\"https:\/\/learnspanishinperu.net\/de\/programme\/\" style=\"background-color:#a52a2a\">Programme<\/a><\/div>\n<\/div>\n\n\n\n<div style=\"height:30px\" aria-hidden=\"true\" class=\"wp-block-spacer\"><\/div>\n","protected":false},"excerpt":{"rendered":"<p>Dienstleistungen<\/p>\n","protected":false},"author":1,"featured_media":0,"parent":0,"menu_order":0,"comment_status":"closed","ping_status":"closed","template":"page-templates\/wide.php","meta":{"_coblocks_attr":"","_coblocks_dimensions":"","_coblocks_responsive_height":"","_coblocks_accordion_ie_support":"","footnotes":""},"class_list":["post-16465","page","type-page","status-publish","hentry","entry"],"yoast_head":"<!-- This site is optimized with the Yoast SEO plugin v27.5 - https:\/\/yoast.com\/product\/yoast-seo-wordpress\/ -->\n<title>Dienstleistungen - Mundo Antiguo Spanisch Sprachschule in Cusco Peru<\/title>\n<meta name=\"description\" content=\"Dienstleistungen der Mundo Antiguo Spanischschule. Wir bieten Unterk\u00fcnfte in Cusco, Freiwilligenarbeit, Praktika und Touren in Peru!\" \/>\n<meta name=\"robots\" content=\"index, follow, max-snippet:-1, max-image-preview:large, max-video-preview:-1\" \/>\n<link rel=\"canonical\" href=\"https:\/\/learnspanishinperu.net\/de\/dienstleistungen\/\" \/>\n<meta property=\"og:locale\" content=\"de_DE\" \/>\n<meta property=\"og:type\" content=\"article\" \/>\n<meta property=\"og:title\" content=\"Dienstleistungen - Mundo Antiguo Spanisch Sprachschule in Cusco Peru\" \/>\n<meta property=\"og:description\" content=\"Dienstleistungen der Mundo Antiguo Spanischschule. Wir bieten Unterk\u00fcnfte in Cusco, Freiwilligenarbeit, Praktika und Touren in Peru!\" \/>\n<meta property=\"og:url\" content=\"https:\/\/learnspanishinperu.net\/de\/dienstleistungen\/\" \/>\n<meta property=\"og:site_name\" content=\"Mundo Antiguo\" \/>\n<meta property=\"article:publisher\" content=\"http:\/\/www.facebook.com\/MundoAntiguoSpanishSchool\" \/>\n<meta property=\"article:modified_time\" content=\"2023-08-02T12:52:06+00:00\" \/>\n<meta property=\"og:image\" content=\"https:\/\/learnspanishinperu.net\/wp-content\/uploads\/2015\/10\/20160127_120937-e1460423778908.jpg\" \/>\n<meta name=\"twitter:card\" content=\"summary_large_image\" \/>\n<meta name=\"twitter:site\" content=\"@MASpanishschool\" \/>\n<meta name=\"twitter:label1\" content=\"Gesch\u00e4tzte Lesezeit\" \/>\n\t<meta name=\"twitter:data1\" content=\"2 Minuten\" \/>\n<!-- \/ Yoast SEO plugin. -->","yoast_head_json":{"title":"Dienstleistungen - Mundo Antiguo Spanisch Sprachschule in Cusco Peru","description":"Dienstleistungen der Mundo Antiguo Spanischschule. Wir bieten Unterk\u00fcnfte in Cusco, Freiwilligenarbeit, Praktika und Touren in Peru!","robots":{"index":"index","follow":"follow","max-snippet":"max-snippet:-1","max-image-preview":"max-image-preview:large","max-video-preview":"max-video-preview:-1"},"canonical":"https:\/\/learnspanishinperu.net\/de\/dienstleistungen\/","og_locale":"de_DE","og_type":"article","og_title":"Dienstleistungen - Mundo Antiguo Spanisch Sprachschule in Cusco Peru","og_description":"Dienstleistungen der Mundo Antiguo Spanischschule. Wir bieten Unterk\u00fcnfte in Cusco, Freiwilligenarbeit, Praktika und Touren in Peru!","og_url":"https:\/\/learnspanishinperu.net\/de\/dienstleistungen\/","og_site_name":"Mundo Antiguo","article_publisher":"http:\/\/www.facebook.com\/MundoAntiguoSpanishSchool","article_modified_time":"2023-08-02T12:52:06+00:00","og_image":[{"url":"https:\/\/learnspanishinperu.net\/wp-content\/uploads\/2015\/10\/20160127_120937-e1460423778908.jpg","type":"","width":"","height":""}],"twitter_card":"summary_large_image","twitter_site":"@MASpanishschool","twitter_misc":{"Gesch\u00e4tzte Lesezeit":"2 Minuten"},"schema":{"@context":"https:\/\/schema.org","@graph":[{"@type":"WebPage","@id":"https:\/\/learnspanishinperu.net\/de\/dienstleistungen\/","url":"https:\/\/learnspanishinperu.net\/de\/dienstleistungen\/","name":"Dienstleistungen - Mundo Antiguo Spanisch Sprachschule in Cusco Peru","isPartOf":{"@id":"https:\/\/learnspanishinperu.net\/#website"},"primaryImageOfPage":{"@id":"https:\/\/learnspanishinperu.net\/de\/dienstleistungen\/#primaryimage"},"image":{"@id":"https:\/\/learnspanishinperu.net\/de\/dienstleistungen\/#primaryimage"},"thumbnailUrl":"https:\/\/learnspanishinperu.net\/wp-content\/uploads\/2015\/10\/20160127_120937-e1460423778908.jpg","datePublished":"2020-03-25T02:04:11+00:00","dateModified":"2023-08-02T12:52:06+00:00","description":"Dienstleistungen der Mundo Antiguo Spanischschule. Wir bieten Unterk\u00fcnfte in Cusco, Freiwilligenarbeit, Praktika und Touren in Peru!","breadcrumb":{"@id":"https:\/\/learnspanishinperu.net\/de\/dienstleistungen\/#breadcrumb"},"inLanguage":"de-DE","potentialAction":[{"@type":"ReadAction","target":["https:\/\/learnspanishinperu.net\/de\/dienstleistungen\/"]}]},{"@type":"ImageObject","inLanguage":"de-DE","@id":"https:\/\/learnspanishinperu.net\/de\/dienstleistungen\/#primaryimage","url":"https:\/\/learnspanishinperu.net\/wp-content\/uploads\/2015\/10\/20160127_120937-e1460423778908.jpg","contentUrl":"https:\/\/learnspanishinperu.net\/wp-content\/uploads\/2015\/10\/20160127_120937-e1460423778908.jpg"},{"@type":"BreadcrumbList","@id":"https:\/\/learnspanishinperu.net\/de\/dienstleistungen\/#breadcrumb","itemListElement":[{"@type":"ListItem","position":1,"name":"Home","item":"https:\/\/learnspanishinperu.net\/de\/"},{"@type":"ListItem","position":2,"name":"Dienstleistungen"}]},{"@type":"WebSite","@id":"https:\/\/learnspanishinperu.net\/#website","url":"https:\/\/learnspanishinperu.net\/","name":"Mundo Antiguo","description":"Spanish school Cusco","publisher":{"@id":"https:\/\/learnspanishinperu.net\/#organization"},"potentialAction":[{"@type":"SearchAction","target":{"@type":"EntryPoint","urlTemplate":"https:\/\/learnspanishinperu.net\/?s={search_term_string}"},"query-input":{"@type":"PropertyValueSpecification","valueRequired":true,"valueName":"search_term_string"}}],"inLanguage":"de-DE"},{"@type":"Organization","@id":"https:\/\/learnspanishinperu.net\/#organization","name":"Mundo Antiguo","url":"https:\/\/learnspanishinperu.net\/","logo":{"@type":"ImageObject","inLanguage":"de-DE","@id":"https:\/\/learnspanishinperu.net\/#\/schema\/logo\/image\/","url":"https:\/\/learnspanishinperu.net\/wp-content\/uploads\/2016\/04\/logo-Spanish-school-Cusco-Peru-e1547820355169.jpg","contentUrl":"https:\/\/learnspanishinperu.net\/wp-content\/uploads\/2016\/04\/logo-Spanish-school-Cusco-Peru-e1547820355169.jpg","width":100,"height":83,"caption":"Mundo Antiguo"},"image":{"@id":"https:\/\/learnspanishinperu.net\/#\/schema\/logo\/image\/"},"sameAs":["http:\/\/www.facebook.com\/MundoAntiguoSpanishSchool","https:\/\/x.com\/MASpanishschool","https:\/\/www.instagram.com\/mundoantiguo_spanishschool\/","https:\/\/www.linkedin.com\/company\/mundo-antiguo-spanish-school","http:\/\/www.pinterest.com\/mundoantiguo\/"]}]}},"_links":{"self":[{"href":"https:\/\/learnspanishinperu.net\/de\/wp-json\/wp\/v2\/pages\/16465","targetHints":{"allow":["GET"]}}],"collection":[{"href":"https:\/\/learnspanishinperu.net\/de\/wp-json\/wp\/v2\/pages"}],"about":[{"href":"https:\/\/learnspanishinperu.net\/de\/wp-json\/wp\/v2\/types\/page"}],"author":[{"embeddable":true,"href":"https:\/\/learnspanishinperu.net\/de\/wp-json\/wp\/v2\/users\/1"}],"replies":[{"embeddable":true,"href":"https:\/\/learnspanishinperu.net\/de\/wp-json\/wp\/v2\/comments?post=16465"}],"version-history":[{"count":26,"href":"https:\/\/learnspanishinperu.net\/de\/wp-json\/wp\/v2\/pages\/16465\/revisions"}],"predecessor-version":[{"id":44601,"href":"https:\/\/learnspanishinperu.net\/de\/wp-json\/wp\/v2\/pages\/16465\/revisions\/44601"}],"wp:attachment":[{"href":"https:\/\/learnspanishinperu.net\/de\/wp-json\/wp\/v2\/media?parent=16465"}],"curies":[{"name":"wp","href":"https:\/\/api.w.org\/{rel}","templated":true}]}}