{"id":16438,"date":"2020-03-24T21:57:12","date_gmt":"2020-03-25T02:57:12","guid":{"rendered":"https:\/\/learnspanishinperu.net\/programs\/spanish-with-workshops\/"},"modified":"2026-03-19T14:28:47","modified_gmt":"2026-03-19T19:28:47","slug":"workshops","status":"publish","type":"page","link":"https:\/\/learnspanishinperu.net\/de\/programme\/workshops\/","title":{"rendered":"Spanisch mit Workshops"},"content":{"rendered":"\n<div class=\"wp-block-cover alignfull is-light has-parallax mt-0\" style=\"min-height:460px;aspect-ratio:unset;\"><div class=\"wp-block-cover__image-background wp-image-42860 has-parallax lazyload\" style=\"background-position:50% 50%;background-image:inherit\" data-bg-image=\"url(https:\/\/learnspanishinperu.net\/wp-content\/uploads\/2023\/03\/G5A0232.jpg)\"><\/div><span aria-hidden=\"true\" class=\"wp-block-cover__background has-background-dim-10 has-background-dim\"><\/span><div class=\"wp-block-cover__inner-container is-layout-flow wp-block-cover-is-layout-flow\">\n<h1 class=\"wp-block-heading has-text-align-center\" id=\"spanisch-mit-workshops\" style=\"font-size:60px\"><mark style=\"background-color:rgba(0, 0, 0, 0)\" class=\"has-inline-color has-white-color\">Workshops in Cusco<\/mark><\/h1>\n\n\n\n<p class=\"has-text-align-center has-white-color has-text-color has-5-xl-font-size\"><em>Schokoladen und Koch Workshops<\/em><\/p>\n<\/div><\/div>\n\n\n\n<div style=\"height:10px\" aria-hidden=\"true\" class=\"wp-block-spacer\"><\/div>\n\n\n\n<blockquote class=\"wp-block-quote is-style-large is-style-plain has-2-xl-font-size is-layout-flow wp-block-quote-is-layout-flow\" style=\"font-style:normal;font-weight:400\">\n<p>Kombinieren Sie Ihr Spanischprogramm mit einem interessanten Workshop in Cusco!<\/p>\n<cite>Cusco ist die perfekte Stadt, um Spanisch zu lernen, aber es gibt nat\u00fcrlich noch mehr zu tun! Cusco ist ein Tolle Stadt mit vielen M\u00f6glichkeiten. Deshalb haben wir einige spezielle <strong>Spanischpakete<\/strong> entwickelt, in denen Sie Ihren Spanischkurs mit den <strong>besten Workshops<\/strong> kombinieren k\u00f6nnen, die Cusco zu bieten hat. <\/cite><\/blockquote>\n\n\n\n<div style=\"height:20px\" aria-hidden=\"true\" class=\"wp-block-spacer\"><\/div>\n\n\n\n<div class=\"wp-block-columns is-layout-flex wp-container-core-columns-is-layout-9d6595d7 wp-block-columns-is-layout-flex\">\n<div class=\"wp-block-column is-layout-flow wp-block-column-is-layout-flow\">\n<div class=\"wp-block-coblocks-author\" style=\"background-color: #e7e7e7; padding: 25px; border-radius: 8px; overflow: hidden; margin-bottom: 20px; font-family: sans-serif; display: block;\">\n    <div style=\"float: right; margin: 0 0 20px 25px; width: 300px;\">\n        <a href=\"https:\/\/learnspanishinperu.net\/de\/programme\/workshops\/spanisch-kochkurse\/\" style=\"text-decoration: none;\">\n            <img decoding=\"async\" alt=\"Kochkurse\" data-src=\"https:\/\/learnspanishinperu.net\/wp-content\/uploads\/2020\/07\/qtq80-ve0cJi.jpeg\" style=\"--smush-placeholder-width: 2021px; --smush-placeholder-aspect-ratio: 2021\/1440;width: 100%; height: auto; display: block; border-radius: 4px;\" src=\"data:image\/svg+xml;base64,PHN2ZyB3aWR0aD0iMSIgaGVpZ2h0PSIxIiB4bWxucz0iaHR0cDovL3d3dy53My5vcmcvMjAwMC9zdmciPjwvc3ZnPg==\" class=\"lazyload\" \/>\n        <\/a>\n    <\/div>\n    <div class=\"wp-block-coblocks-author__content\" style=\"float: none; display: block;\">\n        <span style=\"font-weight: bold; font-size: 1.3em; display: block; margin-bottom: 10px;\">\n            <a href=\"https:\/\/learnspanishinperu.net\/de\/programme\/workshops\/spanisch-kochkurse\/\" style=\"color: #333; text-decoration: none;\">Kochkurse<\/a>\n        <\/span>\n        <p style=\"margin: 0; line-height: 1.6; color: #444; max-width: 600px;\">\n            Dieses kulinarische Sprachprogramm erm\u00f6glicht es Ihnen, einen der ber\u00fchmtesten Aspekte Perus kennenzulernen: die K\u00fcche. Letztes Jahr gewann Peru bei den World Travel Awards zum achten Mal in Folge den Preis f\u00fcr das beste kulinarische Reiseziel. Daf\u00fcr gibt es einen guten Grund, den Sie mit diesem Programm selbst entdecken k\u00f6nnen.\n        <\/p>\n    <\/div>\n    <div style=\"clear: both;\"><\/div>\n<\/div>\n\n\n\n<div style=\"height:20px\" aria-hidden=\"true\" class=\"wp-block-spacer\"><\/div>\n<\/div>\n\n\n\n<div class=\"wp-block-column is-layout-flow wp-block-column-is-layout-flow\">\n<div class=\"wp-block-coblocks-author\" style=\"background-color: #e7e7e7; padding: 25px; border-radius: 8px; overflow: hidden; margin-bottom: 20px; font-family: sans-serif; display: block;\">\n    <div style=\"float: right; margin: 0 0 20px 25px; width: 300px;\">\n        <a href=\"https:\/\/learnspanishinperu.net\/de\/programme\/workshops\/schokoladenwerkstatt\/\" style=\"text-decoration: none;\">\n            <img decoding=\"async\" alt=\"Schokoladen-Workshop\" data-src=\"https:\/\/learnspanishinperu.net\/wp-content\/uploads\/2023\/03\/G5A0122.jpg\" style=\"--smush-placeholder-width: 5760px; --smush-placeholder-aspect-ratio: 5760\/3840;width: 100%; height: auto; display: block; border-radius: 4px;\" src=\"data:image\/svg+xml;base64,PHN2ZyB3aWR0aD0iMSIgaGVpZ2h0PSIxIiB4bWxucz0iaHR0cDovL3d3dy53My5vcmcvMjAwMC9zdmciPjwvc3ZnPg==\" class=\"lazyload\" \/>\n        <\/a>\n    <\/div>\n    <div class=\"wp-block-coblocks-author__content\" style=\"float: none; display: block;\">\n        <span style=\"font-weight: bold; font-size: 1.3em; display: block; margin-bottom: 10px;\">\n            <a href=\"https:\/\/learnspanishinperu.net\/de\/programme\/workshops\/schokoladenwerkstatt\/\" style=\"color: #333; text-decoration: none;\">Schokoladen-Workshop<\/a>\n        <\/span>\n        <p style=\"margin: 0; line-height: 1.6; color: #444; max-width: 600px;\">\n            Lernen Sie Spanisch, erfahren Sie mehr \u00fcber die Geschichte der Schokolade und bereiten Sie Ihre eigene Schokolade zu! <br \/><br \/>\n            Dieses Programm gibt Ihnen die M\u00f6glichkeit, ein unterhaltsames Programm mit Schokolade zu erleben, w\u00e4hrend Sie an unserer Spanischschule in Cusco Spanisch lernen.\n        <\/p>\n    <\/div>\n    <div style=\"clear: both;\"><\/div>\n<\/div>\n\n\n\n<div style=\"height:20px\" aria-hidden=\"true\" class=\"wp-block-spacer\"><\/div>\n<\/div>\n<\/div>\n\n\n\n<div style=\"height:1px\" aria-hidden=\"true\" class=\"wp-block-spacer\"><\/div>\n\n\n\n<div style=\"height:1px\" aria-hidden=\"true\" class=\"wp-block-spacer\"><\/div>\n\n\n\n<div style=\"height:30px\" aria-hidden=\"true\" class=\"wp-block-spacer\"><\/div>\n","protected":false},"excerpt":{"rendered":"<p>Kombinieren Sie Ihr Spanischprogramm mit einem interessanten Workshop in Cusco! Cusco ist die perfekte Stadt, um Spanisch zu lernen, aber es gibt nat\u00fcrlich noch mehr zu tun! Cusco ist ein Tolle Stadt mit vielen M\u00f6glichkeiten. Deshalb haben wir einige spezielle Spanischpakete entwickelt, in denen Sie Ihren Spanischkurs mit den besten Workshops kombinieren k\u00f6nnen, die Cusco&hellip;<\/p>\n<p class=\"more\"><a class=\"more-link\" href=\"https:\/\/learnspanishinperu.net\/de\/programme\/workshops\/\">Continue reading <span class=\"screen-reader-text\">Spanisch mit Workshops<\/span><\/a><\/p>\n","protected":false},"author":1,"featured_media":0,"parent":16380,"menu_order":0,"comment_status":"closed","ping_status":"closed","template":"page-templates\/wide.php","meta":{"_coblocks_attr":"","_coblocks_dimensions":"","_coblocks_responsive_height":"","_coblocks_accordion_ie_support":"","footnotes":""},"class_list":["post-16438","page","type-page","status-publish","hentry","entry"],"yoast_head":"<!-- This site is optimized with the Yoast SEO plugin v27.5 - https:\/\/yoast.com\/product\/yoast-seo-wordpress\/ -->\n<title>Spanisch mit Workshops - Mundo Antiguo - Kockkurs Schokoladen<\/title>\n<meta name=\"description\" content=\"Kombinieren Sie Ihren Spanischkurs mit den besten Workshops in Cusco. Spanischkurs mit peruanischem Koch- oder Schokoladenworkshop.\" \/>\n<meta name=\"robots\" content=\"index, follow, max-snippet:-1, max-image-preview:large, max-video-preview:-1\" \/>\n<link rel=\"canonical\" href=\"https:\/\/learnspanishinperu.net\/de\/programme\/workshops\/\" \/>\n<meta property=\"og:locale\" content=\"de_DE\" \/>\n<meta property=\"og:type\" content=\"article\" \/>\n<meta property=\"og:title\" content=\"Spanisch mit Workshops - Mundo Antiguo - Kockkurs Schokoladen\" \/>\n<meta property=\"og:description\" content=\"Kombinieren Sie Ihren Spanischkurs mit den besten Workshops in Cusco. Spanischkurs mit peruanischem Koch- oder Schokoladenworkshop.\" \/>\n<meta property=\"og:url\" content=\"https:\/\/learnspanishinperu.net\/de\/programme\/workshops\/\" \/>\n<meta property=\"og:site_name\" content=\"Mundo Antiguo\" \/>\n<meta property=\"article:publisher\" content=\"http:\/\/www.facebook.com\/MundoAntiguoSpanishSchool\" \/>\n<meta property=\"article:modified_time\" content=\"2026-03-19T19:28:47+00:00\" \/>\n<meta property=\"og:image\" content=\"https:\/\/learnspanishinperu.net\/wp-content\/uploads\/2020\/07\/qtq80-ve0cJi.jpeg\" \/>\n<meta name=\"twitter:card\" content=\"summary_large_image\" \/>\n<meta name=\"twitter:site\" content=\"@MASpanishschool\" \/>\n<meta name=\"twitter:label1\" content=\"Gesch\u00e4tzte Lesezeit\" \/>\n\t<meta name=\"twitter:data1\" content=\"1 Minute\" \/>\n<!-- \/ Yoast SEO plugin. -->","yoast_head_json":{"title":"Spanisch mit Workshops - Mundo Antiguo - Kockkurs Schokoladen","description":"Kombinieren Sie Ihren Spanischkurs mit den besten Workshops in Cusco. Spanischkurs mit peruanischem Koch- oder Schokoladenworkshop.","robots":{"index":"index","follow":"follow","max-snippet":"max-snippet:-1","max-image-preview":"max-image-preview:large","max-video-preview":"max-video-preview:-1"},"canonical":"https:\/\/learnspanishinperu.net\/de\/programme\/workshops\/","og_locale":"de_DE","og_type":"article","og_title":"Spanisch mit Workshops - Mundo Antiguo - Kockkurs Schokoladen","og_description":"Kombinieren Sie Ihren Spanischkurs mit den besten Workshops in Cusco. Spanischkurs mit peruanischem Koch- oder Schokoladenworkshop.","og_url":"https:\/\/learnspanishinperu.net\/de\/programme\/workshops\/","og_site_name":"Mundo Antiguo","article_publisher":"http:\/\/www.facebook.com\/MundoAntiguoSpanishSchool","article_modified_time":"2026-03-19T19:28:47+00:00","og_image":[{"url":"https:\/\/learnspanishinperu.net\/wp-content\/uploads\/2020\/07\/qtq80-ve0cJi.jpeg","type":"","width":"","height":""}],"twitter_card":"summary_large_image","twitter_site":"@MASpanishschool","twitter_misc":{"Gesch\u00e4tzte Lesezeit":"1 Minute"},"schema":{"@context":"https:\/\/schema.org","@graph":[{"@type":"WebPage","@id":"https:\/\/learnspanishinperu.net\/de\/programme\/workshops\/","url":"https:\/\/learnspanishinperu.net\/de\/programme\/workshops\/","name":"Spanisch mit Workshops - Mundo Antiguo - Kockkurs Schokoladen","isPartOf":{"@id":"https:\/\/learnspanishinperu.net\/#website"},"primaryImageOfPage":{"@id":"https:\/\/learnspanishinperu.net\/de\/programme\/workshops\/#primaryimage"},"image":{"@id":"https:\/\/learnspanishinperu.net\/de\/programme\/workshops\/#primaryimage"},"thumbnailUrl":"https:\/\/learnspanishinperu.net\/wp-content\/uploads\/2020\/07\/qtq80-ve0cJi.jpeg","datePublished":"2020-03-25T02:57:12+00:00","dateModified":"2026-03-19T19:28:47+00:00","description":"Kombinieren Sie Ihren Spanischkurs mit den besten Workshops in Cusco. Spanischkurs mit peruanischem Koch- oder Schokoladenworkshop.","breadcrumb":{"@id":"https:\/\/learnspanishinperu.net\/de\/programme\/workshops\/#breadcrumb"},"inLanguage":"de-DE","potentialAction":[{"@type":"ReadAction","target":["https:\/\/learnspanishinperu.net\/de\/programme\/workshops\/"]}]},{"@type":"ImageObject","inLanguage":"de-DE","@id":"https:\/\/learnspanishinperu.net\/de\/programme\/workshops\/#primaryimage","url":"https:\/\/learnspanishinperu.net\/wp-content\/uploads\/2020\/07\/qtq80-ve0cJi.jpeg","contentUrl":"https:\/\/learnspanishinperu.net\/wp-content\/uploads\/2020\/07\/qtq80-ve0cJi.jpeg"},{"@type":"BreadcrumbList","@id":"https:\/\/learnspanishinperu.net\/de\/programme\/workshops\/#breadcrumb","itemListElement":[{"@type":"ListItem","position":1,"name":"Home","item":"https:\/\/learnspanishinperu.net\/de\/"},{"@type":"ListItem","position":2,"name":"Programme","item":"https:\/\/learnspanishinperu.net\/de\/programme\/"},{"@type":"ListItem","position":3,"name":"Spanisch mit Workshops"}]},{"@type":"WebSite","@id":"https:\/\/learnspanishinperu.net\/#website","url":"https:\/\/learnspanishinperu.net\/","name":"Mundo Antiguo","description":"Spanish school Cusco","publisher":{"@id":"https:\/\/learnspanishinperu.net\/#organization"},"potentialAction":[{"@type":"SearchAction","target":{"@type":"EntryPoint","urlTemplate":"https:\/\/learnspanishinperu.net\/?s={search_term_string}"},"query-input":{"@type":"PropertyValueSpecification","valueRequired":true,"valueName":"search_term_string"}}],"inLanguage":"de-DE"},{"@type":"Organization","@id":"https:\/\/learnspanishinperu.net\/#organization","name":"Mundo Antiguo","url":"https:\/\/learnspanishinperu.net\/","logo":{"@type":"ImageObject","inLanguage":"de-DE","@id":"https:\/\/learnspanishinperu.net\/#\/schema\/logo\/image\/","url":"https:\/\/learnspanishinperu.net\/wp-content\/uploads\/2016\/04\/logo-Spanish-school-Cusco-Peru-e1547820355169.jpg","contentUrl":"https:\/\/learnspanishinperu.net\/wp-content\/uploads\/2016\/04\/logo-Spanish-school-Cusco-Peru-e1547820355169.jpg","width":100,"height":83,"caption":"Mundo Antiguo"},"image":{"@id":"https:\/\/learnspanishinperu.net\/#\/schema\/logo\/image\/"},"sameAs":["http:\/\/www.facebook.com\/MundoAntiguoSpanishSchool","https:\/\/x.com\/MASpanishschool","https:\/\/www.instagram.com\/mundoantiguo_spanishschool\/","https:\/\/www.linkedin.com\/company\/mundo-antiguo-spanish-school","http:\/\/www.pinterest.com\/mundoantiguo\/"]}]}},"_links":{"self":[{"href":"https:\/\/learnspanishinperu.net\/de\/wp-json\/wp\/v2\/pages\/16438","targetHints":{"allow":["GET"]}}],"collection":[{"href":"https:\/\/learnspanishinperu.net\/de\/wp-json\/wp\/v2\/pages"}],"about":[{"href":"https:\/\/learnspanishinperu.net\/de\/wp-json\/wp\/v2\/types\/page"}],"author":[{"embeddable":true,"href":"https:\/\/learnspanishinperu.net\/de\/wp-json\/wp\/v2\/users\/1"}],"replies":[{"embeddable":true,"href":"https:\/\/learnspanishinperu.net\/de\/wp-json\/wp\/v2\/comments?post=16438"}],"version-history":[{"count":22,"href":"https:\/\/learnspanishinperu.net\/de\/wp-json\/wp\/v2\/pages\/16438\/revisions"}],"predecessor-version":[{"id":49598,"href":"https:\/\/learnspanishinperu.net\/de\/wp-json\/wp\/v2\/pages\/16438\/revisions\/49598"}],"up":[{"embeddable":true,"href":"https:\/\/learnspanishinperu.net\/de\/wp-json\/wp\/v2\/pages\/16380"}],"wp:attachment":[{"href":"https:\/\/learnspanishinperu.net\/de\/wp-json\/wp\/v2\/media?parent=16438"}],"curies":[{"name":"wp","href":"https:\/\/api.w.org\/{rel}","templated":true}]}}