{"id":16432,"date":"2020-03-24T21:46:00","date_gmt":"2020-03-25T02:46:00","guid":{"rendered":"https:\/\/learnspanishinperu.net\/programs\/spanish-and-accommodation-with-tours\/"},"modified":"2024-08-29T14:33:51","modified_gmt":"2024-08-29T19:33:51","slug":"spanisch-unterkunft-touren","status":"publish","type":"page","link":"https:\/\/learnspanishinperu.net\/de\/programme\/spanisch-unterkunft-touren\/","title":{"rendered":"Spanisch und Unterkunft mit Touren"},"content":{"rendered":"\n<div class=\"wp-block-cover alignfull\"><span aria-hidden=\"true\" class=\"wp-block-cover__background has-background-dim-10 has-background-dim\"><\/span><img decoding=\"async\" width=\"1280\" height=\"720\" class=\"wp-block-cover__image-background wp-image-17964 lazyload\" alt=\"\" data-src=\"https:\/\/learnspanishinperu.net\/wp-content\/uploads\/2020\/10\/machu-picchu-peru.jpeg\" data-object-fit=\"cover\" data-srcset=\"https:\/\/learnspanishinperu.net\/wp-content\/uploads\/2020\/10\/machu-picchu-peru.jpeg 1280w, https:\/\/learnspanishinperu.net\/wp-content\/uploads\/2020\/10\/machu-picchu-peru-300x169.jpeg 300w, https:\/\/learnspanishinperu.net\/wp-content\/uploads\/2020\/10\/machu-picchu-peru-1024x576.jpeg 1024w, https:\/\/learnspanishinperu.net\/wp-content\/uploads\/2020\/10\/machu-picchu-peru-768x432.jpeg 768w, https:\/\/learnspanishinperu.net\/wp-content\/uploads\/2020\/10\/machu-picchu-peru-373x210.jpeg 373w\" data-sizes=\"(max-width: 1280px) 100vw, 1280px\" src=\"data:image\/svg+xml;base64,PHN2ZyB3aWR0aD0iMSIgaGVpZ2h0PSIxIiB4bWxucz0iaHR0cDovL3d3dy53My5vcmcvMjAwMC9zdmciPjwvc3ZnPg==\" style=\"--smush-placeholder-width: 1280px; --smush-placeholder-aspect-ratio: 1280\/720;\" \/><div class=\"wp-block-cover__inner-container is-layout-flow wp-block-cover-is-layout-flow\">\n<h1 class=\"wp-block-heading has-text-align-center has-white-color has-text-color\" id=\"spanisch-und-unterkunft-mit-touren\" style=\"font-size:60px\"> <span class=\"has-inline-color has-white-color\">Spanisch und Unterkunft mit Touren<\/span> <\/h1>\n\n\n\n<p class=\"has-text-align-center has-white-color has-text-color has-5-xl-font-size\"> <span class=\"has-inline-color has-white-color\"><em>Programme mit Spanisch, Unterkunft und Touren inklusive<\/em><\/span> <\/p>\n<\/div><\/div>\n\n\n\n<div style=\"height:30px\" aria-hidden=\"true\" class=\"wp-block-spacer\"><\/div>\n\n\n\n<blockquote class=\"wp-block-quote is-style-large is-style-plain has-2-xl-font-size is-layout-flow wp-block-quote-is-layout-flow\" style=\"font-style:normal;font-weight:400\">\n<p>Komplette Programme<\/p>\n<cite>Sie m\u00f6chten, dass wir Ihr komplettes Programm f\u00fcr Sie zusammenstellen? Wir haben einige Programme wie Unterkunft, Spanischunterricht, Touren und Abholung vom Flughafen. Wir arrangieren alles f\u00fcr Sie!<\/cite><\/blockquote>\n\n\n\n<div style=\"height:30px\" aria-hidden=\"true\" class=\"wp-block-spacer\"><\/div>\n\n\n\n<div class=\"wp-block-columns has-background is-layout-flex wp-container-core-columns-is-layout-61ecc280 wp-block-columns-is-layout-flex\" style=\"background-color:#e7e7e7e8;padding-top:2.5rem;padding-right:2.5rem;padding-bottom:2.5rem;padding-left:2.5rem\">\n<div class=\"wp-block-column is-layout-flow wp-block-column-is-layout-flow\" style=\"flex-basis:25%\">\n<figure class=\"wp-block-image size-medium is-style-bottom-wave\"><a href=\"https:\/\/learnspanishinperu.net\/wp-content\/uploads\/2020\/05\/Classes_practicas-2.jpg\"><img decoding=\"async\" width=\"300\" height=\"225\" data-src=\"https:\/\/learnspanishinperu.net\/wp-content\/uploads\/2020\/05\/Classes_practicas-2-300x225.jpg\" alt=\"\" class=\"wp-image-14102 lazyload\" data-srcset=\"https:\/\/learnspanishinperu.net\/wp-content\/uploads\/2020\/05\/Classes_practicas-2-300x225.jpg 300w, https:\/\/learnspanishinperu.net\/wp-content\/uploads\/2020\/05\/Classes_practicas-2-1024x768.jpg 1024w, https:\/\/learnspanishinperu.net\/wp-content\/uploads\/2020\/05\/Classes_practicas-2-768x576.jpg 768w, https:\/\/learnspanishinperu.net\/wp-content\/uploads\/2020\/05\/Classes_practicas-2-1200x900.jpg 1200w, https:\/\/learnspanishinperu.net\/wp-content\/uploads\/2020\/05\/Classes_practicas-2.jpg 1280w\" data-sizes=\"(max-width: 300px) 100vw, 300px\" src=\"data:image\/svg+xml;base64,PHN2ZyB3aWR0aD0iMSIgaGVpZ2h0PSIxIiB4bWxucz0iaHR0cDovL3d3dy53My5vcmcvMjAwMC9zdmciPjwvc3ZnPg==\" style=\"--smush-placeholder-width: 300px; --smush-placeholder-aspect-ratio: 300\/225;\" \/><\/a><\/figure>\n<\/div>\n\n\n\n<div class=\"wp-block-column is-layout-flow wp-block-column-is-layout-flow\" style=\"flex-basis:75%\">\n<h2 class=\"wp-block-heading\">4-w\u00f6chiges Immersionsprogramm<\/h2>\n\n\n\n<p>Wenn Sie Ihre Zeit in Cusco optimal nutzen m\u00f6chten, bieten wir Ihnen ein intensives <strong>4-w\u00f6chiges Spanisch-Immersionsprogramm<\/strong> an. W\u00e4hrend des Programms lernst du viel Spanisch, lebst bei einer Gastfamilie und machst einige der beliebtesten Touren in Peru.<\/p>\n\n\n\n<div class=\"wp-block-buttons is-layout-flex wp-block-buttons-is-layout-flex\">\n<div class=\"wp-block-button\"><a class=\"wp-block-button__link has-background wp-element-button\" href=\"https:\/\/learnspanishinperu.net\/de\/spanisch-lernen\/spanisches-immersionsprogramm\/\" style=\"background-color:#008000\">4-w\u00f6chiges Immersionsprogramm<\/a><\/div>\n<\/div>\n<\/div>\n<\/div>\n\n\n\n<div style=\"height:30px\" aria-hidden=\"true\" class=\"wp-block-spacer\"><\/div>\n\n\n\n<div class=\"wp-block-columns has-background is-layout-flex wp-container-core-columns-is-layout-61ecc280 wp-block-columns-is-layout-flex\" style=\"background-color:#e7e7e7e8;padding-top:2.5rem;padding-right:2.5rem;padding-bottom:2.5rem;padding-left:2.5rem\">\n<div class=\"wp-block-column is-layout-flow wp-block-column-is-layout-flow\" style=\"flex-basis:25%\">\n<figure class=\"wp-block-image size-large is-style-bottom-wave\"><a href=\"https:\/\/learnspanishinperu.net\/wp-content\/uploads\/2023\/11\/1-1.jpg\"><img decoding=\"async\" width=\"1024\" height=\"768\" data-src=\"https:\/\/learnspanishinperu.net\/wp-content\/uploads\/2023\/11\/1-1-1024x768.jpg\" alt=\"\" class=\"wp-image-45143 lazyload\" data-srcset=\"https:\/\/learnspanishinperu.net\/wp-content\/uploads\/2023\/11\/1-1-1024x768.jpg 1024w, https:\/\/learnspanishinperu.net\/wp-content\/uploads\/2023\/11\/1-1-300x225.jpg 300w, https:\/\/learnspanishinperu.net\/wp-content\/uploads\/2023\/11\/1-1-768x576.jpg 768w, https:\/\/learnspanishinperu.net\/wp-content\/uploads\/2023\/11\/1-1-373x280.jpg 373w, https:\/\/learnspanishinperu.net\/wp-content\/uploads\/2023\/11\/1-1.jpg 1280w\" data-sizes=\"(max-width: 1024px) 100vw, 1024px\" src=\"data:image\/svg+xml;base64,PHN2ZyB3aWR0aD0iMSIgaGVpZ2h0PSIxIiB4bWxucz0iaHR0cDovL3d3dy53My5vcmcvMjAwMC9zdmciPjwvc3ZnPg==\" style=\"--smush-placeholder-width: 1024px; --smush-placeholder-aspect-ratio: 1024\/768;\" \/><\/a><\/figure>\n<\/div>\n\n\n\n<div class=\"wp-block-column is-layout-flow wp-block-column-is-layout-flow\" style=\"flex-basis:75%\">\n<h2 class=\"wp-block-heading\">Immersionsprogramm mit Salkantay<\/h2>\n\n\n\n<p>Erster <strong>4-w\u00f6chiger<\/strong> Aufenthalt in Cusco bei einer einheimischen Gastfamilie, w\u00e4hrend wir unter der Woche Spanischunterricht an unserer Schule nehmen. An den Wochenenden unternehmen Sie einige sch\u00f6ne Touren und am Ende des Programms unternehmen Sie das spektakul\u00e4re <strong>5-t\u00e4gige Salkantay-Trekking<\/strong> nach Machu Picchu.<\/p>\n\n\n\n<div class=\"wp-block-buttons is-layout-flex wp-block-buttons-is-layout-flex\">\n<div class=\"wp-block-button\"><a class=\"wp-block-button__link has-background wp-element-button\" href=\"https:\/\/learnspanishinperu.net\/de\/programme\/intensivprogramm-plus-salkantay\/\" style=\"background-color:#ffa500\">Programm plus Salkantay<\/a><\/div>\n<\/div>\n<\/div>\n<\/div>\n\n\n\n<div style=\"height:29px\" aria-hidden=\"true\" class=\"wp-block-spacer\"><\/div>\n\n\n\n<div class=\"wp-block-columns has-background is-layout-flex wp-container-core-columns-is-layout-61ecc280 wp-block-columns-is-layout-flex\" style=\"background-color:#e7e7e7e8;padding-top:2.5rem;padding-right:2.5rem;padding-bottom:2.5rem;padding-left:2.5rem\">\n<div class=\"wp-block-column is-layout-flow wp-block-column-is-layout-flow\" style=\"flex-basis:25%\">\n<figure class=\"wp-block-image size-medium is-style-bottom-wave\"><a href=\"https:\/\/learnspanishinperu.net\/wp-content\/uploads\/2024\/03\/waqrapukara-p.jpg\"><img decoding=\"async\" width=\"300\" height=\"200\" data-src=\"https:\/\/learnspanishinperu.net\/wp-content\/uploads\/2024\/03\/waqrapukara-p-300x200.jpg\" alt=\"\" class=\"wp-image-45730 lazyload\" data-srcset=\"https:\/\/learnspanishinperu.net\/wp-content\/uploads\/2024\/03\/waqrapukara-p-300x200.jpg 300w, https:\/\/learnspanishinperu.net\/wp-content\/uploads\/2024\/03\/waqrapukara-p-768x512.jpg 768w, https:\/\/learnspanishinperu.net\/wp-content\/uploads\/2024\/03\/waqrapukara-p.jpg 800w\" data-sizes=\"(max-width: 300px) 100vw, 300px\" src=\"data:image\/svg+xml;base64,PHN2ZyB3aWR0aD0iMSIgaGVpZ2h0PSIxIiB4bWxucz0iaHR0cDovL3d3dy53My5vcmcvMjAwMC9zdmciPjwvc3ZnPg==\" style=\"--smush-placeholder-width: 300px; --smush-placeholder-aspect-ratio: 300\/200;\" \/><\/a><\/figure>\n<\/div>\n\n\n\n<div class=\"wp-block-column is-layout-flow wp-block-column-is-layout-flow\" style=\"flex-basis:75%\">\n<h2 class=\"wp-block-heading\">Programm abseits der ausgetretenen Pfade<\/h2>\n\n\n\n<p>Ein <strong>einmonatiges Programm<\/strong> mit Spanischunterricht, bei einer Gastfamilie \u00fcbernachten und F\u00fchrungen. Cusco hat viel zu bieten. In diesem Programm entdecken Sie einige der <strong>verborgenen Sch\u00e4tze<\/strong>. Eintauchen in die spanische Sprache, erleben Sie Peru und die peruanische Kultur mit Touren, die die Massen noch nicht entdeckt haben!<\/p>\n\n\n\n<div class=\"wp-block-buttons is-layout-flex wp-block-buttons-is-layout-flex\">\n<div class=\"wp-block-button\"><a class=\"wp-block-button__link has-background wp-element-button\" href=\"https:\/\/learnspanishinperu.net\/de\/spanisch-lernen\/spanisch-pakete\/\" style=\"background-color:#0000ff\">Abseits der ausgetretenen Pfade<\/a><\/div>\n<\/div>\n<\/div>\n<\/div>\n\n\n\n<div style=\"height:30px\" aria-hidden=\"true\" class=\"wp-block-spacer\"><\/div>\n\n\n\n<div class=\"wp-block-buttons is-horizontal is-content-justification-center is-layout-flex wp-container-core-buttons-is-layout-499968f5 wp-block-buttons-is-layout-flex\">\n<div class=\"wp-block-button\"><a class=\"wp-block-button__link has-background wp-element-button\" href=\"https:\/\/learnspanishinperu.net\/de\/kontakt\/\" style=\"background-color:#008000\">Kontaktiere uns<\/a><\/div>\n\n\n\n<div class=\"wp-block-button\"><a class=\"wp-block-button__link has-background wp-element-button\" href=\"https:\/\/learnspanishinperu.net\/de\/preise\/\" style=\"background-color:#ffa500\">Preise<\/a><\/div>\n\n\n\n<div class=\"wp-block-button\"><a class=\"wp-block-button__link has-background wp-element-button\" href=\"https:\/\/learnspanishinperu.net\/zh-hans\/services\/\" style=\"background-color:#0000ff\">Unsere Dienstleistungen<\/a><\/div>\n\n\n\n<div class=\"wp-block-button\"><a class=\"wp-block-button__link has-background wp-element-button\" href=\"https:\/\/learnspanishinperu.net\/de\/unterkunft\/\" style=\"background-color:#a52a2a\">Unterk\u00fcnfte in Cusco<\/a><\/div>\n<\/div>\n\n\n\n<div style=\"height:40px\" aria-hidden=\"true\" class=\"wp-block-spacer\"><\/div>\n","protected":false},"excerpt":{"rendered":"<p>Komplette Programme Sie m\u00f6chten, dass wir Ihr komplettes Programm f\u00fcr Sie zusammenstellen? Wir haben einige Programme wie Unterkunft, Spanischunterricht, Touren und Abholung vom Flughafen. Wir arrangieren alles f\u00fcr Sie! 4-w\u00f6chiges Immersionsprogramm Wenn Sie Ihre Zeit in Cusco optimal nutzen m\u00f6chten, bieten wir Ihnen ein intensives 4-w\u00f6chiges Spanisch-Immersionsprogramm an. W\u00e4hrend des Programms lernst du viel Spanisch,&hellip;<\/p>\n<p class=\"more\"><a class=\"more-link\" href=\"https:\/\/learnspanishinperu.net\/de\/programme\/spanisch-unterkunft-touren\/\">Continue reading <span class=\"screen-reader-text\">Spanisch und Unterkunft mit Touren<\/span><\/a><\/p>\n","protected":false},"author":1,"featured_media":0,"parent":16380,"menu_order":0,"comment_status":"closed","ping_status":"closed","template":"page-templates\/wide.php","meta":{"_coblocks_attr":"","_coblocks_dimensions":"{\"coblocks-hero-5892219892\":{\"padding\":{}}}","_coblocks_responsive_height":"","_coblocks_accordion_ie_support":"","footnotes":""},"class_list":["post-16432","page","type-page","status-publish","hentry","entry"],"yoast_head":"<!-- This site is optimized with the Yoast SEO plugin v27.5 - https:\/\/yoast.com\/product\/yoast-seo-wordpress\/ -->\n<title>Spanisch und Unterkunft mit Touren - Mundo Antiguo Pakete Cusco Peru<\/title>\n<meta name=\"description\" content=\"Programme mit Spanischkursen, Unterkunft in Cusco und den besten Touren in Peru werden von Mundo Antiguo Cusco angeboten.\" \/>\n<meta name=\"robots\" content=\"index, follow, max-snippet:-1, max-image-preview:large, max-video-preview:-1\" \/>\n<link rel=\"canonical\" href=\"https:\/\/learnspanishinperu.net\/de\/programme\/spanisch-unterkunft-touren\/\" \/>\n<meta property=\"og:locale\" content=\"de_DE\" \/>\n<meta property=\"og:type\" content=\"article\" \/>\n<meta property=\"og:title\" content=\"Spanisch und Unterkunft mit Touren - Mundo Antiguo Pakete Cusco Peru\" \/>\n<meta property=\"og:description\" content=\"Programme mit Spanischkursen, Unterkunft in Cusco und den besten Touren in Peru werden von Mundo Antiguo Cusco angeboten.\" \/>\n<meta property=\"og:url\" content=\"https:\/\/learnspanishinperu.net\/de\/programme\/spanisch-unterkunft-touren\/\" \/>\n<meta property=\"og:site_name\" content=\"Mundo Antiguo\" \/>\n<meta property=\"article:publisher\" content=\"http:\/\/www.facebook.com\/MundoAntiguoSpanishSchool\" \/>\n<meta property=\"article:modified_time\" content=\"2024-08-29T19:33:51+00:00\" \/>\n<meta property=\"og:image\" content=\"https:\/\/learnspanishinperu.net\/wp-content\/uploads\/2020\/10\/machu-picchu-peru.jpeg\" \/>\n<meta name=\"twitter:card\" content=\"summary_large_image\" \/>\n<meta name=\"twitter:site\" content=\"@MASpanishschool\" \/>\n<meta name=\"twitter:label1\" content=\"Gesch\u00e4tzte Lesezeit\" \/>\n\t<meta name=\"twitter:data1\" content=\"2 Minuten\" \/>\n<!-- \/ Yoast SEO plugin. -->","yoast_head_json":{"title":"Spanisch und Unterkunft mit Touren - Mundo Antiguo Pakete Cusco Peru","description":"Programme mit Spanischkursen, Unterkunft in Cusco und den besten Touren in Peru werden von Mundo Antiguo Cusco angeboten.","robots":{"index":"index","follow":"follow","max-snippet":"max-snippet:-1","max-image-preview":"max-image-preview:large","max-video-preview":"max-video-preview:-1"},"canonical":"https:\/\/learnspanishinperu.net\/de\/programme\/spanisch-unterkunft-touren\/","og_locale":"de_DE","og_type":"article","og_title":"Spanisch und Unterkunft mit Touren - Mundo Antiguo Pakete Cusco Peru","og_description":"Programme mit Spanischkursen, Unterkunft in Cusco und den besten Touren in Peru werden von Mundo Antiguo Cusco angeboten.","og_url":"https:\/\/learnspanishinperu.net\/de\/programme\/spanisch-unterkunft-touren\/","og_site_name":"Mundo Antiguo","article_publisher":"http:\/\/www.facebook.com\/MundoAntiguoSpanishSchool","article_modified_time":"2024-08-29T19:33:51+00:00","og_image":[{"url":"https:\/\/learnspanishinperu.net\/wp-content\/uploads\/2020\/10\/machu-picchu-peru.jpeg","type":"","width":"","height":""}],"twitter_card":"summary_large_image","twitter_site":"@MASpanishschool","twitter_misc":{"Gesch\u00e4tzte Lesezeit":"2 Minuten"},"schema":{"@context":"https:\/\/schema.org","@graph":[{"@type":"WebPage","@id":"https:\/\/learnspanishinperu.net\/de\/programme\/spanisch-unterkunft-touren\/","url":"https:\/\/learnspanishinperu.net\/de\/programme\/spanisch-unterkunft-touren\/","name":"Spanisch und Unterkunft mit Touren - Mundo Antiguo Pakete Cusco Peru","isPartOf":{"@id":"https:\/\/learnspanishinperu.net\/#website"},"primaryImageOfPage":{"@id":"https:\/\/learnspanishinperu.net\/de\/programme\/spanisch-unterkunft-touren\/#primaryimage"},"image":{"@id":"https:\/\/learnspanishinperu.net\/de\/programme\/spanisch-unterkunft-touren\/#primaryimage"},"thumbnailUrl":"https:\/\/learnspanishinperu.net\/wp-content\/uploads\/2020\/10\/machu-picchu-peru.jpeg","datePublished":"2020-03-25T02:46:00+00:00","dateModified":"2024-08-29T19:33:51+00:00","description":"Programme mit Spanischkursen, Unterkunft in Cusco und den besten Touren in Peru werden von Mundo Antiguo Cusco angeboten.","breadcrumb":{"@id":"https:\/\/learnspanishinperu.net\/de\/programme\/spanisch-unterkunft-touren\/#breadcrumb"},"inLanguage":"de-DE","potentialAction":[{"@type":"ReadAction","target":["https:\/\/learnspanishinperu.net\/de\/programme\/spanisch-unterkunft-touren\/"]}]},{"@type":"ImageObject","inLanguage":"de-DE","@id":"https:\/\/learnspanishinperu.net\/de\/programme\/spanisch-unterkunft-touren\/#primaryimage","url":"https:\/\/learnspanishinperu.net\/wp-content\/uploads\/2020\/10\/machu-picchu-peru.jpeg","contentUrl":"https:\/\/learnspanishinperu.net\/wp-content\/uploads\/2020\/10\/machu-picchu-peru.jpeg"},{"@type":"BreadcrumbList","@id":"https:\/\/learnspanishinperu.net\/de\/programme\/spanisch-unterkunft-touren\/#breadcrumb","itemListElement":[{"@type":"ListItem","position":1,"name":"Home","item":"https:\/\/learnspanishinperu.net\/de\/"},{"@type":"ListItem","position":2,"name":"Programme","item":"https:\/\/learnspanishinperu.net\/de\/programme\/"},{"@type":"ListItem","position":3,"name":"Spanisch und Unterkunft mit Touren"}]},{"@type":"WebSite","@id":"https:\/\/learnspanishinperu.net\/#website","url":"https:\/\/learnspanishinperu.net\/","name":"Mundo Antiguo","description":"Spanish school Cusco","publisher":{"@id":"https:\/\/learnspanishinperu.net\/#organization"},"potentialAction":[{"@type":"SearchAction","target":{"@type":"EntryPoint","urlTemplate":"https:\/\/learnspanishinperu.net\/?s={search_term_string}"},"query-input":{"@type":"PropertyValueSpecification","valueRequired":true,"valueName":"search_term_string"}}],"inLanguage":"de-DE"},{"@type":"Organization","@id":"https:\/\/learnspanishinperu.net\/#organization","name":"Mundo Antiguo","url":"https:\/\/learnspanishinperu.net\/","logo":{"@type":"ImageObject","inLanguage":"de-DE","@id":"https:\/\/learnspanishinperu.net\/#\/schema\/logo\/image\/","url":"https:\/\/learnspanishinperu.net\/wp-content\/uploads\/2016\/04\/logo-Spanish-school-Cusco-Peru-e1547820355169.jpg","contentUrl":"https:\/\/learnspanishinperu.net\/wp-content\/uploads\/2016\/04\/logo-Spanish-school-Cusco-Peru-e1547820355169.jpg","width":100,"height":83,"caption":"Mundo Antiguo"},"image":{"@id":"https:\/\/learnspanishinperu.net\/#\/schema\/logo\/image\/"},"sameAs":["http:\/\/www.facebook.com\/MundoAntiguoSpanishSchool","https:\/\/x.com\/MASpanishschool","https:\/\/www.instagram.com\/mundoantiguo_spanishschool\/","https:\/\/www.linkedin.com\/company\/mundo-antiguo-spanish-school","http:\/\/www.pinterest.com\/mundoantiguo\/"]}]}},"_links":{"self":[{"href":"https:\/\/learnspanishinperu.net\/de\/wp-json\/wp\/v2\/pages\/16432","targetHints":{"allow":["GET"]}}],"collection":[{"href":"https:\/\/learnspanishinperu.net\/de\/wp-json\/wp\/v2\/pages"}],"about":[{"href":"https:\/\/learnspanishinperu.net\/de\/wp-json\/wp\/v2\/types\/page"}],"author":[{"embeddable":true,"href":"https:\/\/learnspanishinperu.net\/de\/wp-json\/wp\/v2\/users\/1"}],"replies":[{"embeddable":true,"href":"https:\/\/learnspanishinperu.net\/de\/wp-json\/wp\/v2\/comments?post=16432"}],"version-history":[{"count":21,"href":"https:\/\/learnspanishinperu.net\/de\/wp-json\/wp\/v2\/pages\/16432\/revisions"}],"predecessor-version":[{"id":47093,"href":"https:\/\/learnspanishinperu.net\/de\/wp-json\/wp\/v2\/pages\/16432\/revisions\/47093"}],"up":[{"embeddable":true,"href":"https:\/\/learnspanishinperu.net\/de\/wp-json\/wp\/v2\/pages\/16380"}],"wp:attachment":[{"href":"https:\/\/learnspanishinperu.net\/de\/wp-json\/wp\/v2\/media?parent=16432"}],"curies":[{"name":"wp","href":"https:\/\/api.w.org\/{rel}","templated":true}]}}