{"id":16420,"date":"2020-03-24T22:13:08","date_gmt":"2020-03-25T03:13:08","guid":{"rendered":"https:\/\/learnspanishinperu.net\/programs\/spanish-and-accommodation\/group-course-shared-apartment\/"},"modified":"2024-11-29T12:26:31","modified_gmt":"2024-11-29T17:26:31","slug":"gruppenkurs-wohngemeinschaft","status":"publish","type":"page","link":"https:\/\/learnspanishinperu.net\/de\/programme\/spanisch-unterkunft\/gruppenkurs-wohngemeinschaft\/","title":{"rendered":"Gruppenkurs + Wohngemeinschaft"},"content":{"rendered":"\n<div class=\"wp-block-cover alignfull is-light has-parallax mt-0\" style=\"min-height:460px;aspect-ratio:unset;\"><span aria-hidden=\"true\" class=\"wp-block-cover__background has-background-dim-10 has-background-dim\"><\/span><div class=\"wp-block-cover__image-background wp-image-16041 has-parallax lazyload\" style=\"background-position:50% 50%;background-image:inherit\" data-bg-image=\"url(https:\/\/learnspanishinperu.net\/wp-content\/uploads\/2020\/07\/shared-apartment-cusco-1.jpg)\"><\/div><div class=\"wp-block-cover__inner-container is-layout-flow wp-block-cover-is-layout-flow\">\n<h1 class=\"wp-block-heading has-text-align-center has-white-color has-text-color\" id=\"gruppenkurs-mit-wohngemeinschaft\" style=\"font-size:60px\">Gruppenkurs mit Wohngemeinschaft <\/h1>\n\n\n\n<p class=\"has-text-align-center has-white-color has-text-color has-5-xl-font-size\"><em>\u00dcbernachte in einer Studentenwohnung und nimm Spanisch Gruppenunterricht<\/em><\/p>\n<\/div><\/div>\n\n\n\n<div style=\"height:20px\" aria-hidden=\"true\" class=\"wp-block-spacer\"><\/div>\n\n\n\n<blockquote class=\"wp-block-quote is-style-large is-style-plain has-2-xl-font-size is-layout-flow wp-block-quote-is-layout-flow\" style=\"font-style:normal;font-weight:400\">\n<p>Spanisch-Gruppenkurs und Studentenwohnung in Cusco<\/p>\n<cite>M\u00f6chten Sie einen Spanisch-Gruppenkurs belegen und in unserer Studentenwohnung \u00fcbernachten? Nehmen Sie unser Paket und sichern Sie sich einen Rabatt! Das Paket kombiniert Gruppenunterricht f\u00fcr 4 Stunden am Tag, 20 Stunden pro Woche mit dem Aufenthalt in unserem Studentenapartment in Cusco.<\/cite><\/blockquote>\n\n\n\n<div style=\"height:20px\" aria-hidden=\"true\" class=\"wp-block-spacer\"><\/div>\n\n\n\n<div class=\"wp-block-group has-background\" style=\"background-color:#e7e7e7\"><div class=\"wp-block-group__inner-container is-layout-flow wp-block-group-is-layout-flow\">\n<h2 class=\"has-text-align-center wp-block-heading\">Spanisch Gruppenkurs<\/h2>\n\n\n\n<div class=\"wp-block-image is-style-bottom-wave\"><figure class=\"alignright size-medium\"><a href=\"https:\/\/learnspanishinperu.net\/wp-content\/uploads\/2020\/07\/Group-lessons-Spanish-Cusco.jpg\"><img decoding=\"async\" width=\"300\" height=\"200\" data-src=\"https:\/\/learnspanishinperu.net\/wp-content\/uploads\/2020\/07\/Group-lessons-Spanish-Cusco-300x200.jpg\" alt=\"\" class=\"wp-image-16324 lazyload\" data-srcset=\"https:\/\/learnspanishinperu.net\/wp-content\/uploads\/2020\/07\/Group-lessons-Spanish-Cusco-300x200.jpg 300w, https:\/\/learnspanishinperu.net\/wp-content\/uploads\/2020\/07\/Group-lessons-Spanish-Cusco-1024x683.jpg 1024w, https:\/\/learnspanishinperu.net\/wp-content\/uploads\/2020\/07\/Group-lessons-Spanish-Cusco-768x512.jpg 768w, https:\/\/learnspanishinperu.net\/wp-content\/uploads\/2020\/07\/Group-lessons-Spanish-Cusco-1536x1024.jpg 1536w, https:\/\/learnspanishinperu.net\/wp-content\/uploads\/2020\/07\/Group-lessons-Spanish-Cusco-2048x1365.jpg 2048w\" data-sizes=\"(max-width: 300px) 100vw, 300px\" src=\"data:image\/svg+xml;base64,PHN2ZyB3aWR0aD0iMSIgaGVpZ2h0PSIxIiB4bWxucz0iaHR0cDovL3d3dy53My5vcmcvMjAwMC9zdmciPjwvc3ZnPg==\" style=\"--smush-placeholder-width: 300px; --smush-placeholder-aspect-ratio: 300\/200;\" \/><\/a><\/figure><\/div>\n\n\n\n<p class=\"has-text-align-center\">Der Gruppenunterricht macht Sie Spanisch lernen in einem netten und sozialen Umfeld. Sie werden reden, sozialisieren und mit Ihren Mitsch\u00fclern studieren und Ihr Spanisch zusammen \u00fcben. <\/p>\n\n\n\n<p class=\"has-text-align-center\">Die maximale Gruppengr\u00f6\u00dfe betr\u00e4gt nur 4 Sch\u00fcler. Auf diese Weise wird Ihr Lehrer genug Zeit und Aufmerksamkeit f\u00fcr jeden Sch\u00fcler haben.<\/p>\n\n\n\n<p class=\"has-text-align-center\">Mit diesem Paket holen wir Sie auch kostenlos vom Flughafen oder Busbahnhof in Cusco ab!<\/p>\n\n\n\n<div class=\"wp-block-buttons is-content-justification-center is-layout-flex wp-block-buttons-is-layout-flex\">\n<div class=\"wp-block-button is-style-outline is-style-outline--1\"><a class=\"wp-block-button__link has-text-color\" style=\"color:#008000\">20-st\u00fcndiger Kleingruppenkurs<\/a><\/div>\n\n\n\n<div class=\"wp-block-button is-style-outline is-style-outline--2\"><a class=\"wp-block-button__link has-text-color\" style=\"color:#ffa500\">Kursunterlagen inklusive<\/a><\/div>\n\n\n\n<div class=\"wp-block-button is-style-outline is-style-outline--3\"><a class=\"wp-block-button__link has-text-color\" style=\"color:#0000ff\">W\u00f6chentliche Aktivit\u00e4ten inklusive<\/a><\/div>\n\n\n\n<div class=\"wp-block-button is-style-outline is-style-outline--4\"><a class=\"wp-block-button__link has-text-color\" style=\"color:#a52a2a\">Kostenloses WLAN in der Schule<\/a><\/div>\n<\/div>\n\n\n\n<p><\/p>\n<\/div><\/div>\n\n\n\n<div style=\"height:60px\" aria-hidden=\"true\" class=\"wp-block-spacer\"><\/div>\n\n\n\n<figure class=\"wp-block-gallery has-nested-images columns-4 is-cropped wp-block-gallery-5 is-layout-flex wp-block-gallery-is-layout-flex\">\n<figure class=\"wp-block-image size-large\"><img decoding=\"async\" width=\"200\" height=\"113\" data-id=\"3639\" data-src=\"https:\/\/learnspanishinperu.net\/wp-content\/uploads\/2015\/10\/5-e1467737798143.jpg\" alt=\"apartment Peru\" class=\"wp-image-3639 lazyload\" src=\"data:image\/svg+xml;base64,PHN2ZyB3aWR0aD0iMSIgaGVpZ2h0PSIxIiB4bWxucz0iaHR0cDovL3d3dy53My5vcmcvMjAwMC9zdmciPjwvc3ZnPg==\" style=\"--smush-placeholder-width: 200px; --smush-placeholder-aspect-ratio: 200\/113;\" \/><\/figure>\n\n\n\n<figure class=\"wp-block-image size-large\"><img decoding=\"async\" width=\"1024\" height=\"683\" data-id=\"3635\" data-src=\"https:\/\/learnspanishinperu.net\/wp-content\/uploads\/2015\/10\/Spanish-group-1024x683.jpg\" alt=\"Peru learn Spanish group\" class=\"wp-image-3635 lazyload\" src=\"data:image\/svg+xml;base64,PHN2ZyB3aWR0aD0iMSIgaGVpZ2h0PSIxIiB4bWxucz0iaHR0cDovL3d3dy53My5vcmcvMjAwMC9zdmciPjwvc3ZnPg==\" style=\"--smush-placeholder-width: 1024px; --smush-placeholder-aspect-ratio: 1024\/683;\" \/><\/figure>\n\n\n\n<figure class=\"wp-block-image size-large\"><img decoding=\"async\" width=\"1024\" height=\"576\" data-id=\"3744\" data-src=\"https:\/\/learnspanishinperu.net\/wp-content\/uploads\/2016\/08\/IMG-20160808-WA0050-1024x576.jpg\" alt=\"Spanish immersion program\" class=\"wp-image-3744 lazyload\" src=\"data:image\/svg+xml;base64,PHN2ZyB3aWR0aD0iMSIgaGVpZ2h0PSIxIiB4bWxucz0iaHR0cDovL3d3dy53My5vcmcvMjAwMC9zdmciPjwvc3ZnPg==\" style=\"--smush-placeholder-width: 1024px; --smush-placeholder-aspect-ratio: 1024\/576;\" \/><\/figure>\n\n\n\n<figure class=\"wp-block-image size-large\"><img decoding=\"async\" width=\"1024\" height=\"768\" data-id=\"2854\" data-src=\"https:\/\/learnspanishinperu.net\/wp-content\/uploads\/2015\/10\/20160127_120439-e1459177455806-1024x768.jpg\" alt=\"apartment in Peru\" class=\"wp-image-2854 lazyload\" src=\"data:image\/svg+xml;base64,PHN2ZyB3aWR0aD0iMSIgaGVpZ2h0PSIxIiB4bWxucz0iaHR0cDovL3d3dy53My5vcmcvMjAwMC9zdmciPjwvc3ZnPg==\" style=\"--smush-placeholder-width: 1024px; --smush-placeholder-aspect-ratio: 1024\/768;\" \/><\/figure>\n<\/figure>\n\n\n\n<div style=\"height:60px\" aria-hidden=\"true\" class=\"wp-block-spacer\"><\/div>\n\n\n\n<div class=\"wp-block-group has-background\" style=\"background-color:#e7e7e7\"><div class=\"wp-block-group__inner-container is-layout-flow wp-block-group-is-layout-flow\">\n<h2 class=\"has-text-align-center wp-block-heading\"> Gemeinsame Wohnung <\/h2>\n\n\n\n<div class=\"wp-block-image is-style-bottom-wave\"><figure class=\"alignright size-medium\"><a href=\"https:\/\/learnspanishinperu.net\/wp-content\/uploads\/2020\/07\/shared-apartment-cusco-2.jpg\"><img decoding=\"async\" width=\"300\" height=\"219\" data-src=\"https:\/\/learnspanishinperu.net\/wp-content\/uploads\/2020\/07\/shared-apartment-cusco-2-300x219.jpg\" alt=\"\" class=\"wp-image-16057 lazyload\" data-srcset=\"https:\/\/learnspanishinperu.net\/wp-content\/uploads\/2020\/07\/shared-apartment-cusco-2-300x219.jpg 300w, https:\/\/learnspanishinperu.net\/wp-content\/uploads\/2020\/07\/shared-apartment-cusco-2-1024x748.jpg 1024w, https:\/\/learnspanishinperu.net\/wp-content\/uploads\/2020\/07\/shared-apartment-cusco-2-768x561.jpg 768w, https:\/\/learnspanishinperu.net\/wp-content\/uploads\/2020\/07\/shared-apartment-cusco-2-1536x1121.jpg 1536w, https:\/\/learnspanishinperu.net\/wp-content\/uploads\/2020\/07\/shared-apartment-cusco-2.jpg 1600w\" data-sizes=\"(max-width: 300px) 100vw, 300px\" src=\"data:image\/svg+xml;base64,PHN2ZyB3aWR0aD0iMSIgaGVpZ2h0PSIxIiB4bWxucz0iaHR0cDovL3d3dy53My5vcmcvMjAwMC9zdmciPjwvc3ZnPg==\" style=\"--smush-placeholder-width: 300px; --smush-placeholder-aspect-ratio: 300\/219;\" \/><\/a><\/figure><\/div>\n\n\n\n<p>Genie\u00dfen Sie Ihren Aufenthalt in Cusco und teilen Sie sich eine Wohnung mit anderen Studenten aus verschiedenen Teilen der Welt! Eine Wohngemeinschaft ist sehr beliebt, da sie eine wirtschaftliche Art des Aufenthalts ist. Und da Sie bei anderen Studenten bleiben, ist Spa\u00df fast garantiert. Hier haben viele langj\u00e4hrige internationale Freundschaften begonnen!<\/p>\n\n\n\n<p>Wir haben Apartments in Cusco in einer ruhigen Gegend, nicht weit vom Stadtzentrum von Cusco und der spanischen Schule entfernt. Die Wohnungen sind komplett m\u00f6bliert. Das Wohnzimmer verf\u00fcgt \u00fcber Kabel-TV, DVD und einen Essbereich sowie eine voll ausgestattete K\u00fcche (K\u00fchlschrank, Herd mit Backofen, Mikrowelle usw.). Dies ist also eine gute Option f\u00fcr Leute, die gerne ihre eigenen Mahlzeiten kochen.<\/p>\n\n\n\n<p>Sie teilen die Wohnung mit einigen Kommilitonen. Aber nat\u00fcrlich haben Sie immer ein eigenes Schlafzimmer. Der Aufenthalt in einem Apartment ist die beliebteste Unterkunftsoption in Cusco f\u00fcr mittel- und langfristige Aufenthalte!<\/p>\n\n\n\n<div class=\"wp-block-buttons is-content-justification-center is-layout-flex wp-block-buttons-is-layout-flex\">\n<div class=\"wp-block-button is-style-outline is-style-outline--6\"><a class=\"wp-block-button__link has-text-color\" style=\"color:#008000\">Privates Schlafzimmer<\/a><\/div>\n\n\n\n<div class=\"wp-block-button is-style-outline is-style-outline--7\"><a class=\"wp-block-button__link has-text-color\" style=\"color:#ffa500\">Abholung in Cusco inklusive<\/a><\/div>\n\n\n\n<div class=\"wp-block-button is-style-outline is-style-outline--8\"><a class=\"wp-block-button__link has-text-color\" style=\"color:#0000ff\">Kostenloses WLAN in der Wohnung und in der Schule<\/a><\/div>\n\n\n\n<div class=\"wp-block-button is-style-outline is-style-outline--9\"><a class=\"wp-block-button__link has-text-color\" style=\"color:#a52a2a\">W\u00f6chentliche Aktivit\u00e4ten<\/a><\/div>\n<\/div>\n<\/div><\/div>\n\n\n\n<div style=\"height:20px\" aria-hidden=\"true\" class=\"wp-block-spacer\"><\/div>\n\n\n\n<blockquote class=\"wp-block-quote is-style-large is-layout-flow wp-block-quote-is-layout-flow\">\n<p>Mehr Wochen?<\/p>\n<cite>Dies ist ein Paket f\u00fcr eine Woche. Die meisten Studenten entscheiden sich f\u00fcr einen l\u00e4ngeren Zeitraum bei uns. Dieses Paket ist perfekt f\u00fcr einen l\u00e4ngeren Aufenthalt. Sagen Sie uns einfach, wie viele Wochen Sie unseren Spanisch-Gruppenkurs und Wohngemeinschaft-Paket w\u00fcnschen!<\/cite><\/blockquote>\n\n\n\n<div style=\"height:20px\" aria-hidden=\"true\" class=\"wp-block-spacer\"><\/div>\n\n\n\n<div class=\"wp-block-cover aligncenter wp-duotone-rgb4247103-rgb21419442-11\" style=\"margin-top:0;padding-top:48px;padding-right:48px;padding-bottom:48px;padding-left:48px;min-height:180px;aspect-ratio:unset;\"><span aria-hidden=\"true\" class=\"wp-block-cover__background has-background-dim-30 has-background-dim\" style=\"background-color:#615657\"><\/span><img decoding=\"async\" class=\"wp-block-cover__image-background wp-image-47266 lazyload\" alt=\"\" data-src=\"https:\/\/learnspanishinperu.net\/wp-content\/uploads\/2021\/04\/crop-0-0-5472-3648-0-salsa-dancing-free-activities.jpg\" style=\"--smush-placeholder-width: 5472px; --smush-placeholder-aspect-ratio: 5472\/3648;object-position:50% 30%\" data-object-fit=\"cover\" data-object-position=\"50% 30%\" src=\"data:image\/svg+xml;base64,PHN2ZyB3aWR0aD0iMSIgaGVpZ2h0PSIxIiB4bWxucz0iaHR0cDovL3d3dy53My5vcmcvMjAwMC9zdmciPjwvc3ZnPg==\" \/><div class=\"wp-block-cover__inner-container is-layout-flow wp-block-cover-is-layout-flow\">\n<div class=\"wp-block-group\"><div class=\"wp-block-group__inner-container is-layout-constrained wp-container-core-group-is-layout-481a76f5 wp-block-group-is-layout-constrained\">\n<h2 class=\"wp-block-heading has-text-align-center has-white-color has-text-color\" style=\"font-size:40px;font-style:normal;font-weight:700;letter-spacing:0px;line-height:1;text-transform:uppercase\">W\u00d6CHENTLICHER SALSA-KURS + KULTURELLE AKTIVIT\u00c4TEN + MEHR!<\/h2>\n<\/div><\/div>\n\n\n\n<div class=\"wp-block-buttons is-content-justification-center is-nowrap is-layout-flex wp-container-core-buttons-is-layout-1fb9aab6 wp-block-buttons-is-layout-flex\">\n<div class=\"wp-block-button has-custom-font-size is-style-outline has-lg-font-size is-style-outline--10\" style=\"font-style:normal;font-weight:600;letter-spacing:0px;text-transform:uppercase\"><a class=\"wp-block-button__link has-white-color has-text-color wp-element-button\" style=\"border-radius:10px;padding-top:24px;padding-right:48px;padding-bottom:24px;padding-left:48px\">IN ALLEN UNSEREN SPANISCHPROGRAMMEN ENTHALTEN!<\/a><\/div>\n<\/div>\n<\/div><\/div>\n\n\n\n<div style=\"height:60px\" aria-hidden=\"true\" class=\"wp-block-spacer\"><\/div>\n\n\n<div\n\t\tclass=\"free align wp-block-btn-button\"\tid='btnButton-12'\n\tdata-nonce='&quot;0c77f052ed&quot;'\n\tdata-attributes='{&quot;cId&quot;:&quot;2be4b8d3-3&quot;,&quot;cPostId&quot;:45197,&quot;text&quot;:&quot;Melden Sie sich jetzt an!&quot;,&quot;allUserRole&quot;:[{&quot;label&quot;:&quot;Select a role&quot;,&quot;value&quot;:&quot;default&quot;},{&quot;label&quot;:&quot;Administrator&quot;,&quot;value&quot;:&quot;administrator&quot;},{&quot;label&quot;:&quot;Editor&quot;,&quot;value&quot;:&quot;editor&quot;},{&quot;label&quot;:&quot;Author&quot;,&quot;value&quot;:&quot;author&quot;},{&quot;label&quot;:&quot;Contributor&quot;,&quot;value&quot;:&quot;contributor&quot;},{&quot;label&quot;:&quot;Subscriber&quot;,&quot;value&quot;:&quot;subscriber&quot;},{&quot;label&quot;:&quot;Inactive&quot;,&quot;value&quot;:&quot;inactive&quot;},{&quot;label&quot;:&quot;SEO Manager&quot;,&quot;value&quot;:&quot;wpseo_manager&quot;},{&quot;label&quot;:&quot;SEO Editor&quot;,&quot;value&quot;:&quot;wpseo_editor&quot;}],&quot;url&quot;:&quot;https:\\\/\\\/learnspanishinperu.net\\\/de\\\/anmeldeformular\\\/&quot;,&quot;icon&quot;:{&quot;class&quot;:&quot;far fa-thumbs-up&quot;,&quot;name&quot;:&quot;thumbs-up&quot;},&quot;size&quot;:&quot;x-large&quot;,&quot;typography&quot;:{&quot;fontSize&quot;:22,&quot;fontWeight&quot;:600,&quot;textDecoration&quot;:&quot;none&quot;},&quot;colors&quot;:{&quot;color&quot;:&quot;#fff&quot;,&quot;bg&quot;:&quot;rgba(255, 165, 0, 1)&quot;},&quot;padding&quot;:{&quot;vertical&quot;:&quot;16px&quot;,&quot;horizontal&quot;:&quot;46px&quot;},&quot;border&quot;:{&quot;radius&quot;:&quot;5px&quot;,&quot;width&quot;:&quot;2px&quot;,&quot;color&quot;:&quot;#0a0002&quot;},&quot;align&quot;:&quot;&quot;,&quot;actionType&quot;:&quot;link&quot;,&quot;security&quot;:&quot;none&quot;,&quot;securityPassword&quot;:&quot;&quot;,&quot;tooltip&quot;:&quot;&quot;,&quot;tooltipPos&quot;:&quot;top&quot;,&quot;target&quot;:&quot;_self&quot;,&quot;attrs&quot;:{&quot;rel&quot;:&quot;noreferrer&quot;,&quot;referrerpolicy&quot;:&quot;no-referrer&quot;},&quot;hideOn&quot;:{&quot;desktop&quot;:false,&quot;tablet&quot;:false,&quot;mobile&quot;:false},&quot;isDownload&quot;:false,&quot;downloadFileName&quot;:&quot;&quot;,&quot;isUpIcon&quot;:false,&quot;upIcon&quot;:{&quot;id&quot;:null,&quot;url&quot;:&quot;&quot;,&quot;alt&quot;:&quot;&quot;,&quot;title&quot;:&quot;&quot;},&quot;iconPos&quot;:&quot;left&quot;,&quot;type&quot;:&quot;flat&quot;,&quot;isFullWidth&quot;:false,&quot;popup&quot;:{&quot;type&quot;:&quot;image&quot;,&quot;content&quot;:&quot;&quot;,&quot;caption&quot;:&quot;&quot;,&quot;width&quot;:&quot;&quot;},&quot;animationType&quot;:&quot;&quot;,&quot;animationDuration&quot;:0.4,&quot;addID&quot;:&quot;&quot;,&quot;addCSS&quot;:&quot;&quot;,&quot;alignment&quot;:&quot;center&quot;,&quot;hovColors&quot;:{&quot;color&quot;:&quot;#fff&quot;,&quot;bg&quot;:&quot;#FF7A00&quot;},&quot;shadow&quot;:[]}'\n\tdata-info='{&quot;userRoles&quot;:[],&quot;loginURL&quot;:&quot;https:\\\/\\\/learnspanishinperu.net\\\/wp-login.php&quot;}'\n\tdata-pipecheck=''\n><\/div>\n\n\n<div style=\"height:50px\" aria-hidden=\"true\" class=\"wp-block-spacer\"><\/div>\n\n\n\n<div class=\"wp-block-buttons is-horizontal is-content-justification-center is-layout-flex wp-container-core-buttons-is-layout-499968f5 wp-block-buttons-is-layout-flex\">\n<div class=\"wp-block-button\"><a class=\"wp-block-button__link has-background wp-element-button\" href=\"https:\/\/learnspanishinperu.net\/de\/programme\/spanisch-unterkunft\/privatunterricht-wohngemeinschaft\/\" style=\"background-color:#008000\">Privatkurs + Wohnung<\/a><\/div>\n\n\n\n<div class=\"wp-block-button\"><a class=\"wp-block-button__link has-background wp-element-button\" href=\"https:\/\/learnspanishinperu.net\/de\/spanisch-lernen\/spanisch-gruppenkurs-gastfamilie\/\" style=\"background-color:#ffa500\">Gruppenkurs + Gastfamilie<\/a><\/div>\n\n\n\n<div class=\"wp-block-button\"><a class=\"wp-block-button__link has-background wp-element-button\" href=\"https:\/\/learnspanishinperu.net\/de\/unterkunft\/\" style=\"background-color:#0000ff\">Unterkunft in Cusco<\/a><\/div>\n\n\n\n<div class=\"wp-block-button\"><a class=\"wp-block-button__link has-background wp-element-button\" href=\"https:\/\/learnspanishinperu.net\/de\/preise\/\" style=\"background-color:#a52a2a\">Preise<\/a><\/div>\n\n\n\n<div class=\"wp-block-button\"><a class=\"wp-block-button__link has-background wp-element-button\" href=\"https:\/\/learnspanishinperu.net\/de\/kontakt\/\" style=\"background-color:#800080\">Kontaktiere uns!<\/a><\/div>\n<\/div>\n\n\n\n<div style=\"height:30px\" aria-hidden=\"true\" class=\"wp-block-spacer\"><\/div>\n","protected":false},"excerpt":{"rendered":"<p>Spanisch-Gruppenkurs und Studentenwohnung in Cusco M\u00f6chten Sie einen Spanisch-Gruppenkurs belegen und in unserer Studentenwohnung \u00fcbernachten? Nehmen Sie unser Paket und sichern Sie sich einen Rabatt! Das Paket kombiniert Gruppenunterricht f\u00fcr 4 Stunden am Tag, 20 Stunden pro Woche mit dem Aufenthalt in unserem Studentenapartment in Cusco. Mehr Wochen? Dies ist ein Paket f\u00fcr eine Woche.&hellip;<\/p>\n<p class=\"more\"><a class=\"more-link\" href=\"https:\/\/learnspanishinperu.net\/de\/programme\/spanisch-unterkunft\/gruppenkurs-wohngemeinschaft\/\">Continue reading <span class=\"screen-reader-text\">Gruppenkurs + Wohngemeinschaft<\/span><\/a><\/p>\n","protected":false},"author":1,"featured_media":0,"parent":16414,"menu_order":0,"comment_status":"closed","ping_status":"closed","template":"page-templates\/wide.php","meta":{"_coblocks_attr":"","_coblocks_dimensions":"","_coblocks_responsive_height":"","_coblocks_accordion_ie_support":"","footnotes":""},"class_list":["post-16420","page","type-page","status-publish","hentry","entry"],"yoast_head":"<!-- This site is optimized with the Yoast SEO plugin v27.5 - https:\/\/yoast.com\/product\/yoast-seo-wordpress\/ -->\n<title>Gruppenkurs + Wohngemeinschaft - Mundo Antiguo Cusco Peru<\/title>\n<meta name=\"description\" content=\"Gruppenkurs mit Wohngemeinschaft in Cusco Peru. Kombinieren Sie Spanischunterricht mit einer gro\u00dfartigen Unterkunft.\" \/>\n<meta name=\"robots\" content=\"index, follow, max-snippet:-1, max-image-preview:large, max-video-preview:-1\" \/>\n<link rel=\"canonical\" href=\"https:\/\/learnspanishinperu.net\/de\/programme\/spanisch-unterkunft\/gruppenkurs-wohngemeinschaft\/\" \/>\n<meta property=\"og:locale\" content=\"de_DE\" \/>\n<meta property=\"og:type\" content=\"article\" \/>\n<meta property=\"og:title\" content=\"Gruppenkurs + Wohngemeinschaft - Mundo Antiguo Cusco Peru\" \/>\n<meta property=\"og:description\" content=\"Gruppenkurs mit Wohngemeinschaft in Cusco Peru. Kombinieren Sie Spanischunterricht mit einer gro\u00dfartigen Unterkunft.\" \/>\n<meta property=\"og:url\" content=\"https:\/\/learnspanishinperu.net\/de\/programme\/spanisch-unterkunft\/gruppenkurs-wohngemeinschaft\/\" \/>\n<meta property=\"og:site_name\" content=\"Mundo Antiguo\" \/>\n<meta property=\"article:publisher\" content=\"http:\/\/www.facebook.com\/MundoAntiguoSpanishSchool\" \/>\n<meta property=\"article:modified_time\" content=\"2024-11-29T17:26:31+00:00\" \/>\n<meta property=\"og:image\" content=\"https:\/\/learnspanishinperu.net\/wp-content\/uploads\/2015\/10\/5-e1467737798143.jpg\" \/>\n<meta name=\"twitter:card\" content=\"summary_large_image\" \/>\n<meta name=\"twitter:site\" content=\"@MASpanishschool\" \/>\n<meta name=\"twitter:label1\" content=\"Gesch\u00e4tzte Lesezeit\" \/>\n\t<meta name=\"twitter:data1\" content=\"3 Minuten\" \/>\n<!-- \/ Yoast SEO plugin. -->","yoast_head_json":{"title":"Gruppenkurs + Wohngemeinschaft - Mundo Antiguo Cusco Peru","description":"Gruppenkurs mit Wohngemeinschaft in Cusco Peru. Kombinieren Sie Spanischunterricht mit einer gro\u00dfartigen Unterkunft.","robots":{"index":"index","follow":"follow","max-snippet":"max-snippet:-1","max-image-preview":"max-image-preview:large","max-video-preview":"max-video-preview:-1"},"canonical":"https:\/\/learnspanishinperu.net\/de\/programme\/spanisch-unterkunft\/gruppenkurs-wohngemeinschaft\/","og_locale":"de_DE","og_type":"article","og_title":"Gruppenkurs + Wohngemeinschaft - Mundo Antiguo Cusco Peru","og_description":"Gruppenkurs mit Wohngemeinschaft in Cusco Peru. Kombinieren Sie Spanischunterricht mit einer gro\u00dfartigen Unterkunft.","og_url":"https:\/\/learnspanishinperu.net\/de\/programme\/spanisch-unterkunft\/gruppenkurs-wohngemeinschaft\/","og_site_name":"Mundo Antiguo","article_publisher":"http:\/\/www.facebook.com\/MundoAntiguoSpanishSchool","article_modified_time":"2024-11-29T17:26:31+00:00","og_image":[{"url":"https:\/\/learnspanishinperu.net\/wp-content\/uploads\/2015\/10\/5-e1467737798143.jpg","type":"","width":"","height":""}],"twitter_card":"summary_large_image","twitter_site":"@MASpanishschool","twitter_misc":{"Gesch\u00e4tzte Lesezeit":"3 Minuten"},"schema":{"@context":"https:\/\/schema.org","@graph":[{"@type":"WebPage","@id":"https:\/\/learnspanishinperu.net\/de\/programme\/spanisch-unterkunft\/gruppenkurs-wohngemeinschaft\/","url":"https:\/\/learnspanishinperu.net\/de\/programme\/spanisch-unterkunft\/gruppenkurs-wohngemeinschaft\/","name":"Gruppenkurs + Wohngemeinschaft - Mundo Antiguo Cusco Peru","isPartOf":{"@id":"https:\/\/learnspanishinperu.net\/#website"},"primaryImageOfPage":{"@id":"https:\/\/learnspanishinperu.net\/de\/programme\/spanisch-unterkunft\/gruppenkurs-wohngemeinschaft\/#primaryimage"},"image":{"@id":"https:\/\/learnspanishinperu.net\/de\/programme\/spanisch-unterkunft\/gruppenkurs-wohngemeinschaft\/#primaryimage"},"thumbnailUrl":"https:\/\/learnspanishinperu.net\/wp-content\/uploads\/2015\/10\/5-e1467737798143.jpg","datePublished":"2020-03-25T03:13:08+00:00","dateModified":"2024-11-29T17:26:31+00:00","description":"Gruppenkurs mit Wohngemeinschaft in Cusco Peru. Kombinieren Sie Spanischunterricht mit einer gro\u00dfartigen Unterkunft.","breadcrumb":{"@id":"https:\/\/learnspanishinperu.net\/de\/programme\/spanisch-unterkunft\/gruppenkurs-wohngemeinschaft\/#breadcrumb"},"inLanguage":"de-DE","potentialAction":[{"@type":"ReadAction","target":["https:\/\/learnspanishinperu.net\/de\/programme\/spanisch-unterkunft\/gruppenkurs-wohngemeinschaft\/"]}]},{"@type":"ImageObject","inLanguage":"de-DE","@id":"https:\/\/learnspanishinperu.net\/de\/programme\/spanisch-unterkunft\/gruppenkurs-wohngemeinschaft\/#primaryimage","url":"https:\/\/learnspanishinperu.net\/wp-content\/uploads\/2015\/10\/5-e1467737798143.jpg","contentUrl":"https:\/\/learnspanishinperu.net\/wp-content\/uploads\/2015\/10\/5-e1467737798143.jpg"},{"@type":"BreadcrumbList","@id":"https:\/\/learnspanishinperu.net\/de\/programme\/spanisch-unterkunft\/gruppenkurs-wohngemeinschaft\/#breadcrumb","itemListElement":[{"@type":"ListItem","position":1,"name":"Home","item":"https:\/\/learnspanishinperu.net\/de\/"},{"@type":"ListItem","position":2,"name":"Programme","item":"https:\/\/learnspanishinperu.net\/de\/programme\/"},{"@type":"ListItem","position":3,"name":"Spanisch und Unterkunft","item":"https:\/\/learnspanishinperu.net\/de\/programme\/spanisch-unterkunft\/"},{"@type":"ListItem","position":4,"name":"Gruppenkurs + Wohngemeinschaft"}]},{"@type":"WebSite","@id":"https:\/\/learnspanishinperu.net\/#website","url":"https:\/\/learnspanishinperu.net\/","name":"Mundo Antiguo","description":"Spanish school Cusco","publisher":{"@id":"https:\/\/learnspanishinperu.net\/#organization"},"potentialAction":[{"@type":"SearchAction","target":{"@type":"EntryPoint","urlTemplate":"https:\/\/learnspanishinperu.net\/?s={search_term_string}"},"query-input":{"@type":"PropertyValueSpecification","valueRequired":true,"valueName":"search_term_string"}}],"inLanguage":"de-DE"},{"@type":"Organization","@id":"https:\/\/learnspanishinperu.net\/#organization","name":"Mundo Antiguo","url":"https:\/\/learnspanishinperu.net\/","logo":{"@type":"ImageObject","inLanguage":"de-DE","@id":"https:\/\/learnspanishinperu.net\/#\/schema\/logo\/image\/","url":"https:\/\/learnspanishinperu.net\/wp-content\/uploads\/2016\/04\/logo-Spanish-school-Cusco-Peru-e1547820355169.jpg","contentUrl":"https:\/\/learnspanishinperu.net\/wp-content\/uploads\/2016\/04\/logo-Spanish-school-Cusco-Peru-e1547820355169.jpg","width":100,"height":83,"caption":"Mundo Antiguo"},"image":{"@id":"https:\/\/learnspanishinperu.net\/#\/schema\/logo\/image\/"},"sameAs":["http:\/\/www.facebook.com\/MundoAntiguoSpanishSchool","https:\/\/x.com\/MASpanishschool","https:\/\/www.instagram.com\/mundoantiguo_spanishschool\/","https:\/\/www.linkedin.com\/company\/mundo-antiguo-spanish-school","http:\/\/www.pinterest.com\/mundoantiguo\/"]}]}},"_links":{"self":[{"href":"https:\/\/learnspanishinperu.net\/de\/wp-json\/wp\/v2\/pages\/16420","targetHints":{"allow":["GET"]}}],"collection":[{"href":"https:\/\/learnspanishinperu.net\/de\/wp-json\/wp\/v2\/pages"}],"about":[{"href":"https:\/\/learnspanishinperu.net\/de\/wp-json\/wp\/v2\/types\/page"}],"author":[{"embeddable":true,"href":"https:\/\/learnspanishinperu.net\/de\/wp-json\/wp\/v2\/users\/1"}],"replies":[{"embeddable":true,"href":"https:\/\/learnspanishinperu.net\/de\/wp-json\/wp\/v2\/comments?post=16420"}],"version-history":[{"count":15,"href":"https:\/\/learnspanishinperu.net\/de\/wp-json\/wp\/v2\/pages\/16420\/revisions"}],"predecessor-version":[{"id":47894,"href":"https:\/\/learnspanishinperu.net\/de\/wp-json\/wp\/v2\/pages\/16420\/revisions\/47894"}],"up":[{"embeddable":true,"href":"https:\/\/learnspanishinperu.net\/de\/wp-json\/wp\/v2\/pages\/16414"}],"wp:attachment":[{"href":"https:\/\/learnspanishinperu.net\/de\/wp-json\/wp\/v2\/media?parent=16420"}],"curies":[{"name":"wp","href":"https:\/\/api.w.org\/{rel}","templated":true}]}}