{"id":16414,"date":"2020-03-24T21:41:00","date_gmt":"2020-03-25T02:41:00","guid":{"rendered":"https:\/\/learnspanishinperu.net\/programs\/spanish-and-accommodation\/"},"modified":"2023-08-02T08:32:52","modified_gmt":"2023-08-02T13:32:52","slug":"spanisch-unterkunft","status":"publish","type":"page","link":"https:\/\/learnspanishinperu.net\/de\/programme\/spanisch-unterkunft\/","title":{"rendered":"Spanisch und Unterkunft"},"content":{"rendered":"\n<div class=\"wp-block-cover alignfull is-light has-parallax mt-0\" style=\"min-height:460px;aspect-ratio:unset;\"><span aria-hidden=\"true\" class=\"wp-block-cover__background has-background-dim-10 has-background-dim\"><\/span><div role=\"img\" class=\"wp-block-cover__image-background wp-image-15106 has-parallax lazyload\" style=\"background-position:50% 50%;background-image:inherit\" data-bg-image=\"url(https:\/\/learnspanishinperu.net\/wp-content\/uploads\/2020\/07\/WhatsApp-Image-2020-06-24-at-5.07.34-PM.jpeg)\"><\/div><div class=\"wp-block-cover__inner-container is-layout-flow wp-block-cover-is-layout-flow\">\n<h1 class=\"wp-block-heading has-text-align-center has-white-color has-text-color\" style=\"font-size:60px\">Spanisch und Unterkunft<\/h1>\n\n\n\n<p class=\"has-text-align-center has-white-color has-text-color has-5-xl-font-size\"><em>Programme mit Gastfamilienaufenthalt oder Appartement<\/em><\/p>\n<\/div><\/div>\n\n\n\n<div style=\"height:30px\" aria-hidden=\"true\" class=\"wp-block-spacer\"><\/div>\n\n\n\n<blockquote class=\"wp-block-quote is-style-large is-style-plain has-2-xl-font-size is-layout-flow wp-block-quote-is-layout-flow\" style=\"font-style:normal;font-weight:400\">\n<p>Spanisch und Unterkunftsprogramme<\/p>\n<cite>Wenn Sie zum Spanischunterricht nach Cusco kommen, m\u00f6chten Sie wahrscheinlich auch eine gro\u00dfartige Unterkunft! Wir bieten 4 Programme an, bei denen wir spanische Programme mit der richtigen Unterkunft f\u00fcr Sie kombinieren.<\/cite><\/blockquote>\n\n\n\n<div style=\"height:40px\" aria-hidden=\"true\" class=\"wp-block-spacer\"><\/div>\n\n\n\n<div class=\"wp-block-columns is-layout-flex wp-container-core-columns-is-layout-9d6595d7 wp-block-columns-is-layout-flex\">\n<div class=\"wp-block-column is-layout-flow wp-block-column-is-layout-flow\">\n<div class=\"wp-block-coblocks-author\"><figure class=\"wp-block-coblocks-author__avatar\"><img decoding=\"async\" alt=\"Gruppenunterricht &amp; Gastfamilie\" class=\"wp-block-coblocks-author__avatar-img lazyload\" data-src=\"https:\/\/learnspanishinperu.net\/wp-content\/uploads\/2015\/10\/crop-0-0-250-188-0-guest-family-Cusco-e1479507171590.jpg\" src=\"data:image\/svg+xml;base64,PHN2ZyB3aWR0aD0iMSIgaGVpZ2h0PSIxIiB4bWxucz0iaHR0cDovL3d3dy53My5vcmcvMjAwMC9zdmciPjwvc3ZnPg==\" style=\"--smush-placeholder-width: 250px; --smush-placeholder-aspect-ratio: 250\/188;\" \/><\/figure><div class=\"wp-block-coblocks-author__content\"><span class=\"wp-block-coblocks-author__name\">Gruppenunterricht &amp; Gastfamilie<\/span><p class=\"wp-block-coblocks-author__biography\">Wenn Sie nach qualitativ hochwertigen Kursen in einer sozialen, freundlichen Umgebung und Erfahrung suchen, um bei einer peruanischen Familie zu bleiben, dann ist dies die beste Option. Genie\u00dfen Sie einen lokalen Lebensstil und \u00fcben Sie allt\u00e4gliches Spanisch!<\/p>\n\n<div class=\"wp-block-button\"><a class=\"wp-block-button__link has-background\" href=\"https:\/\/learnspanishinperu.net\/de\/spanisch-lernen\/spanisch-gruppenkurs-gastfamilie\/\" style=\"background-color:#008000\">Schau es dir jetzt an<\/a><\/div>\n\n<\/div><\/div>\n\n\n\n<div style=\"height:20px\" aria-hidden=\"true\" class=\"wp-block-spacer\"><\/div>\n\n\n\n<div class=\"wp-block-coblocks-author\"><figure class=\"wp-block-coblocks-author__avatar\"><img decoding=\"async\" alt=\"Gruppenunterricht &amp; Wohnung\" class=\"wp-block-coblocks-author__avatar-img lazyload\" data-src=\"https:\/\/learnspanishinperu.net\/wp-content\/uploads\/2020\/07\/Group-lessons-Spanish-Cusco.jpg\" src=\"data:image\/svg+xml;base64,PHN2ZyB3aWR0aD0iMSIgaGVpZ2h0PSIxIiB4bWxucz0iaHR0cDovL3d3dy53My5vcmcvMjAwMC9zdmciPjwvc3ZnPg==\" style=\"--smush-placeholder-width: 5472px; --smush-placeholder-aspect-ratio: 5472\/3648;\" \/><\/figure><div class=\"wp-block-coblocks-author__content\"><span class=\"wp-block-coblocks-author__name\">Gruppenunterricht &amp; Wohnung<\/span><p class=\"wp-block-coblocks-author__biography\">Der Aufenthalt in unserer Wohngemeinschaft ist eine gro\u00dfartige M\u00f6glichkeit, Kommilitonen aus der ganzen Welt zu treffen und trotzdem die Privatsph\u00e4re Ihres eigenen Schlafzimmers zu genie\u00dfen. Dies ist unsere budgetfreundlichste Option!<\/p>\n\n<div class=\"wp-block-button\"><a class=\"wp-block-button__link has-background\" href=\"https:\/\/learnspanishinperu.net\/de\/programme\/spanisch-unterkunft\/gruppenkurs-wohngemeinschaft\/\" style=\"background-color:#0000ff\">Schau es dir jetzt an <\/a><\/div>\n\n<\/div><\/div>\n\n\n\n<div style=\"height:20px\" aria-hidden=\"true\" class=\"wp-block-spacer\"><\/div>\n<\/div>\n\n\n\n<div class=\"wp-block-column is-layout-flow wp-block-column-is-layout-flow\">\n<div class=\"wp-block-coblocks-author\"><figure class=\"wp-block-coblocks-author__avatar\"><img decoding=\"async\" alt=\"Privatunterricht &amp; Gastfamilie\" class=\"wp-block-coblocks-author__avatar-img lazyload\" data-src=\"https:\/\/learnspanishinperu.net\/wp-content\/uploads\/2020\/07\/Spanish-private-teacher.jpg\" src=\"data:image\/svg+xml;base64,PHN2ZyB3aWR0aD0iMSIgaGVpZ2h0PSIxIiB4bWxucz0iaHR0cDovL3d3dy53My5vcmcvMjAwMC9zdmciPjwvc3ZnPg==\" style=\"--smush-placeholder-width: 5472px; --smush-placeholder-aspect-ratio: 5472\/3648;\" \/><\/figure><div class=\"wp-block-coblocks-author__content\"><span class=\"wp-block-coblocks-author__name\">Privatunterricht &amp; Gastfamilie<\/span><p class=\"wp-block-coblocks-author__biography\">Die ideale Wahl f\u00fcr ein umfassendes Erlebnis. Dieses Programm bietet Ihnen Privatunterricht, der auf Ihre pers\u00f6nlichen Bed\u00fcrfnisse zugeschnitten ist und Ihre t\u00e4glichen Konversationsf\u00e4higkeiten mit einer einheimischen Familie \u00fcbt.<\/p>\n\n<div class=\"wp-block-button\"><a class=\"wp-block-button__link has-background\" href=\"https:\/\/learnspanishinperu.net\/de\/spanisch-lernen\/einzelunterricht-gastfamilie\/\" style=\"background-color:#ffa500\">Schau es dir jetzt an <\/a><\/div>\n\n<\/div><\/div>\n\n\n\n<div style=\"height:20px\" aria-hidden=\"true\" class=\"wp-block-spacer\"><\/div>\n\n\n\n<div class=\"wp-block-coblocks-author\"><figure class=\"wp-block-coblocks-author__avatar\"><img decoding=\"async\" alt=\"Privatunterricht &amp; Wohnung\" class=\"wp-block-coblocks-author__avatar-img lazyload\" data-src=\"https:\/\/learnspanishinperu.net\/wp-content\/uploads\/2015\/10\/5-e1467737798143.jpg\" src=\"data:image\/svg+xml;base64,PHN2ZyB3aWR0aD0iMSIgaGVpZ2h0PSIxIiB4bWxucz0iaHR0cDovL3d3dy53My5vcmcvMjAwMC9zdmciPjwvc3ZnPg==\" style=\"--smush-placeholder-width: 200px; --smush-placeholder-aspect-ratio: 200\/113;\" \/><\/figure><div class=\"wp-block-coblocks-author__content\"><span class=\"wp-block-coblocks-author__name\">Privatunterricht &amp; Wohnung<\/span><p class=\"wp-block-coblocks-author__biography\">Genie\u00dfen Sie die Privatsph\u00e4re Ihres eigenen Zimmers, teilen Sie sich jedoch die Gemeinschaftsr\u00e4ume mit anderen Studenten! Sie haben Ihren eigenen Raum zum Lernen und k\u00f6nnen sich auf Ihren personalisierten Privatunterricht konzentrieren.<\/p>\n\n<div class=\"wp-block-button\"><a class=\"wp-block-button__link has-background\" href=\"https:\/\/learnspanishinperu.net\/de\/programme\/spanisch-unterkunft\/privatunterricht-wohngemeinschaft\/\" style=\"background-color:#a52a2a\">Schau es dir jetzt an <\/a><\/div>\n\n<\/div><\/div>\n\n\n\n<div style=\"height:20px\" aria-hidden=\"true\" class=\"wp-block-spacer\"><\/div>\n<\/div>\n<\/div>\n\n\n\n<div style=\"height:20px\" aria-hidden=\"true\" class=\"wp-block-spacer\"><\/div>\n\n\n\n<div class=\"wp-block-buttons is-horizontal is-content-justification-center is-layout-flex wp-container-core-buttons-is-layout-499968f5 wp-block-buttons-is-layout-flex\">\n<div class=\"wp-block-button\"><a class=\"wp-block-button__link has-background wp-element-button\" href=\"https:\/\/learnspanishinperu.net\/de\/kontakt\/\" style=\"background-color:#008000\">Kontaktiere uns<\/a><\/div>\n\n\n\n<div class=\"wp-block-button\"><a class=\"wp-block-button__link has-background wp-element-button\" href=\"https:\/\/learnspanishinperu.net\/de\/preise\/\" style=\"background-color:#ffa500\">Preise<\/a><\/div>\n\n\n\n<div class=\"wp-block-button\"><a class=\"wp-block-button__link has-background wp-element-button\" href=\"https:\/\/learnspanishinperu.net\/zh-hans\/services\/\" style=\"background-color:#0000ff\">Unsere Dienstleistungen<\/a><\/div>\n\n\n\n<div class=\"wp-block-button\"><a class=\"wp-block-button__link has-background wp-element-button\" href=\"https:\/\/learnspanishinperu.net\/de\/unterkunft\/\" style=\"background-color:#a52a2a\">Unterk\u00fcnfte in Cusco<\/a><\/div>\n<\/div>\n\n\n\n<div style=\"height:30px\" aria-hidden=\"true\" class=\"wp-block-spacer\"><\/div>\n","protected":false},"excerpt":{"rendered":"<p>Spanisch und Unterkunftsprogramme Wenn Sie zum Spanischunterricht nach Cusco kommen, m\u00f6chten Sie wahrscheinlich auch eine gro\u00dfartige Unterkunft! Wir bieten 4 Programme an, bei denen wir spanische Programme mit der richtigen Unterkunft f\u00fcr Sie kombinieren.<\/p>\n","protected":false},"author":1,"featured_media":0,"parent":16380,"menu_order":0,"comment_status":"closed","ping_status":"closed","template":"page-templates\/wide.php","meta":{"_coblocks_attr":"","_coblocks_dimensions":"","_coblocks_responsive_height":"","_coblocks_accordion_ie_support":"","footnotes":""},"class_list":["post-16414","page","type-page","status-publish","hentry","entry"],"yoast_head":"<!-- This site is optimized with the Yoast SEO plugin v27.5 - https:\/\/yoast.com\/product\/yoast-seo-wordpress\/ -->\n<title>Spanisch und Unterkunft - Mundo Antiguo - Programme in Cusco Peru<\/title>\n<meta name=\"description\" content=\"Wir bieten 4 Programme an, bei denen wir spanische Programme mit der richtigen Unterkunft f\u00fcr Sie kombinieren.\" \/>\n<meta name=\"robots\" content=\"index, follow, max-snippet:-1, max-image-preview:large, max-video-preview:-1\" \/>\n<link rel=\"canonical\" href=\"https:\/\/learnspanishinperu.net\/de\/programme\/spanisch-unterkunft\/\" \/>\n<meta property=\"og:locale\" content=\"de_DE\" \/>\n<meta property=\"og:type\" content=\"article\" \/>\n<meta property=\"og:title\" content=\"Spanisch und Unterkunft - Mundo Antiguo - Programme in Cusco Peru\" \/>\n<meta property=\"og:description\" content=\"Wir bieten 4 Programme an, bei denen wir spanische Programme mit der richtigen Unterkunft f\u00fcr Sie kombinieren.\" \/>\n<meta property=\"og:url\" content=\"https:\/\/learnspanishinperu.net\/de\/programme\/spanisch-unterkunft\/\" \/>\n<meta property=\"og:site_name\" content=\"Mundo Antiguo\" \/>\n<meta property=\"article:publisher\" content=\"http:\/\/www.facebook.com\/MundoAntiguoSpanishSchool\" \/>\n<meta property=\"article:modified_time\" content=\"2023-08-02T13:32:52+00:00\" \/>\n<meta property=\"og:image\" content=\"https:\/\/learnspanishinperu.net\/wp-content\/uploads\/2015\/10\/crop-0-0-250-188-0-guest-family-Cusco-e1479507171590.jpg\" \/>\n<meta name=\"twitter:card\" content=\"summary_large_image\" \/>\n<meta name=\"twitter:site\" content=\"@MASpanishschool\" \/>\n<meta name=\"twitter:label1\" content=\"Gesch\u00e4tzte Lesezeit\" \/>\n\t<meta name=\"twitter:data1\" content=\"2 Minuten\" \/>\n<!-- \/ Yoast SEO plugin. -->","yoast_head_json":{"title":"Spanisch und Unterkunft - Mundo Antiguo - Programme in Cusco Peru","description":"Wir bieten 4 Programme an, bei denen wir spanische Programme mit der richtigen Unterkunft f\u00fcr Sie kombinieren.","robots":{"index":"index","follow":"follow","max-snippet":"max-snippet:-1","max-image-preview":"max-image-preview:large","max-video-preview":"max-video-preview:-1"},"canonical":"https:\/\/learnspanishinperu.net\/de\/programme\/spanisch-unterkunft\/","og_locale":"de_DE","og_type":"article","og_title":"Spanisch und Unterkunft - Mundo Antiguo - Programme in Cusco Peru","og_description":"Wir bieten 4 Programme an, bei denen wir spanische Programme mit der richtigen Unterkunft f\u00fcr Sie kombinieren.","og_url":"https:\/\/learnspanishinperu.net\/de\/programme\/spanisch-unterkunft\/","og_site_name":"Mundo Antiguo","article_publisher":"http:\/\/www.facebook.com\/MundoAntiguoSpanishSchool","article_modified_time":"2023-08-02T13:32:52+00:00","og_image":[{"url":"https:\/\/learnspanishinperu.net\/wp-content\/uploads\/2015\/10\/crop-0-0-250-188-0-guest-family-Cusco-e1479507171590.jpg","type":"","width":"","height":""}],"twitter_card":"summary_large_image","twitter_site":"@MASpanishschool","twitter_misc":{"Gesch\u00e4tzte Lesezeit":"2 Minuten"},"schema":{"@context":"https:\/\/schema.org","@graph":[{"@type":"WebPage","@id":"https:\/\/learnspanishinperu.net\/de\/programme\/spanisch-unterkunft\/","url":"https:\/\/learnspanishinperu.net\/de\/programme\/spanisch-unterkunft\/","name":"Spanisch und Unterkunft - Mundo Antiguo - Programme in Cusco Peru","isPartOf":{"@id":"https:\/\/learnspanishinperu.net\/#website"},"primaryImageOfPage":{"@id":"https:\/\/learnspanishinperu.net\/de\/programme\/spanisch-unterkunft\/#primaryimage"},"image":{"@id":"https:\/\/learnspanishinperu.net\/de\/programme\/spanisch-unterkunft\/#primaryimage"},"thumbnailUrl":"https:\/\/learnspanishinperu.net\/wp-content\/uploads\/2015\/10\/crop-0-0-250-188-0-guest-family-Cusco-e1479507171590.jpg","datePublished":"2020-03-25T02:41:00+00:00","dateModified":"2023-08-02T13:32:52+00:00","description":"Wir bieten 4 Programme an, bei denen wir spanische Programme mit der richtigen Unterkunft f\u00fcr Sie kombinieren.","breadcrumb":{"@id":"https:\/\/learnspanishinperu.net\/de\/programme\/spanisch-unterkunft\/#breadcrumb"},"inLanguage":"de-DE","potentialAction":[{"@type":"ReadAction","target":["https:\/\/learnspanishinperu.net\/de\/programme\/spanisch-unterkunft\/"]}]},{"@type":"ImageObject","inLanguage":"de-DE","@id":"https:\/\/learnspanishinperu.net\/de\/programme\/spanisch-unterkunft\/#primaryimage","url":"https:\/\/learnspanishinperu.net\/wp-content\/uploads\/2015\/10\/crop-0-0-250-188-0-guest-family-Cusco-e1479507171590.jpg","contentUrl":"https:\/\/learnspanishinperu.net\/wp-content\/uploads\/2015\/10\/crop-0-0-250-188-0-guest-family-Cusco-e1479507171590.jpg"},{"@type":"BreadcrumbList","@id":"https:\/\/learnspanishinperu.net\/de\/programme\/spanisch-unterkunft\/#breadcrumb","itemListElement":[{"@type":"ListItem","position":1,"name":"Home","item":"https:\/\/learnspanishinperu.net\/de\/"},{"@type":"ListItem","position":2,"name":"Programme","item":"https:\/\/learnspanishinperu.net\/de\/programme\/"},{"@type":"ListItem","position":3,"name":"Spanisch und Unterkunft"}]},{"@type":"WebSite","@id":"https:\/\/learnspanishinperu.net\/#website","url":"https:\/\/learnspanishinperu.net\/","name":"Mundo Antiguo","description":"Spanish school Cusco","publisher":{"@id":"https:\/\/learnspanishinperu.net\/#organization"},"potentialAction":[{"@type":"SearchAction","target":{"@type":"EntryPoint","urlTemplate":"https:\/\/learnspanishinperu.net\/?s={search_term_string}"},"query-input":{"@type":"PropertyValueSpecification","valueRequired":true,"valueName":"search_term_string"}}],"inLanguage":"de-DE"},{"@type":"Organization","@id":"https:\/\/learnspanishinperu.net\/#organization","name":"Mundo Antiguo","url":"https:\/\/learnspanishinperu.net\/","logo":{"@type":"ImageObject","inLanguage":"de-DE","@id":"https:\/\/learnspanishinperu.net\/#\/schema\/logo\/image\/","url":"https:\/\/learnspanishinperu.net\/wp-content\/uploads\/2016\/04\/logo-Spanish-school-Cusco-Peru-e1547820355169.jpg","contentUrl":"https:\/\/learnspanishinperu.net\/wp-content\/uploads\/2016\/04\/logo-Spanish-school-Cusco-Peru-e1547820355169.jpg","width":100,"height":83,"caption":"Mundo Antiguo"},"image":{"@id":"https:\/\/learnspanishinperu.net\/#\/schema\/logo\/image\/"},"sameAs":["http:\/\/www.facebook.com\/MundoAntiguoSpanishSchool","https:\/\/x.com\/MASpanishschool","https:\/\/www.instagram.com\/mundoantiguo_spanishschool\/","https:\/\/www.linkedin.com\/company\/mundo-antiguo-spanish-school","http:\/\/www.pinterest.com\/mundoantiguo\/"]}]}},"_links":{"self":[{"href":"https:\/\/learnspanishinperu.net\/de\/wp-json\/wp\/v2\/pages\/16414","targetHints":{"allow":["GET"]}}],"collection":[{"href":"https:\/\/learnspanishinperu.net\/de\/wp-json\/wp\/v2\/pages"}],"about":[{"href":"https:\/\/learnspanishinperu.net\/de\/wp-json\/wp\/v2\/types\/page"}],"author":[{"embeddable":true,"href":"https:\/\/learnspanishinperu.net\/de\/wp-json\/wp\/v2\/users\/1"}],"replies":[{"embeddable":true,"href":"https:\/\/learnspanishinperu.net\/de\/wp-json\/wp\/v2\/comments?post=16414"}],"version-history":[{"count":6,"href":"https:\/\/learnspanishinperu.net\/de\/wp-json\/wp\/v2\/pages\/16414\/revisions"}],"predecessor-version":[{"id":44634,"href":"https:\/\/learnspanishinperu.net\/de\/wp-json\/wp\/v2\/pages\/16414\/revisions\/44634"}],"up":[{"embeddable":true,"href":"https:\/\/learnspanishinperu.net\/de\/wp-json\/wp\/v2\/pages\/16380"}],"wp:attachment":[{"href":"https:\/\/learnspanishinperu.net\/de\/wp-json\/wp\/v2\/media?parent=16414"}],"curies":[{"name":"wp","href":"https:\/\/api.w.org\/{rel}","templated":true}]}}