{"id":16402,"date":"2020-03-24T22:07:21","date_gmt":"2020-03-25T03:07:21","guid":{"rendered":"https:\/\/learnspanishinperu.net\/spanisch-lernen\/group-lessons\/"},"modified":"2024-11-04T17:29:47","modified_gmt":"2024-11-04T22:29:47","slug":"gruppenunterricht","status":"publish","type":"page","link":"https:\/\/learnspanishinperu.net\/de\/spanisch-lernen\/gruppenunterricht\/","title":{"rendered":"Gruppenunterricht"},"content":{"rendered":"\n<div class=\"wp-block-cover alignfull is-light has-parallax mt-0\" style=\"min-height:460px;aspect-ratio:unset;\"><span aria-hidden=\"true\" class=\"wp-block-cover__background has-background-dim-10 has-background-dim\"><\/span><div class=\"wp-block-cover__image-background wp-image-16320 has-parallax lazyload\" style=\"background-position:50% 50%;background-image:inherit\" data-bg-image=\"url(https:\/\/learnspanishinperu.net\/wp-content\/uploads\/2020\/07\/Group-lessons-Spanish-Cusco-scaled.jpg)\"><\/div><div class=\"wp-block-cover__inner-container is-layout-flow wp-block-cover-is-layout-flow\">\n<h1 class=\"wp-block-heading has-text-align-center has-white-color has-text-color\" id=\"spanisch-gruppenunterricht\" style=\"font-size:60px\"><mark style=\"background-color:rgba(0, 0, 0, 0)\" class=\"has-inline-color has-white-color\">Spanisch Gruppenunterricht<\/mark><\/h1>\n\n\n\n<p class=\"has-text-align-center has-white-color has-text-color has-5-xl-font-size\"><em>Spanisch lernen in einer kleinen Gruppe in Cusco<\/em><\/p>\n<\/div><\/div>\n\n\n\n<div style=\"height:10px\" aria-hidden=\"true\" class=\"wp-block-spacer\"><\/div>\n\n\n\n<blockquote class=\"wp-block-quote is-style-large is-style-plain has-2-xl-font-size is-layout-flow wp-block-quote-is-layout-flow\" style=\"font-style:normal;font-weight:400\">\n<p>Spanisch Gruppenunterricht<\/p>\n<cite>In unserem budgetfreundlichen Gruppenunterricht lernen Sie Spanisch in einer sozialen und herzlichen Umgebung. Sie werden mit Ihren Kommilitonen sprechen, Kontakte kn\u00fcpfen und lernen und Ihr Spanisch gemeinsam \u00fcben. <br \/><br \/>Die maximale Gruppengr\u00f6\u00dfe betr\u00e4gt nur 4 Sch\u00fcler. Auf diese Weise hat Ihr Lehrer gen\u00fcgend Zeit und pers\u00f6nliche Aufmerksamkeit f\u00fcr den Lernprozess jedes Sch\u00fclers.<br \/><br \/>Wir haben eine ergebnisorientierte Methodik, die sich auf die t\u00e4gliche Kommunikation konzentriert. W\u00e4hrend des Unterrichts \u00fcben Sie Grammatik, Konversationsf\u00e4higkeiten, H\u00f6rverst\u00e4ndnis und Schreibf\u00e4higkeiten. Wir bilden die Gruppen basierend auf Ihrem Spanischniveau, wir m\u00f6chten sicherstellen, dass Sie eine optimale Lernerfahrung haben und dass es dabei eine wichtige Rolle spielt, in der richtigen Gruppe zu sein, auf dem richtigen Niveau.<\/cite><\/blockquote>\n\n\n\n<div style=\"height:20px\" aria-hidden=\"true\" class=\"wp-block-spacer\"><\/div>\n\n\n\n<figure class=\"wp-block-gallery has-nested-images columns-4 is-cropped wp-block-gallery-1 is-layout-flex wp-block-gallery-is-layout-flex\">\n<figure class=\"wp-block-image size-large\"><img decoding=\"async\" width=\"1024\" height=\"683\" data-id=\"16278\" data-src=\"https:\/\/learnspanishinperu.net\/wp-content\/uploads\/2020\/07\/Spanish-school-Mundo-Antiguo-Cusco-1024x683.jpg\" alt=\"\" class=\"wp-image-16278 lazyload\" data-srcset=\"https:\/\/learnspanishinperu.net\/wp-content\/uploads\/2020\/07\/Spanish-school-Mundo-Antiguo-Cusco-1024x683.jpg 1024w, https:\/\/learnspanishinperu.net\/wp-content\/uploads\/2020\/07\/Spanish-school-Mundo-Antiguo-Cusco-300x200.jpg 300w, https:\/\/learnspanishinperu.net\/wp-content\/uploads\/2020\/07\/Spanish-school-Mundo-Antiguo-Cusco-768x512.jpg 768w, https:\/\/learnspanishinperu.net\/wp-content\/uploads\/2020\/07\/Spanish-school-Mundo-Antiguo-Cusco-1536x1024.jpg 1536w, https:\/\/learnspanishinperu.net\/wp-content\/uploads\/2020\/07\/Spanish-school-Mundo-Antiguo-Cusco-2048x1365.jpg 2048w\" data-sizes=\"(max-width: 1024px) 100vw, 1024px\" src=\"data:image\/svg+xml;base64,PHN2ZyB3aWR0aD0iMSIgaGVpZ2h0PSIxIiB4bWxucz0iaHR0cDovL3d3dy53My5vcmcvMjAwMC9zdmciPjwvc3ZnPg==\" style=\"--smush-placeholder-width: 1024px; --smush-placeholder-aspect-ratio: 1024\/683;\" \/><\/figure>\n\n\n\n<figure class=\"wp-block-image size-large\"><img decoding=\"async\" width=\"1024\" height=\"768\" data-id=\"16212\" data-src=\"https:\/\/learnspanishinperu.net\/wp-content\/uploads\/2020\/07\/students-Mundo-Antiguo-Spanish-school-1024x768.jpeg\" alt=\"\" class=\"wp-image-16212 lazyload\" data-srcset=\"https:\/\/learnspanishinperu.net\/wp-content\/uploads\/2020\/07\/students-Mundo-Antiguo-Spanish-school-1024x768.jpeg 1024w, https:\/\/learnspanishinperu.net\/wp-content\/uploads\/2020\/07\/students-Mundo-Antiguo-Spanish-school-300x225.jpeg 300w, https:\/\/learnspanishinperu.net\/wp-content\/uploads\/2020\/07\/students-Mundo-Antiguo-Spanish-school-768x576.jpeg 768w, https:\/\/learnspanishinperu.net\/wp-content\/uploads\/2020\/07\/students-Mundo-Antiguo-Spanish-school-373x280.jpeg 373w, https:\/\/learnspanishinperu.net\/wp-content\/uploads\/2020\/07\/students-Mundo-Antiguo-Spanish-school.jpeg 1080w\" data-sizes=\"(max-width: 1024px) 100vw, 1024px\" src=\"data:image\/svg+xml;base64,PHN2ZyB3aWR0aD0iMSIgaGVpZ2h0PSIxIiB4bWxucz0iaHR0cDovL3d3dy53My5vcmcvMjAwMC9zdmciPjwvc3ZnPg==\" style=\"--smush-placeholder-width: 1024px; --smush-placeholder-aspect-ratio: 1024\/768;\" \/><\/figure>\n\n\n\n<figure class=\"wp-block-image size-large\"><img decoding=\"async\" width=\"1024\" height=\"576\" data-id=\"16205\" data-src=\"https:\/\/learnspanishinperu.net\/wp-content\/uploads\/2020\/07\/students-Mundo-Antiguo-Peru-1024x576.jpg\" alt=\"\" class=\"wp-image-16205 lazyload\" data-srcset=\"https:\/\/learnspanishinperu.net\/wp-content\/uploads\/2020\/07\/students-Mundo-Antiguo-Peru-1024x576.jpg 1024w, https:\/\/learnspanishinperu.net\/wp-content\/uploads\/2020\/07\/students-Mundo-Antiguo-Peru-300x169.jpg 300w, https:\/\/learnspanishinperu.net\/wp-content\/uploads\/2020\/07\/students-Mundo-Antiguo-Peru-768x432.jpg 768w, https:\/\/learnspanishinperu.net\/wp-content\/uploads\/2020\/07\/students-Mundo-Antiguo-Peru-373x210.jpg 373w, https:\/\/learnspanishinperu.net\/wp-content\/uploads\/2020\/07\/students-Mundo-Antiguo-Peru.jpg 1032w\" data-sizes=\"(max-width: 1024px) 100vw, 1024px\" src=\"data:image\/svg+xml;base64,PHN2ZyB3aWR0aD0iMSIgaGVpZ2h0PSIxIiB4bWxucz0iaHR0cDovL3d3dy53My5vcmcvMjAwMC9zdmciPjwvc3ZnPg==\" style=\"--smush-placeholder-width: 1024px; --smush-placeholder-aspect-ratio: 1024\/576;\" \/><\/figure>\n\n\n\n<figure class=\"wp-block-image size-large\"><img decoding=\"async\" width=\"1024\" height=\"766\" data-id=\"3628\" data-src=\"https:\/\/learnspanishinperu.net\/wp-content\/uploads\/2013\/02\/Spanish-group-class-320-1024x766.jpg\" alt=\"Spanish group class\" class=\"wp-image-3628 lazyload\" src=\"data:image\/svg+xml;base64,PHN2ZyB3aWR0aD0iMSIgaGVpZ2h0PSIxIiB4bWxucz0iaHR0cDovL3d3dy53My5vcmcvMjAwMC9zdmciPjwvc3ZnPg==\" style=\"--smush-placeholder-width: 1024px; --smush-placeholder-aspect-ratio: 1024\/766;\" \/><\/figure>\n<\/figure>\n\n\n\n<div style=\"height:50px\" aria-hidden=\"true\" class=\"wp-block-spacer\"><\/div>\n\n\n\n<div class=\"wp-block-columns alignwide is-layout-flex wp-container-core-columns-is-layout-9d6595d7 wp-block-columns-is-layout-flex\">\n<div class=\"wp-block-column has-text-color has-background has-link-color wp-elements-176391e6b7e60620185c83a66df115dc is-layout-flow wp-block-column-is-layout-flow\" style=\"color:#000000;background-color:#ffe97d;padding-top:2em;padding-right:2em;padding-bottom:2em;padding-left:2em\">\n<div class=\"wp-block-group is-vertical is-layout-flex wp-container-core-group-is-layout-8cf370e7 wp-block-group-is-layout-flex\">\n<p><strong>Wann kann ich anfangen?<\/strong><\/p>\n\n\n\n<ul class=\"wp-block-list is-style-default\">\n<li><em>Sie k\u00f6nnen jeden Montag beginnen.<\/em><\/li>\n<\/ul>\n<\/div>\n\n\n\n<div style=\"height:20px\" aria-hidden=\"true\" class=\"wp-block-spacer\"><\/div>\n\n\n\n<div class=\"wp-block-group is-vertical is-layout-flex wp-container-core-group-is-layout-8cf370e7 wp-block-group-is-layout-flex\">\n<p><strong>Welche Stunden kann ich lernen?<\/strong> <\/p>\n\n\n\n<ul class=\"wp-block-list is-style-default\">\n<li><em>Unsere Gruppenkurse finden von 9:00 bis 13:00 Uhr und von 14:00 bis 18:00 Uhr statt. <\/em><\/li>\n<\/ul>\n<\/div>\n\n\n\n<div style=\"height:20px\" aria-hidden=\"true\" class=\"wp-block-spacer\"><\/div>\n\n\n\n<div class=\"wp-block-group is-vertical is-layout-flex wp-container-core-group-is-layout-8cf370e7 wp-block-group-is-layout-flex\">\n<p><strong>Welche Niveaus bieten Sie an?<\/strong><\/p>\n\n\n\n<ul class=\"wp-block-list is-style-default\">\n<li><em>Wir bieten Kurse vom Anf\u00e4ngerniveau bis hin zu C2 an. <\/em><\/li>\n<\/ul>\n<\/div>\n\n\n\n<div style=\"height:20px\" aria-hidden=\"true\" class=\"wp-block-spacer\"><\/div>\n\n\n\n<p><strong>Woher wei\u00df ich, auf welchem \u200b\u200bLevel ich bin?<\/strong><\/p>\n\n\n\n<ul class=\"wp-block-list is-style-default\">\n<li><em>Sie k\u00f6nnen einen KOSTENLOSEN <a href=\"https:\/\/learnspanishinperu.net\/de\/spanisch-lernen\/spanisch-einstufungstest\/\">Einstufungstest<\/a> machen! Dies hilft uns, die perfekte Gruppe f\u00fcr Ihr Niveau zu finden.<\/em><\/li>\n<\/ul>\n\n\n\n<div style=\"height:10px\" aria-hidden=\"true\" class=\"wp-block-spacer\"><\/div>\n\n\n\n<div class=\"wp-block-group is-vertical is-layout-flex wp-container-core-group-is-layout-8cf370e7 wp-block-group-is-layout-flex\">\n<p><strong>Was ist die maximale Gruppengr\u00f6\u00dfe?<\/strong> <\/p>\n\n\n\n<ul class=\"wp-block-list is-style-default\">\n<li><em>Das Maximum betr\u00e4gt 4 Sch\u00fcler pro Gruppe<\/em>.<\/li>\n<\/ul>\n<\/div>\n<\/div>\n\n\n\n<div class=\"wp-block-column has-text-color has-background has-link-color wp-elements-05c28b5c6aa64f0a56cf4c1e2c8b3381 is-layout-flow wp-block-column-is-layout-flow\" style=\"color:#000000;background-color:#d1d1e1;padding-top:2em;padding-right:2em;padding-bottom:2em;padding-left:2em\">\n<h2 class=\"wp-block-heading\" id=\"family\" style=\"font-size:40px\">Inbegriffen<\/h2>\n\n\n\n<hr class=\"wp-block-separator has-css-opacity is-style-wide\"\/>\n\n\n\n<ul class=\"wp-block-list is-style-checkbox\">\n<li>Einstufungstest<\/li>\n\n\n\n<li>Unser Arbeitsbuch, ein Notizbuch und ein Stift<\/li>\n\n\n\n<li>Zertifikat<\/li>\n\n\n\n<li>Kostenlose w\u00f6chentliche Aktivit\u00e4ten<\/li>\n\n\n\n<li>Kostenloser Kaffee und Tee<\/li>\n\n\n\n<li>Gratis Wifi<\/li>\n\n\n\n<li>Einschreibegeb\u00fchr inbegriffen<\/li>\n<\/ul>\n\n\n\n<div class=\"wp-block-buttons alignfull is-horizontal is-content-justification-center is-layout-flex wp-container-core-buttons-is-layout-499968f5 wp-block-buttons-is-layout-flex\">\n<div class=\"wp-block-button has-custom-width wp-block-button__width-100 is-style-fill\"><a class=\"wp-block-button__link has-white-color has-text-color has-background no-border-radius wp-element-button\" href=\"https:\/\/learnspanishinperu.net\/de\/spanischschule\/kostenlose-aktivitaeten\/\" style=\"background-color:#000000\">In allen unseren Programmen enthalten<\/a><\/div>\n<\/div>\n<\/div>\n<\/div>\n\n\n\n<p><\/p>\n\n\n\n<div style=\"height:50px\" aria-hidden=\"true\" class=\"wp-block-spacer\"><\/div>\n\n\n\n<div class=\"wp-block-cover aligncenter wp-duotone-rgb4247103-rgb21419442-3\" style=\"margin-top:0;padding-top:48px;padding-right:48px;padding-bottom:48px;padding-left:48px;min-height:180px;aspect-ratio:unset;\"><span aria-hidden=\"true\" class=\"wp-block-cover__background has-background-dim-30 has-background-dim\" style=\"background-color:#615657\"><\/span><img decoding=\"async\" class=\"wp-block-cover__image-background wp-image-47266 lazyload\" alt=\"\" data-src=\"https:\/\/learnspanishinperu.net\/wp-content\/uploads\/2021\/04\/crop-0-0-5472-3648-0-salsa-dancing-free-activities.jpg\" style=\"--smush-placeholder-width: 5472px; --smush-placeholder-aspect-ratio: 5472\/3648;object-position:50% 30%\" data-object-fit=\"cover\" data-object-position=\"50% 30%\" src=\"data:image\/svg+xml;base64,PHN2ZyB3aWR0aD0iMSIgaGVpZ2h0PSIxIiB4bWxucz0iaHR0cDovL3d3dy53My5vcmcvMjAwMC9zdmciPjwvc3ZnPg==\" \/><div class=\"wp-block-cover__inner-container is-layout-flow wp-block-cover-is-layout-flow\">\n<div class=\"wp-block-group\"><div class=\"wp-block-group__inner-container is-layout-constrained wp-container-core-group-is-layout-481a76f5 wp-block-group-is-layout-constrained\">\n<h2 class=\"wp-block-heading has-text-align-center has-white-color has-text-color\" style=\"font-size:40px;font-style:normal;font-weight:700;letter-spacing:0px;line-height:1;text-transform:uppercase\">W\u00d6CHENTLICHER SALSA-KURS + KULTURELLE AKTIVIT\u00c4TEN + MEHR!<\/h2>\n<\/div><\/div>\n\n\n\n<div class=\"wp-block-buttons is-content-justification-center is-nowrap is-layout-flex wp-container-core-buttons-is-layout-1fb9aab6 wp-block-buttons-is-layout-flex\">\n<div class=\"wp-block-button has-custom-font-size is-style-outline has-lg-font-size is-style-outline--2\" style=\"font-style:normal;font-weight:600;letter-spacing:0px;text-transform:uppercase\"><a class=\"wp-block-button__link has-white-color has-text-color wp-element-button\" style=\"border-radius:10px;padding-top:24px;padding-right:48px;padding-bottom:24px;padding-left:48px\">IN ALLEN UNSEREN SPANISCHPROGRAMMEN ENTHALTEN!<\/a><\/div>\n<\/div>\n<\/div><\/div>\n\n\n\n<div style=\"height:60px\" aria-hidden=\"true\" class=\"wp-block-spacer\"><\/div>\n\n\n<div\n\t\tclass=\"free align wp-block-btn-button\"\tid='btnButton-4'\n\tdata-nonce='&quot;0c77f052ed&quot;'\n\tdata-attributes='{&quot;cId&quot;:&quot;2be4b8d3-3&quot;,&quot;cPostId&quot;:45197,&quot;text&quot;:&quot;Melden Sie sich jetzt an!&quot;,&quot;allUserRole&quot;:[{&quot;label&quot;:&quot;Select a role&quot;,&quot;value&quot;:&quot;default&quot;},{&quot;label&quot;:&quot;Administrator&quot;,&quot;value&quot;:&quot;administrator&quot;},{&quot;label&quot;:&quot;Editor&quot;,&quot;value&quot;:&quot;editor&quot;},{&quot;label&quot;:&quot;Author&quot;,&quot;value&quot;:&quot;author&quot;},{&quot;label&quot;:&quot;Contributor&quot;,&quot;value&quot;:&quot;contributor&quot;},{&quot;label&quot;:&quot;Subscriber&quot;,&quot;value&quot;:&quot;subscriber&quot;},{&quot;label&quot;:&quot;Inactive&quot;,&quot;value&quot;:&quot;inactive&quot;},{&quot;label&quot;:&quot;SEO Manager&quot;,&quot;value&quot;:&quot;wpseo_manager&quot;},{&quot;label&quot;:&quot;SEO Editor&quot;,&quot;value&quot;:&quot;wpseo_editor&quot;}],&quot;url&quot;:&quot;https:\\\/\\\/learnspanishinperu.net\\\/de\\\/anmeldeformular\\\/&quot;,&quot;icon&quot;:{&quot;class&quot;:&quot;far fa-thumbs-up&quot;,&quot;name&quot;:&quot;thumbs-up&quot;},&quot;size&quot;:&quot;x-large&quot;,&quot;typography&quot;:{&quot;fontSize&quot;:22,&quot;fontWeight&quot;:600,&quot;textDecoration&quot;:&quot;none&quot;},&quot;colors&quot;:{&quot;color&quot;:&quot;#fff&quot;,&quot;bg&quot;:&quot;rgba(255, 165, 0, 1)&quot;},&quot;padding&quot;:{&quot;vertical&quot;:&quot;16px&quot;,&quot;horizontal&quot;:&quot;46px&quot;},&quot;border&quot;:{&quot;radius&quot;:&quot;5px&quot;,&quot;width&quot;:&quot;2px&quot;,&quot;color&quot;:&quot;#0a0002&quot;},&quot;align&quot;:&quot;&quot;,&quot;actionType&quot;:&quot;link&quot;,&quot;security&quot;:&quot;none&quot;,&quot;securityPassword&quot;:&quot;&quot;,&quot;tooltip&quot;:&quot;&quot;,&quot;tooltipPos&quot;:&quot;top&quot;,&quot;target&quot;:&quot;_self&quot;,&quot;attrs&quot;:{&quot;rel&quot;:&quot;noreferrer&quot;,&quot;referrerpolicy&quot;:&quot;no-referrer&quot;},&quot;hideOn&quot;:{&quot;desktop&quot;:false,&quot;tablet&quot;:false,&quot;mobile&quot;:false},&quot;isDownload&quot;:false,&quot;downloadFileName&quot;:&quot;&quot;,&quot;isUpIcon&quot;:false,&quot;upIcon&quot;:{&quot;id&quot;:null,&quot;url&quot;:&quot;&quot;,&quot;alt&quot;:&quot;&quot;,&quot;title&quot;:&quot;&quot;},&quot;iconPos&quot;:&quot;left&quot;,&quot;type&quot;:&quot;flat&quot;,&quot;isFullWidth&quot;:false,&quot;popup&quot;:{&quot;type&quot;:&quot;image&quot;,&quot;content&quot;:&quot;&quot;,&quot;caption&quot;:&quot;&quot;,&quot;width&quot;:&quot;&quot;},&quot;animationType&quot;:&quot;&quot;,&quot;animationDuration&quot;:0.4,&quot;addID&quot;:&quot;&quot;,&quot;addCSS&quot;:&quot;&quot;,&quot;alignment&quot;:&quot;center&quot;,&quot;hovColors&quot;:{&quot;color&quot;:&quot;#fff&quot;,&quot;bg&quot;:&quot;#FF7A00&quot;},&quot;shadow&quot;:[]}'\n\tdata-info='{&quot;userRoles&quot;:[],&quot;loginURL&quot;:&quot;https:\\\/\\\/learnspanishinperu.net\\\/wp-login.php&quot;}'\n\tdata-pipecheck=''\n><\/div>\n\n\n<div style=\"height:50px\" aria-hidden=\"true\" class=\"wp-block-spacer\"><\/div>\n\n\n\n<div class=\"wp-block-buttons is-horizontal is-content-justification-center is-layout-flex wp-container-core-buttons-is-layout-499968f5 wp-block-buttons-is-layout-flex\">\n<div class=\"wp-block-button\"><a class=\"wp-block-button__link has-background wp-element-button\" href=\"https:\/\/learnspanishinperu.net\/de\/spanisch-lernen\/private-spanischkurse\/\" style=\"background-color:#008000\">Privatunterricht Spanisch<\/a><\/div>\n\n\n\n<div class=\"wp-block-button\"><a class=\"wp-block-button__link has-background wp-element-button\" href=\"https:\/\/learnspanishinperu.net\/de\/spanisch-lernen\/spanisch-gruppenkurs-gastfamilie\/\" style=\"background-color:#ffa500\">Gruppenkurs + Gastfamilie<\/a><\/div>\n\n\n\n<div class=\"wp-block-button\"><a class=\"wp-block-button__link has-background wp-element-button\" href=\"https:\/\/learnspanishinperu.net\/de\/programme\/spanisch-unterkunft\/gruppenkurs-wohngemeinschaft\/\" style=\"background-color:#0000ff\">Gruppenkurs + Studentenwohnung<\/a><\/div>\n\n\n\n<div class=\"wp-block-button\"><a class=\"wp-block-button__link has-background wp-element-button\" href=\"https:\/\/learnspanishinperu.net\/de\/preise\/\" style=\"background-color:#a52a2a\">Preise<\/a><\/div>\n\n\n\n<div class=\"wp-block-button\"><a class=\"wp-block-button__link has-background wp-element-button\" href=\"https:\/\/learnspanishinperu.net\/de\/kontakt\/\" style=\"background-color:#800080\">Kontaktiere uns jetzt!<\/a><\/div>\n<\/div>\n\n\n\n<div style=\"height:40px\" aria-hidden=\"true\" class=\"wp-block-spacer\"><\/div>\n","protected":false},"excerpt":{"rendered":"<p>Spanisch Gruppenunterricht In unserem budgetfreundlichen Gruppenunterricht lernen Sie Spanisch in einer sozialen und herzlichen Umgebung. Sie werden mit Ihren Kommilitonen sprechen, Kontakte kn\u00fcpfen und lernen und Ihr Spanisch gemeinsam \u00fcben. Die maximale Gruppengr\u00f6\u00dfe betr\u00e4gt nur 4 Sch\u00fcler. Auf diese Weise hat Ihr Lehrer gen\u00fcgend Zeit und pers\u00f6nliche Aufmerksamkeit f\u00fcr den Lernprozess jedes Sch\u00fclers. Wir haben&hellip;<\/p>\n<p class=\"more\"><a class=\"more-link\" href=\"https:\/\/learnspanishinperu.net\/de\/spanisch-lernen\/gruppenunterricht\/\">Continue reading <span class=\"screen-reader-text\">Gruppenunterricht<\/span><\/a><\/p>\n","protected":false},"author":1,"featured_media":0,"parent":5659,"menu_order":0,"comment_status":"closed","ping_status":"closed","template":"page-templates\/wide.php","meta":{"_coblocks_attr":"","_coblocks_dimensions":"","_coblocks_responsive_height":"","_coblocks_accordion_ie_support":"","footnotes":""},"class_list":["post-16402","page","type-page","status-publish","hentry","entry"],"yoast_head":"<!-- This site is optimized with the Yoast SEO plugin v27.5 - https:\/\/yoast.com\/product\/yoast-seo-wordpress\/ -->\n<title>Gruppenunterricht - Mundo Antiguo - Spanisch Gruppenkurs Cusco<\/title>\n<meta name=\"description\" content=\"Gruppenunterricht in Cusco Peru. Spanisch Gruppenkurs in kleinen Gruppen mit demselben Niveau zusammen in unserer Sprachschule\" \/>\n<meta name=\"robots\" content=\"index, follow, max-snippet:-1, max-image-preview:large, max-video-preview:-1\" \/>\n<link rel=\"canonical\" href=\"https:\/\/learnspanishinperu.net\/de\/spanisch-lernen\/gruppenunterricht\/\" \/>\n<meta property=\"og:locale\" content=\"de_DE\" \/>\n<meta property=\"og:type\" content=\"article\" \/>\n<meta property=\"og:title\" content=\"Gruppenunterricht - Mundo Antiguo - Spanisch Gruppenkurs Cusco\" \/>\n<meta property=\"og:description\" content=\"Gruppenunterricht in Cusco Peru. Spanisch Gruppenkurs in kleinen Gruppen mit demselben Niveau zusammen in unserer Sprachschule\" \/>\n<meta property=\"og:url\" content=\"https:\/\/learnspanishinperu.net\/de\/spanisch-lernen\/gruppenunterricht\/\" \/>\n<meta property=\"og:site_name\" content=\"Mundo Antiguo\" \/>\n<meta property=\"article:publisher\" content=\"http:\/\/www.facebook.com\/MundoAntiguoSpanishSchool\" \/>\n<meta property=\"article:modified_time\" content=\"2024-11-04T22:29:47+00:00\" \/>\n<meta property=\"og:image\" content=\"https:\/\/learnspanishinperu.net\/wp-content\/uploads\/2020\/07\/Spanish-school-Mundo-Antiguo-Cusco-1024x683.jpg\" \/>\n<meta name=\"twitter:card\" content=\"summary_large_image\" \/>\n<meta name=\"twitter:site\" content=\"@MASpanishschool\" \/>\n<meta name=\"twitter:label1\" content=\"Gesch\u00e4tzte Lesezeit\" \/>\n\t<meta name=\"twitter:data1\" content=\"2 Minuten\" \/>\n<!-- \/ Yoast SEO plugin. -->","yoast_head_json":{"title":"Gruppenunterricht - Mundo Antiguo - Spanisch Gruppenkurs Cusco","description":"Gruppenunterricht in Cusco Peru. Spanisch Gruppenkurs in kleinen Gruppen mit demselben Niveau zusammen in unserer Sprachschule","robots":{"index":"index","follow":"follow","max-snippet":"max-snippet:-1","max-image-preview":"max-image-preview:large","max-video-preview":"max-video-preview:-1"},"canonical":"https:\/\/learnspanishinperu.net\/de\/spanisch-lernen\/gruppenunterricht\/","og_locale":"de_DE","og_type":"article","og_title":"Gruppenunterricht - Mundo Antiguo - Spanisch Gruppenkurs Cusco","og_description":"Gruppenunterricht in Cusco Peru. Spanisch Gruppenkurs in kleinen Gruppen mit demselben Niveau zusammen in unserer Sprachschule","og_url":"https:\/\/learnspanishinperu.net\/de\/spanisch-lernen\/gruppenunterricht\/","og_site_name":"Mundo Antiguo","article_publisher":"http:\/\/www.facebook.com\/MundoAntiguoSpanishSchool","article_modified_time":"2024-11-04T22:29:47+00:00","og_image":[{"url":"https:\/\/learnspanishinperu.net\/wp-content\/uploads\/2020\/07\/Spanish-school-Mundo-Antiguo-Cusco-1024x683.jpg","type":"","width":"","height":""}],"twitter_card":"summary_large_image","twitter_site":"@MASpanishschool","twitter_misc":{"Gesch\u00e4tzte Lesezeit":"2 Minuten"},"schema":{"@context":"https:\/\/schema.org","@graph":[{"@type":"WebPage","@id":"https:\/\/learnspanishinperu.net\/de\/spanisch-lernen\/gruppenunterricht\/","url":"https:\/\/learnspanishinperu.net\/de\/spanisch-lernen\/gruppenunterricht\/","name":"Gruppenunterricht - Mundo Antiguo - Spanisch Gruppenkurs Cusco","isPartOf":{"@id":"https:\/\/learnspanishinperu.net\/#website"},"primaryImageOfPage":{"@id":"https:\/\/learnspanishinperu.net\/de\/spanisch-lernen\/gruppenunterricht\/#primaryimage"},"image":{"@id":"https:\/\/learnspanishinperu.net\/de\/spanisch-lernen\/gruppenunterricht\/#primaryimage"},"thumbnailUrl":"https:\/\/learnspanishinperu.net\/wp-content\/uploads\/2020\/07\/Spanish-school-Mundo-Antiguo-Cusco-1024x683.jpg","datePublished":"2020-03-25T03:07:21+00:00","dateModified":"2024-11-04T22:29:47+00:00","description":"Gruppenunterricht in Cusco Peru. Spanisch Gruppenkurs in kleinen Gruppen mit demselben Niveau zusammen in unserer Sprachschule","breadcrumb":{"@id":"https:\/\/learnspanishinperu.net\/de\/spanisch-lernen\/gruppenunterricht\/#breadcrumb"},"inLanguage":"de-DE","potentialAction":[{"@type":"ReadAction","target":["https:\/\/learnspanishinperu.net\/de\/spanisch-lernen\/gruppenunterricht\/"]}]},{"@type":"ImageObject","inLanguage":"de-DE","@id":"https:\/\/learnspanishinperu.net\/de\/spanisch-lernen\/gruppenunterricht\/#primaryimage","url":"https:\/\/learnspanishinperu.net\/wp-content\/uploads\/2020\/07\/Spanish-school-Mundo-Antiguo-Cusco-1024x683.jpg","contentUrl":"https:\/\/learnspanishinperu.net\/wp-content\/uploads\/2020\/07\/Spanish-school-Mundo-Antiguo-Cusco-1024x683.jpg"},{"@type":"BreadcrumbList","@id":"https:\/\/learnspanishinperu.net\/de\/spanisch-lernen\/gruppenunterricht\/#breadcrumb","itemListElement":[{"@type":"ListItem","position":1,"name":"Home","item":"https:\/\/learnspanishinperu.net\/de\/"},{"@type":"ListItem","position":2,"name":"Spanisch lernen","item":"https:\/\/learnspanishinperu.net\/de\/spanisch-lernen\/"},{"@type":"ListItem","position":3,"name":"Gruppenunterricht"}]},{"@type":"WebSite","@id":"https:\/\/learnspanishinperu.net\/#website","url":"https:\/\/learnspanishinperu.net\/","name":"Mundo Antiguo","description":"Spanish school Cusco","publisher":{"@id":"https:\/\/learnspanishinperu.net\/#organization"},"potentialAction":[{"@type":"SearchAction","target":{"@type":"EntryPoint","urlTemplate":"https:\/\/learnspanishinperu.net\/?s={search_term_string}"},"query-input":{"@type":"PropertyValueSpecification","valueRequired":true,"valueName":"search_term_string"}}],"inLanguage":"de-DE"},{"@type":"Organization","@id":"https:\/\/learnspanishinperu.net\/#organization","name":"Mundo Antiguo","url":"https:\/\/learnspanishinperu.net\/","logo":{"@type":"ImageObject","inLanguage":"de-DE","@id":"https:\/\/learnspanishinperu.net\/#\/schema\/logo\/image\/","url":"https:\/\/learnspanishinperu.net\/wp-content\/uploads\/2016\/04\/logo-Spanish-school-Cusco-Peru-e1547820355169.jpg","contentUrl":"https:\/\/learnspanishinperu.net\/wp-content\/uploads\/2016\/04\/logo-Spanish-school-Cusco-Peru-e1547820355169.jpg","width":100,"height":83,"caption":"Mundo Antiguo"},"image":{"@id":"https:\/\/learnspanishinperu.net\/#\/schema\/logo\/image\/"},"sameAs":["http:\/\/www.facebook.com\/MundoAntiguoSpanishSchool","https:\/\/x.com\/MASpanishschool","https:\/\/www.instagram.com\/mundoantiguo_spanishschool\/","https:\/\/www.linkedin.com\/company\/mundo-antiguo-spanish-school","http:\/\/www.pinterest.com\/mundoantiguo\/"]}]}},"_links":{"self":[{"href":"https:\/\/learnspanishinperu.net\/de\/wp-json\/wp\/v2\/pages\/16402","targetHints":{"allow":["GET"]}}],"collection":[{"href":"https:\/\/learnspanishinperu.net\/de\/wp-json\/wp\/v2\/pages"}],"about":[{"href":"https:\/\/learnspanishinperu.net\/de\/wp-json\/wp\/v2\/types\/page"}],"author":[{"embeddable":true,"href":"https:\/\/learnspanishinperu.net\/de\/wp-json\/wp\/v2\/users\/1"}],"replies":[{"embeddable":true,"href":"https:\/\/learnspanishinperu.net\/de\/wp-json\/wp\/v2\/comments?post=16402"}],"version-history":[{"count":41,"href":"https:\/\/learnspanishinperu.net\/de\/wp-json\/wp\/v2\/pages\/16402\/revisions"}],"predecessor-version":[{"id":47491,"href":"https:\/\/learnspanishinperu.net\/de\/wp-json\/wp\/v2\/pages\/16402\/revisions\/47491"}],"up":[{"embeddable":true,"href":"https:\/\/learnspanishinperu.net\/de\/wp-json\/wp\/v2\/pages\/5659"}],"wp:attachment":[{"href":"https:\/\/learnspanishinperu.net\/de\/wp-json\/wp\/v2\/media?parent=16402"}],"curies":[{"name":"wp","href":"https:\/\/api.w.org\/{rel}","templated":true}]}}