{"id":16380,"date":"2020-03-24T21:31:20","date_gmt":"2020-03-25T02:31:20","guid":{"rendered":"https:\/\/learnspanishinperu.net\/programs\/"},"modified":"2026-03-19T14:17:43","modified_gmt":"2026-03-19T19:17:43","slug":"programme","status":"publish","type":"page","link":"https:\/\/learnspanishinperu.net\/de\/programme\/","title":{"rendered":"Programme"},"content":{"rendered":"\n<div class=\"wp-block-cover alignfull is-light has-parallax\" style=\"min-height:460px;aspect-ratio:unset;\"><div class=\"wp-block-cover__image-background wp-image-14102 has-parallax lazyload\" style=\"background-position:50% 50%;background-image:inherit\" data-bg-image=\"url(https:\/\/learnspanishinperu.net\/wp-content\/uploads\/2020\/05\/Classes_practicas-2.jpg)\"><\/div><span aria-hidden=\"true\" class=\"wp-block-cover__background has-background-dim-10 has-background-dim\"><\/span><div class=\"wp-block-cover__inner-container is-layout-flow wp-block-cover-is-layout-flow\">\n<h1 class=\"wp-block-heading has-text-align-center has-white-color has-text-color\" style=\"font-size:60px\"><mark style=\"background-color:rgba(0, 0, 0, 0)\" class=\"has-inline-color has-white-color\">Spanische programme<\/mark><\/h1>\n\n\n\n<p class=\"has-text-align-center has-white-color has-text-color has-5-xl-font-size\"><em>Sehen Sie sich unsere Programme an oder bitten Sie uns, ein Programm f\u00fcr Sie zu erstellen!<\/em><\/p>\n<\/div><\/div>\n\n\n\n<div style=\"height:50px\" aria-hidden=\"true\" class=\"wp-block-spacer\"><\/div>\n\n\n\n<blockquote class=\"wp-block-quote is-style-large is-style-plain has-2-xl-font-size is-layout-flow wp-block-quote-is-layout-flow\" style=\"font-style:normal;font-weight:400\">\n<p>Unsere programme<\/p>\n<cite>Wir bieten Programme mit Privatunterricht und Kleingruppenunterricht (max. 4 Studenten) an. Wir bieten Programme mit Unterkunft in einer Wohnung oder Gastfamilie und Programme mit tollen Workshops und mit F\u00fchrungen an. Sehen Sie sich unsere Programme an oder bitten Sie uns, ein Programm f\u00fcr Sie zu erstellen!<\/cite><\/blockquote>\n\n\n\n<div style=\"height:30px\" aria-hidden=\"true\" class=\"wp-block-spacer\"><\/div>\n\n\n\n<div class=\"wp-block-coblocks-author\" style=\"background-color: #e7e7e7; padding: 25px; border-radius: 8px; overflow: hidden; margin-bottom: 20px; font-family: sans-serif; display: block;\">\n    <div style=\"float: right; margin: 0 0 20px 25px; width: 300px;\">\n        <a href=\"https:\/\/learnspanishinperu.net\/de\/spanisch-lernen\/\" style=\"text-decoration: none;\">\n            <img decoding=\"async\" alt=\"Unsere Spanischkurse in Cusco\" data-src=\"https:\/\/learnspanishinperu.net\/wp-content\/uploads\/2020\/08\/Private-classes-Spanish.jpg\" style=\"--smush-placeholder-width: 2592px; --smush-placeholder-aspect-ratio: 2592\/1944;width: 100%; height: auto; display: block; border-radius: 4px;\" src=\"data:image\/svg+xml;base64,PHN2ZyB3aWR0aD0iMSIgaGVpZ2h0PSIxIiB4bWxucz0iaHR0cDovL3d3dy53My5vcmcvMjAwMC9zdmciPjwvc3ZnPg==\" class=\"lazyload\" \/>\n        <\/a>\n    <\/div>\n    <div class=\"wp-block-coblocks-author__content\" style=\"float: none; display: block;\">\n        <span style=\"font-weight: bold; font-size: 1.3em; display: block; margin-bottom: 15px;\">\n            <a href=\"https:\/\/learnspanishinperu.net\/de\/spanisch-lernen\/\" style=\"color: #333; text-decoration: none;\">Unsere Spanischkurse in Cusco<\/a>\n        <\/span>\n        <ul style=\"margin: 0; padding-left: 20px; line-height: 1.8; color: #444; max-width: 600px;\">\n            <li><a href=\"https:\/\/learnspanishinperu.net\/de\/spanisch-lernen\/private-spanischkurse\/\" style=\"color: #0073aa; text-decoration: underline;\">Privatunterricht<\/a>: Einzelunterricht met uw leraar.<\/li>\n            <li><a href=\"https:\/\/learnspanishinperu.net\/de\/spanisch-lernen\/gruppenunterricht\/\" style=\"color: #0073aa; text-decoration: underline;\">Gruppenunterricht<\/a>: Groepen van maximaal 4 studenten met hetzelfde niveau.<\/li>\n            <li><a href=\"https:\/\/learnspanishinperu.net\/de\/spanisch-lernen\/spanischkurs\/\" style=\"color: #0073aa; text-decoration: underline;\">Spezielle Spanischkurse<\/a>: Speciale cursussen voor medisch Spaans, business, toerisme of een DELE-voorbereiding.<\/li>\n            <li><a href=\"https:\/\/learnspanishinperu.net\/de\/spanisch-lernen\/crashkurs-spanisch\/\" style=\"color: #0073aa; text-decoration: underline;\">\u00dcberlebensspanisch<\/a>: Leer snel de basis voor op reis.<\/li>\n            <li><a href=\"https:\/\/learnspanishinperu.net\/de\/spanisch-online\/\" style=\"color: #0073aa; text-decoration: underline;\">Online-Spanisch<\/a>: Onze online cursus met priv\u00e9-leraar.<\/li>\n        <\/ul>\n    <\/div>\n    <div style=\"clear: both;\"><\/div>\n<\/div>\n\n\n\n<div style=\"height:20px\" aria-hidden=\"true\" class=\"wp-block-spacer\"><\/div>\n\n\n\n<div class=\"wp-block-coblocks-author\" style=\"background-color: #e7e7e7; padding: 25px; border-radius: 8px; overflow: hidden; margin-bottom: 20px; font-family: sans-serif; display: block;\">\n    <div style=\"float: right; margin: 0 0 20px 25px; width: 300px;\">\n        <a href=\"https:\/\/learnspanishinperu.net\/de\/programme\/spanisch-unterkunft\/\" style=\"text-decoration: none;\">\n            <img decoding=\"async\" alt=\"Spanischunterricht &#038; Unterkunft\" data-src=\"https:\/\/learnspanishinperu.net\/wp-content\/uploads\/2015\/10\/crop-0-0-250-188-0-guest-family-Cusco-e1479507171590.jpg\" style=\"--smush-placeholder-width: 250px; --smush-placeholder-aspect-ratio: 250\/188;width: 100%; height: auto; display: block; border-radius: 4px;\" src=\"data:image\/svg+xml;base64,PHN2ZyB3aWR0aD0iMSIgaGVpZ2h0PSIxIiB4bWxucz0iaHR0cDovL3d3dy53My5vcmcvMjAwMC9zdmciPjwvc3ZnPg==\" class=\"lazyload\" \/>\n        <\/a>\n    <\/div>\n    <div class=\"wp-block-coblocks-author__content\" style=\"float: none; display: block;\">\n        <span style=\"font-weight: bold; font-size: 1.3em; display: block; margin-bottom: 15px;\">\n            <a href=\"https:\/\/learnspanishinperu.net\/de\/programme\/spanisch-unterkunft\/\" style=\"color: #333; text-decoration: none;\">Spanischunterricht &#038; Unterkunft<\/a>\n        <\/span>\n        <ul style=\"margin: 0; padding-left: 20px; line-height: 1.8; color: #444; max-width: 600px;\">\n            <li><a href=\"https:\/\/learnspanishinperu.net\/learn-spanish\/individual-spanish-lessons-and-homestay\/\" style=\"color: #0073aa; text-decoration: underline;\">Privatunterricht + Gastfamilie<\/a>: Einzelunterricht und Gastfamilie in Cusco.<\/li>\n            <li><a href=\"https:\/\/learnspanishinperu.net\/learn-spanish\/spanish-group-course-and-homestay\/\" style=\"color: #0073aa; text-decoration: underline;\">Gruppenunterricht + Gastfamilie<\/a>: Kleingruppenunterricht (max. 4 Sch\u00fcler) und Gastfamilie in Cusco.<\/li>\n            <li><a href=\"https:\/\/learnspanishinperu.net\/programs\/spanish-and-accommodation\/private-classes-shared-apartment\/\" style=\"color: #0073aa; text-decoration: underline;\">Privatunterricht + Wohngemeinschaft<\/a>: Kombiniert Einzelunterricht und wohnen in einer Wohngemeinschaft mit anderen Sch\u00fclern.<\/li>\n            <li><a href=\"https:\/\/learnspanishinperu.net\/programs\/spanish-and-accommodation\/group-course-shared-apartment\/\" style=\"color: #0073aa; text-decoration: underline;\">Gruppenunterricht + Wohngemeinschaft<\/a>: Einem Aufenthalt in einer Wohngemeinschaft in Cusco kombiniert mit Kleingruppenunterricht.<\/li>\n        <\/ul>\n    <\/div>\n    <div style=\"clear: both;\"><\/div>\n<\/div>\n\n\n\n<div style=\"height:20px\" aria-hidden=\"true\" class=\"wp-block-spacer\"><\/div>\n\n\n\n<div class=\"wp-block-coblocks-author\" style=\"background-color: #e7e7e7; padding: 25px; border-radius: 8px; overflow: hidden; margin-bottom: 20px; font-family: sans-serif; display: block;\">\n    <div style=\"float: right; margin: 0 0 20px 25px; width: 300px;\">\n        <a href=\"https:\/\/learnspanishinperu.net\/de\/programme\/spanisch-unterkunft-touren\/\" style=\"text-decoration: none;\">\n            <img decoding=\"async\" alt=\"Komplettprogramme mit F\u00fchrungen\" data-src=\"https:\/\/learnspanishinperu.net\/wp-content\/uploads\/2020\/10\/trek-cusco-peru.jpg\" style=\"--smush-placeholder-width: 798px; --smush-placeholder-aspect-ratio: 798\/649;width: 100%; height: auto; display: block; border-radius: 4px;\" src=\"data:image\/svg+xml;base64,PHN2ZyB3aWR0aD0iMSIgaGVpZ2h0PSIxIiB4bWxucz0iaHR0cDovL3d3dy53My5vcmcvMjAwMC9zdmciPjwvc3ZnPg==\" class=\"lazyload\" \/>\n        <\/a>\n    <\/div>\n    <div class=\"wp-block-coblocks-author__content\" style=\"float: none; display: block;\">\n        <span style=\"font-weight: bold; font-size: 1.3em; display: block; margin-bottom: 15px;\">\n            <a href=\"https:\/\/learnspanishinperu.net\/de\/programme\/spanisch-unterkunft-touren\/\" style=\"color: #333; text-decoration: none;\">Komplettprogramme mit F\u00fchrungen<\/a>\n        <\/span>\n        <ul style=\"margin: 0; padding-left: 20px; line-height: 1.8; color: #444; max-width: 600px;\">\n            <li><a href=\"https:\/\/learnspanishinperu.net\/learn-spanish\/4-week-spanish-immersion-program\/\" style=\"color: #0073aa; text-decoration: underline;\">4-w\u00f6chiges Immersionsprogramm<\/a>: Unser beliebtestes Programm mit Spanisch, Touren und Gastfamilie in Cusco!<\/li>\n            <li><a href=\"https:\/\/learnspanishinperu.net\/de\/programme\/intensivprogramm-plus-salkantay\/\" style=\"color: #0073aa; text-decoration: underline;\">Immersionsprogramm mit der Salkantay-Wanderung<\/a>: komplettes 4-w\u00f6chiges Programm mit beliebten Touren.<\/li>\n            <li><a href=\"https:\/\/learnspanishinperu.net\/learn-spanish\/spanish-packages\/\" style=\"color: #0073aa; text-decoration: underline;\">Abseits der ausgetretenen Pfade<\/a>: 1-monatiges Programm mit Spanisch, Unterkunft und Touren inklusive.<\/li>\n        <\/ul>\n    <\/div>\n    <div style=\"clear: both;\"><\/div>\n<\/div>\n\n\n\n<div style=\"height:20px\" aria-hidden=\"true\" class=\"wp-block-spacer\"><\/div>\n\n\n\n<div class=\"wp-block-coblocks-author\" style=\"background-color: #e7e7e7; padding: 25px; border-radius: 8px; overflow: hidden; margin-bottom: 20px; font-family: sans-serif; display: block;\">\n    <div style=\"float: right; margin: 0 0 20px 25px; width: 300px;\">\n        <a href=\"https:\/\/learnspanishinperu.net\/de\/programme\/workshops\/\" style=\"text-decoration: none;\">\n            <img decoding=\"async\" alt=\"Spanischkurse mit Workshops\" data-src=\"https:\/\/learnspanishinperu.net\/wp-content\/uploads\/2020\/07\/qtq80-ve0cJi.jpeg\" style=\"--smush-placeholder-width: 2021px; --smush-placeholder-aspect-ratio: 2021\/1440;width: 100%; height: auto; display: block; border-radius: 4px;\" src=\"data:image\/svg+xml;base64,PHN2ZyB3aWR0aD0iMSIgaGVpZ2h0PSIxIiB4bWxucz0iaHR0cDovL3d3dy53My5vcmcvMjAwMC9zdmciPjwvc3ZnPg==\" class=\"lazyload\" \/>\n        <\/a>\n    <\/div>\n    <div class=\"wp-block-coblocks-author__content\" style=\"float: none; display: block;\">\n        <span style=\"font-weight: bold; font-size: 1.3em; display: block; margin-bottom: 15px;\">\n            <a href=\"https:\/\/learnspanishinperu.net\/de\/programme\/workshops\/\" style=\"color: #333; text-decoration: none;\">Spanischkurse mit Workshops<\/a>\n        <\/span>\n        <ul style=\"margin: 0; padding-left: 20px; line-height: 1.8; color: #444; max-width: 600px;\">\n            <li><a href=\"https:\/\/learnspanishinperu.net\/de\/programme\/workshops\/schokoladenwerkstatt\/\" style=\"color: #0073aa; text-decoration: underline;\">Schokoladen-Workshop<\/a>: Lernen Sie, Schokolade herzustellen und nehmen Sie Ihre eigene Kreation mit nach Hause!<\/li>\n            <li><a href=\"https:\/\/learnspanishinperu.net\/programs\/spanish-with-workshops\/spanish-and-cooking-classes\/\" style=\"color: #0073aa; text-decoration: underline;\">Kochworkshop<\/a>: Erfahren Sie mehr \u00fcber die ber\u00fchmte peruanische K\u00fcche!<\/li>\n            <li><a href=\"https:\/\/learnspanishinperu.net\/de\/programme\/workshops\/interkultureller\/\" style=\"color: #0073aa; text-decoration: underline;\">Interkultureller Workshop<\/a>: Erfahren Sie alles \u00fcber die Herstellung von Andenbrot, die Herstellung von Keramik, traditionelle Medizin oder traditionelle Masken!<\/li>\n        <\/ul>\n    <\/div>\n    <div style=\"clear: both;\"><\/div>\n<\/div>\n\n\n\n<div style=\"height:20px\" aria-hidden=\"true\" class=\"wp-block-spacer\"><\/div>\n\n\n\n<div class=\"wp-block-coblocks-author\" style=\"background-color: #e7e7e7; padding: 25px; border-radius: 8px; overflow: hidden; margin-bottom: 20px; font-family: sans-serif; display: block;\">\n    <div style=\"float: right; margin: 0 0 20px 25px; width: 300px;\">\n        <a href=\"https:\/\/learnspanishinperu.net\/de\/programme\/spanischprogramm-fur-senioren\/\" style=\"text-decoration: none;\">\n            <img decoding=\"async\" alt=\"Spanisch Seniorenprogramme\" data-src=\"https:\/\/learnspanishinperu.net\/wp-content\/uploads\/2020\/07\/students-Mundo-Antiguo-Spanish-school.jpeg\" style=\"--smush-placeholder-width: 1080px; --smush-placeholder-aspect-ratio: 1080\/810;width: 100%; height: auto; display: block; border-radius: 4px;\" src=\"data:image\/svg+xml;base64,PHN2ZyB3aWR0aD0iMSIgaGVpZ2h0PSIxIiB4bWxucz0iaHR0cDovL3d3dy53My5vcmcvMjAwMC9zdmciPjwvc3ZnPg==\" class=\"lazyload\" \/>\n        <\/a>\n    <\/div>\n    <div class=\"wp-block-coblocks-author__content\" style=\"float: none; display: block;\">\n        <span style=\"font-weight: bold; font-size: 1.3em; display: block; margin-bottom: 15px;\">\n            <a href=\"https:\/\/learnspanishinperu.net\/de\/programme\/spanischprogramm-fur-senioren\/\" style=\"color: #333; text-decoration: none;\">Spanisch Seniorenprogramme<\/a>\n        <\/span>\n        <ul style=\"margin: 0; padding-left: 20px; line-height: 1.8; color: #444; max-width: 600px;\">\n            <li><a href=\"https:\/\/learnspanishinperu.net\/de\/programme\/spanischprogramm-fur-senioren\/\" style=\"color: #0073aa; text-decoration: underline;\">Seniorenkurs<\/a>: Spanisch lernen auf bequeme Weise f\u00fcr 55+ Sch\u00fcler<\/li>\n            <li><a href=\"https:\/\/learnspanishinperu.net\/de\/programme\/spanischprogramm-fur-senioren\/\" style=\"color: #0073aa; text-decoration: underline;\">Seniorenkurs + Gastfamilie<\/a>: Spanisch lernen und bei einer Gastfamilie in Cusco wohnen<\/li>\n            <li><a href=\"https:\/\/learnspanishinperu.net\/de\/programme\/spanischprogramm-fur-senioren\/\" style=\"color: #0073aa; text-decoration: underline;\">Immersionsprogramm<\/a>: Bei einer einheimischen Gastfamilie wohnen, Spanisch in unserem Seniorenkurs lernen und an den Wochenenden Touren unternehmen!<\/li>\n        <\/ul>\n    <\/div>\n    <div style=\"clear: both;\"><\/div>\n<\/div>\n\n\n\n<div style=\"height:50px\" aria-hidden=\"true\" class=\"wp-block-spacer\"><\/div>\n","protected":false},"excerpt":{"rendered":"<p>Unsere programme Wir bieten Programme mit Privatunterricht und Kleingruppenunterricht (max. 4 Studenten) an. Wir bieten Programme mit Unterkunft in einer Wohnung oder Gastfamilie und Programme mit tollen Workshops und mit F\u00fchrungen an. Sehen Sie sich unsere Programme an oder bitten Sie uns, ein Programm f\u00fcr Sie zu erstellen! Unsere Spanischkurse in Cusco Privatunterricht: Einzelunterricht met&hellip;<\/p>\n<p class=\"more\"><a class=\"more-link\" href=\"https:\/\/learnspanishinperu.net\/de\/programme\/\">Continue reading <span class=\"screen-reader-text\">Programme<\/span><\/a><\/p>\n","protected":false},"author":1,"featured_media":0,"parent":0,"menu_order":0,"comment_status":"closed","ping_status":"closed","template":"page-templates\/wide.php","meta":{"_coblocks_attr":"","_coblocks_dimensions":"","_coblocks_responsive_height":"","_coblocks_accordion_ie_support":"","footnotes":""},"class_list":["post-16380","page","type-page","status-publish","hentry","entry"],"yoast_head":"<!-- This site is optimized with the Yoast SEO plugin v27.4 - https:\/\/yoast.com\/product\/yoast-seo-wordpress\/ -->\n<title>Die besten spanischen Programme in Cusco - Mundo Antiguo<\/title>\n<meta name=\"description\" content=\"Hier finden Sie die besten spanischen Programme in Cusco. Spanischkurse und Programma mit Mundo Antiguo Peru.\" \/>\n<meta name=\"robots\" content=\"index, follow, max-snippet:-1, max-image-preview:large, max-video-preview:-1\" \/>\n<link rel=\"canonical\" href=\"https:\/\/learnspanishinperu.net\/de\/programme\/\" \/>\n<meta property=\"og:locale\" content=\"de_DE\" \/>\n<meta property=\"og:type\" content=\"article\" \/>\n<meta property=\"og:title\" content=\"Die besten spanischen Programme in Cusco - Mundo Antiguo\" \/>\n<meta property=\"og:description\" content=\"Hier finden Sie die besten spanischen Programme in Cusco. Spanischkurse und Programma mit Mundo Antiguo Peru.\" \/>\n<meta property=\"og:url\" content=\"https:\/\/learnspanishinperu.net\/de\/programme\/\" \/>\n<meta property=\"og:site_name\" content=\"Mundo Antiguo\" \/>\n<meta property=\"article:publisher\" content=\"http:\/\/www.facebook.com\/MundoAntiguoSpanishSchool\" \/>\n<meta property=\"article:modified_time\" content=\"2026-03-19T19:17:43+00:00\" \/>\n<meta property=\"og:image\" content=\"https:\/\/learnspanishinperu.net\/wp-content\/uploads\/2020\/08\/Private-classes-Spanish.jpg\" \/>\n<meta name=\"twitter:card\" content=\"summary_large_image\" \/>\n<meta name=\"twitter:site\" content=\"@MASpanishschool\" \/>\n<meta name=\"twitter:label1\" content=\"Gesch\u00e4tzte Lesezeit\" \/>\n\t<meta name=\"twitter:data1\" content=\"2 Minuten\" \/>\n<!-- \/ Yoast SEO plugin. -->","yoast_head_json":{"title":"Die besten spanischen Programme in Cusco - Mundo Antiguo","description":"Hier finden Sie die besten spanischen Programme in Cusco. Spanischkurse und Programma mit Mundo Antiguo Peru.","robots":{"index":"index","follow":"follow","max-snippet":"max-snippet:-1","max-image-preview":"max-image-preview:large","max-video-preview":"max-video-preview:-1"},"canonical":"https:\/\/learnspanishinperu.net\/de\/programme\/","og_locale":"de_DE","og_type":"article","og_title":"Die besten spanischen Programme in Cusco - Mundo Antiguo","og_description":"Hier finden Sie die besten spanischen Programme in Cusco. Spanischkurse und Programma mit Mundo Antiguo Peru.","og_url":"https:\/\/learnspanishinperu.net\/de\/programme\/","og_site_name":"Mundo Antiguo","article_publisher":"http:\/\/www.facebook.com\/MundoAntiguoSpanishSchool","article_modified_time":"2026-03-19T19:17:43+00:00","og_image":[{"url":"https:\/\/learnspanishinperu.net\/wp-content\/uploads\/2020\/08\/Private-classes-Spanish.jpg","type":"","width":"","height":""}],"twitter_card":"summary_large_image","twitter_site":"@MASpanishschool","twitter_misc":{"Gesch\u00e4tzte Lesezeit":"2 Minuten"},"schema":{"@context":"https:\/\/schema.org","@graph":[{"@type":"WebPage","@id":"https:\/\/learnspanishinperu.net\/de\/programme\/","url":"https:\/\/learnspanishinperu.net\/de\/programme\/","name":"Die besten spanischen Programme in Cusco - Mundo Antiguo","isPartOf":{"@id":"https:\/\/learnspanishinperu.net\/#website"},"primaryImageOfPage":{"@id":"https:\/\/learnspanishinperu.net\/de\/programme\/#primaryimage"},"image":{"@id":"https:\/\/learnspanishinperu.net\/de\/programme\/#primaryimage"},"thumbnailUrl":"https:\/\/learnspanishinperu.net\/wp-content\/uploads\/2020\/08\/Private-classes-Spanish.jpg","datePublished":"2020-03-25T02:31:20+00:00","dateModified":"2026-03-19T19:17:43+00:00","description":"Hier finden Sie die besten spanischen Programme in Cusco. Spanischkurse und Programma mit Mundo Antiguo Peru.","breadcrumb":{"@id":"https:\/\/learnspanishinperu.net\/de\/programme\/#breadcrumb"},"inLanguage":"de-DE","potentialAction":[{"@type":"ReadAction","target":["https:\/\/learnspanishinperu.net\/de\/programme\/"]}]},{"@type":"ImageObject","inLanguage":"de-DE","@id":"https:\/\/learnspanishinperu.net\/de\/programme\/#primaryimage","url":"https:\/\/learnspanishinperu.net\/wp-content\/uploads\/2020\/08\/Private-classes-Spanish.jpg","contentUrl":"https:\/\/learnspanishinperu.net\/wp-content\/uploads\/2020\/08\/Private-classes-Spanish.jpg"},{"@type":"BreadcrumbList","@id":"https:\/\/learnspanishinperu.net\/de\/programme\/#breadcrumb","itemListElement":[{"@type":"ListItem","position":1,"name":"Home","item":"https:\/\/learnspanishinperu.net\/de\/"},{"@type":"ListItem","position":2,"name":"Programme"}]},{"@type":"WebSite","@id":"https:\/\/learnspanishinperu.net\/#website","url":"https:\/\/learnspanishinperu.net\/","name":"Mundo Antiguo","description":"Spanish school Cusco","publisher":{"@id":"https:\/\/learnspanishinperu.net\/#organization"},"potentialAction":[{"@type":"SearchAction","target":{"@type":"EntryPoint","urlTemplate":"https:\/\/learnspanishinperu.net\/?s={search_term_string}"},"query-input":{"@type":"PropertyValueSpecification","valueRequired":true,"valueName":"search_term_string"}}],"inLanguage":"de-DE"},{"@type":"Organization","@id":"https:\/\/learnspanishinperu.net\/#organization","name":"Mundo Antiguo","url":"https:\/\/learnspanishinperu.net\/","logo":{"@type":"ImageObject","inLanguage":"de-DE","@id":"https:\/\/learnspanishinperu.net\/#\/schema\/logo\/image\/","url":"https:\/\/learnspanishinperu.net\/wp-content\/uploads\/2016\/04\/logo-Spanish-school-Cusco-Peru-e1547820355169.jpg","contentUrl":"https:\/\/learnspanishinperu.net\/wp-content\/uploads\/2016\/04\/logo-Spanish-school-Cusco-Peru-e1547820355169.jpg","width":100,"height":83,"caption":"Mundo Antiguo"},"image":{"@id":"https:\/\/learnspanishinperu.net\/#\/schema\/logo\/image\/"},"sameAs":["http:\/\/www.facebook.com\/MundoAntiguoSpanishSchool","https:\/\/x.com\/MASpanishschool","https:\/\/www.instagram.com\/mundoantiguo_spanishschool\/","https:\/\/www.linkedin.com\/company\/mundo-antiguo-spanish-school","http:\/\/www.pinterest.com\/mundoantiguo\/"]}]}},"_links":{"self":[{"href":"https:\/\/learnspanishinperu.net\/de\/wp-json\/wp\/v2\/pages\/16380","targetHints":{"allow":["GET"]}}],"collection":[{"href":"https:\/\/learnspanishinperu.net\/de\/wp-json\/wp\/v2\/pages"}],"about":[{"href":"https:\/\/learnspanishinperu.net\/de\/wp-json\/wp\/v2\/types\/page"}],"author":[{"embeddable":true,"href":"https:\/\/learnspanishinperu.net\/de\/wp-json\/wp\/v2\/users\/1"}],"replies":[{"embeddable":true,"href":"https:\/\/learnspanishinperu.net\/de\/wp-json\/wp\/v2\/comments?post=16380"}],"version-history":[{"count":25,"href":"https:\/\/learnspanishinperu.net\/de\/wp-json\/wp\/v2\/pages\/16380\/revisions"}],"predecessor-version":[{"id":49589,"href":"https:\/\/learnspanishinperu.net\/de\/wp-json\/wp\/v2\/pages\/16380\/revisions\/49589"}],"wp:attachment":[{"href":"https:\/\/learnspanishinperu.net\/de\/wp-json\/wp\/v2\/media?parent=16380"}],"curies":[{"name":"wp","href":"https:\/\/api.w.org\/{rel}","templated":true}]}}